{"id":15133,"date":"2025-11-05T11:07:18","date_gmt":"2025-11-05T11:07:18","guid":{"rendered":"https:\/\/euvapen.com\/?post_type=product&#038;p=15133"},"modified":"2025-11-19T06:51:59","modified_gmt":"2025-11-19T06:51:59","slug":"elfbar-raya-d3-25000-puffs-wegwerfbare-vape","status":"publish","type":"product","link":"https:\/\/euvapen.com\/de\/produkt\/elfbar-raya-d3-25000-puffs-wegwerfbare-vape\/","title":{"rendered":"Elfbar Raya D3 25000 Puffs - Einweg Vape"},"content":{"rendered":"<h1 data-start=\"199\" data-end=\"272\">Elfbar Raya D3 25K - Einwegartikel mit langem Zyklus innerhalb der elfbar vape Range<\/h1>\n<p data-start=\"274\" data-end=\"684\">Die <strong data-start=\"278\" data-end=\"296\">elfbar raya d3<\/strong> konsolidiert eine hocheffiziente Mesh-Plattform, eine zuverl\u00e4ssige <strong data-start=\"354\" data-end=\"365\">750 mAh<\/strong> Zelle, und <strong data-start=\"376\" data-end=\"386\">Typ-C<\/strong> Aufladen, um einen l\u00e4ngeren Betrieb zu erm\u00f6glichen. Mit <strong data-start=\"434\" data-end=\"443\">17 mL<\/strong> von vorgef\u00fclltem E-Liquid bei <strong data-start=\"469\" data-end=\"486\">5% (50 mg\/mL)<\/strong>, ist das Ger\u00e4t ausgelegt f\u00fcr <strong data-start=\"512\" data-end=\"534\">bis zu 25.000 Z\u00fcge<\/strong>. Positioniert innerhalb der <strong data-start=\"558\" data-end=\"573\">elfbar vape<\/strong> Katalog, der <strong data-start=\"589\" data-end=\"602\">elfbar d3<\/strong> legt den Schwerpunkt auf eine gleichm\u00e4\u00dfige Aerosolabgabe und Geschmacksstabilit\u00e4t \u00fcber den gesamten Zyklus hinweg.<\/p>\n<h2 data-start=\"686\" data-end=\"707\">Elfbar Raya D3 25000 Wichtige Spezifikationen<\/h2>\n<ul data-start=\"708\" data-end=\"1050\">\n<li data-start=\"708\" data-end=\"788\">\n<p data-start=\"710\" data-end=\"788\"><strong data-start=\"710\" data-end=\"728\">Fassungsverm\u00f6gen des Puffs:<\/strong> bis zu <strong data-start=\"735\" data-end=\"745\">25,000<\/strong> (nutzungsabh\u00e4ngig) - <strong data-start=\"766\" data-end=\"780\">elfbar 25k<\/strong> Klasse<\/p>\n<\/li>\n<li data-start=\"789\" data-end=\"826\">\n<p data-start=\"791\" data-end=\"826\"><strong data-start=\"791\" data-end=\"804\">E-Fl\u00fcssigkeit:<\/strong> <strong data-start=\"805\" data-end=\"814\">17 mL<\/strong> vorgef\u00fcllt<\/p>\n<\/li>\n<li data-start=\"827\" data-end=\"876\">\n<p data-start=\"829\" data-end=\"876\"><strong data-start=\"829\" data-end=\"842\">Nikotin:<\/strong> <strong data-start=\"843\" data-end=\"849\">5%<\/strong> (50 mg\/ml) Nikotinsalz<\/p>\n<\/li>\n<li data-start=\"877\" data-end=\"930\">\n<p data-start=\"879\" data-end=\"930\"><strong data-start=\"879\" data-end=\"891\">Batterie:<\/strong> <strong data-start=\"892\" data-end=\"903\">750 mAh<\/strong>, <strong data-start=\"905\" data-end=\"915\">Typ-C<\/strong> wiederaufladbar<\/p>\n<\/li>\n<li data-start=\"931\" data-end=\"981\">\n<p data-start=\"933\" data-end=\"981\"><strong data-start=\"933\" data-end=\"945\">Heizung:<\/strong> Netzspule f\u00fcr gleichm\u00e4\u00dfige Zerst\u00e4ubung<\/p>\n<\/li>\n<li data-start=\"982\" data-end=\"1050\">\n<p data-start=\"984\" data-end=\"1050\"><strong data-start=\"984\" data-end=\"1000\">Formfaktor:<\/strong> Einweg; zeichnungsaktiviert; nicht variabler Ausgang<\/p>\n<\/li>\n<\/ul>\n<h2 data-start=\"1052\" data-end=\"1072\">Leistungshinweise<\/h2>\n<ul data-start=\"1073\" data-end=\"1397\">\n<li data-start=\"1073\" data-end=\"1180\">\n<p data-start=\"1075\" data-end=\"1180\"><strong data-start=\"1075\" data-end=\"1101\">Konsistenz der Maschenspule:<\/strong> gleichm\u00e4\u00dfige W\u00e4rmeverteilung zur Begrenzung der Trockenheit und Erhaltung der Geschmackskonzentration.<\/p>\n<\/li>\n<li data-start=\"1181\" data-end=\"1300\">\n<p data-start=\"1183\" data-end=\"1300\"><strong data-start=\"1183\" data-end=\"1208\">Nutzung der Aufladung:<\/strong> Der Typ-C-Eingang erm\u00f6glicht die volle Nutzung des 17-ml-Beh\u00e4lters, ohne dass die Batterie vorzeitig entladen wird.<\/p>\n<\/li>\n<li data-start=\"1301\" data-end=\"1397\">\n<p data-start=\"1303\" data-end=\"1397\"><strong data-start=\"1303\" data-end=\"1331\">Betriebliche Zuverl\u00e4ssigkeit:<\/strong> versiegelte, nicht zu wartende Struktur f\u00fcr den vorhersehbaren t\u00e4glichen Gebrauch.<\/p>\n<\/li>\n<\/ul>\n<h2 data-start=\"1399\" data-end=\"1442\">Elfbar Raya D3 25000 Geschmacksprofil (fruchtbetonter Katalog)<\/h2>\n<ul data-start=\"1443\" data-end=\"1937\">\n<li data-start=\"1443\" data-end=\"1518\">\n<p data-start=\"1445\" data-end=\"1518\"><strong data-start=\"1445\" data-end=\"1467\">Kiwi-Ananas-Eis<\/strong> - spritzige Kiwi mit s\u00fc\u00dfer Ananas, gek\u00fchlter Abgang<\/p>\n<\/li>\n<li data-start=\"1519\" data-end=\"1582\">\n<p data-start=\"1521\" data-end=\"1582\"><strong data-start=\"1521\" data-end=\"1537\">Doppelter Apfel<\/strong> - Mischung aus roten und gr\u00fcnen \u00c4pfeln, knackiges Profil<\/p>\n<\/li>\n<li data-start=\"1583\" data-end=\"1634\">\n<p data-start=\"1585\" data-end=\"1634\"><strong data-start=\"1585\" data-end=\"1598\">Traubeneis<\/strong> - s\u00fc\u00dfe Trauben mit k\u00fchlem Rand<\/p>\n<\/li>\n<li data-start=\"1635\" data-end=\"1699\">\n<p data-start=\"1637\" data-end=\"1699\"><strong data-start=\"1637\" data-end=\"1655\">Wassermelone Eis<\/strong> - reife Wassermelone mit Menthol-Helligkeit<\/p>\n<\/li>\n<li data-start=\"1700\" data-end=\"1751\">\n<p data-start=\"1702\" data-end=\"1751\"><strong data-start=\"1702\" data-end=\"1722\">Erdbeere Traube<\/strong> - ausgewogene Beeren-Trauben-Mischung<\/p>\n<\/li>\n<li data-start=\"1752\" data-end=\"1821\">\n<p data-start=\"1754\" data-end=\"1821\"><strong data-start=\"1754\" data-end=\"1780\">Mango Pfirsich Wassermelone<\/strong> - tropisches Trio mit abgerundeter S\u00fc\u00dfe<\/p>\n<\/li>\n<li data-start=\"1822\" data-end=\"1884\">\n<p data-start=\"1824\" data-end=\"1884\"><strong data-start=\"1824\" data-end=\"1852\">Kiwi Passionsfrucht Guave<\/strong> - lebendiges, spritziges tropisches Set<\/p>\n<\/li>\n<li data-start=\"1885\" data-end=\"1937\">\n<p data-start=\"1887\" data-end=\"1937\"><strong data-start=\"1887\" data-end=\"1910\">Heidelbeere-Himbeere<\/strong> - s\u00fc\u00df-s\u00e4uerliche Beerenkombination<\/p>\n<\/li>\n<\/ul>\n<h2 data-start=\"1939\" data-end=\"1955\">Beabsichtigter Benutzer<\/h2>\n<p data-start=\"1956\" data-end=\"2067\">Erwachsene (18+), die Wert auf eine lange Laufzeit, Geschmacksstabilit\u00e4t und wiederaufladbaren Komfort im Einwegformat legen.<\/p>\n<h2 data-start=\"2069\" data-end=\"2092\">Gro\u00dfhandel &amp; Programme<\/h2>\n<p data-start=\"2093\" data-end=\"2268\">F\u00fcr Beschaffung und Kanalplanung, <strong data-start=\"2131\" data-end=\"2146\">elfbar bulk<\/strong> Kartons sind je nach Charge und regionaler \u00dcbereinstimmung erh\u00e4ltlich. Chargen-COA\/QC- und Etiketten-Assets k\u00f6nnen auf Anfrage zur Verf\u00fcgung gestellt werden.<\/p>","protected":false},"excerpt":{"rendered":"<p>Elfbar Raya D3 25K: 25.000 Z\u00fcge, 17 ml, 5% Nik, Netzspule, 750 mAh Typ-C. Kompakt <strong data-start=\"2445\" data-end=\"2459\">elfbar<\/strong><\/p>","protected":false},"featured_media":21549,"comment_status":"open","ping_status":"closed","template":"","meta":{"_acf_changed":false},"pwb-brand":[],"product_brand":[],"product_cat":[57,84,93,95],"product_tag":[76],"class_list":{"0":"post-15133","1":"product","2":"type-product","3":"status-publish","4":"has-post-thumbnail","6":"product_cat-disposable-vape","7":"product_cat-eu-warehouse-in-stock","8":"product_cat-rechargeable-vapes","9":"product_cat-vape-with-screen","10":"product_tag-puff-25k","12":"first","13":"instock","14":"shipping-taxable","15":"purchasable","16":"product-type-variable"},"acf":[],"yoast_head":"<!-- This site is optimized with the Yoast SEO Premium plugin v26.3 (Yoast SEO v26.3) - https:\/\/yoast.com\/wordpress\/plugins\/seo\/ -->\n<title>Elfbar Raya D3 25K \u2014 25,000 Puffs, Mesh, 17 mL, 750 mAh - EuVapen<\/title>\n<meta name=\"description\" content=\"Explore the elfbar raya d3: up to 25,000 puffs with 17 mL, 5% nicotine, mesh coil and 750 mAh Type-C. A reliable elfbar 25k device within the elfbar vape range; elfbar bulk available for channel orders.\" \/>\n<meta name=\"robots\" content=\"index, follow, max-snippet:-1, max-image-preview:large, max-video-preview:-1\" \/>\n<link rel=\"canonical\" href=\"https:\/\/euvapen.com\/de\/produkt\/elfbar-raya-d3-25000-puffs-wegwerfbare-vape\/\" \/>\n<meta property=\"og:locale\" content=\"de_DE\" \/>\n<meta property=\"og:type\" content=\"article\" \/>\n<meta property=\"og:title\" content=\"Elfbar Raya D3 25000\u00a0Puffs \u2013 Disposable Vape\" \/>\n<meta property=\"og:description\" content=\"Explore the elfbar raya d3: up to 25,000 puffs with 17 mL, 5% nicotine, mesh coil and 750 mAh Type-C. A reliable elfbar 25k device within the elfbar vape range; elfbar bulk available for channel orders.\" \/>\n<meta property=\"og:url\" content=\"https:\/\/euvapen.com\/de\/produkt\/elfbar-raya-d3-25000-puffs-wegwerfbare-vape\/\" \/>\n<meta property=\"og:site_name\" content=\"EuVapen\" \/>\n<meta property=\"article:modified_time\" content=\"2025-11-19T06:51:59+00:00\" \/>\n<meta property=\"og:image\" content=\"https:\/\/euvapen.com\/wp-content\/uploads\/2025\/11\/Elfbar-Raya-D3-25000-Puffs-Disposable-Vape-1.webp\" \/>\n\t<meta property=\"og:image:width\" content=\"800\" \/>\n\t<meta property=\"og:image:height\" content=\"800\" \/>\n\t<meta property=\"og:image:type\" content=\"image\/webp\" \/>\n<meta name=\"twitter:card\" content=\"summary_large_image\" \/>\n<meta name=\"twitter:label1\" content=\"Verf\u00fcgbarkeit\" \/>\n\t<meta name=\"twitter:data1\" content=\"Auf Lager\" \/>\n<script type=\"application\/ld+json\" class=\"yoast-schema-graph\">{\"@context\":\"https:\/\/schema.org\",\"@graph\":[{\"@type\":\"WebPage\",\"@id\":\"https:\/\/euvapen.com\/product\/elfbar-raya-d3-25000-puffs-disposable-vape\/\",\"url\":\"https:\/\/euvapen.com\/product\/elfbar-raya-d3-25000-puffs-disposable-vape\/\",\"name\":\"Elfbar Raya D3 25K \u2014 25,000 Puffs, Mesh, 17 mL, 750 mAh - EuVapen\",\"isPartOf\":{\"@id\":\"https:\/\/euvapen.com\/#website\"},\"primaryImageOfPage\":{\"@id\":\"https:\/\/euvapen.com\/product\/elfbar-raya-d3-25000-puffs-disposable-vape\/#primaryimage\"},\"image\":{\"@id\":\"https:\/\/euvapen.com\/product\/elfbar-raya-d3-25000-puffs-disposable-vape\/#primaryimage\"},\"thumbnailUrl\":\"https:\/\/euvapen.com\/wp-content\/uploads\/2025\/11\/Elfbar-Raya-D3-25000-Puffs-Disposable-Vape-1.webp\",\"datePublished\":\"2025-11-05T11:07:18+00:00\",\"dateModified\":\"2025-11-19T06:51:59+00:00\",\"description\":\"Explore the elfbar raya d3: up to 25,000 puffs with 17 mL, 5% nicotine, mesh coil and 750 mAh Type-C. A reliable elfbar 25k device within the elfbar vape range; elfbar bulk available for channel orders.\",\"breadcrumb\":{\"@id\":\"https:\/\/euvapen.com\/product\/elfbar-raya-d3-25000-puffs-disposable-vape\/#breadcrumb\"},\"inLanguage\":\"de\",\"potentialAction\":[{\"@type\":\"ReadAction\",\"target\":[\"https:\/\/euvapen.com\/product\/elfbar-raya-d3-25000-puffs-disposable-vape\/\"]}]},{\"@type\":\"ImageObject\",\"inLanguage\":\"de\",\"@id\":\"https:\/\/euvapen.com\/product\/elfbar-raya-d3-25000-puffs-disposable-vape\/#primaryimage\",\"url\":\"https:\/\/euvapen.com\/wp-content\/uploads\/2025\/11\/Elfbar-Raya-D3-25000-Puffs-Disposable-Vape-1.webp\",\"contentUrl\":\"https:\/\/euvapen.com\/wp-content\/uploads\/2025\/11\/Elfbar-Raya-D3-25000-Puffs-Disposable-Vape-1.webp\",\"width\":800,\"height\":800,\"caption\":\"Elfbar Raya D3 25000\u00a0Puffs Disposable Vape #1\"},{\"@type\":\"BreadcrumbList\",\"@id\":\"https:\/\/euvapen.com\/product\/elfbar-raya-d3-25000-puffs-disposable-vape\/#breadcrumb\",\"itemListElement\":[{\"@type\":\"ListItem\",\"position\":1,\"name\":\"Home\",\"item\":\"https:\/\/euvapen.com\/\"},{\"@type\":\"ListItem\",\"position\":2,\"name\":\"Shop\",\"item\":\"https:\/\/euvapen.com\/shop\/\"},{\"@type\":\"ListItem\",\"position\":3,\"name\":\"Elfbar Raya D3 25000\u00a0Puffs \u2013 Disposable Vape\"}]},{\"@type\":\"WebSite\",\"@id\":\"https:\/\/euvapen.com\/#website\",\"url\":\"https:\/\/euvapen.com\/\",\"name\":\"bestpuffvape\",\"description\":\"\",\"publisher\":{\"@id\":\"https:\/\/euvapen.com\/#organization\"},\"potentialAction\":[{\"@type\":\"SearchAction\",\"target\":{\"@type\":\"EntryPoint\",\"urlTemplate\":\"https:\/\/euvapen.com\/?s={search_term_string}\"},\"query-input\":{\"@type\":\"PropertyValueSpecification\",\"valueRequired\":true,\"valueName\":\"search_term_string\"}}],\"inLanguage\":\"de\"},{\"@type\":[\"Organization\",\"Place\"],\"@id\":\"https:\/\/euvapen.com\/#organization\",\"name\":\"bestpuffvape\",\"alternateName\":\"bestpuffvape\",\"url\":\"https:\/\/euvapen.com\/\",\"logo\":{\"@id\":\"https:\/\/euvapen.com\/product\/elfbar-raya-d3-25000-puffs-disposable-vape\/#local-main-organization-logo\"},\"image\":{\"@id\":\"https:\/\/euvapen.com\/product\/elfbar-raya-d3-25000-puffs-disposable-vape\/#local-main-organization-logo\"},\"telephone\":[],\"openingHoursSpecification\":[{\"@type\":\"OpeningHoursSpecification\",\"dayOfWeek\":[\"Monday\",\"Tuesday\",\"Wednesday\",\"Thursday\",\"Friday\",\"Saturday\",\"Sunday\"],\"opens\":\"00:00\",\"closes\":\"23:59\"}]},{\"@type\":\"ImageObject\",\"inLanguage\":\"de\",\"@id\":\"https:\/\/euvapen.com\/product\/elfbar-raya-d3-25000-puffs-disposable-vape\/#local-main-organization-logo\",\"url\":\"https:\/\/euvapen.com\/wp-content\/uploads\/2025\/10\/cropped-puffvape-logo.png\",\"contentUrl\":\"https:\/\/euvapen.com\/wp-content\/uploads\/2025\/10\/cropped-puffvape-logo.png\",\"width\":512,\"height\":512,\"caption\":\"bestpuffvape\"}]}<\/script>\n<meta property=\"og:availability\" content=\"instock\" \/>\n<meta property=\"product:availability\" content=\"instock\" \/>\n<meta property=\"product:retailer_item_id\" content=\"Elfbar-Raya-D3-25k\" \/>\n<meta property=\"product:condition\" content=\"new\" \/>\n<!-- \/ Yoast SEO Premium plugin. -->","yoast_head_json":{"title":"Elfbar Raya D3 25K \u2014 25,000 Puffs, Mesh, 17 mL, 750 mAh - EuVapen","description":"Entdecken Sie den elfbar raya d3: bis zu 25.000 Z\u00fcge mit 17 ml, 5% Nikotin, Mesh-Spule und 750 mAh Type-C. Eine zuverl\u00e4ssige elfbar 25k Ger\u00e4t innerhalb der elfbar vape Bereich; elfbar Bulk verf\u00fcgbar f\u00fcr Kanal Bestellungen.","robots":{"index":"index","follow":"follow","max-snippet":"max-snippet:-1","max-image-preview":"max-image-preview:large","max-video-preview":"max-video-preview:-1"},"canonical":"https:\/\/euvapen.com\/de\/produkt\/elfbar-raya-d3-25000-puffs-wegwerfbare-vape\/","og_locale":"de_DE","og_type":"article","og_title":"Elfbar Raya D3 25000\u00a0Puffs \u2013 Disposable Vape","og_description":"Explore the elfbar raya d3: up to 25,000 puffs with 17 mL, 5% nicotine, mesh coil and 750 mAh Type-C. A reliable elfbar 25k device within the elfbar vape range; elfbar bulk available for channel orders.","og_url":"https:\/\/euvapen.com\/de\/produkt\/elfbar-raya-d3-25000-puffs-wegwerfbare-vape\/","og_site_name":"EuVapen","article_modified_time":"2025-11-19T06:51:59+00:00","og_image":[{"width":800,"height":800,"url":"https:\/\/euvapen.com\/wp-content\/uploads\/2025\/11\/Elfbar-Raya-D3-25000-Puffs-Disposable-Vape-1.webp","type":"image\/webp"}],"twitter_card":"summary_large_image","twitter_misc":{"Verf\u00fcgbarkeit":"Auf Lager"},"schema":{"@context":"https:\/\/schema.org","@graph":[{"@type":"WebPage","@id":"https:\/\/euvapen.com\/product\/elfbar-raya-d3-25000-puffs-disposable-vape\/","url":"https:\/\/euvapen.com\/product\/elfbar-raya-d3-25000-puffs-disposable-vape\/","name":"Elfbar Raya D3 25K \u2014 25,000 Puffs, Mesh, 17 mL, 750 mAh - EuVapen","isPartOf":{"@id":"https:\/\/euvapen.com\/#website"},"primaryImageOfPage":{"@id":"https:\/\/euvapen.com\/product\/elfbar-raya-d3-25000-puffs-disposable-vape\/#primaryimage"},"image":{"@id":"https:\/\/euvapen.com\/product\/elfbar-raya-d3-25000-puffs-disposable-vape\/#primaryimage"},"thumbnailUrl":"https:\/\/euvapen.com\/wp-content\/uploads\/2025\/11\/Elfbar-Raya-D3-25000-Puffs-Disposable-Vape-1.webp","datePublished":"2025-11-05T11:07:18+00:00","dateModified":"2025-11-19T06:51:59+00:00","description":"Entdecken Sie den elfbar raya d3: bis zu 25.000 Z\u00fcge mit 17 ml, 5% Nikotin, Mesh-Spule und 750 mAh Type-C. Eine zuverl\u00e4ssige elfbar 25k Ger\u00e4t innerhalb der elfbar vape Bereich; elfbar Bulk verf\u00fcgbar f\u00fcr Kanal Bestellungen.","breadcrumb":{"@id":"https:\/\/euvapen.com\/product\/elfbar-raya-d3-25000-puffs-disposable-vape\/#breadcrumb"},"inLanguage":"de","potentialAction":[{"@type":"ReadAction","target":["https:\/\/euvapen.com\/product\/elfbar-raya-d3-25000-puffs-disposable-vape\/"]}]},{"@type":"ImageObject","inLanguage":"de","@id":"https:\/\/euvapen.com\/product\/elfbar-raya-d3-25000-puffs-disposable-vape\/#primaryimage","url":"https:\/\/euvapen.com\/wp-content\/uploads\/2025\/11\/Elfbar-Raya-D3-25000-Puffs-Disposable-Vape-1.webp","contentUrl":"https:\/\/euvapen.com\/wp-content\/uploads\/2025\/11\/Elfbar-Raya-D3-25000-Puffs-Disposable-Vape-1.webp","width":800,"height":800,"caption":"Elfbar Raya D3 25000\u00a0Puffs Disposable Vape #1"},{"@type":"BreadcrumbList","@id":"https:\/\/euvapen.com\/product\/elfbar-raya-d3-25000-puffs-disposable-vape\/#breadcrumb","itemListElement":[{"@type":"ListItem","position":1,"name":"Home","item":"https:\/\/euvapen.com\/"},{"@type":"ListItem","position":2,"name":"Shop","item":"https:\/\/euvapen.com\/shop\/"},{"@type":"ListItem","position":3,"name":"Elfbar Raya D3 25000\u00a0Puffs \u2013 Disposable Vape"}]},{"@type":"WebSite","@id":"https:\/\/euvapen.com\/#website","url":"https:\/\/euvapen.com\/","name":"bestpuffvape","description":"","publisher":{"@id":"https:\/\/euvapen.com\/#organization"},"potentialAction":[{"@type":"SearchAction","target":{"@type":"EntryPoint","urlTemplate":"https:\/\/euvapen.com\/?s={search_term_string}"},"query-input":{"@type":"PropertyValueSpecification","valueRequired":true,"valueName":"search_term_string"}}],"inLanguage":"de"},{"@type":["Organization","Place"],"@id":"https:\/\/euvapen.com\/#organization","name":"bestpuffvape","alternateName":"bestpuffvape","url":"https:\/\/euvapen.com\/","logo":{"@id":"https:\/\/euvapen.com\/product\/elfbar-raya-d3-25000-puffs-disposable-vape\/#local-main-organization-logo"},"image":{"@id":"https:\/\/euvapen.com\/product\/elfbar-raya-d3-25000-puffs-disposable-vape\/#local-main-organization-logo"},"telephone":[],"openingHoursSpecification":[{"@type":"OpeningHoursSpecification","dayOfWeek":["Monday","Tuesday","Wednesday","Thursday","Friday","Saturday","Sunday"],"opens":"00:00","closes":"23:59"}]},{"@type":"ImageObject","inLanguage":"de","@id":"https:\/\/euvapen.com\/product\/elfbar-raya-d3-25000-puffs-disposable-vape\/#local-main-organization-logo","url":"https:\/\/euvapen.com\/wp-content\/uploads\/2025\/10\/cropped-puffvape-logo.png","contentUrl":"https:\/\/euvapen.com\/wp-content\/uploads\/2025\/10\/cropped-puffvape-logo.png","width":512,"height":512,"caption":"bestpuffvape"}]},"og_availability":"instock","product_availability":"instock","product_retailer_item_id":"Elfbar-Raya-D3-25k","product_condition":"new"},"brands":[],"tiered_pricing_type":"fixed","tiered_pricing_fixed_rules":{"30":"12","50":"11","100":"10","200":"9.8"},"tiered_pricing_product_settings":{"layout":"default","base_unit_name":{"singular":null,"plural":null},"default_variation":{}},"tiered_pricing_minimum_quantity":10,"tiered_pricing_roles_data":[],"tiered_pricing_percentage_rules":[],"tiered_pricing_maximum_quantity":null,"tiered_pricing_quantity_step":null,"_links":{"self":[{"href":"https:\/\/euvapen.com\/de\/wp-json\/wp\/v2\/product\/15133","targetHints":{"allow":["GET"]}}],"collection":[{"href":"https:\/\/euvapen.com\/de\/wp-json\/wp\/v2\/product"}],"about":[{"href":"https:\/\/euvapen.com\/de\/wp-json\/wp\/v2\/types\/product"}],"replies":[{"embeddable":true,"href":"https:\/\/euvapen.com\/de\/wp-json\/wp\/v2\/comments?post=15133"}],"wp:featuredmedia":[{"embeddable":true,"href":"https:\/\/euvapen.com\/de\/wp-json\/wp\/v2\/media\/21549"}],"wp:attachment":[{"href":"https:\/\/euvapen.com\/de\/wp-json\/wp\/v2\/media?parent=15133"}],"wp:term":[{"taxonomy":"pwb-brand","embeddable":true,"href":"https:\/\/euvapen.com\/de\/wp-json\/wp\/v2\/pwb-brand?post=15133"},{"taxonomy":"product_brand","embeddable":true,"href":"https:\/\/euvapen.com\/de\/wp-json\/wp\/v2\/product_brand?post=15133"},{"taxonomy":"product_cat","embeddable":true,"href":"https:\/\/euvapen.com\/de\/wp-json\/wp\/v2\/product_cat?post=15133"},{"taxonomy":"product_tag","embeddable":true,"href":"https:\/\/euvapen.com\/de\/wp-json\/wp\/v2\/product_tag?post=15133"}],"curies":[{"name":"wp","href":"https:\/\/api.w.org\/{rel}","templated":true}]}}