{"id":15352,"date":"2025-11-06T10:13:50","date_gmt":"2025-11-06T10:13:50","guid":{"rendered":"https:\/\/euvapen.com\/?post_type=product&#038;p=15352"},"modified":"2025-11-19T06:43:12","modified_gmt":"2025-11-19T06:43:12","slug":"hifancy-regenbogen-25000-puffs-wegwerfbare-vape","status":"publish","type":"product","link":"https:\/\/euvapen.com\/de\/produkt\/hifancy-regenbogen-25000-puffs-wegwerfbare-vape\/","title":{"rendered":"Hifancy Regenbogen 25000 Puffs - Einweg Vape"},"content":{"rendered":"<h1 data-start=\"150\" data-end=\"222\">HIFANCY RAINBOW 25000 - Hohe Kapazit\u00e4t 25k Vape mit zwei Heizmodi<\/h1>\n<p data-start=\"224\" data-end=\"575\">Die <strong data-start=\"228\" data-end=\"253\">HIFANCY REGENBOGEN 25000<\/strong> vereint ein 32-mL-Reservoir, eine 800-mAh-Typ-C-Stromversorgung und eine Netzspulen-Zerst\u00e4ubung, um einen verl\u00e4ngerten Zyklus innerhalb der Flasche zu erm\u00f6glichen. <strong data-start=\"382\" data-end=\"400\">25k puffs vape<\/strong> Klasse. Positioniert als zuverl\u00e4ssiger <strong data-start=\"433\" data-end=\"445\">25k vape<\/strong> f\u00fcr Benutzer, die Wert auf Konsistenz und Kontrolle legen, <strong data-start=\"491\" data-end=\"508\">HIFANCY 25000<\/strong> konzentriert sich auf eine stabile Leistung und Geschmacksintegrit\u00e4t bei l\u00e4ngerem Gebrauch.<\/p>\n<h2 data-start=\"577\" data-end=\"598\">Wichtige Spezifikationen<\/h2>\n<ul data-start=\"599\" data-end=\"1095\">\n<li data-start=\"599\" data-end=\"687\">\n<p data-start=\"601\" data-end=\"687\"><strong data-start=\"601\" data-end=\"617\">Puff-Bewertung:<\/strong> bis zu <strong data-start=\"624\" data-end=\"634\">25,000<\/strong> (nutzungsabh\u00e4ngig) - <strong data-start=\"655\" data-end=\"685\">25000 puff wegwerfbares vape<\/strong><\/p>\n<\/li>\n<li data-start=\"688\" data-end=\"725\">\n<p data-start=\"690\" data-end=\"725\"><strong data-start=\"690\" data-end=\"703\">E-Fl\u00fcssigkeit:<\/strong> <strong data-start=\"704\" data-end=\"713\">32 mL<\/strong> vorgef\u00fcllt<\/p>\n<\/li>\n<li data-start=\"726\" data-end=\"802\">\n<p data-start=\"728\" data-end=\"802\"><strong data-start=\"728\" data-end=\"740\">Batterie:<\/strong> <strong data-start=\"741\" data-end=\"752\">800 mAh<\/strong>; Typ-C-Schnellaufladung (~20-30 Minuten, typisch)<\/p>\n<\/li>\n<li data-start=\"803\" data-end=\"872\">\n<p data-start=\"805\" data-end=\"872\"><strong data-start=\"805\" data-end=\"814\">Spule:<\/strong> Netzplattform f\u00fcr gleichm\u00e4\u00dfige Aerosol- und Geschmacksbindung<\/p>\n<\/li>\n<li data-start=\"873\" data-end=\"944\">\n<p data-start=\"875\" data-end=\"944\"><strong data-start=\"875\" data-end=\"885\">Modi:<\/strong> <strong data-start=\"886\" data-end=\"907\">zwei Heizmodi<\/strong> (geschmacksorientiert \/ dampforientiert)<\/p>\n<\/li>\n<li data-start=\"945\" data-end=\"1017\">\n<p data-start=\"947\" data-end=\"1017\"><strong data-start=\"947\" data-end=\"961\">Schnittstelle:<\/strong> Vollbildanzeige f\u00fcr Akku, Modus und Puff-Status<\/p>\n<\/li>\n<li data-start=\"1018\" data-end=\"1095\">\n<p data-start=\"1020\" data-end=\"1095\"><strong data-start=\"1020\" data-end=\"1043\">Nikotinst\u00e4rken:<\/strong> <strong data-start=\"1044\" data-end=\"1060\">2% \/ 3% \/ 5%<\/strong> (Verf\u00fcgbarkeit nach Region und Charge)<\/p>\n<\/li>\n<\/ul>\n<h2 data-start=\"1097\" data-end=\"1121\">Leistung und Kontrolle<\/h2>\n<ul data-start=\"1122\" data-end=\"1441\">\n<li data-start=\"1122\" data-end=\"1226\">\n<p data-start=\"1124\" data-end=\"1226\"><strong data-start=\"1124\" data-end=\"1147\">Dual-Mode-Betrieb<\/strong> erm\u00f6glicht die schnelle Wahl zwischen dichterem Dampf oder erh\u00f6hter Geschmacksklarheit.<\/p>\n<\/li>\n<li data-start=\"1227\" data-end=\"1337\">\n<p data-start=\"1229\" data-end=\"1337\"><strong data-start=\"1229\" data-end=\"1242\">Maschenspule<\/strong> verteilt die W\u00e4rme gleichm\u00e4\u00dfig, um trockene Z\u00fcge zu begrenzen und den Geschmack \u00fcber die gesamte Lebensdauer des Ger\u00e4ts zu erhalten.<\/p>\n<\/li>\n<li data-start=\"1338\" data-end=\"1441\">\n<p data-start=\"1340\" data-end=\"1441\"><strong data-start=\"1340\" data-end=\"1360\">Energieverwaltung<\/strong> mit 800-mAh-Akku und schnellem Typ-C-Anschluss reduziert die Ausfallzeiten zwischen den Sitzungen.<\/p>\n<\/li>\n<\/ul>\n<h2 data-start=\"1443\" data-end=\"1475\">Geschmackskatalog (10 Optionen)<\/h2>\n<ul data-start=\"1476\" data-end=\"1706\">\n<li data-start=\"1476\" data-end=\"1500\">\n<p data-start=\"1478\" data-end=\"1500\">Brombeer-Trauben-Eis<\/p>\n<\/li>\n<li data-start=\"1501\" data-end=\"1533\">\n<p data-start=\"1503\" data-end=\"1533\">Heidelbeer-Himbeer-Limonade<\/p>\n<\/li>\n<li data-start=\"1534\" data-end=\"1551\">\n<p data-start=\"1536\" data-end=\"1551\">Blaubeereis<\/p>\n<\/li>\n<li data-start=\"1552\" data-end=\"1570\">\n<p data-start=\"1554\" data-end=\"1570\">Energie Redbull<\/p>\n<\/li>\n<li data-start=\"1571\" data-end=\"1589\">\n<p data-start=\"1573\" data-end=\"1589\">Wassermelone Eis<\/p>\n<\/li>\n<li data-start=\"1590\" data-end=\"1615\">\n<p data-start=\"1592\" data-end=\"1615\">Erdbeere Wassermelone<\/p>\n<\/li>\n<li data-start=\"1616\" data-end=\"1636\">\n<p data-start=\"1618\" data-end=\"1636\">Gemischte Beeren-Minze<\/p>\n<\/li>\n<li data-start=\"1637\" data-end=\"1663\">\n<p data-start=\"1639\" data-end=\"1663\">Pfirsich Ananas Orange<\/p>\n<\/li>\n<li data-start=\"1664\" data-end=\"1691\">\n<p data-start=\"1666\" data-end=\"1691\">Erdbeere-Mango-Banane<\/p>\n<\/li>\n<li data-start=\"1692\" data-end=\"1706\">\n<p data-start=\"1694\" data-end=\"1706\">Zitrone-Kirsche<\/p>\n<\/li>\n<\/ul>\n<h2 data-start=\"1708\" data-end=\"1723\">F\u00fcr wen es geeignet ist<\/h2>\n<p data-start=\"1724\" data-end=\"1862\">Erwachsene (18+), die eine <strong data-start=\"1747\" data-end=\"1759\">25k vape<\/strong> mit messbarer Ausdauer, klarer Telemetrie auf dem Ger\u00e4t, schneller Aufladung und einem fruchtigen Geschmacksspektrum.<\/p>\n<p data-start=\"1864\" data-end=\"2136\" data-is-last-node=\"\" data-is-only-node=\"\"><strong data-start=\"1864\" data-end=\"1876\">Zusammenfassung:<\/strong><br data-start=\"1876\" data-end=\"1879\" \/><strong data-start=\"1879\" data-end=\"1904\">HIFANCY REGENBOGEN 25000<\/strong> vereint Kapazit\u00e4t, klare Schnittstellen und abstimmbare Leistung in einem kompakten Einwegger\u00e4t. Als glaubw\u00fcrdige <strong data-start=\"2002\" data-end=\"2019\">HIFANCY 25000<\/strong> Option innerhalb der <strong data-start=\"2038\" data-end=\"2056\">25k puffs vape<\/strong> Segment bietet es ein ausgewogenes Konzept f\u00fcr Langlebigkeit, Komfort und Geschmack.<\/p>","protected":false},"excerpt":{"rendered":"<p data-start=\"56\" data-end=\"221\">HIFANCY RAINBOW 25000: 25k Puffs, 32 ml, Mesh-Spule, 800 mAh Typ-C, zwei Heizmodi, Vollbild-Display. Zuverl\u00e4ssige 25k vape.<\/p>","protected":false},"featured_media":21506,"comment_status":"open","ping_status":"closed","template":"","meta":{"_acf_changed":false},"pwb-brand":[170],"product_brand":[],"product_cat":[57,84,93],"product_tag":[76],"class_list":{"0":"post-15352","1":"product","2":"type-product","3":"status-publish","4":"has-post-thumbnail","6":"pwb-brand-hifancy","7":"product_cat-disposable-vape","8":"product_cat-eu-warehouse-in-stock","9":"product_cat-rechargeable-vapes","10":"product_tag-puff-25k","12":"first","13":"instock","14":"shipping-taxable","15":"purchasable","16":"product-type-variable"},"acf":[],"yoast_head":"<!-- This site is optimized with the Yoast SEO Premium plugin v26.3 (Yoast SEO v26.3) - https:\/\/yoast.com\/wordpress\/plugins\/seo\/ -->\n<title>HIFANCY RAINBOW 25000 \u2014 25k Puffs Vape, Mesh, 32 mL, - EuVapen<\/title>\n<meta name=\"description\" content=\"HIFANCY RAINBOW 25000: up to 25,000 puffs, 32 mL prefill, mesh coil and 800 mAh Type-C. Dual heating modes and full-screen display; 2%\/3%\/5% nicotine. A dependable 25000 puff disposable vape.\" \/>\n<meta name=\"robots\" content=\"index, follow, max-snippet:-1, max-image-preview:large, max-video-preview:-1\" \/>\n<link rel=\"canonical\" href=\"https:\/\/euvapen.com\/de\/produkt\/hifancy-regenbogen-25000-puffs-wegwerfbare-vape\/\" \/>\n<meta property=\"og:locale\" content=\"de_DE\" \/>\n<meta property=\"og:type\" content=\"article\" \/>\n<meta property=\"og:title\" content=\"Hifancy Rainbow 25000 Puffs\u00a0\u2013 Disposable Vape\" \/>\n<meta property=\"og:description\" content=\"HIFANCY RAINBOW 25000: up to 25,000 puffs, 32 mL prefill, mesh coil and 800 mAh Type-C. Dual heating modes and full-screen display; 2%\/3%\/5% nicotine. A dependable 25000 puff disposable vape.\" \/>\n<meta property=\"og:url\" content=\"https:\/\/euvapen.com\/de\/produkt\/hifancy-regenbogen-25000-puffs-wegwerfbare-vape\/\" \/>\n<meta property=\"og:site_name\" content=\"EuVapen\" \/>\n<meta property=\"article:modified_time\" content=\"2025-11-19T06:43:12+00:00\" \/>\n<meta property=\"og:image\" content=\"https:\/\/euvapen.com\/wp-content\/uploads\/2025\/11\/Hifancy-Rainbow-25000-Disposable-Vape-25K-Puffs-32ML-EU-Warehouse-2.webp\" \/>\n\t<meta property=\"og:image:width\" content=\"800\" \/>\n\t<meta property=\"og:image:height\" content=\"800\" \/>\n\t<meta property=\"og:image:type\" content=\"image\/webp\" \/>\n<meta name=\"twitter:card\" content=\"summary_large_image\" \/>\n<meta name=\"twitter:label1\" content=\"Verf\u00fcgbarkeit\" \/>\n\t<meta name=\"twitter:data1\" content=\"Auf Lager\" \/>\n<script type=\"application\/ld+json\" class=\"yoast-schema-graph\">{\"@context\":\"https:\/\/schema.org\",\"@graph\":[{\"@type\":\"WebPage\",\"@id\":\"https:\/\/euvapen.com\/product\/hifancy-rainbow-25000-puffs-disposable-vape\/\",\"url\":\"https:\/\/euvapen.com\/product\/hifancy-rainbow-25000-puffs-disposable-vape\/\",\"name\":\"HIFANCY RAINBOW 25000 \u2014 25k Puffs Vape, Mesh, 32 mL, - EuVapen\",\"isPartOf\":{\"@id\":\"https:\/\/euvapen.com\/#website\"},\"primaryImageOfPage\":{\"@id\":\"https:\/\/euvapen.com\/product\/hifancy-rainbow-25000-puffs-disposable-vape\/#primaryimage\"},\"image\":{\"@id\":\"https:\/\/euvapen.com\/product\/hifancy-rainbow-25000-puffs-disposable-vape\/#primaryimage\"},\"thumbnailUrl\":\"https:\/\/euvapen.com\/wp-content\/uploads\/2025\/11\/Hifancy-Rainbow-25000-Disposable-Vape-25K-Puffs-32ML-EU-Warehouse-2.webp\",\"datePublished\":\"2025-11-06T10:13:50+00:00\",\"dateModified\":\"2025-11-19T06:43:12+00:00\",\"description\":\"HIFANCY RAINBOW 25000: up to 25,000 puffs, 32 mL prefill, mesh coil and 800 mAh Type-C. Dual heating modes and full-screen display; 2%\/3%\/5% nicotine. A dependable 25000 puff disposable vape.\",\"breadcrumb\":{\"@id\":\"https:\/\/euvapen.com\/product\/hifancy-rainbow-25000-puffs-disposable-vape\/#breadcrumb\"},\"inLanguage\":\"de\",\"potentialAction\":[{\"@type\":\"ReadAction\",\"target\":[\"https:\/\/euvapen.com\/product\/hifancy-rainbow-25000-puffs-disposable-vape\/\"]}]},{\"@type\":\"ImageObject\",\"inLanguage\":\"de\",\"@id\":\"https:\/\/euvapen.com\/product\/hifancy-rainbow-25000-puffs-disposable-vape\/#primaryimage\",\"url\":\"https:\/\/euvapen.com\/wp-content\/uploads\/2025\/11\/Hifancy-Rainbow-25000-Disposable-Vape-25K-Puffs-32ML-EU-Warehouse-2.webp\",\"contentUrl\":\"https:\/\/euvapen.com\/wp-content\/uploads\/2025\/11\/Hifancy-Rainbow-25000-Disposable-Vape-25K-Puffs-32ML-EU-Warehouse-2.webp\",\"width\":800,\"height\":800,\"caption\":\"Hifancy Rainbow 25000 Disposable Vape 25K Puffs 32ML EU Warehouse #2\"},{\"@type\":\"BreadcrumbList\",\"@id\":\"https:\/\/euvapen.com\/product\/hifancy-rainbow-25000-puffs-disposable-vape\/#breadcrumb\",\"itemListElement\":[{\"@type\":\"ListItem\",\"position\":1,\"name\":\"Home\",\"item\":\"https:\/\/euvapen.com\/\"},{\"@type\":\"ListItem\",\"position\":2,\"name\":\"Shop\",\"item\":\"https:\/\/euvapen.com\/shop\/\"},{\"@type\":\"ListItem\",\"position\":3,\"name\":\"Hifancy Rainbow 25000 Puffs\u00a0\u2013 Disposable Vape\"}]},{\"@type\":\"WebSite\",\"@id\":\"https:\/\/euvapen.com\/#website\",\"url\":\"https:\/\/euvapen.com\/\",\"name\":\"bestpuffvape\",\"description\":\"\",\"publisher\":{\"@id\":\"https:\/\/euvapen.com\/#organization\"},\"potentialAction\":[{\"@type\":\"SearchAction\",\"target\":{\"@type\":\"EntryPoint\",\"urlTemplate\":\"https:\/\/euvapen.com\/?s={search_term_string}\"},\"query-input\":{\"@type\":\"PropertyValueSpecification\",\"valueRequired\":true,\"valueName\":\"search_term_string\"}}],\"inLanguage\":\"de\"},{\"@type\":[\"Organization\",\"Place\"],\"@id\":\"https:\/\/euvapen.com\/#organization\",\"name\":\"bestpuffvape\",\"alternateName\":\"bestpuffvape\",\"url\":\"https:\/\/euvapen.com\/\",\"logo\":{\"@id\":\"https:\/\/euvapen.com\/product\/hifancy-rainbow-25000-puffs-disposable-vape\/#local-main-organization-logo\"},\"image\":{\"@id\":\"https:\/\/euvapen.com\/product\/hifancy-rainbow-25000-puffs-disposable-vape\/#local-main-organization-logo\"},\"telephone\":[],\"openingHoursSpecification\":[{\"@type\":\"OpeningHoursSpecification\",\"dayOfWeek\":[\"Monday\",\"Tuesday\",\"Wednesday\",\"Thursday\",\"Friday\",\"Saturday\",\"Sunday\"],\"opens\":\"00:00\",\"closes\":\"23:59\"}]},{\"@type\":\"ImageObject\",\"inLanguage\":\"de\",\"@id\":\"https:\/\/euvapen.com\/product\/hifancy-rainbow-25000-puffs-disposable-vape\/#local-main-organization-logo\",\"url\":\"https:\/\/euvapen.com\/wp-content\/uploads\/2025\/10\/cropped-puffvape-logo.png\",\"contentUrl\":\"https:\/\/euvapen.com\/wp-content\/uploads\/2025\/10\/cropped-puffvape-logo.png\",\"width\":512,\"height\":512,\"caption\":\"bestpuffvape\"}]}<\/script>\n<meta property=\"og:availability\" content=\"instock\" \/>\n<meta property=\"product:availability\" content=\"instock\" \/>\n<meta property=\"product:retailer_item_id\" content=\"Hifancy-Rainbow-25k\" \/>\n<meta property=\"product:condition\" content=\"new\" \/>\n<!-- \/ Yoast SEO Premium plugin. -->","yoast_head_json":{"title":"HIFANCY RAINBOW 25000 \u2014 25k Puffs Vape, Mesh, 32 mL, - EuVapen","description":"HIFANCY RAINBOW 25000: bis zu 25.000 Z\u00fcge, 32 ml Prefill, Mesh Coil und 800 mAh Type-C. Zwei Heizmodi und Vollbildanzeige; 2%\/3%\/5% Nikotin. Ein zuverl\u00e4ssiger 25000-Puff-Einmaldampfer.","robots":{"index":"index","follow":"follow","max-snippet":"max-snippet:-1","max-image-preview":"max-image-preview:large","max-video-preview":"max-video-preview:-1"},"canonical":"https:\/\/euvapen.com\/de\/produkt\/hifancy-regenbogen-25000-puffs-wegwerfbare-vape\/","og_locale":"de_DE","og_type":"article","og_title":"Hifancy Rainbow 25000 Puffs\u00a0\u2013 Disposable Vape","og_description":"HIFANCY RAINBOW 25000: up to 25,000 puffs, 32 mL prefill, mesh coil and 800 mAh Type-C. Dual heating modes and full-screen display; 2%\/3%\/5% nicotine. A dependable 25000 puff disposable vape.","og_url":"https:\/\/euvapen.com\/de\/produkt\/hifancy-regenbogen-25000-puffs-wegwerfbare-vape\/","og_site_name":"EuVapen","article_modified_time":"2025-11-19T06:43:12+00:00","og_image":[{"width":800,"height":800,"url":"https:\/\/euvapen.com\/wp-content\/uploads\/2025\/11\/Hifancy-Rainbow-25000-Disposable-Vape-25K-Puffs-32ML-EU-Warehouse-2.webp","type":"image\/webp"}],"twitter_card":"summary_large_image","twitter_misc":{"Verf\u00fcgbarkeit":"Auf Lager"},"schema":{"@context":"https:\/\/schema.org","@graph":[{"@type":"WebPage","@id":"https:\/\/euvapen.com\/product\/hifancy-rainbow-25000-puffs-disposable-vape\/","url":"https:\/\/euvapen.com\/product\/hifancy-rainbow-25000-puffs-disposable-vape\/","name":"HIFANCY RAINBOW 25000 \u2014 25k Puffs Vape, Mesh, 32 mL, - EuVapen","isPartOf":{"@id":"https:\/\/euvapen.com\/#website"},"primaryImageOfPage":{"@id":"https:\/\/euvapen.com\/product\/hifancy-rainbow-25000-puffs-disposable-vape\/#primaryimage"},"image":{"@id":"https:\/\/euvapen.com\/product\/hifancy-rainbow-25000-puffs-disposable-vape\/#primaryimage"},"thumbnailUrl":"https:\/\/euvapen.com\/wp-content\/uploads\/2025\/11\/Hifancy-Rainbow-25000-Disposable-Vape-25K-Puffs-32ML-EU-Warehouse-2.webp","datePublished":"2025-11-06T10:13:50+00:00","dateModified":"2025-11-19T06:43:12+00:00","description":"HIFANCY RAINBOW 25000: bis zu 25.000 Z\u00fcge, 32 ml Prefill, Mesh Coil und 800 mAh Type-C. Zwei Heizmodi und Vollbildanzeige; 2%\/3%\/5% Nikotin. Ein zuverl\u00e4ssiger 25000-Puff-Einmaldampfer.","breadcrumb":{"@id":"https:\/\/euvapen.com\/product\/hifancy-rainbow-25000-puffs-disposable-vape\/#breadcrumb"},"inLanguage":"de","potentialAction":[{"@type":"ReadAction","target":["https:\/\/euvapen.com\/product\/hifancy-rainbow-25000-puffs-disposable-vape\/"]}]},{"@type":"ImageObject","inLanguage":"de","@id":"https:\/\/euvapen.com\/product\/hifancy-rainbow-25000-puffs-disposable-vape\/#primaryimage","url":"https:\/\/euvapen.com\/wp-content\/uploads\/2025\/11\/Hifancy-Rainbow-25000-Disposable-Vape-25K-Puffs-32ML-EU-Warehouse-2.webp","contentUrl":"https:\/\/euvapen.com\/wp-content\/uploads\/2025\/11\/Hifancy-Rainbow-25000-Disposable-Vape-25K-Puffs-32ML-EU-Warehouse-2.webp","width":800,"height":800,"caption":"Hifancy Rainbow 25000 Disposable Vape 25K Puffs 32ML EU Warehouse #2"},{"@type":"BreadcrumbList","@id":"https:\/\/euvapen.com\/product\/hifancy-rainbow-25000-puffs-disposable-vape\/#breadcrumb","itemListElement":[{"@type":"ListItem","position":1,"name":"Home","item":"https:\/\/euvapen.com\/"},{"@type":"ListItem","position":2,"name":"Shop","item":"https:\/\/euvapen.com\/shop\/"},{"@type":"ListItem","position":3,"name":"Hifancy Rainbow 25000 Puffs\u00a0\u2013 Disposable Vape"}]},{"@type":"WebSite","@id":"https:\/\/euvapen.com\/#website","url":"https:\/\/euvapen.com\/","name":"bestpuffvape","description":"","publisher":{"@id":"https:\/\/euvapen.com\/#organization"},"potentialAction":[{"@type":"SearchAction","target":{"@type":"EntryPoint","urlTemplate":"https:\/\/euvapen.com\/?s={search_term_string}"},"query-input":{"@type":"PropertyValueSpecification","valueRequired":true,"valueName":"search_term_string"}}],"inLanguage":"de"},{"@type":["Organization","Place"],"@id":"https:\/\/euvapen.com\/#organization","name":"bestpuffvape","alternateName":"bestpuffvape","url":"https:\/\/euvapen.com\/","logo":{"@id":"https:\/\/euvapen.com\/product\/hifancy-rainbow-25000-puffs-disposable-vape\/#local-main-organization-logo"},"image":{"@id":"https:\/\/euvapen.com\/product\/hifancy-rainbow-25000-puffs-disposable-vape\/#local-main-organization-logo"},"telephone":[],"openingHoursSpecification":[{"@type":"OpeningHoursSpecification","dayOfWeek":["Monday","Tuesday","Wednesday","Thursday","Friday","Saturday","Sunday"],"opens":"00:00","closes":"23:59"}]},{"@type":"ImageObject","inLanguage":"de","@id":"https:\/\/euvapen.com\/product\/hifancy-rainbow-25000-puffs-disposable-vape\/#local-main-organization-logo","url":"https:\/\/euvapen.com\/wp-content\/uploads\/2025\/10\/cropped-puffvape-logo.png","contentUrl":"https:\/\/euvapen.com\/wp-content\/uploads\/2025\/10\/cropped-puffvape-logo.png","width":512,"height":512,"caption":"bestpuffvape"}]},"og_availability":"instock","product_availability":"instock","product_retailer_item_id":"Hifancy-Rainbow-25k","product_condition":"new"},"brands":[{"id":170,"name":"Hifancy","slug":"hifancy"}],"tiered_pricing_type":"fixed","tiered_pricing_fixed_rules":{"30":"11.5","50":"10.5","100":"9.2","200":"8.9"},"tiered_pricing_product_settings":{"layout":"default","base_unit_name":{"singular":null,"plural":null},"default_variation":{}},"tiered_pricing_minimum_quantity":null,"tiered_pricing_roles_data":[],"tiered_pricing_percentage_rules":[],"tiered_pricing_maximum_quantity":null,"tiered_pricing_quantity_step":null,"_links":{"self":[{"href":"https:\/\/euvapen.com\/de\/wp-json\/wp\/v2\/product\/15352","targetHints":{"allow":["GET"]}}],"collection":[{"href":"https:\/\/euvapen.com\/de\/wp-json\/wp\/v2\/product"}],"about":[{"href":"https:\/\/euvapen.com\/de\/wp-json\/wp\/v2\/types\/product"}],"replies":[{"embeddable":true,"href":"https:\/\/euvapen.com\/de\/wp-json\/wp\/v2\/comments?post=15352"}],"wp:featuredmedia":[{"embeddable":true,"href":"https:\/\/euvapen.com\/de\/wp-json\/wp\/v2\/media\/21506"}],"wp:attachment":[{"href":"https:\/\/euvapen.com\/de\/wp-json\/wp\/v2\/media?parent=15352"}],"wp:term":[{"taxonomy":"pwb-brand","embeddable":true,"href":"https:\/\/euvapen.com\/de\/wp-json\/wp\/v2\/pwb-brand?post=15352"},{"taxonomy":"product_brand","embeddable":true,"href":"https:\/\/euvapen.com\/de\/wp-json\/wp\/v2\/product_brand?post=15352"},{"taxonomy":"product_cat","embeddable":true,"href":"https:\/\/euvapen.com\/de\/wp-json\/wp\/v2\/product_cat?post=15352"},{"taxonomy":"product_tag","embeddable":true,"href":"https:\/\/euvapen.com\/de\/wp-json\/wp\/v2\/product_tag?post=15352"}],"curies":[{"name":"wp","href":"https:\/\/api.w.org\/{rel}","templated":true}]}}