{"id":16181,"date":"2025-11-10T10:17:26","date_gmt":"2025-11-10T10:17:26","guid":{"rendered":"https:\/\/euvapen.com\/?post_type=product&#038;p=16181"},"modified":"2025-11-19T06:28:11","modified_gmt":"2025-11-19T06:28:11","slug":"jnr-flex-ice-21000-puffs-wegwerfbare-vape","status":"publish","type":"product","link":"https:\/\/euvapen.com\/de\/produkt\/jnr-flex-ice-21000-puffs-wegwerfbare-vape\/","title":{"rendered":"JNR FLEX ICE 21000 Puffs - Einweg Vape"},"content":{"rendered":"<h2 data-start=\"250\" data-end=\"315\">JNR FLEX ICE 21000 - Touchscreen jnr 21k mit einstellbarem Eis<\/h2>\n<p data-start=\"317\" data-end=\"666\">Die <strong data-start=\"321\" data-end=\"343\">JNR FLEX ICE 21000<\/strong> ist ein Einwegger\u00e4t mit hoher Kapazit\u00e4t, das f\u00fcr Benutzer entwickelt wurde, die eine l\u00e4ngere Laufzeit und die Kontrolle \u00fcber die K\u00fchlintensit\u00e4t w\u00fcnschen. Als <strong data-start=\"460\" data-end=\"471\">jnr 21k<\/strong> Ger\u00e4t, das f\u00fcr bis zu <strong data-start=\"495\" data-end=\"523\">JNR FLEX ICE 21000 Z\u00fcge<\/strong>, Er kombiniert einen 26-mL-Beh\u00e4lter, einen 1.000-mAh-Akku, eine Mesh-Heizung und eine Touchscreen-Benutzeroberfl\u00e4che, um ein individuell anpassbares Langzeiterlebnis zu bieten.<\/p>\n<p data-start=\"668\" data-end=\"858\">In der FLEX ICE Linie positioniert, hebt sich dieses Modell in der <strong data-start=\"730\" data-end=\"746\">puff jnr 21k<\/strong> Segment, indem er in einem kompakten Geh\u00e4use Luftstromregelung, einstellbare Eismenge und Ger\u00e4teinformationen auf dem Bildschirm bietet.<\/p>\n<p data-start=\"668\" data-end=\"858\"><img fetchpriority=\"high\" decoding=\"async\" class=\"alignnone size-medium wp-image-17754\" src=\"https:\/\/euvapen.com\/wp-content\/uploads\/2025\/11\/\u6d77\u62a52-300x169.webp\" alt=\"JNR KATALOG-FLEX ICE1\" width=\"300\" height=\"169\" \/> <img decoding=\"async\" class=\"alignnone size-medium wp-image-17753\" src=\"https:\/\/euvapen.com\/wp-content\/uploads\/2025\/11\/\u6d77\u62a51-300x169.webp\" alt=\"JNR KATALOG-FLEX EIS\" width=\"300\" height=\"169\" \/> <img decoding=\"async\" class=\"alignnone size-medium wp-image-17752\" src=\"https:\/\/euvapen.com\/wp-content\/uploads\/2025\/11\/JNR-CATALOG-FLEX-ICE-300x169.webp\" alt=\"JNR KATALOG-FLEX EIS\" width=\"300\" height=\"169\" \/><\/p>\n<h3 data-start=\"860\" data-end=\"882\">JNR FLEX ICE 21000 Wichtige Spezifikationen<\/h3>\n<ul data-start=\"884\" data-end=\"1783\">\n<li data-start=\"884\" data-end=\"922\">\n<p data-start=\"886\" data-end=\"922\"><strong data-start=\"886\" data-end=\"901\">Modellbezeichnung:<\/strong> JNR FLEX ICE 21000<\/p>\n<\/li>\n<li data-start=\"923\" data-end=\"941\">\n<p data-start=\"925\" data-end=\"941\"><strong data-start=\"925\" data-end=\"935\">Marke:<\/strong> JNR<\/p>\n<\/li>\n<li data-start=\"942\" data-end=\"1036\">\n<p data-start=\"944\" data-end=\"1036\"><strong data-start=\"944\" data-end=\"960\">Puff-Bewertung:<\/strong> bis zu 21.000 Z\u00fcge (verbrauchsabh\u00e4ngig) - glaubw\u00fcrdig <strong data-start=\"1009\" data-end=\"1028\">jnr 21000 Puffs<\/strong> Klasse<\/p>\n<\/li>\n<li data-start=\"1037\" data-end=\"1096\">\n<p data-start=\"1039\" data-end=\"1096\"><strong data-start=\"1039\" data-end=\"1061\">E-Fl\u00fcssigkeitskapazit\u00e4t:<\/strong> 26 mL vorgef\u00fcllt (nicht nachf\u00fcllbar)<\/p>\n<\/li>\n<li data-start=\"1097\" data-end=\"1156\">\n<p data-start=\"1099\" data-end=\"1156\"><strong data-start=\"1099\" data-end=\"1122\">Nikotinst\u00e4rken:<\/strong> 2% (20 mg\/ml) und 5% (50 mg\/ml)<\/p>\n<\/li>\n<li data-start=\"1157\" data-end=\"1204\">\n<p data-start=\"1159\" data-end=\"1204\"><strong data-start=\"1159\" data-end=\"1171\">Batterie:<\/strong> 1.000 mAh, wiederaufladbar Typ-C<\/p>\n<\/li>\n<li data-start=\"1205\" data-end=\"1267\">\n<p data-start=\"1207\" data-end=\"1267\"><strong data-start=\"1207\" data-end=\"1225\">Aufladezeit:<\/strong> ca. 1 Stunde bis zur vollst\u00e4ndigen Aufladung (typisch)<\/p>\n<\/li>\n<li data-start=\"1268\" data-end=\"1296\">\n<p data-start=\"1270\" data-end=\"1296\"><strong data-start=\"1270\" data-end=\"1284\">Typ der Spule:<\/strong> Netzspule<\/p>\n<\/li>\n<li data-start=\"1297\" data-end=\"1374\">\n<p data-start=\"1299\" data-end=\"1374\"><strong data-start=\"1299\" data-end=\"1323\">Aktivierung \/ Ausgabe:<\/strong> zugaktiviert; Spannung und Leistung sind nicht variabel<\/p>\n<\/li>\n<li data-start=\"1375\" data-end=\"1485\">\n<p data-start=\"1377\" data-end=\"1392\"><strong data-start=\"1377\" data-end=\"1390\">Merkmale:<\/strong><\/p>\n<ul data-start=\"1395\" data-end=\"1485\">\n<li data-start=\"1395\" data-end=\"1419\">\n<p data-start=\"1397\" data-end=\"1419\">Anpassbarer Luftstrom<\/p>\n<\/li>\n<li data-start=\"1422\" data-end=\"1438\">\n<p data-start=\"1424\" data-end=\"1438\">Touchscreen<\/p>\n<\/li>\n<li data-start=\"1441\" data-end=\"1485\">\n<p data-start=\"1443\" data-end=\"1485\">Eisstufe einstellbar (K\u00fchlintensit\u00e4t)<\/p>\n<\/li>\n<\/ul>\n<\/li>\n<li data-start=\"1486\" data-end=\"1524\">\n<p data-start=\"1488\" data-end=\"1524\"><strong data-start=\"1488\" data-end=\"1503\">Abmessungen:<\/strong> 63 \u00d7 33,5 \u00d7 119 mm<\/p>\n<\/li>\n<li data-start=\"1525\" data-end=\"1547\">\n<p data-start=\"1527\" data-end=\"1547\"><strong data-start=\"1527\" data-end=\"1538\">Gewicht:<\/strong> ~111 g<\/p>\n<\/li>\n<li data-start=\"1548\" data-end=\"1608\">\n<p data-start=\"1550\" data-end=\"1608\"><strong data-start=\"1550\" data-end=\"1564\">Verpackung:<\/strong> 10 St\u00fcck \/ Karton (Geschenkkarton-Transportverpackung)<\/p>\n<\/li>\n<li data-start=\"1609\" data-end=\"1713\">\n<p data-start=\"1611\" data-end=\"1713\"><strong data-start=\"1611\" data-end=\"1633\">Ort der Versendung:<\/strong> EU-Lager f\u00fcr EU-Bestellungen\uff1bBestellungen aus anderen Regionen werden in der Regel von unserem Lager in Shenzhen in China aus versandt. Bestellungen, die werktags vor 14 Uhr eingehen, werden noch am selben Tag versandt. DDP (Done by the destination country) wird unterst\u00fctzt.<\/p>\n<\/li>\n<li data-start=\"1714\" data-end=\"1783\">\n<p data-start=\"1716\" data-end=\"1783\"><strong data-start=\"1716\" data-end=\"1733\">Geeignet f\u00fcr:<\/strong> Erwachsene ab 18 Jahren in \u00dcbereinstimmung mit den \u00f6rtlichen Vorschriften<\/p>\n<\/li>\n<\/ul>\n<p data-start=\"1785\" data-end=\"1958\">Die Kombination aus einem gro\u00dfen Tank, einer starken Batterie und einem Netzkern macht <strong data-start=\"1853\" data-end=\"1875\">JNR FLEX ICE 21000<\/strong> eine praktische t\u00e4gliche <strong data-start=\"1894\" data-end=\"1905\">jnr 21k<\/strong> Wahl f\u00fcr lange Laufzeiten bei minimalem Ger\u00e4tewechsel.<\/p>\n<h3 data-start=\"1960\" data-end=\"2004\">Touchscreen, Luftstrom- und Eisregulierung<\/h3>\n<p data-start=\"2006\" data-end=\"2066\">Die FLEX ICE Plattform integriert drei wichtige Steuerungselemente:<\/p>\n<ul data-start=\"2068\" data-end=\"2478\">\n<li data-start=\"2068\" data-end=\"2200\">\n<p data-start=\"2070\" data-end=\"2200\"><strong data-start=\"2070\" data-end=\"2086\">Touchscreen<\/strong> - liefert wichtige Statusinformationen wie den Batteriestand und Nutzungsdaten und unterst\u00fctzt einfache Moduswechsel.<\/p>\n<\/li>\n<li data-start=\"2201\" data-end=\"2323\">\n<p data-start=\"2203\" data-end=\"2323\"><strong data-start=\"2203\" data-end=\"2227\">Anpassbarer Luftstrom<\/strong> - erm\u00f6glicht es dem Benutzer, zwischen einem engeren, Shisha-\u00e4hnlichen Zug und einem lockereren, luftigeren Zug zu wechseln.<\/p>\n<\/li>\n<li data-start=\"2324\" data-end=\"2478\">\n<p data-start=\"2326\" data-end=\"2478\"><strong data-start=\"2326\" data-end=\"2344\">Eis einstellbar<\/strong> - erm\u00f6glicht die Einstellung des K\u00fchleffekts, von einer leichten Abk\u00fchlung bis hin zu einem ausgepr\u00e4gteren eisigen Profil, je nach Geschmack und Vorliebe.<\/p>\n<\/li>\n<\/ul>\n<p data-start=\"2480\" data-end=\"2685\">Diese Funktionen sind so konzipiert, dass das Ger\u00e4t sich wie ein typisches Einwegger\u00e4t verh\u00e4lt, aber flexibler ist als Standardmodelle mit festem Ausgang in der <strong data-start=\"2662\" data-end=\"2678\">puff jnr 21k<\/strong> Bereich.<\/p>\n<h3 data-start=\"2687\" data-end=\"2717\">Mesh-Spule &amp; Energieplattform<\/h3>\n<p data-start=\"2719\" data-end=\"2764\">Eine Netzspule dient als Heizelement:<\/p>\n<ul data-start=\"2766\" data-end=\"2920\">\n<li data-start=\"2766\" data-end=\"2809\">\n<p data-start=\"2768\" data-end=\"2809\">die W\u00e4rme gleichm\u00e4\u00dfig \u00fcber den Docht zu verteilen,<\/p>\n<\/li>\n<li data-start=\"2810\" data-end=\"2863\">\n<p data-start=\"2812\" data-end=\"2863\">eine stabile Dampfdichte \u00fcber lange Zeitr\u00e4ume hinweg unterst\u00fctzen,<\/p>\n<\/li>\n<li data-start=\"2864\" data-end=\"2920\">\n<p data-start=\"2866\" data-end=\"2920\">tragen dazu bei, dass der Geschmack vom ersten bis zum letzten Zug klar bleibt.<\/p>\n<\/li>\n<\/ul>\n<p data-start=\"2922\" data-end=\"3230\">Die <strong data-start=\"2926\" data-end=\"2939\">1.000 mAh<\/strong> Batterie arbeitet mit einem <strong data-start=\"2961\" data-end=\"2971\">Typ-C<\/strong> Schnittstelle und ist f\u00fcr eine volle Ladung in etwa einer Stunde unter normalen Bedingungen angegeben. Diese Paarung ist so konzipiert, dass sie der 26-ml-Kapazit\u00e4t und dem Nennwert der <strong data-start=\"3127\" data-end=\"3155\">JNR FLEX ICE 21000 Z\u00fcge<\/strong> Lebenszyklus, begrenzt Ausfallzeiten und erm\u00f6glicht die regelm\u00e4\u00dfige Nutzung als Hauptger\u00e4t.<\/p>\n<h3 data-start=\"3232\" data-end=\"3260\">JNR FLEX ICE 21k Geschmacksrichtungen<\/h3>\n<p data-start=\"3262\" data-end=\"3349\">Der Geschmackskatalog konzentriert sich auf Frucht- und Fruchteis-Sorten, mit der Positionierung von FLEX ICE:<\/p>\n<ol data-start=\"3351\" data-end=\"3709\">\n<li data-start=\"3351\" data-end=\"3377\">\n<p data-start=\"3354\" data-end=\"3377\">Blaue Kirsche Explosion<\/p>\n<\/li>\n<li data-start=\"3378\" data-end=\"3396\">\n<p data-start=\"3381\" data-end=\"3396\">Blaubeereis<\/p>\n<\/li>\n<li data-start=\"3397\" data-end=\"3426\">\n<p data-start=\"3400\" data-end=\"3426\">Blaubeere-Sauer-Himbeere<\/p>\n<\/li>\n<li data-start=\"3427\" data-end=\"3443\">\n<p data-start=\"3430\" data-end=\"3443\">Kirsche Cola<\/p>\n<\/li>\n<li data-start=\"3444\" data-end=\"3476\">\n<p data-start=\"3447\" data-end=\"3476\">Kirsche Erdbeere Himbeere<\/p>\n<\/li>\n<li data-start=\"3477\" data-end=\"3494\">\n<p data-start=\"3480\" data-end=\"3494\">Doppelter Apfel<\/p>\n<\/li>\n<li data-start=\"3495\" data-end=\"3519\">\n<p data-start=\"3498\" data-end=\"3519\">Kiki Wassermelone Eis<\/p>\n<\/li>\n<li data-start=\"3520\" data-end=\"3549\">\n<p data-start=\"3523\" data-end=\"3549\">Kiki Passionsfrucht-Guave<\/p>\n<\/li>\n<li data-start=\"3550\" data-end=\"3566\">\n<p data-start=\"3553\" data-end=\"3566\">Gemischte Beere<\/p>\n<\/li>\n<li data-start=\"3567\" data-end=\"3594\">\n<p data-start=\"3571\" data-end=\"3594\">Pfirsich Mango Ananas<\/p>\n<\/li>\n<li data-start=\"3595\" data-end=\"3617\">\n<p data-start=\"3599\" data-end=\"3617\">Frische Erdbeere<\/p>\n<\/li>\n<li data-start=\"3618\" data-end=\"3643\">\n<p data-start=\"3622\" data-end=\"3643\">Sauerkirsch-Gummis<\/p>\n<\/li>\n<li data-start=\"3644\" data-end=\"3665\">\n<p data-start=\"3648\" data-end=\"3665\">Erdbeer-Kiki<\/p>\n<\/li>\n<li data-start=\"3666\" data-end=\"3686\">\n<p data-start=\"3670\" data-end=\"3686\">Wassermelone Eis<\/p>\n<\/li>\n<li data-start=\"3687\" data-end=\"3709\">\n<p data-start=\"3691\" data-end=\"3709\">Wei\u00dfer Pfirsich Razz<\/p>\n<\/li>\n<\/ol>\n<p data-start=\"3711\" data-end=\"3870\">A <strong data-start=\"3713\" data-end=\"3749\">\u201cZuf\u00e4llige Geschmacksrichtungen (schnelle Lieferung)\u201d<\/strong> Es besteht die M\u00f6glichkeit, eine sortierte Mischung aus den oben genannten zu w\u00e4hlen, um die Bearbeitungszeit zu verk\u00fcrzen und die Anzahl der Wiederholungen pro Karton zu reduzieren.<\/p>\n<h3 data-start=\"3872\" data-end=\"3897\">Vorgesehenes Benutzerprofil<\/h3>\n<p data-start=\"3899\" data-end=\"3961\">Die <strong data-start=\"3903\" data-end=\"3925\">JNR FLEX ICE 21000<\/strong> ist f\u00fcr erwachsene Nutzer (18+) geeignet, die:<\/p>\n<ul data-start=\"3963\" data-end=\"4269\">\n<li data-start=\"3963\" data-end=\"4054\">\n<p data-start=\"3965\" data-end=\"4054\">eine hohe Kapazit\u00e4t w\u00fcnschen <strong data-start=\"3986\" data-end=\"3997\">jnr 21k<\/strong> Ger\u00e4t mit bis zu 21.000 Z\u00fcgen und weniger Austauschvorg\u00e4ngen,<\/p>\n<\/li>\n<li data-start=\"4055\" data-end=\"4125\">\n<p data-start=\"4057\" data-end=\"4125\">bevorzugen Frucht- und Fruchteisprofile mit einstellbarer K\u00fchlleistung,<\/p>\n<\/li>\n<li data-start=\"4126\" data-end=\"4186\">\n<p data-start=\"4128\" data-end=\"4186\">sch\u00e4tzen die Sichtbarkeit des Touchscreens und die schnelle, einfache Steuerung,<\/p>\n<\/li>\n<li data-start=\"4187\" data-end=\"4269\">\n<p data-start=\"4189\" data-end=\"4269\">erfordern eine Anpassung des Luftstroms und des Eises ohne die Komplexit\u00e4t nachf\u00fcllbarer Systeme.<\/p>\n<\/li>\n<\/ul>\n<h3 data-start=\"4271\" data-end=\"4282\">Zusammenfassung<\/h3>\n<p data-start=\"4284\" data-end=\"4718\">Durch die Kombination eines 26-mL-Tanks, eines 1.000-mAh-Typ-C-Netzteils, einer Mesh-Heizung, einer Luftstromsteuerung, einer Eisregelung und einer Touchscreen-Benutzeroberfl\u00e4che ist der <strong data-start=\"4420\" data-end=\"4442\">JNR FLEX ICE 21000<\/strong> bietet eine flexible, langzyklische L\u00f6sung in der Kategorie der Einwegartikel. Als einer der wichtigsten <strong data-start=\"4519\" data-end=\"4535\">puff jnr 21k<\/strong> Produkt - und ein robuster Vertreter der <strong data-start=\"4579\" data-end=\"4598\">jnr 21000 Puffs<\/strong> Er ist eine klare Option f\u00fcr Benutzer, die sowohl Laufzeit als auch fein abgestimmte K\u00fchlung in einem einzigen versiegelten Ger\u00e4t suchen.<\/p>","protected":false},"excerpt":{"rendered":"<p>JNR FLEX ICE 21000: jnr 21k mit bis zu 21.000 Z\u00fcgen, 26 ml, Mesh-Spule, 1.000 mAh Type-C, Touchscreen, einstellbarem Luftstrom und Eisstand.<\/p>","protected":false},"featured_media":21419,"comment_status":"open","ping_status":"closed","template":"","meta":{"_acf_changed":false},"pwb-brand":[167],"product_brand":[],"product_cat":[57,84,93,95],"product_tag":[67],"class_list":{"0":"post-16181","1":"product","2":"type-product","3":"status-publish","4":"has-post-thumbnail","6":"pwb-brand-jnr","7":"product_cat-disposable-vape","8":"product_cat-eu-warehouse-in-stock","9":"product_cat-rechargeable-vapes","10":"product_cat-vape-with-screen","11":"product_tag-puff-20k","13":"first","14":"instock","15":"shipping-taxable","16":"purchasable","17":"product-type-variable"},"acf":[],"yoast_head":"<!-- This site is optimized with the Yoast SEO Premium plugin v26.3 (Yoast SEO v26.3) - https:\/\/yoast.com\/wordpress\/plugins\/seo\/ -->\n<title>JNR FLEX ICE 21000 \u2014 jnr 21k, 21,000 Puffs, Touch Screen - EuVapen<\/title>\n<meta name=\"description\" content=\"JNR FLEX ICE 21000 is a jnr 21k device with up to 21,000 puffs, 26 mL prefill, mesh coil, 1,000 mAh Type-C, customizable airflow, touch screen and ice adjustment\u2014 a complete JNR FLEX ICE 21000 puffs solution from EU warehouse.\" \/>\n<meta name=\"robots\" content=\"index, follow, max-snippet:-1, max-image-preview:large, max-video-preview:-1\" \/>\n<link rel=\"canonical\" href=\"https:\/\/euvapen.com\/de\/produkt\/jnr-flex-ice-21000-puffs-wegwerfbare-vape\/\" \/>\n<meta property=\"og:locale\" content=\"de_DE\" \/>\n<meta property=\"og:type\" content=\"article\" \/>\n<meta property=\"og:title\" content=\"JNR FLEX ICE 21000 Puffs\u00a0\u2013 Disposable Vape\" \/>\n<meta property=\"og:description\" content=\"JNR FLEX ICE 21000 is a jnr 21k device with up to 21,000 puffs, 26 mL prefill, mesh coil, 1,000 mAh Type-C, customizable airflow, touch screen and ice adjustment\u2014 a complete JNR FLEX ICE 21000 puffs solution from EU warehouse.\" \/>\n<meta property=\"og:url\" content=\"https:\/\/euvapen.com\/de\/produkt\/jnr-flex-ice-21000-puffs-wegwerfbare-vape\/\" \/>\n<meta property=\"og:site_name\" content=\"EuVapen\" \/>\n<meta property=\"article:modified_time\" content=\"2025-11-19T06:28:11+00:00\" \/>\n<meta property=\"og:image\" content=\"https:\/\/euvapen.com\/wp-content\/uploads\/2025\/11\/JNR-FLEX-ICE-21000-Puffs-Disposable-Vape.webp\" \/>\n\t<meta property=\"og:image:width\" content=\"1000\" \/>\n\t<meta property=\"og:image:height\" content=\"1000\" \/>\n\t<meta property=\"og:image:type\" content=\"image\/webp\" \/>\n<meta name=\"twitter:card\" content=\"summary_large_image\" \/>\n<meta name=\"twitter:label1\" content=\"Verf\u00fcgbarkeit\" \/>\n\t<meta name=\"twitter:data1\" content=\"Auf Lager\" \/>\n<script type=\"application\/ld+json\" class=\"yoast-schema-graph\">{\"@context\":\"https:\/\/schema.org\",\"@graph\":[{\"@type\":\"WebPage\",\"@id\":\"https:\/\/euvapen.com\/product\/jnr-flex-ice-21000-puffs-disposable-vape\/\",\"url\":\"https:\/\/euvapen.com\/product\/jnr-flex-ice-21000-puffs-disposable-vape\/\",\"name\":\"JNR FLEX ICE 21000 \u2014 jnr 21k, 21,000 Puffs, Touch Screen - EuVapen\",\"isPartOf\":{\"@id\":\"https:\/\/euvapen.com\/#website\"},\"primaryImageOfPage\":{\"@id\":\"https:\/\/euvapen.com\/product\/jnr-flex-ice-21000-puffs-disposable-vape\/#primaryimage\"},\"image\":{\"@id\":\"https:\/\/euvapen.com\/product\/jnr-flex-ice-21000-puffs-disposable-vape\/#primaryimage\"},\"thumbnailUrl\":\"https:\/\/euvapen.com\/wp-content\/uploads\/2025\/11\/JNR-FLEX-ICE-21000-Puffs-Disposable-Vape.webp\",\"datePublished\":\"2025-11-10T10:17:26+00:00\",\"dateModified\":\"2025-11-19T06:28:11+00:00\",\"description\":\"JNR FLEX ICE 21000 is a jnr 21k device with up to 21,000 puffs, 26 mL prefill, mesh coil, 1,000 mAh Type-C, customizable airflow, touch screen and ice adjustment\u2014 a complete JNR FLEX ICE 21000 puffs solution from EU warehouse.\",\"breadcrumb\":{\"@id\":\"https:\/\/euvapen.com\/product\/jnr-flex-ice-21000-puffs-disposable-vape\/#breadcrumb\"},\"inLanguage\":\"de\",\"potentialAction\":[{\"@type\":\"ReadAction\",\"target\":[\"https:\/\/euvapen.com\/product\/jnr-flex-ice-21000-puffs-disposable-vape\/\"]}]},{\"@type\":\"ImageObject\",\"inLanguage\":\"de\",\"@id\":\"https:\/\/euvapen.com\/product\/jnr-flex-ice-21000-puffs-disposable-vape\/#primaryimage\",\"url\":\"https:\/\/euvapen.com\/wp-content\/uploads\/2025\/11\/JNR-FLEX-ICE-21000-Puffs-Disposable-Vape.webp\",\"contentUrl\":\"https:\/\/euvapen.com\/wp-content\/uploads\/2025\/11\/JNR-FLEX-ICE-21000-Puffs-Disposable-Vape.webp\",\"width\":1000,\"height\":1000,\"caption\":\"JNR FLEX ICE 21000 Puffs Disposable Vape\"},{\"@type\":\"BreadcrumbList\",\"@id\":\"https:\/\/euvapen.com\/product\/jnr-flex-ice-21000-puffs-disposable-vape\/#breadcrumb\",\"itemListElement\":[{\"@type\":\"ListItem\",\"position\":1,\"name\":\"Home\",\"item\":\"https:\/\/euvapen.com\/\"},{\"@type\":\"ListItem\",\"position\":2,\"name\":\"Shop\",\"item\":\"https:\/\/euvapen.com\/shop\/\"},{\"@type\":\"ListItem\",\"position\":3,\"name\":\"JNR FLEX ICE 21000 Puffs\u00a0\u2013 Disposable Vape\"}]},{\"@type\":\"WebSite\",\"@id\":\"https:\/\/euvapen.com\/#website\",\"url\":\"https:\/\/euvapen.com\/\",\"name\":\"bestpuffvape\",\"description\":\"\",\"publisher\":{\"@id\":\"https:\/\/euvapen.com\/#organization\"},\"potentialAction\":[{\"@type\":\"SearchAction\",\"target\":{\"@type\":\"EntryPoint\",\"urlTemplate\":\"https:\/\/euvapen.com\/?s={search_term_string}\"},\"query-input\":{\"@type\":\"PropertyValueSpecification\",\"valueRequired\":true,\"valueName\":\"search_term_string\"}}],\"inLanguage\":\"de\"},{\"@type\":[\"Organization\",\"Place\"],\"@id\":\"https:\/\/euvapen.com\/#organization\",\"name\":\"bestpuffvape\",\"alternateName\":\"bestpuffvape\",\"url\":\"https:\/\/euvapen.com\/\",\"logo\":{\"@id\":\"https:\/\/euvapen.com\/product\/jnr-flex-ice-21000-puffs-disposable-vape\/#local-main-organization-logo\"},\"image\":{\"@id\":\"https:\/\/euvapen.com\/product\/jnr-flex-ice-21000-puffs-disposable-vape\/#local-main-organization-logo\"},\"telephone\":[],\"openingHoursSpecification\":[{\"@type\":\"OpeningHoursSpecification\",\"dayOfWeek\":[\"Monday\",\"Tuesday\",\"Wednesday\",\"Thursday\",\"Friday\",\"Saturday\",\"Sunday\"],\"opens\":\"00:00\",\"closes\":\"23:59\"}]},{\"@type\":\"ImageObject\",\"inLanguage\":\"de\",\"@id\":\"https:\/\/euvapen.com\/product\/jnr-flex-ice-21000-puffs-disposable-vape\/#local-main-organization-logo\",\"url\":\"https:\/\/euvapen.com\/wp-content\/uploads\/2025\/10\/cropped-puffvape-logo.png\",\"contentUrl\":\"https:\/\/euvapen.com\/wp-content\/uploads\/2025\/10\/cropped-puffvape-logo.png\",\"width\":512,\"height\":512,\"caption\":\"bestpuffvape\"}]}<\/script>\n<meta property=\"og:availability\" content=\"instock\" \/>\n<meta property=\"product:availability\" content=\"instock\" \/>\n<meta property=\"product:retailer_item_id\" content=\"JNR-FLEX-ICE-21k\" \/>\n<meta property=\"product:condition\" content=\"new\" \/>\n<!-- \/ Yoast SEO Premium plugin. -->","yoast_head_json":{"title":"JNR FLEX ICE 21000 \u2014 jnr 21k, 21,000 Puffs, Touch Screen - EuVapen","description":"JNR FLEX ICE 21000 ist ein JNR 21k Ger\u00e4t mit bis zu 21.000 Puffs, 26 ml Prefill, Mesh Coil, 1.000 mAh Type-C, anpassbarem Airflow, Touchscreen und Ice Adjustment - eine komplette JNR FLEX ICE 21000 Puffs L\u00f6sung aus dem EU Lager.","robots":{"index":"index","follow":"follow","max-snippet":"max-snippet:-1","max-image-preview":"max-image-preview:large","max-video-preview":"max-video-preview:-1"},"canonical":"https:\/\/euvapen.com\/de\/produkt\/jnr-flex-ice-21000-puffs-wegwerfbare-vape\/","og_locale":"de_DE","og_type":"article","og_title":"JNR FLEX ICE 21000 Puffs\u00a0\u2013 Disposable Vape","og_description":"JNR FLEX ICE 21000 is a jnr 21k device with up to 21,000 puffs, 26 mL prefill, mesh coil, 1,000 mAh Type-C, customizable airflow, touch screen and ice adjustment\u2014 a complete JNR FLEX ICE 21000 puffs solution from EU warehouse.","og_url":"https:\/\/euvapen.com\/de\/produkt\/jnr-flex-ice-21000-puffs-wegwerfbare-vape\/","og_site_name":"EuVapen","article_modified_time":"2025-11-19T06:28:11+00:00","og_image":[{"width":1000,"height":1000,"url":"https:\/\/euvapen.com\/wp-content\/uploads\/2025\/11\/JNR-FLEX-ICE-21000-Puffs-Disposable-Vape.webp","type":"image\/webp"}],"twitter_card":"summary_large_image","twitter_misc":{"Verf\u00fcgbarkeit":"Auf Lager"},"schema":{"@context":"https:\/\/schema.org","@graph":[{"@type":"WebPage","@id":"https:\/\/euvapen.com\/product\/jnr-flex-ice-21000-puffs-disposable-vape\/","url":"https:\/\/euvapen.com\/product\/jnr-flex-ice-21000-puffs-disposable-vape\/","name":"JNR FLEX ICE 21000 \u2014 jnr 21k, 21,000 Puffs, Touch Screen - EuVapen","isPartOf":{"@id":"https:\/\/euvapen.com\/#website"},"primaryImageOfPage":{"@id":"https:\/\/euvapen.com\/product\/jnr-flex-ice-21000-puffs-disposable-vape\/#primaryimage"},"image":{"@id":"https:\/\/euvapen.com\/product\/jnr-flex-ice-21000-puffs-disposable-vape\/#primaryimage"},"thumbnailUrl":"https:\/\/euvapen.com\/wp-content\/uploads\/2025\/11\/JNR-FLEX-ICE-21000-Puffs-Disposable-Vape.webp","datePublished":"2025-11-10T10:17:26+00:00","dateModified":"2025-11-19T06:28:11+00:00","description":"JNR FLEX ICE 21000 ist ein JNR 21k Ger\u00e4t mit bis zu 21.000 Puffs, 26 ml Prefill, Mesh Coil, 1.000 mAh Type-C, anpassbarem Airflow, Touchscreen und Ice Adjustment - eine komplette JNR FLEX ICE 21000 Puffs L\u00f6sung aus dem EU Lager.","breadcrumb":{"@id":"https:\/\/euvapen.com\/product\/jnr-flex-ice-21000-puffs-disposable-vape\/#breadcrumb"},"inLanguage":"de","potentialAction":[{"@type":"ReadAction","target":["https:\/\/euvapen.com\/product\/jnr-flex-ice-21000-puffs-disposable-vape\/"]}]},{"@type":"ImageObject","inLanguage":"de","@id":"https:\/\/euvapen.com\/product\/jnr-flex-ice-21000-puffs-disposable-vape\/#primaryimage","url":"https:\/\/euvapen.com\/wp-content\/uploads\/2025\/11\/JNR-FLEX-ICE-21000-Puffs-Disposable-Vape.webp","contentUrl":"https:\/\/euvapen.com\/wp-content\/uploads\/2025\/11\/JNR-FLEX-ICE-21000-Puffs-Disposable-Vape.webp","width":1000,"height":1000,"caption":"JNR FLEX ICE 21000 Puffs Disposable Vape"},{"@type":"BreadcrumbList","@id":"https:\/\/euvapen.com\/product\/jnr-flex-ice-21000-puffs-disposable-vape\/#breadcrumb","itemListElement":[{"@type":"ListItem","position":1,"name":"Home","item":"https:\/\/euvapen.com\/"},{"@type":"ListItem","position":2,"name":"Shop","item":"https:\/\/euvapen.com\/shop\/"},{"@type":"ListItem","position":3,"name":"JNR FLEX ICE 21000 Puffs\u00a0\u2013 Disposable Vape"}]},{"@type":"WebSite","@id":"https:\/\/euvapen.com\/#website","url":"https:\/\/euvapen.com\/","name":"bestpuffvape","description":"","publisher":{"@id":"https:\/\/euvapen.com\/#organization"},"potentialAction":[{"@type":"SearchAction","target":{"@type":"EntryPoint","urlTemplate":"https:\/\/euvapen.com\/?s={search_term_string}"},"query-input":{"@type":"PropertyValueSpecification","valueRequired":true,"valueName":"search_term_string"}}],"inLanguage":"de"},{"@type":["Organization","Place"],"@id":"https:\/\/euvapen.com\/#organization","name":"bestpuffvape","alternateName":"bestpuffvape","url":"https:\/\/euvapen.com\/","logo":{"@id":"https:\/\/euvapen.com\/product\/jnr-flex-ice-21000-puffs-disposable-vape\/#local-main-organization-logo"},"image":{"@id":"https:\/\/euvapen.com\/product\/jnr-flex-ice-21000-puffs-disposable-vape\/#local-main-organization-logo"},"telephone":[],"openingHoursSpecification":[{"@type":"OpeningHoursSpecification","dayOfWeek":["Monday","Tuesday","Wednesday","Thursday","Friday","Saturday","Sunday"],"opens":"00:00","closes":"23:59"}]},{"@type":"ImageObject","inLanguage":"de","@id":"https:\/\/euvapen.com\/product\/jnr-flex-ice-21000-puffs-disposable-vape\/#local-main-organization-logo","url":"https:\/\/euvapen.com\/wp-content\/uploads\/2025\/10\/cropped-puffvape-logo.png","contentUrl":"https:\/\/euvapen.com\/wp-content\/uploads\/2025\/10\/cropped-puffvape-logo.png","width":512,"height":512,"caption":"bestpuffvape"}]},"og_availability":"instock","product_availability":"instock","product_retailer_item_id":"JNR-FLEX-ICE-21k","product_condition":"new"},"brands":[{"id":167,"name":"Jnr","slug":"jnr"}],"tiered_pricing_type":"fixed","tiered_pricing_fixed_rules":{"30":"12","50":"11.5","100":"11","200":"10.5"},"tiered_pricing_product_settings":{"layout":"default","base_unit_name":{"singular":null,"plural":null},"default_variation":{}},"tiered_pricing_minimum_quantity":10,"tiered_pricing_roles_data":[],"tiered_pricing_percentage_rules":[],"tiered_pricing_maximum_quantity":null,"tiered_pricing_quantity_step":null,"_links":{"self":[{"href":"https:\/\/euvapen.com\/de\/wp-json\/wp\/v2\/product\/16181","targetHints":{"allow":["GET"]}}],"collection":[{"href":"https:\/\/euvapen.com\/de\/wp-json\/wp\/v2\/product"}],"about":[{"href":"https:\/\/euvapen.com\/de\/wp-json\/wp\/v2\/types\/product"}],"replies":[{"embeddable":true,"href":"https:\/\/euvapen.com\/de\/wp-json\/wp\/v2\/comments?post=16181"}],"wp:featuredmedia":[{"embeddable":true,"href":"https:\/\/euvapen.com\/de\/wp-json\/wp\/v2\/media\/21419"}],"wp:attachment":[{"href":"https:\/\/euvapen.com\/de\/wp-json\/wp\/v2\/media?parent=16181"}],"wp:term":[{"taxonomy":"pwb-brand","embeddable":true,"href":"https:\/\/euvapen.com\/de\/wp-json\/wp\/v2\/pwb-brand?post=16181"},{"taxonomy":"product_brand","embeddable":true,"href":"https:\/\/euvapen.com\/de\/wp-json\/wp\/v2\/product_brand?post=16181"},{"taxonomy":"product_cat","embeddable":true,"href":"https:\/\/euvapen.com\/de\/wp-json\/wp\/v2\/product_cat?post=16181"},{"taxonomy":"product_tag","embeddable":true,"href":"https:\/\/euvapen.com\/de\/wp-json\/wp\/v2\/product_tag?post=16181"}],"curies":[{"name":"wp","href":"https:\/\/api.w.org\/{rel}","templated":true}]}}