{"id":16182,"date":"2025-11-10T10:31:30","date_gmt":"2025-11-10T10:31:30","guid":{"rendered":"https:\/\/euvapen.com\/?post_type=product&#038;p=16182"},"modified":"2025-11-19T06:27:01","modified_gmt":"2025-11-19T06:27:01","slug":"jnr-joker-24000-puffs-disposable-vape","status":"publish","type":"product","link":"https:\/\/euvapen.com\/de\/produkt\/jnr-joker-24000-puffs-disposable-vape\/","title":{"rendered":"JNR Joker 24000 Puffs - Einweg Vape"},"content":{"rendered":"<h2 data-start=\"245\" data-end=\"317\">JNR Joker 24000 - Compact jnr 24k mit Netzspule und Atemlicht<\/h2>\n<p data-start=\"319\" data-end=\"648\">Die <strong data-start=\"323\" data-end=\"342\">JNR Joker 24000<\/strong> ist ein kompaktes Einwegger\u00e4t mit hoher Kapazit\u00e4t, das f\u00fcr Benutzer entwickelt wurde, die ein ausgewogenes Verh\u00e4ltnis zwischen Tragbarkeit, Laufzeit und visuellem Design w\u00fcnschen. Ausgelegt f\u00fcr bis zu <strong data-start=\"479\" data-end=\"504\">JNR Joker 24000 Puffs<\/strong> Unter typischen Bedingungen ist dies <strong data-start=\"536\" data-end=\"547\">jnr 24k<\/strong> Ger\u00e4t verf\u00fcgt \u00fcber einen 20-mL-Beh\u00e4lter mit Mesh-Coil-Zerst\u00e4ubung und einen 650-mAh-Akku vom Typ C.<\/p>\n<p data-start=\"650\" data-end=\"853\">Innerhalb des Sortiments der Marke ist es im mittleren bis hohen Puff-Segment angesiedelt und wird in den Kan\u00e4len h\u00e4ufig als <strong data-start=\"758\" data-end=\"777\">JNR Joker 24000<\/strong> oder <strong data-start=\"781\" data-end=\"800\">JNR 24000 Puffs<\/strong> f\u00fcr sein erweitertes, aber dennoch taschenfreundliches Format.<\/p>\n<p data-start=\"650\" data-end=\"853\"><img fetchpriority=\"high\" decoding=\"async\" class=\"alignnone size-medium wp-image-17757\" src=\"https:\/\/euvapen.com\/wp-content\/uploads\/2025\/11\/jnr-joker-refillable-disposable-vape-300x169.webp\" alt=\"jnr-joker-wiederbef\u00fcllbar-einmalig-vape\" width=\"300\" height=\"169\" \/> <img decoding=\"async\" class=\"alignnone size-medium wp-image-17755\" src=\"https:\/\/euvapen.com\/wp-content\/uploads\/2025\/11\/JNR-CATALOG-JOKER-300x169.webp\" alt=\"JNR-KATALOG-JOKER\" width=\"300\" height=\"169\" \/> <img decoding=\"async\" class=\"alignnone size-medium wp-image-17756\" src=\"https:\/\/euvapen.com\/wp-content\/uploads\/2025\/11\/jnr-joker-refillable-disposable-vape-3-300x169.webp\" alt=\"jnr-joker-refillable-disposable-vape (3)\" width=\"300\" height=\"169\" \/><\/p>\n<h3 data-start=\"855\" data-end=\"877\">JNR Joker 24000 Schl\u00fcssel Spezifikationen<\/h3>\n<ul data-start=\"879\" data-end=\"1749\">\n<li data-start=\"879\" data-end=\"914\">\n<p data-start=\"881\" data-end=\"914\"><strong data-start=\"881\" data-end=\"896\">Modellbezeichnung:<\/strong> JNR Joker 24000<\/p>\n<\/li>\n<li data-start=\"915\" data-end=\"933\">\n<p data-start=\"917\" data-end=\"933\"><strong data-start=\"917\" data-end=\"927\">Marke:<\/strong> JNR<\/p>\n<\/li>\n<li data-start=\"934\" data-end=\"1025\">\n<p data-start=\"936\" data-end=\"1025\"><strong data-start=\"936\" data-end=\"952\">Puff-Bewertung:<\/strong> bis zu 24.000 Z\u00fcge (verbrauchsabh\u00e4ngig) - glaubw\u00fcrdig <strong data-start=\"1001\" data-end=\"1017\">puff jnr 24k<\/strong> Klasse<\/p>\n<\/li>\n<li data-start=\"1026\" data-end=\"1085\">\n<p data-start=\"1028\" data-end=\"1085\"><strong data-start=\"1028\" data-end=\"1050\">E-Fl\u00fcssigkeitskapazit\u00e4t:<\/strong> 20 mL vorgef\u00fcllt (nicht nachf\u00fcllbar)<\/p>\n<\/li>\n<li data-start=\"1086\" data-end=\"1145\">\n<p data-start=\"1088\" data-end=\"1145\"><strong data-start=\"1088\" data-end=\"1111\">Nikotinst\u00e4rken:<\/strong> 2% (20 mg\/ml) und 5% (50 mg\/ml)<\/p>\n<\/li>\n<li data-start=\"1146\" data-end=\"1191\">\n<p data-start=\"1148\" data-end=\"1191\"><strong data-start=\"1148\" data-end=\"1160\">Batterie:<\/strong> 650 mAh, Typ-C wiederaufladbar<\/p>\n<\/li>\n<li data-start=\"1192\" data-end=\"1258\">\n<p data-start=\"1194\" data-end=\"1258\"><strong data-start=\"1194\" data-end=\"1212\">Aufladezeit:<\/strong> ca. 40 Minuten bis zur vollst\u00e4ndigen Aufladung (typisch)<\/p>\n<\/li>\n<li data-start=\"1259\" data-end=\"1287\">\n<p data-start=\"1261\" data-end=\"1287\"><strong data-start=\"1261\" data-end=\"1275\">Typ der Spule:<\/strong> Netzspule<\/p>\n<\/li>\n<li data-start=\"1288\" data-end=\"1365\">\n<p data-start=\"1290\" data-end=\"1365\"><strong data-start=\"1290\" data-end=\"1314\">Aktivierung \/ Ausgabe:<\/strong> zugaktiviert; Spannung und Leistung sind nicht variabel<\/p>\n<\/li>\n<li data-start=\"1366\" data-end=\"1458\">\n<p data-start=\"1368\" data-end=\"1391\"><strong data-start=\"1368\" data-end=\"1389\">Besondere Merkmale:<\/strong><\/p>\n<ul data-start=\"1394\" data-end=\"1458\">\n<li data-start=\"1394\" data-end=\"1422\">\n<p data-start=\"1396\" data-end=\"1422\">Buntes Atemlicht<\/p>\n<\/li>\n<li data-start=\"1425\" data-end=\"1458\">\n<p data-start=\"1427\" data-end=\"1458\">Sichtbares E-Liquid-F\u00fcllstandsfenster<\/p>\n<\/li>\n<\/ul>\n<\/li>\n<li data-start=\"1459\" data-end=\"1495\">\n<p data-start=\"1461\" data-end=\"1495\"><strong data-start=\"1461\" data-end=\"1476\">Abmessungen:<\/strong> 34 \u00d7 33 \u00d7 153 mm<\/p>\n<\/li>\n<li data-start=\"1496\" data-end=\"1517\">\n<p data-start=\"1498\" data-end=\"1517\"><strong data-start=\"1498\" data-end=\"1509\">Gewicht:<\/strong> ~83 g<\/p>\n<\/li>\n<li data-start=\"1518\" data-end=\"1578\">\n<p data-start=\"1520\" data-end=\"1578\"><strong data-start=\"1520\" data-end=\"1534\">Verpackung:<\/strong> 10 St\u00fcck \/ Karton (Geschenkkarton-Transportverpackung)<\/p>\n<\/li>\n<li data-start=\"1579\" data-end=\"1679\">\n<p data-start=\"1581\" data-end=\"1679\"><strong data-start=\"1581\" data-end=\"1603\">Ort der Versendung:<\/strong> EU-Lager\uff08Bestellungen innerhalb Europas werden von unserem deutschen Lager aus versandt, w\u00e4hrend Bestellungen in andere Regionen in der Regel von Shenzhen, China aus versandt werden. Bestellungen, die werktags vor 14 Uhr eingehen, k\u00f6nnen noch am selben Tag verschickt werden. Wir unterst\u00fctzen DDP (Delivered Duty Paid), je nach den Richtlinien des Ziellandes.\uff09<\/p>\n<\/li>\n<li data-start=\"1680\" data-end=\"1749\">\n<p data-start=\"1682\" data-end=\"1749\"><strong data-start=\"1682\" data-end=\"1699\">Geeignet f\u00fcr:<\/strong> Erwachsene ab 18 Jahren in \u00dcbereinstimmung mit den \u00f6rtlichen Vorschriften<\/p>\n<\/li>\n<\/ul>\n<p data-start=\"1751\" data-end=\"1901\">Die Spezifikation ist so abgestimmt, dass sie <strong data-start=\"1786\" data-end=\"1811\">JNR Joker 24000 Puffs<\/strong> in einem relativ schlanken und leichten Geh\u00e4use, das gleichzeitig optisch ansprechend ist.<\/p>\n<h3 data-start=\"1903\" data-end=\"1943\">Design, Breathing Light &amp; Sichtbarkeit<\/h3>\n<p data-start=\"1945\" data-end=\"2164\">Die <strong data-start=\"1949\" data-end=\"1977\">buntes Atemlicht<\/strong> gibt ein visuelles Feedback w\u00e4hrend der Nutzung und des Aufladens und ist ein zus\u00e4tzliches Designelement, das das Ger\u00e4t von anderen unterscheidet. <strong data-start=\"2072\" data-end=\"2091\">JNR Joker 24000<\/strong> von normalen, nicht beleuchteten Einwegartikeln. Dieser optische Effekt unterst\u00fctzt:<\/p>\n<ul data-start=\"2166\" data-end=\"2316\">\n<li data-start=\"2166\" data-end=\"2207\">\n<p data-start=\"2168\" data-end=\"2207\">schnelle Erkennung von Ger\u00e4teaktivit\u00e4ten,<\/p>\n<\/li>\n<li data-start=\"2208\" data-end=\"2253\">\n<p data-start=\"2210\" data-end=\"2253\">ein deutlicher Statushinweis bei schlechten Lichtverh\u00e4ltnissen,<\/p>\n<\/li>\n<li data-start=\"2254\" data-end=\"2316\">\n<p data-start=\"2256\" data-end=\"2316\">eine eigene \u00e4sthetische Identit\u00e4t innerhalb der <strong data-start=\"2297\" data-end=\"2310\">JNR-Joker<\/strong> Linie.<\/p>\n<\/li>\n<\/ul>\n<p data-start=\"2318\" data-end=\"2466\">A <strong data-start=\"2320\" data-end=\"2353\">Sichtbares E-Liquid-F\u00fcllstandsfenster<\/strong> erm\u00f6glicht eine schnelle \u00dcberpr\u00fcfung, bevor man das Haus verl\u00e4sst oder eine Sitzung beginnt, und hilft, eine unerwartete Ersch\u00f6pfung w\u00e4hrend der Nutzung zu vermeiden.<\/p>\n<h3 data-start=\"2468\" data-end=\"2500\">Maschenspule und Energieplattform<\/h3>\n<p data-start=\"2502\" data-end=\"2581\">Die Netzspule ist das Herzst\u00fcck des Leistungsprofils dieser <strong data-start=\"2562\" data-end=\"2573\">jnr 24k<\/strong> Ger\u00e4t:<\/p>\n<ul data-start=\"2583\" data-end=\"2831\">\n<li data-start=\"2583\" data-end=\"2656\">\n<p data-start=\"2585\" data-end=\"2656\">verteilt die W\u00e4rme gleichm\u00e4\u00dfiger \u00fcber den Docht als herk\u00f6mmliche Drahtcoils,<\/p>\n<\/li>\n<li data-start=\"2657\" data-end=\"2739\">\n<p data-start=\"2659\" data-end=\"2739\">unterst\u00fctzt eine gleichm\u00e4\u00dfige Dampfabgabe \u00fcber einen gro\u00dfen Teil des Fl\u00fcssigkeitsvolumens,<\/p>\n<\/li>\n<li data-start=\"2740\" data-end=\"2831\">\n<p data-start=\"2742\" data-end=\"2831\">tr\u00e4gt dazu bei, dass der Geschmack vom ersten bis zum letzten Zug klar bleibt, wenn er unter normalen Bedingungen verwendet wird.<\/p>\n<\/li>\n<\/ul>\n<p data-start=\"2833\" data-end=\"3124\">Die <strong data-start=\"2837\" data-end=\"2848\">650 mAh<\/strong> Batterie ist gepaart mit einer <strong data-start=\"2874\" data-end=\"2884\">Typ-C<\/strong> Ladeschnittstelle, wobei eine typische Vollladung in etwa 40 Minuten erreicht wird. Diese Anordnung ist so konzipiert, dass die 20-mL-Kapazit\u00e4t und die Nennkapazit\u00e4t <strong data-start=\"3033\" data-end=\"3052\">JNR 24000 Puffs<\/strong> Lebensdauer, wodurch Ausfallzeiten begrenzt werden und der t\u00e4gliche Einsatz als Hauptger\u00e4t m\u00f6glich ist.<\/p>\n<h3 data-start=\"3126\" data-end=\"3151\">JNR Joker 24k Geschmacksrichtungen<\/h3>\n<p data-start=\"3153\" data-end=\"3236\">Der Geschmackskatalog von <strong data-start=\"3178\" data-end=\"3197\">JNR Joker 24000<\/strong> konzentriert sich auf Frucht- und Eiskombinationen:<\/p>\n<ol data-start=\"3238\" data-end=\"3470\">\n<li data-start=\"3238\" data-end=\"3266\">\n<p data-start=\"3241\" data-end=\"3266\">Heidelbeere Rote Himbeere<\/p>\n<\/li>\n<li data-start=\"3267\" data-end=\"3290\">\n<p data-start=\"3270\" data-end=\"3290\">Passionsfrucht-Kiwi<\/p>\n<\/li>\n<li data-start=\"3291\" data-end=\"3321\">\n<p data-start=\"3294\" data-end=\"3321\">Erdbeer-Wassermelonen-Eis<\/p>\n<\/li>\n<li data-start=\"3322\" data-end=\"3341\">\n<p data-start=\"3325\" data-end=\"3341\">Wassermelone Eis<\/p>\n<\/li>\n<li data-start=\"3342\" data-end=\"3360\">\n<p data-start=\"3345\" data-end=\"3360\">Gemischte Beeren<\/p>\n<\/li>\n<li data-start=\"3361\" data-end=\"3382\">\n<p data-start=\"3364\" data-end=\"3382\">Blauer Razzia Kirsche<\/p>\n<\/li>\n<li data-start=\"3383\" data-end=\"3404\">\n<p data-start=\"3386\" data-end=\"3404\">Sommer-Pfirsich-Eis<\/p>\n<\/li>\n<li data-start=\"3405\" data-end=\"3426\">\n<p data-start=\"3408\" data-end=\"3426\">Schwarzer Drache Eis<\/p>\n<\/li>\n<li data-start=\"3427\" data-end=\"3446\">\n<p data-start=\"3430\" data-end=\"3446\">Erdbeereis<\/p>\n<\/li>\n<li data-start=\"3447\" data-end=\"3470\">\n<p data-start=\"3451\" data-end=\"3470\">Sprudel-Kirsch-Cola<\/p>\n<\/li>\n<\/ol>\n<p data-start=\"3472\" data-end=\"3638\">A <strong data-start=\"3474\" data-end=\"3510\">\u201cZuf\u00e4llige Geschmacksrichtungen (schnelle Lieferung)\u201d<\/strong> Es besteht die M\u00f6glichkeit, verschiedene Geschmacksrichtungen aus der obigen Liste zu liefern, um die Bearbeitungszeit zu verk\u00fcrzen und die Anzahl der Wiederholungen pro Karton zu reduzieren.<\/p>\n<h3 data-start=\"3640\" data-end=\"3665\">Vorgesehenes Benutzerprofil<\/h3>\n<p data-start=\"3667\" data-end=\"3727\">Die <strong data-start=\"3671\" data-end=\"3690\">JNR Joker 24000<\/strong> ist f\u00fcr erwachsene Vaper (18+) geeignet, die:<\/p>\n<ul data-start=\"3729\" data-end=\"4054\">\n<li data-start=\"3729\" data-end=\"3811\">\n<p data-start=\"3731\" data-end=\"3811\">wollen eine <strong data-start=\"3738\" data-end=\"3754\">puff jnr 24k<\/strong> Ger\u00e4t mit bis zu 24.000 Z\u00fcgen und weniger Austauschvorg\u00e4ngen,<\/p>\n<\/li>\n<li data-start=\"3812\" data-end=\"3860\">\n<p data-start=\"3814\" data-end=\"3860\">bevorzugen Frucht- und Fruchteisgeschmacksfamilien,<\/p>\n<\/li>\n<li data-start=\"3861\" data-end=\"3944\">\n<p data-start=\"3863\" data-end=\"3944\">Wert sichtbare E-Liquid-F\u00fcllst\u00e4nde und klare visuelle R\u00fcckmeldung durch ein Atemlicht,<\/p>\n<\/li>\n<li data-start=\"3945\" data-end=\"4054\">\n<p data-start=\"3947\" data-end=\"4054\">einen kompakten, leichten Formfaktor ben\u00f6tigen, der dennoch die Laufzeit eines <strong data-start=\"4025\" data-end=\"4044\">JNR 24000 Puffs<\/strong> Plattform.<\/p>\n<\/li>\n<\/ul>\n<h3 data-start=\"4056\" data-end=\"4067\">Zusammenfassung<\/h3>\n<p data-start=\"4069\" data-end=\"4460\">Durch die Kombination eines 20-mL-Tanks, einer Mesh-Heizung, einer 650-mAh-Type-C-Stromversorgungseinheit, einem sichtbaren E-Liquid-Fenster und einem farbigen Atemlicht ist die <strong data-start=\"4200\" data-end=\"4219\">JNR Joker 24000<\/strong> bietet ein unverwechselbares, lang anhaltendes Erlebnis. Als ein Schl\u00fcsselprodukt der <strong data-start=\"4291\" data-end=\"4304\">JNR-Joker<\/strong> Linie - und ein zuverl\u00e4ssiger Vertreter der <strong data-start=\"4347\" data-end=\"4373\">jnr 24k \/ puff jnr 24k<\/strong> Er bietet eine ausgewogene Mischung aus Ausdauer, Design und geschmacksorientierter Leistung.<\/p>","protected":false},"excerpt":{"rendered":"<p>JNR Joker 24000: jnr 24k mit bis zu 24.000 Z\u00fcgen, 20 ml, Mesh-Coil, 650 mAh Type-C, sichtbares E-Liquid-Fenster und farbiges Atemlicht.<\/p>","protected":false},"featured_media":21403,"comment_status":"open","ping_status":"closed","template":"","meta":{"_acf_changed":false},"pwb-brand":[167],"product_brand":[],"product_cat":[88,57,84,93],"product_tag":[76],"class_list":{"0":"post-16182","1":"product","2":"type-product","3":"status-publish","4":"has-post-thumbnail","6":"pwb-brand-jnr","7":"product_cat-crystal-vape","8":"product_cat-disposable-vape","9":"product_cat-eu-warehouse-in-stock","10":"product_cat-rechargeable-vapes","11":"product_tag-puff-25k","13":"first","14":"instock","15":"shipping-taxable","16":"purchasable","17":"product-type-variable"},"acf":[],"yoast_head":"<!-- This site is optimized with the Yoast SEO Premium plugin v26.3 (Yoast SEO v26.3) - https:\/\/yoast.com\/wordpress\/plugins\/seo\/ -->\n<title>JNR Joker 24000 \u2014 jnr 24k, 24,000 Puffs, Mesh, Type-C - EuVapen<\/title>\n<meta name=\"description\" content=\"JNR Joker 24000 is a jnr 24k device with up to 24,000 puffs, 20 mL prefill, mesh coil, 650 mAh Type-C, visible e-liquid and colorful breathing light\u2014 a compact JNR Joker 24000 Puffs solution from EU warehouse.\" \/>\n<meta name=\"robots\" content=\"index, follow, max-snippet:-1, max-image-preview:large, max-video-preview:-1\" \/>\n<link rel=\"canonical\" href=\"https:\/\/euvapen.com\/de\/produkt\/jnr-joker-24000-puffs-disposable-vape\/\" \/>\n<meta property=\"og:locale\" content=\"de_DE\" \/>\n<meta property=\"og:type\" content=\"article\" \/>\n<meta property=\"og:title\" content=\"JNR Joker 24000 Puffs\u00a0\u2013 Disposable Vape\" \/>\n<meta property=\"og:description\" content=\"JNR Joker 24000 is a jnr 24k device with up to 24,000 puffs, 20 mL prefill, mesh coil, 650 mAh Type-C, visible e-liquid and colorful breathing light\u2014 a compact JNR Joker 24000 Puffs solution from EU warehouse.\" \/>\n<meta property=\"og:url\" content=\"https:\/\/euvapen.com\/de\/produkt\/jnr-joker-24000-puffs-disposable-vape\/\" \/>\n<meta property=\"og:site_name\" content=\"EuVapen\" \/>\n<meta property=\"article:modified_time\" content=\"2025-11-19T06:27:01+00:00\" \/>\n<meta property=\"og:image\" content=\"https:\/\/euvapen.com\/wp-content\/uploads\/2025\/11\/JNR-Joker-24000-Puffs-Disposable-Vape.webp\" \/>\n\t<meta property=\"og:image:width\" content=\"1000\" \/>\n\t<meta property=\"og:image:height\" content=\"1000\" \/>\n\t<meta property=\"og:image:type\" content=\"image\/webp\" \/>\n<meta name=\"twitter:card\" content=\"summary_large_image\" \/>\n<meta name=\"twitter:label1\" content=\"Verf\u00fcgbarkeit\" \/>\n\t<meta name=\"twitter:data1\" content=\"Auf Lager\" \/>\n<script type=\"application\/ld+json\" class=\"yoast-schema-graph\">{\"@context\":\"https:\/\/schema.org\",\"@graph\":[{\"@type\":\"WebPage\",\"@id\":\"https:\/\/euvapen.com\/product\/jnr-joker-24000-puffs-disposable-vape\/\",\"url\":\"https:\/\/euvapen.com\/product\/jnr-joker-24000-puffs-disposable-vape\/\",\"name\":\"JNR Joker 24000 \u2014 jnr 24k, 24,000 Puffs, Mesh, Type-C - EuVapen\",\"isPartOf\":{\"@id\":\"https:\/\/euvapen.com\/#website\"},\"primaryImageOfPage\":{\"@id\":\"https:\/\/euvapen.com\/product\/jnr-joker-24000-puffs-disposable-vape\/#primaryimage\"},\"image\":{\"@id\":\"https:\/\/euvapen.com\/product\/jnr-joker-24000-puffs-disposable-vape\/#primaryimage\"},\"thumbnailUrl\":\"https:\/\/euvapen.com\/wp-content\/uploads\/2025\/11\/JNR-Joker-24000-Puffs-Disposable-Vape.webp\",\"datePublished\":\"2025-11-10T10:31:30+00:00\",\"dateModified\":\"2025-11-19T06:27:01+00:00\",\"description\":\"JNR Joker 24000 is a jnr 24k device with up to 24,000 puffs, 20 mL prefill, mesh coil, 650 mAh Type-C, visible e-liquid and colorful breathing light\u2014 a compact JNR Joker 24000 Puffs solution from EU warehouse.\",\"breadcrumb\":{\"@id\":\"https:\/\/euvapen.com\/product\/jnr-joker-24000-puffs-disposable-vape\/#breadcrumb\"},\"inLanguage\":\"de\",\"potentialAction\":[{\"@type\":\"ReadAction\",\"target\":[\"https:\/\/euvapen.com\/product\/jnr-joker-24000-puffs-disposable-vape\/\"]}]},{\"@type\":\"ImageObject\",\"inLanguage\":\"de\",\"@id\":\"https:\/\/euvapen.com\/product\/jnr-joker-24000-puffs-disposable-vape\/#primaryimage\",\"url\":\"https:\/\/euvapen.com\/wp-content\/uploads\/2025\/11\/JNR-Joker-24000-Puffs-Disposable-Vape.webp\",\"contentUrl\":\"https:\/\/euvapen.com\/wp-content\/uploads\/2025\/11\/JNR-Joker-24000-Puffs-Disposable-Vape.webp\",\"width\":1000,\"height\":1000,\"caption\":\"JNR Joker 24000 Puffs Disposable Vape\"},{\"@type\":\"BreadcrumbList\",\"@id\":\"https:\/\/euvapen.com\/product\/jnr-joker-24000-puffs-disposable-vape\/#breadcrumb\",\"itemListElement\":[{\"@type\":\"ListItem\",\"position\":1,\"name\":\"Home\",\"item\":\"https:\/\/euvapen.com\/\"},{\"@type\":\"ListItem\",\"position\":2,\"name\":\"Shop\",\"item\":\"https:\/\/euvapen.com\/shop\/\"},{\"@type\":\"ListItem\",\"position\":3,\"name\":\"JNR Joker 24000 Puffs\u00a0\u2013 Disposable Vape\"}]},{\"@type\":\"WebSite\",\"@id\":\"https:\/\/euvapen.com\/#website\",\"url\":\"https:\/\/euvapen.com\/\",\"name\":\"bestpuffvape\",\"description\":\"\",\"publisher\":{\"@id\":\"https:\/\/euvapen.com\/#organization\"},\"potentialAction\":[{\"@type\":\"SearchAction\",\"target\":{\"@type\":\"EntryPoint\",\"urlTemplate\":\"https:\/\/euvapen.com\/?s={search_term_string}\"},\"query-input\":{\"@type\":\"PropertyValueSpecification\",\"valueRequired\":true,\"valueName\":\"search_term_string\"}}],\"inLanguage\":\"de\"},{\"@type\":[\"Organization\",\"Place\"],\"@id\":\"https:\/\/euvapen.com\/#organization\",\"name\":\"bestpuffvape\",\"alternateName\":\"bestpuffvape\",\"url\":\"https:\/\/euvapen.com\/\",\"logo\":{\"@id\":\"https:\/\/euvapen.com\/product\/jnr-joker-24000-puffs-disposable-vape\/#local-main-organization-logo\"},\"image\":{\"@id\":\"https:\/\/euvapen.com\/product\/jnr-joker-24000-puffs-disposable-vape\/#local-main-organization-logo\"},\"telephone\":[],\"openingHoursSpecification\":[{\"@type\":\"OpeningHoursSpecification\",\"dayOfWeek\":[\"Monday\",\"Tuesday\",\"Wednesday\",\"Thursday\",\"Friday\",\"Saturday\",\"Sunday\"],\"opens\":\"00:00\",\"closes\":\"23:59\"}]},{\"@type\":\"ImageObject\",\"inLanguage\":\"de\",\"@id\":\"https:\/\/euvapen.com\/product\/jnr-joker-24000-puffs-disposable-vape\/#local-main-organization-logo\",\"url\":\"https:\/\/euvapen.com\/wp-content\/uploads\/2025\/10\/cropped-puffvape-logo.png\",\"contentUrl\":\"https:\/\/euvapen.com\/wp-content\/uploads\/2025\/10\/cropped-puffvape-logo.png\",\"width\":512,\"height\":512,\"caption\":\"bestpuffvape\"}]}<\/script>\n<meta property=\"og:availability\" content=\"instock\" \/>\n<meta property=\"product:availability\" content=\"instock\" \/>\n<meta property=\"product:retailer_item_id\" content=\"JNR-Joker-24k\" \/>\n<meta property=\"product:condition\" content=\"new\" \/>\n<!-- \/ Yoast SEO Premium plugin. -->","yoast_head_json":{"title":"JNR Joker 24000 \u2014 jnr 24k, 24,000 Puffs, Mesh, Type-C - EuVapen","description":"JNR Joker 24000 ist ein JNR 24k Ger\u00e4t mit bis zu 24.000 Puffs, 20 mL Prefill, Mesh Coil, 650 mAh Type-C, sichtbarem E-Liquid und farbigem Atemlicht - eine kompakte JNR Joker 24000 Puffs L\u00f6sung aus dem EU-Lager.","robots":{"index":"index","follow":"follow","max-snippet":"max-snippet:-1","max-image-preview":"max-image-preview:large","max-video-preview":"max-video-preview:-1"},"canonical":"https:\/\/euvapen.com\/de\/produkt\/jnr-joker-24000-puffs-disposable-vape\/","og_locale":"de_DE","og_type":"article","og_title":"JNR Joker 24000 Puffs\u00a0\u2013 Disposable Vape","og_description":"JNR Joker 24000 is a jnr 24k device with up to 24,000 puffs, 20 mL prefill, mesh coil, 650 mAh Type-C, visible e-liquid and colorful breathing light\u2014 a compact JNR Joker 24000 Puffs solution from EU warehouse.","og_url":"https:\/\/euvapen.com\/de\/produkt\/jnr-joker-24000-puffs-disposable-vape\/","og_site_name":"EuVapen","article_modified_time":"2025-11-19T06:27:01+00:00","og_image":[{"width":1000,"height":1000,"url":"https:\/\/euvapen.com\/wp-content\/uploads\/2025\/11\/JNR-Joker-24000-Puffs-Disposable-Vape.webp","type":"image\/webp"}],"twitter_card":"summary_large_image","twitter_misc":{"Verf\u00fcgbarkeit":"Auf Lager"},"schema":{"@context":"https:\/\/schema.org","@graph":[{"@type":"WebPage","@id":"https:\/\/euvapen.com\/product\/jnr-joker-24000-puffs-disposable-vape\/","url":"https:\/\/euvapen.com\/product\/jnr-joker-24000-puffs-disposable-vape\/","name":"JNR Joker 24000 \u2014 jnr 24k, 24,000 Puffs, Mesh, Type-C - EuVapen","isPartOf":{"@id":"https:\/\/euvapen.com\/#website"},"primaryImageOfPage":{"@id":"https:\/\/euvapen.com\/product\/jnr-joker-24000-puffs-disposable-vape\/#primaryimage"},"image":{"@id":"https:\/\/euvapen.com\/product\/jnr-joker-24000-puffs-disposable-vape\/#primaryimage"},"thumbnailUrl":"https:\/\/euvapen.com\/wp-content\/uploads\/2025\/11\/JNR-Joker-24000-Puffs-Disposable-Vape.webp","datePublished":"2025-11-10T10:31:30+00:00","dateModified":"2025-11-19T06:27:01+00:00","description":"JNR Joker 24000 ist ein JNR 24k Ger\u00e4t mit bis zu 24.000 Puffs, 20 mL Prefill, Mesh Coil, 650 mAh Type-C, sichtbarem E-Liquid und farbigem Atemlicht - eine kompakte JNR Joker 24000 Puffs L\u00f6sung aus dem EU-Lager.","breadcrumb":{"@id":"https:\/\/euvapen.com\/product\/jnr-joker-24000-puffs-disposable-vape\/#breadcrumb"},"inLanguage":"de","potentialAction":[{"@type":"ReadAction","target":["https:\/\/euvapen.com\/product\/jnr-joker-24000-puffs-disposable-vape\/"]}]},{"@type":"ImageObject","inLanguage":"de","@id":"https:\/\/euvapen.com\/product\/jnr-joker-24000-puffs-disposable-vape\/#primaryimage","url":"https:\/\/euvapen.com\/wp-content\/uploads\/2025\/11\/JNR-Joker-24000-Puffs-Disposable-Vape.webp","contentUrl":"https:\/\/euvapen.com\/wp-content\/uploads\/2025\/11\/JNR-Joker-24000-Puffs-Disposable-Vape.webp","width":1000,"height":1000,"caption":"JNR Joker 24000 Puffs Disposable Vape"},{"@type":"BreadcrumbList","@id":"https:\/\/euvapen.com\/product\/jnr-joker-24000-puffs-disposable-vape\/#breadcrumb","itemListElement":[{"@type":"ListItem","position":1,"name":"Home","item":"https:\/\/euvapen.com\/"},{"@type":"ListItem","position":2,"name":"Shop","item":"https:\/\/euvapen.com\/shop\/"},{"@type":"ListItem","position":3,"name":"JNR Joker 24000 Puffs\u00a0\u2013 Disposable Vape"}]},{"@type":"WebSite","@id":"https:\/\/euvapen.com\/#website","url":"https:\/\/euvapen.com\/","name":"bestpuffvape","description":"","publisher":{"@id":"https:\/\/euvapen.com\/#organization"},"potentialAction":[{"@type":"SearchAction","target":{"@type":"EntryPoint","urlTemplate":"https:\/\/euvapen.com\/?s={search_term_string}"},"query-input":{"@type":"PropertyValueSpecification","valueRequired":true,"valueName":"search_term_string"}}],"inLanguage":"de"},{"@type":["Organization","Place"],"@id":"https:\/\/euvapen.com\/#organization","name":"bestpuffvape","alternateName":"bestpuffvape","url":"https:\/\/euvapen.com\/","logo":{"@id":"https:\/\/euvapen.com\/product\/jnr-joker-24000-puffs-disposable-vape\/#local-main-organization-logo"},"image":{"@id":"https:\/\/euvapen.com\/product\/jnr-joker-24000-puffs-disposable-vape\/#local-main-organization-logo"},"telephone":[],"openingHoursSpecification":[{"@type":"OpeningHoursSpecification","dayOfWeek":["Monday","Tuesday","Wednesday","Thursday","Friday","Saturday","Sunday"],"opens":"00:00","closes":"23:59"}]},{"@type":"ImageObject","inLanguage":"de","@id":"https:\/\/euvapen.com\/product\/jnr-joker-24000-puffs-disposable-vape\/#local-main-organization-logo","url":"https:\/\/euvapen.com\/wp-content\/uploads\/2025\/10\/cropped-puffvape-logo.png","contentUrl":"https:\/\/euvapen.com\/wp-content\/uploads\/2025\/10\/cropped-puffvape-logo.png","width":512,"height":512,"caption":"bestpuffvape"}]},"og_availability":"instock","product_availability":"instock","product_retailer_item_id":"JNR-Joker-24k","product_condition":"new"},"brands":[{"id":167,"name":"Jnr","slug":"jnr"}],"tiered_pricing_type":"fixed","tiered_pricing_fixed_rules":{"30":"13","50":"12","100":"11","200":"10.5"},"tiered_pricing_product_settings":{"layout":"default","base_unit_name":{"singular":null,"plural":null},"default_variation":{}},"tiered_pricing_minimum_quantity":10,"tiered_pricing_roles_data":[],"tiered_pricing_percentage_rules":[],"tiered_pricing_maximum_quantity":null,"tiered_pricing_quantity_step":null,"_links":{"self":[{"href":"https:\/\/euvapen.com\/de\/wp-json\/wp\/v2\/product\/16182","targetHints":{"allow":["GET"]}}],"collection":[{"href":"https:\/\/euvapen.com\/de\/wp-json\/wp\/v2\/product"}],"about":[{"href":"https:\/\/euvapen.com\/de\/wp-json\/wp\/v2\/types\/product"}],"replies":[{"embeddable":true,"href":"https:\/\/euvapen.com\/de\/wp-json\/wp\/v2\/comments?post=16182"}],"wp:featuredmedia":[{"embeddable":true,"href":"https:\/\/euvapen.com\/de\/wp-json\/wp\/v2\/media\/21403"}],"wp:attachment":[{"href":"https:\/\/euvapen.com\/de\/wp-json\/wp\/v2\/media?parent=16182"}],"wp:term":[{"taxonomy":"pwb-brand","embeddable":true,"href":"https:\/\/euvapen.com\/de\/wp-json\/wp\/v2\/pwb-brand?post=16182"},{"taxonomy":"product_brand","embeddable":true,"href":"https:\/\/euvapen.com\/de\/wp-json\/wp\/v2\/product_brand?post=16182"},{"taxonomy":"product_cat","embeddable":true,"href":"https:\/\/euvapen.com\/de\/wp-json\/wp\/v2\/product_cat?post=16182"},{"taxonomy":"product_tag","embeddable":true,"href":"https:\/\/euvapen.com\/de\/wp-json\/wp\/v2\/product_tag?post=16182"}],"curies":[{"name":"wp","href":"https:\/\/api.w.org\/{rel}","templated":true}]}}