{"id":21779,"date":"2025-11-19T11:02:04","date_gmt":"2025-11-19T11:02:04","guid":{"rendered":"https:\/\/euvapen.com\/?post_type=product&#038;p=21779"},"modified":"2025-11-19T11:02:05","modified_gmt":"2025-11-19T11:02:05","slug":"puff-120k-bang-legend-120000-puffs-disposable-vape-5-in-1-flavors-eu-warehouse","status":"publish","type":"product","link":"https:\/\/euvapen.com\/de\/produkt\/puff-120k-bang-legend-120000-puffs-disposable-vape-5-in-1-flavors-eu-warehouse\/","title":{"rendered":"Puff 120k Bang Legend 120000 Puffs Einweg Vape 5 in 1 Geschmacksrichtungen EU Warehouse"},"content":{"rendered":"<h2 data-start=\"199\" data-end=\"270\"><strong data-start=\"202\" data-end=\"270\">Bang Legend 120000 - 120k Puff Vape mit 5-in-1 Geschmacksumschaltung<\/strong><\/h2>\n<p data-start=\"272\" data-end=\"642\">Die <strong data-start=\"276\" data-end=\"298\">Bang Legende 120000<\/strong> treibt die Produktion von Einwegprodukten mit hohem Fassungsverm\u00f6gen mit einer massiven <strong data-start=\"355\" data-end=\"378\">bis zu 120.000 Z\u00fcge<\/strong>, unterst\u00fctzt von einem 900mAh Typ-C-Akku und einem Premium-Mesh-Coil-System. Entwickelt f\u00fcr Benutzer, die maximale Langlebigkeit, Geschmacksauswahl und Komfort w\u00fcnschen, zeichnet sich dieses Modell als eine der f\u00fchrenden Optionen in der <strong data-start=\"599\" data-end=\"632\">120k vape \/ Vape 120000 Puffs<\/strong> Kategorie.<\/p>\n<p data-start=\"644\" data-end=\"978\">Seine Unterschrift <strong data-start=\"658\" data-end=\"685\">5-in-1-Geschmackspatrone<\/strong> erm\u00f6glicht den sofortigen Wechsel zwischen f\u00fcnf eingebauten Geschmacksrichtungen - ideal f\u00fcr den Langzeitgebrauch, die Geschmacksrotation und die Verringerung von Erm\u00fcdungserscheinungen, die oft mit ultralangen Einwegprodukten verbunden sind. Als Top-Tier <strong data-start=\"864\" data-end=\"882\">120k puff vape<\/strong>, Der Bang Legend 120000 vereint Leistung, Haltbarkeit und Vielseitigkeit in einem kompakten Ger\u00e4t.<\/p>\n<hr data-start=\"980\" data-end=\"983\" \/>\n<h2 data-start=\"985\" data-end=\"1010\"><strong data-start=\"988\" data-end=\"1010\">Puff 120k Schl\u00fcssel Spezifikationen<\/strong><\/h2>\n<ul data-start=\"1012\" data-end=\"1573\">\n<li data-start=\"1012\" data-end=\"1036\">\n<p data-start=\"1014\" data-end=\"1036\"><strong data-start=\"1014\" data-end=\"1024\">Marke:<\/strong> Bang Vape<\/p>\n<\/li>\n<li data-start=\"1037\" data-end=\"1070\">\n<p data-start=\"1039\" data-end=\"1070\"><strong data-start=\"1039\" data-end=\"1049\">Modell:<\/strong> Bang Legende 120000<\/p>\n<\/li>\n<li data-start=\"1071\" data-end=\"1113\">\n<p data-start=\"1073\" data-end=\"1113\"><strong data-start=\"1073\" data-end=\"1091\">Puff-Kapazit\u00e4t:<\/strong> Bis zu 120.000 Z\u00fcge<\/p>\n<\/li>\n<li data-start=\"1114\" data-end=\"1157\">\n<p data-start=\"1116\" data-end=\"1157\"><strong data-start=\"1116\" data-end=\"1137\">Nikotin-Optionen:<\/strong> 0% \/ 2% \/ 3% \/ 5%<\/p>\n<\/li>\n<li data-start=\"1158\" data-end=\"1190\">\n<p data-start=\"1160\" data-end=\"1190\"><strong data-start=\"1160\" data-end=\"1182\">E-Fl\u00fcssigkeit Kapazit\u00e4t:<\/strong> 35 mL<\/p>\n<\/li>\n<li data-start=\"1191\" data-end=\"1215\">\n<p data-start=\"1193\" data-end=\"1215\"><strong data-start=\"1193\" data-end=\"1205\">Batterie:<\/strong> 900 mAh<\/p>\n<\/li>\n<li data-start=\"1216\" data-end=\"1240\">\n<p data-start=\"1218\" data-end=\"1240\"><strong data-start=\"1218\" data-end=\"1231\">Aufladen:<\/strong> Typ-C<\/p>\n<\/li>\n<li data-start=\"1241\" data-end=\"1271\">\n<p data-start=\"1243\" data-end=\"1271\"><strong data-start=\"1243\" data-end=\"1261\">Aufladezeit:<\/strong> ~1 Stunde<\/p>\n<\/li>\n<li data-start=\"1272\" data-end=\"1319\">\n<p data-start=\"1274\" data-end=\"1319\"><strong data-start=\"1274\" data-end=\"1292\">Geschmacks-System:<\/strong> 5-in-1 umschaltbare Geschmacksrichtung<\/p>\n<\/li>\n<li data-start=\"1320\" data-end=\"1348\">\n<p data-start=\"1322\" data-end=\"1348\"><strong data-start=\"1322\" data-end=\"1336\">Spulentyp:<\/strong> Maschenspule<\/p>\n<\/li>\n<li data-start=\"1349\" data-end=\"1370\">\n<p data-start=\"1351\" data-end=\"1370\"><strong data-start=\"1351\" data-end=\"1362\">Gewicht:<\/strong> 145 g<\/p>\n<\/li>\n<li data-start=\"1371\" data-end=\"1407\">\n<p data-start=\"1373\" data-end=\"1407\"><strong data-start=\"1373\" data-end=\"1388\">Abmessungen:<\/strong> 52 \u00d7 52 \u00d7 128 mm<\/p>\n<\/li>\n<li data-start=\"1408\" data-end=\"1431\">\n<p data-start=\"1410\" data-end=\"1431\"><strong data-start=\"1410\" data-end=\"1425\">Wegwerfbar:<\/strong> Ja<\/p>\n<\/li>\n<li data-start=\"1432\" data-end=\"1470\">\n<p data-start=\"1434\" data-end=\"1470\"><strong data-start=\"1434\" data-end=\"1454\">Geschmacksrichtung:<\/strong> Fr\u00fcchte Serie<\/p>\n<\/li>\n<li data-start=\"1471\" data-end=\"1500\">\n<p data-start=\"1473\" data-end=\"1500\"><strong data-start=\"1473\" data-end=\"1487\">Verpackung:<\/strong> 10 St\u00fcck\/Karton<\/p>\n<\/li>\n<li data-start=\"1501\" data-end=\"1540\">\n<p data-start=\"1503\" data-end=\"1540\"><strong data-start=\"1503\" data-end=\"1525\">Ort der Versendung:<\/strong> EU-Lagerhaus<\/p>\n<\/li>\n<li data-start=\"1541\" data-end=\"1573\">\n<p data-start=\"1543\" data-end=\"1573\"><strong data-start=\"1543\" data-end=\"1560\">Geeignet f\u00fcr:<\/strong> Erwachsene 18+<\/p>\n<\/li>\n<\/ul>\n<p data-start=\"1575\" data-end=\"1702\">Eine erstklassige Wahl f\u00fcr Gro\u00df- und Einzelh\u00e4ndler, die hochvolumige, langlebige Ger\u00e4te unter dem <strong data-start=\"1671\" data-end=\"1684\">Puff 120k<\/strong> Leistungsstufe.<\/p>\n<hr data-start=\"1704\" data-end=\"1707\" \/>\n<h2 data-start=\"1709\" data-end=\"1762\"><strong data-start=\"1712\" data-end=\"1760\">Puff 120k 5-in-1 Flavor Sets (Schnelle Lieferung m\u00f6glich)<\/strong><\/h2>\n<p data-start=\"1763\" data-end=\"1852\">Jedes Flavor-Modul enth\u00e4lt <strong data-start=\"1791\" data-end=\"1813\">5 integrierte Geschmacksrichtungen<\/strong>, schnell umschaltbar in einem Ger\u00e4t:<\/p>\n<ul>\n<li data-start=\"1854\" data-end=\"1869\"><strong data-start=\"1858\" data-end=\"1867\">Satz 1: <\/strong>Energy Drink - Heidelbeere-Kirsche - Apfel-Traube - Wassermelone-Drachenfrucht - Mamba<\/li>\n<li data-start=\"1951\" data-end=\"1966\"><strong data-start=\"1955\" data-end=\"1964\">Satz 2<\/strong><strong data-start=\"1858\" data-end=\"1867\">: <\/strong>Energy Drink - Pfirsich Ice - Mango Ice - Cranberry Grape - Blackcurrant<\/li>\n<li data-start=\"2038\" data-end=\"2053\"><strong data-start=\"2042\" data-end=\"2051\">Satz 3: <\/strong>Heidelbeere Himbeere - Pfirsich Mango Wassermelone - Kirsche Cola - Traube Brombeere Eis - Mango Pfirsich Aprikose<\/li>\n<li data-start=\"2159\" data-end=\"2174\"><strong data-start=\"2163\" data-end=\"2172\">Satz 4: <\/strong>Heidelbeere-Himbeere - Black Dragon Ice - Rainbow Candy - Fuji Ice - Wassermelone-Sauerpfirsich<\/li>\n<li data-start=\"2266\" data-end=\"2281\"><strong data-start=\"2270\" data-end=\"2279\">Satz 5: <\/strong>Heidelbeere Eis - Kiwi Passionsfrucht Guave - Dreifach Melone - Pfirsich Ananas - Passionate Kiss<\/li>\n<li data-start=\"2375\" data-end=\"2390\"><strong data-start=\"2379\" data-end=\"2388\">Satz 6: <\/strong>Heidelbeere Eis - Wassermelone Bubble Gum - Saurer Apfel Himbeere - Lotusfrucht Mango Melone - Passionsfrucht Kiwi Limette<\/li>\n<li data-start=\"2505\" data-end=\"2520\"><strong data-start=\"2509\" data-end=\"2518\">Satz 7: <\/strong>Wassermeloneneis - Gemischte Beeren - Apfel-Birne - Heidelbeer-Minze - Sommerzeit<\/li>\n<li data-start=\"2597\" data-end=\"2612\"><strong data-start=\"2601\" data-end=\"2610\">Satz 8: <\/strong>Wassermelone Ice - Erdbeer-Mango - Kalifornische Kirsche - Blaubeer-Pfirsich Ice - Berry Cool<\/li>\n<li data-start=\"2703\" data-end=\"2718\"><strong data-start=\"2707\" data-end=\"2716\">Satz 9: <\/strong>Erdbeer-Wassermelone - Trauben-Eis - Roter Mojito - Bananen-Eis - Zitrone-Limette<\/li>\n<li data-start=\"2793\" data-end=\"2809\"><strong data-start=\"2797\" data-end=\"2807\">Satz 10: <\/strong>Erdbeer-Wassermelone - Cantaloupe-Apfel - Cola-Eis - Mango-Pfirsich - Love 66<\/li>\n<li data-start=\"2887\" data-end=\"2903\"><strong data-start=\"2891\" data-end=\"2901\">Satz 11: <\/strong>Erdbeer-Kiwi - Erdbeer-Banane - Lychee-Eis - Wassermelone-Beere - Passionsfrucht-Mango<\/li>\n<li data-start=\"2995\" data-end=\"3011\"><strong data-start=\"2999\" data-end=\"3009\">Satz 12: <\/strong>Erdbeer-Kiwi - Blaubeer-Wassermelone - Bear Fudge - Blaubeer-Kaugummi - Saure Mango-Ananas<\/li>\n<\/ul>\n<p data-start=\"3111\" data-end=\"3171\">Zuf\u00e4llige Geschmacksrichtungen (schnelle Lieferung) auch f\u00fcr EU-K\u00e4ufer verf\u00fcgbar.<\/p>\n<hr data-start=\"3173\" data-end=\"3176\" \/>\n<h2 data-start=\"3178\" data-end=\"3207\"><strong data-start=\"3181\" data-end=\"3207\">H\u00f6hepunkte der Leistung<\/strong><\/h2>\n<h4 data-start=\"3209\" data-end=\"3258\"><strong data-start=\"3213\" data-end=\"3256\">Maschenspule mit sauberer, gleichm\u00e4\u00dfiger Leistung<\/strong><\/h4>\n<p data-start=\"3259\" data-end=\"3384\">Die Mesh-Spule sorgt f\u00fcr einen sanften Zug, reicheren Geschmack und gleichm\u00e4\u00dfigen Dampf w\u00e4hrend der gesamten <strong data-start=\"3353\" data-end=\"3374\">Vape 120000 Z\u00fcge<\/strong> Lebenserwartung.<\/p>\n<h4 data-start=\"3386\" data-end=\"3427\"><strong data-start=\"3390\" data-end=\"3425\">5-in-1-Multi-Aroma-Komfort<\/strong><\/h4>\n<p data-start=\"3428\" data-end=\"3551\">Mit f\u00fcnf Geschmacksrichtungen in einem Ger\u00e4t k\u00f6nnen Nutzer die Vielfalt genie\u00dfen, ohne Einwegprodukte wechseln zu m\u00fcssen - perfekt f\u00fcr den Langzeit- oder Reisegebrauch.<\/p>\n<h4 data-start=\"3553\" data-end=\"3591\"><strong data-start=\"3557\" data-end=\"3589\">Optimierte Batterie-Effizienz<\/strong><\/h4>\n<p data-start=\"3592\" data-end=\"3703\">Die <strong data-start=\"3596\" data-end=\"3627\">900mAh wiederaufladbare Batterie<\/strong> unterst\u00fctzt die hohe Puffleistung bei stabiler Leistung und effizienter Energienutzung.<\/p>\n<h4 data-start=\"3705\" data-end=\"3743\"><strong data-start=\"3709\" data-end=\"3741\">Kompakte Ultra-Kapazit\u00e4tsbauweise<\/strong><\/h4>\n<p data-start=\"3744\" data-end=\"3839\">Trotz seines gro\u00dfen Fassungsverm\u00f6gens hat der Bang Legend 120000 ein handliches, handfl\u00e4chenfreundliches Profil.<\/p>\n<hr data-start=\"3841\" data-end=\"3844\" \/>\n<h2 data-start=\"3846\" data-end=\"3860\"><strong data-start=\"3849\" data-end=\"3860\">Zusammenfassung<\/strong><\/h2>\n<p data-start=\"3862\" data-end=\"4157\">Die <strong data-start=\"3866\" data-end=\"3888\">Knall Legende 120000<\/strong> kombiniert extreme Puff-Lebensdauer, 5-in-1 Geschmacksrotation, Mesh-Coil-Technologie und Typ-C-Effizienz. Als einer der st\u00e4rksten Anw\u00e4rter in der <strong data-start=\"4027\" data-end=\"4057\">120k vape \/ 120k puff vape<\/strong> Klasse ist sie f\u00fcr Benutzer gedacht, die ein Maximum an Langlebigkeit und Geschmacksvielfalt von einem einzigen Einwegprodukt erwarten.<\/p>","protected":false},"excerpt":{"rendered":"<p data-start=\"4240\" data-end=\"4383\">Bang Legend 120000: bis zu 120k Z\u00fcge, 5-in-1-Aromen, Mesh-Spule, 900mAh Typ-C. Ultra-lange Einweg f\u00fcr maximale Ausdauer und Geschmacksvielfalt.<\/p>","protected":false},"featured_media":21782,"comment_status":"open","ping_status":"closed","template":"","meta":{"_acf_changed":false},"pwb-brand":[166],"product_brand":[],"product_cat":[15,87,57,89,84,91,1380,93],"product_tag":[74],"class_list":{"0":"post-21779","1":"product","2":"type-product","3":"status-publish","4":"has-post-thumbnail","6":"pwb-brand-bang","7":"product_cat-vape","8":"product_cat-big-puff-vape","9":"product_cat-disposable-vape","10":"product_cat-double-tank","11":"product_cat-eu-warehouse-in-stock","12":"product_cat-low-nicotine-vape","13":"product_cat-nicotine-free-vape","14":"product_cat-rechargeable-vapes","15":"product_tag-puff-120k","17":"first","18":"instock","19":"shipping-taxable","20":"purchasable","21":"product-type-variable"},"acf":[],"yoast_head":"<!-- This site is optimized with the Yoast SEO Premium plugin v26.3 (Yoast SEO v26.3) - https:\/\/yoast.com\/wordpress\/plugins\/seo\/ -->\n<title>Bang Legend 120000 \u2014 120k Puffs, 5-in-1 Flavors, Mesh Coil - EuVapen<\/title>\n<meta name=\"description\" content=\"Bang Legend 120000 delivers up to 120k puffs with 5-in-1 flavors, mesh coil, 35mL capacity and Type-C recharge. A leading 120k vape in the Vape 120000 Puffs category.\" \/>\n<meta name=\"robots\" content=\"index, follow, max-snippet:-1, max-image-preview:large, max-video-preview:-1\" \/>\n<link rel=\"canonical\" href=\"https:\/\/euvapen.com\/de\/produkt\/puff-120k-bang-legend-120000-puffs-disposable-vape-5-in-1-flavors-eu-warehouse\/\" \/>\n<meta property=\"og:locale\" content=\"de_DE\" \/>\n<meta property=\"og:type\" content=\"article\" \/>\n<meta property=\"og:title\" content=\"Puff 120k Bang Legend 120000 Puffs Disposable Vape 5 in 1 Flavors EU Warehouse\" \/>\n<meta property=\"og:description\" content=\"Bang Legend 120000 delivers up to 120k puffs with 5-in-1 flavors, mesh coil, 35mL capacity and Type-C recharge. A leading 120k vape in the Vape 120000 Puffs category.\" \/>\n<meta property=\"og:url\" content=\"https:\/\/euvapen.com\/de\/produkt\/puff-120k-bang-legend-120000-puffs-disposable-vape-5-in-1-flavors-eu-warehouse\/\" \/>\n<meta property=\"og:site_name\" content=\"EuVapen\" \/>\n<meta property=\"article:modified_time\" content=\"2025-11-19T11:02:05+00:00\" \/>\n<meta property=\"og:image\" content=\"https:\/\/euvapen.com\/wp-content\/uploads\/2025\/11\/Puff-120k-Bang-Legend-120000-Puffs-Disposable-Vape-5-in-1-Flavors-EU-Warehouse-1.webp\" \/>\n\t<meta property=\"og:image:width\" content=\"1000\" \/>\n\t<meta property=\"og:image:height\" content=\"1000\" \/>\n\t<meta property=\"og:image:type\" content=\"image\/webp\" \/>\n<meta name=\"twitter:card\" content=\"summary_large_image\" \/>\n<meta name=\"twitter:label1\" content=\"Verf\u00fcgbarkeit\" \/>\n\t<meta name=\"twitter:data1\" content=\"Auf Lager\" \/>\n<script type=\"application\/ld+json\" class=\"yoast-schema-graph\">{\"@context\":\"https:\/\/schema.org\",\"@graph\":[{\"@type\":\"WebPage\",\"@id\":\"https:\/\/euvapen.com\/product\/puff-120k-bang-legend-120000-puffs-disposable-vape-5-in-1-flavors-eu-warehouse\/\",\"url\":\"https:\/\/euvapen.com\/product\/puff-120k-bang-legend-120000-puffs-disposable-vape-5-in-1-flavors-eu-warehouse\/\",\"name\":\"Bang Legend 120000 \u2014 120k Puffs, 5-in-1 Flavors, Mesh Coil - EuVapen\",\"isPartOf\":{\"@id\":\"https:\/\/euvapen.com\/#website\"},\"primaryImageOfPage\":{\"@id\":\"https:\/\/euvapen.com\/product\/puff-120k-bang-legend-120000-puffs-disposable-vape-5-in-1-flavors-eu-warehouse\/#primaryimage\"},\"image\":{\"@id\":\"https:\/\/euvapen.com\/product\/puff-120k-bang-legend-120000-puffs-disposable-vape-5-in-1-flavors-eu-warehouse\/#primaryimage\"},\"thumbnailUrl\":\"https:\/\/euvapen.com\/wp-content\/uploads\/2025\/11\/Puff-120k-Bang-Legend-120000-Puffs-Disposable-Vape-5-in-1-Flavors-EU-Warehouse-1.webp\",\"datePublished\":\"2025-11-19T11:02:04+00:00\",\"dateModified\":\"2025-11-19T11:02:05+00:00\",\"description\":\"Bang Legend 120000 delivers up to 120k puffs with 5-in-1 flavors, mesh coil, 35mL capacity and Type-C recharge. A leading 120k vape in the Vape 120000 Puffs category.\",\"breadcrumb\":{\"@id\":\"https:\/\/euvapen.com\/product\/puff-120k-bang-legend-120000-puffs-disposable-vape-5-in-1-flavors-eu-warehouse\/#breadcrumb\"},\"inLanguage\":\"de\",\"potentialAction\":[{\"@type\":\"ReadAction\",\"target\":[\"https:\/\/euvapen.com\/product\/puff-120k-bang-legend-120000-puffs-disposable-vape-5-in-1-flavors-eu-warehouse\/\"]}]},{\"@type\":\"ImageObject\",\"inLanguage\":\"de\",\"@id\":\"https:\/\/euvapen.com\/product\/puff-120k-bang-legend-120000-puffs-disposable-vape-5-in-1-flavors-eu-warehouse\/#primaryimage\",\"url\":\"https:\/\/euvapen.com\/wp-content\/uploads\/2025\/11\/Puff-120k-Bang-Legend-120000-Puffs-Disposable-Vape-5-in-1-Flavors-EU-Warehouse-1.webp\",\"contentUrl\":\"https:\/\/euvapen.com\/wp-content\/uploads\/2025\/11\/Puff-120k-Bang-Legend-120000-Puffs-Disposable-Vape-5-in-1-Flavors-EU-Warehouse-1.webp\",\"width\":1000,\"height\":1000,\"caption\":\"Puff 120k Bang Legend 120000 Puffs Disposable Vape 5 in 1 Flavors EU Warehouse #1\"},{\"@type\":\"BreadcrumbList\",\"@id\":\"https:\/\/euvapen.com\/product\/puff-120k-bang-legend-120000-puffs-disposable-vape-5-in-1-flavors-eu-warehouse\/#breadcrumb\",\"itemListElement\":[{\"@type\":\"ListItem\",\"position\":1,\"name\":\"Home\",\"item\":\"https:\/\/euvapen.com\/\"},{\"@type\":\"ListItem\",\"position\":2,\"name\":\"Shop\",\"item\":\"https:\/\/euvapen.com\/shop\/\"},{\"@type\":\"ListItem\",\"position\":3,\"name\":\"Puff 120k Bang Legend 120000 Puffs Disposable Vape 5 in 1 Flavors EU Warehouse\"}]},{\"@type\":\"WebSite\",\"@id\":\"https:\/\/euvapen.com\/#website\",\"url\":\"https:\/\/euvapen.com\/\",\"name\":\"bestpuffvape\",\"description\":\"\",\"publisher\":{\"@id\":\"https:\/\/euvapen.com\/#organization\"},\"potentialAction\":[{\"@type\":\"SearchAction\",\"target\":{\"@type\":\"EntryPoint\",\"urlTemplate\":\"https:\/\/euvapen.com\/?s={search_term_string}\"},\"query-input\":{\"@type\":\"PropertyValueSpecification\",\"valueRequired\":true,\"valueName\":\"search_term_string\"}}],\"inLanguage\":\"de\"},{\"@type\":[\"Organization\",\"Place\"],\"@id\":\"https:\/\/euvapen.com\/#organization\",\"name\":\"bestpuffvape\",\"alternateName\":\"bestpuffvape\",\"url\":\"https:\/\/euvapen.com\/\",\"logo\":{\"@id\":\"https:\/\/euvapen.com\/product\/puff-120k-bang-legend-120000-puffs-disposable-vape-5-in-1-flavors-eu-warehouse\/#local-main-organization-logo\"},\"image\":{\"@id\":\"https:\/\/euvapen.com\/product\/puff-120k-bang-legend-120000-puffs-disposable-vape-5-in-1-flavors-eu-warehouse\/#local-main-organization-logo\"},\"telephone\":[],\"openingHoursSpecification\":[{\"@type\":\"OpeningHoursSpecification\",\"dayOfWeek\":[\"Monday\",\"Tuesday\",\"Wednesday\",\"Thursday\",\"Friday\",\"Saturday\",\"Sunday\"],\"opens\":\"00:00\",\"closes\":\"23:59\"}]},{\"@type\":\"ImageObject\",\"inLanguage\":\"de\",\"@id\":\"https:\/\/euvapen.com\/product\/puff-120k-bang-legend-120000-puffs-disposable-vape-5-in-1-flavors-eu-warehouse\/#local-main-organization-logo\",\"url\":\"https:\/\/euvapen.com\/wp-content\/uploads\/2025\/10\/cropped-puffvape-logo.png\",\"contentUrl\":\"https:\/\/euvapen.com\/wp-content\/uploads\/2025\/10\/cropped-puffvape-logo.png\",\"width\":512,\"height\":512,\"caption\":\"bestpuffvape\"}]}<\/script>\n<meta property=\"og:availability\" content=\"instock\" \/>\n<meta property=\"product:availability\" content=\"instock\" \/>\n<meta property=\"product:retailer_item_id\" content=\"Bang-Legend-120k\" \/>\n<meta property=\"product:condition\" content=\"new\" \/>\n<!-- \/ Yoast SEO Premium plugin. -->","yoast_head_json":{"title":"Bang Legend 120000 \u2014 120k Puffs, 5-in-1 Flavors, Mesh Coil - EuVapen","description":"Bang Legend 120000 liefert bis zu 120k Puffs mit 5-in-1-Aromen, Mesh-Spule, 35mL Kapazit\u00e4t und Typ-C aufladen. Ein f\u00fchrender 120k Vape in der Vape 120000 Puffs Kategorie.","robots":{"index":"index","follow":"follow","max-snippet":"max-snippet:-1","max-image-preview":"max-image-preview:large","max-video-preview":"max-video-preview:-1"},"canonical":"https:\/\/euvapen.com\/de\/produkt\/puff-120k-bang-legend-120000-puffs-disposable-vape-5-in-1-flavors-eu-warehouse\/","og_locale":"de_DE","og_type":"article","og_title":"Puff 120k Bang Legend 120000 Puffs Disposable Vape 5 in 1 Flavors EU Warehouse","og_description":"Bang Legend 120000 delivers up to 120k puffs with 5-in-1 flavors, mesh coil, 35mL capacity and Type-C recharge. A leading 120k vape in the Vape 120000 Puffs category.","og_url":"https:\/\/euvapen.com\/de\/produkt\/puff-120k-bang-legend-120000-puffs-disposable-vape-5-in-1-flavors-eu-warehouse\/","og_site_name":"EuVapen","article_modified_time":"2025-11-19T11:02:05+00:00","og_image":[{"width":1000,"height":1000,"url":"https:\/\/euvapen.com\/wp-content\/uploads\/2025\/11\/Puff-120k-Bang-Legend-120000-Puffs-Disposable-Vape-5-in-1-Flavors-EU-Warehouse-1.webp","type":"image\/webp"}],"twitter_card":"summary_large_image","twitter_misc":{"Verf\u00fcgbarkeit":"Auf Lager"},"schema":{"@context":"https:\/\/schema.org","@graph":[{"@type":"WebPage","@id":"https:\/\/euvapen.com\/product\/puff-120k-bang-legend-120000-puffs-disposable-vape-5-in-1-flavors-eu-warehouse\/","url":"https:\/\/euvapen.com\/product\/puff-120k-bang-legend-120000-puffs-disposable-vape-5-in-1-flavors-eu-warehouse\/","name":"Bang Legend 120000 \u2014 120k Puffs, 5-in-1 Flavors, Mesh Coil - EuVapen","isPartOf":{"@id":"https:\/\/euvapen.com\/#website"},"primaryImageOfPage":{"@id":"https:\/\/euvapen.com\/product\/puff-120k-bang-legend-120000-puffs-disposable-vape-5-in-1-flavors-eu-warehouse\/#primaryimage"},"image":{"@id":"https:\/\/euvapen.com\/product\/puff-120k-bang-legend-120000-puffs-disposable-vape-5-in-1-flavors-eu-warehouse\/#primaryimage"},"thumbnailUrl":"https:\/\/euvapen.com\/wp-content\/uploads\/2025\/11\/Puff-120k-Bang-Legend-120000-Puffs-Disposable-Vape-5-in-1-Flavors-EU-Warehouse-1.webp","datePublished":"2025-11-19T11:02:04+00:00","dateModified":"2025-11-19T11:02:05+00:00","description":"Bang Legend 120000 liefert bis zu 120k Puffs mit 5-in-1-Aromen, Mesh-Spule, 35mL Kapazit\u00e4t und Typ-C aufladen. Ein f\u00fchrender 120k Vape in der Vape 120000 Puffs Kategorie.","breadcrumb":{"@id":"https:\/\/euvapen.com\/product\/puff-120k-bang-legend-120000-puffs-disposable-vape-5-in-1-flavors-eu-warehouse\/#breadcrumb"},"inLanguage":"de","potentialAction":[{"@type":"ReadAction","target":["https:\/\/euvapen.com\/product\/puff-120k-bang-legend-120000-puffs-disposable-vape-5-in-1-flavors-eu-warehouse\/"]}]},{"@type":"ImageObject","inLanguage":"de","@id":"https:\/\/euvapen.com\/product\/puff-120k-bang-legend-120000-puffs-disposable-vape-5-in-1-flavors-eu-warehouse\/#primaryimage","url":"https:\/\/euvapen.com\/wp-content\/uploads\/2025\/11\/Puff-120k-Bang-Legend-120000-Puffs-Disposable-Vape-5-in-1-Flavors-EU-Warehouse-1.webp","contentUrl":"https:\/\/euvapen.com\/wp-content\/uploads\/2025\/11\/Puff-120k-Bang-Legend-120000-Puffs-Disposable-Vape-5-in-1-Flavors-EU-Warehouse-1.webp","width":1000,"height":1000,"caption":"Puff 120k Bang Legend 120000 Puffs Disposable Vape 5 in 1 Flavors EU Warehouse #1"},{"@type":"BreadcrumbList","@id":"https:\/\/euvapen.com\/product\/puff-120k-bang-legend-120000-puffs-disposable-vape-5-in-1-flavors-eu-warehouse\/#breadcrumb","itemListElement":[{"@type":"ListItem","position":1,"name":"Home","item":"https:\/\/euvapen.com\/"},{"@type":"ListItem","position":2,"name":"Shop","item":"https:\/\/euvapen.com\/shop\/"},{"@type":"ListItem","position":3,"name":"Puff 120k Bang Legend 120000 Puffs Disposable Vape 5 in 1 Flavors EU Warehouse"}]},{"@type":"WebSite","@id":"https:\/\/euvapen.com\/#website","url":"https:\/\/euvapen.com\/","name":"bestpuffvape","description":"","publisher":{"@id":"https:\/\/euvapen.com\/#organization"},"potentialAction":[{"@type":"SearchAction","target":{"@type":"EntryPoint","urlTemplate":"https:\/\/euvapen.com\/?s={search_term_string}"},"query-input":{"@type":"PropertyValueSpecification","valueRequired":true,"valueName":"search_term_string"}}],"inLanguage":"de"},{"@type":["Organization","Place"],"@id":"https:\/\/euvapen.com\/#organization","name":"bestpuffvape","alternateName":"bestpuffvape","url":"https:\/\/euvapen.com\/","logo":{"@id":"https:\/\/euvapen.com\/product\/puff-120k-bang-legend-120000-puffs-disposable-vape-5-in-1-flavors-eu-warehouse\/#local-main-organization-logo"},"image":{"@id":"https:\/\/euvapen.com\/product\/puff-120k-bang-legend-120000-puffs-disposable-vape-5-in-1-flavors-eu-warehouse\/#local-main-organization-logo"},"telephone":[],"openingHoursSpecification":[{"@type":"OpeningHoursSpecification","dayOfWeek":["Monday","Tuesday","Wednesday","Thursday","Friday","Saturday","Sunday"],"opens":"00:00","closes":"23:59"}]},{"@type":"ImageObject","inLanguage":"de","@id":"https:\/\/euvapen.com\/product\/puff-120k-bang-legend-120000-puffs-disposable-vape-5-in-1-flavors-eu-warehouse\/#local-main-organization-logo","url":"https:\/\/euvapen.com\/wp-content\/uploads\/2025\/10\/cropped-puffvape-logo.png","contentUrl":"https:\/\/euvapen.com\/wp-content\/uploads\/2025\/10\/cropped-puffvape-logo.png","width":512,"height":512,"caption":"bestpuffvape"}]},"og_availability":"instock","product_availability":"instock","product_retailer_item_id":"Bang-Legend-120k","product_condition":"new"},"brands":[{"id":166,"name":"Bang","slug":"bang"}],"tiered_pricing_type":"fixed","tiered_pricing_fixed_rules":{"30":"12","50":"11.5","100":"11","200":"10.5"},"tiered_pricing_product_settings":{"layout":"default","base_unit_name":{"singular":null,"plural":null},"default_variation":{}},"tiered_pricing_minimum_quantity":10,"tiered_pricing_roles_data":[],"tiered_pricing_percentage_rules":[],"tiered_pricing_maximum_quantity":null,"tiered_pricing_quantity_step":null,"_links":{"self":[{"href":"https:\/\/euvapen.com\/de\/wp-json\/wp\/v2\/product\/21779","targetHints":{"allow":["GET"]}}],"collection":[{"href":"https:\/\/euvapen.com\/de\/wp-json\/wp\/v2\/product"}],"about":[{"href":"https:\/\/euvapen.com\/de\/wp-json\/wp\/v2\/types\/product"}],"replies":[{"embeddable":true,"href":"https:\/\/euvapen.com\/de\/wp-json\/wp\/v2\/comments?post=21779"}],"wp:featuredmedia":[{"embeddable":true,"href":"https:\/\/euvapen.com\/de\/wp-json\/wp\/v2\/media\/21782"}],"wp:attachment":[{"href":"https:\/\/euvapen.com\/de\/wp-json\/wp\/v2\/media?parent=21779"}],"wp:term":[{"taxonomy":"pwb-brand","embeddable":true,"href":"https:\/\/euvapen.com\/de\/wp-json\/wp\/v2\/pwb-brand?post=21779"},{"taxonomy":"product_brand","embeddable":true,"href":"https:\/\/euvapen.com\/de\/wp-json\/wp\/v2\/product_brand?post=21779"},{"taxonomy":"product_cat","embeddable":true,"href":"https:\/\/euvapen.com\/de\/wp-json\/wp\/v2\/product_cat?post=21779"},{"taxonomy":"product_tag","embeddable":true,"href":"https:\/\/euvapen.com\/de\/wp-json\/wp\/v2\/product_tag?post=21779"}],"curies":[{"name":"wp","href":"https:\/\/api.w.org\/{rel}","templated":true}]}}