{"id":22515,"date":"2025-11-22T09:00:51","date_gmt":"2025-11-22T09:00:51","guid":{"rendered":"https:\/\/euvapen.com\/?post_type=product&#038;p=22515"},"modified":"2025-11-22T09:00:53","modified_gmt":"2025-11-22T09:00:53","slug":"puff-60k-bang-king-ice-cool-60000-puffs-disposable-vape-adjustable-cooling","status":"publish","type":"product","link":"https:\/\/euvapen.com\/de\/produkt\/puff-60k-bang-king-ice-cool-60000-puffs-disposable-vape-adjustable-cooling\/","title":{"rendered":"Puff 60k Bang King Ice Cool 60000 Puffs Einweg Vape Einstellbare K\u00fchlung"},"content":{"rendered":"<h2 data-start=\"233\" data-end=\"322\"><strong data-start=\"236\" data-end=\"322\">Bang King Ice Cool 60000 - Ultra-Long 60K Puff Disposable mit einstellbarer Coolness<\/strong><\/h2>\n<p data-start=\"323\" data-end=\"596\">Die <strong data-start=\"327\" data-end=\"355\">Bang King Ice Cool 60000<\/strong> wurde f\u00fcr Dampfer entwickelt, die extreme Ausdauer, verbesserte K\u00fchlungssteuerung und ultra-sanfte Geschmacksabgabe w\u00fcnschen. Bietet bis zu <strong data-start=\"482\" data-end=\"498\">60.000 Z\u00fcge<\/strong> und eine gro\u00dfz\u00fcgige <strong data-start=\"514\" data-end=\"527\">25mL-Tank<\/strong>, diese <strong data-start=\"534\" data-end=\"546\">60k vape<\/strong> bietet erstklassige Leistung bei l\u00e4ngerer Nutzung.<\/p>\n<p data-start=\"598\" data-end=\"886\">Ausgestattet mit einem <strong data-start=\"614\" data-end=\"632\">1.0\u03a9 Maschenspule<\/strong>, <strong data-start=\"634\" data-end=\"665\">850mAh wiederaufladbare Batterie<\/strong>, und <strong data-start=\"671\" data-end=\"702\">5-stufige K\u00fchleinstellung<\/strong>, Mit diesem System kann der Benutzer die Intensit\u00e4t des Chillens bei jedem Inhalieren individuell einstellen. Die lebendige <strong data-start=\"782\" data-end=\"796\">LED-Bildschirm<\/strong> liefert echte Vaping-Daten, w\u00e4hrend das Typ-C-Schnellladen f\u00fcr eine konstante, zuverl\u00e4ssige Stromversorgung sorgt.<\/p>\n<p data-start=\"888\" data-end=\"1002\">Perfekt f\u00fcr Gro\u00dfh\u00e4ndler, Einzelh\u00e4ndler und Kunden mit hoher Beanspruchung, die eine lange Lebensdauer w\u00fcnschen <strong data-start=\"969\" data-end=\"989\">Vape 60000 Z\u00fcge<\/strong> Leistung.<\/p>\n<hr data-start=\"1004\" data-end=\"1007\" \/>\n<h2 data-start=\"1009\" data-end=\"1028\"><strong data-start=\"1012\" data-end=\"1028\">Wesentliche Merkmale<\/strong><\/h2>\n<ul>\n<li data-start=\"1031\" data-end=\"1085\"><strong data-start=\"1031\" data-end=\"1049\">Puff-Kapazit\u00e4t:<\/strong> Bis zu <strong data-start=\"1056\" data-end=\"1072\">60.000 Z\u00fcge<\/strong> (Puff 60k)<\/li>\n<li data-start=\"1088\" data-end=\"1123\"><strong data-start=\"1088\" data-end=\"1108\">Nikotingehalt:<\/strong> 2% \/ 3% \/ 5%<\/li>\n<li data-start=\"1126\" data-end=\"1164\"><strong data-start=\"1126\" data-end=\"1146\">E-Liquid Volumen:<\/strong> 25mL gro\u00dfer Tank<\/li>\n<li data-start=\"1167\" data-end=\"1226\"><strong data-start=\"1167\" data-end=\"1186\">Struktur der Spule:<\/strong> 1.0\u03a9 Mesh-Spule f\u00fcr weichen, reichen Dampf<\/li>\n<li data-start=\"1229\" data-end=\"1263\"><strong data-start=\"1229\" data-end=\"1241\">Batterie:<\/strong> 850mAh wiederaufladbar<\/li>\n<li data-start=\"1266\" data-end=\"1317\"><strong data-start=\"1266\" data-end=\"1286\">Steuerung der K\u00fchlung:<\/strong> 5 einstellbare Coolness-Stufen<\/li>\n<li data-start=\"1320\" data-end=\"1369\"><strong data-start=\"1320\" data-end=\"1332\">Anzeige:<\/strong> LED-Anzeige f\u00fcr Batterie- und Puff-Informationen<\/li>\n<li data-start=\"1372\" data-end=\"1406\"><strong data-start=\"1372\" data-end=\"1385\">Aufladen:<\/strong> Typ-C-Schnellladung<\/li>\n<li data-start=\"1409\" data-end=\"1437\"><strong data-start=\"1409\" data-end=\"1423\">Verpackung:<\/strong> 10 St\u00fcck\/Packung<\/li>\n<li data-start=\"1440\" data-end=\"1490\"><strong data-start=\"1440\" data-end=\"1453\">Kategorie:<\/strong> Leistungsstarke <strong data-start=\"1471\" data-end=\"1488\">60k puff vape<\/strong><\/li>\n<\/ul>\n<hr data-start=\"1492\" data-end=\"1495\" \/>\n<h2 data-start=\"1497\" data-end=\"1539\"><strong data-start=\"1500\" data-end=\"1539\">Warum Bang King Ice Cool 60000 w\u00e4hlen?<\/strong><\/h2>\n<ul>\n<li data-start=\"1542\" data-end=\"1592\">Verbessertes K\u00fchlsystem mit 5 einstellbaren Stufen<\/li>\n<li data-start=\"1595\" data-end=\"1633\">Ultra-glatte Mesh-Spule Geschmack Ausgabe<\/li>\n<li data-start=\"1636\" data-end=\"1675\">Langlebiger 25-ml-Tank f\u00fcr lange Haltbarkeit<\/li>\n<li data-start=\"1678\" data-end=\"1733\">Hervorragend geeignet f\u00fcr Nutzer, die eisige, erfrischende Profile lieben<\/li>\n<li data-start=\"1736\" data-end=\"1796\">Starke Batterieunterst\u00fctzung gew\u00e4hrleistet Stabilit\u00e4t <strong data-start=\"1774\" data-end=\"1794\">Vape 60000 Z\u00fcge<\/strong><\/li>\n<li data-start=\"1799\" data-end=\"1842\">LED-Bildschirm liefert klares Vaping-Feedback<\/li>\n<\/ul>\n<hr data-start=\"1844\" data-end=\"1847\" \/>\n<h2 data-start=\"1849\" data-end=\"1898\"><strong data-start=\"1852\" data-end=\"1898\">Bang King Ice Cool 60K Puffs - Geschmacksliste<\/strong><\/h2>\n<ol>\n<li data-start=\"1901\" data-end=\"1916\">Blaues Razzeis<\/li>\n<li data-start=\"1919\" data-end=\"1942\">Erdbeere Wassermelone<\/li>\n<li data-start=\"1945\" data-end=\"1961\">Wassermelone Eis<\/li>\n<li data-start=\"1964\" data-end=\"1975\">Pfirsich-Eis<\/li>\n<li data-start=\"1978\" data-end=\"1989\">Traubeneis<\/li>\n<li data-start=\"1992\" data-end=\"2005\">Schreckensbeere<\/li>\n<li data-start=\"2008\" data-end=\"2023\">Kirsche Strazz<\/li>\n<li data-start=\"2026\" data-end=\"2039\">Mango-Zauber<\/li>\n<li data-start=\"2042\" data-end=\"2066\">Erdbeer-Drachenfrucht<\/li>\n<li data-start=\"2069\" data-end=\"2082\">Tigerblut<\/li>\n<li data-start=\"2085\" data-end=\"2100\">Sommerpl\u00e4tschern<\/li>\n<li data-start=\"2103\" data-end=\"2120\">Sour Lush Gummib\u00e4rchen<\/li>\n<\/ol>","protected":false},"excerpt":{"rendered":"<p data-start=\"2166\" data-end=\"2385\">Die <strong data-start=\"2170\" data-end=\"2198\">Bang King Ice Cool 60000<\/strong> liefert bis zu <strong data-start=\"2214\" data-end=\"2227\">60k Puffs<\/strong> mit 5-stufiger Coolness-Kontrolle, 25 ml Fassungsverm\u00f6gen, Mesh-Spule, 850-mAh-Akku, LED-Bildschirm und Typ-C-Schnellladung - ein leistungsstarkes, erfrischendes <strong data-start=\"2361\" data-end=\"2373\">60k vape<\/strong> Erfahrung.<\/p>","protected":false},"featured_media":22516,"comment_status":"open","ping_status":"closed","template":"","meta":{"_acf_changed":false},"pwb-brand":[166],"product_brand":[],"product_cat":[15,87,91,1380,93,95],"product_tag":[71],"class_list":{"0":"post-22515","1":"product","2":"type-product","3":"status-publish","4":"has-post-thumbnail","6":"pwb-brand-bang","7":"product_cat-vape","8":"product_cat-big-puff-vape","9":"product_cat-low-nicotine-vape","10":"product_cat-nicotine-free-vape","11":"product_cat-rechargeable-vapes","12":"product_cat-vape-with-screen","13":"product_tag-puff-60k","15":"first","16":"instock","17":"shipping-taxable","18":"purchasable","19":"product-type-variable"},"acf":[],"yoast_head":"<!-- This site is optimized with the Yoast SEO Premium plugin v26.3 (Yoast SEO v26.3) - https:\/\/yoast.com\/wordpress\/plugins\/seo\/ -->\n<title>Bang King Ice Cool 60000 | Puff 60k Cooling Disposable | 60k Vape - EuVapen<\/title>\n<meta name=\"description\" content=\"Discover the Bang King Ice Cool 60000, a long-lasting 60k puff vape with adjustable coolness, mesh coil, LED screen, 25mL capacity, and Type-C fast charging. A top-tier Vape 60000 Puffs device for icy, smooth performance.\" \/>\n<meta name=\"robots\" content=\"index, follow, max-snippet:-1, max-image-preview:large, max-video-preview:-1\" \/>\n<link rel=\"canonical\" href=\"https:\/\/euvapen.com\/de\/produkt\/puff-60k-bang-king-ice-cool-60000-puffs-disposable-vape-adjustable-cooling\/\" \/>\n<meta property=\"og:locale\" content=\"de_DE\" \/>\n<meta property=\"og:type\" content=\"article\" \/>\n<meta property=\"og:title\" content=\"Puff 60k Bang King Ice Cool 60000 Puffs Disposable Vape Adjustable Cooling\" \/>\n<meta property=\"og:description\" content=\"Discover the Bang King Ice Cool 60000, a long-lasting 60k puff vape with adjustable coolness, mesh coil, LED screen, 25mL capacity, and Type-C fast charging. A top-tier Vape 60000 Puffs device for icy, smooth performance.\" \/>\n<meta property=\"og:url\" content=\"https:\/\/euvapen.com\/de\/produkt\/puff-60k-bang-king-ice-cool-60000-puffs-disposable-vape-adjustable-cooling\/\" \/>\n<meta property=\"og:site_name\" content=\"EuVapen\" \/>\n<meta property=\"article:modified_time\" content=\"2025-11-22T09:00:53+00:00\" \/>\n<meta property=\"og:image\" content=\"https:\/\/euvapen.com\/wp-content\/uploads\/2025\/11\/Puff-60k-Bang-King-Ice-Cool-60000-Puffs-Disposable-Vape-Adjustable-Cooling-blue-razz-ice-1.jpg.webp\" \/>\n\t<meta property=\"og:image:width\" content=\"1000\" \/>\n\t<meta property=\"og:image:height\" content=\"1000\" \/>\n\t<meta property=\"og:image:type\" content=\"image\/webp\" \/>\n<meta name=\"twitter:card\" content=\"summary_large_image\" \/>\n<meta name=\"twitter:label1\" content=\"Verf\u00fcgbarkeit\" \/>\n\t<meta name=\"twitter:data1\" content=\"Auf Lager\" \/>\n<script type=\"application\/ld+json\" class=\"yoast-schema-graph\">{\"@context\":\"https:\/\/schema.org\",\"@graph\":[{\"@type\":\"WebPage\",\"@id\":\"https:\/\/euvapen.com\/product\/puff-60k-bang-king-ice-cool-60000-puffs-disposable-vape-adjustable-cooling\/\",\"url\":\"https:\/\/euvapen.com\/product\/puff-60k-bang-king-ice-cool-60000-puffs-disposable-vape-adjustable-cooling\/\",\"name\":\"Bang King Ice Cool 60000 | Puff 60k Cooling Disposable | 60k Vape - EuVapen\",\"isPartOf\":{\"@id\":\"https:\/\/euvapen.com\/#website\"},\"primaryImageOfPage\":{\"@id\":\"https:\/\/euvapen.com\/product\/puff-60k-bang-king-ice-cool-60000-puffs-disposable-vape-adjustable-cooling\/#primaryimage\"},\"image\":{\"@id\":\"https:\/\/euvapen.com\/product\/puff-60k-bang-king-ice-cool-60000-puffs-disposable-vape-adjustable-cooling\/#primaryimage\"},\"thumbnailUrl\":\"https:\/\/euvapen.com\/wp-content\/uploads\/2025\/11\/Puff-60k-Bang-King-Ice-Cool-60000-Puffs-Disposable-Vape-Adjustable-Cooling-blue-razz-ice-1.jpg.webp\",\"datePublished\":\"2025-11-22T09:00:51+00:00\",\"dateModified\":\"2025-11-22T09:00:53+00:00\",\"description\":\"Discover the Bang King Ice Cool 60000, a long-lasting 60k puff vape with adjustable coolness, mesh coil, LED screen, 25mL capacity, and Type-C fast charging. A top-tier Vape 60000 Puffs device for icy, smooth performance.\",\"breadcrumb\":{\"@id\":\"https:\/\/euvapen.com\/product\/puff-60k-bang-king-ice-cool-60000-puffs-disposable-vape-adjustable-cooling\/#breadcrumb\"},\"inLanguage\":\"de\",\"potentialAction\":[{\"@type\":\"ReadAction\",\"target\":[\"https:\/\/euvapen.com\/product\/puff-60k-bang-king-ice-cool-60000-puffs-disposable-vape-adjustable-cooling\/\"]}]},{\"@type\":\"ImageObject\",\"inLanguage\":\"de\",\"@id\":\"https:\/\/euvapen.com\/product\/puff-60k-bang-king-ice-cool-60000-puffs-disposable-vape-adjustable-cooling\/#primaryimage\",\"url\":\"https:\/\/euvapen.com\/wp-content\/uploads\/2025\/11\/Puff-60k-Bang-King-Ice-Cool-60000-Puffs-Disposable-Vape-Adjustable-Cooling-blue-razz-ice-1.jpg.webp\",\"contentUrl\":\"https:\/\/euvapen.com\/wp-content\/uploads\/2025\/11\/Puff-60k-Bang-King-Ice-Cool-60000-Puffs-Disposable-Vape-Adjustable-Cooling-blue-razz-ice-1.jpg.webp\",\"width\":1000,\"height\":1000,\"caption\":\"Puff 60k Bang King Ice Cool 60000 Puffs Disposable Vape Adjustable Cooling blue-razz-ice-1.jpg\"},{\"@type\":\"BreadcrumbList\",\"@id\":\"https:\/\/euvapen.com\/product\/puff-60k-bang-king-ice-cool-60000-puffs-disposable-vape-adjustable-cooling\/#breadcrumb\",\"itemListElement\":[{\"@type\":\"ListItem\",\"position\":1,\"name\":\"Home\",\"item\":\"https:\/\/euvapen.com\/\"},{\"@type\":\"ListItem\",\"position\":2,\"name\":\"Shop\",\"item\":\"https:\/\/euvapen.com\/shop\/\"},{\"@type\":\"ListItem\",\"position\":3,\"name\":\"Puff 60k Bang King Ice Cool 60000 Puffs Disposable Vape Adjustable Cooling\"}]},{\"@type\":\"WebSite\",\"@id\":\"https:\/\/euvapen.com\/#website\",\"url\":\"https:\/\/euvapen.com\/\",\"name\":\"bestpuffvape\",\"description\":\"\",\"publisher\":{\"@id\":\"https:\/\/euvapen.com\/#organization\"},\"potentialAction\":[{\"@type\":\"SearchAction\",\"target\":{\"@type\":\"EntryPoint\",\"urlTemplate\":\"https:\/\/euvapen.com\/?s={search_term_string}\"},\"query-input\":{\"@type\":\"PropertyValueSpecification\",\"valueRequired\":true,\"valueName\":\"search_term_string\"}}],\"inLanguage\":\"de\"},{\"@type\":[\"Organization\",\"Place\"],\"@id\":\"https:\/\/euvapen.com\/#organization\",\"name\":\"bestpuffvape\",\"alternateName\":\"bestpuffvape\",\"url\":\"https:\/\/euvapen.com\/\",\"logo\":{\"@id\":\"https:\/\/euvapen.com\/product\/puff-60k-bang-king-ice-cool-60000-puffs-disposable-vape-adjustable-cooling\/#local-main-organization-logo\"},\"image\":{\"@id\":\"https:\/\/euvapen.com\/product\/puff-60k-bang-king-ice-cool-60000-puffs-disposable-vape-adjustable-cooling\/#local-main-organization-logo\"},\"telephone\":[],\"openingHoursSpecification\":[{\"@type\":\"OpeningHoursSpecification\",\"dayOfWeek\":[\"Monday\",\"Tuesday\",\"Wednesday\",\"Thursday\",\"Friday\",\"Saturday\",\"Sunday\"],\"opens\":\"00:00\",\"closes\":\"23:59\"}]},{\"@type\":\"ImageObject\",\"inLanguage\":\"de\",\"@id\":\"https:\/\/euvapen.com\/product\/puff-60k-bang-king-ice-cool-60000-puffs-disposable-vape-adjustable-cooling\/#local-main-organization-logo\",\"url\":\"https:\/\/euvapen.com\/wp-content\/uploads\/2025\/10\/cropped-puffvape-logo.png\",\"contentUrl\":\"https:\/\/euvapen.com\/wp-content\/uploads\/2025\/10\/cropped-puffvape-logo.png\",\"width\":512,\"height\":512,\"caption\":\"bestpuffvape\"}]}<\/script>\n<meta property=\"og:availability\" content=\"instock\" \/>\n<meta property=\"product:availability\" content=\"instock\" \/>\n<meta property=\"product:retailer_item_id\" content=\"Ice-Cool-60k\" \/>\n<meta property=\"product:condition\" content=\"new\" \/>\n<!-- \/ Yoast SEO Premium plugin. -->","yoast_head_json":{"title":"Bang King Ice Cool 60000 | Puff 60k Cooling Disposable | 60k Vape - EuVapen","description":"Entdecken Sie die Bang King Ice Cool 60000, eine langlebige 60k Puff vape mit einstellbarer K\u00fchlung, Mesh-Spule, LED-Bildschirm, 25mL Kapazit\u00e4t und Typ-C schnelles Laden. Ein Top-Tier Vape 60000 Puffs Ger\u00e4t f\u00fcr eisige, glatte Leistung.","robots":{"index":"index","follow":"follow","max-snippet":"max-snippet:-1","max-image-preview":"max-image-preview:large","max-video-preview":"max-video-preview:-1"},"canonical":"https:\/\/euvapen.com\/de\/produkt\/puff-60k-bang-king-ice-cool-60000-puffs-disposable-vape-adjustable-cooling\/","og_locale":"de_DE","og_type":"article","og_title":"Puff 60k Bang King Ice Cool 60000 Puffs Disposable Vape Adjustable Cooling","og_description":"Discover the Bang King Ice Cool 60000, a long-lasting 60k puff vape with adjustable coolness, mesh coil, LED screen, 25mL capacity, and Type-C fast charging. A top-tier Vape 60000 Puffs device for icy, smooth performance.","og_url":"https:\/\/euvapen.com\/de\/produkt\/puff-60k-bang-king-ice-cool-60000-puffs-disposable-vape-adjustable-cooling\/","og_site_name":"EuVapen","article_modified_time":"2025-11-22T09:00:53+00:00","og_image":[{"width":1000,"height":1000,"url":"https:\/\/euvapen.com\/wp-content\/uploads\/2025\/11\/Puff-60k-Bang-King-Ice-Cool-60000-Puffs-Disposable-Vape-Adjustable-Cooling-blue-razz-ice-1.jpg.webp","type":"image\/webp"}],"twitter_card":"summary_large_image","twitter_misc":{"Verf\u00fcgbarkeit":"Auf Lager"},"schema":{"@context":"https:\/\/schema.org","@graph":[{"@type":"WebPage","@id":"https:\/\/euvapen.com\/product\/puff-60k-bang-king-ice-cool-60000-puffs-disposable-vape-adjustable-cooling\/","url":"https:\/\/euvapen.com\/product\/puff-60k-bang-king-ice-cool-60000-puffs-disposable-vape-adjustable-cooling\/","name":"Bang King Ice Cool 60000 | Puff 60k Cooling Disposable | 60k Vape - EuVapen","isPartOf":{"@id":"https:\/\/euvapen.com\/#website"},"primaryImageOfPage":{"@id":"https:\/\/euvapen.com\/product\/puff-60k-bang-king-ice-cool-60000-puffs-disposable-vape-adjustable-cooling\/#primaryimage"},"image":{"@id":"https:\/\/euvapen.com\/product\/puff-60k-bang-king-ice-cool-60000-puffs-disposable-vape-adjustable-cooling\/#primaryimage"},"thumbnailUrl":"https:\/\/euvapen.com\/wp-content\/uploads\/2025\/11\/Puff-60k-Bang-King-Ice-Cool-60000-Puffs-Disposable-Vape-Adjustable-Cooling-blue-razz-ice-1.jpg.webp","datePublished":"2025-11-22T09:00:51+00:00","dateModified":"2025-11-22T09:00:53+00:00","description":"Entdecken Sie die Bang King Ice Cool 60000, eine langlebige 60k Puff vape mit einstellbarer K\u00fchlung, Mesh-Spule, LED-Bildschirm, 25mL Kapazit\u00e4t und Typ-C schnelles Laden. Ein Top-Tier Vape 60000 Puffs Ger\u00e4t f\u00fcr eisige, glatte Leistung.","breadcrumb":{"@id":"https:\/\/euvapen.com\/product\/puff-60k-bang-king-ice-cool-60000-puffs-disposable-vape-adjustable-cooling\/#breadcrumb"},"inLanguage":"de","potentialAction":[{"@type":"ReadAction","target":["https:\/\/euvapen.com\/product\/puff-60k-bang-king-ice-cool-60000-puffs-disposable-vape-adjustable-cooling\/"]}]},{"@type":"ImageObject","inLanguage":"de","@id":"https:\/\/euvapen.com\/product\/puff-60k-bang-king-ice-cool-60000-puffs-disposable-vape-adjustable-cooling\/#primaryimage","url":"https:\/\/euvapen.com\/wp-content\/uploads\/2025\/11\/Puff-60k-Bang-King-Ice-Cool-60000-Puffs-Disposable-Vape-Adjustable-Cooling-blue-razz-ice-1.jpg.webp","contentUrl":"https:\/\/euvapen.com\/wp-content\/uploads\/2025\/11\/Puff-60k-Bang-King-Ice-Cool-60000-Puffs-Disposable-Vape-Adjustable-Cooling-blue-razz-ice-1.jpg.webp","width":1000,"height":1000,"caption":"Puff 60k Bang King Ice Cool 60000 Puffs Disposable Vape Adjustable Cooling blue-razz-ice-1.jpg"},{"@type":"BreadcrumbList","@id":"https:\/\/euvapen.com\/product\/puff-60k-bang-king-ice-cool-60000-puffs-disposable-vape-adjustable-cooling\/#breadcrumb","itemListElement":[{"@type":"ListItem","position":1,"name":"Home","item":"https:\/\/euvapen.com\/"},{"@type":"ListItem","position":2,"name":"Shop","item":"https:\/\/euvapen.com\/shop\/"},{"@type":"ListItem","position":3,"name":"Puff 60k Bang King Ice Cool 60000 Puffs Disposable Vape Adjustable Cooling"}]},{"@type":"WebSite","@id":"https:\/\/euvapen.com\/#website","url":"https:\/\/euvapen.com\/","name":"bestpuffvape","description":"","publisher":{"@id":"https:\/\/euvapen.com\/#organization"},"potentialAction":[{"@type":"SearchAction","target":{"@type":"EntryPoint","urlTemplate":"https:\/\/euvapen.com\/?s={search_term_string}"},"query-input":{"@type":"PropertyValueSpecification","valueRequired":true,"valueName":"search_term_string"}}],"inLanguage":"de"},{"@type":["Organization","Place"],"@id":"https:\/\/euvapen.com\/#organization","name":"bestpuffvape","alternateName":"bestpuffvape","url":"https:\/\/euvapen.com\/","logo":{"@id":"https:\/\/euvapen.com\/product\/puff-60k-bang-king-ice-cool-60000-puffs-disposable-vape-adjustable-cooling\/#local-main-organization-logo"},"image":{"@id":"https:\/\/euvapen.com\/product\/puff-60k-bang-king-ice-cool-60000-puffs-disposable-vape-adjustable-cooling\/#local-main-organization-logo"},"telephone":[],"openingHoursSpecification":[{"@type":"OpeningHoursSpecification","dayOfWeek":["Monday","Tuesday","Wednesday","Thursday","Friday","Saturday","Sunday"],"opens":"00:00","closes":"23:59"}]},{"@type":"ImageObject","inLanguage":"de","@id":"https:\/\/euvapen.com\/product\/puff-60k-bang-king-ice-cool-60000-puffs-disposable-vape-adjustable-cooling\/#local-main-organization-logo","url":"https:\/\/euvapen.com\/wp-content\/uploads\/2025\/10\/cropped-puffvape-logo.png","contentUrl":"https:\/\/euvapen.com\/wp-content\/uploads\/2025\/10\/cropped-puffvape-logo.png","width":512,"height":512,"caption":"bestpuffvape"}]},"og_availability":"instock","product_availability":"instock","product_retailer_item_id":"Ice-Cool-60k","product_condition":"new"},"brands":[{"id":166,"name":"Bang","slug":"bang"}],"tiered_pricing_type":"fixed","tiered_pricing_fixed_rules":{"30":"11","50":"10","100":"9","200":"8.5"},"tiered_pricing_product_settings":{"layout":"default","base_unit_name":{"singular":null,"plural":null},"default_variation":{}},"tiered_pricing_minimum_quantity":10,"tiered_pricing_roles_data":[],"tiered_pricing_percentage_rules":[],"tiered_pricing_maximum_quantity":null,"tiered_pricing_quantity_step":"10","_links":{"self":[{"href":"https:\/\/euvapen.com\/de\/wp-json\/wp\/v2\/product\/22515","targetHints":{"allow":["GET"]}}],"collection":[{"href":"https:\/\/euvapen.com\/de\/wp-json\/wp\/v2\/product"}],"about":[{"href":"https:\/\/euvapen.com\/de\/wp-json\/wp\/v2\/types\/product"}],"replies":[{"embeddable":true,"href":"https:\/\/euvapen.com\/de\/wp-json\/wp\/v2\/comments?post=22515"}],"wp:featuredmedia":[{"embeddable":true,"href":"https:\/\/euvapen.com\/de\/wp-json\/wp\/v2\/media\/22516"}],"wp:attachment":[{"href":"https:\/\/euvapen.com\/de\/wp-json\/wp\/v2\/media?parent=22515"}],"wp:term":[{"taxonomy":"pwb-brand","embeddable":true,"href":"https:\/\/euvapen.com\/de\/wp-json\/wp\/v2\/pwb-brand?post=22515"},{"taxonomy":"product_brand","embeddable":true,"href":"https:\/\/euvapen.com\/de\/wp-json\/wp\/v2\/product_brand?post=22515"},{"taxonomy":"product_cat","embeddable":true,"href":"https:\/\/euvapen.com\/de\/wp-json\/wp\/v2\/product_cat?post=22515"},{"taxonomy":"product_tag","embeddable":true,"href":"https:\/\/euvapen.com\/de\/wp-json\/wp\/v2\/product_tag?post=22515"}],"curies":[{"name":"wp","href":"https:\/\/api.w.org\/{rel}","templated":true}]}}