{"id":22938,"date":"2025-11-25T08:44:06","date_gmt":"2025-11-25T08:44:06","guid":{"rendered":"https:\/\/euvapen.com\/?post_type=product&#038;p=22938"},"modified":"2025-11-25T08:44:08","modified_gmt":"2025-11-25T08:44:08","slug":"vape-60k-bang-de-60000-puffs-disposable-vape-3-in-1-flavors-mini","status":"publish","type":"product","link":"https:\/\/euvapen.com\/de\/produkt\/vape-60k-bang-de-60000-puffs-disposable-vape-3-in-1-flavors-mini\/","title":{"rendered":"Vape 60k Bang DE 60000 Puffs Einweg Vape 3 IN 1 Geschmacksrichtungen Mini"},"content":{"rendered":"<h1 style=\"text-align: center;\">Vape 60k Bang DE 60000 Z\u00fcge Einweg Vape<\/h1>\n<p data-start=\"259\" data-end=\"710\">Die <strong data-start=\"263\" data-end=\"280\">Bang DE 60000<\/strong> ist eine fortgeschrittene <strong data-start=\"296\" data-end=\"313\">60k puff vape<\/strong> mit einer einzigartigen <strong data-start=\"333\" data-end=\"364\">3-in-1-System mit dreifachem Geschmack<\/strong> die es den Nutzern erm\u00f6glicht, Flavor A, Flavor B und ein gemischtes AB-Aroma in einem Ger\u00e4t zu genie\u00dfen. Mit einer massiven <strong data-start=\"466\" data-end=\"483\">60mL Fassungsverm\u00f6gen<\/strong>, <strong data-start=\"485\" data-end=\"510\">1.0\u03a9 Dreifach-Mesh-Spule<\/strong>, <strong data-start=\"512\" data-end=\"543\">850mAh wiederaufladbare Batterie<\/strong>, und eine klare <strong data-start=\"557\" data-end=\"571\">LCD-Bildschirm<\/strong>, Dieses Modell wurde f\u00fcr lang anhaltende Leistung und einen besonders guten Geschmack entwickelt. Eine Top-Wahl in der <strong data-start=\"669\" data-end=\"700\">Vape 60k \/ Vape 60000 Z\u00fcge<\/strong> Kategorie.<\/p>\n<hr data-start=\"712\" data-end=\"715\" \/>\n<h2 data-start=\"717\" data-end=\"738\">\u2b50 <strong data-start=\"722\" data-end=\"738\">Wesentliche Merkmale<\/strong><\/h2>\n<ul>\n<li data-start=\"741\" data-end=\"775\"><strong data-start=\"741\" data-end=\"751\">Puffs:<\/strong> Bis zu <strong data-start=\"758\" data-end=\"773\">60000 Puffs<\/strong><\/li>\n<li data-start=\"778\" data-end=\"812\"><strong data-start=\"778\" data-end=\"799\">Nikotin-Optionen:<\/strong> 2%, 3%, 5%<\/li>\n<li data-start=\"815\" data-end=\"868\"><strong data-start=\"815\" data-end=\"840\">Dreifach-Aroma-System:<\/strong> A + B + AB (gemischte Geschmacksrichtung)<\/li>\n<li data-start=\"871\" data-end=\"904\"><strong data-start=\"871\" data-end=\"893\">E-Fl\u00fcssigkeit Kapazit\u00e4t:<\/strong> <strong data-start=\"894\" data-end=\"902\">60mL<\/strong><\/li>\n<li data-start=\"907\" data-end=\"981\"><strong data-start=\"907\" data-end=\"916\">Spule:<\/strong> <strong data-start=\"917\" data-end=\"942\">1.0\u03a9 Dreifach-Mesh-Spule<\/strong> - dichter Dampf, starke Geschmacksklarheit<\/li>\n<li data-start=\"984\" data-end=\"1022\"><strong data-start=\"984\" data-end=\"996\">Batterie:<\/strong> <strong data-start=\"997\" data-end=\"1020\">850mAh Wiederaufladbar<\/strong><\/li>\n<li data-start=\"1025\" data-end=\"1047\"><strong data-start=\"1025\" data-end=\"1038\">Aufladen:<\/strong> Typ-C<\/li>\n<li data-start=\"1050\" data-end=\"1113\"><strong data-start=\"1050\" data-end=\"1062\">Anzeige:<\/strong> <strong data-start=\"1063\" data-end=\"1077\">LCD-Bildschirm<\/strong> f\u00fcr Batterie, Geschmacksmodus und Status<\/li>\n<li data-start=\"1116\" data-end=\"1161\"><strong data-start=\"1116\" data-end=\"1128\">Geschm\u00e4cker:<\/strong> 12 Premium-Dreifach-Kombinationen<\/li>\n<\/ul>\n<p data-start=\"1163\" data-end=\"1264\">Eine leistungsstarke und stabile <strong data-start=\"1185\" data-end=\"1202\">Bang DE 60000<\/strong> konzipiert f\u00fcr konstante Leistung und starke Nachfrage im Einzelhandel.<\/p>\n<hr data-start=\"1266\" data-end=\"1269\" \/>\n<h2 data-start=\"1271\" data-end=\"1321\">\ud83c\udf53 <strong data-start=\"1277\" data-end=\"1321\">Geschmacksliste (Dreifach-3-in-1-Kombinationen)<\/strong><\/h2>\n<ol>\n<li data-start=\"1325\" data-end=\"1358\">Wassermeloneneis &amp; Heidelbeer-Minze<\/li>\n<li data-start=\"1362\" data-end=\"1397\">Wassermeloneneis &amp; Heidelbeerkirsche<\/li>\n<li data-start=\"1401\" data-end=\"1441\">Blaubeereis &amp; Pfirsich-Mango-Wassermelone<\/li>\n<li data-start=\"1445\" data-end=\"1472\">Blaubeereis &amp; Pfirsicheis<\/li>\n<li data-start=\"1476\" data-end=\"1511\">Blaubeere-Himbeere &amp; gemischte Beeren<\/li>\n<li data-start=\"1515\" data-end=\"1548\">Heidelbeer-Himbeer-Trauben-Eis<\/li>\n<li data-start=\"1552\" data-end=\"1582\">Red Bull &amp; Erdbeer-Banane<\/li>\n<li data-start=\"1586\" data-end=\"1619\">Red Bull &amp; Blaubeer-Wassermelone<\/li>\n<li data-start=\"1623\" data-end=\"1665\">Erdbeer-Mango &amp; Wassermelone Kaugummi<\/li>\n<li data-start=\"1670\" data-end=\"1706\">Erdbeer-Mango &amp; Erdbeer-Kiwi<\/li>\n<li data-start=\"1711\" data-end=\"1753\">Erdbeer-Wassermelone &amp; Schwarzer Drache Eis<\/li>\n<li data-start=\"1758\" data-end=\"1808\">Erdbeere Wassermelone &amp; Kiwi Passionsfrucht Guave<\/li>\n<\/ol>\n<p data-start=\"1810\" data-end=\"1905\">Jedes Set enth\u00e4lt <strong data-start=\"1828\" data-end=\"1840\">Ein Geschmack<\/strong>, <strong data-start=\"1842\" data-end=\"1854\">B-Geschmack<\/strong>, und ein <strong data-start=\"1863\" data-end=\"1875\">AB-Mischung<\/strong> f\u00fcr ein umfassendes 3-in-1-Erlebnis.<\/p>\n<hr data-start=\"1907\" data-end=\"1910\" \/>\n<h2 data-start=\"1912\" data-end=\"1952\">\ud83d\udca1 <strong data-start=\"1918\" data-end=\"1952\">Warum diese 60k Puff Vape w\u00e4hlen?<\/strong><\/h2>\n<ul>\n<li data-start=\"1955\" data-end=\"2003\">Massiv <strong data-start=\"1963\" data-end=\"1980\">60mL Fassungsverm\u00f6gen<\/strong> f\u00fcr ultralange Nutzung<\/li>\n<li data-start=\"2006\" data-end=\"2049\">Glatter Dampf durch <strong data-start=\"2027\" data-end=\"2047\">Dreifachmaschenspule<\/strong><\/li>\n<li data-start=\"2052\" data-end=\"2095\">LCD-Echtzeit\u00fcberwachung f\u00fcr die Benutzerkontrolle<\/li>\n<li data-start=\"2098\" data-end=\"2149\">3-in-1-Aromasystem bietet Vielfalt in einem Ger\u00e4t<\/li>\n<li data-start=\"2152\" data-end=\"2211\">Ideal f\u00fcr hochrotierende Verk\u00e4ufe in der <strong data-start=\"2189\" data-end=\"2201\">Vape 60k<\/strong> Segment<\/li>\n<li data-start=\"2214\" data-end=\"2286\">Zuverl\u00e4ssige Leistung und hohe Markenbekanntheit mit <strong data-start=\"2269\" data-end=\"2286\">Bang DE 60000<\/strong><\/li>\n<\/ul>","protected":false},"excerpt":{"rendered":"<p data-start=\"2327\" data-end=\"2568\">Bang DE 60000 Angebote <strong data-start=\"2348\" data-end=\"2364\">60.000 Z\u00fcge<\/strong>, a <strong data-start=\"2368\" data-end=\"2381\">60mL-Tank<\/strong>, <strong data-start=\"2383\" data-end=\"2403\">Dreifachmaschenspule<\/strong>, <strong data-start=\"2405\" data-end=\"2423\">3-in-1-Geschmacksrichtungen<\/strong>, und ein <strong data-start=\"2432\" data-end=\"2446\">LCD-Bildschirm<\/strong>. Angetrieben von einer <strong data-start=\"2462\" data-end=\"2500\">850mAh Typ-C-Akku<\/strong>, Sie bietet einen reichen Geschmack und eine lang anhaltende Leistung bei jedem Zug.<\/p>","protected":false},"featured_media":22951,"comment_status":"open","ping_status":"closed","template":"","meta":{"_acf_changed":false},"pwb-brand":[166],"product_brand":[],"product_cat":[15,57,91,1380,93,95],"product_tag":[71],"class_list":{"0":"post-22938","1":"product","2":"type-product","3":"status-publish","4":"has-post-thumbnail","6":"pwb-brand-bang","7":"product_cat-vape","8":"product_cat-disposable-vape","9":"product_cat-low-nicotine-vape","10":"product_cat-nicotine-free-vape","11":"product_cat-rechargeable-vapes","12":"product_cat-vape-with-screen","13":"product_tag-puff-60k","15":"first","16":"instock","17":"shipping-taxable","18":"purchasable","19":"product-type-variable"},"acf":[],"yoast_head":"<!-- This site is optimized with the Yoast SEO Premium plugin v26.3 (Yoast SEO v26.3) - https:\/\/yoast.com\/wordpress\/plugins\/seo\/ -->\n<title>Bang DE 60000 Disposable Vape \u2013 60K Puffs | Triple Flavor - EuVapen<\/title>\n<meta name=\"description\" content=\"Discover the Bang DE 60000, a powerful 60k puff vape featuring a 60mL capacity, triple mesh coil, 3-in-1 flavor system, 850mAh rechargeable battery, and LCD display.\" \/>\n<meta name=\"robots\" content=\"index, follow, max-snippet:-1, max-image-preview:large, max-video-preview:-1\" \/>\n<link rel=\"canonical\" href=\"https:\/\/euvapen.com\/de\/produkt\/vape-60k-bang-de-60000-puffs-disposable-vape-3-in-1-flavors-mini\/\" \/>\n<meta property=\"og:locale\" content=\"de_DE\" \/>\n<meta property=\"og:type\" content=\"article\" \/>\n<meta property=\"og:title\" content=\"Vape 60k Bang DE 60000 Puffs Disposable Vape 3 IN 1 Flavors Mini\" \/>\n<meta property=\"og:description\" content=\"Discover the Bang DE 60000, a powerful 60k puff vape featuring a 60mL capacity, triple mesh coil, 3-in-1 flavor system, 850mAh rechargeable battery, and LCD display.\" \/>\n<meta property=\"og:url\" content=\"https:\/\/euvapen.com\/de\/produkt\/vape-60k-bang-de-60000-puffs-disposable-vape-3-in-1-flavors-mini\/\" \/>\n<meta property=\"og:site_name\" content=\"EuVapen\" \/>\n<meta property=\"article:modified_time\" content=\"2025-11-25T08:44:08+00:00\" \/>\n<meta property=\"og:image\" content=\"https:\/\/euvapen.com\/wp-content\/uploads\/2025\/11\/Vape-60k-Bang-DE-60000-Puffs-Disposable-Vape-3-IN-1-Flavors-Mini-blueberry-raspberry-mixed-berry.jpg.webp\" \/>\n\t<meta property=\"og:image:width\" content=\"1000\" \/>\n\t<meta property=\"og:image:height\" content=\"1000\" \/>\n\t<meta property=\"og:image:type\" content=\"image\/webp\" \/>\n<meta name=\"twitter:card\" content=\"summary_large_image\" \/>\n<meta name=\"twitter:label1\" content=\"Verf\u00fcgbarkeit\" \/>\n\t<meta name=\"twitter:data1\" content=\"Auf Lager\" \/>\n<script type=\"application\/ld+json\" class=\"yoast-schema-graph\">{\"@context\":\"https:\/\/schema.org\",\"@graph\":[{\"@type\":\"WebPage\",\"@id\":\"https:\/\/euvapen.com\/product\/vape-60k-bang-de-60000-puffs-disposable-vape-3-in-1-flavors-mini\/\",\"url\":\"https:\/\/euvapen.com\/product\/vape-60k-bang-de-60000-puffs-disposable-vape-3-in-1-flavors-mini\/\",\"name\":\"Bang DE 60000 Disposable Vape \u2013 60K Puffs | Triple Flavor - EuVapen\",\"isPartOf\":{\"@id\":\"https:\/\/euvapen.com\/#website\"},\"primaryImageOfPage\":{\"@id\":\"https:\/\/euvapen.com\/product\/vape-60k-bang-de-60000-puffs-disposable-vape-3-in-1-flavors-mini\/#primaryimage\"},\"image\":{\"@id\":\"https:\/\/euvapen.com\/product\/vape-60k-bang-de-60000-puffs-disposable-vape-3-in-1-flavors-mini\/#primaryimage\"},\"thumbnailUrl\":\"https:\/\/euvapen.com\/wp-content\/uploads\/2025\/11\/Vape-60k-Bang-DE-60000-Puffs-Disposable-Vape-3-IN-1-Flavors-Mini-blueberry-raspberry-mixed-berry.jpg.webp\",\"datePublished\":\"2025-11-25T08:44:06+00:00\",\"dateModified\":\"2025-11-25T08:44:08+00:00\",\"description\":\"Discover the Bang DE 60000, a powerful 60k puff vape featuring a 60mL capacity, triple mesh coil, 3-in-1 flavor system, 850mAh rechargeable battery, and LCD display.\",\"breadcrumb\":{\"@id\":\"https:\/\/euvapen.com\/product\/vape-60k-bang-de-60000-puffs-disposable-vape-3-in-1-flavors-mini\/#breadcrumb\"},\"inLanguage\":\"de\",\"potentialAction\":[{\"@type\":\"ReadAction\",\"target\":[\"https:\/\/euvapen.com\/product\/vape-60k-bang-de-60000-puffs-disposable-vape-3-in-1-flavors-mini\/\"]}]},{\"@type\":\"ImageObject\",\"inLanguage\":\"de\",\"@id\":\"https:\/\/euvapen.com\/product\/vape-60k-bang-de-60000-puffs-disposable-vape-3-in-1-flavors-mini\/#primaryimage\",\"url\":\"https:\/\/euvapen.com\/wp-content\/uploads\/2025\/11\/Vape-60k-Bang-DE-60000-Puffs-Disposable-Vape-3-IN-1-Flavors-Mini-blueberry-raspberry-mixed-berry.jpg.webp\",\"contentUrl\":\"https:\/\/euvapen.com\/wp-content\/uploads\/2025\/11\/Vape-60k-Bang-DE-60000-Puffs-Disposable-Vape-3-IN-1-Flavors-Mini-blueberry-raspberry-mixed-berry.jpg.webp\",\"width\":1000,\"height\":1000,\"caption\":\"Vape 60k Bang DE 60000 Puffs Disposable Vape 3 IN 1 Flavors Mini-blueberry-raspberry-mixed-berry.jpg\"},{\"@type\":\"BreadcrumbList\",\"@id\":\"https:\/\/euvapen.com\/product\/vape-60k-bang-de-60000-puffs-disposable-vape-3-in-1-flavors-mini\/#breadcrumb\",\"itemListElement\":[{\"@type\":\"ListItem\",\"position\":1,\"name\":\"Home\",\"item\":\"https:\/\/euvapen.com\/\"},{\"@type\":\"ListItem\",\"position\":2,\"name\":\"Shop\",\"item\":\"https:\/\/euvapen.com\/shop\/\"},{\"@type\":\"ListItem\",\"position\":3,\"name\":\"Vape 60k Bang DE 60000 Puffs Disposable Vape 3 IN 1 Flavors Mini\"}]},{\"@type\":\"WebSite\",\"@id\":\"https:\/\/euvapen.com\/#website\",\"url\":\"https:\/\/euvapen.com\/\",\"name\":\"bestpuffvape\",\"description\":\"\",\"publisher\":{\"@id\":\"https:\/\/euvapen.com\/#organization\"},\"potentialAction\":[{\"@type\":\"SearchAction\",\"target\":{\"@type\":\"EntryPoint\",\"urlTemplate\":\"https:\/\/euvapen.com\/?s={search_term_string}\"},\"query-input\":{\"@type\":\"PropertyValueSpecification\",\"valueRequired\":true,\"valueName\":\"search_term_string\"}}],\"inLanguage\":\"de\"},{\"@type\":[\"Organization\",\"Place\"],\"@id\":\"https:\/\/euvapen.com\/#organization\",\"name\":\"bestpuffvape\",\"alternateName\":\"bestpuffvape\",\"url\":\"https:\/\/euvapen.com\/\",\"logo\":{\"@id\":\"https:\/\/euvapen.com\/product\/vape-60k-bang-de-60000-puffs-disposable-vape-3-in-1-flavors-mini\/#local-main-organization-logo\"},\"image\":{\"@id\":\"https:\/\/euvapen.com\/product\/vape-60k-bang-de-60000-puffs-disposable-vape-3-in-1-flavors-mini\/#local-main-organization-logo\"},\"telephone\":[],\"openingHoursSpecification\":[{\"@type\":\"OpeningHoursSpecification\",\"dayOfWeek\":[\"Monday\",\"Tuesday\",\"Wednesday\",\"Thursday\",\"Friday\",\"Saturday\",\"Sunday\"],\"opens\":\"00:00\",\"closes\":\"23:59\"}]},{\"@type\":\"ImageObject\",\"inLanguage\":\"de\",\"@id\":\"https:\/\/euvapen.com\/product\/vape-60k-bang-de-60000-puffs-disposable-vape-3-in-1-flavors-mini\/#local-main-organization-logo\",\"url\":\"https:\/\/euvapen.com\/wp-content\/uploads\/2025\/10\/cropped-puffvape-logo.png\",\"contentUrl\":\"https:\/\/euvapen.com\/wp-content\/uploads\/2025\/10\/cropped-puffvape-logo.png\",\"width\":512,\"height\":512,\"caption\":\"bestpuffvape\"}]}<\/script>\n<meta property=\"og:availability\" content=\"instock\" \/>\n<meta property=\"product:availability\" content=\"instock\" \/>\n<meta property=\"product:retailer_item_id\" content=\"Bang-DE-60k\" \/>\n<meta property=\"product:condition\" content=\"new\" \/>\n<!-- \/ Yoast SEO Premium plugin. -->","yoast_head_json":{"title":"Bang DE 60000 Disposable Vape \u2013 60K Puffs | Triple Flavor - EuVapen","description":"Entdecken Sie den Bang DE 60000, einen leistungsstarken Vaporizer mit 60 ml Fassungsverm\u00f6gen, dreifacher Mesh-Spule, 3-in-1-Aromasystem, 850-mAh-Akku und LCD-Display.","robots":{"index":"index","follow":"follow","max-snippet":"max-snippet:-1","max-image-preview":"max-image-preview:large","max-video-preview":"max-video-preview:-1"},"canonical":"https:\/\/euvapen.com\/de\/produkt\/vape-60k-bang-de-60000-puffs-disposable-vape-3-in-1-flavors-mini\/","og_locale":"de_DE","og_type":"article","og_title":"Vape 60k Bang DE 60000 Puffs Disposable Vape 3 IN 1 Flavors Mini","og_description":"Discover the Bang DE 60000, a powerful 60k puff vape featuring a 60mL capacity, triple mesh coil, 3-in-1 flavor system, 850mAh rechargeable battery, and LCD display.","og_url":"https:\/\/euvapen.com\/de\/produkt\/vape-60k-bang-de-60000-puffs-disposable-vape-3-in-1-flavors-mini\/","og_site_name":"EuVapen","article_modified_time":"2025-11-25T08:44:08+00:00","og_image":[{"width":1000,"height":1000,"url":"https:\/\/euvapen.com\/wp-content\/uploads\/2025\/11\/Vape-60k-Bang-DE-60000-Puffs-Disposable-Vape-3-IN-1-Flavors-Mini-blueberry-raspberry-mixed-berry.jpg.webp","type":"image\/webp"}],"twitter_card":"summary_large_image","twitter_misc":{"Verf\u00fcgbarkeit":"Auf Lager"},"schema":{"@context":"https:\/\/schema.org","@graph":[{"@type":"WebPage","@id":"https:\/\/euvapen.com\/product\/vape-60k-bang-de-60000-puffs-disposable-vape-3-in-1-flavors-mini\/","url":"https:\/\/euvapen.com\/product\/vape-60k-bang-de-60000-puffs-disposable-vape-3-in-1-flavors-mini\/","name":"Bang DE 60000 Disposable Vape \u2013 60K Puffs | Triple Flavor - EuVapen","isPartOf":{"@id":"https:\/\/euvapen.com\/#website"},"primaryImageOfPage":{"@id":"https:\/\/euvapen.com\/product\/vape-60k-bang-de-60000-puffs-disposable-vape-3-in-1-flavors-mini\/#primaryimage"},"image":{"@id":"https:\/\/euvapen.com\/product\/vape-60k-bang-de-60000-puffs-disposable-vape-3-in-1-flavors-mini\/#primaryimage"},"thumbnailUrl":"https:\/\/euvapen.com\/wp-content\/uploads\/2025\/11\/Vape-60k-Bang-DE-60000-Puffs-Disposable-Vape-3-IN-1-Flavors-Mini-blueberry-raspberry-mixed-berry.jpg.webp","datePublished":"2025-11-25T08:44:06+00:00","dateModified":"2025-11-25T08:44:08+00:00","description":"Entdecken Sie den Bang DE 60000, einen leistungsstarken Vaporizer mit 60 ml Fassungsverm\u00f6gen, dreifacher Mesh-Spule, 3-in-1-Aromasystem, 850-mAh-Akku und LCD-Display.","breadcrumb":{"@id":"https:\/\/euvapen.com\/product\/vape-60k-bang-de-60000-puffs-disposable-vape-3-in-1-flavors-mini\/#breadcrumb"},"inLanguage":"de","potentialAction":[{"@type":"ReadAction","target":["https:\/\/euvapen.com\/product\/vape-60k-bang-de-60000-puffs-disposable-vape-3-in-1-flavors-mini\/"]}]},{"@type":"ImageObject","inLanguage":"de","@id":"https:\/\/euvapen.com\/product\/vape-60k-bang-de-60000-puffs-disposable-vape-3-in-1-flavors-mini\/#primaryimage","url":"https:\/\/euvapen.com\/wp-content\/uploads\/2025\/11\/Vape-60k-Bang-DE-60000-Puffs-Disposable-Vape-3-IN-1-Flavors-Mini-blueberry-raspberry-mixed-berry.jpg.webp","contentUrl":"https:\/\/euvapen.com\/wp-content\/uploads\/2025\/11\/Vape-60k-Bang-DE-60000-Puffs-Disposable-Vape-3-IN-1-Flavors-Mini-blueberry-raspberry-mixed-berry.jpg.webp","width":1000,"height":1000,"caption":"Vape 60k Bang DE 60000 Puffs Disposable Vape 3 IN 1 Flavors Mini-blueberry-raspberry-mixed-berry.jpg"},{"@type":"BreadcrumbList","@id":"https:\/\/euvapen.com\/product\/vape-60k-bang-de-60000-puffs-disposable-vape-3-in-1-flavors-mini\/#breadcrumb","itemListElement":[{"@type":"ListItem","position":1,"name":"Home","item":"https:\/\/euvapen.com\/"},{"@type":"ListItem","position":2,"name":"Shop","item":"https:\/\/euvapen.com\/shop\/"},{"@type":"ListItem","position":3,"name":"Vape 60k Bang DE 60000 Puffs Disposable Vape 3 IN 1 Flavors Mini"}]},{"@type":"WebSite","@id":"https:\/\/euvapen.com\/#website","url":"https:\/\/euvapen.com\/","name":"bestpuffvape","description":"","publisher":{"@id":"https:\/\/euvapen.com\/#organization"},"potentialAction":[{"@type":"SearchAction","target":{"@type":"EntryPoint","urlTemplate":"https:\/\/euvapen.com\/?s={search_term_string}"},"query-input":{"@type":"PropertyValueSpecification","valueRequired":true,"valueName":"search_term_string"}}],"inLanguage":"de"},{"@type":["Organization","Place"],"@id":"https:\/\/euvapen.com\/#organization","name":"bestpuffvape","alternateName":"bestpuffvape","url":"https:\/\/euvapen.com\/","logo":{"@id":"https:\/\/euvapen.com\/product\/vape-60k-bang-de-60000-puffs-disposable-vape-3-in-1-flavors-mini\/#local-main-organization-logo"},"image":{"@id":"https:\/\/euvapen.com\/product\/vape-60k-bang-de-60000-puffs-disposable-vape-3-in-1-flavors-mini\/#local-main-organization-logo"},"telephone":[],"openingHoursSpecification":[{"@type":"OpeningHoursSpecification","dayOfWeek":["Monday","Tuesday","Wednesday","Thursday","Friday","Saturday","Sunday"],"opens":"00:00","closes":"23:59"}]},{"@type":"ImageObject","inLanguage":"de","@id":"https:\/\/euvapen.com\/product\/vape-60k-bang-de-60000-puffs-disposable-vape-3-in-1-flavors-mini\/#local-main-organization-logo","url":"https:\/\/euvapen.com\/wp-content\/uploads\/2025\/10\/cropped-puffvape-logo.png","contentUrl":"https:\/\/euvapen.com\/wp-content\/uploads\/2025\/10\/cropped-puffvape-logo.png","width":512,"height":512,"caption":"bestpuffvape"}]},"og_availability":"instock","product_availability":"instock","product_retailer_item_id":"Bang-DE-60k","product_condition":"new"},"brands":[{"id":166,"name":"Bang","slug":"bang"}],"tiered_pricing_type":"fixed","tiered_pricing_fixed_rules":{"30":"10.5","50":"8.5","100":"7.5","200":"7"},"tiered_pricing_product_settings":{"layout":"default","base_unit_name":{"singular":null,"plural":null},"default_variation":{}},"tiered_pricing_minimum_quantity":10,"tiered_pricing_roles_data":[],"tiered_pricing_percentage_rules":[],"tiered_pricing_maximum_quantity":null,"tiered_pricing_quantity_step":"10","_links":{"self":[{"href":"https:\/\/euvapen.com\/de\/wp-json\/wp\/v2\/product\/22938","targetHints":{"allow":["GET"]}}],"collection":[{"href":"https:\/\/euvapen.com\/de\/wp-json\/wp\/v2\/product"}],"about":[{"href":"https:\/\/euvapen.com\/de\/wp-json\/wp\/v2\/types\/product"}],"replies":[{"embeddable":true,"href":"https:\/\/euvapen.com\/de\/wp-json\/wp\/v2\/comments?post=22938"}],"wp:featuredmedia":[{"embeddable":true,"href":"https:\/\/euvapen.com\/de\/wp-json\/wp\/v2\/media\/22951"}],"wp:attachment":[{"href":"https:\/\/euvapen.com\/de\/wp-json\/wp\/v2\/media?parent=22938"}],"wp:term":[{"taxonomy":"pwb-brand","embeddable":true,"href":"https:\/\/euvapen.com\/de\/wp-json\/wp\/v2\/pwb-brand?post=22938"},{"taxonomy":"product_brand","embeddable":true,"href":"https:\/\/euvapen.com\/de\/wp-json\/wp\/v2\/product_brand?post=22938"},{"taxonomy":"product_cat","embeddable":true,"href":"https:\/\/euvapen.com\/de\/wp-json\/wp\/v2\/product_cat?post=22938"},{"taxonomy":"product_tag","embeddable":true,"href":"https:\/\/euvapen.com\/de\/wp-json\/wp\/v2\/product_tag?post=22938"}],"curies":[{"name":"wp","href":"https:\/\/api.w.org\/{rel}","templated":true}]}}