{"id":23997,"date":"2026-02-03T07:10:32","date_gmt":"2026-02-03T07:10:32","guid":{"rendered":"https:\/\/euvapen.com\/?post_type=product&#038;p=23997"},"modified":"2026-02-03T07:10:34","modified_gmt":"2026-02-03T07:10:34","slug":"vozol-rave-40k-40000-puffs-disposable-vape-party-mode-270-vibrant-glow-design-eu-warehouse","status":"publish","type":"product","link":"https:\/\/euvapen.com\/de\/produkt\/vozol-rave-40k-40000-puffs-disposable-vape-party-mode-270-vibrant-glow-design-eu-warehouse\/","title":{"rendered":"Vozol Rave 40k 40000 Puffs Einweg Vape - Party Modus, 270\u00b0 Vibrant Glow Design, EU Warehouse"},"content":{"rendered":"<h1 style=\"text-align: center;\">Vozol Rave 40k 40000 Puffs Einweg Vape<\/h1>\n<p data-path-to-node=\"3\">Stellen Sie sich ein Ger\u00e4t vor, das nicht nur einen Hit liefert, sondern auch eine Stimmung erzeugt. Das <b data-path-to-node=\"3\" data-index-in-node=\"71\">Vozol Rave 40000<\/b> ist eine Explosion der Sinne und verwandelt jeden Zug in eine Lichtshow mit seinem 270\u00b0 leuchtenden Schein. Es ist mehr als nur ein Vape; es ist Dein Begleiter f\u00fcr lange N\u00e4chte und hohe Energie, entwickelt, um sich so dynamisch wie die Musik zu f\u00fchlen, die Du liebst.<\/p>\n<h2 data-path-to-node=\"4\">Das Geschmackserlebnis: K\u00fchn, hell und ausgewogen<\/h2>\n<p data-path-to-node=\"5\">Das Geschmacksprofil des <b data-path-to-node=\"5\" data-index-in-node=\"26\">Vozol Rave 40k<\/b> ist auf hohe Wiedergabetreue ausgelegt. Im Gegensatz zu herk\u00f6mmlichen Einwegprodukten, die sich \u00fcberm\u00e4\u00dfig zuckrig anf\u00fchlen k\u00f6nnen, konzentriert sich die Rave-Serie auf eine \u201csaubere S\u00fc\u00dfe\u201d.\u201d<\/p>\n<ul>\n<li data-path-to-node=\"6,0,0\"><b data-path-to-node=\"6,0,0\" data-index-in-node=\"0\">Die Stimmung:<\/b> Erwarten Sie einen knackigen, erfrischenden Schlag mit einem k\u00fchlenden Abgang, der gerade lang genug anh\u00e4lt.<\/li>\n<li data-path-to-node=\"6,1,0\"><b data-path-to-node=\"6,1,0\" data-index-in-node=\"0\">Ganzt\u00e4giges Potenzial:<\/b> Die Aromen sind sorgf\u00e4ltig ausbalanciert, um eine \u201cVaper's Tongue\u201d zu verhindern, und eignen sich daher perfekt f\u00fcr einen l\u00e4ngeren Gebrauch \u00fcber die gesamte Lebensdauer.<\/li>\n<li data-path-to-node=\"6,2,0\"><b data-path-to-node=\"6,2,0\" data-index-in-node=\"0\">Schichtung:<\/b> Komplexit\u00e4t ist hier der Schl\u00fcssel. Mischungen wie <i data-path-to-node=\"6,2,0\" data-index-in-node=\"46\">Pfirsich-Himbeer-Limonade<\/i> bieten ein wechselndes Profil, das mit s\u00fc\u00dfen Fr\u00fcchten beginnt und mit einem pikanten, s\u00e4uerlichen Kick endet.<\/li>\n<\/ul>\n<h2>VOZOL RAVE 40000 Geschmacksliste\uff1a<\/h2>\n<p>1. Blaues Razzia-Eis<br \/>\n2. Blaubeereis<br \/>\n3. Heidelbeere Wassermelone<br \/>\n4. Kirsche-Erdbeere<br \/>\n5. K\u00fchle Minze<br \/>\n6. Doppelter Apfel<br \/>\n7. Traubeneis<br \/>\n8. Liebe 777<br \/>\n9. Mango-Eis<br \/>\n10. Mango Pfirsich<br \/>\n11. Pfirsich-Eis<br \/>\n12. Pfirsich-Himbeer-Limonade<br \/>\n13. Erdbeereis<br \/>\n14. Erdbeer-Kiwi<br \/>\n15. Erdbeere Mango<br \/>\n16. Wassermelone mit Erdbeeren<br \/>\n17. Erdbeerpfirsich<br \/>\n18. Wassermelone Bubblegum<br \/>\n19. Wassermelonen-Eis<br \/>\n20. Wassermelone Razz Rancher<\/p>\n<h2 data-path-to-node=\"8\">Vozol Rave 40k Produktspezifikationen<\/h2>\n<table data-path-to-node=\"9\">\n<thead>\n<tr>\n<td><strong>Artikel<\/strong><\/td>\n<td><strong>Einzelheiten<\/strong><\/td>\n<\/tr>\n<\/thead>\n<tbody>\n<tr>\n<td><span data-path-to-node=\"9,1,0,0\"><b data-path-to-node=\"9,1,0,0\" data-index-in-node=\"0\">Puff-Kapazit\u00e4t<\/b><\/span><\/td>\n<td><span data-path-to-node=\"9,1,1,0\">Bis zu 40.000 Puffs<\/span><\/td>\n<\/tr>\n<tr>\n<td><span data-path-to-node=\"9,2,0,0\"><b data-path-to-node=\"9,2,0,0\" data-index-in-node=\"0\">E-Liquid Volumen<\/b><\/span><\/td>\n<td><span data-path-to-node=\"9,2,1,0\">20ml Vorgef\u00fcllt<\/span><\/td>\n<\/tr>\n<tr>\n<td><span data-path-to-node=\"9,3,0,0\"><b data-path-to-node=\"9,3,0,0\" data-index-in-node=\"0\">Batteriekapazit\u00e4t<\/b><\/span><\/td>\n<td><span data-path-to-node=\"9,3,1,0\">1000mAh (80% Aufladung in 20 Min.)<\/span><\/td>\n<\/tr>\n<tr>\n<td><span data-path-to-node=\"9,4,0,0\"><b data-path-to-node=\"9,4,0,0\" data-index-in-node=\"0\">Spulenwiderstand<\/b><\/span><\/td>\n<td><span data-path-to-node=\"9,4,1,0\">1.2\u03a9 Hochpr\u00e4zisionsspule<\/span><\/td>\n<\/tr>\n<tr>\n<td><span data-path-to-node=\"9,5,0,0\"><b data-path-to-node=\"9,5,0,0\" data-index-in-node=\"0\">Einzigartige Merkmale<\/b><\/span><\/td>\n<td><span data-path-to-node=\"9,5,1,0\">270\u00b0-Gl\u00fchen &amp; Beat-synchronisierter Party-Modus<\/span><\/td>\n<\/tr>\n<tr>\n<td><span data-path-to-node=\"9,6,0,0\"><b data-path-to-node=\"9,6,0,0\" data-index-in-node=\"0\">Nikotinspiegel<\/b><\/span><\/td>\n<td><span data-path-to-node=\"9,6,1,0\">5% (50mg\/mL)<\/span><\/td>\n<\/tr>\n<tr>\n<td><span data-path-to-node=\"9,7,0,0\"><b data-path-to-node=\"9,7,0,0\" data-index-in-node=\"0\">Anzeige<\/b><\/span><\/td>\n<td><span data-path-to-node=\"9,7,1,0\">Eclipse Vaping Animation Bildschirm<\/span><\/td>\n<\/tr>\n<tr>\n<td><span data-path-to-node=\"9,8,0,0\"><b data-path-to-node=\"9,8,0,0\" data-index-in-node=\"0\">Lagerhaus<\/b><\/span><\/td>\n<td><span data-path-to-node=\"9,8,1,0\"><b data-path-to-node=\"9,8,1,0\" data-index-in-node=\"0\">EU-Lager (1-3 Tage Lieferung)<\/b><\/span><\/td>\n<\/tr>\n<\/tbody>\n<\/table>\n<hr data-path-to-node=\"10\" \/>\n<h2 data-path-to-node=\"11\">Warum es anders schmeckt<\/h2>\n<p data-path-to-node=\"12\">Das Geheimnis hinter dem <b data-path-to-node=\"12\" data-index-in-node=\"22\">Vozol 40000<\/b> ist seine thermische Stabilit\u00e4t. Durch die Verwendung eines <b data-path-to-node=\"12\" data-index-in-node=\"75\">1.2\u03a9 hochpr\u00e4zise Spule<\/b>, h\u00e4lt das Ger\u00e4t eine niedrigere, konstantere Temperatur als Sub-Ohm Alternativen. Dadurch wird verhindert, dass das E-Liquid am Ende des Pods \u201ckaramellisiert\u201d oder verbrannt schmeckt, wodurch sichergestellt wird, dass Ihr 40.000ster Zug genauso schmeckt wie Ihr erster.<\/p>\n<hr data-path-to-node=\"13\" \/>\n<h2 data-path-to-node=\"14\">F\u00fcr wen dieses Vape gedacht ist<\/h2>\n<ul>\n<li data-path-to-node=\"15,0,0\"><b data-path-to-node=\"15,0,0\" data-index-in-node=\"0\">Die Nachteule:<\/b> Wenn Sie oft in Clubs oder auf Partys sind, ist der <b data-path-to-node=\"15,0,0\" data-index-in-node=\"56\">Beat-Synchronisierter Party-Modus<\/b> und 270\u00b0-Leuchtkraft machen sie zum ultimativen Accessoire.<\/li>\n<li data-path-to-node=\"15,1,0\"><b data-path-to-node=\"15,1,0\" data-index-in-node=\"0\">Der \u201cNo-Wait\u201d-Vaper:<\/b> Mit einer Ladezeit von nur 20 Minuten ist das 80% genau das Richtige f\u00fcr alle, die st\u00e4ndig unterwegs sind und es hassen, an eine Steckdose gebunden zu sein.<\/li>\n<li data-path-to-node=\"15,2,0\"><b data-path-to-node=\"15,2,0\" data-index-in-node=\"0\">Der Geschmacks-Purist:<\/b> F\u00fcr diejenigen, die eine <b data-path-to-node=\"15,2,0\" data-index-in-node=\"40\">vozol vape<\/b> das seine Geschmacksnoten beibeh\u00e4lt, ohne \u00fcber Wochen hinweg zu verblassen.<\/li>\n<li data-path-to-node=\"15,3,0\"><b data-path-to-node=\"15,3,0\" data-index-in-node=\"0\">Der Effizienzexperte:<\/b> Warum f\u00fcnf Vapes kaufen, wenn eines <b data-path-to-node=\"15,3,0\" data-index-in-node=\"51\">Vozol Rave 40000<\/b> deckt Sie auf lange Sicht ab?<\/li>\n<\/ul>\n<hr data-path-to-node=\"16\" \/>\n<h2 data-path-to-node=\"17\">Vozol Rave 40000 Geschmacksrichtung FAQ<\/h2>\n<h3 data-path-to-node=\"18\"><b data-path-to-node=\"18\" data-index-in-node=\"0\">F: Bleibt die Geschmacksintensit\u00e4t gleich, wenn die Batterie abnimmt?<\/b><\/h3>\n<p data-path-to-node=\"18\"><b data-path-to-node=\"18\" data-index-in-node=\"60\">A:<\/b> Ja. Der 1000mAh-Akku ist mit einer geregelten Leistungsabgabe gepaart, was bedeutet, dass der Geschmack nicht \u201cschwach\u201d wird, auch wenn Sie bei 10% Batterie sind.<\/p>\n<h3 data-path-to-node=\"19\"><b data-path-to-node=\"19\" data-index-in-node=\"0\">F: Entleert der \u201cPartymodus\u201d den Akku zu schnell?<\/b><\/h3>\n<p data-path-to-node=\"19\"><b data-path-to-node=\"19\" data-index-in-node=\"53\">A:<\/b> W\u00e4hrend die LEDs etwas Strom verbrauchen, ist die massive 1000mAh-Kapazit\u00e4t so ausgelegt, dass sowohl die Beleuchtung als auch das Dampfen leicht zu bew\u00e4ltigen sind. Au\u00dferdem deckt die blitzschnelle 20-min\u00fctige Aufladung jeden zus\u00e4tzlichen Verbrauch ab.<\/p>\n<h3 data-path-to-node=\"20\"><b data-path-to-node=\"20\" data-index-in-node=\"0\">F: Sind die \u201cIce\u201d-Geschmacksrichtungen \u00fcberw\u00e4ltigend?<\/b><\/h3>\n<p data-path-to-node=\"20\"><b data-path-to-node=\"20\" data-index-in-node=\"39\">A:<\/b> Die <b data-path-to-node=\"20\" data-index-in-node=\"46\">Vozol Rave<\/b> verwendet ein mittelstarkes K\u00fchlmittel. Es sorgt f\u00fcr einen deutlichen \u201cKnacks\u201d der K\u00e4lte, ohne das eigentliche Fruchtprofil zu \u00fcberdecken.<\/p>","protected":false},"excerpt":{"rendered":"<p data-path-to-node=\"1\">Der ultimative energiegeladene Vape mit einem <b data-path-to-node=\"1\" data-index-in-node=\"42\">270\u00b0 vibrierendes Leuchten<\/b> und beat-synchronisierte Beleuchtung. Erzielen Sie massive Langlebigkeit mit <b data-path-to-node=\"1\" data-index-in-node=\"113\">40,000 puffs<\/b> und ultraschnelles Laden (<b data-path-to-node=\"1\" data-index-in-node=\"151\">80% in 20 Minuten<\/b>).<\/p>\n<ul>\n<li data-path-to-node=\"2,0,0\"><b data-path-to-node=\"2,0,0\" data-index-in-node=\"0\">40.000 Puffs | 20ml Kapazit\u00e4t<\/b><\/li>\n<li data-path-to-node=\"2,1,0\"><b data-path-to-node=\"2,1,0\" data-index-in-node=\"0\">80% Aufladung in 20 Min.<\/b><\/li>\n<li data-path-to-node=\"2,2,0\"><b data-path-to-node=\"2,2,0\" data-index-in-node=\"0\">270\u00b0 Glow &amp; Eclipse Animation<\/b><\/li>\n<li data-path-to-node=\"2,3,0\"><b data-path-to-node=\"2,3,0\" data-index-in-node=\"0\">EU-Lager: 1-3 Tage Lieferung<\/b><\/li>\n<\/ul>","protected":false},"featured_media":23998,"comment_status":"open","ping_status":"closed","template":"","meta":{"_acf_changed":false},"pwb-brand":[1259],"product_brand":[],"product_cat":[15,88,84,93,95],"product_tag":[70],"class_list":{"0":"post-23997","1":"product","2":"type-product","3":"status-publish","4":"has-post-thumbnail","6":"pwb-brand-vozol","7":"product_cat-vape","8":"product_cat-crystal-vape","9":"product_cat-eu-warehouse-in-stock","10":"product_cat-rechargeable-vapes","11":"product_cat-vape-with-screen","12":"product_tag-puff-40k","14":"first","15":"instock","16":"shipping-taxable","17":"purchasable","18":"product-type-variable"},"acf":[],"yoast_head":"<!-- This site is optimized with the Yoast SEO Premium plugin v26.3 (Yoast SEO v26.3) - https:\/\/yoast.com\/wordpress\/plugins\/seo\/ -->\n<title>VOZOL RAVE 40000 Puffs | 270\u00b0 Glow Party Mode | EU Warehouse - EuVapen<\/title>\n<meta name=\"description\" content=\"Experience the VOZOL RAVE 40000: The ultimate party vape with a 270\u00b0 vibrant glow and 40k puffs. 80% charge in just 20 mins. Fast 1-3 day delivery from our EU warehouse!\" \/>\n<meta name=\"robots\" content=\"index, follow, max-snippet:-1, max-image-preview:large, max-video-preview:-1\" \/>\n<link rel=\"canonical\" href=\"https:\/\/euvapen.com\/de\/produkt\/vozol-rave-40k-40000-puffs-disposable-vape-party-mode-270-vibrant-glow-design-eu-warehouse\/\" \/>\n<meta property=\"og:locale\" content=\"de_DE\" \/>\n<meta property=\"og:type\" content=\"article\" \/>\n<meta property=\"og:title\" content=\"Vozol Rave 40k 40000 Puffs Disposable Vape - Party Mode, 270\u00b0 Vibrant Glow Design, EU Warehouse\" \/>\n<meta property=\"og:description\" content=\"Experience the VOZOL RAVE 40000: The ultimate party vape with a 270\u00b0 vibrant glow and 40k puffs. 80% charge in just 20 mins. Fast 1-3 day delivery from our EU warehouse!\" \/>\n<meta property=\"og:url\" content=\"https:\/\/euvapen.com\/de\/produkt\/vozol-rave-40k-40000-puffs-disposable-vape-party-mode-270-vibrant-glow-design-eu-warehouse\/\" \/>\n<meta property=\"og:site_name\" content=\"EuVapen\" \/>\n<meta property=\"article:modified_time\" content=\"2026-02-03T07:10:34+00:00\" \/>\n<meta property=\"og:image\" content=\"https:\/\/euvapen.com\/wp-content\/uploads\/2026\/02\/Vozol-Rave-40k-40000-Puffs-Disposable-Vape-Watermelon-Razz-Rancher-2.webp\" \/>\n\t<meta property=\"og:image:width\" content=\"1000\" \/>\n\t<meta property=\"og:image:height\" content=\"1000\" \/>\n\t<meta property=\"og:image:type\" content=\"image\/webp\" \/>\n<meta name=\"twitter:card\" content=\"summary_large_image\" \/>\n<meta name=\"twitter:label1\" content=\"Verf\u00fcgbarkeit\" \/>\n\t<meta name=\"twitter:data1\" content=\"Auf Lager\" \/>\n<script type=\"application\/ld+json\" class=\"yoast-schema-graph\">{\"@context\":\"https:\/\/schema.org\",\"@graph\":[{\"@type\":\"WebPage\",\"@id\":\"https:\/\/euvapen.com\/product\/vozol-rave-40k-40000-puffs-disposable-vape-party-mode-270-vibrant-glow-design-eu-warehouse\/\",\"url\":\"https:\/\/euvapen.com\/product\/vozol-rave-40k-40000-puffs-disposable-vape-party-mode-270-vibrant-glow-design-eu-warehouse\/\",\"name\":\"VOZOL RAVE 40000 Puffs | 270\u00b0 Glow Party Mode | EU Warehouse - EuVapen\",\"isPartOf\":{\"@id\":\"https:\/\/euvapen.com\/#website\"},\"primaryImageOfPage\":{\"@id\":\"https:\/\/euvapen.com\/product\/vozol-rave-40k-40000-puffs-disposable-vape-party-mode-270-vibrant-glow-design-eu-warehouse\/#primaryimage\"},\"image\":{\"@id\":\"https:\/\/euvapen.com\/product\/vozol-rave-40k-40000-puffs-disposable-vape-party-mode-270-vibrant-glow-design-eu-warehouse\/#primaryimage\"},\"thumbnailUrl\":\"https:\/\/euvapen.com\/wp-content\/uploads\/2026\/02\/Vozol-Rave-40k-40000-Puffs-Disposable-Vape-Watermelon-Razz-Rancher-2.webp\",\"datePublished\":\"2026-02-03T07:10:32+00:00\",\"dateModified\":\"2026-02-03T07:10:34+00:00\",\"description\":\"Experience the VOZOL RAVE 40000: The ultimate party vape with a 270\u00b0 vibrant glow and 40k puffs. 80% charge in just 20 mins. Fast 1-3 day delivery from our EU warehouse!\",\"breadcrumb\":{\"@id\":\"https:\/\/euvapen.com\/product\/vozol-rave-40k-40000-puffs-disposable-vape-party-mode-270-vibrant-glow-design-eu-warehouse\/#breadcrumb\"},\"inLanguage\":\"de\",\"potentialAction\":[{\"@type\":\"ReadAction\",\"target\":[\"https:\/\/euvapen.com\/product\/vozol-rave-40k-40000-puffs-disposable-vape-party-mode-270-vibrant-glow-design-eu-warehouse\/\"]}]},{\"@type\":\"ImageObject\",\"inLanguage\":\"de\",\"@id\":\"https:\/\/euvapen.com\/product\/vozol-rave-40k-40000-puffs-disposable-vape-party-mode-270-vibrant-glow-design-eu-warehouse\/#primaryimage\",\"url\":\"https:\/\/euvapen.com\/wp-content\/uploads\/2026\/02\/Vozol-Rave-40k-40000-Puffs-Disposable-Vape-Watermelon-Razz-Rancher-2.webp\",\"contentUrl\":\"https:\/\/euvapen.com\/wp-content\/uploads\/2026\/02\/Vozol-Rave-40k-40000-Puffs-Disposable-Vape-Watermelon-Razz-Rancher-2.webp\",\"width\":1000,\"height\":1000,\"caption\":\"Vozol Rave 40k 40000 Puffs Disposable Vape - Watermelon Razz Rancher #2\"},{\"@type\":\"BreadcrumbList\",\"@id\":\"https:\/\/euvapen.com\/product\/vozol-rave-40k-40000-puffs-disposable-vape-party-mode-270-vibrant-glow-design-eu-warehouse\/#breadcrumb\",\"itemListElement\":[{\"@type\":\"ListItem\",\"position\":1,\"name\":\"Home\",\"item\":\"https:\/\/euvapen.com\/\"},{\"@type\":\"ListItem\",\"position\":2,\"name\":\"Shop\",\"item\":\"https:\/\/euvapen.com\/shop\/\"},{\"@type\":\"ListItem\",\"position\":3,\"name\":\"Vozol Rave 40k 40000 Puffs Disposable Vape &#8211; Party Mode, 270\u00b0 Vibrant Glow Design, EU Warehouse\"}]},{\"@type\":\"WebSite\",\"@id\":\"https:\/\/euvapen.com\/#website\",\"url\":\"https:\/\/euvapen.com\/\",\"name\":\"bestpuffvape\",\"description\":\"\",\"publisher\":{\"@id\":\"https:\/\/euvapen.com\/#organization\"},\"potentialAction\":[{\"@type\":\"SearchAction\",\"target\":{\"@type\":\"EntryPoint\",\"urlTemplate\":\"https:\/\/euvapen.com\/?s={search_term_string}\"},\"query-input\":{\"@type\":\"PropertyValueSpecification\",\"valueRequired\":true,\"valueName\":\"search_term_string\"}}],\"inLanguage\":\"de\"},{\"@type\":[\"Organization\",\"Place\"],\"@id\":\"https:\/\/euvapen.com\/#organization\",\"name\":\"bestpuffvape\",\"alternateName\":\"bestpuffvape\",\"url\":\"https:\/\/euvapen.com\/\",\"logo\":{\"@id\":\"https:\/\/euvapen.com\/product\/vozol-rave-40k-40000-puffs-disposable-vape-party-mode-270-vibrant-glow-design-eu-warehouse\/#local-main-organization-logo\"},\"image\":{\"@id\":\"https:\/\/euvapen.com\/product\/vozol-rave-40k-40000-puffs-disposable-vape-party-mode-270-vibrant-glow-design-eu-warehouse\/#local-main-organization-logo\"},\"telephone\":[],\"openingHoursSpecification\":[{\"@type\":\"OpeningHoursSpecification\",\"dayOfWeek\":[\"Monday\",\"Tuesday\",\"Wednesday\",\"Thursday\",\"Friday\",\"Saturday\",\"Sunday\"],\"opens\":\"00:00\",\"closes\":\"23:59\"}]},{\"@type\":\"ImageObject\",\"inLanguage\":\"de\",\"@id\":\"https:\/\/euvapen.com\/product\/vozol-rave-40k-40000-puffs-disposable-vape-party-mode-270-vibrant-glow-design-eu-warehouse\/#local-main-organization-logo\",\"url\":\"https:\/\/euvapen.com\/wp-content\/uploads\/2025\/10\/cropped-puffvape-logo.png\",\"contentUrl\":\"https:\/\/euvapen.com\/wp-content\/uploads\/2025\/10\/cropped-puffvape-logo.png\",\"width\":512,\"height\":512,\"caption\":\"bestpuffvape\"}]}<\/script>\n<meta property=\"og:availability\" content=\"instock\" \/>\n<meta property=\"product:availability\" content=\"instock\" \/>\n<meta property=\"product:retailer_item_id\" content=\"Vozol-Rave-40k-Puffs-EU\" \/>\n<meta property=\"product:condition\" content=\"new\" \/>\n<!-- \/ Yoast SEO Premium plugin. -->","yoast_head_json":{"title":"VOZOL RAVE 40000 Puffs | 270\u00b0 Glow Party Mode | EU Warehouse - EuVapen","description":"Erleben Sie den VOZOL RAVE 40000: Der ultimative Partydampfer mit 270\u00b0 leuchtendem Licht und 40k Puffs. 80% ist in nur 20 Minuten aufgeladen. Schnelle 1-3 Tage Lieferung aus unserem EU-Lager!","robots":{"index":"index","follow":"follow","max-snippet":"max-snippet:-1","max-image-preview":"max-image-preview:large","max-video-preview":"max-video-preview:-1"},"canonical":"https:\/\/euvapen.com\/de\/produkt\/vozol-rave-40k-40000-puffs-disposable-vape-party-mode-270-vibrant-glow-design-eu-warehouse\/","og_locale":"de_DE","og_type":"article","og_title":"Vozol Rave 40k 40000 Puffs Disposable Vape - Party Mode, 270\u00b0 Vibrant Glow Design, EU Warehouse","og_description":"Experience the VOZOL RAVE 40000: The ultimate party vape with a 270\u00b0 vibrant glow and 40k puffs. 80% charge in just 20 mins. Fast 1-3 day delivery from our EU warehouse!","og_url":"https:\/\/euvapen.com\/de\/produkt\/vozol-rave-40k-40000-puffs-disposable-vape-party-mode-270-vibrant-glow-design-eu-warehouse\/","og_site_name":"EuVapen","article_modified_time":"2026-02-03T07:10:34+00:00","og_image":[{"width":1000,"height":1000,"url":"https:\/\/euvapen.com\/wp-content\/uploads\/2026\/02\/Vozol-Rave-40k-40000-Puffs-Disposable-Vape-Watermelon-Razz-Rancher-2.webp","type":"image\/webp"}],"twitter_card":"summary_large_image","twitter_misc":{"Verf\u00fcgbarkeit":"Auf Lager"},"schema":{"@context":"https:\/\/schema.org","@graph":[{"@type":"WebPage","@id":"https:\/\/euvapen.com\/product\/vozol-rave-40k-40000-puffs-disposable-vape-party-mode-270-vibrant-glow-design-eu-warehouse\/","url":"https:\/\/euvapen.com\/product\/vozol-rave-40k-40000-puffs-disposable-vape-party-mode-270-vibrant-glow-design-eu-warehouse\/","name":"VOZOL RAVE 40000 Puffs | 270\u00b0 Glow Party Mode | EU Warehouse - EuVapen","isPartOf":{"@id":"https:\/\/euvapen.com\/#website"},"primaryImageOfPage":{"@id":"https:\/\/euvapen.com\/product\/vozol-rave-40k-40000-puffs-disposable-vape-party-mode-270-vibrant-glow-design-eu-warehouse\/#primaryimage"},"image":{"@id":"https:\/\/euvapen.com\/product\/vozol-rave-40k-40000-puffs-disposable-vape-party-mode-270-vibrant-glow-design-eu-warehouse\/#primaryimage"},"thumbnailUrl":"https:\/\/euvapen.com\/wp-content\/uploads\/2026\/02\/Vozol-Rave-40k-40000-Puffs-Disposable-Vape-Watermelon-Razz-Rancher-2.webp","datePublished":"2026-02-03T07:10:32+00:00","dateModified":"2026-02-03T07:10:34+00:00","description":"Erleben Sie den VOZOL RAVE 40000: Der ultimative Partydampfer mit 270\u00b0 leuchtendem Licht und 40k Puffs. 80% ist in nur 20 Minuten aufgeladen. Schnelle 1-3 Tage Lieferung aus unserem EU-Lager!","breadcrumb":{"@id":"https:\/\/euvapen.com\/product\/vozol-rave-40k-40000-puffs-disposable-vape-party-mode-270-vibrant-glow-design-eu-warehouse\/#breadcrumb"},"inLanguage":"de","potentialAction":[{"@type":"ReadAction","target":["https:\/\/euvapen.com\/product\/vozol-rave-40k-40000-puffs-disposable-vape-party-mode-270-vibrant-glow-design-eu-warehouse\/"]}]},{"@type":"ImageObject","inLanguage":"de","@id":"https:\/\/euvapen.com\/product\/vozol-rave-40k-40000-puffs-disposable-vape-party-mode-270-vibrant-glow-design-eu-warehouse\/#primaryimage","url":"https:\/\/euvapen.com\/wp-content\/uploads\/2026\/02\/Vozol-Rave-40k-40000-Puffs-Disposable-Vape-Watermelon-Razz-Rancher-2.webp","contentUrl":"https:\/\/euvapen.com\/wp-content\/uploads\/2026\/02\/Vozol-Rave-40k-40000-Puffs-Disposable-Vape-Watermelon-Razz-Rancher-2.webp","width":1000,"height":1000,"caption":"Vozol Rave 40k 40000 Puffs Disposable Vape - Watermelon Razz Rancher #2"},{"@type":"BreadcrumbList","@id":"https:\/\/euvapen.com\/product\/vozol-rave-40k-40000-puffs-disposable-vape-party-mode-270-vibrant-glow-design-eu-warehouse\/#breadcrumb","itemListElement":[{"@type":"ListItem","position":1,"name":"Home","item":"https:\/\/euvapen.com\/"},{"@type":"ListItem","position":2,"name":"Shop","item":"https:\/\/euvapen.com\/shop\/"},{"@type":"ListItem","position":3,"name":"Vozol Rave 40k 40000 Puffs Disposable Vape &#8211; Party Mode, 270\u00b0 Vibrant Glow Design, EU Warehouse"}]},{"@type":"WebSite","@id":"https:\/\/euvapen.com\/#website","url":"https:\/\/euvapen.com\/","name":"bestpuffvape","description":"","publisher":{"@id":"https:\/\/euvapen.com\/#organization"},"potentialAction":[{"@type":"SearchAction","target":{"@type":"EntryPoint","urlTemplate":"https:\/\/euvapen.com\/?s={search_term_string}"},"query-input":{"@type":"PropertyValueSpecification","valueRequired":true,"valueName":"search_term_string"}}],"inLanguage":"de"},{"@type":["Organization","Place"],"@id":"https:\/\/euvapen.com\/#organization","name":"bestpuffvape","alternateName":"bestpuffvape","url":"https:\/\/euvapen.com\/","logo":{"@id":"https:\/\/euvapen.com\/product\/vozol-rave-40k-40000-puffs-disposable-vape-party-mode-270-vibrant-glow-design-eu-warehouse\/#local-main-organization-logo"},"image":{"@id":"https:\/\/euvapen.com\/product\/vozol-rave-40k-40000-puffs-disposable-vape-party-mode-270-vibrant-glow-design-eu-warehouse\/#local-main-organization-logo"},"telephone":[],"openingHoursSpecification":[{"@type":"OpeningHoursSpecification","dayOfWeek":["Monday","Tuesday","Wednesday","Thursday","Friday","Saturday","Sunday"],"opens":"00:00","closes":"23:59"}]},{"@type":"ImageObject","inLanguage":"de","@id":"https:\/\/euvapen.com\/product\/vozol-rave-40k-40000-puffs-disposable-vape-party-mode-270-vibrant-glow-design-eu-warehouse\/#local-main-organization-logo","url":"https:\/\/euvapen.com\/wp-content\/uploads\/2025\/10\/cropped-puffvape-logo.png","contentUrl":"https:\/\/euvapen.com\/wp-content\/uploads\/2025\/10\/cropped-puffvape-logo.png","width":512,"height":512,"caption":"bestpuffvape"}]},"og_availability":"instock","product_availability":"instock","product_retailer_item_id":"Vozol-Rave-40k-Puffs-EU","product_condition":"new"},"brands":[{"id":1259,"name":"Vozol","slug":"vozol"}],"tiered_pricing_type":"fixed","tiered_pricing_fixed_rules":{"30":"14.04","50":"11.54","100":"11.04","200":"10.04"},"tiered_pricing_product_settings":{"layout":"default","base_unit_name":{"singular":null,"plural":null},"default_variation":{}},"tiered_pricing_minimum_quantity":10,"tiered_pricing_roles_data":[],"tiered_pricing_percentage_rules":[],"tiered_pricing_maximum_quantity":null,"tiered_pricing_quantity_step":"10","_links":{"self":[{"href":"https:\/\/euvapen.com\/de\/wp-json\/wp\/v2\/product\/23997","targetHints":{"allow":["GET"]}}],"collection":[{"href":"https:\/\/euvapen.com\/de\/wp-json\/wp\/v2\/product"}],"about":[{"href":"https:\/\/euvapen.com\/de\/wp-json\/wp\/v2\/types\/product"}],"replies":[{"embeddable":true,"href":"https:\/\/euvapen.com\/de\/wp-json\/wp\/v2\/comments?post=23997"}],"wp:featuredmedia":[{"embeddable":true,"href":"https:\/\/euvapen.com\/de\/wp-json\/wp\/v2\/media\/23998"}],"wp:attachment":[{"href":"https:\/\/euvapen.com\/de\/wp-json\/wp\/v2\/media?parent=23997"}],"wp:term":[{"taxonomy":"pwb-brand","embeddable":true,"href":"https:\/\/euvapen.com\/de\/wp-json\/wp\/v2\/pwb-brand?post=23997"},{"taxonomy":"product_brand","embeddable":true,"href":"https:\/\/euvapen.com\/de\/wp-json\/wp\/v2\/product_brand?post=23997"},{"taxonomy":"product_cat","embeddable":true,"href":"https:\/\/euvapen.com\/de\/wp-json\/wp\/v2\/product_cat?post=23997"},{"taxonomy":"product_tag","embeddable":true,"href":"https:\/\/euvapen.com\/de\/wp-json\/wp\/v2\/product_tag?post=23997"}],"curies":[{"name":"wp","href":"https:\/\/api.w.org\/{rel}","templated":true}]}}