{"id":25745,"date":"2026-05-04T11:35:22","date_gmt":"2026-05-04T11:35:22","guid":{"rendered":"https:\/\/euvapen.com\/?post_type=product&#038;p=25745"},"modified":"2026-05-04T11:35:25","modified_gmt":"2026-05-04T11:35:25","slug":"150k-puffs-qq-bang-150000-qq-bang-150k-perfume-vape","status":"publish","type":"product","link":"https:\/\/euvapen.com\/de\/produkt\/150k-puffs-qq-bang-150000-qq-bang-150k-perfume-vape\/","title":{"rendered":"150k Z\u00fcge QQ BANG 150000 | QQ BANG 150K Parf\u00fcm Vape\u00a0"},"content":{"rendered":"<p>QQ BANG 150K ist nicht nur ein Einweg-Vape - es ist ein <strong>modisches Ger\u00e4t im Design eines Luxusparf\u00fcmflakons<\/strong>.<\/p>\n\n\n\n<p>Mit bis zu <strong>150.000 Z\u00fcge<\/strong>, und ein stilvolles Design im Accessoire-Stil, ist dieses Produkt gebaut, um sowohl <strong>Einzelhandelsregale und Aufmerksamkeit in den sozialen Medien<\/strong>.<\/p>\n\n\n\n<hr class=\"wp-block-separator has-alpha-channel-opacity\"\/>\n\n\n\n<h2 class=\"wp-block-heading\" id=\"h-key-features\">\ud83d\udd25 Hauptmerkmale<\/h2>\n\n\n\n<h3 class=\"wp-block-heading\" id=\"h-ultra-high-puff-capacity\">\ud83d\udca8 Ultra hohe Puffkapazit\u00e4t<\/h3>\n\n\n\n<p>Bis zu <strong>150.000 Z\u00fcge<\/strong> f\u00fcr lang anhaltende Nutzung<br>Perfekt f\u00fcr <strong>Gro\u00dfverbraucher und Gro\u00dfabnehmer<\/strong><\/p>\n\n\n\n<hr class=\"wp-block-separator has-alpha-channel-opacity\"\/>\n\n\n\n<h3 class=\"wp-block-heading\" id=\"h-reliable-power-amp-capacity\">\ud83d\udd0b Zuverl\u00e4ssige Leistung und Kapazit\u00e4t<\/h3>\n\n\n\n<ul class=\"wp-block-list\">\n<li>650mAh wiederaufladbare Batterie<\/li>\n\n\n\n<li>Typ-C-Schnellaufladung<\/li>\n\n\n\n<li>18mL E-Fl\u00fcssigkeit Kapazit\u00e4t<\/li>\n<\/ul>\n\n\n\n<p>\ud83d\udc49 Gew\u00e4hrleistet <strong>gleichbleibende Leistung vom ersten bis zum letzten Zug<\/strong><\/p>\n\n\n\n<hr class=\"wp-block-separator has-alpha-channel-opacity\"\/>\n\n\n\n<h3 class=\"wp-block-heading\" id=\"h-dual-mesh-coil-technology\">\ud83c\udf2c\ufe0f Dual Mesh Coil Technologie<\/h3>\n\n\n\n<ul class=\"wp-block-list\">\n<li>1.0\u03a9 Masche Spule<\/li>\n\n\n\n<li>Sanfterer Kehlkopfschlag<\/li>\n\n\n\n<li>Reichere Geschmacksabgabe<\/li>\n\n\n\n<li>Gr\u00f6\u00dfere Dampferzeugung<\/li>\n<\/ul>\n\n\n\n<hr class=\"wp-block-separator has-alpha-channel-opacity\"\/>\n\n\n\n<h2 class=\"wp-block-heading\" id=\"h-10-best-selling-flavors\">\ud83c\udf08 10 meistverkaufte Geschmacksrichtungen<\/h2>\n\n\n\n<p>Sorgf\u00e4ltig ausgew\u00e4hlt f\u00fcr <strong>Nachfrage auf dem europ\u00e4ischen Markt<\/strong>:<\/p>\n\n\n\n<p>Roter Fuji<br>Erdbeereis<br>Heidelbeere-Himbeere<br>Traubeneis<br>Birne<br>Erdbeer-Kiwi<br>Blaubeereis<br>Wassermelone Eis<br>Mango Pfirsich<br>Gemischtes Obst<\/p>\n\n\n\n<p>\ud83d\udc49 Bew\u00e4hrte \u201cSchnelldreher-Aromen\u201d f\u00fcr den Gro\u00dfhandel<\/p>\n\n\n\n<hr class=\"wp-block-separator has-alpha-channel-opacity\"\/>\n\n\n\n<h2 class=\"wp-block-heading\" id=\"h-unique-design-core-selling-point\">\ud83d\udc8e Einzigartiges Design (Hauptverkaufsargument)<\/h2>\n\n\n\n<h3 class=\"wp-block-heading\" id=\"h-perfume-bottle-shape\">\ud83c\udf80 Form der Parf\u00fcmflasche<\/h3>\n\n\n\n<ul class=\"wp-block-list\">\n<li>Luxuri\u00f6ses, vom Parf\u00fcm inspiriertes Design<\/li>\n\n\n\n<li>Transparenter quadratischer K\u00f6rper<\/li>\n\n\n\n<li>Zentriertes Logo-Layout<\/li>\n<\/ul>\n\n\n\n<p>\ud83d\udc49 Sieht aus wie ein <strong>Mode-Accessoire, kein Vape<\/strong><\/p>\n\n\n\n<hr class=\"wp-block-separator has-alpha-channel-opacity\"\/>\n\n\n\n<h3 class=\"wp-block-heading\" id=\"h-embossed-dome-top\">\ud83c\udf48 Gepr\u00e4gtes Kuppel-Top<\/h3>\n\n\n\n<ul class=\"wp-block-list\">\n<li>Halbkugeliges strukturiertes Oberteil<\/li>\n\n\n\n<li>Wasserrippel \/ frucht\u00e4hnliches Muster<\/li>\n\n\n\n<li>Hochwertige Haptik<\/li>\n<\/ul>\n\n\n\n<p>\ud83d\udc49 Starke visuelle Identit\u00e4t und Markenerinnerung<\/p>\n\n\n\n<hr class=\"wp-block-separator has-alpha-channel-opacity\"\/>\n\n\n\n<h3 class=\"wp-block-heading\" id=\"h-candy-color-gradient\">\ud83c\udfa8 Bonbonfarbener Farbverlauf<\/h3>\n\n\n\n<ul class=\"wp-block-list\">\n<li>Jede Geschmacksrichtung = einzigartige Farbe<\/li>\n\n\n\n<li>Hohe S\u00e4ttigung + transparente Oberfl\u00e4che<\/li>\n\n\n\n<li>Attraktiver Blickfang im Display<\/li>\n<\/ul>\n\n\n\n<p>\ud83d\udc49 Perfekt f\u00fcr <strong>Soziale Medien &amp; Regalanzeige<\/strong><\/p>\n\n\n\n<hr class=\"wp-block-separator has-alpha-channel-opacity\"\/>\n\n\n\n<h3 class=\"wp-block-heading\" id=\"h-pearl-chain-accessory\">\ud83d\udc8d Perlenkette Accessoire<\/h3>\n\n\n\n<ul class=\"wp-block-list\">\n<li>Kommt mit Perlen-Lanyard<\/li>\n\n\n\n<li>Kann getragen, am K\u00f6rper getragen oder an Taschen befestigt werden<\/li>\n<\/ul>\n\n\n\n<p>\ud83d\udc49 Hauptunterscheidungsmerkmal:<br><strong>Ein Vape, das Sie tragen k\u00f6nnen<\/strong><\/p>\n\n\n\n<hr class=\"wp-block-separator has-alpha-channel-opacity\"\/>\n\n\n\n<h2 class=\"wp-block-heading\" id=\"h-premium-details\">\u2728 Premium Details<\/h2>\n\n\n\n<ul class=\"wp-block-list\">\n<li>Transparente H\u00fclle \u2192 sichtbare innere Struktur<\/li>\n\n\n\n<li>Versteckter Ladeanschluss<\/li>\n\n\n\n<li>Leichtes Luxus-Typografie-Design<\/li>\n<\/ul>\n\n\n\n<hr class=\"wp-block-separator has-alpha-channel-opacity\"\/>\n\n\n\n<h3 class=\"wp-block-heading\" id=\"h-wholesale-packaging\">\ud83d\udce6 Gro\u00dfhandelsverpackung<\/h3>\n\n\n\n<ul class=\"wp-block-list\">\n<li>10 St\u00fcck pro Packung<\/li>\n\n\n\n<li>Einzel- und Gro\u00dfhandel bereit<\/li>\n\n\n\n<li>Saubere SKU-Struktur f\u00fcr einfache Verteilung<\/li>\n<\/ul>\n\n\n\n<h2 class=\"wp-block-heading\" id=\"h-specifications\">\u2699\ufe0f Spezifikationen<br><\/h2>\n\n\n\n<figure class=\"wp-block-table\"><table class=\"has-fixed-layout\"><thead><tr><th>Parameter<\/th><th>Einzelheiten<\/th><\/tr><\/thead><tbody><tr><td>Marke<\/td><td>QQ Bang<\/td><\/tr><tr><td>Modell<\/td><td>QQ BANG 150K<\/td><\/tr><tr><td>Puffs<\/td><td>Bis zu 150.000<\/td><\/tr><tr><td>E-Fl\u00fcssigkeit<\/td><td>18mL<\/td><\/tr><tr><td>Batterie<\/td><td>650mAh Wiederaufladbar<\/td><\/tr><tr><td>Aufladen<\/td><td>Typ-C<\/td><\/tr><tr><td>Spule<\/td><td>1.0\u03a9 Masche Spule<\/td><\/tr><tr><td>Nikotin<\/td><td>0% \/ 2% \/ 3% \/ 5%<\/td><\/tr><tr><td>Geschm\u00e4cker<\/td><td>10 Optionen<\/td><\/tr><tr><td>Verpackung<\/td><td>10 St\u00fcck\/Packung<\/td><\/tr><\/tbody><\/table><\/figure>","protected":false},"excerpt":{"rendered":"<section class=\"text-token-text-primary w-full focus:outline-none [--shadow-height:45px] has-data-writing-block:pointer-events-none has-data-writing-block:-mt-(--shadow-height) has-data-writing-block:pt-(--shadow-height) [&amp;:has([data-writing-block])&gt;*]:pointer-events-auto [content-visibility:auto] supports-[content-visibility:auto]:[contain-intrinsic-size:auto_100lvh] R6Vx5W_threadScrollVars scroll-mb-[calc(var(--scroll-root-safe-area-inset-bottom,0px)+var(--thread-response-height))] scroll-mt-[calc(var(--header-height)+min(200px,max(70px,20svh)))]\" dir=\"auto\" data-turn-id=\"request-WEB:d279c65b-b50d-4eb3-a6ff-3886050b5b49-1\" data-testid=\"conversation-turn-4\" data-scroll-anchor=\"false\" data-turn=\"assistant\">\n<div class=\"text-base my-auto mx-auto pb-10 [--thread-content-margin:var(--thread-content-margin-xs,calc(var(--spacing)*4))] @w-sm\/main:[--thread-content-margin:var(--thread-content-margin-sm,calc(var(--spacing)*6))] @w-lg\/main:[--thread-content-margin:var(--thread-content-margin-lg,calc(var(--spacing)*16))] px-(--thread-content-margin)\">\n<div class=\"[--thread-content-max-width:40rem] @w-lg\/main:[--thread-content-max-width:48rem] mx-auto max-w-(--thread-content-max-width) flex-1 group\/turn-messages focus-visible:outline-hidden relative flex w-full min-w-0 flex-col agent-turn\">\n<div class=\"flex max-w-full flex-col gap-4 grow\">\n<div class=\"min-h-8 text-message relative flex w-full flex-col items-end gap-2 text-start break-words whitespace-normal outline-none keyboard-focused:focus-ring [.text-message+&amp;]:mt-1\" dir=\"auto\" tabindex=\"0\" data-message-author-role=\"assistant\" data-message-id=\"9fce2ec5-c963-4bc8-9e55-63f942391f68\" data-message-model-slug=\"gpt-5-3\" data-turn-start-message=\"true\">\n<div class=\"flex w-full flex-col gap-1 empty:hidden\">\n<div class=\"markdown prose dark:prose-invert w-full wrap-break-word light markdown-new-styling\">\n<p data-start=\"0\" data-end=\"409\" data-is-last-node=\"\" data-is-only-node=\"\">QQ BANG 150K is a stylish high-capacity disposable vape designed like a luxury perfume bottle. Featuring up to <strong data-start=\"111\" data-end=\"128\">150,000 puffs<\/strong>, a <strong data-start=\"132\" data-end=\"150\">dual mesh coil<\/strong>, and <strong data-start=\"156\" data-end=\"173\">18mL e-liquid<\/strong>, it delivers smooth, rich flavor with long-lasting performance. The <strong data-start=\"242\" data-end=\"267\">pearl chain accessory<\/strong> and vibrant color design make it more than a vape \u2014 it\u2019s a wearable fashion statement, perfect for retail display and wholesale distribution.<\/p>\n<\/div>\n<\/div>\n<\/div>\n<\/div>\n<div class=\"mt-3 w-full empty:hidden\">\n<div class=\"text-center\"><\/div>\n<\/div>\n<\/div>\n<\/div>\n<\/section>\n<div class=\"pointer-events-none -mt-px h-px translate-y-[calc(var(--scroll-root-safe-area-inset-bottom)-14*var(--spacing))]\" aria-hidden=\"true\"><\/div>\n","protected":false},"featured_media":25764,"comment_status":"open","ping_status":"closed","template":"","meta":{"_acf_changed":false},"pwb-brand":[166],"product_brand":[],"product_cat":[15],"product_tag":[3342],"class_list":{"0":"post-25745","1":"product","2":"type-product","3":"status-publish","4":"has-post-thumbnail","6":"pwb-brand-bang","7":"product_cat-vape","8":"product_tag-puff-150k","10":"first","11":"instock","12":"shipping-taxable","13":"purchasable","14":"product-type-variable"},"acf":[],"yoast_head":"<!-- This site is optimized with the Yoast SEO Premium plugin v26.3 (Yoast SEO v26.3) - https:\/\/yoast.com\/wordpress\/plugins\/seo\/ -->\n<title>QQ BANG 150K Puffs Perfume Bottle Disposable Vape<\/title>\n<meta name=\"description\" content=\"Shop QQ BANG 150K disposable vape with up to 150,000 puffs, dual mesh coil, 18mL e-liquid, and unique perfume bottle design. Wholesale ready with 10 popular flavors.\" \/>\n<meta name=\"robots\" content=\"index, follow, max-snippet:-1, max-image-preview:large, max-video-preview:-1\" \/>\n<link rel=\"canonical\" href=\"https:\/\/euvapen.com\/de\/produkt\/150k-puffs-qq-bang-150000-qq-bang-150k-perfume-vape\/\" \/>\n<meta property=\"og:locale\" content=\"de_DE\" \/>\n<meta property=\"og:type\" content=\"article\" \/>\n<meta property=\"og:title\" content=\"150k puffs QQ BANG 150000 | QQ BANG 150K Perfume Vape\u00a0\" \/>\n<meta property=\"og:description\" content=\"Shop QQ BANG 150K disposable vape with up to 150,000 puffs, dual mesh coil, 18mL e-liquid, and unique perfume bottle design. Wholesale ready with 10 popular flavors.\" \/>\n<meta property=\"og:url\" content=\"https:\/\/euvapen.com\/de\/produkt\/150k-puffs-qq-bang-150000-qq-bang-150k-perfume-vape\/\" \/>\n<meta property=\"og:site_name\" content=\"EuVapen\" \/>\n<meta property=\"article:modified_time\" content=\"2026-05-04T11:35:25+00:00\" \/>\n<meta property=\"og:image\" content=\"https:\/\/euvapen.com\/wp-content\/uploads\/2026\/04\/150k-puffs-QQ-BANG-150000-QQ-BANG-150K-Perfume-Vape-blueberry-ice.webp\" \/>\n\t<meta property=\"og:image:width\" content=\"800\" \/>\n\t<meta property=\"og:image:height\" content=\"800\" \/>\n\t<meta property=\"og:image:type\" content=\"image\/webp\" \/>\n<meta name=\"twitter:card\" content=\"summary_large_image\" \/>\n<meta name=\"twitter:label1\" content=\"Verf\u00fcgbarkeit\" \/>\n\t<meta name=\"twitter:data1\" content=\"Auf Lager\" \/>\n<script type=\"application\/ld+json\" class=\"yoast-schema-graph\">{\"@context\":\"https:\/\/schema.org\",\"@graph\":[{\"@type\":\"WebPage\",\"@id\":\"https:\/\/euvapen.com\/product\/150k-puffs-qq-bang-150000-qq-bang-150k-perfume-vape\/\",\"url\":\"https:\/\/euvapen.com\/product\/150k-puffs-qq-bang-150000-qq-bang-150k-perfume-vape\/\",\"name\":\"QQ BANG 150K Puffs Perfume Bottle Disposable Vape\",\"isPartOf\":{\"@id\":\"https:\/\/euvapen.com\/#website\"},\"primaryImageOfPage\":{\"@id\":\"https:\/\/euvapen.com\/product\/150k-puffs-qq-bang-150000-qq-bang-150k-perfume-vape\/#primaryimage\"},\"image\":{\"@id\":\"https:\/\/euvapen.com\/product\/150k-puffs-qq-bang-150000-qq-bang-150k-perfume-vape\/#primaryimage\"},\"thumbnailUrl\":\"https:\/\/euvapen.com\/wp-content\/uploads\/2026\/04\/150k-puffs-QQ-BANG-150000-QQ-BANG-150K-Perfume-Vape-blueberry-ice.webp\",\"datePublished\":\"2026-05-04T11:35:22+00:00\",\"dateModified\":\"2026-05-04T11:35:25+00:00\",\"description\":\"Shop QQ BANG 150K disposable vape with up to 150,000 puffs, dual mesh coil, 18mL e-liquid, and unique perfume bottle design. Wholesale ready with 10 popular flavors.\",\"breadcrumb\":{\"@id\":\"https:\/\/euvapen.com\/product\/150k-puffs-qq-bang-150000-qq-bang-150k-perfume-vape\/#breadcrumb\"},\"inLanguage\":\"de\",\"potentialAction\":[{\"@type\":\"ReadAction\",\"target\":[\"https:\/\/euvapen.com\/product\/150k-puffs-qq-bang-150000-qq-bang-150k-perfume-vape\/\"]}]},{\"@type\":\"ImageObject\",\"inLanguage\":\"de\",\"@id\":\"https:\/\/euvapen.com\/product\/150k-puffs-qq-bang-150000-qq-bang-150k-perfume-vape\/#primaryimage\",\"url\":\"https:\/\/euvapen.com\/wp-content\/uploads\/2026\/04\/150k-puffs-QQ-BANG-150000-QQ-BANG-150K-Perfume-Vape-blueberry-ice.webp\",\"contentUrl\":\"https:\/\/euvapen.com\/wp-content\/uploads\/2026\/04\/150k-puffs-QQ-BANG-150000-QQ-BANG-150K-Perfume-Vape-blueberry-ice.webp\",\"width\":800,\"height\":800,\"caption\":\"150k puffs QQ BANG 150000 QQ BANG 150K Perfume Vape - blueberry ice\"},{\"@type\":\"BreadcrumbList\",\"@id\":\"https:\/\/euvapen.com\/product\/150k-puffs-qq-bang-150000-qq-bang-150k-perfume-vape\/#breadcrumb\",\"itemListElement\":[{\"@type\":\"ListItem\",\"position\":1,\"name\":\"Home\",\"item\":\"https:\/\/euvapen.com\/\"},{\"@type\":\"ListItem\",\"position\":2,\"name\":\"Shop\",\"item\":\"https:\/\/euvapen.com\/shop\/\"},{\"@type\":\"ListItem\",\"position\":3,\"name\":\"150k puffs QQ BANG 150000 | QQ BANG 150K Perfume Vape\u00a0\"}]},{\"@type\":\"WebSite\",\"@id\":\"https:\/\/euvapen.com\/#website\",\"url\":\"https:\/\/euvapen.com\/\",\"name\":\"bestpuffvape\",\"description\":\"\",\"publisher\":{\"@id\":\"https:\/\/euvapen.com\/#organization\"},\"potentialAction\":[{\"@type\":\"SearchAction\",\"target\":{\"@type\":\"EntryPoint\",\"urlTemplate\":\"https:\/\/euvapen.com\/?s={search_term_string}\"},\"query-input\":{\"@type\":\"PropertyValueSpecification\",\"valueRequired\":true,\"valueName\":\"search_term_string\"}}],\"inLanguage\":\"de\"},{\"@type\":[\"Organization\",\"Place\"],\"@id\":\"https:\/\/euvapen.com\/#organization\",\"name\":\"bestpuffvape\",\"alternateName\":\"bestpuffvape\",\"url\":\"https:\/\/euvapen.com\/\",\"logo\":{\"@id\":\"https:\/\/euvapen.com\/product\/150k-puffs-qq-bang-150000-qq-bang-150k-perfume-vape\/#local-main-organization-logo\"},\"image\":{\"@id\":\"https:\/\/euvapen.com\/product\/150k-puffs-qq-bang-150000-qq-bang-150k-perfume-vape\/#local-main-organization-logo\"},\"telephone\":[],\"openingHoursSpecification\":[{\"@type\":\"OpeningHoursSpecification\",\"dayOfWeek\":[\"Monday\",\"Tuesday\",\"Wednesday\",\"Thursday\",\"Friday\",\"Saturday\",\"Sunday\"],\"opens\":\"00:00\",\"closes\":\"23:59\"}]},{\"@type\":\"ImageObject\",\"inLanguage\":\"de\",\"@id\":\"https:\/\/euvapen.com\/product\/150k-puffs-qq-bang-150000-qq-bang-150k-perfume-vape\/#local-main-organization-logo\",\"url\":\"https:\/\/euvapen.com\/wp-content\/uploads\/2025\/10\/cropped-puffvape-logo.png\",\"contentUrl\":\"https:\/\/euvapen.com\/wp-content\/uploads\/2025\/10\/cropped-puffvape-logo.png\",\"width\":512,\"height\":512,\"caption\":\"bestpuffvape\"}]}<\/script>\n<meta property=\"og:availability\" content=\"instock\" \/>\n<meta property=\"product:availability\" content=\"instock\" \/>\n<meta property=\"product:retailer_item_id\" content=\"QQ-BANG-150K-Perfume\" \/>\n<meta property=\"product:condition\" content=\"new\" \/>\n<!-- \/ Yoast SEO Premium plugin. -->","yoast_head_json":{"title":"QQ BANG 150K Puffs Parf\u00fcm Flasche Einweg Vape","description":"Shop QQ BANG 150K Einweg-Vape mit bis zu 150.000 Puffs, Dual-Mesh-Spule, 18mL e-Fl\u00fcssigkeit, und einzigartige Parf\u00fcm Flasche Design. Gro\u00dfhandel bereit mit 10 beliebten Geschmacksrichtungen.","robots":{"index":"index","follow":"follow","max-snippet":"max-snippet:-1","max-image-preview":"max-image-preview:large","max-video-preview":"max-video-preview:-1"},"canonical":"https:\/\/euvapen.com\/de\/produkt\/150k-puffs-qq-bang-150000-qq-bang-150k-perfume-vape\/","og_locale":"de_DE","og_type":"article","og_title":"150k puffs QQ BANG 150000 | QQ BANG 150K Perfume Vape\u00a0","og_description":"Shop QQ BANG 150K disposable vape with up to 150,000 puffs, dual mesh coil, 18mL e-liquid, and unique perfume bottle design. Wholesale ready with 10 popular flavors.","og_url":"https:\/\/euvapen.com\/de\/produkt\/150k-puffs-qq-bang-150000-qq-bang-150k-perfume-vape\/","og_site_name":"EuVapen","article_modified_time":"2026-05-04T11:35:25+00:00","og_image":[{"width":800,"height":800,"url":"https:\/\/euvapen.com\/wp-content\/uploads\/2026\/04\/150k-puffs-QQ-BANG-150000-QQ-BANG-150K-Perfume-Vape-blueberry-ice.webp","type":"image\/webp"}],"twitter_card":"summary_large_image","twitter_misc":{"Verf\u00fcgbarkeit":"Auf Lager"},"schema":{"@context":"https:\/\/schema.org","@graph":[{"@type":"WebPage","@id":"https:\/\/euvapen.com\/product\/150k-puffs-qq-bang-150000-qq-bang-150k-perfume-vape\/","url":"https:\/\/euvapen.com\/product\/150k-puffs-qq-bang-150000-qq-bang-150k-perfume-vape\/","name":"QQ BANG 150K Puffs Parf\u00fcm Flasche Einweg Vape","isPartOf":{"@id":"https:\/\/euvapen.com\/#website"},"primaryImageOfPage":{"@id":"https:\/\/euvapen.com\/product\/150k-puffs-qq-bang-150000-qq-bang-150k-perfume-vape\/#primaryimage"},"image":{"@id":"https:\/\/euvapen.com\/product\/150k-puffs-qq-bang-150000-qq-bang-150k-perfume-vape\/#primaryimage"},"thumbnailUrl":"https:\/\/euvapen.com\/wp-content\/uploads\/2026\/04\/150k-puffs-QQ-BANG-150000-QQ-BANG-150K-Perfume-Vape-blueberry-ice.webp","datePublished":"2026-05-04T11:35:22+00:00","dateModified":"2026-05-04T11:35:25+00:00","description":"Shop QQ BANG 150K Einweg-Vape mit bis zu 150.000 Puffs, Dual-Mesh-Spule, 18mL e-Fl\u00fcssigkeit, und einzigartige Parf\u00fcm Flasche Design. Gro\u00dfhandel bereit mit 10 beliebten Geschmacksrichtungen.","breadcrumb":{"@id":"https:\/\/euvapen.com\/product\/150k-puffs-qq-bang-150000-qq-bang-150k-perfume-vape\/#breadcrumb"},"inLanguage":"de","potentialAction":[{"@type":"ReadAction","target":["https:\/\/euvapen.com\/product\/150k-puffs-qq-bang-150000-qq-bang-150k-perfume-vape\/"]}]},{"@type":"ImageObject","inLanguage":"de","@id":"https:\/\/euvapen.com\/product\/150k-puffs-qq-bang-150000-qq-bang-150k-perfume-vape\/#primaryimage","url":"https:\/\/euvapen.com\/wp-content\/uploads\/2026\/04\/150k-puffs-QQ-BANG-150000-QQ-BANG-150K-Perfume-Vape-blueberry-ice.webp","contentUrl":"https:\/\/euvapen.com\/wp-content\/uploads\/2026\/04\/150k-puffs-QQ-BANG-150000-QQ-BANG-150K-Perfume-Vape-blueberry-ice.webp","width":800,"height":800,"caption":"150k puffs QQ BANG 150000 QQ BANG 150K Perfume Vape - blueberry ice"},{"@type":"BreadcrumbList","@id":"https:\/\/euvapen.com\/product\/150k-puffs-qq-bang-150000-qq-bang-150k-perfume-vape\/#breadcrumb","itemListElement":[{"@type":"ListItem","position":1,"name":"Home","item":"https:\/\/euvapen.com\/"},{"@type":"ListItem","position":2,"name":"Shop","item":"https:\/\/euvapen.com\/shop\/"},{"@type":"ListItem","position":3,"name":"150k puffs QQ BANG 150000 | QQ BANG 150K Perfume Vape\u00a0"}]},{"@type":"WebSite","@id":"https:\/\/euvapen.com\/#website","url":"https:\/\/euvapen.com\/","name":"bestpuffvape","description":"","publisher":{"@id":"https:\/\/euvapen.com\/#organization"},"potentialAction":[{"@type":"SearchAction","target":{"@type":"EntryPoint","urlTemplate":"https:\/\/euvapen.com\/?s={search_term_string}"},"query-input":{"@type":"PropertyValueSpecification","valueRequired":true,"valueName":"search_term_string"}}],"inLanguage":"de"},{"@type":["Organization","Place"],"@id":"https:\/\/euvapen.com\/#organization","name":"bestpuffvape","alternateName":"bestpuffvape","url":"https:\/\/euvapen.com\/","logo":{"@id":"https:\/\/euvapen.com\/product\/150k-puffs-qq-bang-150000-qq-bang-150k-perfume-vape\/#local-main-organization-logo"},"image":{"@id":"https:\/\/euvapen.com\/product\/150k-puffs-qq-bang-150000-qq-bang-150k-perfume-vape\/#local-main-organization-logo"},"telephone":[],"openingHoursSpecification":[{"@type":"OpeningHoursSpecification","dayOfWeek":["Monday","Tuesday","Wednesday","Thursday","Friday","Saturday","Sunday"],"opens":"00:00","closes":"23:59"}]},{"@type":"ImageObject","inLanguage":"de","@id":"https:\/\/euvapen.com\/product\/150k-puffs-qq-bang-150000-qq-bang-150k-perfume-vape\/#local-main-organization-logo","url":"https:\/\/euvapen.com\/wp-content\/uploads\/2025\/10\/cropped-puffvape-logo.png","contentUrl":"https:\/\/euvapen.com\/wp-content\/uploads\/2025\/10\/cropped-puffvape-logo.png","width":512,"height":512,"caption":"bestpuffvape"}]},"og_availability":"instock","product_availability":"instock","product_retailer_item_id":"QQ-BANG-150K-Perfume","product_condition":"new"},"brands":[{"id":166,"name":"Bang","slug":"bang"}],"tiered_pricing_type":"fixed","tiered_pricing_fixed_rules":{"30":"13.5","50":"11","100":"10","200":"9.5"},"tiered_pricing_product_settings":{"layout":"default","base_unit_name":{"singular":null,"plural":null},"default_variation":{}},"tiered_pricing_minimum_quantity":10,"tiered_pricing_roles_data":[],"tiered_pricing_percentage_rules":[],"tiered_pricing_maximum_quantity":null,"tiered_pricing_quantity_step":"10","_links":{"self":[{"href":"https:\/\/euvapen.com\/de\/wp-json\/wp\/v2\/product\/25745","targetHints":{"allow":["GET"]}}],"collection":[{"href":"https:\/\/euvapen.com\/de\/wp-json\/wp\/v2\/product"}],"about":[{"href":"https:\/\/euvapen.com\/de\/wp-json\/wp\/v2\/types\/product"}],"replies":[{"embeddable":true,"href":"https:\/\/euvapen.com\/de\/wp-json\/wp\/v2\/comments?post=25745"}],"wp:featuredmedia":[{"embeddable":true,"href":"https:\/\/euvapen.com\/de\/wp-json\/wp\/v2\/media\/25764"}],"wp:attachment":[{"href":"https:\/\/euvapen.com\/de\/wp-json\/wp\/v2\/media?parent=25745"}],"wp:term":[{"taxonomy":"pwb-brand","embeddable":true,"href":"https:\/\/euvapen.com\/de\/wp-json\/wp\/v2\/pwb-brand?post=25745"},{"taxonomy":"product_brand","embeddable":true,"href":"https:\/\/euvapen.com\/de\/wp-json\/wp\/v2\/product_brand?post=25745"},{"taxonomy":"product_cat","embeddable":true,"href":"https:\/\/euvapen.com\/de\/wp-json\/wp\/v2\/product_cat?post=25745"},{"taxonomy":"product_tag","embeddable":true,"href":"https:\/\/euvapen.com\/de\/wp-json\/wp\/v2\/product_tag?post=25745"}],"curies":[{"name":"wp","href":"https:\/\/api.w.org\/{rel}","templated":true}]}}