{"id":1004,"date":"2020-10-09T13:39:05","date_gmt":"2020-10-09T13:39:05","guid":{"rendered":"http:\/\/shoptimizer.local\/?page_id=848"},"modified":"2025-10-10T10:24:10","modified_gmt":"2025-10-10T10:24:10","slug":"about","status":"publish","type":"page","link":"https:\/\/euvapen.com\/es\/about\/","title":{"rendered":"Acerca de"},"content":{"rendered":"<div data-elementor-type=\"wp-post\" data-elementor-id=\"1004\" class=\"elementor elementor-1004\">\n\t\t\t\t\t\t<section class=\"elementor-section elementor-top-section elementor-element elementor-element-28d7a9a8 elementor-section-stretched elementor-section-boxed elementor-section-height-default elementor-section-height-default\" data-id=\"28d7a9a8\" data-element_type=\"section\" data-settings=\"{&quot;stretch_section&quot;:&quot;section-stretched&quot;,&quot;background_background&quot;:&quot;classic&quot;}\">\n\t\t\t\t\t\t<div class=\"elementor-container elementor-column-gap-no\">\n\t\t\t\t\t<div class=\"elementor-column elementor-col-100 elementor-top-column elementor-element elementor-element-585bfc6d\" data-id=\"585bfc6d\" data-element_type=\"column\">\n\t\t\t<div class=\"elementor-widget-wrap elementor-element-populated\">\n\t\t\t\t\t\t<section class=\"elementor-section elementor-inner-section elementor-element elementor-element-35cbf0ea elementor-section-boxed elementor-section-height-default elementor-section-height-default\" data-id=\"35cbf0ea\" data-element_type=\"section\">\n\t\t\t\t\t\t<div class=\"elementor-container elementor-column-gap-default\">\n\t\t\t\t\t<div class=\"elementor-column elementor-col-50 elementor-inner-column elementor-element elementor-element-26a1609a\" data-id=\"26a1609a\" data-element_type=\"column\">\n\t\t\t<div class=\"elementor-widget-wrap elementor-element-populated\">\n\t\t\t\t\t\t<div class=\"elementor-element elementor-element-64a60170 elementor-invisible elementor-widget elementor-widget-heading\" data-id=\"64a60170\" data-element_type=\"widget\" data-settings=\"{&quot;_animation&quot;:&quot;fadeInUp&quot;}\" data-widget_type=\"heading.default\">\n\t\t\t\t\t<h1 class=\"elementor-heading-title elementor-size-default\">Qui\u00e9nes somos<\/h1>\t\t\t\t<\/div>\n\t\t\t\t<div class=\"elementor-element elementor-element-3a6d1332 elementor-invisible elementor-widget elementor-widget-heading\" data-id=\"3a6d1332\" data-element_type=\"widget\" data-settings=\"{&quot;_animation&quot;:&quot;fadeInDown&quot;}\" data-widget_type=\"heading.default\">\n\t\t\t\t\t<h2 class=\"elementor-heading-title elementor-size-default\"><p data-start=\"123\" data-end=\"385\">Bienvenido a <strong data-start=\"134\" data-end=\"150\">BestPuffVape<\/strong>, su proveedor de confianza de vapes y cigarrillos electr\u00f3nicos desechables de alta calidad. Con m\u00e1s de <strong data-start=\"234\" data-end=\"260\">10 a\u00f1os de experiencia<\/strong> en la industria del vaping, nos especializamos en el dise\u00f1o, la fabricaci\u00f3n y la distribuci\u00f3n mundial de productos de vaping innovadores.<\/p><\/h2>\t\t\t\t<\/div>\n\t\t\t\t\t<\/div>\n\t\t<\/div>\n\t\t\t\t<div class=\"elementor-column elementor-col-50 elementor-inner-column elementor-element elementor-element-bf6295e\" data-id=\"bf6295e\" data-element_type=\"column\">\n\t\t\t<div class=\"elementor-widget-wrap\">\n\t\t\t\t\t\t\t<\/div>\n\t\t<\/div>\n\t\t\t\t\t<\/div>\n\t\t<\/section>\n\t\t\t\t\t<\/div>\n\t\t<\/div>\n\t\t\t\t\t<\/div>\n\t\t<\/section>\n\t\t\t\t<section class=\"elementor-section elementor-top-section elementor-element elementor-element-983905d elementor-section-boxed elementor-section-height-default elementor-section-height-default\" data-id=\"983905d\" data-element_type=\"section\">\n\t\t\t\t\t\t<div class=\"elementor-container elementor-column-gap-wider\">\n\t\t\t\t\t<div class=\"elementor-column elementor-col-50 elementor-top-column elementor-element elementor-element-7310116 elementor-invisible\" data-id=\"7310116\" data-element_type=\"column\" data-settings=\"{&quot;animation&quot;:&quot;fadeIn&quot;}\">\n\t\t\t<div class=\"elementor-widget-wrap elementor-element-populated\">\n\t\t\t\t\t\t<div class=\"elementor-element elementor-element-3d3af9e7 title-left elementor-widget elementor-widget-heading\" data-id=\"3d3af9e7\" data-element_type=\"widget\" data-widget_type=\"heading.default\">\n\t\t\t\t\t<h2 class=\"elementor-heading-title elementor-size-default\">Nuestra misi\u00f3n<\/h2>\t\t\t\t<\/div>\n\t\t\t\t<div class=\"elementor-element elementor-element-e710402 elementor-widget elementor-widget-text-editor\" data-id=\"e710402\" data-element_type=\"widget\" data-widget_type=\"text-editor.default\">\n\t\t\t\t\t\t\t\t\t<p>Nuestra misi\u00f3n es <strong data-start=\"405\" data-end=\"463\">Proporcionan experiencias de vapeo de calidad, fiables y seguras.<\/strong> a clientes de todo el mundo. Combinamos tecnolog\u00eda avanzada, un estricto control de calidad y un enfoque centrado en el cliente para garantizar que cada producto cumpla las normas m\u00e1s estrictas.<\/p>\t\t\t\t\t\t\t\t<\/div>\n\t\t\t\t\t<\/div>\n\t\t<\/div>\n\t\t\t\t<div class=\"elementor-column elementor-col-50 elementor-top-column elementor-element elementor-element-34c609e elementor-invisible\" data-id=\"34c609e\" data-element_type=\"column\" data-settings=\"{&quot;animation&quot;:&quot;fadeIn&quot;,&quot;animation_delay&quot;:200}\">\n\t\t\t<div class=\"elementor-widget-wrap elementor-element-populated\">\n\t\t\t\t\t\t<div class=\"elementor-element elementor-element-c04a566 animated-fast elementor-invisible elementor-widget elementor-widget-image\" data-id=\"c04a566\" data-element_type=\"widget\" data-settings=\"{&quot;_animation&quot;:&quot;fadeIn&quot;}\" data-widget_type=\"image.default\">\n\t\t\t\t\t\t\t\t\t\t\t\t\t\t\t<img fetchpriority=\"high\" decoding=\"async\" width=\"1024\" height=\"683\" src=\"https:\/\/euvapen.com\/wp-content\/uploads\/2025\/10\/man-vaping-electronic-cigarette-1024x683.webp\" class=\"attachment-large size-large wp-image-7454\" alt=\"\" srcset=\"https:\/\/euvapen.com\/wp-content\/uploads\/2025\/10\/man-vaping-electronic-cigarette-1024x683.webp 1024w, https:\/\/euvapen.com\/wp-content\/uploads\/2025\/10\/man-vaping-electronic-cigarette-300x200.webp 300w, https:\/\/euvapen.com\/wp-content\/uploads\/2025\/10\/man-vaping-electronic-cigarette-768x512.webp 768w, https:\/\/euvapen.com\/wp-content\/uploads\/2025\/10\/man-vaping-electronic-cigarette-1536x1024.webp 1536w, https:\/\/euvapen.com\/wp-content\/uploads\/2025\/10\/man-vaping-electronic-cigarette-990x660.webp 990w, https:\/\/euvapen.com\/wp-content\/uploads\/2025\/10\/man-vaping-electronic-cigarette-441x294.webp 441w, https:\/\/euvapen.com\/wp-content\/uploads\/2025\/10\/man-vaping-electronic-cigarette-800x533.webp 800w, https:\/\/euvapen.com\/wp-content\/uploads\/2025\/10\/man-vaping-electronic-cigarette-150x100.webp 150w, https:\/\/euvapen.com\/wp-content\/uploads\/2025\/10\/man-vaping-electronic-cigarette.webp 1920w\" sizes=\"(max-width: 1024px) 100vw, 1024px\" \/>\t\t\t\t\t\t\t\t\t\t\t\t\t\t\t<\/div>\n\t\t\t\t\t<\/div>\n\t\t<\/div>\n\t\t\t\t\t<\/div>\n\t\t<\/section>\n\t\t\t\t<section class=\"elementor-section elementor-top-section elementor-element elementor-element-bb36c6f elementor-section-boxed elementor-section-height-default elementor-section-height-default\" data-id=\"bb36c6f\" data-element_type=\"section\">\n\t\t\t\t\t\t<div class=\"elementor-container elementor-column-gap-wider\">\n\t\t\t\t\t<div class=\"elementor-column elementor-col-50 elementor-top-column elementor-element elementor-element-2880450 elementor-invisible\" data-id=\"2880450\" data-element_type=\"column\" data-settings=\"{&quot;animation&quot;:&quot;fadeIn&quot;}\">\n\t\t\t<div class=\"elementor-widget-wrap elementor-element-populated\">\n\t\t\t\t\t\t<div class=\"elementor-element elementor-element-db9c3d4 animated-fast elementor-invisible elementor-widget elementor-widget-image\" data-id=\"db9c3d4\" data-element_type=\"widget\" data-settings=\"{&quot;_animation&quot;:&quot;fadeIn&quot;}\" data-widget_type=\"image.default\">\n\t\t\t\t\t\t\t\t\t\t\t\t\t\t\t<img decoding=\"async\" width=\"1024\" height=\"676\" src=\"https:\/\/euvapen.com\/wp-content\/uploads\/2025\/10\/beautiful-young-woman-inhaling-smoke-young-girl-vaping-1024x676.webp\" class=\"attachment-large size-large wp-image-7455\" alt=\"\" srcset=\"https:\/\/euvapen.com\/wp-content\/uploads\/2025\/10\/beautiful-young-woman-inhaling-smoke-young-girl-vaping-1024x676.webp 1024w, https:\/\/euvapen.com\/wp-content\/uploads\/2025\/10\/beautiful-young-woman-inhaling-smoke-young-girl-vaping-300x198.webp 300w, https:\/\/euvapen.com\/wp-content\/uploads\/2025\/10\/beautiful-young-woman-inhaling-smoke-young-girl-vaping-768x507.webp 768w, https:\/\/euvapen.com\/wp-content\/uploads\/2025\/10\/beautiful-young-woman-inhaling-smoke-young-girl-vaping-1536x1014.webp 1536w, https:\/\/euvapen.com\/wp-content\/uploads\/2025\/10\/beautiful-young-woman-inhaling-smoke-young-girl-vaping-990x653.webp 990w, https:\/\/euvapen.com\/wp-content\/uploads\/2025\/10\/beautiful-young-woman-inhaling-smoke-young-girl-vaping-441x291.webp 441w, https:\/\/euvapen.com\/wp-content\/uploads\/2025\/10\/beautiful-young-woman-inhaling-smoke-young-girl-vaping-800x528.webp 800w, https:\/\/euvapen.com\/wp-content\/uploads\/2025\/10\/beautiful-young-woman-inhaling-smoke-young-girl-vaping-150x99.webp 150w, https:\/\/euvapen.com\/wp-content\/uploads\/2025\/10\/beautiful-young-woman-inhaling-smoke-young-girl-vaping.webp 1920w\" sizes=\"(max-width: 1024px) 100vw, 1024px\" \/>\t\t\t\t\t\t\t\t\t\t\t\t\t\t\t<\/div>\n\t\t\t\t\t<\/div>\n\t\t<\/div>\n\t\t\t\t<div class=\"elementor-column elementor-col-50 elementor-top-column elementor-element elementor-element-7899afa elementor-invisible\" data-id=\"7899afa\" data-element_type=\"column\" data-settings=\"{&quot;animation&quot;:&quot;fadeIn&quot;,&quot;animation_delay&quot;:200}\">\n\t\t\t<div class=\"elementor-widget-wrap elementor-element-populated\">\n\t\t\t\t\t\t<div class=\"elementor-element elementor-element-af7dfd6 title-right elementor-widget elementor-widget-heading\" data-id=\"af7dfd6\" data-element_type=\"widget\" data-widget_type=\"heading.default\">\n\t\t\t\t\t<h2 class=\"elementor-heading-title elementor-size-default\">Qu\u00e9 ofrecemos<\/h2>\t\t\t\t<\/div>\n\t\t\t\t<div class=\"elementor-element elementor-element-04da751 elementor-widget elementor-widget-text-editor\" data-id=\"04da751\" data-element_type=\"widget\" data-widget_type=\"text-editor.default\">\n\t\t\t\t\t\t\t\t\t<ul><li data-start=\"648\" data-end=\"731\"><p data-start=\"650\" data-end=\"731\"><strong data-start=\"650\" data-end=\"679\">Vapes desechables premium:<\/strong> Desde los productos favoritos hasta las \u00faltimas innovaciones.<\/p><\/li><li data-start=\"732\" data-end=\"813\"><p data-start=\"734\" data-end=\"813\"><strong data-start=\"734\" data-end=\"749\">Las mejores marcas:<\/strong> Incluyendo Bang Vape, Waspe, RandM Tornado, ELF Box, y m\u00e1s.<\/p><\/li><li data-start=\"814\" data-end=\"910\"><p data-start=\"816\" data-end=\"910\"><strong data-start=\"816\" data-end=\"837\">Soluciones a medida:<\/strong> Servicios ODM y OEM, incluidos la creaci\u00f3n de marcas, envases y sabores \u00fanicos.<\/p><\/li><\/ul>\t\t\t\t\t\t\t\t<\/div>\n\t\t\t\t\t<\/div>\n\t\t<\/div>\n\t\t\t\t\t<\/div>\n\t\t<\/section>\n\t\t\t\t<section class=\"elementor-section elementor-top-section elementor-element elementor-element-338b57d elementor-section-boxed elementor-section-height-default elementor-section-height-default\" data-id=\"338b57d\" data-element_type=\"section\">\n\t\t\t\t\t\t<div class=\"elementor-container elementor-column-gap-wider\">\n\t\t\t\t\t<div class=\"elementor-column elementor-col-50 elementor-top-column elementor-element elementor-element-e30bac7 elementor-invisible\" data-id=\"e30bac7\" data-element_type=\"column\" data-settings=\"{&quot;animation&quot;:&quot;fadeIn&quot;}\">\n\t\t\t<div class=\"elementor-widget-wrap elementor-element-populated\">\n\t\t\t\t\t\t<div class=\"elementor-element elementor-element-f97861c title-left elementor-widget elementor-widget-heading\" data-id=\"f97861c\" data-element_type=\"widget\" data-widget_type=\"heading.default\">\n\t\t\t\t\t<h2 class=\"elementor-heading-title elementor-size-default\"><h3 data-start=\"912\" data-end=\"930\">Nuestro compromiso<span style=\"font-size: 30px;letter-spacing: -0.5px\"><\/span><\/h3><\/h2>\t\t\t\t<\/div>\n\t\t\t\t<div class=\"elementor-element elementor-element-740daea elementor-widget elementor-widget-text-editor\" data-id=\"740daea\" data-element_type=\"widget\" data-widget_type=\"text-editor.default\">\n\t\t\t\t\t\t\t\t\t<ul><li data-start=\"931\" data-end=\"1037\"><p data-start=\"933\" data-end=\"1037\"><strong data-start=\"933\" data-end=\"951\">La calidad es lo primero:<\/strong> Todos los productos se someten a rigurosas pruebas para garantizar su seguridad, sabor y fiabilidad.<\/p><\/li><li data-start=\"1038\" data-end=\"1149\"><p data-start=\"1040\" data-end=\"1149\"><strong data-start=\"1040\" data-end=\"1065\">Entrega r\u00e1pida en todo el mundo:<\/strong> Almacenes europeos e internacionales con env\u00edo DDP para una entrega sin complicaciones.<\/p><\/li><li data-start=\"1150\" data-end=\"1250\"><p data-start=\"1152\" data-end=\"1250\"><strong data-start=\"1152\" data-end=\"1178\">Satisfacci\u00f3n del cliente:<\/strong> Nuestro equipo de asistencia est\u00e1 siempre disponible por correo electr\u00f3nico o WhatsApp.<\/p><\/li><li data-start=\"1251\" data-end=\"1350\"><p data-start=\"1253\" data-end=\"1350\"><strong data-start=\"1253\" data-end=\"1268\">Innovaci\u00f3n:<\/strong> En constante desarrollo de nuevas tecnolog\u00edas y sabores para liderar la industria del vaping.<\/p><\/li><\/ul>\t\t\t\t\t\t\t\t<\/div>\n\t\t\t\t\t<\/div>\n\t\t<\/div>\n\t\t\t\t<div class=\"elementor-column elementor-col-50 elementor-top-column elementor-element elementor-element-4938926 elementor-invisible\" data-id=\"4938926\" data-element_type=\"column\" data-settings=\"{&quot;animation&quot;:&quot;fadeIn&quot;,&quot;animation_delay&quot;:200}\">\n\t\t\t<div class=\"elementor-widget-wrap elementor-element-populated\">\n\t\t\t\t\t\t<div class=\"elementor-element elementor-element-af85d13 animated-fast elementor-invisible elementor-widget elementor-widget-image\" data-id=\"af85d13\" data-element_type=\"widget\" data-settings=\"{&quot;_animation&quot;:&quot;fadeIn&quot;}\" data-widget_type=\"image.default\">\n\t\t\t\t\t\t\t\t\t\t\t\t\t\t\t<img decoding=\"async\" width=\"1024\" height=\"683\" src=\"https:\/\/euvapen.com\/wp-content\/uploads\/2025\/10\/dripper-one-hand-making-cloud-fume-1024x683.webp\" class=\"attachment-large size-large wp-image-7456\" alt=\"\" srcset=\"https:\/\/euvapen.com\/wp-content\/uploads\/2025\/10\/dripper-one-hand-making-cloud-fume-1024x683.webp 1024w, https:\/\/euvapen.com\/wp-content\/uploads\/2025\/10\/dripper-one-hand-making-cloud-fume-300x200.webp 300w, https:\/\/euvapen.com\/wp-content\/uploads\/2025\/10\/dripper-one-hand-making-cloud-fume-768x512.webp 768w, https:\/\/euvapen.com\/wp-content\/uploads\/2025\/10\/dripper-one-hand-making-cloud-fume-1536x1024.webp 1536w, https:\/\/euvapen.com\/wp-content\/uploads\/2025\/10\/dripper-one-hand-making-cloud-fume-990x660.webp 990w, https:\/\/euvapen.com\/wp-content\/uploads\/2025\/10\/dripper-one-hand-making-cloud-fume-441x294.webp 441w, https:\/\/euvapen.com\/wp-content\/uploads\/2025\/10\/dripper-one-hand-making-cloud-fume-800x533.webp 800w, https:\/\/euvapen.com\/wp-content\/uploads\/2025\/10\/dripper-one-hand-making-cloud-fume-150x100.webp 150w, https:\/\/euvapen.com\/wp-content\/uploads\/2025\/10\/dripper-one-hand-making-cloud-fume.webp 1920w\" sizes=\"(max-width: 1024px) 100vw, 1024px\" \/>\t\t\t\t\t\t\t\t\t\t\t\t\t\t\t<\/div>\n\t\t\t\t\t<\/div>\n\t\t<\/div>\n\t\t\t\t\t<\/div>\n\t\t<\/section>\n\t\t\t\t<section class=\"elementor-section elementor-top-section elementor-element elementor-element-487b9a9 elementor-section-boxed elementor-section-height-default elementor-section-height-default\" data-id=\"487b9a9\" data-element_type=\"section\">\n\t\t\t\t\t\t<div class=\"elementor-container elementor-column-gap-wider\">\n\t\t\t\t\t<div class=\"elementor-column elementor-col-100 elementor-top-column elementor-element elementor-element-67c6a38 elementor-invisible\" data-id=\"67c6a38\" data-element_type=\"column\" data-settings=\"{&quot;animation&quot;:&quot;fadeIn&quot;,&quot;animation_delay&quot;:200}\">\n\t\t\t<div class=\"elementor-widget-wrap elementor-element-populated\">\n\t\t\t\t\t\t<div class=\"elementor-element elementor-element-60bfd1d elementor-widget elementor-widget-text-editor\" data-id=\"60bfd1d\" data-element_type=\"widget\" data-widget_type=\"text-editor.default\">\n\t\t\t\t\t\t\t\t\t<p data-start=\"650\" data-end=\"731\">En BestPuffVape, nuestro objetivo es <strong data-start=\"1379\" data-end=\"1433\">hacer que vapear sea agradable, accesible y fiable<\/strong>. Tanto si es usted minorista, mayorista o cliente particular, nos comprometemos a ofrecerle los mejores productos y servicios del mercado.<\/p>\t\t\t\t\t\t\t\t<\/div>\n\t\t\t\t\t<\/div>\n\t\t<\/div>\n\t\t\t\t\t<\/div>\n\t\t<\/section>\n\t\t\t\t<\/div>","protected":false},"excerpt":{"rendered":"<p>Acerca de nosotros Bienvenido a BestPuffVape, su fuente de confianza para vapes desechables de alta calidad y e-cigarrillos. Con m\u00e1s de 10 a\u00f1os de experiencia en la industria de vaping, nos especializamos en el dise\u00f1o, fabricaci\u00f3n y distribuci\u00f3n mundial de productos innovadores vaping. Nuestra misi\u00f3n Nuestra misi\u00f3n es ofrecer experiencias de vapeo de primera calidad, fiables y seguras a clientes de todo el mundo. Combinamos [...]<\/p>","protected":false},"author":1,"featured_media":0,"parent":0,"menu_order":0,"comment_status":"closed","ping_status":"closed","template":"template-fullwidth-no-heading.php","meta":{"_acf_changed":false,"footnotes":""},"class_list":["post-1004","page","type-page","status-publish","hentry"],"acf":[],"yoast_head":"<!-- This site is optimized with the Yoast SEO Premium plugin v26.3 (Yoast SEO v26.3) - https:\/\/yoast.com\/wordpress\/plugins\/seo\/ -->\n<title>About<\/title>\n<meta name=\"robots\" content=\"index, follow, max-snippet:-1, max-image-preview:large, max-video-preview:-1\" \/>\n<link rel=\"canonical\" href=\"https:\/\/euvapen.com\/es\/about\/\" \/>\n<meta property=\"og:locale\" content=\"es_ES\" \/>\n<meta property=\"og:type\" content=\"article\" \/>\n<meta property=\"og:title\" content=\"About\" \/>\n<meta property=\"og:description\" content=\"About us Welcome to BestPuffVape, your trusted source for high-quality disposable vapes and e-cigarettes. With over 10 years of experience in the vaping industry, we specialize in the design, manufacturing, and global distribution of innovative vaping products. Our Mission Our mission is to deliver premium, reliable, and safe vaping experiences to customers worldwide. We combine [&hellip;]\" \/>\n<meta property=\"og:url\" content=\"https:\/\/euvapen.com\/es\/about\/\" \/>\n<meta property=\"og:site_name\" content=\"EuVapen\" \/>\n<meta property=\"article:modified_time\" content=\"2025-10-10T10:24:10+00:00\" \/>\n<meta property=\"og:image\" content=\"https:\/\/euvapen.com\/wp-content\/uploads\/2025\/10\/man-vaping-electronic-cigarette-1024x683.webp\" \/>\n<meta name=\"twitter:card\" content=\"summary_large_image\" \/>\n<meta name=\"twitter:label1\" content=\"Tiempo de lectura\" \/>\n\t<meta name=\"twitter:data1\" content=\"1 minuto\" \/>\n<script type=\"application\/ld+json\" class=\"yoast-schema-graph\">{\"@context\":\"https:\/\/schema.org\",\"@graph\":[{\"@type\":\"WebPage\",\"@id\":\"https:\/\/euvapen.com\/about\/\",\"url\":\"https:\/\/euvapen.com\/about\/\",\"name\":\"About\",\"isPartOf\":{\"@id\":\"https:\/\/euvapen.com\/#website\"},\"primaryImageOfPage\":{\"@id\":\"https:\/\/euvapen.com\/about\/#primaryimage\"},\"image\":{\"@id\":\"https:\/\/euvapen.com\/about\/#primaryimage\"},\"thumbnailUrl\":\"https:\/\/euvapen.com\/wp-content\/uploads\/2025\/10\/man-vaping-electronic-cigarette-1024x683.webp\",\"datePublished\":\"2020-10-09T13:39:05+00:00\",\"dateModified\":\"2025-10-10T10:24:10+00:00\",\"breadcrumb\":{\"@id\":\"https:\/\/euvapen.com\/about\/#breadcrumb\"},\"inLanguage\":\"es\",\"potentialAction\":[{\"@type\":\"ReadAction\",\"target\":[\"https:\/\/euvapen.com\/about\/\"]}]},{\"@type\":\"ImageObject\",\"inLanguage\":\"es\",\"@id\":\"https:\/\/euvapen.com\/about\/#primaryimage\",\"url\":\"https:\/\/euvapen.com\/wp-content\/uploads\/2025\/10\/man-vaping-electronic-cigarette-1024x683.webp\",\"contentUrl\":\"https:\/\/euvapen.com\/wp-content\/uploads\/2025\/10\/man-vaping-electronic-cigarette-1024x683.webp\"},{\"@type\":\"BreadcrumbList\",\"@id\":\"https:\/\/euvapen.com\/about\/#breadcrumb\",\"itemListElement\":[{\"@type\":\"ListItem\",\"position\":1,\"name\":\"Home\",\"item\":\"https:\/\/euvapen.com\/\"},{\"@type\":\"ListItem\",\"position\":2,\"name\":\"About\"}]},{\"@type\":\"WebSite\",\"@id\":\"https:\/\/euvapen.com\/#website\",\"url\":\"https:\/\/euvapen.com\/\",\"name\":\"bestpuffvape\",\"description\":\"\",\"publisher\":{\"@id\":\"https:\/\/euvapen.com\/#organization\"},\"potentialAction\":[{\"@type\":\"SearchAction\",\"target\":{\"@type\":\"EntryPoint\",\"urlTemplate\":\"https:\/\/euvapen.com\/?s={search_term_string}\"},\"query-input\":{\"@type\":\"PropertyValueSpecification\",\"valueRequired\":true,\"valueName\":\"search_term_string\"}}],\"inLanguage\":\"es\"},{\"@type\":[\"Organization\",\"Place\"],\"@id\":\"https:\/\/euvapen.com\/#organization\",\"name\":\"bestpuffvape\",\"alternateName\":\"bestpuffvape\",\"url\":\"https:\/\/euvapen.com\/\",\"logo\":{\"@id\":\"https:\/\/euvapen.com\/about\/#local-main-organization-logo\"},\"image\":{\"@id\":\"https:\/\/euvapen.com\/about\/#local-main-organization-logo\"},\"telephone\":[],\"openingHoursSpecification\":[{\"@type\":\"OpeningHoursSpecification\",\"dayOfWeek\":[\"Monday\",\"Tuesday\",\"Wednesday\",\"Thursday\",\"Friday\",\"Saturday\",\"Sunday\"],\"opens\":\"00:00\",\"closes\":\"23:59\"}]},{\"@type\":\"ImageObject\",\"inLanguage\":\"es\",\"@id\":\"https:\/\/euvapen.com\/about\/#local-main-organization-logo\",\"url\":\"https:\/\/euvapen.com\/wp-content\/uploads\/2025\/10\/cropped-puffvape-logo.png\",\"contentUrl\":\"https:\/\/euvapen.com\/wp-content\/uploads\/2025\/10\/cropped-puffvape-logo.png\",\"width\":512,\"height\":512,\"caption\":\"bestpuffvape\"}]}<\/script>\n<!-- \/ Yoast SEO Premium plugin. -->","yoast_head_json":{"title":"Acerca de","robots":{"index":"index","follow":"follow","max-snippet":"max-snippet:-1","max-image-preview":"max-image-preview:large","max-video-preview":"max-video-preview:-1"},"canonical":"https:\/\/euvapen.com\/es\/about\/","og_locale":"es_ES","og_type":"article","og_title":"About","og_description":"About us Welcome to BestPuffVape, your trusted source for high-quality disposable vapes and e-cigarettes. With over 10 years of experience in the vaping industry, we specialize in the design, manufacturing, and global distribution of innovative vaping products. Our Mission Our mission is to deliver premium, reliable, and safe vaping experiences to customers worldwide. We combine [&hellip;]","og_url":"https:\/\/euvapen.com\/es\/about\/","og_site_name":"EuVapen","article_modified_time":"2025-10-10T10:24:10+00:00","og_image":[{"url":"https:\/\/euvapen.com\/wp-content\/uploads\/2025\/10\/man-vaping-electronic-cigarette-1024x683.webp","type":"","width":"","height":""}],"twitter_card":"summary_large_image","twitter_misc":{"Tiempo de lectura":"1 minuto"},"schema":{"@context":"https:\/\/schema.org","@graph":[{"@type":"WebPage","@id":"https:\/\/euvapen.com\/about\/","url":"https:\/\/euvapen.com\/about\/","name":"Acerca de","isPartOf":{"@id":"https:\/\/euvapen.com\/#website"},"primaryImageOfPage":{"@id":"https:\/\/euvapen.com\/about\/#primaryimage"},"image":{"@id":"https:\/\/euvapen.com\/about\/#primaryimage"},"thumbnailUrl":"https:\/\/euvapen.com\/wp-content\/uploads\/2025\/10\/man-vaping-electronic-cigarette-1024x683.webp","datePublished":"2020-10-09T13:39:05+00:00","dateModified":"2025-10-10T10:24:10+00:00","breadcrumb":{"@id":"https:\/\/euvapen.com\/about\/#breadcrumb"},"inLanguage":"es","potentialAction":[{"@type":"ReadAction","target":["https:\/\/euvapen.com\/about\/"]}]},{"@type":"ImageObject","inLanguage":"es","@id":"https:\/\/euvapen.com\/about\/#primaryimage","url":"https:\/\/euvapen.com\/wp-content\/uploads\/2025\/10\/man-vaping-electronic-cigarette-1024x683.webp","contentUrl":"https:\/\/euvapen.com\/wp-content\/uploads\/2025\/10\/man-vaping-electronic-cigarette-1024x683.webp"},{"@type":"BreadcrumbList","@id":"https:\/\/euvapen.com\/about\/#breadcrumb","itemListElement":[{"@type":"ListItem","position":1,"name":"Home","item":"https:\/\/euvapen.com\/"},{"@type":"ListItem","position":2,"name":"About"}]},{"@type":"WebSite","@id":"https:\/\/euvapen.com\/#website","url":"https:\/\/euvapen.com\/","name":"bestpuffvape","description":"","publisher":{"@id":"https:\/\/euvapen.com\/#organization"},"potentialAction":[{"@type":"SearchAction","target":{"@type":"EntryPoint","urlTemplate":"https:\/\/euvapen.com\/?s={search_term_string}"},"query-input":{"@type":"PropertyValueSpecification","valueRequired":true,"valueName":"search_term_string"}}],"inLanguage":"es"},{"@type":["Organization","Place"],"@id":"https:\/\/euvapen.com\/#organization","name":"bestpuffvape","alternateName":"bestpuffvape","url":"https:\/\/euvapen.com\/","logo":{"@id":"https:\/\/euvapen.com\/about\/#local-main-organization-logo"},"image":{"@id":"https:\/\/euvapen.com\/about\/#local-main-organization-logo"},"telephone":[],"openingHoursSpecification":[{"@type":"OpeningHoursSpecification","dayOfWeek":["Monday","Tuesday","Wednesday","Thursday","Friday","Saturday","Sunday"],"opens":"00:00","closes":"23:59"}]},{"@type":"ImageObject","inLanguage":"es","@id":"https:\/\/euvapen.com\/about\/#local-main-organization-logo","url":"https:\/\/euvapen.com\/wp-content\/uploads\/2025\/10\/cropped-puffvape-logo.png","contentUrl":"https:\/\/euvapen.com\/wp-content\/uploads\/2025\/10\/cropped-puffvape-logo.png","width":512,"height":512,"caption":"bestpuffvape"}]}},"_links":{"self":[{"href":"https:\/\/euvapen.com\/es\/wp-json\/wp\/v2\/pages\/1004","targetHints":{"allow":["GET"]}}],"collection":[{"href":"https:\/\/euvapen.com\/es\/wp-json\/wp\/v2\/pages"}],"about":[{"href":"https:\/\/euvapen.com\/es\/wp-json\/wp\/v2\/types\/page"}],"author":[{"embeddable":true,"href":"https:\/\/euvapen.com\/es\/wp-json\/wp\/v2\/users\/1"}],"replies":[{"embeddable":true,"href":"https:\/\/euvapen.com\/es\/wp-json\/wp\/v2\/comments?post=1004"}],"version-history":[{"count":0,"href":"https:\/\/euvapen.com\/es\/wp-json\/wp\/v2\/pages\/1004\/revisions"}],"wp:attachment":[{"href":"https:\/\/euvapen.com\/es\/wp-json\/wp\/v2\/media?parent=1004"}],"curies":[{"name":"wp","href":"https:\/\/api.w.org\/{rel}","templated":true}]}}