{"id":13,"date":"2025-10-10T07:54:18","date_gmt":"2025-10-10T07:54:18","guid":{"rendered":"https:\/\/euvapen.com\/?page_id=13"},"modified":"2025-10-10T07:57:52","modified_gmt":"2025-10-10T07:57:52","slug":"refund_returns","status":"publish","type":"page","link":"https:\/\/euvapen.com\/es\/refund_returns\/","title":{"rendered":"Pol\u00edtica de devoluciones y reembolsos"},"content":{"rendered":"<p><\/p>\n\n\n\n<h2 class=\"wp-block-heading\">Visi\u00f3n general<\/h2>\n\n\n\n<p><strong>Devoluciones y reclamaciones<\/strong><\/p>\n\n\n\n<p>Entendemos que a veces una compra no cumpla sus expectativas, sobre todo cuando se compra por Internet. Todos hemos pasado por eso: la decepci\u00f3n de recibir algo que no se ajusta a tus necesidades. Por eso hemos creado un <strong>pol\u00edtica de devoluciones sencilla y c\u00f3moda<\/strong> para garantizar su plena satisfacci\u00f3n con cada pedido.<\/p>\n\n\n\n<p>Su satisfacci\u00f3n es nuestra m\u00e1xima prioridad. BestPuffVape se enorgullece de ser una de las pocas empresas en la industria del vape para ofrecer un <strong>Pol\u00edtica de devoluci\u00f3n de 30 d\u00edas<\/strong> en todos <strong>productos no utilizados<\/strong> a partir de la fecha de compra. Revise atentamente los detalles que figuran a continuaci\u00f3n.<\/p>\n\n\n\n<hr class=\"wp-block-separator has-alpha-channel-opacity\"\/>\n\n\n\n<h4 class=\"wp-block-heading\"><strong>Pol\u00edtica de devoluci\u00f3n de 100 d\u00edas<\/strong><\/h4>\n\n\n\n<ul class=\"wp-block-list\">\n<li>Usted tiene <strong>30 d\u00edas<\/strong> a partir de la fecha de recepci\u00f3n de su pedido para realizar una devoluci\u00f3n.<\/li>\n\n\n\n<li><strong>En un plazo de 14 d\u00edas:<\/strong> Recibir\u00e1 un <strong>reembolso \u00edntegro en met\u00e1lico<\/strong>.<\/li>\n\n\n\n<li><strong>Del 15\u00ba al 30\u00ba d\u00eda:<\/strong> Recibir\u00e1 un <strong>vale de compra<\/strong> igual al valor del producto devuelto.<\/li>\n\n\n\n<li>Todos los art\u00edculos devueltos deben <strong>sin usar<\/strong>, <strong>sin abrir<\/strong>, y en su <strong>embalaje original<\/strong>.<\/li>\n\n\n\n<li>Para los productos sujetos a impuestos especiales <strong>no se aceptan devoluciones<\/strong> si se han roto los precintos fiscales.<\/li>\n\n\n\n<li><strong>Productos usados<\/strong> o los que tienen un <strong>fecha de caducidad corta<\/strong> son <strong>no elegible<\/strong> para su devoluci\u00f3n transcurridos 14 d\u00edas.<\/li>\n<\/ul>\n\n\n\n<hr class=\"wp-block-separator has-alpha-channel-opacity\"\/>\n\n\n\n<p>Estas condiciones se aplican a <strong>s\u00f3lo clientes minoristas<\/strong>.<br>Si tiene alguna pregunta o necesita ayuda con su devoluci\u00f3n, p\u00f3ngase en contacto con nuestro <strong>equipo de atenci\u00f3n al cliente<\/strong>-estamos aqu\u00ed para ayudar.<\/p>\n\n\n\n<h2 class=\"wp-block-heading\">\u00bfNecesitas ayuda?<\/h2>\n\n\n\n<p>En caso de que surja alg\u00fan problema con su pedido -excluidos los d\u00edas festivos o las circunstancias de fuerza mayor- nuestro <strong>equipo especializado de atenci\u00f3n al cliente<\/strong> est\u00e1 siempre dispuesto a ayudarle. P\u00f3ngase en contacto con nosotros <strong>dentro del plazo de devoluci\u00f3n especificado<\/strong> para iniciar el proceso de devoluci\u00f3n o reembolso. Nos comprometemos a resolver sus dudas con prontitud y a garantizar su <strong>total satisfacci\u00f3n<\/strong> con cada compra.<\/p>\n\n\n\n<p>Ponte en contacto con nosotros en WhatsApp\uff08+86 18024174651\uff09para preguntas relacionadas con reembolsos y devoluciones.<\/p>","protected":false},"excerpt":{"rendered":"<p>Informaci\u00f3n general Devoluciones y reclamaciones Comprendemos que a veces una compra no cumpla sus expectativas, sobre todo cuando se compra por Internet. Todos hemos pasado por eso: la decepci\u00f3n de recibir algo que no se ajusta a tus necesidades. Por eso hemos creado una pol\u00edtica de devoluciones sencilla y f\u00e1cil de usar para garantizar tu completa satisfacci\u00f3n con cada pedido. Su satisfacci\u00f3n es [...]<\/p>","protected":false},"author":1,"featured_media":0,"parent":0,"menu_order":0,"comment_status":"closed","ping_status":"closed","template":"","meta":{"_acf_changed":false,"footnotes":""},"class_list":["post-13","page","type-page","status-publish","hentry"],"acf":[],"yoast_head":"<!-- This site is optimized with the Yoast SEO Premium plugin v26.3 (Yoast SEO v26.3) - https:\/\/yoast.com\/wordpress\/plugins\/seo\/ -->\n<title>Refund and Returns Policy - EuVapen<\/title>\n<meta name=\"robots\" content=\"index, follow, max-snippet:-1, max-image-preview:large, max-video-preview:-1\" \/>\n<link rel=\"canonical\" href=\"https:\/\/euvapen.com\/es\/refund_returns\/\" \/>\n<meta property=\"og:locale\" content=\"es_ES\" \/>\n<meta property=\"og:type\" content=\"article\" \/>\n<meta property=\"og:title\" content=\"Refund and Returns Policy\" \/>\n<meta property=\"og:description\" content=\"Overview Returns &amp; Complaints We understand that sometimes a purchase may not meet your expectations \u2014 especially when shopping online. We\u2019ve all been there: the disappointment of receiving something that doesn\u2019t quite fit your needs. That\u2019s why we\u2019ve created a simple, customer-friendly return policy to ensure your complete satisfaction with every order. Your satisfaction is [&hellip;]\" \/>\n<meta property=\"og:url\" content=\"https:\/\/euvapen.com\/es\/refund_returns\/\" \/>\n<meta property=\"og:site_name\" content=\"EuVapen\" \/>\n<meta property=\"article:modified_time\" content=\"2025-10-10T07:57:52+00:00\" \/>\n<meta name=\"twitter:card\" content=\"summary_large_image\" \/>\n<meta name=\"twitter:label1\" content=\"Tiempo de lectura\" \/>\n\t<meta name=\"twitter:data1\" content=\"2 minutos\" \/>\n<script type=\"application\/ld+json\" class=\"yoast-schema-graph\">{\"@context\":\"https:\/\/schema.org\",\"@graph\":[{\"@type\":\"WebPage\",\"@id\":\"https:\/\/euvapen.com\/refund_returns\/\",\"url\":\"https:\/\/euvapen.com\/refund_returns\/\",\"name\":\"Refund and Returns Policy - EuVapen\",\"isPartOf\":{\"@id\":\"https:\/\/euvapen.com\/#website\"},\"datePublished\":\"2025-10-10T07:54:18+00:00\",\"dateModified\":\"2025-10-10T07:57:52+00:00\",\"breadcrumb\":{\"@id\":\"https:\/\/euvapen.com\/refund_returns\/#breadcrumb\"},\"inLanguage\":\"es\",\"potentialAction\":[{\"@type\":\"ReadAction\",\"target\":[\"https:\/\/euvapen.com\/refund_returns\/\"]}]},{\"@type\":\"BreadcrumbList\",\"@id\":\"https:\/\/euvapen.com\/refund_returns\/#breadcrumb\",\"itemListElement\":[{\"@type\":\"ListItem\",\"position\":1,\"name\":\"Home\",\"item\":\"https:\/\/euvapen.com\/\"},{\"@type\":\"ListItem\",\"position\":2,\"name\":\"Refund and Returns Policy\"}]},{\"@type\":\"WebSite\",\"@id\":\"https:\/\/euvapen.com\/#website\",\"url\":\"https:\/\/euvapen.com\/\",\"name\":\"bestpuffvape\",\"description\":\"\",\"publisher\":{\"@id\":\"https:\/\/euvapen.com\/#organization\"},\"potentialAction\":[{\"@type\":\"SearchAction\",\"target\":{\"@type\":\"EntryPoint\",\"urlTemplate\":\"https:\/\/euvapen.com\/?s={search_term_string}\"},\"query-input\":{\"@type\":\"PropertyValueSpecification\",\"valueRequired\":true,\"valueName\":\"search_term_string\"}}],\"inLanguage\":\"es\"},{\"@type\":[\"Organization\",\"Place\"],\"@id\":\"https:\/\/euvapen.com\/#organization\",\"name\":\"bestpuffvape\",\"alternateName\":\"bestpuffvape\",\"url\":\"https:\/\/euvapen.com\/\",\"logo\":{\"@id\":\"https:\/\/euvapen.com\/refund_returns\/#local-main-organization-logo\"},\"image\":{\"@id\":\"https:\/\/euvapen.com\/refund_returns\/#local-main-organization-logo\"},\"telephone\":[],\"openingHoursSpecification\":[{\"@type\":\"OpeningHoursSpecification\",\"dayOfWeek\":[\"Monday\",\"Tuesday\",\"Wednesday\",\"Thursday\",\"Friday\",\"Saturday\",\"Sunday\"],\"opens\":\"00:00\",\"closes\":\"23:59\"}]},{\"@type\":\"ImageObject\",\"inLanguage\":\"es\",\"@id\":\"https:\/\/euvapen.com\/refund_returns\/#local-main-organization-logo\",\"url\":\"https:\/\/euvapen.com\/wp-content\/uploads\/2025\/10\/cropped-puffvape-logo.png\",\"contentUrl\":\"https:\/\/euvapen.com\/wp-content\/uploads\/2025\/10\/cropped-puffvape-logo.png\",\"width\":512,\"height\":512,\"caption\":\"bestpuffvape\"}]}<\/script>\n<!-- \/ Yoast SEO Premium plugin. -->","yoast_head_json":{"title":"Refund and Returns Policy - EuVapen","robots":{"index":"index","follow":"follow","max-snippet":"max-snippet:-1","max-image-preview":"max-image-preview:large","max-video-preview":"max-video-preview:-1"},"canonical":"https:\/\/euvapen.com\/es\/refund_returns\/","og_locale":"es_ES","og_type":"article","og_title":"Refund and Returns Policy","og_description":"Overview Returns &amp; Complaints We understand that sometimes a purchase may not meet your expectations \u2014 especially when shopping online. We\u2019ve all been there: the disappointment of receiving something that doesn\u2019t quite fit your needs. That\u2019s why we\u2019ve created a simple, customer-friendly return policy to ensure your complete satisfaction with every order. Your satisfaction is [&hellip;]","og_url":"https:\/\/euvapen.com\/es\/refund_returns\/","og_site_name":"EuVapen","article_modified_time":"2025-10-10T07:57:52+00:00","twitter_card":"summary_large_image","twitter_misc":{"Tiempo de lectura":"2 minutos"},"schema":{"@context":"https:\/\/schema.org","@graph":[{"@type":"WebPage","@id":"https:\/\/euvapen.com\/refund_returns\/","url":"https:\/\/euvapen.com\/refund_returns\/","name":"Refund and Returns Policy - EuVapen","isPartOf":{"@id":"https:\/\/euvapen.com\/#website"},"datePublished":"2025-10-10T07:54:18+00:00","dateModified":"2025-10-10T07:57:52+00:00","breadcrumb":{"@id":"https:\/\/euvapen.com\/refund_returns\/#breadcrumb"},"inLanguage":"es","potentialAction":[{"@type":"ReadAction","target":["https:\/\/euvapen.com\/refund_returns\/"]}]},{"@type":"BreadcrumbList","@id":"https:\/\/euvapen.com\/refund_returns\/#breadcrumb","itemListElement":[{"@type":"ListItem","position":1,"name":"Home","item":"https:\/\/euvapen.com\/"},{"@type":"ListItem","position":2,"name":"Refund and Returns Policy"}]},{"@type":"WebSite","@id":"https:\/\/euvapen.com\/#website","url":"https:\/\/euvapen.com\/","name":"bestpuffvape","description":"","publisher":{"@id":"https:\/\/euvapen.com\/#organization"},"potentialAction":[{"@type":"SearchAction","target":{"@type":"EntryPoint","urlTemplate":"https:\/\/euvapen.com\/?s={search_term_string}"},"query-input":{"@type":"PropertyValueSpecification","valueRequired":true,"valueName":"search_term_string"}}],"inLanguage":"es"},{"@type":["Organization","Place"],"@id":"https:\/\/euvapen.com\/#organization","name":"bestpuffvape","alternateName":"bestpuffvape","url":"https:\/\/euvapen.com\/","logo":{"@id":"https:\/\/euvapen.com\/refund_returns\/#local-main-organization-logo"},"image":{"@id":"https:\/\/euvapen.com\/refund_returns\/#local-main-organization-logo"},"telephone":[],"openingHoursSpecification":[{"@type":"OpeningHoursSpecification","dayOfWeek":["Monday","Tuesday","Wednesday","Thursday","Friday","Saturday","Sunday"],"opens":"00:00","closes":"23:59"}]},{"@type":"ImageObject","inLanguage":"es","@id":"https:\/\/euvapen.com\/refund_returns\/#local-main-organization-logo","url":"https:\/\/euvapen.com\/wp-content\/uploads\/2025\/10\/cropped-puffvape-logo.png","contentUrl":"https:\/\/euvapen.com\/wp-content\/uploads\/2025\/10\/cropped-puffvape-logo.png","width":512,"height":512,"caption":"bestpuffvape"}]}},"_links":{"self":[{"href":"https:\/\/euvapen.com\/es\/wp-json\/wp\/v2\/pages\/13","targetHints":{"allow":["GET"]}}],"collection":[{"href":"https:\/\/euvapen.com\/es\/wp-json\/wp\/v2\/pages"}],"about":[{"href":"https:\/\/euvapen.com\/es\/wp-json\/wp\/v2\/types\/page"}],"author":[{"embeddable":true,"href":"https:\/\/euvapen.com\/es\/wp-json\/wp\/v2\/users\/1"}],"replies":[{"embeddable":true,"href":"https:\/\/euvapen.com\/es\/wp-json\/wp\/v2\/comments?post=13"}],"version-history":[{"count":0,"href":"https:\/\/euvapen.com\/es\/wp-json\/wp\/v2\/pages\/13\/revisions"}],"wp:attachment":[{"href":"https:\/\/euvapen.com\/es\/wp-json\/wp\/v2\/media?parent=13"}],"curies":[{"name":"wp","href":"https:\/\/api.w.org\/{rel}","templated":true}]}}