{"id":7462,"date":"2025-10-10T10:30:16","date_gmt":"2025-10-10T10:30:16","guid":{"rendered":"https:\/\/euvapen.com\/?page_id=7462"},"modified":"2026-04-08T10:50:22","modified_gmt":"2026-04-08T10:50:22","slug":"shipping-and-tracking","status":"publish","type":"page","link":"https:\/\/euvapen.com\/es\/shipping-and-tracking\/","title":{"rendered":"Env\u00edo y seguimiento"},"content":{"rendered":"<p><\/p>\n\n\n\n<p>En <strong>EuvaPenVape<\/strong>, ...nos aseguramos de que sus pedidos se env\u00eden de forma r\u00e1pida y fiable.<\/p>\n\n\n\n<p><strong>Opciones de env\u00edo:<\/strong><\/p>\n\n\n\n<ul class=\"wp-block-list\">\n<li><strong>Almac\u00e9n europeo:<\/strong> 1-3 d\u00edas laborables<\/li>\n\n\n\n<li><strong>Almac\u00e9n de China:<\/strong> 10-15 d\u00edas laborables<\/li>\n\n\n\n<li><strong>Entrega mundial:<\/strong> Realizamos env\u00edos a todo el mundo con gastos de env\u00edo gratuitos y sin aranceles para los pa\u00edses admitidos, incluidos Estados Unidos, Reino Unido, Alemania, Francia, Italia, Espa\u00f1a, Pa\u00edses Bajos, Suiza, Suecia, Polonia, B\u00e9lgica, Austria, Irlanda, Finlandia, Portugal y Hungr\u00eda.<\/li>\n<\/ul>\n\n\n\n<p><strong>DDP (Delivered Duty Paid) Env\u00edo:<\/strong><br>Con el env\u00edo DDP, nos encargamos de todos los tr\u00e1mites aduaneros, aranceles e impuestos. Recibir\u00e1 su paquete sin problemas y sin costes ocultos.<\/p>\n\n\n\n<p><strong>Seguimiento del pedido:<\/strong><br>Una vez enviado su pedido, recibir\u00e1 un n\u00famero de seguimiento por correo electr\u00f3nico o en la p\u00e1gina de su cuenta. Utilice este n\u00famero para hacer un seguimiento en tiempo real de su paquete hasta que llegue a la puerta de su casa.<\/p>\n\n\n\n<p><strong>Notas importantes:<\/strong><\/p>\n\n\n\n<ul class=\"wp-block-list\">\n<li>Los pedidos de fuera de Europa se enviar\u00e1n desde nuestro almac\u00e9n de Shenzhen (China).<\/li>\n\n\n\n<li>Los plazos de env\u00edo pueden variar ligeramente en funci\u00f3n de las aduanas locales y las condiciones log\u00edsticas.<\/li>\n<\/ul>","protected":false},"excerpt":{"rendered":"<p>At EuvaPenVape, we ensure your orders are shipped quickly and reliably. Shipping Options: DDP (Delivered Duty Paid) Shipping:With DDP shipping, all customs clearance, duties, and taxes are handled by us. You receive your package hassle-free, with no hidden costs. Order Tracking:Once your order is shipped, you will receive a tracking number via email or your [&hellip;]<\/p>","protected":false},"author":1,"featured_media":0,"parent":0,"menu_order":0,"comment_status":"closed","ping_status":"closed","template":"","meta":{"_acf_changed":false,"footnotes":""},"class_list":["post-7462","page","type-page","status-publish","hentry"],"acf":[],"yoast_head":"<!-- This site is optimized with the Yoast SEO Premium plugin v26.3 (Yoast SEO v26.3) - https:\/\/yoast.com\/wordpress\/plugins\/seo\/ -->\n<title>Shipping and Tracking - EuVapen<\/title>\n<meta name=\"robots\" content=\"index, follow, max-snippet:-1, max-image-preview:large, max-video-preview:-1\" \/>\n<link rel=\"canonical\" href=\"https:\/\/euvapen.com\/es\/shipping-and-tracking\/\" \/>\n<meta property=\"og:locale\" content=\"es_ES\" \/>\n<meta property=\"og:type\" content=\"article\" \/>\n<meta property=\"og:title\" content=\"Shipping and Tracking\" \/>\n<meta property=\"og:description\" content=\"At EuvaPenVape, we ensure your orders are shipped quickly and reliably. Shipping Options: DDP (Delivered Duty Paid) Shipping:With DDP shipping, all customs clearance, duties, and taxes are handled by us. You receive your package hassle-free, with no hidden costs. Order Tracking:Once your order is shipped, you will receive a tracking number via email or your [&hellip;]\" \/>\n<meta property=\"og:url\" content=\"https:\/\/euvapen.com\/es\/shipping-and-tracking\/\" \/>\n<meta property=\"og:site_name\" content=\"EuVapen\" \/>\n<meta property=\"article:modified_time\" content=\"2026-04-08T10:50:22+00:00\" \/>\n<meta name=\"twitter:card\" content=\"summary_large_image\" \/>\n<meta name=\"twitter:label1\" content=\"Tiempo de lectura\" \/>\n\t<meta name=\"twitter:data1\" content=\"1 minuto\" \/>\n<script type=\"application\/ld+json\" class=\"yoast-schema-graph\">{\"@context\":\"https:\/\/schema.org\",\"@graph\":[{\"@type\":\"WebPage\",\"@id\":\"https:\/\/euvapen.com\/shipping-and-tracking\/\",\"url\":\"https:\/\/euvapen.com\/shipping-and-tracking\/\",\"name\":\"Shipping and Tracking - EuVapen\",\"isPartOf\":{\"@id\":\"https:\/\/euvapen.com\/#website\"},\"datePublished\":\"2025-10-10T10:30:16+00:00\",\"dateModified\":\"2026-04-08T10:50:22+00:00\",\"breadcrumb\":{\"@id\":\"https:\/\/euvapen.com\/shipping-and-tracking\/#breadcrumb\"},\"inLanguage\":\"es\",\"potentialAction\":[{\"@type\":\"ReadAction\",\"target\":[\"https:\/\/euvapen.com\/shipping-and-tracking\/\"]}]},{\"@type\":\"BreadcrumbList\",\"@id\":\"https:\/\/euvapen.com\/shipping-and-tracking\/#breadcrumb\",\"itemListElement\":[{\"@type\":\"ListItem\",\"position\":1,\"name\":\"Home\",\"item\":\"https:\/\/euvapen.com\/\"},{\"@type\":\"ListItem\",\"position\":2,\"name\":\"Shipping and Tracking\"}]},{\"@type\":\"WebSite\",\"@id\":\"https:\/\/euvapen.com\/#website\",\"url\":\"https:\/\/euvapen.com\/\",\"name\":\"bestpuffvape\",\"description\":\"\",\"publisher\":{\"@id\":\"https:\/\/euvapen.com\/#organization\"},\"potentialAction\":[{\"@type\":\"SearchAction\",\"target\":{\"@type\":\"EntryPoint\",\"urlTemplate\":\"https:\/\/euvapen.com\/?s={search_term_string}\"},\"query-input\":{\"@type\":\"PropertyValueSpecification\",\"valueRequired\":true,\"valueName\":\"search_term_string\"}}],\"inLanguage\":\"es\"},{\"@type\":[\"Organization\",\"Place\"],\"@id\":\"https:\/\/euvapen.com\/#organization\",\"name\":\"bestpuffvape\",\"alternateName\":\"bestpuffvape\",\"url\":\"https:\/\/euvapen.com\/\",\"logo\":{\"@id\":\"https:\/\/euvapen.com\/shipping-and-tracking\/#local-main-organization-logo\"},\"image\":{\"@id\":\"https:\/\/euvapen.com\/shipping-and-tracking\/#local-main-organization-logo\"},\"telephone\":[],\"openingHoursSpecification\":[{\"@type\":\"OpeningHoursSpecification\",\"dayOfWeek\":[\"Monday\",\"Tuesday\",\"Wednesday\",\"Thursday\",\"Friday\",\"Saturday\",\"Sunday\"],\"opens\":\"00:00\",\"closes\":\"23:59\"}]},{\"@type\":\"ImageObject\",\"inLanguage\":\"es\",\"@id\":\"https:\/\/euvapen.com\/shipping-and-tracking\/#local-main-organization-logo\",\"url\":\"https:\/\/euvapen.com\/wp-content\/uploads\/2025\/10\/cropped-puffvape-logo.png\",\"contentUrl\":\"https:\/\/euvapen.com\/wp-content\/uploads\/2025\/10\/cropped-puffvape-logo.png\",\"width\":512,\"height\":512,\"caption\":\"bestpuffvape\"}]}<\/script>\n<!-- \/ Yoast SEO Premium plugin. -->","yoast_head_json":{"title":"Shipping and Tracking - EuVapen","robots":{"index":"index","follow":"follow","max-snippet":"max-snippet:-1","max-image-preview":"max-image-preview:large","max-video-preview":"max-video-preview:-1"},"canonical":"https:\/\/euvapen.com\/es\/shipping-and-tracking\/","og_locale":"es_ES","og_type":"article","og_title":"Shipping and Tracking","og_description":"At EuvaPenVape, we ensure your orders are shipped quickly and reliably. Shipping Options: DDP (Delivered Duty Paid) Shipping:With DDP shipping, all customs clearance, duties, and taxes are handled by us. You receive your package hassle-free, with no hidden costs. Order Tracking:Once your order is shipped, you will receive a tracking number via email or your [&hellip;]","og_url":"https:\/\/euvapen.com\/es\/shipping-and-tracking\/","og_site_name":"EuVapen","article_modified_time":"2026-04-08T10:50:22+00:00","twitter_card":"summary_large_image","twitter_misc":{"Tiempo de lectura":"1 minuto"},"schema":{"@context":"https:\/\/schema.org","@graph":[{"@type":"WebPage","@id":"https:\/\/euvapen.com\/shipping-and-tracking\/","url":"https:\/\/euvapen.com\/shipping-and-tracking\/","name":"Shipping and Tracking - EuVapen","isPartOf":{"@id":"https:\/\/euvapen.com\/#website"},"datePublished":"2025-10-10T10:30:16+00:00","dateModified":"2026-04-08T10:50:22+00:00","breadcrumb":{"@id":"https:\/\/euvapen.com\/shipping-and-tracking\/#breadcrumb"},"inLanguage":"es","potentialAction":[{"@type":"ReadAction","target":["https:\/\/euvapen.com\/shipping-and-tracking\/"]}]},{"@type":"BreadcrumbList","@id":"https:\/\/euvapen.com\/shipping-and-tracking\/#breadcrumb","itemListElement":[{"@type":"ListItem","position":1,"name":"Home","item":"https:\/\/euvapen.com\/"},{"@type":"ListItem","position":2,"name":"Shipping and Tracking"}]},{"@type":"WebSite","@id":"https:\/\/euvapen.com\/#website","url":"https:\/\/euvapen.com\/","name":"bestpuffvape","description":"","publisher":{"@id":"https:\/\/euvapen.com\/#organization"},"potentialAction":[{"@type":"SearchAction","target":{"@type":"EntryPoint","urlTemplate":"https:\/\/euvapen.com\/?s={search_term_string}"},"query-input":{"@type":"PropertyValueSpecification","valueRequired":true,"valueName":"search_term_string"}}],"inLanguage":"es"},{"@type":["Organization","Place"],"@id":"https:\/\/euvapen.com\/#organization","name":"bestpuffvape","alternateName":"bestpuffvape","url":"https:\/\/euvapen.com\/","logo":{"@id":"https:\/\/euvapen.com\/shipping-and-tracking\/#local-main-organization-logo"},"image":{"@id":"https:\/\/euvapen.com\/shipping-and-tracking\/#local-main-organization-logo"},"telephone":[],"openingHoursSpecification":[{"@type":"OpeningHoursSpecification","dayOfWeek":["Monday","Tuesday","Wednesday","Thursday","Friday","Saturday","Sunday"],"opens":"00:00","closes":"23:59"}]},{"@type":"ImageObject","inLanguage":"es","@id":"https:\/\/euvapen.com\/shipping-and-tracking\/#local-main-organization-logo","url":"https:\/\/euvapen.com\/wp-content\/uploads\/2025\/10\/cropped-puffvape-logo.png","contentUrl":"https:\/\/euvapen.com\/wp-content\/uploads\/2025\/10\/cropped-puffvape-logo.png","width":512,"height":512,"caption":"bestpuffvape"}]}},"_links":{"self":[{"href":"https:\/\/euvapen.com\/es\/wp-json\/wp\/v2\/pages\/7462","targetHints":{"allow":["GET"]}}],"collection":[{"href":"https:\/\/euvapen.com\/es\/wp-json\/wp\/v2\/pages"}],"about":[{"href":"https:\/\/euvapen.com\/es\/wp-json\/wp\/v2\/types\/page"}],"author":[{"embeddable":true,"href":"https:\/\/euvapen.com\/es\/wp-json\/wp\/v2\/users\/1"}],"replies":[{"embeddable":true,"href":"https:\/\/euvapen.com\/es\/wp-json\/wp\/v2\/comments?post=7462"}],"version-history":[{"count":1,"href":"https:\/\/euvapen.com\/es\/wp-json\/wp\/v2\/pages\/7462\/revisions"}],"predecessor-version":[{"id":25141,"href":"https:\/\/euvapen.com\/es\/wp-json\/wp\/v2\/pages\/7462\/revisions\/25141"}],"wp:attachment":[{"href":"https:\/\/euvapen.com\/es\/wp-json\/wp\/v2\/media?parent=7462"}],"curies":[{"name":"wp","href":"https:\/\/api.w.org\/{rel}","templated":true}]}}