{"id":14929,"date":"2025-11-04T10:04:35","date_gmt":"2025-11-04T10:04:35","guid":{"rendered":"https:\/\/euvapen.com\/?post_type=product&#038;p=14929"},"modified":"2025-11-19T06:53:19","modified_gmt":"2025-11-19T06:53:19","slug":"elfbar-combo-pro-30000-puffs-disposable-vape","status":"publish","type":"product","link":"https:\/\/euvapen.com\/es\/producto\/elfbar-combo-pro-30000-puffs-disposable-vape\/","title":{"rendered":"Elfbar Combo Pro 30000 Puffs - Vapeador Desechable"},"content":{"rendered":"<h2 style=\"text-align: center;\"><strong data-start=\"252\" data-end=\"278\">ELFBAR COMBO PRO 30000<\/strong> | 30.000 bocanadas de sabroso placer<\/h2>\n<p>Descubre la <strong data-start=\"484\" data-end=\"510\">ELFBAR COMBO PRO 30000<\/strong> con hasta <strong data-start=\"522\" data-end=\"538\">elfbar 30000<\/strong> caladas, 17mL de e-l\u00edquido, y <strong data-start=\"565\" data-end=\"581\">combo elfbar<\/strong> sabores. Recargable con <strong data-start=\"609\" data-end=\"619\">Tipo-C<\/strong> carga y <strong data-start=\"633\" data-end=\"648\">elfbars pro<\/strong> Tecnolog\u00eda de bobina de malla para un vapeo suave y duradero.<\/p>\n<h2 data-start=\"709\" data-end=\"749\">Por qu\u00e9 elegir <strong data-start=\"723\" data-end=\"749\">ELFBAR COMBO PRO 30000<\/strong><\/h2>\n<ul data-start=\"750\" data-end=\"1193\">\n<li data-start=\"750\" data-end=\"811\">\n<p data-start=\"752\" data-end=\"811\"><strong data-start=\"752\" data-end=\"774\">Hasta 30.000 caladas<\/strong> para una experiencia de vapeo prolongada.<\/p>\n<\/li>\n<li data-start=\"812\" data-end=\"947\">\n<p data-start=\"814\" data-end=\"947\"><strong data-start=\"814\" data-end=\"846\">Sabores combinados elfbar premium<\/strong> como <strong data-start=\"852\" data-end=\"881\">Mora + Maracuy\u00e1<\/strong>, <strong data-start=\"883\" data-end=\"914\">Sand\u00eda \u00e1cida + pi\u00f1a<\/strong>, y <strong data-start=\"920\" data-end=\"944\">Melocot\u00f3n + Triple Mango<\/strong>.<\/p>\n<\/li>\n<li data-start=\"948\" data-end=\"1022\">\n<p data-start=\"950\" data-end=\"1022\">Recargable mediante <strong data-start=\"967\" data-end=\"977\">Tipo-C<\/strong> para carga r\u00e1pida, listo en 20-30 minutos.<\/p>\n<\/li>\n<li data-start=\"1023\" data-end=\"1080\">\n<p data-start=\"1025\" data-end=\"1080\"><strong data-start=\"1025\" data-end=\"1038\">Bobina de malla<\/strong> para un vapor suave y sabroso.<\/p>\n<\/li>\n<li data-start=\"1081\" data-end=\"1193\">\n<p data-start=\"1083\" data-end=\"1193\">**Perfecto para vapers que disfrutan de lo mejor de <strong data-start=\"1126\" data-end=\"1141\">elfbars pro<\/strong> en un dispositivo desechable de alto rendimiento.<\/p>\n<\/li>\n<\/ul>\n<hr data-start=\"1195\" data-end=\"1198\" \/>\n<h2 data-start=\"1200\" data-end=\"1237\"><strong data-start=\"1203\" data-end=\"1229\">ELFBAR 30000<\/strong> Sabores<\/h2>\n<p data-start=\"1238\" data-end=\"1378\">En <strong data-start=\"1242\" data-end=\"1268\">ELFBAR COMBO PRO 30000<\/strong> ofrece una amplia variedad de excitantes sabores afrutados. \u00c9stos son algunos de los <strong data-start=\"1341\" data-end=\"1370\">los mejores sabores combinados elfbar<\/strong> para probar:<\/p>\n<ol data-start=\"1379\" data-end=\"1724\">\n<li data-start=\"1379\" data-end=\"1411\">\n<p data-start=\"1382\" data-end=\"1411\"><strong data-start=\"1382\" data-end=\"1411\">Mora + Maracuy\u00e1<\/strong><\/p>\n<\/li>\n<li data-start=\"1412\" data-end=\"1445\">\n<p data-start=\"1415\" data-end=\"1445\"><strong data-start=\"1415\" data-end=\"1445\">Hielo de sand\u00eda + ar\u00e1ndano<\/strong><\/p>\n<\/li>\n<li data-start=\"1446\" data-end=\"1476\">\n<p data-start=\"1449\" data-end=\"1476\"><strong data-start=\"1449\" data-end=\"1476\">Limonada de cereza y melocot\u00f3n<\/strong><\/p>\n<\/li>\n<li data-start=\"1477\" data-end=\"1503\">\n<p data-start=\"1480\" data-end=\"1503\"><strong data-start=\"1480\" data-end=\"1503\">ELFBULL + Lime Cola<\/strong><\/p>\n<\/li>\n<li data-start=\"1504\" data-end=\"1544\">\n<p data-start=\"1507\" data-end=\"1544\"><strong data-start=\"1507\" data-end=\"1544\">Jazm\u00edn Frambuesa + Ar\u00e1ndano Helado<\/strong><\/p>\n<\/li>\n<li data-start=\"1545\" data-end=\"1568\">\n<p data-start=\"1548\" data-end=\"1568\"><strong data-start=\"1548\" data-end=\"1568\">Lima + Azul Razz<\/strong><\/p>\n<\/li>\n<li data-start=\"1569\" data-end=\"1596\">\n<p data-start=\"1572\" data-end=\"1596\"><strong data-start=\"1572\" data-end=\"1596\">Melocot\u00f3n + Triple Mango<\/strong><\/p>\n<\/li>\n<li data-start=\"1597\" data-end=\"1631\">\n<p data-start=\"1600\" data-end=\"1631\"><strong data-start=\"1600\" data-end=\"1631\">Sand\u00eda \u00e1cida + pi\u00f1a<\/strong><\/p>\n<\/li>\n<li data-start=\"1632\" data-end=\"1658\">\n<p data-start=\"1635\" data-end=\"1658\"><strong data-start=\"1635\" data-end=\"1658\">Fresa + Pl\u00e1tano<\/strong><\/p>\n<\/li>\n<li data-start=\"1659\" data-end=\"1685\">\n<p data-start=\"1663\" data-end=\"1685\"><strong data-start=\"1663\" data-end=\"1685\">Fresa + Uva<\/strong><\/p>\n<\/li>\n<li data-start=\"1686\" data-end=\"1724\">\n<p data-start=\"1690\" data-end=\"1724\"><strong data-start=\"1690\" data-end=\"1708\">Sabores aleatorios<\/strong> (entrega r\u00e1pida)<\/p>\n<\/li>\n<\/ol>\n<hr data-start=\"1726\" data-end=\"1729\" \/>\n<h2 data-start=\"1731\" data-end=\"1769\"><strong data-start=\"1734\" data-end=\"1760\">ELFBAR COMBO PRO 30000<\/strong> Caracter\u00edsticas<\/h2>\n<ul data-start=\"1770\" data-end=\"2347\">\n<li data-start=\"1770\" data-end=\"1868\">\n<p data-start=\"1772\" data-end=\"1868\"><strong data-start=\"1772\" data-end=\"1794\">Hasta 30.000 caladas<\/strong>: Saca el m\u00e1ximo partido a tu dispositivo con <strong data-start=\"1833\" data-end=\"1849\">elfbar 30000<\/strong> bocanadas de sabor.<\/p>\n<\/li>\n<li data-start=\"1869\" data-end=\"1938\">\n<p data-start=\"1871\" data-end=\"1938\"><strong data-start=\"1871\" data-end=\"1882\">Bater\u00eda<\/strong>Bater\u00eda recargable de 700mAh para un vapeo de larga duraci\u00f3n.<\/p>\n<\/li>\n<li data-start=\"1939\" data-end=\"2040\">\n<p data-start=\"1941\" data-end=\"2040\"><strong data-start=\"1941\" data-end=\"1963\">Capacidad precargada<\/strong>: 17mL e-l\u00edquido con <strong data-start=\"1984\" data-end=\"1999\">5% nicotina<\/strong> (50mg\/mL) para un satisfactorio golpe de garganta.<\/p>\n<\/li>\n<li data-start=\"2041\" data-end=\"2118\">\n<p data-start=\"2043\" data-end=\"2118\"><strong data-start=\"2043\" data-end=\"2055\">Cargando<\/strong>: R\u00e1pido <strong data-start=\"2063\" data-end=\"2073\">Tipo-C<\/strong> carga (carga completa en 20-30 minutos).<\/p>\n<\/li>\n<li data-start=\"2119\" data-end=\"2177\">\n<p data-start=\"2121\" data-end=\"2177\"><strong data-start=\"2121\" data-end=\"2135\">Dimensiones<\/strong>: 54mm x 34mm x 27mm, delgado y port\u00e1til.<\/p>\n<\/li>\n<li data-start=\"2178\" data-end=\"2238\">\n<p data-start=\"2180\" data-end=\"2238\"><strong data-start=\"2180\" data-end=\"2188\">N\u00facleo<\/strong>: Avanzado <strong data-start=\"2199\" data-end=\"2212\">bobina de malla<\/strong> para un vapor rico y suave.<\/p>\n<\/li>\n<li data-start=\"2239\" data-end=\"2296\">\n<p data-start=\"2241\" data-end=\"2296\"><strong data-start=\"2241\" data-end=\"2254\">Embalaje<\/strong>: Viene en una caja de regalo con 5pcs por caja.<\/p>\n<\/li>\n<li data-start=\"2297\" data-end=\"2347\">\n<p data-start=\"2299\" data-end=\"2347\"><strong data-start=\"2299\" data-end=\"2309\">Peso<\/strong>: 104 g, ligero y f\u00e1cil de transportar.<\/p>\n<\/li>\n<\/ul>\n<hr data-start=\"2349\" data-end=\"2352\" \/>\n<h2 data-start=\"2354\" data-end=\"2399\">C\u00f3mo utilizar su <strong data-start=\"2373\" data-end=\"2399\">ELFBAR COMBO PRO 30000<\/strong><\/h2>\n<ul data-start=\"2400\" data-end=\"2673\">\n<li data-start=\"2400\" data-end=\"2466\">\n<p data-start=\"2402\" data-end=\"2466\"><strong data-start=\"2402\" data-end=\"2414\">Cargando<\/strong>: Basta con conectar el <strong data-start=\"2435\" data-end=\"2445\">Tipo-C<\/strong> cable para recargar.<\/p>\n<\/li>\n<li data-start=\"2467\" data-end=\"2571\">\n<p data-start=\"2469\" data-end=\"2571\"><strong data-start=\"2469\" data-end=\"2483\">Recuento de puff<\/strong>: Con hasta <strong data-start=\"2496\" data-end=\"2512\">elfbar 30000<\/strong> Disfrute de un uso prolongado sin tener que sustituirlas con frecuencia.<\/p>\n<\/li>\n<li data-start=\"2572\" data-end=\"2673\">\n<p data-start=\"2574\" data-end=\"2673\"><strong data-start=\"2574\" data-end=\"2585\">Sabores<\/strong>: Pruebe una mezcla de sabores, desde <strong data-start=\"2614\" data-end=\"2645\">Sand\u00eda \u00e1cida + pi\u00f1a<\/strong> a <strong data-start=\"2649\" data-end=\"2672\">Fresa + Pl\u00e1tano<\/strong>.<\/p>\n<\/li>\n<\/ul>\n<hr data-start=\"2675\" data-end=\"2678\" \/>\n<h2 data-start=\"2680\" data-end=\"2736\">\u00bfPor qu\u00e9 la <strong data-start=\"2691\" data-end=\"2717\">ELFBAR COMBO PRO 30000<\/strong> es perfecto para usted<\/h2>\n<ul data-start=\"2737\" data-end=\"3067\">\n<li data-start=\"2737\" data-end=\"2819\">\n<p data-start=\"2739\" data-end=\"2819\"><strong data-start=\"2739\" data-end=\"2755\">De larga duraci\u00f3n<\/strong>: Con <strong data-start=\"2762\" data-end=\"2784\">elfbar 30000 bocanadas<\/strong>, est\u00e1 dise\u00f1ado para un uso prolongado.<\/p>\n<\/li>\n<li data-start=\"2820\" data-end=\"2905\">\n<p data-start=\"2822\" data-end=\"2905\"><strong data-start=\"2822\" data-end=\"2841\">Golpes satisfactorios<\/strong>: 5% nicotina para un golpe de garganta suave y fuerte con cada calada.<\/p>\n<\/li>\n<li data-start=\"2906\" data-end=\"2986\">\n<p data-start=\"2908\" data-end=\"2986\"><strong data-start=\"2908\" data-end=\"2920\">Port\u00e1til<\/strong>: Delgado y ligero, es f\u00e1cil de llevar para vaping on-the-go.<\/p>\n<\/li>\n<li data-start=\"2987\" data-end=\"3067\">\n<p data-start=\"2989\" data-end=\"3067\"><strong data-start=\"2989\" data-end=\"3004\">Los mejores sabores<\/strong>: Una amplia gama de <strong data-start=\"3022\" data-end=\"3046\">elfbar sabores combinados<\/strong> para todos los gustos.<\/p>\n<\/li>\n<\/ul>\n<hr data-start=\"3069\" data-end=\"3072\" \/>\n<h2 data-start=\"3074\" data-end=\"3108\"><strong data-start=\"3077\" data-end=\"3106\">Los mejores sabores de Elfbar<\/strong><\/h2>\n<p data-start=\"3109\" data-end=\"3250\">En busca de lo mejor <strong data-start=\"3130\" data-end=\"3154\">elfbar sabores combinados<\/strong>? En <strong data-start=\"3160\" data-end=\"3186\">ELFBAR COMBO PRO 30000<\/strong> tiene algunas de las opciones m\u00e1s populares y refrescantes, entre ellas:<\/p>\n<ul data-start=\"3251\" data-end=\"3525\">\n<li data-start=\"3251\" data-end=\"3306\">\n<p data-start=\"3253\" data-end=\"3306\"><strong data-start=\"3253\" data-end=\"3282\">Mora + Maracuy\u00e1<\/strong> - tropical y dulce.<\/p>\n<\/li>\n<li data-start=\"3307\" data-end=\"3360\">\n<p data-start=\"3309\" data-end=\"3360\"><strong data-start=\"3309\" data-end=\"3339\">Hielo de sand\u00eda + ar\u00e1ndano<\/strong> - fresco y afrutado.<\/p>\n<\/li>\n<li data-start=\"3361\" data-end=\"3420\">\n<p data-start=\"3363\" data-end=\"3420\"><strong data-start=\"3363\" data-end=\"3387\">Melocot\u00f3n + Triple Mango<\/strong> - suave, tropical y jugoso.<\/p>\n<\/li>\n<li data-start=\"3421\" data-end=\"3475\">\n<p data-start=\"3423\" data-end=\"3475\"><strong data-start=\"3423\" data-end=\"3454\">Sand\u00eda \u00e1cida + pi\u00f1a<\/strong> - picante y dulce.<\/p>\n<\/li>\n<li data-start=\"3476\" data-end=\"3525\">\n<p data-start=\"3478\" data-end=\"3525\"><strong data-start=\"3478\" data-end=\"3501\">ELFBULL + Lime Cola<\/strong> - efervescente y refrescante.<\/p>\n<\/li>\n<\/ul>\n<hr data-start=\"3527\" data-end=\"3530\" \/>\n<h2 data-start=\"3532\" data-end=\"3538\">PREGUNTAS FRECUENTES<\/h2>\n<p data-start=\"3539\" data-end=\"3696\"><strong data-start=\"3539\" data-end=\"3597\">P1: \u00bfCu\u00e1nto dura la ELFBAR COMBO PRO 30000?<\/strong><br data-start=\"3597\" data-end=\"3600\" \/>R: El <strong data-start=\"3607\" data-end=\"3633\">ELFBAR COMBO PRO 30000<\/strong> ofrece hasta <strong data-start=\"3647\" data-end=\"3669\">elfbar 30000 bocanadas<\/strong>, perfecto para un uso prolongado.<\/p>\n<p data-start=\"3698\" data-end=\"3867\"><strong data-start=\"3698\" data-end=\"3752\">P2: \u00bfPuedo recargar la ELFBAR COMBO PRO 30000?<\/strong><br data-start=\"3752\" data-end=\"3755\" \/>R: \u00a1S\u00ed! En <strong data-start=\"3767\" data-end=\"3793\">ELFBAR COMBO PRO 30000<\/strong> es recargable mediante <strong data-start=\"3814\" data-end=\"3824\">Tipo-C<\/strong>, garantizando una carga r\u00e1pida en 20-30 minutos.<\/p>\n<p data-start=\"3869\" data-end=\"4035\"><strong data-start=\"3869\" data-end=\"3940\">P3: \u00bfCu\u00e1l es la concentraci\u00f3n de nicotina de la ELFBAR COMBO PRO 30000?<\/strong><br data-start=\"3940\" data-end=\"3943\" \/>R: El <strong data-start=\"3950\" data-end=\"3976\">ELFBAR COMBO PRO 30000<\/strong> tiene <strong data-start=\"3981\" data-end=\"3996\">5% nicotina<\/strong> (50mg\/mL) para un satisfactorio golpe de garganta.<\/p>\n<p data-start=\"4037\" data-end=\"4270\"><strong data-start=\"4037\" data-end=\"4106\">P4: \u00bfQu\u00e9 sabores est\u00e1n disponibles en la ELFBAR COMBO PRO 30000?<\/strong><br data-start=\"4106\" data-end=\"4109\" \/>R: El <strong data-start=\"4116\" data-end=\"4142\">ELFBAR COMBO PRO 30000<\/strong> viene con deliciosas opciones como <strong data-start=\"4177\" data-end=\"4206\">Mora + Maracuy\u00e1<\/strong>, <strong data-start=\"4208\" data-end=\"4239\">Sand\u00eda \u00e1cida + pi\u00f1a<\/strong>, y <strong data-start=\"4245\" data-end=\"4269\">Melocot\u00f3n + Triple Mango<\/strong>.<\/p>\n<p>&nbsp;<\/p>","protected":false},"excerpt":{"rendered":"<p>ELFBAR COMBO PRO 30000 | 30,000 Puffs of Flavorful Enjoyment Discover the ELFBAR COMBO PRO 30000 with up to elfbar 30000 puffs, 17mL e-liquid, and elfbar combo flavors. Rechargeable with Type-C charging and elfbars pro mesh coil technology for smooth, long-lasting vaping. Why Choose ELFBAR COMBO PRO 30000 Up to 30,000 puffs for an extended [&hellip;]<\/p>","protected":false},"featured_media":21567,"comment_status":"open","ping_status":"closed","template":"","meta":{"_acf_changed":false},"pwb-brand":[],"product_brand":[],"product_cat":[57,89,84,93],"product_tag":[69],"class_list":{"0":"post-14929","1":"product","2":"type-product","3":"status-publish","4":"has-post-thumbnail","6":"product_cat-disposable-vape","7":"product_cat-double-tank","8":"product_cat-eu-warehouse-in-stock","9":"product_cat-rechargeable-vapes","10":"product_tag-puff-30000","12":"first","13":"instock","14":"shipping-taxable","15":"purchasable","16":"product-type-variable"},"acf":[],"yoast_head":"<!-- This site is optimized with the Yoast SEO Premium plugin v26.3 (Yoast SEO v26.3) - https:\/\/yoast.com\/wordpress\/plugins\/seo\/ -->\n<title>ELFBAR COMBO PRO 30000 | elfbar combo | elfbar 30000 Puffs - EuVapen<\/title>\n<meta name=\"description\" content=\"Discover the ELFBAR COMBO PRO 30000 with up to elfbar 30000 puffs, 17mL e-liquid, and elfbar combo flavors. Rechargeable with Type-C charging and elfbars pro mesh coil technology for smooth, long-lasting vaping.\" \/>\n<meta name=\"robots\" content=\"index, follow, max-snippet:-1, max-image-preview:large, max-video-preview:-1\" \/>\n<link rel=\"canonical\" href=\"https:\/\/euvapen.com\/es\/producto\/elfbar-combo-pro-30000-puffs-disposable-vape\/\" \/>\n<meta property=\"og:locale\" content=\"es_ES\" \/>\n<meta property=\"og:type\" content=\"article\" \/>\n<meta property=\"og:title\" content=\"Elfbar Combo Pro 30000\u00a0Puffs \u2013 Disposable Vape\" \/>\n<meta property=\"og:description\" content=\"Discover the ELFBAR COMBO PRO 30000 with up to elfbar 30000 puffs, 17mL e-liquid, and elfbar combo flavors. Rechargeable with Type-C charging and elfbars pro mesh coil technology for smooth, long-lasting vaping.\" \/>\n<meta property=\"og:url\" content=\"https:\/\/euvapen.com\/es\/producto\/elfbar-combo-pro-30000-puffs-disposable-vape\/\" \/>\n<meta property=\"og:site_name\" content=\"EuVapen\" \/>\n<meta property=\"article:modified_time\" content=\"2025-11-19T06:53:19+00:00\" \/>\n<meta property=\"og:image\" content=\"https:\/\/euvapen.com\/wp-content\/uploads\/2025\/11\/Elfbar-Combo-Pro-30000-Puffs-Disposable-Vape-1.webp\" \/>\n\t<meta property=\"og:image:width\" content=\"800\" \/>\n\t<meta property=\"og:image:height\" content=\"800\" \/>\n\t<meta property=\"og:image:type\" content=\"image\/webp\" \/>\n<meta name=\"twitter:card\" content=\"summary_large_image\" \/>\n<meta name=\"twitter:label1\" content=\"Disponibilidad\" \/>\n\t<meta name=\"twitter:data1\" content=\"Disponible\" \/>\n<script type=\"application\/ld+json\" class=\"yoast-schema-graph\">{\"@context\":\"https:\/\/schema.org\",\"@graph\":[{\"@type\":\"WebPage\",\"@id\":\"https:\/\/euvapen.com\/product\/elfbar-combo-pro-30000-puffs-disposable-vape\/\",\"url\":\"https:\/\/euvapen.com\/product\/elfbar-combo-pro-30000-puffs-disposable-vape\/\",\"name\":\"ELFBAR COMBO PRO 30000 | elfbar combo | elfbar 30000 Puffs - EuVapen\",\"isPartOf\":{\"@id\":\"https:\/\/euvapen.com\/#website\"},\"primaryImageOfPage\":{\"@id\":\"https:\/\/euvapen.com\/product\/elfbar-combo-pro-30000-puffs-disposable-vape\/#primaryimage\"},\"image\":{\"@id\":\"https:\/\/euvapen.com\/product\/elfbar-combo-pro-30000-puffs-disposable-vape\/#primaryimage\"},\"thumbnailUrl\":\"https:\/\/euvapen.com\/wp-content\/uploads\/2025\/11\/Elfbar-Combo-Pro-30000-Puffs-Disposable-Vape-1.webp\",\"datePublished\":\"2025-11-04T10:04:35+00:00\",\"dateModified\":\"2025-11-19T06:53:19+00:00\",\"description\":\"Discover the ELFBAR COMBO PRO 30000 with up to elfbar 30000 puffs, 17mL e-liquid, and elfbar combo flavors. Rechargeable with Type-C charging and elfbars pro mesh coil technology for smooth, long-lasting vaping.\",\"breadcrumb\":{\"@id\":\"https:\/\/euvapen.com\/product\/elfbar-combo-pro-30000-puffs-disposable-vape\/#breadcrumb\"},\"inLanguage\":\"es\",\"potentialAction\":[{\"@type\":\"ReadAction\",\"target\":[\"https:\/\/euvapen.com\/product\/elfbar-combo-pro-30000-puffs-disposable-vape\/\"]}]},{\"@type\":\"ImageObject\",\"inLanguage\":\"es\",\"@id\":\"https:\/\/euvapen.com\/product\/elfbar-combo-pro-30000-puffs-disposable-vape\/#primaryimage\",\"url\":\"https:\/\/euvapen.com\/wp-content\/uploads\/2025\/11\/Elfbar-Combo-Pro-30000-Puffs-Disposable-Vape-1.webp\",\"contentUrl\":\"https:\/\/euvapen.com\/wp-content\/uploads\/2025\/11\/Elfbar-Combo-Pro-30000-Puffs-Disposable-Vape-1.webp\",\"width\":800,\"height\":800,\"caption\":\"Elfbar Combo Pro 30000\u00a0Puffs Disposable Vape #1\"},{\"@type\":\"BreadcrumbList\",\"@id\":\"https:\/\/euvapen.com\/product\/elfbar-combo-pro-30000-puffs-disposable-vape\/#breadcrumb\",\"itemListElement\":[{\"@type\":\"ListItem\",\"position\":1,\"name\":\"Home\",\"item\":\"https:\/\/euvapen.com\/\"},{\"@type\":\"ListItem\",\"position\":2,\"name\":\"Shop\",\"item\":\"https:\/\/euvapen.com\/shop\/\"},{\"@type\":\"ListItem\",\"position\":3,\"name\":\"Elfbar Combo Pro 30000\u00a0Puffs \u2013 Disposable Vape\"}]},{\"@type\":\"WebSite\",\"@id\":\"https:\/\/euvapen.com\/#website\",\"url\":\"https:\/\/euvapen.com\/\",\"name\":\"bestpuffvape\",\"description\":\"\",\"publisher\":{\"@id\":\"https:\/\/euvapen.com\/#organization\"},\"potentialAction\":[{\"@type\":\"SearchAction\",\"target\":{\"@type\":\"EntryPoint\",\"urlTemplate\":\"https:\/\/euvapen.com\/?s={search_term_string}\"},\"query-input\":{\"@type\":\"PropertyValueSpecification\",\"valueRequired\":true,\"valueName\":\"search_term_string\"}}],\"inLanguage\":\"es\"},{\"@type\":[\"Organization\",\"Place\"],\"@id\":\"https:\/\/euvapen.com\/#organization\",\"name\":\"bestpuffvape\",\"alternateName\":\"bestpuffvape\",\"url\":\"https:\/\/euvapen.com\/\",\"logo\":{\"@id\":\"https:\/\/euvapen.com\/product\/elfbar-combo-pro-30000-puffs-disposable-vape\/#local-main-organization-logo\"},\"image\":{\"@id\":\"https:\/\/euvapen.com\/product\/elfbar-combo-pro-30000-puffs-disposable-vape\/#local-main-organization-logo\"},\"telephone\":[],\"openingHoursSpecification\":[{\"@type\":\"OpeningHoursSpecification\",\"dayOfWeek\":[\"Monday\",\"Tuesday\",\"Wednesday\",\"Thursday\",\"Friday\",\"Saturday\",\"Sunday\"],\"opens\":\"00:00\",\"closes\":\"23:59\"}]},{\"@type\":\"ImageObject\",\"inLanguage\":\"es\",\"@id\":\"https:\/\/euvapen.com\/product\/elfbar-combo-pro-30000-puffs-disposable-vape\/#local-main-organization-logo\",\"url\":\"https:\/\/euvapen.com\/wp-content\/uploads\/2025\/10\/cropped-puffvape-logo.png\",\"contentUrl\":\"https:\/\/euvapen.com\/wp-content\/uploads\/2025\/10\/cropped-puffvape-logo.png\",\"width\":512,\"height\":512,\"caption\":\"bestpuffvape\"}]}<\/script>\n<meta property=\"og:availability\" content=\"instock\" \/>\n<meta property=\"product:availability\" content=\"instock\" \/>\n<meta property=\"product:retailer_item_id\" content=\"Elfbar-Combo-Pro-30k\" \/>\n<meta property=\"product:condition\" content=\"new\" \/>\n<!-- \/ Yoast SEO Premium plugin. -->","yoast_head_json":{"title":"ELFBAR COMBO PRO 30000 | elfbar combo | elfbar 30000 Puffs - EuVapen","description":"Descubre el ELFBAR COMBO PRO 30000 con hasta elfbar 30000 caladas, 17mL de e-l\u00edquido y sabores elfbar combo. Recargable con carga Type-C y tecnolog\u00eda elfbars pro mesh coil para un vapeo suave y duradero.","robots":{"index":"index","follow":"follow","max-snippet":"max-snippet:-1","max-image-preview":"max-image-preview:large","max-video-preview":"max-video-preview:-1"},"canonical":"https:\/\/euvapen.com\/es\/producto\/elfbar-combo-pro-30000-puffs-disposable-vape\/","og_locale":"es_ES","og_type":"article","og_title":"Elfbar Combo Pro 30000\u00a0Puffs \u2013 Disposable Vape","og_description":"Discover the ELFBAR COMBO PRO 30000 with up to elfbar 30000 puffs, 17mL e-liquid, and elfbar combo flavors. Rechargeable with Type-C charging and elfbars pro mesh coil technology for smooth, long-lasting vaping.","og_url":"https:\/\/euvapen.com\/es\/producto\/elfbar-combo-pro-30000-puffs-disposable-vape\/","og_site_name":"EuVapen","article_modified_time":"2025-11-19T06:53:19+00:00","og_image":[{"width":800,"height":800,"url":"https:\/\/euvapen.com\/wp-content\/uploads\/2025\/11\/Elfbar-Combo-Pro-30000-Puffs-Disposable-Vape-1.webp","type":"image\/webp"}],"twitter_card":"summary_large_image","twitter_misc":{"Disponibilidad":"Disponible"},"schema":{"@context":"https:\/\/schema.org","@graph":[{"@type":"WebPage","@id":"https:\/\/euvapen.com\/product\/elfbar-combo-pro-30000-puffs-disposable-vape\/","url":"https:\/\/euvapen.com\/product\/elfbar-combo-pro-30000-puffs-disposable-vape\/","name":"ELFBAR COMBO PRO 30000 | elfbar combo | elfbar 30000 Puffs - EuVapen","isPartOf":{"@id":"https:\/\/euvapen.com\/#website"},"primaryImageOfPage":{"@id":"https:\/\/euvapen.com\/product\/elfbar-combo-pro-30000-puffs-disposable-vape\/#primaryimage"},"image":{"@id":"https:\/\/euvapen.com\/product\/elfbar-combo-pro-30000-puffs-disposable-vape\/#primaryimage"},"thumbnailUrl":"https:\/\/euvapen.com\/wp-content\/uploads\/2025\/11\/Elfbar-Combo-Pro-30000-Puffs-Disposable-Vape-1.webp","datePublished":"2025-11-04T10:04:35+00:00","dateModified":"2025-11-19T06:53:19+00:00","description":"Descubre el ELFBAR COMBO PRO 30000 con hasta elfbar 30000 caladas, 17mL de e-l\u00edquido y sabores elfbar combo. Recargable con carga Type-C y tecnolog\u00eda elfbars pro mesh coil para un vapeo suave y duradero.","breadcrumb":{"@id":"https:\/\/euvapen.com\/product\/elfbar-combo-pro-30000-puffs-disposable-vape\/#breadcrumb"},"inLanguage":"es","potentialAction":[{"@type":"ReadAction","target":["https:\/\/euvapen.com\/product\/elfbar-combo-pro-30000-puffs-disposable-vape\/"]}]},{"@type":"ImageObject","inLanguage":"es","@id":"https:\/\/euvapen.com\/product\/elfbar-combo-pro-30000-puffs-disposable-vape\/#primaryimage","url":"https:\/\/euvapen.com\/wp-content\/uploads\/2025\/11\/Elfbar-Combo-Pro-30000-Puffs-Disposable-Vape-1.webp","contentUrl":"https:\/\/euvapen.com\/wp-content\/uploads\/2025\/11\/Elfbar-Combo-Pro-30000-Puffs-Disposable-Vape-1.webp","width":800,"height":800,"caption":"Elfbar Combo Pro 30000\u00a0Puffs Disposable Vape #1"},{"@type":"BreadcrumbList","@id":"https:\/\/euvapen.com\/product\/elfbar-combo-pro-30000-puffs-disposable-vape\/#breadcrumb","itemListElement":[{"@type":"ListItem","position":1,"name":"Home","item":"https:\/\/euvapen.com\/"},{"@type":"ListItem","position":2,"name":"Shop","item":"https:\/\/euvapen.com\/shop\/"},{"@type":"ListItem","position":3,"name":"Elfbar Combo Pro 30000\u00a0Puffs \u2013 Disposable Vape"}]},{"@type":"WebSite","@id":"https:\/\/euvapen.com\/#website","url":"https:\/\/euvapen.com\/","name":"bestpuffvape","description":"","publisher":{"@id":"https:\/\/euvapen.com\/#organization"},"potentialAction":[{"@type":"SearchAction","target":{"@type":"EntryPoint","urlTemplate":"https:\/\/euvapen.com\/?s={search_term_string}"},"query-input":{"@type":"PropertyValueSpecification","valueRequired":true,"valueName":"search_term_string"}}],"inLanguage":"es"},{"@type":["Organization","Place"],"@id":"https:\/\/euvapen.com\/#organization","name":"bestpuffvape","alternateName":"bestpuffvape","url":"https:\/\/euvapen.com\/","logo":{"@id":"https:\/\/euvapen.com\/product\/elfbar-combo-pro-30000-puffs-disposable-vape\/#local-main-organization-logo"},"image":{"@id":"https:\/\/euvapen.com\/product\/elfbar-combo-pro-30000-puffs-disposable-vape\/#local-main-organization-logo"},"telephone":[],"openingHoursSpecification":[{"@type":"OpeningHoursSpecification","dayOfWeek":["Monday","Tuesday","Wednesday","Thursday","Friday","Saturday","Sunday"],"opens":"00:00","closes":"23:59"}]},{"@type":"ImageObject","inLanguage":"es","@id":"https:\/\/euvapen.com\/product\/elfbar-combo-pro-30000-puffs-disposable-vape\/#local-main-organization-logo","url":"https:\/\/euvapen.com\/wp-content\/uploads\/2025\/10\/cropped-puffvape-logo.png","contentUrl":"https:\/\/euvapen.com\/wp-content\/uploads\/2025\/10\/cropped-puffvape-logo.png","width":512,"height":512,"caption":"bestpuffvape"}]},"og_availability":"instock","product_availability":"instock","product_retailer_item_id":"Elfbar-Combo-Pro-30k","product_condition":"new"},"brands":[],"tiered_pricing_type":"fixed","tiered_pricing_fixed_rules":{"30":"11","50":"10","100":"9.8","200":"9.5"},"tiered_pricing_product_settings":{"layout":"default","base_unit_name":{"singular":null,"plural":null},"default_variation":{}},"tiered_pricing_minimum_quantity":10,"tiered_pricing_roles_data":[],"tiered_pricing_percentage_rules":[],"tiered_pricing_maximum_quantity":null,"tiered_pricing_quantity_step":null,"_links":{"self":[{"href":"https:\/\/euvapen.com\/es\/wp-json\/wp\/v2\/product\/14929","targetHints":{"allow":["GET"]}}],"collection":[{"href":"https:\/\/euvapen.com\/es\/wp-json\/wp\/v2\/product"}],"about":[{"href":"https:\/\/euvapen.com\/es\/wp-json\/wp\/v2\/types\/product"}],"replies":[{"embeddable":true,"href":"https:\/\/euvapen.com\/es\/wp-json\/wp\/v2\/comments?post=14929"}],"wp:featuredmedia":[{"embeddable":true,"href":"https:\/\/euvapen.com\/es\/wp-json\/wp\/v2\/media\/21567"}],"wp:attachment":[{"href":"https:\/\/euvapen.com\/es\/wp-json\/wp\/v2\/media?parent=14929"}],"wp:term":[{"taxonomy":"pwb-brand","embeddable":true,"href":"https:\/\/euvapen.com\/es\/wp-json\/wp\/v2\/pwb-brand?post=14929"},{"taxonomy":"product_brand","embeddable":true,"href":"https:\/\/euvapen.com\/es\/wp-json\/wp\/v2\/product_brand?post=14929"},{"taxonomy":"product_cat","embeddable":true,"href":"https:\/\/euvapen.com\/es\/wp-json\/wp\/v2\/product_cat?post=14929"},{"taxonomy":"product_tag","embeddable":true,"href":"https:\/\/euvapen.com\/es\/wp-json\/wp\/v2\/product_tag?post=14929"}],"curies":[{"name":"wp","href":"https:\/\/api.w.org\/{rel}","templated":true}]}}