{"id":15132,"date":"2025-11-05T11:32:51","date_gmt":"2025-11-05T11:32:51","guid":{"rendered":"https:\/\/euvapen.com\/?post_type=product&#038;p=15132"},"modified":"2025-11-19T06:51:08","modified_gmt":"2025-11-19T06:51:08","slug":"elfbar-ice-king-30000-puffs-disposable-vape","status":"publish","type":"product","link":"https:\/\/euvapen.com\/es\/producto\/elfbar-ice-king-30000-puffs-disposable-vape\/","title":{"rendered":"Elfbar Ice King 30000 Puffs - Vapeador Desechable"},"content":{"rendered":"<h1 data-start=\"192\" data-end=\"267\">Elfbar Ice King 30000 - Dispositivo de gran capacidad dentro de la gama elfbar vape<\/h1>\n<p data-start=\"269\" data-end=\"573\">Situado en el <strong data-start=\"287\" data-end=\"302\">elfbar vape<\/strong> cat\u00e1logo, el <strong data-start=\"318\" data-end=\"337\">elfbar rey de hielo<\/strong> 30000 consolida un dep\u00f3sito de 20 ml de <strong data-start=\"378\" data-end=\"395\">l\u00edquido elfbar<\/strong>, una plataforma de bobina de malla y una pila recargable de 700 mAh que permite un funcionamiento prolongado. Como <strong data-start=\"488\" data-end=\"502\">elfbar 30k<\/strong>-clase de dispositivo, se dirige a una larga vida \u00fatil con salida de sabor estable.<\/p>\n<h2 data-start=\"575\" data-end=\"596\">Especificaciones clave de Elfbar Ice King 30000<\/h2>\n<ul data-start=\"597\" data-end=\"1052\">\n<li data-start=\"597\" data-end=\"654\">\n<p data-start=\"599\" data-end=\"654\"><strong data-start=\"599\" data-end=\"617\">Capacidad de soplado:<\/strong> hasta <strong data-start=\"624\" data-end=\"634\">30,000<\/strong> (depende del uso)<\/p>\n<\/li>\n<li data-start=\"655\" data-end=\"710\">\n<p data-start=\"657\" data-end=\"710\"><strong data-start=\"657\" data-end=\"670\">E-l\u00edquido:<\/strong> <strong data-start=\"671\" data-end=\"680\">20 ml<\/strong> precargado <strong data-start=\"691\" data-end=\"708\">l\u00edquido elfbar<\/strong><\/p>\n<\/li>\n<li data-start=\"711\" data-end=\"760\">\n<p data-start=\"713\" data-end=\"760\"><strong data-start=\"713\" data-end=\"726\">Nicotina:<\/strong> <strong data-start=\"727\" data-end=\"733\">5%<\/strong> (50 mg\/mL) sal de nicotina<\/p>\n<\/li>\n<li data-start=\"761\" data-end=\"835\">\n<p data-start=\"763\" data-end=\"835\"><strong data-start=\"763\" data-end=\"775\">Bater\u00eda:<\/strong> <strong data-start=\"776\" data-end=\"787\">700 mAh<\/strong>, recargable Tipo-C; \u2248 1 hora hasta llenarse (t\u00edp.)<\/p>\n<\/li>\n<li data-start=\"836\" data-end=\"896\">\n<p data-start=\"838\" data-end=\"896\"><strong data-start=\"838\" data-end=\"847\">Bobina:<\/strong> malla para una retenci\u00f3n uniforme del aerosol y el sabor<\/p>\n<\/li>\n<li data-start=\"897\" data-end=\"956\">\n<p data-start=\"899\" data-end=\"956\"><strong data-start=\"899\" data-end=\"923\">Dimensiones y peso:<\/strong> <strong data-start=\"924\" data-end=\"943\">65 \u00d7 34 \u00d7 27 mm<\/strong>, <strong data-start=\"945\" data-end=\"954\">104 g<\/strong><\/p>\n<\/li>\n<li data-start=\"957\" data-end=\"991\">\n<p data-start=\"959\" data-end=\"991\"><strong data-start=\"959\" data-end=\"973\">Embalaje:<\/strong> <strong data-start=\"974\" data-end=\"989\">5 unidades \/ caja<\/strong><\/p>\n<\/li>\n<li data-start=\"992\" data-end=\"1052\">\n<p data-start=\"994\" data-end=\"1052\"><strong data-start=\"994\" data-end=\"1005\">Salida:<\/strong> activada por tracci\u00f3n; tensi\u00f3n\/vatiaje no variable<\/p>\n<\/li>\n<\/ul>\n<h2 data-start=\"1054\" data-end=\"1074\">Notas de rendimiento de Elfbar Ice King 30000<\/h2>\n<ul data-start=\"1075\" data-end=\"1418\">\n<li data-start=\"1075\" data-end=\"1196\">\n<p data-start=\"1077\" data-end=\"1196\"><strong data-start=\"1077\" data-end=\"1102\">Consistencia de la bobina de malla<\/strong> - La distribuci\u00f3n uniforme del calor reduce los golpes secos y mantiene la intensidad del sabor durante todo el ciclo.<\/p>\n<\/li>\n<li data-start=\"1197\" data-end=\"1317\">\n<p data-start=\"1199\" data-end=\"1317\"><strong data-start=\"1199\" data-end=\"1223\">Utilizaci\u00f3n de las recargas<\/strong> - La entrada de tipo C permite el uso completo del dep\u00f3sito de 20 ml sin que la bater\u00eda se agote prematuramente.<\/p>\n<\/li>\n<li data-start=\"1318\" data-end=\"1418\">\n<p data-start=\"1320\" data-end=\"1418\"><strong data-start=\"1320\" data-end=\"1347\">Fiabilidad operativa<\/strong> - construcci\u00f3n sellada y no reparable para un uso diario previsible.<\/p>\n<\/li>\n<\/ul>\n<h2 data-start=\"1420\" data-end=\"1452\">Cat\u00e1logo de aromas\uff0815 opciones\uff09<\/h2>\n<p data-start=\"1453\" data-end=\"1795\"><strong data-start=\"1453\" data-end=\"1475\">Favoritos afrutados:<\/strong> Fresa Sand\u00eda; Melocot\u00f3n Helado; Sand\u00eda Helada; Kiwi Guayaba Maracuy\u00e1<br data-start=\"1550\" data-end=\"1553\" \/><strong data-start=\"1553\" data-end=\"1575\">Fresco y refrescante:<\/strong> Miami Mint; Blue Razz Ice; Lime Cola<br data-start=\"1612\" data-end=\"1615\" \/><strong data-start=\"1615\" data-end=\"1631\">Mezclas atrevidas:<\/strong> Cereza Granada Ar\u00e1ndano; Zarzamora Ar\u00e1ndano; Ribena Lichi<br data-start=\"1697\" data-end=\"1700\" \/><strong data-start=\"1700\" data-end=\"1722\">Selecciones \u00fanicas:<\/strong> Pastel de pl\u00e1tano; Limonada rosa; <strong data-start=\"1751\" data-end=\"1763\">TORO ELF<\/strong>; Uva Ice; Fresa Kiwi Ice<\/p>\n<h2 data-start=\"1797\" data-end=\"1813\">Usuario previsto<\/h2>\n<p data-start=\"1814\" data-end=\"1947\">Adultos (mayores de 18 a\u00f1os) que dan prioridad a un elevado n\u00famero de caladas, a las familias de sabores de fruta\/hielo y a la comodidad de la recarga en un formato desechable sellado.<\/p>\n<h2 data-start=\"1949\" data-end=\"1977\">Cumplimiento y autenticidad<\/h2>\n<p data-start=\"1978\" data-end=\"2211\">Los pedidos de la UE se suministran desde almacenes de la UE con seguimiento del env\u00edo y control de lotes; otras rutas disponibles seg\u00fan el cumplimiento del destino. El embalaje y las etiquetas se ajustan a la normativa vigente. <strong data-start=\"2148\" data-end=\"2163\">elfbar vape<\/strong> normas para apoyar la verificaci\u00f3n de la autenticidad.<\/p>","protected":false},"excerpt":{"rendered":"<p>Elfbar Ice King 30000: 30.000 caladas, 20 ml de l\u00edquido elfbar, bobina de malla, 700 mAh Type-C. Un compacto <strong data-start=\"2394\" data-end=\"2408\">elfbar 30k<\/strong> en el <strong data-start=\"2416\" data-end=\"2431\">elfbar vape<\/strong> l\u00ednea.<\/p>","protected":false},"featured_media":21545,"comment_status":"open","ping_status":"closed","template":"","meta":{"_acf_changed":false},"pwb-brand":[],"product_brand":[],"product_cat":[87,57,84,93,95],"product_tag":[69],"class_list":{"0":"post-15132","1":"product","2":"type-product","3":"status-publish","4":"has-post-thumbnail","6":"product_cat-big-puff-vape","7":"product_cat-disposable-vape","8":"product_cat-eu-warehouse-in-stock","9":"product_cat-rechargeable-vapes","10":"product_cat-vape-with-screen","11":"product_tag-puff-30000","13":"first","14":"instock","15":"shipping-taxable","16":"purchasable","17":"product-type-variable"},"acf":[],"yoast_head":"<!-- This site is optimized with the Yoast SEO Premium plugin v26.3 (Yoast SEO v26.3) - https:\/\/yoast.com\/wordpress\/plugins\/seo\/ -->\n<title>Elfbar Ice King 30000 \u2014 30K Puffs, Mesh, 20 mL, 700 mAh Type-C - EuVapen<\/title>\n<meta name=\"description\" content=\"Explore the elfbar ice king 30000: up to 30K puffs with 20 mL elfbar liquid, mesh coil, and 700 mAh Type-C. A reliable elfbar 30k within the elfbar vape range; EU fulfilment available.\" \/>\n<meta name=\"robots\" content=\"index, follow, max-snippet:-1, max-image-preview:large, max-video-preview:-1\" \/>\n<link rel=\"canonical\" href=\"https:\/\/euvapen.com\/es\/producto\/elfbar-ice-king-30000-puffs-disposable-vape\/\" \/>\n<meta property=\"og:locale\" content=\"es_ES\" \/>\n<meta property=\"og:type\" content=\"article\" \/>\n<meta property=\"og:title\" content=\"Elfbar Ice King 30000\u00a0Puffs \u2013 Disposable Vape\" \/>\n<meta property=\"og:description\" content=\"Explore the elfbar ice king 30000: up to 30K puffs with 20 mL elfbar liquid, mesh coil, and 700 mAh Type-C. A reliable elfbar 30k within the elfbar vape range; EU fulfilment available.\" \/>\n<meta property=\"og:url\" content=\"https:\/\/euvapen.com\/es\/producto\/elfbar-ice-king-30000-puffs-disposable-vape\/\" \/>\n<meta property=\"og:site_name\" content=\"EuVapen\" \/>\n<meta property=\"article:modified_time\" content=\"2025-11-19T06:51:08+00:00\" \/>\n<meta property=\"og:image\" content=\"https:\/\/euvapen.com\/wp-content\/uploads\/2025\/11\/Elfbar-Ice-King-30000-Puffs-Disposable-Vape-3.webp\" \/>\n\t<meta property=\"og:image:width\" content=\"1000\" \/>\n\t<meta property=\"og:image:height\" content=\"1000\" \/>\n\t<meta property=\"og:image:type\" content=\"image\/webp\" \/>\n<meta name=\"twitter:card\" content=\"summary_large_image\" \/>\n<meta name=\"twitter:label1\" content=\"Disponibilidad\" \/>\n\t<meta name=\"twitter:data1\" content=\"Disponible\" \/>\n<script type=\"application\/ld+json\" class=\"yoast-schema-graph\">{\"@context\":\"https:\/\/schema.org\",\"@graph\":[{\"@type\":\"WebPage\",\"@id\":\"https:\/\/euvapen.com\/product\/elfbar-ice-king-30000-puffs-disposable-vape\/\",\"url\":\"https:\/\/euvapen.com\/product\/elfbar-ice-king-30000-puffs-disposable-vape\/\",\"name\":\"Elfbar Ice King 30000 \u2014 30K Puffs, Mesh, 20 mL, 700 mAh Type-C - EuVapen\",\"isPartOf\":{\"@id\":\"https:\/\/euvapen.com\/#website\"},\"primaryImageOfPage\":{\"@id\":\"https:\/\/euvapen.com\/product\/elfbar-ice-king-30000-puffs-disposable-vape\/#primaryimage\"},\"image\":{\"@id\":\"https:\/\/euvapen.com\/product\/elfbar-ice-king-30000-puffs-disposable-vape\/#primaryimage\"},\"thumbnailUrl\":\"https:\/\/euvapen.com\/wp-content\/uploads\/2025\/11\/Elfbar-Ice-King-30000-Puffs-Disposable-Vape-3.webp\",\"datePublished\":\"2025-11-05T11:32:51+00:00\",\"dateModified\":\"2025-11-19T06:51:08+00:00\",\"description\":\"Explore the elfbar ice king 30000: up to 30K puffs with 20 mL elfbar liquid, mesh coil, and 700 mAh Type-C. A reliable elfbar 30k within the elfbar vape range; EU fulfilment available.\",\"breadcrumb\":{\"@id\":\"https:\/\/euvapen.com\/product\/elfbar-ice-king-30000-puffs-disposable-vape\/#breadcrumb\"},\"inLanguage\":\"es\",\"potentialAction\":[{\"@type\":\"ReadAction\",\"target\":[\"https:\/\/euvapen.com\/product\/elfbar-ice-king-30000-puffs-disposable-vape\/\"]}]},{\"@type\":\"ImageObject\",\"inLanguage\":\"es\",\"@id\":\"https:\/\/euvapen.com\/product\/elfbar-ice-king-30000-puffs-disposable-vape\/#primaryimage\",\"url\":\"https:\/\/euvapen.com\/wp-content\/uploads\/2025\/11\/Elfbar-Ice-King-30000-Puffs-Disposable-Vape-3.webp\",\"contentUrl\":\"https:\/\/euvapen.com\/wp-content\/uploads\/2025\/11\/Elfbar-Ice-King-30000-Puffs-Disposable-Vape-3.webp\",\"width\":1000,\"height\":1000,\"caption\":\"Elfbar Ice King 30000\u00a0Puffs Disposable Vape #3\"},{\"@type\":\"BreadcrumbList\",\"@id\":\"https:\/\/euvapen.com\/product\/elfbar-ice-king-30000-puffs-disposable-vape\/#breadcrumb\",\"itemListElement\":[{\"@type\":\"ListItem\",\"position\":1,\"name\":\"Home\",\"item\":\"https:\/\/euvapen.com\/\"},{\"@type\":\"ListItem\",\"position\":2,\"name\":\"Shop\",\"item\":\"https:\/\/euvapen.com\/shop\/\"},{\"@type\":\"ListItem\",\"position\":3,\"name\":\"Elfbar Ice King 30000\u00a0Puffs \u2013 Disposable Vape\"}]},{\"@type\":\"WebSite\",\"@id\":\"https:\/\/euvapen.com\/#website\",\"url\":\"https:\/\/euvapen.com\/\",\"name\":\"bestpuffvape\",\"description\":\"\",\"publisher\":{\"@id\":\"https:\/\/euvapen.com\/#organization\"},\"potentialAction\":[{\"@type\":\"SearchAction\",\"target\":{\"@type\":\"EntryPoint\",\"urlTemplate\":\"https:\/\/euvapen.com\/?s={search_term_string}\"},\"query-input\":{\"@type\":\"PropertyValueSpecification\",\"valueRequired\":true,\"valueName\":\"search_term_string\"}}],\"inLanguage\":\"es\"},{\"@type\":[\"Organization\",\"Place\"],\"@id\":\"https:\/\/euvapen.com\/#organization\",\"name\":\"bestpuffvape\",\"alternateName\":\"bestpuffvape\",\"url\":\"https:\/\/euvapen.com\/\",\"logo\":{\"@id\":\"https:\/\/euvapen.com\/product\/elfbar-ice-king-30000-puffs-disposable-vape\/#local-main-organization-logo\"},\"image\":{\"@id\":\"https:\/\/euvapen.com\/product\/elfbar-ice-king-30000-puffs-disposable-vape\/#local-main-organization-logo\"},\"telephone\":[],\"openingHoursSpecification\":[{\"@type\":\"OpeningHoursSpecification\",\"dayOfWeek\":[\"Monday\",\"Tuesday\",\"Wednesday\",\"Thursday\",\"Friday\",\"Saturday\",\"Sunday\"],\"opens\":\"00:00\",\"closes\":\"23:59\"}]},{\"@type\":\"ImageObject\",\"inLanguage\":\"es\",\"@id\":\"https:\/\/euvapen.com\/product\/elfbar-ice-king-30000-puffs-disposable-vape\/#local-main-organization-logo\",\"url\":\"https:\/\/euvapen.com\/wp-content\/uploads\/2025\/10\/cropped-puffvape-logo.png\",\"contentUrl\":\"https:\/\/euvapen.com\/wp-content\/uploads\/2025\/10\/cropped-puffvape-logo.png\",\"width\":512,\"height\":512,\"caption\":\"bestpuffvape\"}]}<\/script>\n<meta property=\"og:availability\" content=\"instock\" \/>\n<meta property=\"product:availability\" content=\"instock\" \/>\n<meta property=\"product:retailer_item_id\" content=\"Elfbar-Ice-King-30k\" \/>\n<meta property=\"product:condition\" content=\"new\" \/>\n<!-- \/ Yoast SEO Premium plugin. -->","yoast_head_json":{"title":"Elfbar Ice King 30000 \u2014 30K Puffs, Mesh, 20 mL, 700 mAh Type-C - EuVapen","description":"Explora el elfbar ice king 30000: hasta 30K caladas con 20 ml de l\u00edquido elfbar, bobina de malla y 700 mAh Type-C. Un elfbar 30k fiable dentro de la gama de vapeadores elfbar.","robots":{"index":"index","follow":"follow","max-snippet":"max-snippet:-1","max-image-preview":"max-image-preview:large","max-video-preview":"max-video-preview:-1"},"canonical":"https:\/\/euvapen.com\/es\/producto\/elfbar-ice-king-30000-puffs-disposable-vape\/","og_locale":"es_ES","og_type":"article","og_title":"Elfbar Ice King 30000\u00a0Puffs \u2013 Disposable Vape","og_description":"Explore the elfbar ice king 30000: up to 30K puffs with 20 mL elfbar liquid, mesh coil, and 700 mAh Type-C. A reliable elfbar 30k within the elfbar vape range; EU fulfilment available.","og_url":"https:\/\/euvapen.com\/es\/producto\/elfbar-ice-king-30000-puffs-disposable-vape\/","og_site_name":"EuVapen","article_modified_time":"2025-11-19T06:51:08+00:00","og_image":[{"width":1000,"height":1000,"url":"https:\/\/euvapen.com\/wp-content\/uploads\/2025\/11\/Elfbar-Ice-King-30000-Puffs-Disposable-Vape-3.webp","type":"image\/webp"}],"twitter_card":"summary_large_image","twitter_misc":{"Disponibilidad":"Disponible"},"schema":{"@context":"https:\/\/schema.org","@graph":[{"@type":"WebPage","@id":"https:\/\/euvapen.com\/product\/elfbar-ice-king-30000-puffs-disposable-vape\/","url":"https:\/\/euvapen.com\/product\/elfbar-ice-king-30000-puffs-disposable-vape\/","name":"Elfbar Ice King 30000 \u2014 30K Puffs, Mesh, 20 mL, 700 mAh Type-C - EuVapen","isPartOf":{"@id":"https:\/\/euvapen.com\/#website"},"primaryImageOfPage":{"@id":"https:\/\/euvapen.com\/product\/elfbar-ice-king-30000-puffs-disposable-vape\/#primaryimage"},"image":{"@id":"https:\/\/euvapen.com\/product\/elfbar-ice-king-30000-puffs-disposable-vape\/#primaryimage"},"thumbnailUrl":"https:\/\/euvapen.com\/wp-content\/uploads\/2025\/11\/Elfbar-Ice-King-30000-Puffs-Disposable-Vape-3.webp","datePublished":"2025-11-05T11:32:51+00:00","dateModified":"2025-11-19T06:51:08+00:00","description":"Explora el elfbar ice king 30000: hasta 30K caladas con 20 ml de l\u00edquido elfbar, bobina de malla y 700 mAh Type-C. Un elfbar 30k fiable dentro de la gama de vapeadores elfbar.","breadcrumb":{"@id":"https:\/\/euvapen.com\/product\/elfbar-ice-king-30000-puffs-disposable-vape\/#breadcrumb"},"inLanguage":"es","potentialAction":[{"@type":"ReadAction","target":["https:\/\/euvapen.com\/product\/elfbar-ice-king-30000-puffs-disposable-vape\/"]}]},{"@type":"ImageObject","inLanguage":"es","@id":"https:\/\/euvapen.com\/product\/elfbar-ice-king-30000-puffs-disposable-vape\/#primaryimage","url":"https:\/\/euvapen.com\/wp-content\/uploads\/2025\/11\/Elfbar-Ice-King-30000-Puffs-Disposable-Vape-3.webp","contentUrl":"https:\/\/euvapen.com\/wp-content\/uploads\/2025\/11\/Elfbar-Ice-King-30000-Puffs-Disposable-Vape-3.webp","width":1000,"height":1000,"caption":"Elfbar Ice King 30000\u00a0Puffs Disposable Vape #3"},{"@type":"BreadcrumbList","@id":"https:\/\/euvapen.com\/product\/elfbar-ice-king-30000-puffs-disposable-vape\/#breadcrumb","itemListElement":[{"@type":"ListItem","position":1,"name":"Home","item":"https:\/\/euvapen.com\/"},{"@type":"ListItem","position":2,"name":"Shop","item":"https:\/\/euvapen.com\/shop\/"},{"@type":"ListItem","position":3,"name":"Elfbar Ice King 30000\u00a0Puffs \u2013 Disposable Vape"}]},{"@type":"WebSite","@id":"https:\/\/euvapen.com\/#website","url":"https:\/\/euvapen.com\/","name":"bestpuffvape","description":"","publisher":{"@id":"https:\/\/euvapen.com\/#organization"},"potentialAction":[{"@type":"SearchAction","target":{"@type":"EntryPoint","urlTemplate":"https:\/\/euvapen.com\/?s={search_term_string}"},"query-input":{"@type":"PropertyValueSpecification","valueRequired":true,"valueName":"search_term_string"}}],"inLanguage":"es"},{"@type":["Organization","Place"],"@id":"https:\/\/euvapen.com\/#organization","name":"bestpuffvape","alternateName":"bestpuffvape","url":"https:\/\/euvapen.com\/","logo":{"@id":"https:\/\/euvapen.com\/product\/elfbar-ice-king-30000-puffs-disposable-vape\/#local-main-organization-logo"},"image":{"@id":"https:\/\/euvapen.com\/product\/elfbar-ice-king-30000-puffs-disposable-vape\/#local-main-organization-logo"},"telephone":[],"openingHoursSpecification":[{"@type":"OpeningHoursSpecification","dayOfWeek":["Monday","Tuesday","Wednesday","Thursday","Friday","Saturday","Sunday"],"opens":"00:00","closes":"23:59"}]},{"@type":"ImageObject","inLanguage":"es","@id":"https:\/\/euvapen.com\/product\/elfbar-ice-king-30000-puffs-disposable-vape\/#local-main-organization-logo","url":"https:\/\/euvapen.com\/wp-content\/uploads\/2025\/10\/cropped-puffvape-logo.png","contentUrl":"https:\/\/euvapen.com\/wp-content\/uploads\/2025\/10\/cropped-puffvape-logo.png","width":512,"height":512,"caption":"bestpuffvape"}]},"og_availability":"instock","product_availability":"instock","product_retailer_item_id":"Elfbar-Ice-King-30k","product_condition":"new"},"brands":[],"tiered_pricing_type":"fixed","tiered_pricing_fixed_rules":{"30":"12","50":"11","100":"10","200":"9.8"},"tiered_pricing_product_settings":{"layout":"default","base_unit_name":{"singular":null,"plural":null},"default_variation":{}},"tiered_pricing_minimum_quantity":10,"tiered_pricing_roles_data":[],"tiered_pricing_percentage_rules":[],"tiered_pricing_maximum_quantity":null,"tiered_pricing_quantity_step":null,"_links":{"self":[{"href":"https:\/\/euvapen.com\/es\/wp-json\/wp\/v2\/product\/15132","targetHints":{"allow":["GET"]}}],"collection":[{"href":"https:\/\/euvapen.com\/es\/wp-json\/wp\/v2\/product"}],"about":[{"href":"https:\/\/euvapen.com\/es\/wp-json\/wp\/v2\/types\/product"}],"replies":[{"embeddable":true,"href":"https:\/\/euvapen.com\/es\/wp-json\/wp\/v2\/comments?post=15132"}],"wp:featuredmedia":[{"embeddable":true,"href":"https:\/\/euvapen.com\/es\/wp-json\/wp\/v2\/media\/21545"}],"wp:attachment":[{"href":"https:\/\/euvapen.com\/es\/wp-json\/wp\/v2\/media?parent=15132"}],"wp:term":[{"taxonomy":"pwb-brand","embeddable":true,"href":"https:\/\/euvapen.com\/es\/wp-json\/wp\/v2\/pwb-brand?post=15132"},{"taxonomy":"product_brand","embeddable":true,"href":"https:\/\/euvapen.com\/es\/wp-json\/wp\/v2\/product_brand?post=15132"},{"taxonomy":"product_cat","embeddable":true,"href":"https:\/\/euvapen.com\/es\/wp-json\/wp\/v2\/product_cat?post=15132"},{"taxonomy":"product_tag","embeddable":true,"href":"https:\/\/euvapen.com\/es\/wp-json\/wp\/v2\/product_tag?post=15132"}],"curies":[{"name":"wp","href":"https:\/\/api.w.org\/{rel}","templated":true}]}}