{"id":15352,"date":"2025-11-06T10:13:50","date_gmt":"2025-11-06T10:13:50","guid":{"rendered":"https:\/\/euvapen.com\/?post_type=product&#038;p=15352"},"modified":"2025-11-19T06:43:12","modified_gmt":"2025-11-19T06:43:12","slug":"vaporizador-desechable-hifancy-rainbow-25000-puffs","status":"publish","type":"product","link":"https:\/\/euvapen.com\/es\/producto\/vaporizador-desechable-hifancy-rainbow-25000-puffs\/","title":{"rendered":"Hifancy Rainbow 25000 Puffs - Vapeador desechable"},"content":{"rendered":"<h1 data-start=\"150\" data-end=\"222\">HIFANCY RAINBOW 25000 - Vape 25k de alta capacidad con dos modos de calentamiento<\/h1>\n<p data-start=\"224\" data-end=\"575\">En <strong data-start=\"228\" data-end=\"253\">HIFANCY RAINBOW 25000<\/strong> combina un dep\u00f3sito de 32 ml, una unidad de alimentaci\u00f3n Type-C de 800 mAh y una atomizaci\u00f3n de bobina de malla para ofrecer un ciclo prolongado dentro del <strong data-start=\"382\" data-end=\"400\">25k bocanadas vape<\/strong> clase. Posicionado como un <strong data-start=\"433\" data-end=\"445\">25k vape<\/strong> para usuarios que valoran la coherencia y el control, <strong data-start=\"491\" data-end=\"508\">HIFANCIA 25000<\/strong> se centra en la producci\u00f3n estable y la integridad del sabor durante un uso prolongado.<\/p>\n<h2 data-start=\"577\" data-end=\"598\">Especificaciones<\/h2>\n<ul data-start=\"599\" data-end=\"1095\">\n<li data-start=\"599\" data-end=\"687\">\n<p data-start=\"601\" data-end=\"687\"><strong data-start=\"601\" data-end=\"617\">Clasificaci\u00f3n del puff:<\/strong> hasta <strong data-start=\"624\" data-end=\"634\">25,000<\/strong> (depende del uso) - <strong data-start=\"655\" data-end=\"685\">25000 puff vape desechable<\/strong><\/p>\n<\/li>\n<li data-start=\"688\" data-end=\"725\">\n<p data-start=\"690\" data-end=\"725\"><strong data-start=\"690\" data-end=\"703\">E-l\u00edquido:<\/strong> <strong data-start=\"704\" data-end=\"713\">32 ml<\/strong> precargado<\/p>\n<\/li>\n<li data-start=\"726\" data-end=\"802\">\n<p data-start=\"728\" data-end=\"802\"><strong data-start=\"728\" data-end=\"740\">Bater\u00eda:<\/strong> <strong data-start=\"741\" data-end=\"752\">800 mAh<\/strong>; recarga r\u00e1pida Type-C (~20-30 minutos, t\u00edpica)<\/p>\n<\/li>\n<li data-start=\"803\" data-end=\"872\">\n<p data-start=\"805\" data-end=\"872\"><strong data-start=\"805\" data-end=\"814\">Bobina:<\/strong> plataforma de malla para una retenci\u00f3n uniforme del aerosol y el sabor<\/p>\n<\/li>\n<li data-start=\"873\" data-end=\"944\">\n<p data-start=\"875\" data-end=\"944\"><strong data-start=\"875\" data-end=\"885\">Modos:<\/strong> <strong data-start=\"886\" data-end=\"907\">dos modos de calefacci\u00f3n<\/strong> (centrado en el sabor \/ centrado en el vapor)<\/p>\n<\/li>\n<li data-start=\"945\" data-end=\"1017\">\n<p data-start=\"947\" data-end=\"1017\"><strong data-start=\"947\" data-end=\"961\">Interfaz:<\/strong> visualizaci\u00f3n en pantalla completa del estado de la bater\u00eda, el modo y las caladas<\/p>\n<\/li>\n<li data-start=\"1018\" data-end=\"1095\">\n<p data-start=\"1020\" data-end=\"1095\"><strong data-start=\"1020\" data-end=\"1043\">Potencias de nicotina:<\/strong> <strong data-start=\"1044\" data-end=\"1060\">2% \/ 3% \/ 5%<\/strong> (disponibilidad por regi\u00f3n y lote)<\/p>\n<\/li>\n<\/ul>\n<h2 data-start=\"1097\" data-end=\"1121\">Rendimiento y control<\/h2>\n<ul data-start=\"1122\" data-end=\"1441\">\n<li data-start=\"1122\" data-end=\"1226\">\n<p data-start=\"1124\" data-end=\"1226\"><strong data-start=\"1124\" data-end=\"1147\">Funcionamiento en modo dual<\/strong> permite elegir r\u00e1pidamente entre un vapor m\u00e1s denso o una mayor claridad de sabor.<\/p>\n<\/li>\n<li data-start=\"1227\" data-end=\"1337\">\n<p data-start=\"1229\" data-end=\"1337\"><strong data-start=\"1229\" data-end=\"1242\">Bobina de malla<\/strong> distribuye el calor uniformemente para limitar los golpes secos y preservar el sabor durante toda la vida \u00fatil del dispositivo.<\/p>\n<\/li>\n<li data-start=\"1338\" data-end=\"1441\">\n<p data-start=\"1340\" data-end=\"1441\"><strong data-start=\"1340\" data-end=\"1360\">Gesti\u00f3n de la energ\u00eda<\/strong> con c\u00e9lula de 800 mAh y giro r\u00e1pido Type-C reduce el tiempo de inactividad entre sesiones.<\/p>\n<\/li>\n<\/ul>\n<h2 data-start=\"1443\" data-end=\"1475\">Cat\u00e1logo de sabores (10 opciones)<\/h2>\n<ul data-start=\"1476\" data-end=\"1706\">\n<li data-start=\"1476\" data-end=\"1500\">\n<p data-start=\"1478\" data-end=\"1500\">Hielo de mora y uva<\/p>\n<\/li>\n<li data-start=\"1501\" data-end=\"1533\">\n<p data-start=\"1503\" data-end=\"1533\">Limonada de ar\u00e1ndanos y frambuesas<\/p>\n<\/li>\n<li data-start=\"1534\" data-end=\"1551\">\n<p data-start=\"1536\" data-end=\"1551\">Hielo de ar\u00e1ndanos<\/p>\n<\/li>\n<li data-start=\"1552\" data-end=\"1570\">\n<p data-start=\"1554\" data-end=\"1570\">Energ\u00eda Redbull<\/p>\n<\/li>\n<li data-start=\"1571\" data-end=\"1589\">\n<p data-start=\"1573\" data-end=\"1589\">Hielo de sand\u00eda<\/p>\n<\/li>\n<li data-start=\"1590\" data-end=\"1615\">\n<p data-start=\"1592\" data-end=\"1615\">Sand\u00eda con fresa<\/p>\n<\/li>\n<li data-start=\"1616\" data-end=\"1636\">\n<p data-start=\"1618\" data-end=\"1636\">Mezcla de bayas y menta<\/p>\n<\/li>\n<li data-start=\"1637\" data-end=\"1663\">\n<p data-start=\"1639\" data-end=\"1663\">Melocot\u00f3n Pi\u00f1a Naranja<\/p>\n<\/li>\n<li data-start=\"1664\" data-end=\"1691\">\n<p data-start=\"1666\" data-end=\"1691\">Fresa Mango Pl\u00e1tano<\/p>\n<\/li>\n<li data-start=\"1692\" data-end=\"1706\">\n<p data-start=\"1694\" data-end=\"1706\">Lim\u00f3n Cereza<\/p>\n<\/li>\n<\/ul>\n<h2 data-start=\"1708\" data-end=\"1723\">A qui\u00e9n va dirigido<\/h2>\n<p data-start=\"1724\" data-end=\"1862\">Adultos (mayores de 18 a\u00f1os) que buscan una <strong data-start=\"1747\" data-end=\"1759\">25k vape<\/strong> con una resistencia medible, telemetr\u00eda clara en el dispositivo, recarga r\u00e1pida y un conjunto de sabores frutales.<\/p>\n<p data-start=\"1864\" data-end=\"2136\" data-is-last-node=\"\" data-is-only-node=\"\"><strong data-start=\"1864\" data-end=\"1876\">Resumen:<\/strong><br data-start=\"1876\" data-end=\"1879\" \/><strong data-start=\"1879\" data-end=\"1904\">HIFANCY RAINBOW 25000<\/strong> integra capacidad, claridad de interfaz y salida sintonizable en un desechable compacto. Como <strong data-start=\"2002\" data-end=\"2019\">HIFANCIA 25000<\/strong> dentro del <strong data-start=\"2038\" data-end=\"2056\">25k bocanadas vape<\/strong> ofrece un enfoque equilibrado de la longevidad, la comodidad y el sabor.<\/p>","protected":false},"excerpt":{"rendered":"<p data-start=\"56\" data-end=\"221\">HIFANCY RAINBOW 25000: 25k caladas, 32 mL, bobina de malla, 800 mAh Type-C, modos de calentamiento dual, pantalla completa. 25k vapeos fiables.<\/p>","protected":false},"featured_media":21506,"comment_status":"open","ping_status":"closed","template":"","meta":{"_acf_changed":false},"pwb-brand":[170],"product_brand":[],"product_cat":[57,84,93],"product_tag":[76],"class_list":{"0":"post-15352","1":"product","2":"type-product","3":"status-publish","4":"has-post-thumbnail","6":"pwb-brand-hifancy","7":"product_cat-disposable-vape","8":"product_cat-eu-warehouse-in-stock","9":"product_cat-rechargeable-vapes","10":"product_tag-puff-25k","12":"first","13":"instock","14":"shipping-taxable","15":"purchasable","16":"product-type-variable"},"acf":[],"yoast_head":"<!-- This site is optimized with the Yoast SEO Premium plugin v26.3 (Yoast SEO v26.3) - https:\/\/yoast.com\/wordpress\/plugins\/seo\/ -->\n<title>HIFANCY RAINBOW 25000 \u2014 25k Puffs Vape, Mesh, 32 mL, - EuVapen<\/title>\n<meta name=\"description\" content=\"HIFANCY RAINBOW 25000: up to 25,000 puffs, 32 mL prefill, mesh coil and 800 mAh Type-C. Dual heating modes and full-screen display; 2%\/3%\/5% nicotine. A dependable 25000 puff disposable vape.\" \/>\n<meta name=\"robots\" content=\"index, follow, max-snippet:-1, max-image-preview:large, max-video-preview:-1\" \/>\n<link rel=\"canonical\" href=\"https:\/\/euvapen.com\/es\/producto\/vaporizador-desechable-hifancy-rainbow-25000-puffs\/\" \/>\n<meta property=\"og:locale\" content=\"es_ES\" \/>\n<meta property=\"og:type\" content=\"article\" \/>\n<meta property=\"og:title\" content=\"Hifancy Rainbow 25000 Puffs\u00a0\u2013 Disposable Vape\" \/>\n<meta property=\"og:description\" content=\"HIFANCY RAINBOW 25000: up to 25,000 puffs, 32 mL prefill, mesh coil and 800 mAh Type-C. Dual heating modes and full-screen display; 2%\/3%\/5% nicotine. A dependable 25000 puff disposable vape.\" \/>\n<meta property=\"og:url\" content=\"https:\/\/euvapen.com\/es\/producto\/vaporizador-desechable-hifancy-rainbow-25000-puffs\/\" \/>\n<meta property=\"og:site_name\" content=\"EuVapen\" \/>\n<meta property=\"article:modified_time\" content=\"2025-11-19T06:43:12+00:00\" \/>\n<meta property=\"og:image\" content=\"https:\/\/euvapen.com\/wp-content\/uploads\/2025\/11\/Hifancy-Rainbow-25000-Disposable-Vape-25K-Puffs-32ML-EU-Warehouse-2.webp\" \/>\n\t<meta property=\"og:image:width\" content=\"800\" \/>\n\t<meta property=\"og:image:height\" content=\"800\" \/>\n\t<meta property=\"og:image:type\" content=\"image\/webp\" \/>\n<meta name=\"twitter:card\" content=\"summary_large_image\" \/>\n<meta name=\"twitter:label1\" content=\"Disponibilidad\" \/>\n\t<meta name=\"twitter:data1\" content=\"Disponible\" \/>\n<script type=\"application\/ld+json\" class=\"yoast-schema-graph\">{\"@context\":\"https:\/\/schema.org\",\"@graph\":[{\"@type\":\"WebPage\",\"@id\":\"https:\/\/euvapen.com\/product\/hifancy-rainbow-25000-puffs-disposable-vape\/\",\"url\":\"https:\/\/euvapen.com\/product\/hifancy-rainbow-25000-puffs-disposable-vape\/\",\"name\":\"HIFANCY RAINBOW 25000 \u2014 25k Puffs Vape, Mesh, 32 mL, - EuVapen\",\"isPartOf\":{\"@id\":\"https:\/\/euvapen.com\/#website\"},\"primaryImageOfPage\":{\"@id\":\"https:\/\/euvapen.com\/product\/hifancy-rainbow-25000-puffs-disposable-vape\/#primaryimage\"},\"image\":{\"@id\":\"https:\/\/euvapen.com\/product\/hifancy-rainbow-25000-puffs-disposable-vape\/#primaryimage\"},\"thumbnailUrl\":\"https:\/\/euvapen.com\/wp-content\/uploads\/2025\/11\/Hifancy-Rainbow-25000-Disposable-Vape-25K-Puffs-32ML-EU-Warehouse-2.webp\",\"datePublished\":\"2025-11-06T10:13:50+00:00\",\"dateModified\":\"2025-11-19T06:43:12+00:00\",\"description\":\"HIFANCY RAINBOW 25000: up to 25,000 puffs, 32 mL prefill, mesh coil and 800 mAh Type-C. Dual heating modes and full-screen display; 2%\/3%\/5% nicotine. A dependable 25000 puff disposable vape.\",\"breadcrumb\":{\"@id\":\"https:\/\/euvapen.com\/product\/hifancy-rainbow-25000-puffs-disposable-vape\/#breadcrumb\"},\"inLanguage\":\"es\",\"potentialAction\":[{\"@type\":\"ReadAction\",\"target\":[\"https:\/\/euvapen.com\/product\/hifancy-rainbow-25000-puffs-disposable-vape\/\"]}]},{\"@type\":\"ImageObject\",\"inLanguage\":\"es\",\"@id\":\"https:\/\/euvapen.com\/product\/hifancy-rainbow-25000-puffs-disposable-vape\/#primaryimage\",\"url\":\"https:\/\/euvapen.com\/wp-content\/uploads\/2025\/11\/Hifancy-Rainbow-25000-Disposable-Vape-25K-Puffs-32ML-EU-Warehouse-2.webp\",\"contentUrl\":\"https:\/\/euvapen.com\/wp-content\/uploads\/2025\/11\/Hifancy-Rainbow-25000-Disposable-Vape-25K-Puffs-32ML-EU-Warehouse-2.webp\",\"width\":800,\"height\":800,\"caption\":\"Hifancy Rainbow 25000 Disposable Vape 25K Puffs 32ML EU Warehouse #2\"},{\"@type\":\"BreadcrumbList\",\"@id\":\"https:\/\/euvapen.com\/product\/hifancy-rainbow-25000-puffs-disposable-vape\/#breadcrumb\",\"itemListElement\":[{\"@type\":\"ListItem\",\"position\":1,\"name\":\"Home\",\"item\":\"https:\/\/euvapen.com\/\"},{\"@type\":\"ListItem\",\"position\":2,\"name\":\"Shop\",\"item\":\"https:\/\/euvapen.com\/shop\/\"},{\"@type\":\"ListItem\",\"position\":3,\"name\":\"Hifancy Rainbow 25000 Puffs\u00a0\u2013 Disposable Vape\"}]},{\"@type\":\"WebSite\",\"@id\":\"https:\/\/euvapen.com\/#website\",\"url\":\"https:\/\/euvapen.com\/\",\"name\":\"bestpuffvape\",\"description\":\"\",\"publisher\":{\"@id\":\"https:\/\/euvapen.com\/#organization\"},\"potentialAction\":[{\"@type\":\"SearchAction\",\"target\":{\"@type\":\"EntryPoint\",\"urlTemplate\":\"https:\/\/euvapen.com\/?s={search_term_string}\"},\"query-input\":{\"@type\":\"PropertyValueSpecification\",\"valueRequired\":true,\"valueName\":\"search_term_string\"}}],\"inLanguage\":\"es\"},{\"@type\":[\"Organization\",\"Place\"],\"@id\":\"https:\/\/euvapen.com\/#organization\",\"name\":\"bestpuffvape\",\"alternateName\":\"bestpuffvape\",\"url\":\"https:\/\/euvapen.com\/\",\"logo\":{\"@id\":\"https:\/\/euvapen.com\/product\/hifancy-rainbow-25000-puffs-disposable-vape\/#local-main-organization-logo\"},\"image\":{\"@id\":\"https:\/\/euvapen.com\/product\/hifancy-rainbow-25000-puffs-disposable-vape\/#local-main-organization-logo\"},\"telephone\":[],\"openingHoursSpecification\":[{\"@type\":\"OpeningHoursSpecification\",\"dayOfWeek\":[\"Monday\",\"Tuesday\",\"Wednesday\",\"Thursday\",\"Friday\",\"Saturday\",\"Sunday\"],\"opens\":\"00:00\",\"closes\":\"23:59\"}]},{\"@type\":\"ImageObject\",\"inLanguage\":\"es\",\"@id\":\"https:\/\/euvapen.com\/product\/hifancy-rainbow-25000-puffs-disposable-vape\/#local-main-organization-logo\",\"url\":\"https:\/\/euvapen.com\/wp-content\/uploads\/2025\/10\/cropped-puffvape-logo.png\",\"contentUrl\":\"https:\/\/euvapen.com\/wp-content\/uploads\/2025\/10\/cropped-puffvape-logo.png\",\"width\":512,\"height\":512,\"caption\":\"bestpuffvape\"}]}<\/script>\n<meta property=\"og:availability\" content=\"instock\" \/>\n<meta property=\"product:availability\" content=\"instock\" \/>\n<meta property=\"product:retailer_item_id\" content=\"Hifancy-Rainbow-25k\" \/>\n<meta property=\"product:condition\" content=\"new\" \/>\n<!-- \/ Yoast SEO Premium plugin. -->","yoast_head_json":{"title":"HIFANCY RAINBOW 25000 \u2014 25k Puffs Vape, Mesh, 32 mL, - EuVapen","description":"HIFANCY RAINBOW 25000: hasta 25.000 caladas, precarga de 32 ml, bobina de malla y 800 mAh Type-C. Dos modos de calentamiento y pantalla completa; nicotina 2%\/3%\/5%. Un vapeador desechable fiable de 25.000 caladas.","robots":{"index":"index","follow":"follow","max-snippet":"max-snippet:-1","max-image-preview":"max-image-preview:large","max-video-preview":"max-video-preview:-1"},"canonical":"https:\/\/euvapen.com\/es\/producto\/vaporizador-desechable-hifancy-rainbow-25000-puffs\/","og_locale":"es_ES","og_type":"article","og_title":"Hifancy Rainbow 25000 Puffs\u00a0\u2013 Disposable Vape","og_description":"HIFANCY RAINBOW 25000: up to 25,000 puffs, 32 mL prefill, mesh coil and 800 mAh Type-C. Dual heating modes and full-screen display; 2%\/3%\/5% nicotine. A dependable 25000 puff disposable vape.","og_url":"https:\/\/euvapen.com\/es\/producto\/vaporizador-desechable-hifancy-rainbow-25000-puffs\/","og_site_name":"EuVapen","article_modified_time":"2025-11-19T06:43:12+00:00","og_image":[{"width":800,"height":800,"url":"https:\/\/euvapen.com\/wp-content\/uploads\/2025\/11\/Hifancy-Rainbow-25000-Disposable-Vape-25K-Puffs-32ML-EU-Warehouse-2.webp","type":"image\/webp"}],"twitter_card":"summary_large_image","twitter_misc":{"Disponibilidad":"Disponible"},"schema":{"@context":"https:\/\/schema.org","@graph":[{"@type":"WebPage","@id":"https:\/\/euvapen.com\/product\/hifancy-rainbow-25000-puffs-disposable-vape\/","url":"https:\/\/euvapen.com\/product\/hifancy-rainbow-25000-puffs-disposable-vape\/","name":"HIFANCY RAINBOW 25000 \u2014 25k Puffs Vape, Mesh, 32 mL, - EuVapen","isPartOf":{"@id":"https:\/\/euvapen.com\/#website"},"primaryImageOfPage":{"@id":"https:\/\/euvapen.com\/product\/hifancy-rainbow-25000-puffs-disposable-vape\/#primaryimage"},"image":{"@id":"https:\/\/euvapen.com\/product\/hifancy-rainbow-25000-puffs-disposable-vape\/#primaryimage"},"thumbnailUrl":"https:\/\/euvapen.com\/wp-content\/uploads\/2025\/11\/Hifancy-Rainbow-25000-Disposable-Vape-25K-Puffs-32ML-EU-Warehouse-2.webp","datePublished":"2025-11-06T10:13:50+00:00","dateModified":"2025-11-19T06:43:12+00:00","description":"HIFANCY RAINBOW 25000: hasta 25.000 caladas, precarga de 32 ml, bobina de malla y 800 mAh Type-C. Dos modos de calentamiento y pantalla completa; nicotina 2%\/3%\/5%. Un vapeador desechable fiable de 25.000 caladas.","breadcrumb":{"@id":"https:\/\/euvapen.com\/product\/hifancy-rainbow-25000-puffs-disposable-vape\/#breadcrumb"},"inLanguage":"es","potentialAction":[{"@type":"ReadAction","target":["https:\/\/euvapen.com\/product\/hifancy-rainbow-25000-puffs-disposable-vape\/"]}]},{"@type":"ImageObject","inLanguage":"es","@id":"https:\/\/euvapen.com\/product\/hifancy-rainbow-25000-puffs-disposable-vape\/#primaryimage","url":"https:\/\/euvapen.com\/wp-content\/uploads\/2025\/11\/Hifancy-Rainbow-25000-Disposable-Vape-25K-Puffs-32ML-EU-Warehouse-2.webp","contentUrl":"https:\/\/euvapen.com\/wp-content\/uploads\/2025\/11\/Hifancy-Rainbow-25000-Disposable-Vape-25K-Puffs-32ML-EU-Warehouse-2.webp","width":800,"height":800,"caption":"Hifancy Rainbow 25000 Disposable Vape 25K Puffs 32ML EU Warehouse #2"},{"@type":"BreadcrumbList","@id":"https:\/\/euvapen.com\/product\/hifancy-rainbow-25000-puffs-disposable-vape\/#breadcrumb","itemListElement":[{"@type":"ListItem","position":1,"name":"Home","item":"https:\/\/euvapen.com\/"},{"@type":"ListItem","position":2,"name":"Shop","item":"https:\/\/euvapen.com\/shop\/"},{"@type":"ListItem","position":3,"name":"Hifancy Rainbow 25000 Puffs\u00a0\u2013 Disposable Vape"}]},{"@type":"WebSite","@id":"https:\/\/euvapen.com\/#website","url":"https:\/\/euvapen.com\/","name":"bestpuffvape","description":"","publisher":{"@id":"https:\/\/euvapen.com\/#organization"},"potentialAction":[{"@type":"SearchAction","target":{"@type":"EntryPoint","urlTemplate":"https:\/\/euvapen.com\/?s={search_term_string}"},"query-input":{"@type":"PropertyValueSpecification","valueRequired":true,"valueName":"search_term_string"}}],"inLanguage":"es"},{"@type":["Organization","Place"],"@id":"https:\/\/euvapen.com\/#organization","name":"bestpuffvape","alternateName":"bestpuffvape","url":"https:\/\/euvapen.com\/","logo":{"@id":"https:\/\/euvapen.com\/product\/hifancy-rainbow-25000-puffs-disposable-vape\/#local-main-organization-logo"},"image":{"@id":"https:\/\/euvapen.com\/product\/hifancy-rainbow-25000-puffs-disposable-vape\/#local-main-organization-logo"},"telephone":[],"openingHoursSpecification":[{"@type":"OpeningHoursSpecification","dayOfWeek":["Monday","Tuesday","Wednesday","Thursday","Friday","Saturday","Sunday"],"opens":"00:00","closes":"23:59"}]},{"@type":"ImageObject","inLanguage":"es","@id":"https:\/\/euvapen.com\/product\/hifancy-rainbow-25000-puffs-disposable-vape\/#local-main-organization-logo","url":"https:\/\/euvapen.com\/wp-content\/uploads\/2025\/10\/cropped-puffvape-logo.png","contentUrl":"https:\/\/euvapen.com\/wp-content\/uploads\/2025\/10\/cropped-puffvape-logo.png","width":512,"height":512,"caption":"bestpuffvape"}]},"og_availability":"instock","product_availability":"instock","product_retailer_item_id":"Hifancy-Rainbow-25k","product_condition":"new"},"brands":[{"id":170,"name":"Hifancy","slug":"hifancy"}],"tiered_pricing_type":"fixed","tiered_pricing_fixed_rules":{"30":"11.5","50":"10.5","100":"9.2","200":"8.9"},"tiered_pricing_product_settings":{"layout":"default","base_unit_name":{"singular":null,"plural":null},"default_variation":{}},"tiered_pricing_minimum_quantity":null,"tiered_pricing_roles_data":[],"tiered_pricing_percentage_rules":[],"tiered_pricing_maximum_quantity":null,"tiered_pricing_quantity_step":null,"_links":{"self":[{"href":"https:\/\/euvapen.com\/es\/wp-json\/wp\/v2\/product\/15352","targetHints":{"allow":["GET"]}}],"collection":[{"href":"https:\/\/euvapen.com\/es\/wp-json\/wp\/v2\/product"}],"about":[{"href":"https:\/\/euvapen.com\/es\/wp-json\/wp\/v2\/types\/product"}],"replies":[{"embeddable":true,"href":"https:\/\/euvapen.com\/es\/wp-json\/wp\/v2\/comments?post=15352"}],"wp:featuredmedia":[{"embeddable":true,"href":"https:\/\/euvapen.com\/es\/wp-json\/wp\/v2\/media\/21506"}],"wp:attachment":[{"href":"https:\/\/euvapen.com\/es\/wp-json\/wp\/v2\/media?parent=15352"}],"wp:term":[{"taxonomy":"pwb-brand","embeddable":true,"href":"https:\/\/euvapen.com\/es\/wp-json\/wp\/v2\/pwb-brand?post=15352"},{"taxonomy":"product_brand","embeddable":true,"href":"https:\/\/euvapen.com\/es\/wp-json\/wp\/v2\/product_brand?post=15352"},{"taxonomy":"product_cat","embeddable":true,"href":"https:\/\/euvapen.com\/es\/wp-json\/wp\/v2\/product_cat?post=15352"},{"taxonomy":"product_tag","embeddable":true,"href":"https:\/\/euvapen.com\/es\/wp-json\/wp\/v2\/product_tag?post=15352"}],"curies":[{"name":"wp","href":"https:\/\/api.w.org\/{rel}","templated":true}]}}