{"id":15354,"date":"2025-11-06T09:50:19","date_gmt":"2025-11-06T09:50:19","guid":{"rendered":"https:\/\/euvapen.com\/?post_type=product&#038;p=15354"},"modified":"2025-11-19T06:41:12","modified_gmt":"2025-11-19T06:41:12","slug":"hifancy-storm-40000-puffs-disposable-vape","status":"publish","type":"product","link":"https:\/\/euvapen.com\/es\/producto\/hifancy-storm-40000-puffs-disposable-vape\/","title":{"rendered":"Hifancy Storm 40000 Puffs - Vapeador desechable"},"content":{"rendered":"<h1 data-start=\"187\" data-end=\"258\">HIFANCY STORM 40000 - Vapeador 40k de alta capacidad con control de pantalla completa<\/h1>\n<p data-start=\"260\" data-end=\"584\">En <strong data-start=\"264\" data-end=\"287\">TORMENTA HIFANCY 40000<\/strong> integra una interfaz de pantalla completa, doble suministro de aceite-silo y atomizaci\u00f3n de malla para mantener el rendimiento durante ciclos prolongados. Posicionada como <strong data-start=\"430\" data-end=\"442\">40k vape<\/strong> de la l\u00ednea HIFANCY, est\u00e1 dise\u00f1ado para equilibrar la capacidad, el control y la integridad del sabor para los usuarios que requieren un rendimiento diario constante.<\/p>\n<h2 data-start=\"586\" data-end=\"618\">Tecnolog\u00eda y control avanzados<\/h2>\n<ul data-start=\"619\" data-end=\"958\">\n<li data-start=\"619\" data-end=\"713\">\n<p data-start=\"621\" data-end=\"713\"><strong data-start=\"621\" data-end=\"644\">Pantalla completa<\/strong> presenta el estado de la bater\u00eda, el recuento de caladas y los ajustes clave de un vistazo.<\/p>\n<\/li>\n<li data-start=\"714\" data-end=\"780\">\n<p data-start=\"716\" data-end=\"780\"><strong data-start=\"716\" data-end=\"732\">Interruptor t\u00e1ctil<\/strong> La navegaci\u00f3n ofrece un control preciso e inmediato.<\/p>\n<\/li>\n<li data-start=\"781\" data-end=\"876\">\n<p data-start=\"783\" data-end=\"876\"><strong data-start=\"783\" data-end=\"801\">Doble silo de aceite<\/strong> estabilizar la mecha y limitar la desviaci\u00f3n del sabor a lo largo de la vida \u00fatil del dispositivo.<\/p>\n<\/li>\n<li data-start=\"877\" data-end=\"958\">\n<p data-start=\"879\" data-end=\"958\"><strong data-start=\"879\" data-end=\"892\">Bobina de malla<\/strong> maximiza la superficie para un aerosol m\u00e1s denso y un sabor repetible.<\/p>\n<\/li>\n<\/ul>\n<h2 data-start=\"960\" data-end=\"994\">Refrigeraci\u00f3n ajustable (grado de hielo)<\/h2>\n<p data-start=\"995\" data-end=\"1199\">En <strong data-start=\"998\" data-end=\"1012\">grado de hielo<\/strong> permite al usuario ajustar la intensidad del enfriamiento desde un enfriamiento suave hasta un perfil helado pronunciado. Este control se combina con la plataforma de malla para mantener la claridad en las mezclas frutales.<\/p>\n<h2 data-start=\"1201\" data-end=\"1221\">Resistencia y potencia<\/h2>\n<ul data-start=\"1222\" data-end=\"1566\">\n<li data-start=\"1222\" data-end=\"1307\">\n<p data-start=\"1224\" data-end=\"1307\"><strong data-start=\"1224\" data-end=\"1236\">Bater\u00eda:<\/strong> 650 mAh, carga r\u00e1pida Tipo-C; carga completa t\u00edpica \u2248. <strong data-start=\"1290\" data-end=\"1304\">30 minutos<\/strong>.<\/p>\n<\/li>\n<li data-start=\"1308\" data-end=\"1419\">\n<p data-start=\"1310\" data-end=\"1419\"><strong data-start=\"1310\" data-end=\"1324\">Embalse:<\/strong> <strong data-start=\"1325\" data-end=\"1334\">28 ml<\/strong> e-liquid precargado soporta el <strong data-start=\"1368\" data-end=\"1391\">HIFANCY 40000 bocanadas<\/strong> (en funci\u00f3n del uso).<\/p>\n<\/li>\n<li data-start=\"1420\" data-end=\"1493\">\n<p data-start=\"1422\" data-end=\"1493\"><strong data-start=\"1422\" data-end=\"1438\">Factor de forma:<\/strong> 61 \u00d7 31 \u00d7 115 mm; ~120 g: port\u00e1til pero sustancial.<\/p>\n<\/li>\n<li data-start=\"1494\" data-end=\"1566\">\n<p data-start=\"1496\" data-end=\"1566\"><strong data-start=\"1496\" data-end=\"1517\">Opciones de nicotina:<\/strong> 2% \/ 3% \/ 5% (disponibilidad por regi\u00f3n y lote).<\/p>\n<\/li>\n<\/ul>\n<h2 data-start=\"1568\" data-end=\"1598\">Cat\u00e1logo de sabores Hifancy Storm 40000 (Seleccionado)<\/h2>\n<ul data-start=\"1599\" data-end=\"2190\">\n<li data-start=\"1599\" data-end=\"1672\">\n<p data-start=\"1601\" data-end=\"1672\"><strong data-start=\"1601\" data-end=\"1632\">Chicle de fresa y cereza<\/strong> - perfil dulce con notas de salida brillantes<\/p>\n<\/li>\n<li data-start=\"1673\" data-end=\"1727\">\n<p data-start=\"1675\" data-end=\"1727\"><strong data-start=\"1675\" data-end=\"1701\">Melocot\u00f3n Mango Sand\u00eda<\/strong> - tr\u00edo tropical redondeado<\/p>\n<\/li>\n<li data-start=\"1728\" data-end=\"1793\">\n<p data-start=\"1730\" data-end=\"1793\"><strong data-start=\"1730\" data-end=\"1754\">Fruta de la pasi\u00f3n Naranja<\/strong> - impulso c\u00edtrico con trasfondo ex\u00f3tico<\/p>\n<\/li>\n<li data-start=\"1794\" data-end=\"1851\">\n<p data-start=\"1796\" data-end=\"1851\"><strong data-start=\"1796\" data-end=\"1815\">Blue Razz Lim\u00f3n<\/strong> - intensidad de bayas con un toque picante<\/p>\n<\/li>\n<li data-start=\"1852\" data-end=\"1914\">\n<p data-start=\"1854\" data-end=\"1914\"><strong data-start=\"1854\" data-end=\"1881\">Hielo de ar\u00e1ndano y frambuesa<\/strong> - bayas mixtas, acabado fr\u00edo<\/p>\n<\/li>\n<li data-start=\"1915\" data-end=\"1962\">\n<p data-start=\"1917\" data-end=\"1962\"><strong data-start=\"1917\" data-end=\"1938\">Zumo de manzana y melocot\u00f3n<\/strong> - crujiente mezcla de huerto<\/p>\n<\/li>\n<li data-start=\"1963\" data-end=\"2019\">\n<p data-start=\"1965\" data-end=\"2019\"><strong data-start=\"1965\" data-end=\"1985\">Helado de pl\u00e1tano<\/strong> - textura cremosa, exhalaci\u00f3n suave<\/p>\n<\/li>\n<li data-start=\"2020\" data-end=\"2082\">\n<p data-start=\"2022\" data-end=\"2082\"><strong data-start=\"2022\" data-end=\"2046\">Grosella negra mentolada<\/strong> - fruta negra con claridad mentolada<\/p>\n<\/li>\n<li data-start=\"2083\" data-end=\"2136\">\n<p data-start=\"2085\" data-end=\"2136\"><strong data-start=\"2085\" data-end=\"2102\">Fizz Cola Ice<\/strong> - cola cl\u00e1sica con un toque helado<\/p>\n<\/li>\n<li data-start=\"2137\" data-end=\"2190\">\n<p data-start=\"2139\" data-end=\"2190\"><strong data-start=\"2139\" data-end=\"2159\">Fresa Uva<\/strong> - maridaje equilibrado de bayas y uvas<\/p>\n<\/li>\n<\/ul>\n<h2 data-start=\"2192\" data-end=\"2227\">Por qu\u00e9 elegir este 40000 Puffs Vape<\/h2>\n<ul data-start=\"2228\" data-end=\"2779\">\n<li data-start=\"2228\" data-end=\"2377\">\n<p data-start=\"2230\" data-end=\"2377\"><strong data-start=\"2230\" data-end=\"2253\">Mayor longevidad:<\/strong> hasta <strong data-start=\"2260\" data-end=\"2276\">40.000 caladas<\/strong> reduce la frecuencia de sustituci\u00f3n; un punto de referencia cre\u00edble en la <strong data-start=\"2336\" data-end=\"2366\">vape desechable 40000 puff<\/strong> segmento.<\/p>\n<\/li>\n<li data-start=\"2378\" data-end=\"2485\">\n<p data-start=\"2380\" data-end=\"2485\"><strong data-start=\"2380\" data-end=\"2402\">Conjunto de funciones inteligentes:<\/strong> La telemetr\u00eda a pantalla completa y los controles t\u00e1ctiles son poco habituales en los formatos desechables.<\/p>\n<\/li>\n<li data-start=\"2486\" data-end=\"2577\">\n<p data-start=\"2488\" data-end=\"2577\"><strong data-start=\"2488\" data-end=\"2504\">Coherencia:<\/strong> El doble silo y la malla calefactora conservan el sabor desde la primera hasta la \u00faltima calada.<\/p>\n<\/li>\n<li data-start=\"2578\" data-end=\"2656\">\n<p data-start=\"2580\" data-end=\"2656\"><strong data-start=\"2580\" data-end=\"2601\">Rapidez de respuesta:<\/strong> La carga r\u00e1pida Type-C limita el tiempo de inactividad entre sesiones.<\/p>\n<\/li>\n<li data-start=\"2657\" data-end=\"2779\">\n<p data-start=\"2659\" data-end=\"2779\"><strong data-start=\"2659\" data-end=\"2677\">Ajuste de la cartera:<\/strong> el dispositivo se sit\u00faa junto a <strong data-start=\"2704\" data-end=\"2721\">HIFANCIA 40000<\/strong> y otros <strong data-start=\"2732\" data-end=\"2747\">HIFANCY 40k<\/strong> clase SKU para la coherencia de la gama.<\/p>\n<\/li>\n<\/ul>\n<h2 data-start=\"2781\" data-end=\"2802\">Especificaciones principales de Hifancy Storm 40000<\/h2>\n<ul data-start=\"2803\" data-end=\"3037\">\n<li data-start=\"2803\" data-end=\"2852\">\n<p data-start=\"2805\" data-end=\"2852\">Capacidad de soplado: hasta 40.000 (depende del uso)<\/p>\n<\/li>\n<li data-start=\"2853\" data-end=\"2905\">\n<p data-start=\"2855\" data-end=\"2905\">Bater\u00eda: 650 mAh; carga r\u00e1pida Type-C (~30 min)<\/p>\n<\/li>\n<li data-start=\"2906\" data-end=\"2936\">\n<p data-start=\"2908\" data-end=\"2936\">L\u00edquido electr\u00f3nico: 28 ml precargados<\/p>\n<\/li>\n<li data-start=\"2937\" data-end=\"2988\">\n<p data-start=\"2939\" data-end=\"2988\">Bobina: malla; salida no variable, activada por tracci\u00f3n<\/p>\n<\/li>\n<li data-start=\"2989\" data-end=\"3037\">\n<p data-start=\"2991\" data-end=\"3037\">Dimensiones \/ Peso: 61 \u00d7 31 \u00d7 115 mm \/ ~120 g<\/p>\n<\/li>\n<\/ul>","protected":false},"excerpt":{"rendered":"<p>Hasta 40.000 caladas, pantalla completa + t\u00e1ctil, bobina de malla, doble silo de aceite, 28 mL, 650 mAh Type-C, grado de hielo ajustable. HIFANCY 40k.<\/p>","protected":false},"featured_media":21484,"comment_status":"open","ping_status":"closed","template":"","meta":{"_acf_changed":false},"pwb-brand":[170],"product_brand":[],"product_cat":[87,57,84,95],"product_tag":[70],"class_list":{"0":"post-15354","1":"product","2":"type-product","3":"status-publish","4":"has-post-thumbnail","6":"pwb-brand-hifancy","7":"product_cat-big-puff-vape","8":"product_cat-disposable-vape","9":"product_cat-eu-warehouse-in-stock","10":"product_cat-vape-with-screen","11":"product_tag-puff-40k","13":"first","14":"instock","15":"shipping-taxable","16":"purchasable","17":"product-type-variable"},"acf":[],"yoast_head":"<!-- This site is optimized with the Yoast SEO Premium plugin v26.3 (Yoast SEO v26.3) - https:\/\/yoast.com\/wordpress\/plugins\/seo\/ -->\n<title>HIFANCY STORM 40000 \u2014 40k Vape, Full-Screen, 28 mL, Type-C - EuVapen<\/title>\n<meta name=\"description\" content=\"HIFANCY STORM 40000 is a 40k vape with full-screen telemetry and touch control, mesh coil and dual oil silos. 28 mL, 650 mAh Type-C, adjustable ice degree\u2014a leading 40000 puff disposable vape.\" \/>\n<meta name=\"robots\" content=\"index, follow, max-snippet:-1, max-image-preview:large, max-video-preview:-1\" \/>\n<link rel=\"canonical\" href=\"https:\/\/euvapen.com\/es\/producto\/hifancy-storm-40000-puffs-disposable-vape\/\" \/>\n<meta property=\"og:locale\" content=\"es_ES\" \/>\n<meta property=\"og:type\" content=\"article\" \/>\n<meta property=\"og:title\" content=\"Hifancy Storm 40000 Puffs\u00a0\u2013 Disposable Vape\" \/>\n<meta property=\"og:description\" content=\"HIFANCY STORM 40000 is a 40k vape with full-screen telemetry and touch control, mesh coil and dual oil silos. 28 mL, 650 mAh Type-C, adjustable ice degree\u2014a leading 40000 puff disposable vape.\" \/>\n<meta property=\"og:url\" content=\"https:\/\/euvapen.com\/es\/producto\/hifancy-storm-40000-puffs-disposable-vape\/\" \/>\n<meta property=\"og:site_name\" content=\"EuVapen\" \/>\n<meta property=\"article:modified_time\" content=\"2025-11-19T06:41:12+00:00\" \/>\n<meta property=\"og:image\" content=\"https:\/\/euvapen.com\/wp-content\/uploads\/2025\/11\/Hifancy-Storm-40000-Disposable-Vape-40K-Puffs-37mL-EU-Warehouse-1.webp\" \/>\n\t<meta property=\"og:image:width\" content=\"1000\" \/>\n\t<meta property=\"og:image:height\" content=\"1000\" \/>\n\t<meta property=\"og:image:type\" content=\"image\/webp\" \/>\n<meta name=\"twitter:card\" content=\"summary_large_image\" \/>\n<meta name=\"twitter:label1\" content=\"Disponibilidad\" \/>\n\t<meta name=\"twitter:data1\" content=\"Disponible\" \/>\n<script type=\"application\/ld+json\" class=\"yoast-schema-graph\">{\"@context\":\"https:\/\/schema.org\",\"@graph\":[{\"@type\":\"WebPage\",\"@id\":\"https:\/\/euvapen.com\/product\/hifancy-storm-40000-puffs-disposable-vape\/\",\"url\":\"https:\/\/euvapen.com\/product\/hifancy-storm-40000-puffs-disposable-vape\/\",\"name\":\"HIFANCY STORM 40000 \u2014 40k Vape, Full-Screen, 28 mL, Type-C - EuVapen\",\"isPartOf\":{\"@id\":\"https:\/\/euvapen.com\/#website\"},\"primaryImageOfPage\":{\"@id\":\"https:\/\/euvapen.com\/product\/hifancy-storm-40000-puffs-disposable-vape\/#primaryimage\"},\"image\":{\"@id\":\"https:\/\/euvapen.com\/product\/hifancy-storm-40000-puffs-disposable-vape\/#primaryimage\"},\"thumbnailUrl\":\"https:\/\/euvapen.com\/wp-content\/uploads\/2025\/11\/Hifancy-Storm-40000-Disposable-Vape-40K-Puffs-37mL-EU-Warehouse-1.webp\",\"datePublished\":\"2025-11-06T09:50:19+00:00\",\"dateModified\":\"2025-11-19T06:41:12+00:00\",\"description\":\"HIFANCY STORM 40000 is a 40k vape with full-screen telemetry and touch control, mesh coil and dual oil silos. 28 mL, 650 mAh Type-C, adjustable ice degree\u2014a leading 40000 puff disposable vape.\",\"breadcrumb\":{\"@id\":\"https:\/\/euvapen.com\/product\/hifancy-storm-40000-puffs-disposable-vape\/#breadcrumb\"},\"inLanguage\":\"es\",\"potentialAction\":[{\"@type\":\"ReadAction\",\"target\":[\"https:\/\/euvapen.com\/product\/hifancy-storm-40000-puffs-disposable-vape\/\"]}]},{\"@type\":\"ImageObject\",\"inLanguage\":\"es\",\"@id\":\"https:\/\/euvapen.com\/product\/hifancy-storm-40000-puffs-disposable-vape\/#primaryimage\",\"url\":\"https:\/\/euvapen.com\/wp-content\/uploads\/2025\/11\/Hifancy-Storm-40000-Disposable-Vape-40K-Puffs-37mL-EU-Warehouse-1.webp\",\"contentUrl\":\"https:\/\/euvapen.com\/wp-content\/uploads\/2025\/11\/Hifancy-Storm-40000-Disposable-Vape-40K-Puffs-37mL-EU-Warehouse-1.webp\",\"width\":1000,\"height\":1000,\"caption\":\"Hifancy Storm 40000 Disposable Vape 40K Puffs 37mL EU Warehouse #1\"},{\"@type\":\"BreadcrumbList\",\"@id\":\"https:\/\/euvapen.com\/product\/hifancy-storm-40000-puffs-disposable-vape\/#breadcrumb\",\"itemListElement\":[{\"@type\":\"ListItem\",\"position\":1,\"name\":\"Home\",\"item\":\"https:\/\/euvapen.com\/\"},{\"@type\":\"ListItem\",\"position\":2,\"name\":\"Shop\",\"item\":\"https:\/\/euvapen.com\/shop\/\"},{\"@type\":\"ListItem\",\"position\":3,\"name\":\"Hifancy Storm 40000 Puffs\u00a0\u2013 Disposable Vape\"}]},{\"@type\":\"WebSite\",\"@id\":\"https:\/\/euvapen.com\/#website\",\"url\":\"https:\/\/euvapen.com\/\",\"name\":\"bestpuffvape\",\"description\":\"\",\"publisher\":{\"@id\":\"https:\/\/euvapen.com\/#organization\"},\"potentialAction\":[{\"@type\":\"SearchAction\",\"target\":{\"@type\":\"EntryPoint\",\"urlTemplate\":\"https:\/\/euvapen.com\/?s={search_term_string}\"},\"query-input\":{\"@type\":\"PropertyValueSpecification\",\"valueRequired\":true,\"valueName\":\"search_term_string\"}}],\"inLanguage\":\"es\"},{\"@type\":[\"Organization\",\"Place\"],\"@id\":\"https:\/\/euvapen.com\/#organization\",\"name\":\"bestpuffvape\",\"alternateName\":\"bestpuffvape\",\"url\":\"https:\/\/euvapen.com\/\",\"logo\":{\"@id\":\"https:\/\/euvapen.com\/product\/hifancy-storm-40000-puffs-disposable-vape\/#local-main-organization-logo\"},\"image\":{\"@id\":\"https:\/\/euvapen.com\/product\/hifancy-storm-40000-puffs-disposable-vape\/#local-main-organization-logo\"},\"telephone\":[],\"openingHoursSpecification\":[{\"@type\":\"OpeningHoursSpecification\",\"dayOfWeek\":[\"Monday\",\"Tuesday\",\"Wednesday\",\"Thursday\",\"Friday\",\"Saturday\",\"Sunday\"],\"opens\":\"00:00\",\"closes\":\"23:59\"}]},{\"@type\":\"ImageObject\",\"inLanguage\":\"es\",\"@id\":\"https:\/\/euvapen.com\/product\/hifancy-storm-40000-puffs-disposable-vape\/#local-main-organization-logo\",\"url\":\"https:\/\/euvapen.com\/wp-content\/uploads\/2025\/10\/cropped-puffvape-logo.png\",\"contentUrl\":\"https:\/\/euvapen.com\/wp-content\/uploads\/2025\/10\/cropped-puffvape-logo.png\",\"width\":512,\"height\":512,\"caption\":\"bestpuffvape\"}]}<\/script>\n<meta property=\"og:availability\" content=\"instock\" \/>\n<meta property=\"product:availability\" content=\"instock\" \/>\n<meta property=\"product:retailer_item_id\" content=\"Hifancy-Storm-40k\" \/>\n<meta property=\"product:condition\" content=\"new\" \/>\n<!-- \/ Yoast SEO Premium plugin. -->","yoast_head_json":{"title":"HIFANCY STORM 40000 \u2014 40k Vape, Full-Screen, 28 mL, Type-C - EuVapen","description":"HIFANCY STORM 40000 es un vapeador de 40k con telemetr\u00eda de pantalla completa y control t\u00e1ctil, bobina de malla y doble silo de aceite. 28 mL, 650 mAh Type-C, grado de hielo ajustable-un vape desechable 40000 puff l\u00edder.","robots":{"index":"index","follow":"follow","max-snippet":"max-snippet:-1","max-image-preview":"max-image-preview:large","max-video-preview":"max-video-preview:-1"},"canonical":"https:\/\/euvapen.com\/es\/producto\/hifancy-storm-40000-puffs-disposable-vape\/","og_locale":"es_ES","og_type":"article","og_title":"Hifancy Storm 40000 Puffs\u00a0\u2013 Disposable Vape","og_description":"HIFANCY STORM 40000 is a 40k vape with full-screen telemetry and touch control, mesh coil and dual oil silos. 28 mL, 650 mAh Type-C, adjustable ice degree\u2014a leading 40000 puff disposable vape.","og_url":"https:\/\/euvapen.com\/es\/producto\/hifancy-storm-40000-puffs-disposable-vape\/","og_site_name":"EuVapen","article_modified_time":"2025-11-19T06:41:12+00:00","og_image":[{"width":1000,"height":1000,"url":"https:\/\/euvapen.com\/wp-content\/uploads\/2025\/11\/Hifancy-Storm-40000-Disposable-Vape-40K-Puffs-37mL-EU-Warehouse-1.webp","type":"image\/webp"}],"twitter_card":"summary_large_image","twitter_misc":{"Disponibilidad":"Disponible"},"schema":{"@context":"https:\/\/schema.org","@graph":[{"@type":"WebPage","@id":"https:\/\/euvapen.com\/product\/hifancy-storm-40000-puffs-disposable-vape\/","url":"https:\/\/euvapen.com\/product\/hifancy-storm-40000-puffs-disposable-vape\/","name":"HIFANCY STORM 40000 \u2014 40k Vape, Full-Screen, 28 mL, Type-C - EuVapen","isPartOf":{"@id":"https:\/\/euvapen.com\/#website"},"primaryImageOfPage":{"@id":"https:\/\/euvapen.com\/product\/hifancy-storm-40000-puffs-disposable-vape\/#primaryimage"},"image":{"@id":"https:\/\/euvapen.com\/product\/hifancy-storm-40000-puffs-disposable-vape\/#primaryimage"},"thumbnailUrl":"https:\/\/euvapen.com\/wp-content\/uploads\/2025\/11\/Hifancy-Storm-40000-Disposable-Vape-40K-Puffs-37mL-EU-Warehouse-1.webp","datePublished":"2025-11-06T09:50:19+00:00","dateModified":"2025-11-19T06:41:12+00:00","description":"HIFANCY STORM 40000 es un vapeador de 40k con telemetr\u00eda de pantalla completa y control t\u00e1ctil, bobina de malla y doble silo de aceite. 28 mL, 650 mAh Type-C, grado de hielo ajustable-un vape desechable 40000 puff l\u00edder.","breadcrumb":{"@id":"https:\/\/euvapen.com\/product\/hifancy-storm-40000-puffs-disposable-vape\/#breadcrumb"},"inLanguage":"es","potentialAction":[{"@type":"ReadAction","target":["https:\/\/euvapen.com\/product\/hifancy-storm-40000-puffs-disposable-vape\/"]}]},{"@type":"ImageObject","inLanguage":"es","@id":"https:\/\/euvapen.com\/product\/hifancy-storm-40000-puffs-disposable-vape\/#primaryimage","url":"https:\/\/euvapen.com\/wp-content\/uploads\/2025\/11\/Hifancy-Storm-40000-Disposable-Vape-40K-Puffs-37mL-EU-Warehouse-1.webp","contentUrl":"https:\/\/euvapen.com\/wp-content\/uploads\/2025\/11\/Hifancy-Storm-40000-Disposable-Vape-40K-Puffs-37mL-EU-Warehouse-1.webp","width":1000,"height":1000,"caption":"Hifancy Storm 40000 Disposable Vape 40K Puffs 37mL EU Warehouse #1"},{"@type":"BreadcrumbList","@id":"https:\/\/euvapen.com\/product\/hifancy-storm-40000-puffs-disposable-vape\/#breadcrumb","itemListElement":[{"@type":"ListItem","position":1,"name":"Home","item":"https:\/\/euvapen.com\/"},{"@type":"ListItem","position":2,"name":"Shop","item":"https:\/\/euvapen.com\/shop\/"},{"@type":"ListItem","position":3,"name":"Hifancy Storm 40000 Puffs\u00a0\u2013 Disposable Vape"}]},{"@type":"WebSite","@id":"https:\/\/euvapen.com\/#website","url":"https:\/\/euvapen.com\/","name":"bestpuffvape","description":"","publisher":{"@id":"https:\/\/euvapen.com\/#organization"},"potentialAction":[{"@type":"SearchAction","target":{"@type":"EntryPoint","urlTemplate":"https:\/\/euvapen.com\/?s={search_term_string}"},"query-input":{"@type":"PropertyValueSpecification","valueRequired":true,"valueName":"search_term_string"}}],"inLanguage":"es"},{"@type":["Organization","Place"],"@id":"https:\/\/euvapen.com\/#organization","name":"bestpuffvape","alternateName":"bestpuffvape","url":"https:\/\/euvapen.com\/","logo":{"@id":"https:\/\/euvapen.com\/product\/hifancy-storm-40000-puffs-disposable-vape\/#local-main-organization-logo"},"image":{"@id":"https:\/\/euvapen.com\/product\/hifancy-storm-40000-puffs-disposable-vape\/#local-main-organization-logo"},"telephone":[],"openingHoursSpecification":[{"@type":"OpeningHoursSpecification","dayOfWeek":["Monday","Tuesday","Wednesday","Thursday","Friday","Saturday","Sunday"],"opens":"00:00","closes":"23:59"}]},{"@type":"ImageObject","inLanguage":"es","@id":"https:\/\/euvapen.com\/product\/hifancy-storm-40000-puffs-disposable-vape\/#local-main-organization-logo","url":"https:\/\/euvapen.com\/wp-content\/uploads\/2025\/10\/cropped-puffvape-logo.png","contentUrl":"https:\/\/euvapen.com\/wp-content\/uploads\/2025\/10\/cropped-puffvape-logo.png","width":512,"height":512,"caption":"bestpuffvape"}]},"og_availability":"instock","product_availability":"instock","product_retailer_item_id":"Hifancy-Storm-40k","product_condition":"new"},"brands":[{"id":170,"name":"Hifancy","slug":"hifancy"}],"tiered_pricing_type":"fixed","tiered_pricing_fixed_rules":{"30":"11","50":"10","100":"9.5","200":"9.2"},"tiered_pricing_product_settings":{"layout":"default","base_unit_name":{"singular":null,"plural":null},"default_variation":{}},"tiered_pricing_minimum_quantity":10,"tiered_pricing_roles_data":[],"tiered_pricing_percentage_rules":[],"tiered_pricing_maximum_quantity":null,"tiered_pricing_quantity_step":null,"_links":{"self":[{"href":"https:\/\/euvapen.com\/es\/wp-json\/wp\/v2\/product\/15354","targetHints":{"allow":["GET"]}}],"collection":[{"href":"https:\/\/euvapen.com\/es\/wp-json\/wp\/v2\/product"}],"about":[{"href":"https:\/\/euvapen.com\/es\/wp-json\/wp\/v2\/types\/product"}],"replies":[{"embeddable":true,"href":"https:\/\/euvapen.com\/es\/wp-json\/wp\/v2\/comments?post=15354"}],"wp:featuredmedia":[{"embeddable":true,"href":"https:\/\/euvapen.com\/es\/wp-json\/wp\/v2\/media\/21484"}],"wp:attachment":[{"href":"https:\/\/euvapen.com\/es\/wp-json\/wp\/v2\/media?parent=15354"}],"wp:term":[{"taxonomy":"pwb-brand","embeddable":true,"href":"https:\/\/euvapen.com\/es\/wp-json\/wp\/v2\/pwb-brand?post=15354"},{"taxonomy":"product_brand","embeddable":true,"href":"https:\/\/euvapen.com\/es\/wp-json\/wp\/v2\/product_brand?post=15354"},{"taxonomy":"product_cat","embeddable":true,"href":"https:\/\/euvapen.com\/es\/wp-json\/wp\/v2\/product_cat?post=15354"},{"taxonomy":"product_tag","embeddable":true,"href":"https:\/\/euvapen.com\/es\/wp-json\/wp\/v2\/product_tag?post=15354"}],"curies":[{"name":"wp","href":"https:\/\/api.w.org\/{rel}","templated":true}]}}