{"id":15355,"date":"2025-11-07T08:36:36","date_gmt":"2025-11-07T08:36:36","guid":{"rendered":"https:\/\/euvapen.com\/?post_type=product&#038;p=15355"},"modified":"2025-11-19T06:46:21","modified_gmt":"2025-11-19T06:46:21","slug":"hifancy-twins-35000-puffs-disposable-vape","status":"publish","type":"product","link":"https:\/\/euvapen.com\/es\/producto\/hifancy-twins-35000-puffs-disposable-vape\/","title":{"rendered":"Hifancy Twins 35000 Puffs - Vapeador desechable"},"content":{"rendered":"<article class=\"text-token-text-primary w-full focus:outline-none [--shadow-height:45px] has-data-writing-block:pointer-events-none has-data-writing-block:-mt-(--shadow-height) has-data-writing-block:pt-(--shadow-height) [&amp;:has([data-writing-block])&gt;*]:pointer-events-auto [content-visibility:auto] supports-[content-visibility:auto]:[contain-intrinsic-size:auto_100lvh] scroll-mt-[calc(var(--header-height)+min(200px,max(70px,20svh)))]\" dir=\"auto\" tabindex=\"-1\" data-turn-id=\"request-68ef3f6a-b124-8321-95c0-2e44d1a5ddd8-3\" data-testid=\"conversation-turn-152\" data-scroll-anchor=\"true\" data-turn=\"assistant\">\n<div class=\"text-base my-auto mx-auto pb-10 [--thread-content-margin:--spacing(4)] thread-sm:[--thread-content-margin:--spacing(6)] thread-lg:[--thread-content-margin:--spacing(16)] px-(--thread-content-margin)\">\n<div class=\"[--thread-content-max-width:40rem] thread-lg:[--thread-content-max-width:48rem] mx-auto max-w-(--thread-content-max-width) flex-1 group\/turn-messages focus-visible:outline-hidden relative flex w-full min-w-0 flex-col agent-turn\" tabindex=\"-1\">\n<div class=\"flex max-w-full flex-col grow\">\n<div class=\"min-h-8 text-message relative flex w-full flex-col items-end gap-2 text-start break-words whitespace-normal [.text-message+&amp;]:mt-1\" dir=\"auto\" data-message-author-role=\"assistant\" data-message-id=\"83b5179f-c14c-415b-a27a-013b5271c0cb\" data-message-model-slug=\"gpt-5-thinking\">\n<div class=\"flex w-full flex-col gap-1 empty:hidden first:pt-[1px]\">\n<div class=\"markdown prose dark:prose-invert w-full break-words light markdown-new-styling\">\n<h1 data-start=\"245\" data-end=\"307\">HIFANCY TWINS 35000 - Vape Dual-Tank 35k con Malla de Precisi\u00f3n<\/h1>\n<p data-start=\"309\" data-end=\"647\">En <strong data-start=\"313\" data-end=\"336\">GEMELOS HIFANCY 35000<\/strong> avanza en los desechables de ciclo largo con una disposici\u00f3n de doble dep\u00f3sito y atomizaci\u00f3n de malla dise\u00f1ada para la separaci\u00f3n de sabores y una salida estable. Situado dentro de la <strong data-start=\"487\" data-end=\"502\">HIFANCIA 35k<\/strong> clase, este <strong data-start=\"515\" data-end=\"532\">35k puff vape<\/strong> tiene una capacidad de hasta 35.000 caladas y mantiene la claridad en dos dep\u00f3sitos de sabor independientes antes de la activaci\u00f3n.<\/p>\n<h2 data-start=\"649\" data-end=\"665\">Plataforma central Hifancy Twins 35000<\/h2>\n<ul data-start=\"666\" data-end=\"1259\">\n<li data-start=\"666\" data-end=\"811\">\n<p data-start=\"668\" data-end=\"811\"><strong data-start=\"668\" data-end=\"702\">Doble dep\u00f3sito, separaci\u00f3n del n\u00facleo de aceite<\/strong>: dos sabores preestablecidos permanecen distintos hasta que se seleccionan, lo que reduce el cruce y preserva la integridad del perfil.<\/p>\n<\/li>\n<li data-start=\"812\" data-end=\"930\">\n<p data-start=\"814\" data-end=\"930\"><strong data-start=\"814\" data-end=\"827\">Bobina de malla<\/strong>Distribuci\u00f3n uniforme del calor para una densidad de aerosol constante y un sabor repetible desde la primera hasta la \u00faltima calada.<\/p>\n<\/li>\n<li data-start=\"931\" data-end=\"1030\">\n<p data-start=\"933\" data-end=\"1030\"><strong data-start=\"933\" data-end=\"949\">Sistema el\u00e9ctrico<\/strong>C\u00e9lula de 650 mAh con recarga Type-C (~30 minutos normalmente) para minimizar el tiempo de inactividad.<\/p>\n<\/li>\n<li data-start=\"1031\" data-end=\"1143\">\n<p data-start=\"1033\" data-end=\"1143\"><strong data-start=\"1033\" data-end=\"1057\">Capacidad y puntos fuertes<\/strong>: aprox. 35 mL precargados; nicotina 2% \/ 3% \/ 5% (disponibilidad seg\u00fan regi\u00f3n y lote).<\/p>\n<\/li>\n<li data-start=\"1144\" data-end=\"1259\">\n<p data-start=\"1146\" data-end=\"1259\"><strong data-start=\"1146\" data-end=\"1156\">Formato<\/strong>: salida sellada, no variable y activada por tracci\u00f3n: una salida fiable <strong data-start=\"1215\" data-end=\"1245\">vape desechable 35000 puff<\/strong> arquitectura.<\/p>\n<\/li>\n<\/ul>\n<h2 data-start=\"1261\" data-end=\"1283\">Conmutaci\u00f3n y control<\/h2>\n<p data-start=\"1284\" data-end=\"1502\">Un sencillo interruptor mec\u00e1nico selecciona uno u otro dep\u00f3sito a demanda, lo que permite un cambio de sabor inmediato sin necesidad de manipular varios dispositivos. El dise\u00f1o permite un uso diario rutinario en el que se requiere variedad y continuidad.<\/p>\n<h2 data-start=\"1504\" data-end=\"1548\">Hifancy Twins 35000 maridajes curados de doble sabor (selecci\u00f3n)<\/h2>\n<ul data-start=\"1549\" data-end=\"1903\">\n<li data-start=\"1549\" data-end=\"1582\">\n<p data-start=\"1551\" data-end=\"1582\">Lima lim\u00f3n y uva mora<\/p>\n<\/li>\n<li data-start=\"1583\" data-end=\"1632\">\n<p data-start=\"1585\" data-end=\"1632\">Frambuesa Cereza Hielo &amp; Melocot\u00f3n Mango Sand\u00eda<\/p>\n<\/li>\n<li data-start=\"1633\" data-end=\"1663\">\n<p data-start=\"1635\" data-end=\"1663\">Fresa Kiwi &amp; Cola Ice<\/p>\n<\/li>\n<li data-start=\"1664\" data-end=\"1704\">\n<p data-start=\"1666\" data-end=\"1704\">Hielo de ar\u00e1ndanos y fruta de la pasi\u00f3n naranja<\/p>\n<\/li>\n<li data-start=\"1705\" data-end=\"1743\">\n<p data-start=\"1707\" data-end=\"1743\">Sand\u00eda con fresas y manzana \u00e1cida<\/p>\n<\/li>\n<li data-start=\"1744\" data-end=\"1783\">\n<p data-start=\"1746\" data-end=\"1783\">Sand\u00eda helada y limonada Blue Razz<\/p>\n<\/li>\n<li data-start=\"1784\" data-end=\"1815\">\n<p data-start=\"1786\" data-end=\"1815\">Banana Ice &amp; Energy Redbull<\/p>\n<\/li>\n<li data-start=\"1816\" data-end=\"1844\">\n<p data-start=\"1818\" data-end=\"1844\">Skittles y mezcla de bayas<\/p>\n<\/li>\n<li data-start=\"1845\" data-end=\"1869\">\n<p data-start=\"1847\" data-end=\"1869\">Mamba y Triple Mel\u00f3n<\/p>\n<\/li>\n<li data-start=\"1870\" data-end=\"1903\">\n<p data-start=\"1872\" data-end=\"1903\">Helado de vainilla y cereza Fizz<\/p>\n<\/li>\n<\/ul>\n<h2 data-start=\"1905\" data-end=\"1920\">A qui\u00e9n va dirigido<\/h2>\n<p data-start=\"1921\" data-end=\"2087\">Adultos (mayores de 18 a\u00f1os) que deseen un <strong data-start=\"1945\" data-end=\"1957\">35k vape<\/strong> con una larga autonom\u00eda, una selecci\u00f3n de sabores en el dispositivo y un suministro constante de bobina de malla, sin la carga de mantenimiento de los sistemas recargables.<\/p>\n<h2 data-start=\"2089\" data-end=\"2099\">Resumen<\/h2>\n<p data-start=\"2100\" data-end=\"2446\" data-is-last-node=\"\" data-is-only-node=\"\">Combinando la integridad del sabor, la rapidez de Type-C y un dep\u00f3sito de gran capacidad, <strong data-start=\"2188\" data-end=\"2211\">GEMELOS HIFANCY 35000<\/strong> establece un claro punto de referencia para los productos desechables de doble sabor. Como buque insignia de la <strong data-start=\"2292\" data-end=\"2307\">HIFANCIA 35k<\/strong> y un segmento cre\u00edble <strong data-start=\"2331\" data-end=\"2348\">35k puff vape<\/strong>-ofrece la durabilidad y versatilidad que se espera de un moderno <strong data-start=\"2415\" data-end=\"2445\">vape desechable 35000 puff<\/strong>.<\/p>\n<\/div>\n<\/div>\n<\/div>\n<\/div>\n<\/div>\n<\/div>\n<\/article>","protected":false},"excerpt":{"rendered":"<p data-start=\"54\" data-end=\"233\">HIFANCY TWINS 35000: vapeador 35k de doble tanque con bobina de malla, 35 mL, 650 mAh Tipo-C (~30 min). Sabores intercambiables; rendimiento fiable de ciclo largo.<\/p>","protected":false},"featured_media":21538,"comment_status":"open","ping_status":"closed","template":"","meta":{"_acf_changed":false},"pwb-brand":[170],"product_brand":[],"product_cat":[88,89,84,93],"product_tag":[70],"class_list":{"0":"post-15355","1":"product","2":"type-product","3":"status-publish","4":"has-post-thumbnail","6":"pwb-brand-hifancy","7":"product_cat-crystal-vape","8":"product_cat-double-tank","9":"product_cat-eu-warehouse-in-stock","10":"product_cat-rechargeable-vapes","11":"product_tag-puff-40k","13":"first","14":"instock","15":"shipping-taxable","16":"purchasable","17":"product-type-variable"},"acf":[],"yoast_head":"<!-- This site is optimized with the Yoast SEO Premium plugin v26.3 (Yoast SEO v26.3) - https:\/\/yoast.com\/wordpress\/plugins\/seo\/ -->\n<title>HIFANCY TWINS 35000 \u2014 Dual-Tank 35k Puff Vape, Mesh, - EuVapen<\/title>\n<meta name=\"description\" content=\"Explore HIFANCY TWINS 35000: a dual-tank 35k puff vape with mesh coil, 35 mL prefill, and 650 mAh Type-C (~30 min). Switch flavors instantly and enjoy stable output\u2014 a standout 35000 puff disposable vape in the HIFANCY 35k class.\" \/>\n<meta name=\"robots\" content=\"index, follow, max-snippet:-1, max-image-preview:large, max-video-preview:-1\" \/>\n<link rel=\"canonical\" href=\"https:\/\/euvapen.com\/es\/producto\/hifancy-twins-35000-puffs-disposable-vape\/\" \/>\n<meta property=\"og:locale\" content=\"es_ES\" \/>\n<meta property=\"og:type\" content=\"article\" \/>\n<meta property=\"og:title\" content=\"Hifancy Twins 35000 Puffs\u00a0\u2013 Disposable Vape\" \/>\n<meta property=\"og:description\" content=\"Explore HIFANCY TWINS 35000: a dual-tank 35k puff vape with mesh coil, 35 mL prefill, and 650 mAh Type-C (~30 min). Switch flavors instantly and enjoy stable output\u2014 a standout 35000 puff disposable vape in the HIFANCY 35k class.\" \/>\n<meta property=\"og:url\" content=\"https:\/\/euvapen.com\/es\/producto\/hifancy-twins-35000-puffs-disposable-vape\/\" \/>\n<meta property=\"og:site_name\" content=\"EuVapen\" \/>\n<meta property=\"article:modified_time\" content=\"2025-11-19T06:46:21+00:00\" \/>\n<meta property=\"og:image\" content=\"https:\/\/euvapen.com\/wp-content\/uploads\/2025\/11\/Hifancy-Twins-35000-Disposable-Vape-35K-Puffs-Double-Tank-EU-Warehouse.webp\" \/>\n\t<meta property=\"og:image:width\" content=\"1000\" \/>\n\t<meta property=\"og:image:height\" content=\"1000\" \/>\n\t<meta property=\"og:image:type\" content=\"image\/webp\" \/>\n<meta name=\"twitter:card\" content=\"summary_large_image\" \/>\n<meta name=\"twitter:label1\" content=\"Disponibilidad\" \/>\n\t<meta name=\"twitter:data1\" content=\"Disponible\" \/>\n<script type=\"application\/ld+json\" class=\"yoast-schema-graph\">{\"@context\":\"https:\/\/schema.org\",\"@graph\":[{\"@type\":\"WebPage\",\"@id\":\"https:\/\/euvapen.com\/product\/hifancy-twins-35000-puffs-disposable-vape\/\",\"url\":\"https:\/\/euvapen.com\/product\/hifancy-twins-35000-puffs-disposable-vape\/\",\"name\":\"HIFANCY TWINS 35000 \u2014 Dual-Tank 35k Puff Vape, Mesh, - EuVapen\",\"isPartOf\":{\"@id\":\"https:\/\/euvapen.com\/#website\"},\"primaryImageOfPage\":{\"@id\":\"https:\/\/euvapen.com\/product\/hifancy-twins-35000-puffs-disposable-vape\/#primaryimage\"},\"image\":{\"@id\":\"https:\/\/euvapen.com\/product\/hifancy-twins-35000-puffs-disposable-vape\/#primaryimage\"},\"thumbnailUrl\":\"https:\/\/euvapen.com\/wp-content\/uploads\/2025\/11\/Hifancy-Twins-35000-Disposable-Vape-35K-Puffs-Double-Tank-EU-Warehouse.webp\",\"datePublished\":\"2025-11-07T08:36:36+00:00\",\"dateModified\":\"2025-11-19T06:46:21+00:00\",\"description\":\"Explore HIFANCY TWINS 35000: a dual-tank 35k puff vape with mesh coil, 35 mL prefill, and 650 mAh Type-C (~30 min). Switch flavors instantly and enjoy stable output\u2014 a standout 35000 puff disposable vape in the HIFANCY 35k class.\",\"breadcrumb\":{\"@id\":\"https:\/\/euvapen.com\/product\/hifancy-twins-35000-puffs-disposable-vape\/#breadcrumb\"},\"inLanguage\":\"es\",\"potentialAction\":[{\"@type\":\"ReadAction\",\"target\":[\"https:\/\/euvapen.com\/product\/hifancy-twins-35000-puffs-disposable-vape\/\"]}]},{\"@type\":\"ImageObject\",\"inLanguage\":\"es\",\"@id\":\"https:\/\/euvapen.com\/product\/hifancy-twins-35000-puffs-disposable-vape\/#primaryimage\",\"url\":\"https:\/\/euvapen.com\/wp-content\/uploads\/2025\/11\/Hifancy-Twins-35000-Disposable-Vape-35K-Puffs-Double-Tank-EU-Warehouse.webp\",\"contentUrl\":\"https:\/\/euvapen.com\/wp-content\/uploads\/2025\/11\/Hifancy-Twins-35000-Disposable-Vape-35K-Puffs-Double-Tank-EU-Warehouse.webp\",\"width\":1000,\"height\":1000,\"caption\":\"Hifancy Twins 35000 Disposable Vape 35K Puffs Double Tank EU Warehouse\"},{\"@type\":\"BreadcrumbList\",\"@id\":\"https:\/\/euvapen.com\/product\/hifancy-twins-35000-puffs-disposable-vape\/#breadcrumb\",\"itemListElement\":[{\"@type\":\"ListItem\",\"position\":1,\"name\":\"Home\",\"item\":\"https:\/\/euvapen.com\/\"},{\"@type\":\"ListItem\",\"position\":2,\"name\":\"Shop\",\"item\":\"https:\/\/euvapen.com\/shop\/\"},{\"@type\":\"ListItem\",\"position\":3,\"name\":\"Hifancy Twins 35000 Puffs\u00a0\u2013 Disposable Vape\"}]},{\"@type\":\"WebSite\",\"@id\":\"https:\/\/euvapen.com\/#website\",\"url\":\"https:\/\/euvapen.com\/\",\"name\":\"bestpuffvape\",\"description\":\"\",\"publisher\":{\"@id\":\"https:\/\/euvapen.com\/#organization\"},\"potentialAction\":[{\"@type\":\"SearchAction\",\"target\":{\"@type\":\"EntryPoint\",\"urlTemplate\":\"https:\/\/euvapen.com\/?s={search_term_string}\"},\"query-input\":{\"@type\":\"PropertyValueSpecification\",\"valueRequired\":true,\"valueName\":\"search_term_string\"}}],\"inLanguage\":\"es\"},{\"@type\":[\"Organization\",\"Place\"],\"@id\":\"https:\/\/euvapen.com\/#organization\",\"name\":\"bestpuffvape\",\"alternateName\":\"bestpuffvape\",\"url\":\"https:\/\/euvapen.com\/\",\"logo\":{\"@id\":\"https:\/\/euvapen.com\/product\/hifancy-twins-35000-puffs-disposable-vape\/#local-main-organization-logo\"},\"image\":{\"@id\":\"https:\/\/euvapen.com\/product\/hifancy-twins-35000-puffs-disposable-vape\/#local-main-organization-logo\"},\"telephone\":[],\"openingHoursSpecification\":[{\"@type\":\"OpeningHoursSpecification\",\"dayOfWeek\":[\"Monday\",\"Tuesday\",\"Wednesday\",\"Thursday\",\"Friday\",\"Saturday\",\"Sunday\"],\"opens\":\"00:00\",\"closes\":\"23:59\"}]},{\"@type\":\"ImageObject\",\"inLanguage\":\"es\",\"@id\":\"https:\/\/euvapen.com\/product\/hifancy-twins-35000-puffs-disposable-vape\/#local-main-organization-logo\",\"url\":\"https:\/\/euvapen.com\/wp-content\/uploads\/2025\/10\/cropped-puffvape-logo.png\",\"contentUrl\":\"https:\/\/euvapen.com\/wp-content\/uploads\/2025\/10\/cropped-puffvape-logo.png\",\"width\":512,\"height\":512,\"caption\":\"bestpuffvape\"}]}<\/script>\n<meta property=\"og:availability\" content=\"instock\" \/>\n<meta property=\"product:availability\" content=\"instock\" \/>\n<meta property=\"product:retailer_item_id\" content=\"Hifancy-Twins-35k\" \/>\n<meta property=\"product:condition\" content=\"new\" \/>\n<!-- \/ Yoast SEO Premium plugin. -->","yoast_head_json":{"title":"HIFANCY TWINS 35000 \u2014 Dual-Tank 35k Puff Vape, Mesh, - EuVapen","description":"Explore HIFANCY TWINS 35000: un vaporizador de 35.000 caladas con doble dep\u00f3sito, bobina de malla, precarga de 35 ml y 650 mAh Type-C (~30 min). Cambia de sabor al instante y disfruta de una potencia estable: un vapeador desechable de 35.000 caladas que destaca en la categor\u00eda HIFANCY 35k.","robots":{"index":"index","follow":"follow","max-snippet":"max-snippet:-1","max-image-preview":"max-image-preview:large","max-video-preview":"max-video-preview:-1"},"canonical":"https:\/\/euvapen.com\/es\/producto\/hifancy-twins-35000-puffs-disposable-vape\/","og_locale":"es_ES","og_type":"article","og_title":"Hifancy Twins 35000 Puffs\u00a0\u2013 Disposable Vape","og_description":"Explore HIFANCY TWINS 35000: a dual-tank 35k puff vape with mesh coil, 35 mL prefill, and 650 mAh Type-C (~30 min). Switch flavors instantly and enjoy stable output\u2014 a standout 35000 puff disposable vape in the HIFANCY 35k class.","og_url":"https:\/\/euvapen.com\/es\/producto\/hifancy-twins-35000-puffs-disposable-vape\/","og_site_name":"EuVapen","article_modified_time":"2025-11-19T06:46:21+00:00","og_image":[{"width":1000,"height":1000,"url":"https:\/\/euvapen.com\/wp-content\/uploads\/2025\/11\/Hifancy-Twins-35000-Disposable-Vape-35K-Puffs-Double-Tank-EU-Warehouse.webp","type":"image\/webp"}],"twitter_card":"summary_large_image","twitter_misc":{"Disponibilidad":"Disponible"},"schema":{"@context":"https:\/\/schema.org","@graph":[{"@type":"WebPage","@id":"https:\/\/euvapen.com\/product\/hifancy-twins-35000-puffs-disposable-vape\/","url":"https:\/\/euvapen.com\/product\/hifancy-twins-35000-puffs-disposable-vape\/","name":"HIFANCY TWINS 35000 \u2014 Dual-Tank 35k Puff Vape, Mesh, - EuVapen","isPartOf":{"@id":"https:\/\/euvapen.com\/#website"},"primaryImageOfPage":{"@id":"https:\/\/euvapen.com\/product\/hifancy-twins-35000-puffs-disposable-vape\/#primaryimage"},"image":{"@id":"https:\/\/euvapen.com\/product\/hifancy-twins-35000-puffs-disposable-vape\/#primaryimage"},"thumbnailUrl":"https:\/\/euvapen.com\/wp-content\/uploads\/2025\/11\/Hifancy-Twins-35000-Disposable-Vape-35K-Puffs-Double-Tank-EU-Warehouse.webp","datePublished":"2025-11-07T08:36:36+00:00","dateModified":"2025-11-19T06:46:21+00:00","description":"Explore HIFANCY TWINS 35000: un vaporizador de 35.000 caladas con doble dep\u00f3sito, bobina de malla, precarga de 35 ml y 650 mAh Type-C (~30 min). Cambia de sabor al instante y disfruta de una potencia estable: un vapeador desechable de 35.000 caladas que destaca en la categor\u00eda HIFANCY 35k.","breadcrumb":{"@id":"https:\/\/euvapen.com\/product\/hifancy-twins-35000-puffs-disposable-vape\/#breadcrumb"},"inLanguage":"es","potentialAction":[{"@type":"ReadAction","target":["https:\/\/euvapen.com\/product\/hifancy-twins-35000-puffs-disposable-vape\/"]}]},{"@type":"ImageObject","inLanguage":"es","@id":"https:\/\/euvapen.com\/product\/hifancy-twins-35000-puffs-disposable-vape\/#primaryimage","url":"https:\/\/euvapen.com\/wp-content\/uploads\/2025\/11\/Hifancy-Twins-35000-Disposable-Vape-35K-Puffs-Double-Tank-EU-Warehouse.webp","contentUrl":"https:\/\/euvapen.com\/wp-content\/uploads\/2025\/11\/Hifancy-Twins-35000-Disposable-Vape-35K-Puffs-Double-Tank-EU-Warehouse.webp","width":1000,"height":1000,"caption":"Hifancy Twins 35000 Disposable Vape 35K Puffs Double Tank EU Warehouse"},{"@type":"BreadcrumbList","@id":"https:\/\/euvapen.com\/product\/hifancy-twins-35000-puffs-disposable-vape\/#breadcrumb","itemListElement":[{"@type":"ListItem","position":1,"name":"Home","item":"https:\/\/euvapen.com\/"},{"@type":"ListItem","position":2,"name":"Shop","item":"https:\/\/euvapen.com\/shop\/"},{"@type":"ListItem","position":3,"name":"Hifancy Twins 35000 Puffs\u00a0\u2013 Disposable Vape"}]},{"@type":"WebSite","@id":"https:\/\/euvapen.com\/#website","url":"https:\/\/euvapen.com\/","name":"bestpuffvape","description":"","publisher":{"@id":"https:\/\/euvapen.com\/#organization"},"potentialAction":[{"@type":"SearchAction","target":{"@type":"EntryPoint","urlTemplate":"https:\/\/euvapen.com\/?s={search_term_string}"},"query-input":{"@type":"PropertyValueSpecification","valueRequired":true,"valueName":"search_term_string"}}],"inLanguage":"es"},{"@type":["Organization","Place"],"@id":"https:\/\/euvapen.com\/#organization","name":"bestpuffvape","alternateName":"bestpuffvape","url":"https:\/\/euvapen.com\/","logo":{"@id":"https:\/\/euvapen.com\/product\/hifancy-twins-35000-puffs-disposable-vape\/#local-main-organization-logo"},"image":{"@id":"https:\/\/euvapen.com\/product\/hifancy-twins-35000-puffs-disposable-vape\/#local-main-organization-logo"},"telephone":[],"openingHoursSpecification":[{"@type":"OpeningHoursSpecification","dayOfWeek":["Monday","Tuesday","Wednesday","Thursday","Friday","Saturday","Sunday"],"opens":"00:00","closes":"23:59"}]},{"@type":"ImageObject","inLanguage":"es","@id":"https:\/\/euvapen.com\/product\/hifancy-twins-35000-puffs-disposable-vape\/#local-main-organization-logo","url":"https:\/\/euvapen.com\/wp-content\/uploads\/2025\/10\/cropped-puffvape-logo.png","contentUrl":"https:\/\/euvapen.com\/wp-content\/uploads\/2025\/10\/cropped-puffvape-logo.png","width":512,"height":512,"caption":"bestpuffvape"}]},"og_availability":"instock","product_availability":"instock","product_retailer_item_id":"Hifancy-Twins-35k","product_condition":"new"},"brands":[{"id":170,"name":"Hifancy","slug":"hifancy"}],"tiered_pricing_type":"fixed","tiered_pricing_fixed_rules":{"30":"11.5","50":"10.5","100":"9.8","200":"9.5"},"tiered_pricing_product_settings":{"layout":"default","base_unit_name":{"singular":null,"plural":null},"default_variation":{}},"tiered_pricing_minimum_quantity":10,"tiered_pricing_roles_data":[],"tiered_pricing_percentage_rules":[],"tiered_pricing_maximum_quantity":null,"tiered_pricing_quantity_step":null,"_links":{"self":[{"href":"https:\/\/euvapen.com\/es\/wp-json\/wp\/v2\/product\/15355","targetHints":{"allow":["GET"]}}],"collection":[{"href":"https:\/\/euvapen.com\/es\/wp-json\/wp\/v2\/product"}],"about":[{"href":"https:\/\/euvapen.com\/es\/wp-json\/wp\/v2\/types\/product"}],"replies":[{"embeddable":true,"href":"https:\/\/euvapen.com\/es\/wp-json\/wp\/v2\/comments?post=15355"}],"wp:featuredmedia":[{"embeddable":true,"href":"https:\/\/euvapen.com\/es\/wp-json\/wp\/v2\/media\/21538"}],"wp:attachment":[{"href":"https:\/\/euvapen.com\/es\/wp-json\/wp\/v2\/media?parent=15355"}],"wp:term":[{"taxonomy":"pwb-brand","embeddable":true,"href":"https:\/\/euvapen.com\/es\/wp-json\/wp\/v2\/pwb-brand?post=15355"},{"taxonomy":"product_brand","embeddable":true,"href":"https:\/\/euvapen.com\/es\/wp-json\/wp\/v2\/product_brand?post=15355"},{"taxonomy":"product_cat","embeddable":true,"href":"https:\/\/euvapen.com\/es\/wp-json\/wp\/v2\/product_cat?post=15355"},{"taxonomy":"product_tag","embeddable":true,"href":"https:\/\/euvapen.com\/es\/wp-json\/wp\/v2\/product_tag?post=15355"}],"curies":[{"name":"wp","href":"https:\/\/api.w.org\/{rel}","templated":true}]}}