{"id":15357,"date":"2025-11-07T08:23:36","date_gmt":"2025-11-07T08:23:36","guid":{"rendered":"https:\/\/euvapen.com\/?post_type=product&#038;p=15357"},"modified":"2025-11-19T06:44:22","modified_gmt":"2025-11-19T06:44:22","slug":"hifancy-space-50000-puffs-disposable-vape","status":"publish","type":"product","link":"https:\/\/euvapen.com\/es\/producto\/hifancy-space-50000-puffs-disposable-vape\/","title":{"rendered":"Hifancy Space 50000 Puffs - Vapeador desechable"},"content":{"rendered":"<h1 data-start=\"244\" data-end=\"310\">Hifancy Space 50000 - Vapeador 50k de alta capacidad con precisi\u00f3n de malla<\/h1>\n<p data-start=\"312\" data-end=\"710\">En <strong data-start=\"316\" data-end=\"339\">Espacio Hifancy 50000<\/strong> combina un dep\u00f3sito de 30 ml, una unidad de alimentaci\u00f3n Type-C de 750 mAh y una plataforma de bobina de malla para mantener el rendimiento durante ciclos prolongados. Posicionado como buque insignia <strong data-start=\"492\" data-end=\"510\">50k caladas vape<\/strong>, este modelo en el <strong data-start=\"530\" data-end=\"547\">hifancy 50000<\/strong> se centra en la estabilidad del sabor, la recarga r\u00e1pida y el rendimiento predecible en el d\u00eda a d\u00eda. <strong data-start=\"660\" data-end=\"690\">Vapeador desechable 50000 puff<\/strong> para un uso de ciclo largo.<\/p>\n<h2 data-start=\"712\" data-end=\"733\">Especificaciones principales de Hifancy Space 50000<\/h2>\n<ul data-start=\"734\" data-end=\"1162\">\n<li data-start=\"734\" data-end=\"810\">\n<p data-start=\"736\" data-end=\"810\"><strong data-start=\"736\" data-end=\"752\">Clasificaci\u00f3n del puff:<\/strong> hasta <strong data-start=\"759\" data-end=\"769\">50,000<\/strong> (depende del uso) - <strong data-start=\"790\" data-end=\"802\">50k vape<\/strong> clase<\/p>\n<\/li>\n<li data-start=\"811\" data-end=\"865\">\n<p data-start=\"813\" data-end=\"865\"><strong data-start=\"813\" data-end=\"826\">E-l\u00edquido:<\/strong> <strong data-start=\"827\" data-end=\"836\">30 ml<\/strong> precargado (no recargable)<\/p>\n<\/li>\n<li data-start=\"866\" data-end=\"939\">\n<p data-start=\"868\" data-end=\"939\"><strong data-start=\"868\" data-end=\"880\">Bater\u00eda:<\/strong> <strong data-start=\"881\" data-end=\"892\">750 mAh<\/strong>; recarga r\u00e1pida Type-C (~30 minutos, t\u00edpica)<\/p>\n<\/li>\n<li data-start=\"940\" data-end=\"1013\">\n<p data-start=\"942\" data-end=\"1013\"><strong data-start=\"942\" data-end=\"951\">Bobina:<\/strong> atomizaci\u00f3n de malla para un aerosol uniforme y un sabor repetible<\/p>\n<\/li>\n<li data-start=\"1014\" data-end=\"1093\">\n<p data-start=\"1016\" data-end=\"1093\"><strong data-start=\"1016\" data-end=\"1039\">Potencias de nicotina:<\/strong> <strong data-start=\"1040\" data-end=\"1056\">2% \/ 3% \/ 5%<\/strong> (disponibilidad por regi\u00f3n y lote)<\/p>\n<\/li>\n<li data-start=\"1094\" data-end=\"1162\">\n<p data-start=\"1096\" data-end=\"1162\"><strong data-start=\"1096\" data-end=\"1110\">Embalaje:<\/strong> <strong data-start=\"1111\" data-end=\"1127\">10 unidades \/ caja<\/strong>; Entrega en almac\u00e9n en la UE<\/p>\n<\/li>\n<\/ul>\n<h2 data-start=\"1164\" data-end=\"1190\">Rendimiento y resistencia<\/h2>\n<ul data-start=\"1191\" data-end=\"1550\">\n<li data-start=\"1191\" data-end=\"1323\">\n<p data-start=\"1193\" data-end=\"1323\"><strong data-start=\"1193\" data-end=\"1217\">Entrega coherente:<\/strong> la plataforma de malla distribuye el calor uniformemente para limitar los golpes secos y preservar la intensidad desde la primera calada hasta la \u00faltima.<\/p>\n<\/li>\n<li data-start=\"1324\" data-end=\"1448\">\n<p data-start=\"1326\" data-end=\"1448\"><strong data-start=\"1326\" data-end=\"1347\">Gesti\u00f3n de la energ\u00eda:<\/strong> una eficiente c\u00e9lula de 750 mAh combinada con un r\u00e1pido giro Tipo-C maximiza el uso del dep\u00f3sito de 30 ml.<\/p>\n<\/li>\n<li data-start=\"1449\" data-end=\"1550\">\n<p data-start=\"1451\" data-end=\"1550\"><strong data-start=\"1451\" data-end=\"1479\">Fiabilidad operativa:<\/strong> Salida sellada, activada por tracci\u00f3n y no variable para un uso diario estable.<\/p>\n<\/li>\n<\/ul>\n<h2 data-start=\"1552\" data-end=\"1583\">Cat\u00e1logo de sabores Hifancy Space 50000 (selecci\u00f3n)<\/h2>\n<p>1.Lady Killa (Ar\u00e1ndano+Mango+Menta Ar\u00e1ndano)<\/p>\n<p>2.Mixed Berry<\/p>\n<p>3.Sand\u00eda Frambuesa<\/p>\n<p>4.Kiwi fresa<\/p>\n<p>5.Love 66<\/p>\n<p>6.Melocot\u00f3n Mango Pi\u00f1a<\/p>\n<p>7.Sexo en la playa\uff08Ron Naranja+Melocot\u00f3n+Baya\uff09<\/p>\n<p>8.Kiwi Maracuy\u00e1 Guayaba<\/p>\n<p>9.R\u00e1faga de uvas<\/p>\n<p>10.Hielo de ar\u00e1ndano<\/p>\n<p data-start=\"1584\" data-end=\"1822\">Un conjunto selecto y frutal dise\u00f1ado para ofrecer claridad y equilibrio, que incluye mezclas complejas (por ejemplo, <strong data-start=\"1679\" data-end=\"1730\">Lady Killa - Ar\u00e1ndano \/ Mango \/ Ar\u00e1ndano Menta<\/strong>) y perfiles unidireccionales como <strong data-start=\"1770\" data-end=\"1785\">R\u00e1faga de uvas<\/strong>. Cat\u00e1logo completo disponible por lote.<\/p>\n<h2 data-start=\"1824\" data-end=\"1839\">A qui\u00e9n va dirigido<\/h2>\n<p data-start=\"1840\" data-end=\"1996\">Usuarios adultos (mayores de 18 a\u00f1os) que buscan un <strong data-start=\"1868\" data-end=\"1886\">50k caladas vape<\/strong> con una longevidad mensurable, recarga r\u00e1pida y familias de sabores centradas en la fruta en un formato desechable compacto.<\/p>\n<h2 data-start=\"1998\" data-end=\"2024\">Env\u00edo y autenticidad<\/h2>\n<p data-start=\"2025\" data-end=\"2208\">Los pedidos de la UE se env\u00edan desde almacenes de la UE con control y seguimiento de lotes; el embalaje de cart\u00f3n es <strong data-start=\"2112\" data-end=\"2128\">10 unidades \/ caja<\/strong>. Documentaci\u00f3n (etiquetas\/COA) disponible previa solicitud para apoyar las operaciones del canal.<\/p>\n<p data-start=\"2210\" data-end=\"2535\" data-is-last-node=\"\" data-is-only-node=\"\"><strong data-start=\"2210\" data-end=\"2221\">Resumen<\/strong><br data-start=\"2221\" data-end=\"2224\" \/><strong data-start=\"2224\" data-end=\"2247\">Espacio Hifancy 50000<\/strong> a\u00fana capacidad, simplicidad de interfaz y consistencia de la malla en una desechable de ciclo largo. Como <strong data-start=\"2355\" data-end=\"2378\">Espacio Hifancy 50000<\/strong> y un dispositivo <strong data-start=\"2401\" data-end=\"2431\">Vapeador desechable 50000 puff<\/strong> elecci\u00f3n dentro del <strong data-start=\"2450\" data-end=\"2467\">hifancy 50000<\/strong> establece un claro punto de referencia en cuanto a resistencia e integridad del sabor.<\/p>","protected":false},"excerpt":{"rendered":"<p data-start=\"54\" data-end=\"222\">Hifancy Space 50000: 50k caladas, 30 mL, bobina de malla, 750 mAh Tipo-C. Un vape 50k fiable con recarga r\u00e1pida y sabor consistente.<\/p>","protected":false},"featured_media":21512,"comment_status":"open","ping_status":"closed","template":"","meta":{"_acf_changed":false},"pwb-brand":[170],"product_brand":[],"product_cat":[87,88,57,84,93,95],"product_tag":[59],"class_list":{"0":"post-15357","1":"product","2":"type-product","3":"status-publish","4":"has-post-thumbnail","6":"pwb-brand-hifancy","7":"product_cat-big-puff-vape","8":"product_cat-crystal-vape","9":"product_cat-disposable-vape","10":"product_cat-eu-warehouse-in-stock","11":"product_cat-rechargeable-vapes","12":"product_cat-vape-with-screen","13":"product_tag-puff-50k","15":"first","16":"instock","17":"shipping-taxable","18":"purchasable","19":"product-type-variable"},"acf":[],"yoast_head":"<!-- This site is optimized with the Yoast SEO Premium plugin v26.3 (Yoast SEO v26.3) - https:\/\/yoast.com\/wordpress\/plugins\/seo\/ -->\n<title>Hifancy Space 50000 \u2014 50k Puffs Vape, Mesh, 30 mL, Type-C - EuVapen<\/title>\n<meta name=\"description\" content=\"Explore Hifancy Space 50000: a 50000 puff disposable vape with 30 mL prefill, mesh coil, and 750 mAh Type-C (\u224830 min). A reliable 50k puffs vape in the hifancy 50000 line; EU fulfilment available.\" \/>\n<meta name=\"robots\" content=\"index, follow, max-snippet:-1, max-image-preview:large, max-video-preview:-1\" \/>\n<link rel=\"canonical\" href=\"https:\/\/euvapen.com\/es\/producto\/hifancy-space-50000-puffs-disposable-vape\/\" \/>\n<meta property=\"og:locale\" content=\"es_ES\" \/>\n<meta property=\"og:type\" content=\"article\" \/>\n<meta property=\"og:title\" content=\"Hifancy Space 50000 Puffs\u00a0\u2013 Disposable Vape\" \/>\n<meta property=\"og:description\" content=\"Explore Hifancy Space 50000: a 50000 puff disposable vape with 30 mL prefill, mesh coil, and 750 mAh Type-C (\u224830 min). A reliable 50k puffs vape in the hifancy 50000 line; EU fulfilment available.\" \/>\n<meta property=\"og:url\" content=\"https:\/\/euvapen.com\/es\/producto\/hifancy-space-50000-puffs-disposable-vape\/\" \/>\n<meta property=\"og:site_name\" content=\"EuVapen\" \/>\n<meta property=\"article:modified_time\" content=\"2025-11-19T06:44:22+00:00\" \/>\n<meta property=\"og:image\" content=\"https:\/\/euvapen.com\/wp-content\/uploads\/2025\/11\/Hifancy-Space-50000-Puffs-Disposable-Vape-3.webp\" \/>\n\t<meta property=\"og:image:width\" content=\"1000\" \/>\n\t<meta property=\"og:image:height\" content=\"1000\" \/>\n\t<meta property=\"og:image:type\" content=\"image\/webp\" \/>\n<meta name=\"twitter:card\" content=\"summary_large_image\" \/>\n<meta name=\"twitter:label1\" content=\"Disponibilidad\" \/>\n\t<meta name=\"twitter:data1\" content=\"Disponible\" \/>\n<script type=\"application\/ld+json\" class=\"yoast-schema-graph\">{\"@context\":\"https:\/\/schema.org\",\"@graph\":[{\"@type\":\"WebPage\",\"@id\":\"https:\/\/euvapen.com\/product\/hifancy-space-50000-puffs-disposable-vape\/\",\"url\":\"https:\/\/euvapen.com\/product\/hifancy-space-50000-puffs-disposable-vape\/\",\"name\":\"Hifancy Space 50000 \u2014 50k Puffs Vape, Mesh, 30 mL, Type-C - EuVapen\",\"isPartOf\":{\"@id\":\"https:\/\/euvapen.com\/#website\"},\"primaryImageOfPage\":{\"@id\":\"https:\/\/euvapen.com\/product\/hifancy-space-50000-puffs-disposable-vape\/#primaryimage\"},\"image\":{\"@id\":\"https:\/\/euvapen.com\/product\/hifancy-space-50000-puffs-disposable-vape\/#primaryimage\"},\"thumbnailUrl\":\"https:\/\/euvapen.com\/wp-content\/uploads\/2025\/11\/Hifancy-Space-50000-Puffs-Disposable-Vape-3.webp\",\"datePublished\":\"2025-11-07T08:23:36+00:00\",\"dateModified\":\"2025-11-19T06:44:22+00:00\",\"description\":\"Explore Hifancy Space 50000: a 50000 puff disposable vape with 30 mL prefill, mesh coil, and 750 mAh Type-C (\u224830 min). A reliable 50k puffs vape in the hifancy 50000 line; EU fulfilment available.\",\"breadcrumb\":{\"@id\":\"https:\/\/euvapen.com\/product\/hifancy-space-50000-puffs-disposable-vape\/#breadcrumb\"},\"inLanguage\":\"es\",\"potentialAction\":[{\"@type\":\"ReadAction\",\"target\":[\"https:\/\/euvapen.com\/product\/hifancy-space-50000-puffs-disposable-vape\/\"]}]},{\"@type\":\"ImageObject\",\"inLanguage\":\"es\",\"@id\":\"https:\/\/euvapen.com\/product\/hifancy-space-50000-puffs-disposable-vape\/#primaryimage\",\"url\":\"https:\/\/euvapen.com\/wp-content\/uploads\/2025\/11\/Hifancy-Space-50000-Puffs-Disposable-Vape-3.webp\",\"contentUrl\":\"https:\/\/euvapen.com\/wp-content\/uploads\/2025\/11\/Hifancy-Space-50000-Puffs-Disposable-Vape-3.webp\",\"width\":1000,\"height\":1000,\"caption\":\"Hifancy Space 50000 Puffs Disposable Vape #3\"},{\"@type\":\"BreadcrumbList\",\"@id\":\"https:\/\/euvapen.com\/product\/hifancy-space-50000-puffs-disposable-vape\/#breadcrumb\",\"itemListElement\":[{\"@type\":\"ListItem\",\"position\":1,\"name\":\"Home\",\"item\":\"https:\/\/euvapen.com\/\"},{\"@type\":\"ListItem\",\"position\":2,\"name\":\"Shop\",\"item\":\"https:\/\/euvapen.com\/shop\/\"},{\"@type\":\"ListItem\",\"position\":3,\"name\":\"Hifancy Space 50000 Puffs\u00a0\u2013 Disposable Vape\"}]},{\"@type\":\"WebSite\",\"@id\":\"https:\/\/euvapen.com\/#website\",\"url\":\"https:\/\/euvapen.com\/\",\"name\":\"bestpuffvape\",\"description\":\"\",\"publisher\":{\"@id\":\"https:\/\/euvapen.com\/#organization\"},\"potentialAction\":[{\"@type\":\"SearchAction\",\"target\":{\"@type\":\"EntryPoint\",\"urlTemplate\":\"https:\/\/euvapen.com\/?s={search_term_string}\"},\"query-input\":{\"@type\":\"PropertyValueSpecification\",\"valueRequired\":true,\"valueName\":\"search_term_string\"}}],\"inLanguage\":\"es\"},{\"@type\":[\"Organization\",\"Place\"],\"@id\":\"https:\/\/euvapen.com\/#organization\",\"name\":\"bestpuffvape\",\"alternateName\":\"bestpuffvape\",\"url\":\"https:\/\/euvapen.com\/\",\"logo\":{\"@id\":\"https:\/\/euvapen.com\/product\/hifancy-space-50000-puffs-disposable-vape\/#local-main-organization-logo\"},\"image\":{\"@id\":\"https:\/\/euvapen.com\/product\/hifancy-space-50000-puffs-disposable-vape\/#local-main-organization-logo\"},\"telephone\":[],\"openingHoursSpecification\":[{\"@type\":\"OpeningHoursSpecification\",\"dayOfWeek\":[\"Monday\",\"Tuesday\",\"Wednesday\",\"Thursday\",\"Friday\",\"Saturday\",\"Sunday\"],\"opens\":\"00:00\",\"closes\":\"23:59\"}]},{\"@type\":\"ImageObject\",\"inLanguage\":\"es\",\"@id\":\"https:\/\/euvapen.com\/product\/hifancy-space-50000-puffs-disposable-vape\/#local-main-organization-logo\",\"url\":\"https:\/\/euvapen.com\/wp-content\/uploads\/2025\/10\/cropped-puffvape-logo.png\",\"contentUrl\":\"https:\/\/euvapen.com\/wp-content\/uploads\/2025\/10\/cropped-puffvape-logo.png\",\"width\":512,\"height\":512,\"caption\":\"bestpuffvape\"}]}<\/script>\n<meta property=\"og:availability\" content=\"instock\" \/>\n<meta property=\"product:availability\" content=\"instock\" \/>\n<meta property=\"product:retailer_item_id\" content=\"Hifancy-Space-50k\" \/>\n<meta property=\"product:condition\" content=\"new\" \/>\n<!-- \/ Yoast SEO Premium plugin. -->","yoast_head_json":{"title":"Hifancy Space 50000 \u2014 50k Puffs Vape, Mesh, 30 mL, Type-C - EuVapen","description":"Explore Hifancy Space 50000: un vape desechable de 50000 caladas con precarga de 30 ml, bobina de malla y 750 mAh Type-C (\u224830 min). Un vape fiable de 50.000 caladas de la gama hifancy 50000; entrega en la UE disponible.","robots":{"index":"index","follow":"follow","max-snippet":"max-snippet:-1","max-image-preview":"max-image-preview:large","max-video-preview":"max-video-preview:-1"},"canonical":"https:\/\/euvapen.com\/es\/producto\/hifancy-space-50000-puffs-disposable-vape\/","og_locale":"es_ES","og_type":"article","og_title":"Hifancy Space 50000 Puffs\u00a0\u2013 Disposable Vape","og_description":"Explore Hifancy Space 50000: a 50000 puff disposable vape with 30 mL prefill, mesh coil, and 750 mAh Type-C (\u224830 min). A reliable 50k puffs vape in the hifancy 50000 line; EU fulfilment available.","og_url":"https:\/\/euvapen.com\/es\/producto\/hifancy-space-50000-puffs-disposable-vape\/","og_site_name":"EuVapen","article_modified_time":"2025-11-19T06:44:22+00:00","og_image":[{"width":1000,"height":1000,"url":"https:\/\/euvapen.com\/wp-content\/uploads\/2025\/11\/Hifancy-Space-50000-Puffs-Disposable-Vape-3.webp","type":"image\/webp"}],"twitter_card":"summary_large_image","twitter_misc":{"Disponibilidad":"Disponible"},"schema":{"@context":"https:\/\/schema.org","@graph":[{"@type":"WebPage","@id":"https:\/\/euvapen.com\/product\/hifancy-space-50000-puffs-disposable-vape\/","url":"https:\/\/euvapen.com\/product\/hifancy-space-50000-puffs-disposable-vape\/","name":"Hifancy Space 50000 \u2014 50k Puffs Vape, Mesh, 30 mL, Type-C - EuVapen","isPartOf":{"@id":"https:\/\/euvapen.com\/#website"},"primaryImageOfPage":{"@id":"https:\/\/euvapen.com\/product\/hifancy-space-50000-puffs-disposable-vape\/#primaryimage"},"image":{"@id":"https:\/\/euvapen.com\/product\/hifancy-space-50000-puffs-disposable-vape\/#primaryimage"},"thumbnailUrl":"https:\/\/euvapen.com\/wp-content\/uploads\/2025\/11\/Hifancy-Space-50000-Puffs-Disposable-Vape-3.webp","datePublished":"2025-11-07T08:23:36+00:00","dateModified":"2025-11-19T06:44:22+00:00","description":"Explore Hifancy Space 50000: un vape desechable de 50000 caladas con precarga de 30 ml, bobina de malla y 750 mAh Type-C (\u224830 min). Un vape fiable de 50.000 caladas de la gama hifancy 50000; entrega en la UE disponible.","breadcrumb":{"@id":"https:\/\/euvapen.com\/product\/hifancy-space-50000-puffs-disposable-vape\/#breadcrumb"},"inLanguage":"es","potentialAction":[{"@type":"ReadAction","target":["https:\/\/euvapen.com\/product\/hifancy-space-50000-puffs-disposable-vape\/"]}]},{"@type":"ImageObject","inLanguage":"es","@id":"https:\/\/euvapen.com\/product\/hifancy-space-50000-puffs-disposable-vape\/#primaryimage","url":"https:\/\/euvapen.com\/wp-content\/uploads\/2025\/11\/Hifancy-Space-50000-Puffs-Disposable-Vape-3.webp","contentUrl":"https:\/\/euvapen.com\/wp-content\/uploads\/2025\/11\/Hifancy-Space-50000-Puffs-Disposable-Vape-3.webp","width":1000,"height":1000,"caption":"Hifancy Space 50000 Puffs Disposable Vape #3"},{"@type":"BreadcrumbList","@id":"https:\/\/euvapen.com\/product\/hifancy-space-50000-puffs-disposable-vape\/#breadcrumb","itemListElement":[{"@type":"ListItem","position":1,"name":"Home","item":"https:\/\/euvapen.com\/"},{"@type":"ListItem","position":2,"name":"Shop","item":"https:\/\/euvapen.com\/shop\/"},{"@type":"ListItem","position":3,"name":"Hifancy Space 50000 Puffs\u00a0\u2013 Disposable Vape"}]},{"@type":"WebSite","@id":"https:\/\/euvapen.com\/#website","url":"https:\/\/euvapen.com\/","name":"bestpuffvape","description":"","publisher":{"@id":"https:\/\/euvapen.com\/#organization"},"potentialAction":[{"@type":"SearchAction","target":{"@type":"EntryPoint","urlTemplate":"https:\/\/euvapen.com\/?s={search_term_string}"},"query-input":{"@type":"PropertyValueSpecification","valueRequired":true,"valueName":"search_term_string"}}],"inLanguage":"es"},{"@type":["Organization","Place"],"@id":"https:\/\/euvapen.com\/#organization","name":"bestpuffvape","alternateName":"bestpuffvape","url":"https:\/\/euvapen.com\/","logo":{"@id":"https:\/\/euvapen.com\/product\/hifancy-space-50000-puffs-disposable-vape\/#local-main-organization-logo"},"image":{"@id":"https:\/\/euvapen.com\/product\/hifancy-space-50000-puffs-disposable-vape\/#local-main-organization-logo"},"telephone":[],"openingHoursSpecification":[{"@type":"OpeningHoursSpecification","dayOfWeek":["Monday","Tuesday","Wednesday","Thursday","Friday","Saturday","Sunday"],"opens":"00:00","closes":"23:59"}]},{"@type":"ImageObject","inLanguage":"es","@id":"https:\/\/euvapen.com\/product\/hifancy-space-50000-puffs-disposable-vape\/#local-main-organization-logo","url":"https:\/\/euvapen.com\/wp-content\/uploads\/2025\/10\/cropped-puffvape-logo.png","contentUrl":"https:\/\/euvapen.com\/wp-content\/uploads\/2025\/10\/cropped-puffvape-logo.png","width":512,"height":512,"caption":"bestpuffvape"}]},"og_availability":"instock","product_availability":"instock","product_retailer_item_id":"Hifancy-Space-50k","product_condition":"new"},"brands":[{"id":170,"name":"Hifancy","slug":"hifancy"}],"tiered_pricing_type":"fixed","tiered_pricing_fixed_rules":{"30":"11","50":"9.8","100":"9.5","200":"9"},"tiered_pricing_product_settings":{"layout":"default","base_unit_name":{"singular":null,"plural":null},"default_variation":{}},"tiered_pricing_minimum_quantity":10,"tiered_pricing_roles_data":[],"tiered_pricing_percentage_rules":[],"tiered_pricing_maximum_quantity":null,"tiered_pricing_quantity_step":null,"_links":{"self":[{"href":"https:\/\/euvapen.com\/es\/wp-json\/wp\/v2\/product\/15357","targetHints":{"allow":["GET"]}}],"collection":[{"href":"https:\/\/euvapen.com\/es\/wp-json\/wp\/v2\/product"}],"about":[{"href":"https:\/\/euvapen.com\/es\/wp-json\/wp\/v2\/types\/product"}],"replies":[{"embeddable":true,"href":"https:\/\/euvapen.com\/es\/wp-json\/wp\/v2\/comments?post=15357"}],"wp:featuredmedia":[{"embeddable":true,"href":"https:\/\/euvapen.com\/es\/wp-json\/wp\/v2\/media\/21512"}],"wp:attachment":[{"href":"https:\/\/euvapen.com\/es\/wp-json\/wp\/v2\/media?parent=15357"}],"wp:term":[{"taxonomy":"pwb-brand","embeddable":true,"href":"https:\/\/euvapen.com\/es\/wp-json\/wp\/v2\/pwb-brand?post=15357"},{"taxonomy":"product_brand","embeddable":true,"href":"https:\/\/euvapen.com\/es\/wp-json\/wp\/v2\/product_brand?post=15357"},{"taxonomy":"product_cat","embeddable":true,"href":"https:\/\/euvapen.com\/es\/wp-json\/wp\/v2\/product_cat?post=15357"},{"taxonomy":"product_tag","embeddable":true,"href":"https:\/\/euvapen.com\/es\/wp-json\/wp\/v2\/product_tag?post=15357"}],"curies":[{"name":"wp","href":"https:\/\/api.w.org\/{rel}","templated":true}]}}