{"id":16180,"date":"2025-11-11T06:47:39","date_gmt":"2025-11-11T06:47:39","guid":{"rendered":"https:\/\/euvapen.com\/?post_type=product&#038;p=16180"},"modified":"2025-11-19T06:24:12","modified_gmt":"2025-11-19T06:24:12","slug":"jnr-falcon-x-plus-28000-puffs-vape-desechable","status":"publish","type":"product","link":"https:\/\/euvapen.com\/es\/producto\/jnr-falcon-x-plus-28000-puffs-vape-desechable\/","title":{"rendered":"JNR Falcon-X Plus 28000 Puffs - Vape desechable"},"content":{"rendered":"<h2 data-start=\"189\" data-end=\"259\">JNR Falcon-X Plus 28000 - Dual Mesh 28k jnr con Indicador de Bater\u00eda<\/h2>\n<p data-start=\"261\" data-end=\"674\">En <strong data-start=\"265\" data-end=\"292\">JNR Falcon-X plus 28000<\/strong> es una m\u00e1quina desechable de gran capacidad dise\u00f1ada para usuarios que requieren un tiempo de funcionamiento prolongado, una clara visibilidad del estado y un fuerte sabor a fruta. Como <strong data-start=\"431\" data-end=\"442\">28k jnr<\/strong> con una autonom\u00eda de hasta 28.000 caladas en condiciones normales, combina una plataforma de doble bobina de malla, una pantalla indicadora de bater\u00eda y un chasis compacto, lo que lo convierte en un <strong data-start=\"618\" data-end=\"639\">puff jnr falcon x<\/strong> dentro de la familia Falcon X.<\/p>\n<p data-start=\"676\" data-end=\"838\">En el marco m\u00e1s amplio <strong data-start=\"695\" data-end=\"707\">halc\u00f3n x<\/strong> este modelo se dirige a los vapeadores que desean una vida \u00fatil prolongada con un funcionamiento sencillo y sin recargas ni cambios de bobina.<\/p>\n<p data-start=\"676\" data-end=\"838\"><img fetchpriority=\"high\" decoding=\"async\" class=\"alignnone size-medium wp-image-17862\" src=\"https:\/\/euvapen.com\/wp-content\/uploads\/2025\/11\/FALCON-X-\u8be6\u60c5\u9875-PC\u7aef_01-300x169.webp\" alt=\"\" width=\"300\" height=\"169\" \/> <img decoding=\"async\" class=\"alignnone size-medium wp-image-17863\" src=\"https:\/\/euvapen.com\/wp-content\/uploads\/2025\/11\/FALCON-X-\u8be6\u60c5\u9875-PC\u7aef_02-300x169.webp\" alt=\"\" width=\"300\" height=\"169\" \/> <img decoding=\"async\" class=\"alignnone size-medium wp-image-17864\" src=\"https:\/\/euvapen.com\/wp-content\/uploads\/2025\/11\/FALCON-X-\u8be6\u60c5\u9875-PC\u7aef_03-300x169.webp\" alt=\"\" width=\"300\" height=\"169\" \/> <img loading=\"lazy\" decoding=\"async\" class=\"alignnone size-medium wp-image-17865\" src=\"https:\/\/euvapen.com\/wp-content\/uploads\/2025\/11\/FALCON-X-\u8be6\u60c5\u9875-PC\u7aef_04-300x169.webp\" alt=\"\" width=\"300\" height=\"169\" \/><\/p>\n<h3 data-start=\"840\" data-end=\"862\">Especificaciones principales de JNR Falcon-X plus 28000<\/h3>\n<ul data-start=\"864\" data-end=\"1935\">\n<li data-start=\"864\" data-end=\"907\">\n<p data-start=\"866\" data-end=\"907\"><strong data-start=\"866\" data-end=\"881\">Nombre del modelo:<\/strong> JNR Falcon-X Plus 28000<\/p>\n<\/li>\n<li data-start=\"908\" data-end=\"926\">\n<p data-start=\"910\" data-end=\"926\"><strong data-start=\"910\" data-end=\"920\">Marca:<\/strong> JNR<\/p>\n<\/li>\n<li data-start=\"927\" data-end=\"1013\">\n<p data-start=\"929\" data-end=\"1013\"><strong data-start=\"929\" data-end=\"945\">Clasificaci\u00f3n del puff:<\/strong> hasta 28.000 caladas (en funci\u00f3n del uso) - cre\u00edble <strong data-start=\"994\" data-end=\"1005\">28k jnr<\/strong> clase<\/p>\n<\/li>\n<li data-start=\"1014\" data-end=\"1073\">\n<p data-start=\"1016\" data-end=\"1073\"><strong data-start=\"1016\" data-end=\"1038\">Capacidad de e-l\u00edquido:<\/strong> 20 ml precargado (no recargable)<\/p>\n<\/li>\n<li data-start=\"1074\" data-end=\"1133\">\n<p data-start=\"1076\" data-end=\"1133\"><strong data-start=\"1076\" data-end=\"1099\">Potencias de nicotina:<\/strong> 2% (20 mg\/mL) y 5% (50 mg\/mL)<\/p>\n<\/li>\n<li data-start=\"1134\" data-end=\"1179\">\n<p data-start=\"1136\" data-end=\"1179\"><strong data-start=\"1136\" data-end=\"1148\">Bater\u00eda:<\/strong> 950 mAh, recargable Tipo-C<\/p>\n<\/li>\n<li data-start=\"1180\" data-end=\"1242\">\n<p data-start=\"1182\" data-end=\"1242\"><strong data-start=\"1182\" data-end=\"1200\">Tiempo de carga:<\/strong> aprox. 1 hora hasta carga completa (t\u00edpico)<\/p>\n<\/li>\n<li data-start=\"1243\" data-end=\"1290\">\n<p data-start=\"1245\" data-end=\"1290\"><strong data-start=\"1245\" data-end=\"1261\">Sistema de bobina:<\/strong> bobina de malla doble (n\u00facleo de malla)<\/p>\n<\/li>\n<li data-start=\"1291\" data-end=\"1368\">\n<p data-start=\"1293\" data-end=\"1368\"><strong data-start=\"1293\" data-end=\"1317\">Activaci\u00f3n \/ salida:<\/strong> activaci\u00f3n por tracci\u00f3n; tensi\u00f3n y potencia no variables<\/p>\n<\/li>\n<li data-start=\"1369\" data-end=\"1484\">\n<p data-start=\"1371\" data-end=\"1390\"><strong data-start=\"1371\" data-end=\"1388\">Caracter\u00edsticas principales:<\/strong><\/p>\n<ul data-start=\"1393\" data-end=\"1484\">\n<li data-start=\"1393\" data-end=\"1421\">\n<p data-start=\"1395\" data-end=\"1421\">Pantalla indicadora de bater\u00eda<\/p>\n<\/li>\n<li data-start=\"1424\" data-end=\"1484\">\n<p data-start=\"1426\" data-end=\"1484\">Doble bobina de malla para mejorar la estabilidad del vapor y el sabor<\/p>\n<\/li>\n<\/ul>\n<\/li>\n<li data-start=\"1485\" data-end=\"1523\">\n<p data-start=\"1487\" data-end=\"1523\"><strong data-start=\"1487\" data-end=\"1502\">Dimensiones:<\/strong> 22,5 \u00d7 26 \u00d7 115 mm<\/p>\n<\/li>\n<li data-start=\"1524\" data-end=\"1547\">\n<p data-start=\"1526\" data-end=\"1547\"><strong data-start=\"1526\" data-end=\"1537\">Peso:<\/strong> ~99.6 g<\/p>\n<\/li>\n<li data-start=\"1548\" data-end=\"1608\">\n<p data-start=\"1550\" data-end=\"1608\"><strong data-start=\"1550\" data-end=\"1564\">Embalaje:<\/strong> 10 unidades \/ caja (paquete de transporte en caja de regalo)<\/p>\n<\/li>\n<li data-start=\"1609\" data-end=\"1865\">\n<p data-start=\"1611\" data-end=\"1635\"><strong data-start=\"1611\" data-end=\"1633\">Lugar de despacho:<\/strong><\/p>\n<ul data-start=\"1638\" data-end=\"1865\">\n<li data-start=\"1638\" data-end=\"1689\">\n<p data-start=\"1640\" data-end=\"1689\">Pedidos UE: desde almac\u00e9n UE (Alemania \/ Berl\u00edn)<\/p>\n<\/li>\n<li data-start=\"1692\" data-end=\"1865\">\n<p data-start=\"1694\" data-end=\"1865\">Otras regiones: normalmente desde Shenzhen, China; los pedidos en d\u00edas laborables realizados antes de las 14:00 hora local suelen enviarse el mismo d\u00eda; DDP disponible en funci\u00f3n de las normas de destino.<\/p>\n<\/li>\n<\/ul>\n<\/li>\n<li data-start=\"1866\" data-end=\"1935\">\n<p data-start=\"1868\" data-end=\"1935\"><strong data-start=\"1868\" data-end=\"1885\">Adecuado para:<\/strong> adultos mayores de 18 a\u00f1os de acuerdo con la normativa local<\/p>\n<\/li>\n<\/ul>\n<p data-start=\"1937\" data-end=\"2073\">La configuraci\u00f3n se ajusta para proporcionar una <strong data-start=\"1987\" data-end=\"2004\">puff falcon x<\/strong> con un rendimiento de ciclo largo y una respuesta concisa en el dispositivo.<\/p>\n<h3 data-start=\"2075\" data-end=\"2113\">Indicador de bater\u00eda y plataforma de alimentaci\u00f3n<\/h3>\n<p data-start=\"2115\" data-end=\"2206\">En <strong data-start=\"2119\" data-end=\"2147\">pantalla indicadora de bater\u00eda<\/strong> da una visi\u00f3n general de la carga restante, apoyando:<\/p>\n<ul data-start=\"2208\" data-end=\"2346\">\n<li data-start=\"2208\" data-end=\"2244\">\n<p data-start=\"2210\" data-end=\"2244\">mejor planificaci\u00f3n para los grandes usuarios,<\/p>\n<\/li>\n<li data-start=\"2245\" data-end=\"2295\">\n<p data-start=\"2247\" data-end=\"2295\">menos interrupciones inesperadas durante el d\u00eda,<\/p>\n<\/li>\n<li data-start=\"2296\" data-end=\"2346\">\n<p data-start=\"2298\" data-end=\"2346\">un seguimiento m\u00e1s f\u00e1cil del comportamiento de las cargas a lo largo del tiempo.<\/p>\n<\/li>\n<\/ul>\n<p data-start=\"2348\" data-end=\"2626\">En <strong data-start=\"2352\" data-end=\"2363\">950 mAh<\/strong> se ajusta a la capacidad de 20 mL y al valor nominal <strong data-start=\"2418\" data-end=\"2429\">28k jnr<\/strong> ciclo de vida. La interfaz Type-C est\u00e1 especificada para una carga completa en aproximadamente una hora en condiciones normales, lo que ayuda a mantener el tiempo de inactividad manejable para los usuarios frecuentes del <strong data-start=\"2598\" data-end=\"2625\">JNR Falcon-X plus 28000<\/strong>.<\/p>\n<h3 data-start=\"2628\" data-end=\"2658\">Rendimiento de la bobina de malla doble<\/h3>\n<p data-start=\"2660\" data-end=\"2737\">El dise\u00f1o de doble bobina de malla en este <strong data-start=\"2694\" data-end=\"2715\">puff jnr falcon x<\/strong> modelo tiene por objeto:<\/p>\n<ul data-start=\"2739\" data-end=\"2954\">\n<li data-start=\"2739\" data-end=\"2811\">\n<p data-start=\"2741\" data-end=\"2811\">distribuyen el calor por una superficie mayor que las bobinas de un solo hilo,<\/p>\n<\/li>\n<li data-start=\"2812\" data-end=\"2882\">\n<p data-start=\"2814\" data-end=\"2882\">soportan una salida de vapor m\u00e1s densa con una expresi\u00f3n de sabor m\u00e1s uniforme,<\/p>\n<\/li>\n<li data-start=\"2883\" data-end=\"2954\">\n<p data-start=\"2885\" data-end=\"2954\">reducen la probabilidad de golpes secos cuando se utilizan dentro de los par\u00e1metros normales.<\/p>\n<\/li>\n<\/ul>\n<p data-start=\"2956\" data-end=\"3075\">Esta configuraci\u00f3n de la bobina es fundamental para obtener el perfil frutal y uniforme que se espera de un moderno <strong data-start=\"3051\" data-end=\"3063\">halc\u00f3n x<\/strong> desechable.<\/p>\n<h3 data-start=\"3077\" data-end=\"3103\">JNR X Plus 28k Sabores<\/h3>\n<p data-start=\"3105\" data-end=\"3198\">El cat\u00e1logo de sabores de <strong data-start=\"3131\" data-end=\"3158\">JNR Falcon-X Plus 28000<\/strong> se centra en las frutas y las mezclas de frutas y hielo:<\/p>\n<ol data-start=\"3200\" data-end=\"3456\">\n<li data-start=\"3200\" data-end=\"3218\">\n<p data-start=\"3203\" data-end=\"3218\">Mezcla de bayas<\/p>\n<\/li>\n<li data-start=\"3219\" data-end=\"3240\">\n<p data-start=\"3222\" data-end=\"3240\">Hielo del Drag\u00f3n Negro<\/p>\n<\/li>\n<li data-start=\"3241\" data-end=\"3257\">\n<p data-start=\"3244\" data-end=\"3257\">Melocot\u00f3n baya<\/p>\n<\/li>\n<li data-start=\"3258\" data-end=\"3282\">\n<p data-start=\"3261\" data-end=\"3282\">Mango Fruta de la pasi\u00f3n<\/p>\n<\/li>\n<li data-start=\"3283\" data-end=\"3303\">\n<p data-start=\"3286\" data-end=\"3303\">Fresa Kiwi<\/p>\n<\/li>\n<li data-start=\"3304\" data-end=\"3333\">\n<p data-start=\"3307\" data-end=\"3333\">Zarzamora Frambuesa roja<\/p>\n<\/li>\n<li data-start=\"3334\" data-end=\"3361\">\n<p data-start=\"3337\" data-end=\"3361\">Sand\u00eda Mango Melocot\u00f3n<\/p>\n<\/li>\n<li data-start=\"3362\" data-end=\"3393\">\n<p data-start=\"3365\" data-end=\"3393\">Ar\u00e1ndano Frambuesa Cereza<\/p>\n<\/li>\n<li data-start=\"3394\" data-end=\"3424\">\n<p data-start=\"3397\" data-end=\"3424\">Hielo de ar\u00e1ndano y granada<\/p>\n<\/li>\n<li data-start=\"3425\" data-end=\"3456\">\n<p data-start=\"3429\" data-end=\"3456\">Hielo de fresa y sand\u00eda<\/p>\n<\/li>\n<\/ol>\n<p data-start=\"3458\" data-end=\"3644\">A <strong data-start=\"3460\" data-end=\"3496\">\u201cSabores aleatorios (entrega r\u00e1pida)\u201d<\/strong> tambi\u00e9n est\u00e1 disponible, proporcionando selecciones surtidas de la lista anterior para acortar el tiempo de manipulaci\u00f3n y reducir la duplicaci\u00f3n dentro de la misma caja.<\/p>\n<h3 data-start=\"3646\" data-end=\"3671\">Perfil del usuario<\/h3>\n<p data-start=\"3673\" data-end=\"3741\">En <strong data-start=\"3677\" data-end=\"3704\">JNR Falcon-X plus 28000<\/strong> es adecuado para vapers adultos (18+) que:<\/p>\n<ul data-start=\"3743\" data-end=\"4104\">\n<li data-start=\"3743\" data-end=\"3826\">\n<p data-start=\"3745\" data-end=\"3826\">quiere un compacto <strong data-start=\"3760\" data-end=\"3771\">28k jnr<\/strong> dispositivo con mayor tiempo de funcionamiento y menos sustituciones,<\/p>\n<\/li>\n<li data-start=\"3827\" data-end=\"3897\">\n<p data-start=\"3829\" data-end=\"3897\">prefieren los perfiles de frutas y bayas mixtas con textura de doble bobina de malla,<\/p>\n<\/li>\n<li data-start=\"3898\" data-end=\"3964\">\n<p data-start=\"3900\" data-end=\"3964\">valor una pantalla indicadora de bater\u00eda para conocer el estado de un vistazo,<\/p>\n<\/li>\n<li data-start=\"3965\" data-end=\"4104\">\n<p data-start=\"3967\" data-end=\"4104\">requieren un formato desechable sellado sin recargas ni cambios de bobina, a la vez que conservan la comodidad del Tipo-C en un <strong data-start=\"4077\" data-end=\"4094\">puff falcon x<\/strong> plataforma.<\/p>\n<\/li>\n<\/ul>\n<h3 data-start=\"4106\" data-end=\"4117\">Resumen<\/h3>\n<p data-start=\"4119\" data-end=\"4551\">Combinando un dep\u00f3sito de 20 mL, una unidad de alimentaci\u00f3n Type-C de 950 mAh, un sistema de doble bobina de malla y una pantalla indicadora de bater\u00eda, el <strong data-start=\"4231\" data-end=\"4258\">JNR Falcon-X plus 28000<\/strong> ofrece una experiencia de ciclo largo y bajo mantenimiento en un formato delgado. Como <strong data-start=\"4341\" data-end=\"4353\">halc\u00f3n x<\/strong> y un s\u00f3lido representante de la <strong data-start=\"4397\" data-end=\"4444\">puff jnr falcon x \/ puff falcon x \/ 28k jnr<\/strong> ofrece una combinaci\u00f3n equilibrada de autonom\u00eda, claridad de la informaci\u00f3n y sabor afrutado.<\/p>","protected":false},"excerpt":{"rendered":"<p>JNR Falcon-X Plus 28000: jnr de 28k con hasta 28.000 caladas, 20 mL, doble bobina de malla, 950 mAh Type-C y pantalla indicadora de bater\u00eda.<\/p>","protected":false},"featured_media":21367,"comment_status":"open","ping_status":"closed","template":"","meta":{"_acf_changed":false},"pwb-brand":[167],"product_brand":[],"product_cat":[88,57,84,93,95],"product_tag":[69],"class_list":{"0":"post-16180","1":"product","2":"type-product","3":"status-publish","4":"has-post-thumbnail","6":"pwb-brand-jnr","7":"product_cat-crystal-vape","8":"product_cat-disposable-vape","9":"product_cat-eu-warehouse-in-stock","10":"product_cat-rechargeable-vapes","11":"product_cat-vape-with-screen","12":"product_tag-puff-30000","14":"first","15":"instock","16":"shipping-taxable","17":"purchasable","18":"product-type-variable"},"acf":[],"yoast_head":"<!-- This site is optimized with the Yoast SEO Premium plugin v26.3 (Yoast SEO v26.3) - https:\/\/yoast.com\/wordpress\/plugins\/seo\/ -->\n<title>JNR Falcon-X Plus 28000 \u2014 28k jnr, Dual Mesh, 20 mL, Type-C - EuVapen<\/title>\n<meta name=\"description\" content=\"JNR Falcon-X plus 28000 is a falcon x device with up to 28,000 puffs, 20 mL prefill, dual mesh coil, 950 mAh Type-C and battery indicator screen\u2014a reliable puff jnr falcon x \/ puff falcon x option from EU warehouse.\" \/>\n<meta name=\"robots\" content=\"index, follow, max-snippet:-1, max-image-preview:large, max-video-preview:-1\" \/>\n<link rel=\"canonical\" href=\"https:\/\/euvapen.com\/es\/producto\/jnr-falcon-x-plus-28000-puffs-vape-desechable\/\" \/>\n<meta property=\"og:locale\" content=\"es_ES\" \/>\n<meta property=\"og:type\" content=\"article\" \/>\n<meta property=\"og:title\" content=\"JNR Falcon-X Plus 28000 Puffs\u00a0\u2013 Disposable Vape\" \/>\n<meta property=\"og:description\" content=\"JNR Falcon-X plus 28000 is a falcon x device with up to 28,000 puffs, 20 mL prefill, dual mesh coil, 950 mAh Type-C and battery indicator screen\u2014a reliable puff jnr falcon x \/ puff falcon x option from EU warehouse.\" \/>\n<meta property=\"og:url\" content=\"https:\/\/euvapen.com\/es\/producto\/jnr-falcon-x-plus-28000-puffs-vape-desechable\/\" \/>\n<meta property=\"og:site_name\" content=\"EuVapen\" \/>\n<meta property=\"article:modified_time\" content=\"2025-11-19T06:24:12+00:00\" \/>\n<meta property=\"og:image\" content=\"https:\/\/euvapen.com\/wp-content\/uploads\/2025\/11\/JNR-Falcon-X-Plus-28000-Puffs-Disposable-Vape.webp\" \/>\n\t<meta property=\"og:image:width\" content=\"1000\" \/>\n\t<meta property=\"og:image:height\" content=\"1000\" \/>\n\t<meta property=\"og:image:type\" content=\"image\/webp\" \/>\n<meta name=\"twitter:card\" content=\"summary_large_image\" \/>\n<meta name=\"twitter:label1\" content=\"Disponibilidad\" \/>\n\t<meta name=\"twitter:data1\" content=\"Disponible\" \/>\n<script type=\"application\/ld+json\" class=\"yoast-schema-graph\">{\"@context\":\"https:\/\/schema.org\",\"@graph\":[{\"@type\":\"WebPage\",\"@id\":\"https:\/\/euvapen.com\/product\/jnr-falcon-x-plus-28000-puffs-disposable-vape\/\",\"url\":\"https:\/\/euvapen.com\/product\/jnr-falcon-x-plus-28000-puffs-disposable-vape\/\",\"name\":\"JNR Falcon-X Plus 28000 \u2014 28k jnr, Dual Mesh, 20 mL, Type-C - EuVapen\",\"isPartOf\":{\"@id\":\"https:\/\/euvapen.com\/#website\"},\"primaryImageOfPage\":{\"@id\":\"https:\/\/euvapen.com\/product\/jnr-falcon-x-plus-28000-puffs-disposable-vape\/#primaryimage\"},\"image\":{\"@id\":\"https:\/\/euvapen.com\/product\/jnr-falcon-x-plus-28000-puffs-disposable-vape\/#primaryimage\"},\"thumbnailUrl\":\"https:\/\/euvapen.com\/wp-content\/uploads\/2025\/11\/JNR-Falcon-X-Plus-28000-Puffs-Disposable-Vape.webp\",\"datePublished\":\"2025-11-11T06:47:39+00:00\",\"dateModified\":\"2025-11-19T06:24:12+00:00\",\"description\":\"JNR Falcon-X plus 28000 is a falcon x device with up to 28,000 puffs, 20 mL prefill, dual mesh coil, 950 mAh Type-C and battery indicator screen\u2014a reliable puff jnr falcon x \/ puff falcon x option from EU warehouse.\",\"breadcrumb\":{\"@id\":\"https:\/\/euvapen.com\/product\/jnr-falcon-x-plus-28000-puffs-disposable-vape\/#breadcrumb\"},\"inLanguage\":\"es\",\"potentialAction\":[{\"@type\":\"ReadAction\",\"target\":[\"https:\/\/euvapen.com\/product\/jnr-falcon-x-plus-28000-puffs-disposable-vape\/\"]}]},{\"@type\":\"ImageObject\",\"inLanguage\":\"es\",\"@id\":\"https:\/\/euvapen.com\/product\/jnr-falcon-x-plus-28000-puffs-disposable-vape\/#primaryimage\",\"url\":\"https:\/\/euvapen.com\/wp-content\/uploads\/2025\/11\/JNR-Falcon-X-Plus-28000-Puffs-Disposable-Vape.webp\",\"contentUrl\":\"https:\/\/euvapen.com\/wp-content\/uploads\/2025\/11\/JNR-Falcon-X-Plus-28000-Puffs-Disposable-Vape.webp\",\"width\":1000,\"height\":1000,\"caption\":\"JNR Falcon-X Plus 28000 Puffs Disposable Vape\"},{\"@type\":\"BreadcrumbList\",\"@id\":\"https:\/\/euvapen.com\/product\/jnr-falcon-x-plus-28000-puffs-disposable-vape\/#breadcrumb\",\"itemListElement\":[{\"@type\":\"ListItem\",\"position\":1,\"name\":\"Home\",\"item\":\"https:\/\/euvapen.com\/\"},{\"@type\":\"ListItem\",\"position\":2,\"name\":\"Shop\",\"item\":\"https:\/\/euvapen.com\/shop\/\"},{\"@type\":\"ListItem\",\"position\":3,\"name\":\"JNR Falcon-X Plus 28000 Puffs\u00a0\u2013 Disposable Vape\"}]},{\"@type\":\"WebSite\",\"@id\":\"https:\/\/euvapen.com\/#website\",\"url\":\"https:\/\/euvapen.com\/\",\"name\":\"bestpuffvape\",\"description\":\"\",\"publisher\":{\"@id\":\"https:\/\/euvapen.com\/#organization\"},\"potentialAction\":[{\"@type\":\"SearchAction\",\"target\":{\"@type\":\"EntryPoint\",\"urlTemplate\":\"https:\/\/euvapen.com\/?s={search_term_string}\"},\"query-input\":{\"@type\":\"PropertyValueSpecification\",\"valueRequired\":true,\"valueName\":\"search_term_string\"}}],\"inLanguage\":\"es\"},{\"@type\":[\"Organization\",\"Place\"],\"@id\":\"https:\/\/euvapen.com\/#organization\",\"name\":\"bestpuffvape\",\"alternateName\":\"bestpuffvape\",\"url\":\"https:\/\/euvapen.com\/\",\"logo\":{\"@id\":\"https:\/\/euvapen.com\/product\/jnr-falcon-x-plus-28000-puffs-disposable-vape\/#local-main-organization-logo\"},\"image\":{\"@id\":\"https:\/\/euvapen.com\/product\/jnr-falcon-x-plus-28000-puffs-disposable-vape\/#local-main-organization-logo\"},\"telephone\":[],\"openingHoursSpecification\":[{\"@type\":\"OpeningHoursSpecification\",\"dayOfWeek\":[\"Monday\",\"Tuesday\",\"Wednesday\",\"Thursday\",\"Friday\",\"Saturday\",\"Sunday\"],\"opens\":\"00:00\",\"closes\":\"23:59\"}]},{\"@type\":\"ImageObject\",\"inLanguage\":\"es\",\"@id\":\"https:\/\/euvapen.com\/product\/jnr-falcon-x-plus-28000-puffs-disposable-vape\/#local-main-organization-logo\",\"url\":\"https:\/\/euvapen.com\/wp-content\/uploads\/2025\/10\/cropped-puffvape-logo.png\",\"contentUrl\":\"https:\/\/euvapen.com\/wp-content\/uploads\/2025\/10\/cropped-puffvape-logo.png\",\"width\":512,\"height\":512,\"caption\":\"bestpuffvape\"}]}<\/script>\n<meta property=\"og:availability\" content=\"instock\" \/>\n<meta property=\"product:availability\" content=\"instock\" \/>\n<meta property=\"product:retailer_item_id\" content=\"JNR-Falcon-X-Plus-28k\" \/>\n<meta property=\"product:condition\" content=\"new\" \/>\n<!-- \/ Yoast SEO Premium plugin. -->","yoast_head_json":{"title":"JNR Falcon-X Plus 28000 \u2014 28k jnr, Dual Mesh, 20 mL, Type-C - EuVapen","description":"JNR Falcon-X plus 28000 es un dispositivo falcon x con hasta 28.000 caladas, precarga de 20 mL, bobina de malla doble, 950 mAh Tipo-C y pantalla indicadora de bater\u00eda-una opci\u00f3n fiable de jnr falcon x \/ puff falcon x desde el almac\u00e9n de la UE.","robots":{"index":"index","follow":"follow","max-snippet":"max-snippet:-1","max-image-preview":"max-image-preview:large","max-video-preview":"max-video-preview:-1"},"canonical":"https:\/\/euvapen.com\/es\/producto\/jnr-falcon-x-plus-28000-puffs-vape-desechable\/","og_locale":"es_ES","og_type":"article","og_title":"JNR Falcon-X Plus 28000 Puffs\u00a0\u2013 Disposable Vape","og_description":"JNR Falcon-X plus 28000 is a falcon x device with up to 28,000 puffs, 20 mL prefill, dual mesh coil, 950 mAh Type-C and battery indicator screen\u2014a reliable puff jnr falcon x \/ puff falcon x option from EU warehouse.","og_url":"https:\/\/euvapen.com\/es\/producto\/jnr-falcon-x-plus-28000-puffs-vape-desechable\/","og_site_name":"EuVapen","article_modified_time":"2025-11-19T06:24:12+00:00","og_image":[{"width":1000,"height":1000,"url":"https:\/\/euvapen.com\/wp-content\/uploads\/2025\/11\/JNR-Falcon-X-Plus-28000-Puffs-Disposable-Vape.webp","type":"image\/webp"}],"twitter_card":"summary_large_image","twitter_misc":{"Disponibilidad":"Disponible"},"schema":{"@context":"https:\/\/schema.org","@graph":[{"@type":"WebPage","@id":"https:\/\/euvapen.com\/product\/jnr-falcon-x-plus-28000-puffs-disposable-vape\/","url":"https:\/\/euvapen.com\/product\/jnr-falcon-x-plus-28000-puffs-disposable-vape\/","name":"JNR Falcon-X Plus 28000 \u2014 28k jnr, Dual Mesh, 20 mL, Type-C - EuVapen","isPartOf":{"@id":"https:\/\/euvapen.com\/#website"},"primaryImageOfPage":{"@id":"https:\/\/euvapen.com\/product\/jnr-falcon-x-plus-28000-puffs-disposable-vape\/#primaryimage"},"image":{"@id":"https:\/\/euvapen.com\/product\/jnr-falcon-x-plus-28000-puffs-disposable-vape\/#primaryimage"},"thumbnailUrl":"https:\/\/euvapen.com\/wp-content\/uploads\/2025\/11\/JNR-Falcon-X-Plus-28000-Puffs-Disposable-Vape.webp","datePublished":"2025-11-11T06:47:39+00:00","dateModified":"2025-11-19T06:24:12+00:00","description":"JNR Falcon-X plus 28000 es un dispositivo falcon x con hasta 28.000 caladas, precarga de 20 mL, bobina de malla doble, 950 mAh Tipo-C y pantalla indicadora de bater\u00eda-una opci\u00f3n fiable de jnr falcon x \/ puff falcon x desde el almac\u00e9n de la UE.","breadcrumb":{"@id":"https:\/\/euvapen.com\/product\/jnr-falcon-x-plus-28000-puffs-disposable-vape\/#breadcrumb"},"inLanguage":"es","potentialAction":[{"@type":"ReadAction","target":["https:\/\/euvapen.com\/product\/jnr-falcon-x-plus-28000-puffs-disposable-vape\/"]}]},{"@type":"ImageObject","inLanguage":"es","@id":"https:\/\/euvapen.com\/product\/jnr-falcon-x-plus-28000-puffs-disposable-vape\/#primaryimage","url":"https:\/\/euvapen.com\/wp-content\/uploads\/2025\/11\/JNR-Falcon-X-Plus-28000-Puffs-Disposable-Vape.webp","contentUrl":"https:\/\/euvapen.com\/wp-content\/uploads\/2025\/11\/JNR-Falcon-X-Plus-28000-Puffs-Disposable-Vape.webp","width":1000,"height":1000,"caption":"JNR Falcon-X Plus 28000 Puffs Disposable Vape"},{"@type":"BreadcrumbList","@id":"https:\/\/euvapen.com\/product\/jnr-falcon-x-plus-28000-puffs-disposable-vape\/#breadcrumb","itemListElement":[{"@type":"ListItem","position":1,"name":"Home","item":"https:\/\/euvapen.com\/"},{"@type":"ListItem","position":2,"name":"Shop","item":"https:\/\/euvapen.com\/shop\/"},{"@type":"ListItem","position":3,"name":"JNR Falcon-X Plus 28000 Puffs\u00a0\u2013 Disposable Vape"}]},{"@type":"WebSite","@id":"https:\/\/euvapen.com\/#website","url":"https:\/\/euvapen.com\/","name":"bestpuffvape","description":"","publisher":{"@id":"https:\/\/euvapen.com\/#organization"},"potentialAction":[{"@type":"SearchAction","target":{"@type":"EntryPoint","urlTemplate":"https:\/\/euvapen.com\/?s={search_term_string}"},"query-input":{"@type":"PropertyValueSpecification","valueRequired":true,"valueName":"search_term_string"}}],"inLanguage":"es"},{"@type":["Organization","Place"],"@id":"https:\/\/euvapen.com\/#organization","name":"bestpuffvape","alternateName":"bestpuffvape","url":"https:\/\/euvapen.com\/","logo":{"@id":"https:\/\/euvapen.com\/product\/jnr-falcon-x-plus-28000-puffs-disposable-vape\/#local-main-organization-logo"},"image":{"@id":"https:\/\/euvapen.com\/product\/jnr-falcon-x-plus-28000-puffs-disposable-vape\/#local-main-organization-logo"},"telephone":[],"openingHoursSpecification":[{"@type":"OpeningHoursSpecification","dayOfWeek":["Monday","Tuesday","Wednesday","Thursday","Friday","Saturday","Sunday"],"opens":"00:00","closes":"23:59"}]},{"@type":"ImageObject","inLanguage":"es","@id":"https:\/\/euvapen.com\/product\/jnr-falcon-x-plus-28000-puffs-disposable-vape\/#local-main-organization-logo","url":"https:\/\/euvapen.com\/wp-content\/uploads\/2025\/10\/cropped-puffvape-logo.png","contentUrl":"https:\/\/euvapen.com\/wp-content\/uploads\/2025\/10\/cropped-puffvape-logo.png","width":512,"height":512,"caption":"bestpuffvape"}]},"og_availability":"instock","product_availability":"instock","product_retailer_item_id":"JNR-Falcon-X-Plus-28k","product_condition":"new"},"brands":[{"id":167,"name":"Jnr","slug":"jnr"}],"tiered_pricing_type":"fixed","tiered_pricing_fixed_rules":{"30":"12","50":"11.5","100":"11","200":"10.5"},"tiered_pricing_product_settings":{"layout":"default","base_unit_name":{"singular":null,"plural":null},"default_variation":{}},"tiered_pricing_minimum_quantity":10,"tiered_pricing_roles_data":[],"tiered_pricing_percentage_rules":[],"tiered_pricing_maximum_quantity":null,"tiered_pricing_quantity_step":null,"_links":{"self":[{"href":"https:\/\/euvapen.com\/es\/wp-json\/wp\/v2\/product\/16180","targetHints":{"allow":["GET"]}}],"collection":[{"href":"https:\/\/euvapen.com\/es\/wp-json\/wp\/v2\/product"}],"about":[{"href":"https:\/\/euvapen.com\/es\/wp-json\/wp\/v2\/types\/product"}],"replies":[{"embeddable":true,"href":"https:\/\/euvapen.com\/es\/wp-json\/wp\/v2\/comments?post=16180"}],"wp:featuredmedia":[{"embeddable":true,"href":"https:\/\/euvapen.com\/es\/wp-json\/wp\/v2\/media\/21367"}],"wp:attachment":[{"href":"https:\/\/euvapen.com\/es\/wp-json\/wp\/v2\/media?parent=16180"}],"wp:term":[{"taxonomy":"pwb-brand","embeddable":true,"href":"https:\/\/euvapen.com\/es\/wp-json\/wp\/v2\/pwb-brand?post=16180"},{"taxonomy":"product_brand","embeddable":true,"href":"https:\/\/euvapen.com\/es\/wp-json\/wp\/v2\/product_brand?post=16180"},{"taxonomy":"product_cat","embeddable":true,"href":"https:\/\/euvapen.com\/es\/wp-json\/wp\/v2\/product_cat?post=16180"},{"taxonomy":"product_tag","embeddable":true,"href":"https:\/\/euvapen.com\/es\/wp-json\/wp\/v2\/product_tag?post=16180"}],"curies":[{"name":"wp","href":"https:\/\/api.w.org\/{rel}","templated":true}]}}