{"id":16187,"date":"2025-11-10T10:38:35","date_gmt":"2025-11-10T10:38:35","guid":{"rendered":"https:\/\/euvapen.com\/?post_type=product&#038;p=16187"},"modified":"2025-11-19T06:26:11","modified_gmt":"2025-11-19T06:26:11","slug":"jnr-tank-pro-33000-puffs-disposable-vape","status":"publish","type":"product","link":"https:\/\/euvapen.com\/es\/producto\/jnr-tank-pro-33000-puffs-disposable-vape\/","title":{"rendered":"JNR Tank Pro 33000 Puffs - Vape desechable"},"content":{"rendered":"<h2 data-start=\"260\" data-end=\"324\">JNR TANK PRO 33000 - Multi-Mesh 33k jnr con Pantalla Digital<\/h2>\n<p data-start=\"326\" data-end=\"641\">En <strong data-start=\"330\" data-end=\"352\">JNR TANK PRO 33000<\/strong> es un desechable de alta capacidad dise\u00f1ado para un uso prolongado, una salida estable y una respuesta clara en el dispositivo. Como <strong data-start=\"459\" data-end=\"470\">33k jnr<\/strong> con capacidad para <strong data-start=\"496\" data-end=\"524\">JNR TANK PRO 33000 caladas<\/strong>, Combina un dep\u00f3sito de 28 ml, una arquitectura de bobina de malla m\u00faltiple y una pantalla digital en un formato compacto de uso cotidiano.<\/p>\n<p data-start=\"643\" data-end=\"840\">Dentro de la l\u00ednea JNR, este modelo se dirige a los usuarios que desean que el tiempo de ejecuci\u00f3n de un <strong data-start=\"715\" data-end=\"731\">puff 33k jnr<\/strong> sin la complejidad de los sistemas rellenables, al tiempo que se beneficia de la informaci\u00f3n digital de estado.<\/p>\n<h3 data-start=\"842\" data-end=\"864\">Especificaciones principales de JNR Tank Pro 33000<\/h3>\n<ul data-start=\"866\" data-end=\"1850\">\n<li data-start=\"866\" data-end=\"904\">\n<p data-start=\"868\" data-end=\"904\"><strong data-start=\"868\" data-end=\"883\">Nombre del modelo:<\/strong> JNR TANK PRO 33000<\/p>\n<\/li>\n<li data-start=\"905\" data-end=\"923\">\n<p data-start=\"907\" data-end=\"923\"><strong data-start=\"907\" data-end=\"917\">Marca:<\/strong> JNR<\/p>\n<\/li>\n<li data-start=\"924\" data-end=\"1018\">\n<p data-start=\"926\" data-end=\"1018\"><strong data-start=\"926\" data-end=\"942\">Clasificaci\u00f3n del puff:<\/strong> hasta 33.000 caladas (en funci\u00f3n del uso) - cre\u00edble <strong data-start=\"991\" data-end=\"1010\">jnr 33000 puffs<\/strong> clase<\/p>\n<\/li>\n<li data-start=\"1019\" data-end=\"1078\">\n<p data-start=\"1021\" data-end=\"1078\"><strong data-start=\"1021\" data-end=\"1043\">Capacidad de e-l\u00edquido:<\/strong> 28 ml precargado (no recargable)<\/p>\n<\/li>\n<li data-start=\"1079\" data-end=\"1138\">\n<p data-start=\"1081\" data-end=\"1138\"><strong data-start=\"1081\" data-end=\"1104\">Potencias de nicotina:<\/strong> 2% (20 mg\/mL) y 5% (50 mg\/mL)<\/p>\n<\/li>\n<li data-start=\"1139\" data-end=\"1184\">\n<p data-start=\"1141\" data-end=\"1184\"><strong data-start=\"1141\" data-end=\"1153\">Bater\u00eda:<\/strong> 850 mAh, recargable Tipo-C<\/p>\n<\/li>\n<li data-start=\"1185\" data-end=\"1251\">\n<p data-start=\"1187\" data-end=\"1251\"><strong data-start=\"1187\" data-end=\"1205\">Tiempo de carga:<\/strong> aprox. 50 minutos hasta carga completa (t\u00edpico)<\/p>\n<\/li>\n<li data-start=\"1252\" data-end=\"1351\">\n<p data-start=\"1254\" data-end=\"1351\"><strong data-start=\"1254\" data-end=\"1270\">Sistema de bobina:<\/strong> n\u00facleo de malla con configuraci\u00f3n multimalla (doble \/ triple) seg\u00fan se especifique por lote<\/p>\n<\/li>\n<li data-start=\"1352\" data-end=\"1429\">\n<p data-start=\"1354\" data-end=\"1429\"><strong data-start=\"1354\" data-end=\"1378\">Activaci\u00f3n \/ salida:<\/strong> activaci\u00f3n por tracci\u00f3n; tensi\u00f3n y potencia no variables<\/p>\n<\/li>\n<li data-start=\"1430\" data-end=\"1563\">\n<p data-start=\"1432\" data-end=\"1451\"><strong data-start=\"1432\" data-end=\"1449\">Caracter\u00edsticas principales:<\/strong><\/p>\n<ul data-start=\"1454\" data-end=\"1563\">\n<li data-start=\"1454\" data-end=\"1508\">\n<p data-start=\"1456\" data-end=\"1508\">Arquitectura de bobina de malla triple (calefacci\u00f3n de malla m\u00faltiple)<\/p>\n<\/li>\n<li data-start=\"1511\" data-end=\"1563\">\n<p data-start=\"1513\" data-end=\"1563\">Pantalla digital para informaci\u00f3n esencial sobre el estado<\/p>\n<\/li>\n<\/ul>\n<\/li>\n<li data-start=\"1564\" data-end=\"1600\">\n<p data-start=\"1566\" data-end=\"1600\"><strong data-start=\"1566\" data-end=\"1581\">Dimensiones:<\/strong> 62 \u00d7 31 \u00d7 116 mm<\/p>\n<\/li>\n<li data-start=\"1601\" data-end=\"1623\">\n<p data-start=\"1603\" data-end=\"1623\"><strong data-start=\"1603\" data-end=\"1614\">Peso:<\/strong> ~114 g<\/p>\n<\/li>\n<li data-start=\"1624\" data-end=\"1684\">\n<p data-start=\"1626\" data-end=\"1684\"><strong data-start=\"1626\" data-end=\"1640\">Embalaje:<\/strong> 10 unidades \/ caja (paquete de transporte en caja de regalo)<\/p>\n<\/li>\n<li data-start=\"1685\" data-end=\"1786\">\n<p data-start=\"1687\" data-end=\"1786\"><strong data-start=\"1687\" data-end=\"1709\">Lugar de despacho:<\/strong> Almac\u00e9n de la UE<\/p>\n<\/li>\n<li data-start=\"1685\" data-end=\"1786\">Los pedidos a Europa se env\u00edan desde nuestro almac\u00e9n de Alemania; los pedidos a otras regiones suelen enviarse desde nuestro almac\u00e9n de Shenzhen, China. Los pedidos realizados antes de las 14.00 horas en d\u00edas laborables pueden enviarse el mismo d\u00eda. Admitimos DDP (Delivered Duty Paid) en funci\u00f3n de las pol\u00edticas del pa\u00eds de destino.<\/li>\n<li data-start=\"1685\" data-end=\"1786\">\n<p data-start=\"1687\" data-end=\"1786\"><strong data-start=\"1789\" data-end=\"1806\">Adecuado para:<\/strong> adultos mayores de 18 a\u00f1os seg\u00fan la normativa local<\/p>\n<\/li>\n<\/ul>\n<p data-start=\"1852\" data-end=\"1957\">La configuraci\u00f3n se ajusta para dar <strong data-start=\"1887\" data-end=\"1915\">JNR TANK PRO 33000 caladas<\/strong> de servicio en un cuerpo robusto pero port\u00e1til.<\/p>\n<h3 data-start=\"1959\" data-end=\"1996\">Bobina de malla m\u00faltiple y pantalla digital<\/h3>\n<p data-start=\"1998\" data-end=\"2089\">El sistema de bobinas de malla m\u00faltiple es fundamental para el perfil de rendimiento de <strong data-start=\"2066\" data-end=\"2088\">JNR TANK PRO 33000<\/strong>:<\/p>\n<ul data-start=\"2091\" data-end=\"2306\">\n<li data-start=\"2091\" data-end=\"2165\">\n<p data-start=\"2093\" data-end=\"2165\">distribuye el calor a trav\u00e9s de una superficie mayor que las configuraciones de un solo cable,<\/p>\n<\/li>\n<li data-start=\"2166\" data-end=\"2228\">\n<p data-start=\"2168\" data-end=\"2228\">favorece un vapor denso y una expresi\u00f3n m\u00e1s uniforme del sabor,<\/p>\n<\/li>\n<li data-start=\"2229\" data-end=\"2306\">\n<p data-start=\"2231\" data-end=\"2306\">ayuda a reducir la probabilidad de golpes secos cuando se utiliza dentro de los par\u00e1metros normales.<\/p>\n<\/li>\n<\/ul>\n<p data-start=\"2308\" data-end=\"2378\">En <strong data-start=\"2312\" data-end=\"2331\">pantalla digital<\/strong> proporciona indicaciones de estado clave de un vistazo, como:<\/p>\n<ul data-start=\"2380\" data-end=\"2504\">\n<li data-start=\"2380\" data-end=\"2398\">\n<p data-start=\"2382\" data-end=\"2398\">nivel de bater\u00eda,<\/p>\n<\/li>\n<li data-start=\"2399\" data-end=\"2458\">\n<p data-start=\"2401\" data-end=\"2458\">uso o lecturas relacionadas con las caladas (dependiendo del firmware),<\/p>\n<\/li>\n<li data-start=\"2459\" data-end=\"2504\">\n<p data-start=\"2461\" data-end=\"2504\">indicaciones b\u00e1sicas durante la carga o el funcionamiento.<\/p>\n<\/li>\n<\/ul>\n<p data-start=\"2506\" data-end=\"2627\">Esta combinaci\u00f3n de calefacci\u00f3n multimalla y visualizaci\u00f3n en el dispositivo distingue al modelo dentro del <strong data-start=\"2602\" data-end=\"2618\">puff 33k jnr<\/strong> segmento.<\/p>\n<h3 data-start=\"2629\" data-end=\"2647\">Plataforma de energ\u00eda<\/h3>\n<p data-start=\"2649\" data-end=\"2959\">En <strong data-start=\"2653\" data-end=\"2664\">850 mAh<\/strong> bater\u00eda se empareja con un <strong data-start=\"2690\" data-end=\"2700\">Tipo-C<\/strong> y est\u00e1 dise\u00f1ada para una carga completa en unos 50 minutos en condiciones normales. Este perfil de potencia est\u00e1 dise\u00f1ado para adaptarse a la capacidad de 28 ml y a la capacidad nominal de la pila. <strong data-start=\"2876\" data-end=\"2895\">jnr 33000 puffs<\/strong> ciclo de vida, limitando el tiempo de inactividad y soportando el uso diario frecuente.<\/p>\n<h3 data-start=\"2961\" data-end=\"2989\">JNR Tank Pro 33k Sabores<\/h3>\n<p data-start=\"2991\" data-end=\"3078\">La cartera de sabores para <strong data-start=\"3017\" data-end=\"3039\">JNR TANK PRO 33000<\/strong> se centra en la fruta y las mezclas de fruta y hielo:<\/p>\n<ol data-start=\"3080\" data-end=\"3399\">\n<li data-start=\"3080\" data-end=\"3098\">\n<p data-start=\"3083\" data-end=\"3098\">Hielo de ar\u00e1ndanos<\/p>\n<\/li>\n<li data-start=\"3099\" data-end=\"3111\">\n<p data-start=\"3102\" data-end=\"3111\">Sr. Azul<\/p>\n<\/li>\n<li data-start=\"3112\" data-end=\"3131\">\n<p data-start=\"3115\" data-end=\"3131\">Fresa helada<\/p>\n<\/li>\n<li data-start=\"3132\" data-end=\"3152\">\n<p data-start=\"3135\" data-end=\"3152\">Fresa Kiwi<\/p>\n<\/li>\n<li data-start=\"3153\" data-end=\"3170\">\n<p data-start=\"3156\" data-end=\"3170\">Cereza<\/p>\n<\/li>\n<li data-start=\"3171\" data-end=\"3187\">\n<p data-start=\"3174\" data-end=\"3187\">Cereza Cola<\/p>\n<\/li>\n<li data-start=\"3188\" data-end=\"3205\">\n<p data-start=\"3191\" data-end=\"3205\">Manzana doble<\/p>\n<\/li>\n<li data-start=\"3206\" data-end=\"3217\">\n<p data-start=\"3209\" data-end=\"3217\">Hawai<\/p>\n<\/li>\n<li data-start=\"3218\" data-end=\"3249\">\n<p data-start=\"3221\" data-end=\"3249\">Ar\u00e1ndano Frambuesa Cereza<\/p>\n<\/li>\n<li data-start=\"3250\" data-end=\"3280\">\n<p data-start=\"3254\" data-end=\"3280\">Frambuesa \u00e1cida con ar\u00e1ndanos<\/p>\n<\/li>\n<li data-start=\"3281\" data-end=\"3308\">\n<p data-start=\"3285\" data-end=\"3308\">Melocot\u00f3n Mango Pi\u00f1a<\/p>\n<\/li>\n<li data-start=\"3309\" data-end=\"3332\">\n<p data-start=\"3313\" data-end=\"3332\">Fresa Pl\u00e1tano<\/p>\n<\/li>\n<li data-start=\"3333\" data-end=\"3355\">\n<p data-start=\"3337\" data-end=\"3355\">Helado de melocot\u00f3n de verano<\/p>\n<\/li>\n<li data-start=\"3356\" data-end=\"3376\">\n<p data-start=\"3360\" data-end=\"3376\">Hielo de sand\u00eda<\/p>\n<\/li>\n<li data-start=\"3377\" data-end=\"3399\">\n<p data-start=\"3381\" data-end=\"3399\">Azul Razz Cereza<\/p>\n<\/li>\n<\/ol>\n<p data-start=\"3401\" data-end=\"3570\">A <strong data-start=\"3403\" data-end=\"3439\">\u201cSabores aleatorios (entrega r\u00e1pida)\u201d<\/strong> se ofrece la opci\u00f3n de suministrar una mezcla surtida de los sabores anteriores para acortar el tiempo de manipulaci\u00f3n y reducir la duplicaci\u00f3n por caja.<\/p>\n<h3 data-start=\"3572\" data-end=\"3597\">Perfil del usuario<\/h3>\n<p data-start=\"3599\" data-end=\"3662\">En <strong data-start=\"3603\" data-end=\"3625\">JNR TANK PRO 33000<\/strong> es adecuado para vapers adultos (18+) que:<\/p>\n<ul data-start=\"3664\" data-end=\"3925\">\n<li data-start=\"3664\" data-end=\"3731\">\n<p data-start=\"3666\" data-end=\"3731\">prefieren un ciclo largo <strong data-start=\"3686\" data-end=\"3697\">33k jnr<\/strong> dispositivo con menos sustituciones,<\/p>\n<\/li>\n<li data-start=\"3732\" data-end=\"3793\">\n<p data-start=\"3734\" data-end=\"3793\">quieren un vapor denso, tipo malla, y sabores afrutados,<\/p>\n<\/li>\n<li data-start=\"3794\" data-end=\"3850\">\n<p data-start=\"3796\" data-end=\"3850\">valor una pantalla digital para una clara visibilidad del estado,<\/p>\n<\/li>\n<li data-start=\"3851\" data-end=\"3925\">\n<p data-start=\"3853\" data-end=\"3925\">necesitan un formato sellado y desechable que no requiere rellenado ni cambios de bobina.<\/p>\n<\/li>\n<\/ul>\n<h3 data-start=\"3927\" data-end=\"3938\">Resumen<\/h3>\n<p data-start=\"3940\" data-end=\"4364\">Al combinar un dep\u00f3sito precargado de 28 ml, una unidad de alimentaci\u00f3n Type-C de 850 mAh, un sistema de bobina de malla m\u00faltiple y una pantalla digital, el <strong data-start=\"4054\" data-end=\"4076\">JNR TANK PRO 33000<\/strong> ofrece una opci\u00f3n duradera y de bajo mantenimiento en el segmento de productos desechables de gran capacidad. Como <strong data-start=\"4173\" data-end=\"4195\">JNR TANK PRO 33000<\/strong> y un firme representante de la <strong data-start=\"4237\" data-end=\"4271\">puff 33k jnr \/ jnr 33000 puffs<\/strong> ofrece una combinaci\u00f3n equilibrada de tiempo de ejecuci\u00f3n, claridad de la informaci\u00f3n y rendimiento del sabor.<\/p>","protected":false},"excerpt":{"rendered":"<p>JNR TANK PRO 33000: 33k jnr con hasta 33.000 caladas, 28 ml, bobina de malla m\u00faltiple, 850 mAh Type-C y pantalla digital. Env\u00edo desde almac\u00e9n de la UE.<\/p>","protected":false},"featured_media":21384,"comment_status":"open","ping_status":"closed","template":"","meta":{"_acf_changed":false},"pwb-brand":[167],"product_brand":[],"product_cat":[57,84,93,95],"product_tag":[69],"class_list":{"0":"post-16187","1":"product","2":"type-product","3":"status-publish","4":"has-post-thumbnail","6":"pwb-brand-jnr","7":"product_cat-disposable-vape","8":"product_cat-eu-warehouse-in-stock","9":"product_cat-rechargeable-vapes","10":"product_cat-vape-with-screen","11":"product_tag-puff-30000","13":"first","14":"instock","15":"shipping-taxable","16":"purchasable","17":"product-type-variable"},"acf":[],"yoast_head":"<!-- This site is optimized with the Yoast SEO Premium plugin v26.3 (Yoast SEO v26.3) - https:\/\/yoast.com\/wordpress\/plugins\/seo\/ -->\n<title>JNR TANK PRO 33000 \u2014 33k jnr, 33,000 Puffs, Mesh, Type-C - EuVapen<\/title>\n<meta name=\"description\" content=\"JNR TANK PRO 33000 is a 33k jnr device with up to 33,000 puffs, 28 mL prefill, multi-mesh coil, 850 mAh Type-C and digital display. A reliable JNR TANK PRO 33000 puffs option in the puff 33k jnr range, dispatched from EU warehouse.\" \/>\n<meta name=\"robots\" content=\"index, follow, max-snippet:-1, max-image-preview:large, max-video-preview:-1\" \/>\n<link rel=\"canonical\" href=\"https:\/\/euvapen.com\/es\/producto\/jnr-tank-pro-33000-puffs-disposable-vape\/\" \/>\n<meta property=\"og:locale\" content=\"es_ES\" \/>\n<meta property=\"og:type\" content=\"article\" \/>\n<meta property=\"og:title\" content=\"JNR Tank Pro 33000 Puffs\u00a0\u2013 Disposable Vape\" \/>\n<meta property=\"og:description\" content=\"JNR TANK PRO 33000 is a 33k jnr device with up to 33,000 puffs, 28 mL prefill, multi-mesh coil, 850 mAh Type-C and digital display. A reliable JNR TANK PRO 33000 puffs option in the puff 33k jnr range, dispatched from EU warehouse.\" \/>\n<meta property=\"og:url\" content=\"https:\/\/euvapen.com\/es\/producto\/jnr-tank-pro-33000-puffs-disposable-vape\/\" \/>\n<meta property=\"og:site_name\" content=\"EuVapen\" \/>\n<meta property=\"article:modified_time\" content=\"2025-11-19T06:26:11+00:00\" \/>\n<meta property=\"og:image\" content=\"https:\/\/euvapen.com\/wp-content\/uploads\/2025\/11\/JNR-Tank-Pro-33000-Puffs-Disposable-Vape.webp\" \/>\n\t<meta property=\"og:image:width\" content=\"1000\" \/>\n\t<meta property=\"og:image:height\" content=\"1000\" \/>\n\t<meta property=\"og:image:type\" content=\"image\/webp\" \/>\n<meta name=\"twitter:card\" content=\"summary_large_image\" \/>\n<meta name=\"twitter:label1\" content=\"Disponibilidad\" \/>\n\t<meta name=\"twitter:data1\" content=\"Disponible\" \/>\n<script type=\"application\/ld+json\" class=\"yoast-schema-graph\">{\"@context\":\"https:\/\/schema.org\",\"@graph\":[{\"@type\":\"WebPage\",\"@id\":\"https:\/\/euvapen.com\/product\/jnr-tank-pro-33000-puffs-disposable-vape\/\",\"url\":\"https:\/\/euvapen.com\/product\/jnr-tank-pro-33000-puffs-disposable-vape\/\",\"name\":\"JNR TANK PRO 33000 \u2014 33k jnr, 33,000 Puffs, Mesh, Type-C - EuVapen\",\"isPartOf\":{\"@id\":\"https:\/\/euvapen.com\/#website\"},\"primaryImageOfPage\":{\"@id\":\"https:\/\/euvapen.com\/product\/jnr-tank-pro-33000-puffs-disposable-vape\/#primaryimage\"},\"image\":{\"@id\":\"https:\/\/euvapen.com\/product\/jnr-tank-pro-33000-puffs-disposable-vape\/#primaryimage\"},\"thumbnailUrl\":\"https:\/\/euvapen.com\/wp-content\/uploads\/2025\/11\/JNR-Tank-Pro-33000-Puffs-Disposable-Vape.webp\",\"datePublished\":\"2025-11-10T10:38:35+00:00\",\"dateModified\":\"2025-11-19T06:26:11+00:00\",\"description\":\"JNR TANK PRO 33000 is a 33k jnr device with up to 33,000 puffs, 28 mL prefill, multi-mesh coil, 850 mAh Type-C and digital display. A reliable JNR TANK PRO 33000 puffs option in the puff 33k jnr range, dispatched from EU warehouse.\",\"breadcrumb\":{\"@id\":\"https:\/\/euvapen.com\/product\/jnr-tank-pro-33000-puffs-disposable-vape\/#breadcrumb\"},\"inLanguage\":\"es\",\"potentialAction\":[{\"@type\":\"ReadAction\",\"target\":[\"https:\/\/euvapen.com\/product\/jnr-tank-pro-33000-puffs-disposable-vape\/\"]}]},{\"@type\":\"ImageObject\",\"inLanguage\":\"es\",\"@id\":\"https:\/\/euvapen.com\/product\/jnr-tank-pro-33000-puffs-disposable-vape\/#primaryimage\",\"url\":\"https:\/\/euvapen.com\/wp-content\/uploads\/2025\/11\/JNR-Tank-Pro-33000-Puffs-Disposable-Vape.webp\",\"contentUrl\":\"https:\/\/euvapen.com\/wp-content\/uploads\/2025\/11\/JNR-Tank-Pro-33000-Puffs-Disposable-Vape.webp\",\"width\":1000,\"height\":1000,\"caption\":\"JNR Tank Pro 33000 Puffs Disposable Vape\"},{\"@type\":\"BreadcrumbList\",\"@id\":\"https:\/\/euvapen.com\/product\/jnr-tank-pro-33000-puffs-disposable-vape\/#breadcrumb\",\"itemListElement\":[{\"@type\":\"ListItem\",\"position\":1,\"name\":\"Home\",\"item\":\"https:\/\/euvapen.com\/\"},{\"@type\":\"ListItem\",\"position\":2,\"name\":\"Shop\",\"item\":\"https:\/\/euvapen.com\/shop\/\"},{\"@type\":\"ListItem\",\"position\":3,\"name\":\"JNR Tank Pro 33000 Puffs\u00a0\u2013 Disposable Vape\"}]},{\"@type\":\"WebSite\",\"@id\":\"https:\/\/euvapen.com\/#website\",\"url\":\"https:\/\/euvapen.com\/\",\"name\":\"bestpuffvape\",\"description\":\"\",\"publisher\":{\"@id\":\"https:\/\/euvapen.com\/#organization\"},\"potentialAction\":[{\"@type\":\"SearchAction\",\"target\":{\"@type\":\"EntryPoint\",\"urlTemplate\":\"https:\/\/euvapen.com\/?s={search_term_string}\"},\"query-input\":{\"@type\":\"PropertyValueSpecification\",\"valueRequired\":true,\"valueName\":\"search_term_string\"}}],\"inLanguage\":\"es\"},{\"@type\":[\"Organization\",\"Place\"],\"@id\":\"https:\/\/euvapen.com\/#organization\",\"name\":\"bestpuffvape\",\"alternateName\":\"bestpuffvape\",\"url\":\"https:\/\/euvapen.com\/\",\"logo\":{\"@id\":\"https:\/\/euvapen.com\/product\/jnr-tank-pro-33000-puffs-disposable-vape\/#local-main-organization-logo\"},\"image\":{\"@id\":\"https:\/\/euvapen.com\/product\/jnr-tank-pro-33000-puffs-disposable-vape\/#local-main-organization-logo\"},\"telephone\":[],\"openingHoursSpecification\":[{\"@type\":\"OpeningHoursSpecification\",\"dayOfWeek\":[\"Monday\",\"Tuesday\",\"Wednesday\",\"Thursday\",\"Friday\",\"Saturday\",\"Sunday\"],\"opens\":\"00:00\",\"closes\":\"23:59\"}]},{\"@type\":\"ImageObject\",\"inLanguage\":\"es\",\"@id\":\"https:\/\/euvapen.com\/product\/jnr-tank-pro-33000-puffs-disposable-vape\/#local-main-organization-logo\",\"url\":\"https:\/\/euvapen.com\/wp-content\/uploads\/2025\/10\/cropped-puffvape-logo.png\",\"contentUrl\":\"https:\/\/euvapen.com\/wp-content\/uploads\/2025\/10\/cropped-puffvape-logo.png\",\"width\":512,\"height\":512,\"caption\":\"bestpuffvape\"}]}<\/script>\n<meta property=\"og:availability\" content=\"instock\" \/>\n<meta property=\"product:availability\" content=\"instock\" \/>\n<meta property=\"product:retailer_item_id\" content=\"JNR-Tank-Pro-33k\" \/>\n<meta property=\"product:condition\" content=\"new\" \/>\n<!-- \/ Yoast SEO Premium plugin. -->","yoast_head_json":{"title":"JNR TANK PRO 33000 \u2014 33k jnr, 33,000 Puffs, Mesh, Type-C - EuVapen","description":"JNR TANK PRO 33000 es un dispositivo jnr 33k con hasta 33.000 caladas, 28 ml de precarga, bobina de malla m\u00faltiple, 850 mAh Type-C y pantalla digital. Una opci\u00f3n fiable JNR TANK PRO 33000 caladas en la gama puff 33k jnr, enviado desde el almac\u00e9n de la UE.","robots":{"index":"index","follow":"follow","max-snippet":"max-snippet:-1","max-image-preview":"max-image-preview:large","max-video-preview":"max-video-preview:-1"},"canonical":"https:\/\/euvapen.com\/es\/producto\/jnr-tank-pro-33000-puffs-disposable-vape\/","og_locale":"es_ES","og_type":"article","og_title":"JNR Tank Pro 33000 Puffs\u00a0\u2013 Disposable Vape","og_description":"JNR TANK PRO 33000 is a 33k jnr device with up to 33,000 puffs, 28 mL prefill, multi-mesh coil, 850 mAh Type-C and digital display. A reliable JNR TANK PRO 33000 puffs option in the puff 33k jnr range, dispatched from EU warehouse.","og_url":"https:\/\/euvapen.com\/es\/producto\/jnr-tank-pro-33000-puffs-disposable-vape\/","og_site_name":"EuVapen","article_modified_time":"2025-11-19T06:26:11+00:00","og_image":[{"width":1000,"height":1000,"url":"https:\/\/euvapen.com\/wp-content\/uploads\/2025\/11\/JNR-Tank-Pro-33000-Puffs-Disposable-Vape.webp","type":"image\/webp"}],"twitter_card":"summary_large_image","twitter_misc":{"Disponibilidad":"Disponible"},"schema":{"@context":"https:\/\/schema.org","@graph":[{"@type":"WebPage","@id":"https:\/\/euvapen.com\/product\/jnr-tank-pro-33000-puffs-disposable-vape\/","url":"https:\/\/euvapen.com\/product\/jnr-tank-pro-33000-puffs-disposable-vape\/","name":"JNR TANK PRO 33000 \u2014 33k jnr, 33,000 Puffs, Mesh, Type-C - EuVapen","isPartOf":{"@id":"https:\/\/euvapen.com\/#website"},"primaryImageOfPage":{"@id":"https:\/\/euvapen.com\/product\/jnr-tank-pro-33000-puffs-disposable-vape\/#primaryimage"},"image":{"@id":"https:\/\/euvapen.com\/product\/jnr-tank-pro-33000-puffs-disposable-vape\/#primaryimage"},"thumbnailUrl":"https:\/\/euvapen.com\/wp-content\/uploads\/2025\/11\/JNR-Tank-Pro-33000-Puffs-Disposable-Vape.webp","datePublished":"2025-11-10T10:38:35+00:00","dateModified":"2025-11-19T06:26:11+00:00","description":"JNR TANK PRO 33000 es un dispositivo jnr 33k con hasta 33.000 caladas, 28 ml de precarga, bobina de malla m\u00faltiple, 850 mAh Type-C y pantalla digital. Una opci\u00f3n fiable JNR TANK PRO 33000 caladas en la gama puff 33k jnr, enviado desde el almac\u00e9n de la UE.","breadcrumb":{"@id":"https:\/\/euvapen.com\/product\/jnr-tank-pro-33000-puffs-disposable-vape\/#breadcrumb"},"inLanguage":"es","potentialAction":[{"@type":"ReadAction","target":["https:\/\/euvapen.com\/product\/jnr-tank-pro-33000-puffs-disposable-vape\/"]}]},{"@type":"ImageObject","inLanguage":"es","@id":"https:\/\/euvapen.com\/product\/jnr-tank-pro-33000-puffs-disposable-vape\/#primaryimage","url":"https:\/\/euvapen.com\/wp-content\/uploads\/2025\/11\/JNR-Tank-Pro-33000-Puffs-Disposable-Vape.webp","contentUrl":"https:\/\/euvapen.com\/wp-content\/uploads\/2025\/11\/JNR-Tank-Pro-33000-Puffs-Disposable-Vape.webp","width":1000,"height":1000,"caption":"JNR Tank Pro 33000 Puffs Disposable Vape"},{"@type":"BreadcrumbList","@id":"https:\/\/euvapen.com\/product\/jnr-tank-pro-33000-puffs-disposable-vape\/#breadcrumb","itemListElement":[{"@type":"ListItem","position":1,"name":"Home","item":"https:\/\/euvapen.com\/"},{"@type":"ListItem","position":2,"name":"Shop","item":"https:\/\/euvapen.com\/shop\/"},{"@type":"ListItem","position":3,"name":"JNR Tank Pro 33000 Puffs\u00a0\u2013 Disposable Vape"}]},{"@type":"WebSite","@id":"https:\/\/euvapen.com\/#website","url":"https:\/\/euvapen.com\/","name":"bestpuffvape","description":"","publisher":{"@id":"https:\/\/euvapen.com\/#organization"},"potentialAction":[{"@type":"SearchAction","target":{"@type":"EntryPoint","urlTemplate":"https:\/\/euvapen.com\/?s={search_term_string}"},"query-input":{"@type":"PropertyValueSpecification","valueRequired":true,"valueName":"search_term_string"}}],"inLanguage":"es"},{"@type":["Organization","Place"],"@id":"https:\/\/euvapen.com\/#organization","name":"bestpuffvape","alternateName":"bestpuffvape","url":"https:\/\/euvapen.com\/","logo":{"@id":"https:\/\/euvapen.com\/product\/jnr-tank-pro-33000-puffs-disposable-vape\/#local-main-organization-logo"},"image":{"@id":"https:\/\/euvapen.com\/product\/jnr-tank-pro-33000-puffs-disposable-vape\/#local-main-organization-logo"},"telephone":[],"openingHoursSpecification":[{"@type":"OpeningHoursSpecification","dayOfWeek":["Monday","Tuesday","Wednesday","Thursday","Friday","Saturday","Sunday"],"opens":"00:00","closes":"23:59"}]},{"@type":"ImageObject","inLanguage":"es","@id":"https:\/\/euvapen.com\/product\/jnr-tank-pro-33000-puffs-disposable-vape\/#local-main-organization-logo","url":"https:\/\/euvapen.com\/wp-content\/uploads\/2025\/10\/cropped-puffvape-logo.png","contentUrl":"https:\/\/euvapen.com\/wp-content\/uploads\/2025\/10\/cropped-puffvape-logo.png","width":512,"height":512,"caption":"bestpuffvape"}]},"og_availability":"instock","product_availability":"instock","product_retailer_item_id":"JNR-Tank-Pro-33k","product_condition":"new"},"brands":[{"id":167,"name":"Jnr","slug":"jnr"}],"tiered_pricing_type":"fixed","tiered_pricing_fixed_rules":{"30":"12.5","50":"11","100":"10.5","200":"10"},"tiered_pricing_product_settings":{"layout":"default","base_unit_name":{"singular":null,"plural":null},"default_variation":{}},"tiered_pricing_minimum_quantity":10,"tiered_pricing_roles_data":[],"tiered_pricing_percentage_rules":[],"tiered_pricing_maximum_quantity":null,"tiered_pricing_quantity_step":null,"_links":{"self":[{"href":"https:\/\/euvapen.com\/es\/wp-json\/wp\/v2\/product\/16187","targetHints":{"allow":["GET"]}}],"collection":[{"href":"https:\/\/euvapen.com\/es\/wp-json\/wp\/v2\/product"}],"about":[{"href":"https:\/\/euvapen.com\/es\/wp-json\/wp\/v2\/types\/product"}],"replies":[{"embeddable":true,"href":"https:\/\/euvapen.com\/es\/wp-json\/wp\/v2\/comments?post=16187"}],"wp:featuredmedia":[{"embeddable":true,"href":"https:\/\/euvapen.com\/es\/wp-json\/wp\/v2\/media\/21384"}],"wp:attachment":[{"href":"https:\/\/euvapen.com\/es\/wp-json\/wp\/v2\/media?parent=16187"}],"wp:term":[{"taxonomy":"pwb-brand","embeddable":true,"href":"https:\/\/euvapen.com\/es\/wp-json\/wp\/v2\/pwb-brand?post=16187"},{"taxonomy":"product_brand","embeddable":true,"href":"https:\/\/euvapen.com\/es\/wp-json\/wp\/v2\/product_brand?post=16187"},{"taxonomy":"product_cat","embeddable":true,"href":"https:\/\/euvapen.com\/es\/wp-json\/wp\/v2\/product_cat?post=16187"},{"taxonomy":"product_tag","embeddable":true,"href":"https:\/\/euvapen.com\/es\/wp-json\/wp\/v2\/product_tag?post=16187"}],"curies":[{"name":"wp","href":"https:\/\/api.w.org\/{rel}","templated":true}]}}