{"id":21779,"date":"2025-11-19T11:02:04","date_gmt":"2025-11-19T11:02:04","guid":{"rendered":"https:\/\/euvapen.com\/?post_type=product&#038;p=21779"},"modified":"2025-11-19T11:02:05","modified_gmt":"2025-11-19T11:02:05","slug":"puff-120k-bang-legend-120000-puffs-disposable-vape-5-in-1-flavors-eu-warehouse","status":"publish","type":"product","link":"https:\/\/euvapen.com\/es\/producto\/puff-120k-bang-legend-120000-puffs-disposable-vape-5-in-1-flavors-eu-warehouse\/","title":{"rendered":"Puff 120k Bang Legend 120000 Puffs Vape Desechable 5 en 1 Sabores EU Warehouse"},"content":{"rendered":"<h2 data-start=\"199\" data-end=\"270\"><strong data-start=\"202\" data-end=\"270\">Bang Legend 120000 - 120k Puff Vape con cambio de sabor 5 en 1<\/strong><\/h2>\n<p data-start=\"272\" data-end=\"642\">En <strong data-start=\"276\" data-end=\"298\">Leyenda Bang 120000<\/strong> desechables de alta capacidad con un enorme <strong data-start=\"355\" data-end=\"378\">hasta 120.000 caladas<\/strong>, respaldado por una bater\u00eda recargable Type-C de 900 mAh y un sistema de bobina de malla de primera calidad. Dise\u00f1ado para usuarios que desean la m\u00e1xima longevidad, elecci\u00f3n de sabores y comodidad, este modelo destaca como una de las opciones l\u00edderes en el <strong data-start=\"599\" data-end=\"632\">120k vape \/ Vape 120000 Puffs<\/strong> categor\u00eda.<\/p>\n<p data-start=\"644\" data-end=\"978\">Su firma <strong data-start=\"658\" data-end=\"685\">Cartucho de sabor 5 en 1<\/strong> permite el cambio instant\u00e1neo entre cinco sabores incorporados, ideal para el uso a largo plazo, la rotaci\u00f3n de sabores y la reducci\u00f3n de la fatiga asociada a menudo con los desechables ultralargos. Como <strong data-start=\"864\" data-end=\"882\">120k puff vape<\/strong>, Bang Legend 120000 combina rendimiento, durabilidad y versatilidad en un dispositivo compacto.<\/p>\n<hr data-start=\"980\" data-end=\"983\" \/>\n<h2 data-start=\"985\" data-end=\"1010\"><strong data-start=\"988\" data-end=\"1010\">Especificaciones clave de Puff 120k<\/strong><\/h2>\n<ul data-start=\"1012\" data-end=\"1573\">\n<li data-start=\"1012\" data-end=\"1036\">\n<p data-start=\"1014\" data-end=\"1036\"><strong data-start=\"1014\" data-end=\"1024\">Marca:<\/strong> Bang Vape<\/p>\n<\/li>\n<li data-start=\"1037\" data-end=\"1070\">\n<p data-start=\"1039\" data-end=\"1070\"><strong data-start=\"1039\" data-end=\"1049\">Modelo:<\/strong> Leyenda Bang 120000<\/p>\n<\/li>\n<li data-start=\"1071\" data-end=\"1113\">\n<p data-start=\"1073\" data-end=\"1113\"><strong data-start=\"1073\" data-end=\"1091\">Capacidad de soplado:<\/strong> Hasta 120.000 caladas<\/p>\n<\/li>\n<li data-start=\"1114\" data-end=\"1157\">\n<p data-start=\"1116\" data-end=\"1157\"><strong data-start=\"1116\" data-end=\"1137\">Opciones de nicotina:<\/strong> 0% \/ 2% \/ 3% \/ 5%<\/p>\n<\/li>\n<li data-start=\"1158\" data-end=\"1190\">\n<p data-start=\"1160\" data-end=\"1190\"><strong data-start=\"1160\" data-end=\"1182\">Capacidad de e-l\u00edquido:<\/strong> 35 ml<\/p>\n<\/li>\n<li data-start=\"1191\" data-end=\"1215\">\n<p data-start=\"1193\" data-end=\"1215\"><strong data-start=\"1193\" data-end=\"1205\">Bater\u00eda:<\/strong> 900 mAh<\/p>\n<\/li>\n<li data-start=\"1216\" data-end=\"1240\">\n<p data-start=\"1218\" data-end=\"1240\"><strong data-start=\"1218\" data-end=\"1231\">Cargando:<\/strong> Tipo-C<\/p>\n<\/li>\n<li data-start=\"1241\" data-end=\"1271\">\n<p data-start=\"1243\" data-end=\"1271\"><strong data-start=\"1243\" data-end=\"1261\">Tiempo de carga:<\/strong> ~1 hora<\/p>\n<\/li>\n<li data-start=\"1272\" data-end=\"1319\">\n<p data-start=\"1274\" data-end=\"1319\"><strong data-start=\"1274\" data-end=\"1292\">Sistema de sabores:<\/strong> Sabor 5 en 1 intercambiable<\/p>\n<\/li>\n<li data-start=\"1320\" data-end=\"1348\">\n<p data-start=\"1322\" data-end=\"1348\"><strong data-start=\"1322\" data-end=\"1336\">Tipo de bobina:<\/strong> Bobina de malla<\/p>\n<\/li>\n<li data-start=\"1349\" data-end=\"1370\">\n<p data-start=\"1351\" data-end=\"1370\"><strong data-start=\"1351\" data-end=\"1362\">Peso:<\/strong> 145 g<\/p>\n<\/li>\n<li data-start=\"1371\" data-end=\"1407\">\n<p data-start=\"1373\" data-end=\"1407\"><strong data-start=\"1373\" data-end=\"1388\">Dimensiones:<\/strong> 52 \u00d7 52 \u00d7 128 mm<\/p>\n<\/li>\n<li data-start=\"1408\" data-end=\"1431\">\n<p data-start=\"1410\" data-end=\"1431\"><strong data-start=\"1410\" data-end=\"1425\">Desechable:<\/strong> S\u00ed<\/p>\n<\/li>\n<li data-start=\"1432\" data-end=\"1470\">\n<p data-start=\"1434\" data-end=\"1470\"><strong data-start=\"1434\" data-end=\"1454\">Categor\u00eda de sabor:<\/strong> Serie Frutas<\/p>\n<\/li>\n<li data-start=\"1471\" data-end=\"1500\">\n<p data-start=\"1473\" data-end=\"1500\"><strong data-start=\"1473\" data-end=\"1487\">Embalaje:<\/strong> 10 unidades\/caja<\/p>\n<\/li>\n<li data-start=\"1501\" data-end=\"1540\">\n<p data-start=\"1503\" data-end=\"1540\"><strong data-start=\"1503\" data-end=\"1525\">Ubicaci\u00f3n del despacho:<\/strong> Almac\u00e9n de la UE<\/p>\n<\/li>\n<li data-start=\"1541\" data-end=\"1573\">\n<p data-start=\"1543\" data-end=\"1573\"><strong data-start=\"1543\" data-end=\"1560\">Adecuado para:<\/strong> Adultos mayores de 18 a\u00f1os<\/p>\n<\/li>\n<\/ul>\n<p data-start=\"1575\" data-end=\"1702\">Una opci\u00f3n de primera calidad para mayoristas y minoristas que necesitan dispositivos de gran volumen y larga duraci\u00f3n bajo el <strong data-start=\"1671\" data-end=\"1684\">Puff 120k<\/strong> nivel de rendimiento.<\/p>\n<hr data-start=\"1704\" data-end=\"1707\" \/>\n<h2 data-start=\"1709\" data-end=\"1762\"><strong data-start=\"1712\" data-end=\"1760\">Puff 120k Sets de sabores 5 en 1 (Entrega r\u00e1pida disponible)<\/strong><\/h2>\n<p data-start=\"1763\" data-end=\"1852\">Cada m\u00f3dulo de sabor contiene <strong data-start=\"1791\" data-end=\"1813\">5 sabores integrados<\/strong>, r\u00e1pidamente conmutables dentro de un mismo dispositivo:<\/p>\n<ul>\n<li data-start=\"1854\" data-end=\"1869\"><strong data-start=\"1858\" data-end=\"1867\">Set 1: <\/strong>Bebida Energ\u00e9tica - Ar\u00e1ndano Cereza - Manzana Uva - Sand\u00eda Fruta del Drag\u00f3n - Mamba<\/li>\n<li data-start=\"1951\" data-end=\"1966\"><strong data-start=\"1955\" data-end=\"1964\">Conjunto 2<\/strong><strong data-start=\"1858\" data-end=\"1867\">: <\/strong>Bebida energ\u00e9tica - Melocot\u00f3n helado - Mango helado - Ar\u00e1ndano uva - Grosella negra<\/li>\n<li data-start=\"2038\" data-end=\"2053\"><strong data-start=\"2042\" data-end=\"2051\">Set 3: <\/strong>Ar\u00e1ndano Frambuesa - Melocot\u00f3n Mango Sand\u00eda - Cereza Coca-Cola - Uva Zarzamora Hielo - Mango Melocot\u00f3n Albaricoque<\/li>\n<li data-start=\"2159\" data-end=\"2174\"><strong data-start=\"2163\" data-end=\"2172\">Set 4: <\/strong>Frambuesa ar\u00e1ndano - Black Dragon Ice - Rainbow Candy - Fuji Ice - Sand\u00eda Melocot\u00f3n \u00e1cido<\/li>\n<li data-start=\"2266\" data-end=\"2281\"><strong data-start=\"2270\" data-end=\"2279\">Set 5: <\/strong>Blueberry Ice - Kiwi Fruta de la Pasi\u00f3n Guayaba - Triple Mel\u00f3n - Melocot\u00f3n Pi\u00f1a - Beso Apasionado<\/li>\n<li data-start=\"2375\" data-end=\"2390\"><strong data-start=\"2379\" data-end=\"2388\">Set 6: <\/strong>Blueberry Ice - Sand\u00eda Bubble Gum - Manzana \u00e1cida Frambuesa - Fruta de loto Mango Mel\u00f3n - Fruta de la pasi\u00f3n Kiwi Lima<\/li>\n<li data-start=\"2505\" data-end=\"2520\"><strong data-start=\"2509\" data-end=\"2518\">Set 7: <\/strong>Sand\u00eda helada - Mezcla de bayas - Manzana y pera - Ar\u00e1ndanos y menta - Summer Time<\/li>\n<li data-start=\"2597\" data-end=\"2612\"><strong data-start=\"2601\" data-end=\"2610\">Set 8: <\/strong>Hielo de Sand\u00eda - Mango Fresa - Cereza California - Hielo de Melocot\u00f3n Ar\u00e1ndano - Berry Cool<\/li>\n<li data-start=\"2703\" data-end=\"2718\"><strong data-start=\"2707\" data-end=\"2716\">Set 9: <\/strong>Fresa Sand\u00eda - Uva Hielo - Mojito Rojo - Pl\u00e1tano Hielo - Lim\u00f3n Lima<\/li>\n<li data-start=\"2793\" data-end=\"2809\"><strong data-start=\"2797\" data-end=\"2807\">Set 10: <\/strong>Fresa Sand\u00eda - Mel\u00f3n Manzana - Cola Ice - Mango Melocot\u00f3n - Love 66<\/li>\n<li data-start=\"2887\" data-end=\"2903\"><strong data-start=\"2891\" data-end=\"2901\">Set 11: <\/strong>Fresa Kiwi - Fresa Pl\u00e1tano - Lichi Hielo - Sand\u00eda Baya - Maracuy\u00e1 Mango<\/li>\n<li data-start=\"2995\" data-end=\"3011\"><strong data-start=\"2999\" data-end=\"3009\">Set 12: <\/strong>Fresa Kiwi - Sand\u00eda Ar\u00e1ndano - Caramelo de Oso - Chicle de Ar\u00e1ndano - Mango Pi\u00f1a Agrio<\/li>\n<\/ul>\n<p data-start=\"3111\" data-end=\"3171\">Sabores aleatorios (entrega r\u00e1pida) tambi\u00e9n disponibles para compradores de la UE.<\/p>\n<hr data-start=\"3173\" data-end=\"3176\" \/>\n<h2 data-start=\"3178\" data-end=\"3207\"><strong data-start=\"3181\" data-end=\"3207\">Resultados destacados<\/strong><\/h2>\n<h4 data-start=\"3209\" data-end=\"3258\"><strong data-start=\"3213\" data-end=\"3256\">Bobina de malla con salida limpia y uniforme<\/strong><\/h4>\n<p data-start=\"3259\" data-end=\"3384\">La bobina de malla garantiza una extracci\u00f3n suave, un sabor m\u00e1s intenso y un vapor homog\u00e9neo en todo el ciclo. <strong data-start=\"3353\" data-end=\"3374\">Vape 120000 Puffs<\/strong> de por vida.<\/p>\n<h4 data-start=\"3386\" data-end=\"3427\"><strong data-start=\"3390\" data-end=\"3425\">Comodidad multi-sabor 5 en 1<\/strong><\/h4>\n<p data-start=\"3428\" data-end=\"3551\">Con cinco sabores en un solo dispositivo, los usuarios pueden disfrutar de la variedad sin cambiar de desechable, lo que resulta perfecto para un uso prolongado o en viajes.<\/p>\n<h4 data-start=\"3553\" data-end=\"3591\"><strong data-start=\"3557\" data-end=\"3589\">Eficiencia optimizada de la bater\u00eda<\/strong><\/h4>\n<p data-start=\"3592\" data-end=\"3703\">En <strong data-start=\"3596\" data-end=\"3627\">Bater\u00eda recargable de 900 mAh<\/strong> soporta la alta potencia de soplado con una salida estable y un uso eficiente de la energ\u00eda.<\/p>\n<h4 data-start=\"3705\" data-end=\"3743\"><strong data-start=\"3709\" data-end=\"3741\">Construcci\u00f3n compacta de gran capacidad<\/strong><\/h4>\n<p data-start=\"3744\" data-end=\"3839\">A pesar de su gran capacidad, la Bang Legend 120000 mantiene un perfil port\u00e1til y c\u00f3modo para la palma de la mano.<\/p>\n<hr data-start=\"3841\" data-end=\"3844\" \/>\n<h2 data-start=\"3846\" data-end=\"3860\"><strong data-start=\"3849\" data-end=\"3860\">Resumen<\/strong><\/h2>\n<p data-start=\"3862\" data-end=\"4157\">En <strong data-start=\"3866\" data-end=\"3888\">leyenda bang 120000<\/strong> combina una duraci\u00f3n extrema de las caladas, rotaci\u00f3n de sabores 5 en 1, tecnolog\u00eda de bobina de malla y eficiencia Type-C. Como uno de los contendientes m\u00e1s fuertes en el <strong data-start=\"4027\" data-end=\"4057\">120k vape \/ 120k puff vape<\/strong> est\u00e1 pensado para usuarios que desean la m\u00e1xima longevidad y variedad de sabores con un solo desechable.<\/p>","protected":false},"excerpt":{"rendered":"<p data-start=\"4240\" data-end=\"4383\">Bang Legend 120000: hasta 120k puffs, 5 sabores en 1, bobina de malla, 900mAh Tipo-C. Ultra-largo desechable para la m\u00e1xima resistencia y variedad de sabores.<\/p>","protected":false},"featured_media":21782,"comment_status":"open","ping_status":"closed","template":"","meta":{"_acf_changed":false},"pwb-brand":[166],"product_brand":[],"product_cat":[15,87,57,89,84,91,1380,93],"product_tag":[74],"class_list":{"0":"post-21779","1":"product","2":"type-product","3":"status-publish","4":"has-post-thumbnail","6":"pwb-brand-bang","7":"product_cat-vape","8":"product_cat-big-puff-vape","9":"product_cat-disposable-vape","10":"product_cat-double-tank","11":"product_cat-eu-warehouse-in-stock","12":"product_cat-low-nicotine-vape","13":"product_cat-nicotine-free-vape","14":"product_cat-rechargeable-vapes","15":"product_tag-puff-120k","17":"first","18":"instock","19":"shipping-taxable","20":"purchasable","21":"product-type-variable"},"acf":[],"yoast_head":"<!-- This site is optimized with the Yoast SEO Premium plugin v26.3 (Yoast SEO v26.3) - https:\/\/yoast.com\/wordpress\/plugins\/seo\/ -->\n<title>Bang Legend 120000 \u2014 120k Puffs, 5-in-1 Flavors, Mesh Coil - EuVapen<\/title>\n<meta name=\"description\" content=\"Bang Legend 120000 delivers up to 120k puffs with 5-in-1 flavors, mesh coil, 35mL capacity and Type-C recharge. A leading 120k vape in the Vape 120000 Puffs category.\" \/>\n<meta name=\"robots\" content=\"index, follow, max-snippet:-1, max-image-preview:large, max-video-preview:-1\" \/>\n<link rel=\"canonical\" href=\"https:\/\/euvapen.com\/es\/producto\/puff-120k-bang-legend-120000-puffs-disposable-vape-5-in-1-flavors-eu-warehouse\/\" \/>\n<meta property=\"og:locale\" content=\"es_ES\" \/>\n<meta property=\"og:type\" content=\"article\" \/>\n<meta property=\"og:title\" content=\"Puff 120k Bang Legend 120000 Puffs Disposable Vape 5 in 1 Flavors EU Warehouse\" \/>\n<meta property=\"og:description\" content=\"Bang Legend 120000 delivers up to 120k puffs with 5-in-1 flavors, mesh coil, 35mL capacity and Type-C recharge. A leading 120k vape in the Vape 120000 Puffs category.\" \/>\n<meta property=\"og:url\" content=\"https:\/\/euvapen.com\/es\/producto\/puff-120k-bang-legend-120000-puffs-disposable-vape-5-in-1-flavors-eu-warehouse\/\" \/>\n<meta property=\"og:site_name\" content=\"EuVapen\" \/>\n<meta property=\"article:modified_time\" content=\"2025-11-19T11:02:05+00:00\" \/>\n<meta property=\"og:image\" content=\"https:\/\/euvapen.com\/wp-content\/uploads\/2025\/11\/Puff-120k-Bang-Legend-120000-Puffs-Disposable-Vape-5-in-1-Flavors-EU-Warehouse-1.webp\" \/>\n\t<meta property=\"og:image:width\" content=\"1000\" \/>\n\t<meta property=\"og:image:height\" content=\"1000\" \/>\n\t<meta property=\"og:image:type\" content=\"image\/webp\" \/>\n<meta name=\"twitter:card\" content=\"summary_large_image\" \/>\n<meta name=\"twitter:label1\" content=\"Disponibilidad\" \/>\n\t<meta name=\"twitter:data1\" content=\"Disponible\" \/>\n<script type=\"application\/ld+json\" class=\"yoast-schema-graph\">{\"@context\":\"https:\/\/schema.org\",\"@graph\":[{\"@type\":\"WebPage\",\"@id\":\"https:\/\/euvapen.com\/product\/puff-120k-bang-legend-120000-puffs-disposable-vape-5-in-1-flavors-eu-warehouse\/\",\"url\":\"https:\/\/euvapen.com\/product\/puff-120k-bang-legend-120000-puffs-disposable-vape-5-in-1-flavors-eu-warehouse\/\",\"name\":\"Bang Legend 120000 \u2014 120k Puffs, 5-in-1 Flavors, Mesh Coil - EuVapen\",\"isPartOf\":{\"@id\":\"https:\/\/euvapen.com\/#website\"},\"primaryImageOfPage\":{\"@id\":\"https:\/\/euvapen.com\/product\/puff-120k-bang-legend-120000-puffs-disposable-vape-5-in-1-flavors-eu-warehouse\/#primaryimage\"},\"image\":{\"@id\":\"https:\/\/euvapen.com\/product\/puff-120k-bang-legend-120000-puffs-disposable-vape-5-in-1-flavors-eu-warehouse\/#primaryimage\"},\"thumbnailUrl\":\"https:\/\/euvapen.com\/wp-content\/uploads\/2025\/11\/Puff-120k-Bang-Legend-120000-Puffs-Disposable-Vape-5-in-1-Flavors-EU-Warehouse-1.webp\",\"datePublished\":\"2025-11-19T11:02:04+00:00\",\"dateModified\":\"2025-11-19T11:02:05+00:00\",\"description\":\"Bang Legend 120000 delivers up to 120k puffs with 5-in-1 flavors, mesh coil, 35mL capacity and Type-C recharge. A leading 120k vape in the Vape 120000 Puffs category.\",\"breadcrumb\":{\"@id\":\"https:\/\/euvapen.com\/product\/puff-120k-bang-legend-120000-puffs-disposable-vape-5-in-1-flavors-eu-warehouse\/#breadcrumb\"},\"inLanguage\":\"es\",\"potentialAction\":[{\"@type\":\"ReadAction\",\"target\":[\"https:\/\/euvapen.com\/product\/puff-120k-bang-legend-120000-puffs-disposable-vape-5-in-1-flavors-eu-warehouse\/\"]}]},{\"@type\":\"ImageObject\",\"inLanguage\":\"es\",\"@id\":\"https:\/\/euvapen.com\/product\/puff-120k-bang-legend-120000-puffs-disposable-vape-5-in-1-flavors-eu-warehouse\/#primaryimage\",\"url\":\"https:\/\/euvapen.com\/wp-content\/uploads\/2025\/11\/Puff-120k-Bang-Legend-120000-Puffs-Disposable-Vape-5-in-1-Flavors-EU-Warehouse-1.webp\",\"contentUrl\":\"https:\/\/euvapen.com\/wp-content\/uploads\/2025\/11\/Puff-120k-Bang-Legend-120000-Puffs-Disposable-Vape-5-in-1-Flavors-EU-Warehouse-1.webp\",\"width\":1000,\"height\":1000,\"caption\":\"Puff 120k Bang Legend 120000 Puffs Disposable Vape 5 in 1 Flavors EU Warehouse #1\"},{\"@type\":\"BreadcrumbList\",\"@id\":\"https:\/\/euvapen.com\/product\/puff-120k-bang-legend-120000-puffs-disposable-vape-5-in-1-flavors-eu-warehouse\/#breadcrumb\",\"itemListElement\":[{\"@type\":\"ListItem\",\"position\":1,\"name\":\"Home\",\"item\":\"https:\/\/euvapen.com\/\"},{\"@type\":\"ListItem\",\"position\":2,\"name\":\"Shop\",\"item\":\"https:\/\/euvapen.com\/shop\/\"},{\"@type\":\"ListItem\",\"position\":3,\"name\":\"Puff 120k Bang Legend 120000 Puffs Disposable Vape 5 in 1 Flavors EU Warehouse\"}]},{\"@type\":\"WebSite\",\"@id\":\"https:\/\/euvapen.com\/#website\",\"url\":\"https:\/\/euvapen.com\/\",\"name\":\"bestpuffvape\",\"description\":\"\",\"publisher\":{\"@id\":\"https:\/\/euvapen.com\/#organization\"},\"potentialAction\":[{\"@type\":\"SearchAction\",\"target\":{\"@type\":\"EntryPoint\",\"urlTemplate\":\"https:\/\/euvapen.com\/?s={search_term_string}\"},\"query-input\":{\"@type\":\"PropertyValueSpecification\",\"valueRequired\":true,\"valueName\":\"search_term_string\"}}],\"inLanguage\":\"es\"},{\"@type\":[\"Organization\",\"Place\"],\"@id\":\"https:\/\/euvapen.com\/#organization\",\"name\":\"bestpuffvape\",\"alternateName\":\"bestpuffvape\",\"url\":\"https:\/\/euvapen.com\/\",\"logo\":{\"@id\":\"https:\/\/euvapen.com\/product\/puff-120k-bang-legend-120000-puffs-disposable-vape-5-in-1-flavors-eu-warehouse\/#local-main-organization-logo\"},\"image\":{\"@id\":\"https:\/\/euvapen.com\/product\/puff-120k-bang-legend-120000-puffs-disposable-vape-5-in-1-flavors-eu-warehouse\/#local-main-organization-logo\"},\"telephone\":[],\"openingHoursSpecification\":[{\"@type\":\"OpeningHoursSpecification\",\"dayOfWeek\":[\"Monday\",\"Tuesday\",\"Wednesday\",\"Thursday\",\"Friday\",\"Saturday\",\"Sunday\"],\"opens\":\"00:00\",\"closes\":\"23:59\"}]},{\"@type\":\"ImageObject\",\"inLanguage\":\"es\",\"@id\":\"https:\/\/euvapen.com\/product\/puff-120k-bang-legend-120000-puffs-disposable-vape-5-in-1-flavors-eu-warehouse\/#local-main-organization-logo\",\"url\":\"https:\/\/euvapen.com\/wp-content\/uploads\/2025\/10\/cropped-puffvape-logo.png\",\"contentUrl\":\"https:\/\/euvapen.com\/wp-content\/uploads\/2025\/10\/cropped-puffvape-logo.png\",\"width\":512,\"height\":512,\"caption\":\"bestpuffvape\"}]}<\/script>\n<meta property=\"og:availability\" content=\"instock\" \/>\n<meta property=\"product:availability\" content=\"instock\" \/>\n<meta property=\"product:retailer_item_id\" content=\"Bang-Legend-120k\" \/>\n<meta property=\"product:condition\" content=\"new\" \/>\n<!-- \/ Yoast SEO Premium plugin. -->","yoast_head_json":{"title":"Bang Legend 120000 \u2014 120k Puffs, 5-in-1 Flavors, Mesh Coil - EuVapen","description":"Bang Legend 120000 ofrece hasta 120k caladas con sabores 5 en 1, bobina de malla, capacidad de 35mL y recarga Tipo-C. Un vape 120k l\u00edder en la categor\u00eda Vape 120000 Puffs.","robots":{"index":"index","follow":"follow","max-snippet":"max-snippet:-1","max-image-preview":"max-image-preview:large","max-video-preview":"max-video-preview:-1"},"canonical":"https:\/\/euvapen.com\/es\/producto\/puff-120k-bang-legend-120000-puffs-disposable-vape-5-in-1-flavors-eu-warehouse\/","og_locale":"es_ES","og_type":"article","og_title":"Puff 120k Bang Legend 120000 Puffs Disposable Vape 5 in 1 Flavors EU Warehouse","og_description":"Bang Legend 120000 delivers up to 120k puffs with 5-in-1 flavors, mesh coil, 35mL capacity and Type-C recharge. A leading 120k vape in the Vape 120000 Puffs category.","og_url":"https:\/\/euvapen.com\/es\/producto\/puff-120k-bang-legend-120000-puffs-disposable-vape-5-in-1-flavors-eu-warehouse\/","og_site_name":"EuVapen","article_modified_time":"2025-11-19T11:02:05+00:00","og_image":[{"width":1000,"height":1000,"url":"https:\/\/euvapen.com\/wp-content\/uploads\/2025\/11\/Puff-120k-Bang-Legend-120000-Puffs-Disposable-Vape-5-in-1-Flavors-EU-Warehouse-1.webp","type":"image\/webp"}],"twitter_card":"summary_large_image","twitter_misc":{"Disponibilidad":"Disponible"},"schema":{"@context":"https:\/\/schema.org","@graph":[{"@type":"WebPage","@id":"https:\/\/euvapen.com\/product\/puff-120k-bang-legend-120000-puffs-disposable-vape-5-in-1-flavors-eu-warehouse\/","url":"https:\/\/euvapen.com\/product\/puff-120k-bang-legend-120000-puffs-disposable-vape-5-in-1-flavors-eu-warehouse\/","name":"Bang Legend 120000 \u2014 120k Puffs, 5-in-1 Flavors, Mesh Coil - EuVapen","isPartOf":{"@id":"https:\/\/euvapen.com\/#website"},"primaryImageOfPage":{"@id":"https:\/\/euvapen.com\/product\/puff-120k-bang-legend-120000-puffs-disposable-vape-5-in-1-flavors-eu-warehouse\/#primaryimage"},"image":{"@id":"https:\/\/euvapen.com\/product\/puff-120k-bang-legend-120000-puffs-disposable-vape-5-in-1-flavors-eu-warehouse\/#primaryimage"},"thumbnailUrl":"https:\/\/euvapen.com\/wp-content\/uploads\/2025\/11\/Puff-120k-Bang-Legend-120000-Puffs-Disposable-Vape-5-in-1-Flavors-EU-Warehouse-1.webp","datePublished":"2025-11-19T11:02:04+00:00","dateModified":"2025-11-19T11:02:05+00:00","description":"Bang Legend 120000 ofrece hasta 120k caladas con sabores 5 en 1, bobina de malla, capacidad de 35mL y recarga Tipo-C. Un vape 120k l\u00edder en la categor\u00eda Vape 120000 Puffs.","breadcrumb":{"@id":"https:\/\/euvapen.com\/product\/puff-120k-bang-legend-120000-puffs-disposable-vape-5-in-1-flavors-eu-warehouse\/#breadcrumb"},"inLanguage":"es","potentialAction":[{"@type":"ReadAction","target":["https:\/\/euvapen.com\/product\/puff-120k-bang-legend-120000-puffs-disposable-vape-5-in-1-flavors-eu-warehouse\/"]}]},{"@type":"ImageObject","inLanguage":"es","@id":"https:\/\/euvapen.com\/product\/puff-120k-bang-legend-120000-puffs-disposable-vape-5-in-1-flavors-eu-warehouse\/#primaryimage","url":"https:\/\/euvapen.com\/wp-content\/uploads\/2025\/11\/Puff-120k-Bang-Legend-120000-Puffs-Disposable-Vape-5-in-1-Flavors-EU-Warehouse-1.webp","contentUrl":"https:\/\/euvapen.com\/wp-content\/uploads\/2025\/11\/Puff-120k-Bang-Legend-120000-Puffs-Disposable-Vape-5-in-1-Flavors-EU-Warehouse-1.webp","width":1000,"height":1000,"caption":"Puff 120k Bang Legend 120000 Puffs Disposable Vape 5 in 1 Flavors EU Warehouse #1"},{"@type":"BreadcrumbList","@id":"https:\/\/euvapen.com\/product\/puff-120k-bang-legend-120000-puffs-disposable-vape-5-in-1-flavors-eu-warehouse\/#breadcrumb","itemListElement":[{"@type":"ListItem","position":1,"name":"Home","item":"https:\/\/euvapen.com\/"},{"@type":"ListItem","position":2,"name":"Shop","item":"https:\/\/euvapen.com\/shop\/"},{"@type":"ListItem","position":3,"name":"Puff 120k Bang Legend 120000 Puffs Disposable Vape 5 in 1 Flavors EU Warehouse"}]},{"@type":"WebSite","@id":"https:\/\/euvapen.com\/#website","url":"https:\/\/euvapen.com\/","name":"bestpuffvape","description":"","publisher":{"@id":"https:\/\/euvapen.com\/#organization"},"potentialAction":[{"@type":"SearchAction","target":{"@type":"EntryPoint","urlTemplate":"https:\/\/euvapen.com\/?s={search_term_string}"},"query-input":{"@type":"PropertyValueSpecification","valueRequired":true,"valueName":"search_term_string"}}],"inLanguage":"es"},{"@type":["Organization","Place"],"@id":"https:\/\/euvapen.com\/#organization","name":"bestpuffvape","alternateName":"bestpuffvape","url":"https:\/\/euvapen.com\/","logo":{"@id":"https:\/\/euvapen.com\/product\/puff-120k-bang-legend-120000-puffs-disposable-vape-5-in-1-flavors-eu-warehouse\/#local-main-organization-logo"},"image":{"@id":"https:\/\/euvapen.com\/product\/puff-120k-bang-legend-120000-puffs-disposable-vape-5-in-1-flavors-eu-warehouse\/#local-main-organization-logo"},"telephone":[],"openingHoursSpecification":[{"@type":"OpeningHoursSpecification","dayOfWeek":["Monday","Tuesday","Wednesday","Thursday","Friday","Saturday","Sunday"],"opens":"00:00","closes":"23:59"}]},{"@type":"ImageObject","inLanguage":"es","@id":"https:\/\/euvapen.com\/product\/puff-120k-bang-legend-120000-puffs-disposable-vape-5-in-1-flavors-eu-warehouse\/#local-main-organization-logo","url":"https:\/\/euvapen.com\/wp-content\/uploads\/2025\/10\/cropped-puffvape-logo.png","contentUrl":"https:\/\/euvapen.com\/wp-content\/uploads\/2025\/10\/cropped-puffvape-logo.png","width":512,"height":512,"caption":"bestpuffvape"}]},"og_availability":"instock","product_availability":"instock","product_retailer_item_id":"Bang-Legend-120k","product_condition":"new"},"brands":[{"id":166,"name":"Bang","slug":"bang"}],"tiered_pricing_type":"fixed","tiered_pricing_fixed_rules":{"30":"12","50":"11.5","100":"11","200":"10.5"},"tiered_pricing_product_settings":{"layout":"default","base_unit_name":{"singular":null,"plural":null},"default_variation":{}},"tiered_pricing_minimum_quantity":10,"tiered_pricing_roles_data":[],"tiered_pricing_percentage_rules":[],"tiered_pricing_maximum_quantity":null,"tiered_pricing_quantity_step":null,"_links":{"self":[{"href":"https:\/\/euvapen.com\/es\/wp-json\/wp\/v2\/product\/21779","targetHints":{"allow":["GET"]}}],"collection":[{"href":"https:\/\/euvapen.com\/es\/wp-json\/wp\/v2\/product"}],"about":[{"href":"https:\/\/euvapen.com\/es\/wp-json\/wp\/v2\/types\/product"}],"replies":[{"embeddable":true,"href":"https:\/\/euvapen.com\/es\/wp-json\/wp\/v2\/comments?post=21779"}],"wp:featuredmedia":[{"embeddable":true,"href":"https:\/\/euvapen.com\/es\/wp-json\/wp\/v2\/media\/21782"}],"wp:attachment":[{"href":"https:\/\/euvapen.com\/es\/wp-json\/wp\/v2\/media?parent=21779"}],"wp:term":[{"taxonomy":"pwb-brand","embeddable":true,"href":"https:\/\/euvapen.com\/es\/wp-json\/wp\/v2\/pwb-brand?post=21779"},{"taxonomy":"product_brand","embeddable":true,"href":"https:\/\/euvapen.com\/es\/wp-json\/wp\/v2\/product_brand?post=21779"},{"taxonomy":"product_cat","embeddable":true,"href":"https:\/\/euvapen.com\/es\/wp-json\/wp\/v2\/product_cat?post=21779"},{"taxonomy":"product_tag","embeddable":true,"href":"https:\/\/euvapen.com\/es\/wp-json\/wp\/v2\/product_tag?post=21779"}],"curies":[{"name":"wp","href":"https:\/\/api.w.org\/{rel}","templated":true}]}}