{"id":21974,"date":"2025-11-20T08:31:59","date_gmt":"2025-11-20T08:31:59","guid":{"rendered":"https:\/\/euvapen.com\/?post_type=product&#038;p=21974"},"modified":"2025-11-20T08:32:00","modified_gmt":"2025-11-20T08:32:00","slug":"puff-25k-bang-25000-puffs-disposable-vape-with-screen","status":"publish","type":"product","link":"https:\/\/euvapen.com\/es\/producto\/puff-25k-bang-25000-puffs-disposable-vape-with-screen\/","title":{"rendered":"Puff 25k Bang 25000 Puffs Vape Desechable Con Pantalla"},"content":{"rendered":"<h1 data-start=\"168\" data-end=\"227\"><strong data-start=\"170\" data-end=\"227\">Bang 25000 Vape desechable - Edici\u00f3n Smart Screen 25K<\/strong><\/h1>\n<p data-start=\"228\" data-end=\"550\">En <strong data-start=\"232\" data-end=\"246\">Bang 25000<\/strong> ofrece un equilibrio entre dise\u00f1o compacto y rendimiento duradero, proporcionando hasta <strong data-start=\"329\" data-end=\"345\">25000 puffs<\/strong> con una rica <strong data-start=\"358\" data-end=\"384\">Capacidad de 30 ml de e-l\u00edquido<\/strong> y un suave sistema Mesh Coil. Equipado con un <strong data-start=\"432\" data-end=\"448\">pantalla inteligente<\/strong>, Adem\u00e1s, muestra claramente los niveles de bater\u00eda y e-l\u00edquido, proporcionando a los usuarios un estado transparente y en tiempo real.<\/p>\n<p data-start=\"552\" data-end=\"721\">Ligero, elegante y dise\u00f1ado para los amantes del sabor, el Bang 25000 es ideal para distribuidores B2B, compradores minoristas y usuarios que necesitan un vaporizador desechable fiable para todo el d\u00eda.<\/p>\n<hr data-start=\"723\" data-end=\"726\" \/>\n<h2 data-start=\"728\" data-end=\"755\">\u2b50 <strong data-start=\"733\" data-end=\"755\">Especificaciones<\/strong><\/h2>\n<ul>\n<li data-start=\"758\" data-end=\"775\"><strong data-start=\"758\" data-end=\"768\">Marca:<\/strong> Bang<\/li>\n<li data-start=\"778\" data-end=\"805\"><strong data-start=\"778\" data-end=\"788\">Modelo:<\/strong> <strong data-start=\"789\" data-end=\"803\">Bang 25000<\/strong><\/li>\n<li data-start=\"808\" data-end=\"843\"><strong data-start=\"808\" data-end=\"818\">Puffs:<\/strong> Hasta <strong data-start=\"825\" data-end=\"841\">25000 puffs<\/strong><\/li>\n<li data-start=\"846\" data-end=\"886\"><strong data-start=\"846\" data-end=\"869\">Potencias de nicotina:<\/strong> 0%, 2%, 3%, 5%<\/li>\n<li data-start=\"889\" data-end=\"936\"><strong data-start=\"889\" data-end=\"901\">Bater\u00eda:<\/strong> <strong data-start=\"902\" data-end=\"934\">650mAh Recargable (Tipo-C)<\/strong><\/li>\n<li data-start=\"939\" data-end=\"972\"><strong data-start=\"939\" data-end=\"961\">Capacidad de e-l\u00edquido:<\/strong> <strong data-start=\"962\" data-end=\"970\">30 ml<\/strong><\/li>\n<li data-start=\"975\" data-end=\"996\"><strong data-start=\"975\" data-end=\"984\">N\u00facleo:<\/strong> Bobina de malla<\/li>\n<li data-start=\"999\" data-end=\"1059\"><strong data-start=\"999\" data-end=\"1011\">Caracter\u00edstica:<\/strong> <strong data-start=\"1012\" data-end=\"1057\">Pantalla inteligente (bater\u00eda + pantalla de e-l\u00edquido)<\/strong><\/li>\n<li data-start=\"1062\" data-end=\"1089\"><strong data-start=\"1062\" data-end=\"1080\">Serie de sabores:<\/strong> Frutas<\/li>\n<li data-start=\"1092\" data-end=\"1110\"><strong data-start=\"1092\" data-end=\"1103\">Peso:<\/strong> 110g<\/li>\n<li data-start=\"1113\" data-end=\"1147\"><strong data-start=\"1113\" data-end=\"1128\">Dimensiones:<\/strong> 55 \u00d7 31 \u00d7 107 mm<\/li>\n<li data-start=\"1150\" data-end=\"1176\"><strong data-start=\"1150\" data-end=\"1164\">Embalaje:<\/strong> 10PCS\/Caja<\/li>\n<li data-start=\"1179\" data-end=\"1219\"><strong data-start=\"1179\" data-end=\"1201\">Ubicaci\u00f3n del despacho:<\/strong> Shenzhen, China<\/li>\n<li data-start=\"1222\" data-end=\"1258\"><strong data-start=\"1222\" data-end=\"1245\">Tiempo de carga completa:<\/strong> 20 minutos<\/li>\n<li data-start=\"1261\" data-end=\"1283\"><strong data-start=\"1261\" data-end=\"1270\">Tipo:<\/strong> Desechable<\/li>\n<li data-start=\"1286\" data-end=\"1313\"><strong data-start=\"1286\" data-end=\"1303\">Adecuado para:<\/strong> TODOS &gt;18<\/li>\n<\/ul>\n<p data-start=\"1315\" data-end=\"1401\">Palabras clave incluidas: <strong data-start=\"1334\" data-end=\"1401\">Puff 25k, Vape 25000 Puffs, Bang 25000, 25k vape, 25k puff vape<\/strong><\/p>\n<hr data-start=\"1403\" data-end=\"1406\" \/>\n<h2 data-start=\"1408\" data-end=\"1435\">\ud83c\udf08 <strong data-start=\"1414\" data-end=\"1435\">Sabores disponibles<\/strong><\/h2>\n<ol>\n<li data-start=\"1439\" data-end=\"1454\">Hielo de ar\u00e1ndanos<\/li>\n<li data-start=\"1458\" data-end=\"1475\">Fresa Kiwi<\/li>\n<li data-start=\"1479\" data-end=\"1502\">Sand\u00eda con fresa<\/li>\n<li data-start=\"1506\" data-end=\"1519\">Frutas variadas<\/li>\n<li data-start=\"1523\" data-end=\"1539\">Menta con ar\u00e1ndanos<\/li>\n<li data-start=\"1543\" data-end=\"1556\">Sangre de tigre<\/li>\n<li data-start=\"1560\" data-end=\"1573\">Mango Melocot\u00f3n<\/li>\n<li data-start=\"1577\" data-end=\"1588\">Hielo de uva<\/li>\n<li data-start=\"1592\" data-end=\"1613\">Ar\u00e1ndano Frambuesa<\/li>\n<li data-start=\"1618\" data-end=\"1634\">Hielo de sand\u00eda<\/li>\n<li data-start=\"1639\" data-end=\"1662\">Chicle de sand\u00eda<\/li>\n<li data-start=\"1667\" data-end=\"1683\">Fresa helada<\/li>\n<\/ol>\n<hr data-start=\"1685\" data-end=\"1688\" \/>\n<h2 data-start=\"1690\" data-end=\"1721\">\u2b50 <strong data-start=\"1695\" data-end=\"1721\">\u00bfPor qu\u00e9 elegir Bang 25000?<\/strong><\/h2>\n<ul>\n<li data-start=\"1724\" data-end=\"1785\"><strong data-start=\"1724\" data-end=\"1740\">Pantalla inteligente<\/strong> muestra en tiempo real los niveles de bater\u00eda y l\u00edquido<\/li>\n<li data-start=\"1788\" data-end=\"1833\"><strong data-start=\"1788\" data-end=\"1810\">Hasta 25.000 caladas<\/strong> para un uso duradero<\/li>\n<li data-start=\"1836\" data-end=\"1890\"><strong data-start=\"1836\" data-end=\"1859\">30 ml de gran capacidad<\/strong> para un sabor uniforme<\/li>\n<li data-start=\"1893\" data-end=\"1940\"><strong data-start=\"1893\" data-end=\"1906\">Bobina de malla<\/strong> proporciona un vapor m\u00e1s rico y suave<\/li>\n<li data-start=\"1943\" data-end=\"1979\"><strong data-start=\"1943\" data-end=\"1977\">Carga r\u00e1pida Type-C en 20 minutos<\/strong><\/li>\n<li data-start=\"1982\" data-end=\"2020\"><strong data-start=\"1982\" data-end=\"2018\">Dise\u00f1o compacto y ligero de 110 g<\/strong><\/li>\n<li data-start=\"2023\" data-end=\"2076\"><strong data-start=\"2023\" data-end=\"2054\">Perfiles afrutados m\u00e1s vendidos<\/strong> para todas las preferencias<\/li>\n<\/ul>\n<p data-start=\"2078\" data-end=\"2178\">Una elecci\u00f3n perfecta para usuarios intensivos y distribuidores al por mayor que deseen una desechable de alto soplado fiable.<\/p>","protected":false},"excerpt":{"rendered":"<p data-start=\"2227\" data-end=\"2455\">Bang 25000 Desechable ofrece hasta <strong data-start=\"2293\" data-end=\"2306\">25.000 bocanadas<\/strong> con un tanque de 30mL, Mesh Coil, carga r\u00e1pida Type-C y una pantalla inteligente. Incluye sabores frutales. Palabras clave: <strong data-start=\"2420\" data-end=\"2454\">Puff 25k, Bang 25000, 25k vape<\/strong>.<\/p>","protected":false},"featured_media":21993,"comment_status":"open","ping_status":"closed","template":"","meta":{"_acf_changed":false},"pwb-brand":[166],"product_brand":[],"product_cat":[15,88,57,91,1380,93,95],"product_tag":[76],"class_list":{"0":"post-21974","1":"product","2":"type-product","3":"status-publish","4":"has-post-thumbnail","6":"pwb-brand-bang","7":"product_cat-vape","8":"product_cat-crystal-vape","9":"product_cat-disposable-vape","10":"product_cat-low-nicotine-vape","11":"product_cat-nicotine-free-vape","12":"product_cat-rechargeable-vapes","13":"product_cat-vape-with-screen","14":"product_tag-puff-25k","16":"first","17":"instock","18":"shipping-taxable","19":"purchasable","20":"product-type-variable"},"acf":[],"yoast_head":"<!-- This site is optimized with the Yoast SEO Premium plugin v26.3 (Yoast SEO v26.3) - https:\/\/yoast.com\/wordpress\/plugins\/seo\/ -->\n<title>Bang 25000 Disposable Vape \u2013 Puff 25k | Smart Screen - EuVapen<\/title>\n<meta name=\"description\" content=\"Buy the Bang 25000 Disposable Vape with up to 25k puffs, 30mL e-liquid, Mesh Coil, Type-C charging, and smart screen display. Available in 12 fruit flavors.\" \/>\n<meta name=\"robots\" content=\"index, follow, max-snippet:-1, max-image-preview:large, max-video-preview:-1\" \/>\n<link rel=\"canonical\" href=\"https:\/\/euvapen.com\/es\/producto\/puff-25k-bang-25000-puffs-disposable-vape-with-screen\/\" \/>\n<meta property=\"og:locale\" content=\"es_ES\" \/>\n<meta property=\"og:type\" content=\"article\" \/>\n<meta property=\"og:title\" content=\"Puff 25k Bang 25000 Puffs Disposable Vape With Screen\" \/>\n<meta property=\"og:description\" content=\"Buy the Bang 25000 Disposable Vape with up to 25k puffs, 30mL e-liquid, Mesh Coil, Type-C charging, and smart screen display. Available in 12 fruit flavors.\" \/>\n<meta property=\"og:url\" content=\"https:\/\/euvapen.com\/es\/producto\/puff-25k-bang-25000-puffs-disposable-vape-with-screen\/\" \/>\n<meta property=\"og:site_name\" content=\"EuVapen\" \/>\n<meta property=\"article:modified_time\" content=\"2025-11-20T08:32:00+00:00\" \/>\n<meta property=\"og:image\" content=\"https:\/\/euvapen.com\/wp-content\/uploads\/2025\/11\/Puff-25k-Bang-25000-Puffs-Disposable-Vape-With-Screen-Tiger-blood.webp\" \/>\n\t<meta property=\"og:image:width\" content=\"800\" \/>\n\t<meta property=\"og:image:height\" content=\"800\" \/>\n\t<meta property=\"og:image:type\" content=\"image\/webp\" \/>\n<meta name=\"twitter:card\" content=\"summary_large_image\" \/>\n<meta name=\"twitter:label1\" content=\"Disponibilidad\" \/>\n\t<meta name=\"twitter:data1\" content=\"Disponible\" \/>\n<script type=\"application\/ld+json\" class=\"yoast-schema-graph\">{\"@context\":\"https:\/\/schema.org\",\"@graph\":[{\"@type\":\"WebPage\",\"@id\":\"https:\/\/euvapen.com\/product\/puff-25k-bang-25000-puffs-disposable-vape-with-screen\/\",\"url\":\"https:\/\/euvapen.com\/product\/puff-25k-bang-25000-puffs-disposable-vape-with-screen\/\",\"name\":\"Bang 25000 Disposable Vape \u2013 Puff 25k | Smart Screen - EuVapen\",\"isPartOf\":{\"@id\":\"https:\/\/euvapen.com\/#website\"},\"primaryImageOfPage\":{\"@id\":\"https:\/\/euvapen.com\/product\/puff-25k-bang-25000-puffs-disposable-vape-with-screen\/#primaryimage\"},\"image\":{\"@id\":\"https:\/\/euvapen.com\/product\/puff-25k-bang-25000-puffs-disposable-vape-with-screen\/#primaryimage\"},\"thumbnailUrl\":\"https:\/\/euvapen.com\/wp-content\/uploads\/2025\/11\/Puff-25k-Bang-25000-Puffs-Disposable-Vape-With-Screen-Tiger-blood.webp\",\"datePublished\":\"2025-11-20T08:31:59+00:00\",\"dateModified\":\"2025-11-20T08:32:00+00:00\",\"description\":\"Buy the Bang 25000 Disposable Vape with up to 25k puffs, 30mL e-liquid, Mesh Coil, Type-C charging, and smart screen display. Available in 12 fruit flavors.\",\"breadcrumb\":{\"@id\":\"https:\/\/euvapen.com\/product\/puff-25k-bang-25000-puffs-disposable-vape-with-screen\/#breadcrumb\"},\"inLanguage\":\"es\",\"potentialAction\":[{\"@type\":\"ReadAction\",\"target\":[\"https:\/\/euvapen.com\/product\/puff-25k-bang-25000-puffs-disposable-vape-with-screen\/\"]}]},{\"@type\":\"ImageObject\",\"inLanguage\":\"es\",\"@id\":\"https:\/\/euvapen.com\/product\/puff-25k-bang-25000-puffs-disposable-vape-with-screen\/#primaryimage\",\"url\":\"https:\/\/euvapen.com\/wp-content\/uploads\/2025\/11\/Puff-25k-Bang-25000-Puffs-Disposable-Vape-With-Screen-Tiger-blood.webp\",\"contentUrl\":\"https:\/\/euvapen.com\/wp-content\/uploads\/2025\/11\/Puff-25k-Bang-25000-Puffs-Disposable-Vape-With-Screen-Tiger-blood.webp\",\"width\":800,\"height\":800,\"caption\":\"Puff 25k Bang 25000 Puffs Disposable Vape With Screen Tiger-blood\"},{\"@type\":\"BreadcrumbList\",\"@id\":\"https:\/\/euvapen.com\/product\/puff-25k-bang-25000-puffs-disposable-vape-with-screen\/#breadcrumb\",\"itemListElement\":[{\"@type\":\"ListItem\",\"position\":1,\"name\":\"Home\",\"item\":\"https:\/\/euvapen.com\/\"},{\"@type\":\"ListItem\",\"position\":2,\"name\":\"Shop\",\"item\":\"https:\/\/euvapen.com\/shop\/\"},{\"@type\":\"ListItem\",\"position\":3,\"name\":\"Puff 25k Bang 25000 Puffs Disposable Vape With Screen\"}]},{\"@type\":\"WebSite\",\"@id\":\"https:\/\/euvapen.com\/#website\",\"url\":\"https:\/\/euvapen.com\/\",\"name\":\"bestpuffvape\",\"description\":\"\",\"publisher\":{\"@id\":\"https:\/\/euvapen.com\/#organization\"},\"potentialAction\":[{\"@type\":\"SearchAction\",\"target\":{\"@type\":\"EntryPoint\",\"urlTemplate\":\"https:\/\/euvapen.com\/?s={search_term_string}\"},\"query-input\":{\"@type\":\"PropertyValueSpecification\",\"valueRequired\":true,\"valueName\":\"search_term_string\"}}],\"inLanguage\":\"es\"},{\"@type\":[\"Organization\",\"Place\"],\"@id\":\"https:\/\/euvapen.com\/#organization\",\"name\":\"bestpuffvape\",\"alternateName\":\"bestpuffvape\",\"url\":\"https:\/\/euvapen.com\/\",\"logo\":{\"@id\":\"https:\/\/euvapen.com\/product\/puff-25k-bang-25000-puffs-disposable-vape-with-screen\/#local-main-organization-logo\"},\"image\":{\"@id\":\"https:\/\/euvapen.com\/product\/puff-25k-bang-25000-puffs-disposable-vape-with-screen\/#local-main-organization-logo\"},\"telephone\":[],\"openingHoursSpecification\":[{\"@type\":\"OpeningHoursSpecification\",\"dayOfWeek\":[\"Monday\",\"Tuesday\",\"Wednesday\",\"Thursday\",\"Friday\",\"Saturday\",\"Sunday\"],\"opens\":\"00:00\",\"closes\":\"23:59\"}]},{\"@type\":\"ImageObject\",\"inLanguage\":\"es\",\"@id\":\"https:\/\/euvapen.com\/product\/puff-25k-bang-25000-puffs-disposable-vape-with-screen\/#local-main-organization-logo\",\"url\":\"https:\/\/euvapen.com\/wp-content\/uploads\/2025\/10\/cropped-puffvape-logo.png\",\"contentUrl\":\"https:\/\/euvapen.com\/wp-content\/uploads\/2025\/10\/cropped-puffvape-logo.png\",\"width\":512,\"height\":512,\"caption\":\"bestpuffvape\"}]}<\/script>\n<meta property=\"og:availability\" content=\"instock\" \/>\n<meta property=\"product:availability\" content=\"instock\" \/>\n<meta property=\"product:retailer_item_id\" content=\"Bang-25k\" \/>\n<meta property=\"product:condition\" content=\"new\" \/>\n<!-- \/ Yoast SEO Premium plugin. -->","yoast_head_json":{"title":"Bang 25000 Disposable Vape \u2013 Puff 25k | Smart Screen - EuVapen","description":"Compra el Vapeador Desechable Bang 25000 con hasta 25k caladas, 30mL de e-l\u00edquido, Mesh Coil, carga Type-C y pantalla inteligente. Disponible en 12 sabores frutales.","robots":{"index":"index","follow":"follow","max-snippet":"max-snippet:-1","max-image-preview":"max-image-preview:large","max-video-preview":"max-video-preview:-1"},"canonical":"https:\/\/euvapen.com\/es\/producto\/puff-25k-bang-25000-puffs-disposable-vape-with-screen\/","og_locale":"es_ES","og_type":"article","og_title":"Puff 25k Bang 25000 Puffs Disposable Vape With Screen","og_description":"Buy the Bang 25000 Disposable Vape with up to 25k puffs, 30mL e-liquid, Mesh Coil, Type-C charging, and smart screen display. Available in 12 fruit flavors.","og_url":"https:\/\/euvapen.com\/es\/producto\/puff-25k-bang-25000-puffs-disposable-vape-with-screen\/","og_site_name":"EuVapen","article_modified_time":"2025-11-20T08:32:00+00:00","og_image":[{"width":800,"height":800,"url":"https:\/\/euvapen.com\/wp-content\/uploads\/2025\/11\/Puff-25k-Bang-25000-Puffs-Disposable-Vape-With-Screen-Tiger-blood.webp","type":"image\/webp"}],"twitter_card":"summary_large_image","twitter_misc":{"Disponibilidad":"Disponible"},"schema":{"@context":"https:\/\/schema.org","@graph":[{"@type":"WebPage","@id":"https:\/\/euvapen.com\/product\/puff-25k-bang-25000-puffs-disposable-vape-with-screen\/","url":"https:\/\/euvapen.com\/product\/puff-25k-bang-25000-puffs-disposable-vape-with-screen\/","name":"Bang 25000 Disposable Vape \u2013 Puff 25k | Smart Screen - EuVapen","isPartOf":{"@id":"https:\/\/euvapen.com\/#website"},"primaryImageOfPage":{"@id":"https:\/\/euvapen.com\/product\/puff-25k-bang-25000-puffs-disposable-vape-with-screen\/#primaryimage"},"image":{"@id":"https:\/\/euvapen.com\/product\/puff-25k-bang-25000-puffs-disposable-vape-with-screen\/#primaryimage"},"thumbnailUrl":"https:\/\/euvapen.com\/wp-content\/uploads\/2025\/11\/Puff-25k-Bang-25000-Puffs-Disposable-Vape-With-Screen-Tiger-blood.webp","datePublished":"2025-11-20T08:31:59+00:00","dateModified":"2025-11-20T08:32:00+00:00","description":"Compra el Vapeador Desechable Bang 25000 con hasta 25k caladas, 30mL de e-l\u00edquido, Mesh Coil, carga Type-C y pantalla inteligente. Disponible en 12 sabores frutales.","breadcrumb":{"@id":"https:\/\/euvapen.com\/product\/puff-25k-bang-25000-puffs-disposable-vape-with-screen\/#breadcrumb"},"inLanguage":"es","potentialAction":[{"@type":"ReadAction","target":["https:\/\/euvapen.com\/product\/puff-25k-bang-25000-puffs-disposable-vape-with-screen\/"]}]},{"@type":"ImageObject","inLanguage":"es","@id":"https:\/\/euvapen.com\/product\/puff-25k-bang-25000-puffs-disposable-vape-with-screen\/#primaryimage","url":"https:\/\/euvapen.com\/wp-content\/uploads\/2025\/11\/Puff-25k-Bang-25000-Puffs-Disposable-Vape-With-Screen-Tiger-blood.webp","contentUrl":"https:\/\/euvapen.com\/wp-content\/uploads\/2025\/11\/Puff-25k-Bang-25000-Puffs-Disposable-Vape-With-Screen-Tiger-blood.webp","width":800,"height":800,"caption":"Puff 25k Bang 25000 Puffs Disposable Vape With Screen Tiger-blood"},{"@type":"BreadcrumbList","@id":"https:\/\/euvapen.com\/product\/puff-25k-bang-25000-puffs-disposable-vape-with-screen\/#breadcrumb","itemListElement":[{"@type":"ListItem","position":1,"name":"Home","item":"https:\/\/euvapen.com\/"},{"@type":"ListItem","position":2,"name":"Shop","item":"https:\/\/euvapen.com\/shop\/"},{"@type":"ListItem","position":3,"name":"Puff 25k Bang 25000 Puffs Disposable Vape With Screen"}]},{"@type":"WebSite","@id":"https:\/\/euvapen.com\/#website","url":"https:\/\/euvapen.com\/","name":"bestpuffvape","description":"","publisher":{"@id":"https:\/\/euvapen.com\/#organization"},"potentialAction":[{"@type":"SearchAction","target":{"@type":"EntryPoint","urlTemplate":"https:\/\/euvapen.com\/?s={search_term_string}"},"query-input":{"@type":"PropertyValueSpecification","valueRequired":true,"valueName":"search_term_string"}}],"inLanguage":"es"},{"@type":["Organization","Place"],"@id":"https:\/\/euvapen.com\/#organization","name":"bestpuffvape","alternateName":"bestpuffvape","url":"https:\/\/euvapen.com\/","logo":{"@id":"https:\/\/euvapen.com\/product\/puff-25k-bang-25000-puffs-disposable-vape-with-screen\/#local-main-organization-logo"},"image":{"@id":"https:\/\/euvapen.com\/product\/puff-25k-bang-25000-puffs-disposable-vape-with-screen\/#local-main-organization-logo"},"telephone":[],"openingHoursSpecification":[{"@type":"OpeningHoursSpecification","dayOfWeek":["Monday","Tuesday","Wednesday","Thursday","Friday","Saturday","Sunday"],"opens":"00:00","closes":"23:59"}]},{"@type":"ImageObject","inLanguage":"es","@id":"https:\/\/euvapen.com\/product\/puff-25k-bang-25000-puffs-disposable-vape-with-screen\/#local-main-organization-logo","url":"https:\/\/euvapen.com\/wp-content\/uploads\/2025\/10\/cropped-puffvape-logo.png","contentUrl":"https:\/\/euvapen.com\/wp-content\/uploads\/2025\/10\/cropped-puffvape-logo.png","width":512,"height":512,"caption":"bestpuffvape"}]},"og_availability":"instock","product_availability":"instock","product_retailer_item_id":"Bang-25k","product_condition":"new"},"brands":[{"id":166,"name":"Bang","slug":"bang"}],"tiered_pricing_type":"fixed","tiered_pricing_fixed_rules":{"30":"12","50":"10","100":"9.8","200":"8"},"tiered_pricing_product_settings":{"layout":"default","base_unit_name":{"singular":null,"plural":null},"default_variation":{}},"tiered_pricing_minimum_quantity":null,"tiered_pricing_roles_data":[],"tiered_pricing_percentage_rules":[],"tiered_pricing_maximum_quantity":null,"tiered_pricing_quantity_step":null,"_links":{"self":[{"href":"https:\/\/euvapen.com\/es\/wp-json\/wp\/v2\/product\/21974","targetHints":{"allow":["GET"]}}],"collection":[{"href":"https:\/\/euvapen.com\/es\/wp-json\/wp\/v2\/product"}],"about":[{"href":"https:\/\/euvapen.com\/es\/wp-json\/wp\/v2\/types\/product"}],"replies":[{"embeddable":true,"href":"https:\/\/euvapen.com\/es\/wp-json\/wp\/v2\/comments?post=21974"}],"wp:featuredmedia":[{"embeddable":true,"href":"https:\/\/euvapen.com\/es\/wp-json\/wp\/v2\/media\/21993"}],"wp:attachment":[{"href":"https:\/\/euvapen.com\/es\/wp-json\/wp\/v2\/media?parent=21974"}],"wp:term":[{"taxonomy":"pwb-brand","embeddable":true,"href":"https:\/\/euvapen.com\/es\/wp-json\/wp\/v2\/pwb-brand?post=21974"},{"taxonomy":"product_brand","embeddable":true,"href":"https:\/\/euvapen.com\/es\/wp-json\/wp\/v2\/product_brand?post=21974"},{"taxonomy":"product_cat","embeddable":true,"href":"https:\/\/euvapen.com\/es\/wp-json\/wp\/v2\/product_cat?post=21974"},{"taxonomy":"product_tag","embeddable":true,"href":"https:\/\/euvapen.com\/es\/wp-json\/wp\/v2\/product_tag?post=21974"}],"curies":[{"name":"wp","href":"https:\/\/api.w.org\/{rel}","templated":true}]}}