{"id":21975,"date":"2025-11-20T08:36:46","date_gmt":"2025-11-20T08:36:46","guid":{"rendered":"https:\/\/euvapen.com\/?post_type=product&#038;p=21975"},"modified":"2025-11-20T08:36:47","modified_gmt":"2025-11-20T08:36:47","slug":"puff-12k-bang-king-12000-puffs-disposable-vape","status":"publish","type":"product","link":"https:\/\/euvapen.com\/es\/producto\/puff-12k-bang-king-12000-puffs-disposable-vape\/","title":{"rendered":"Puff 12k Bang King 12000 Puffs Vape Desechable"},"content":{"rendered":"<h1 data-start=\"184\" data-end=\"241\"><strong data-start=\"186\" data-end=\"241\">Bang King 12000 Vape Desechable - Compacto 12K Potencia<\/strong><\/h1>\n<p data-start=\"242\" data-end=\"632\">En <strong data-start=\"246\" data-end=\"265\">Bang King 12000<\/strong> ofrece un vaporizador desechable compacto, potente y con un sabor intenso, dise\u00f1ado para usuarios que desean <strong data-start=\"359\" data-end=\"381\">hasta 12,000 puffs<\/strong> con una salida de vapor suave y consistente. Con su <strong data-start=\"432\" data-end=\"458\">Capacidad de 18 ml de e-l\u00edquido<\/strong>, <strong data-start=\"460\" data-end=\"473\">Bobina de malla<\/strong>, y <strong data-start=\"479\" data-end=\"502\">Carga r\u00e1pida Tipo-C<\/strong>, Este modelo es ideal para usuarios cotidianos y compradores al por mayor que buscan un alto volumen de ventas, un buen sabor y una entrega r\u00e1pida.<\/p>\n<p data-start=\"634\" data-end=\"745\">S\u00f3lo pesaje <strong data-start=\"648\" data-end=\"655\">90g<\/strong>, Es ultraport\u00e1til y duradero, perfecto para la experiencia moderna de vapear sobre la marcha.<\/p>\n<hr data-start=\"747\" data-end=\"750\" \/>\n<h2 data-start=\"752\" data-end=\"779\">Puff 12k \u2b50 <strong data-start=\"757\" data-end=\"779\">Especificaciones<\/strong><\/h2>\n<ul>\n<li data-start=\"782\" data-end=\"804\"><strong data-start=\"782\" data-end=\"792\">Marca:<\/strong> Bang Vape<\/li>\n<li data-start=\"807\" data-end=\"839\"><strong data-start=\"807\" data-end=\"817\">Modelo:<\/strong> <strong data-start=\"818\" data-end=\"837\">Bang King 12000<\/strong><\/li>\n<li data-start=\"842\" data-end=\"877\"><strong data-start=\"842\" data-end=\"852\">Puffs:<\/strong> Hasta <strong data-start=\"859\" data-end=\"875\">12,000 puffs<\/strong><\/li>\n<li data-start=\"880\" data-end=\"918\"><strong data-start=\"880\" data-end=\"901\">Opciones de nicotina:<\/strong> 0%, 2%, 3%, 5%<\/li>\n<li data-start=\"921\" data-end=\"964\"><strong data-start=\"921\" data-end=\"933\">Bater\u00eda:<\/strong> 550mAh Recargable (Tipo-C)<\/li>\n<li data-start=\"967\" data-end=\"996\"><strong data-start=\"967\" data-end=\"989\">Capacidad de e-l\u00edquido:<\/strong> 18 ml<\/li>\n<li data-start=\"999\" data-end=\"1020\"><strong data-start=\"999\" data-end=\"1008\">N\u00facleo:<\/strong> Bobina de malla<\/li>\n<li data-start=\"1023\" data-end=\"1054\"><strong data-start=\"1023\" data-end=\"1041\">Tiempo de carga:<\/strong> 30 minutos<\/li>\n<li data-start=\"1057\" data-end=\"1084\"><strong data-start=\"1057\" data-end=\"1075\">Serie de sabores:<\/strong> Frutas<\/li>\n<li data-start=\"1087\" data-end=\"1104\"><strong data-start=\"1087\" data-end=\"1098\">Peso:<\/strong> 90g<\/li>\n<li data-start=\"1107\" data-end=\"1140\"><strong data-start=\"1107\" data-end=\"1122\">Dimensiones:<\/strong> 60 \u00d7 29 \u00d7 72 mm<\/li>\n<li data-start=\"1143\" data-end=\"1169\"><strong data-start=\"1143\" data-end=\"1157\">Embalaje:<\/strong> 10PCS\/Caja<\/li>\n<li data-start=\"1172\" data-end=\"1212\"><strong data-start=\"1172\" data-end=\"1194\">Ubicaci\u00f3n del despacho:<\/strong> Shenzhen, China<\/li>\n<li data-start=\"1215\" data-end=\"1237\"><strong data-start=\"1215\" data-end=\"1224\">Tipo:<\/strong> Desechable<\/li>\n<li data-start=\"1240\" data-end=\"1267\"><strong data-start=\"1240\" data-end=\"1257\">Adecuado para:<\/strong> TODOS &gt;18<\/li>\n<\/ul>\n<p data-start=\"1269\" data-end=\"1360\">Palabras clave incluidas: <strong data-start=\"1288\" data-end=\"1360\">Puff 12k, Vape 12000 Puffs, 12k vape, Bang King 12000, 12k puff vape<\/strong><\/p>\n<hr data-start=\"1362\" data-end=\"1365\" \/>\n<h2 data-start=\"1367\" data-end=\"1394\">\ud83c\udf08 <strong data-start=\"1373\" data-end=\"1394\">Sabores disponibles<\/strong><\/h2>\n<ol>\n<li data-start=\"1398\" data-end=\"1410\">Sand\u00eda<\/li>\n<li data-start=\"1414\" data-end=\"1437\">Sand\u00eda con fresa<\/li>\n<li data-start=\"1441\" data-end=\"1456\">Hielo de ar\u00e1ndanos<\/li>\n<li data-start=\"1460\" data-end=\"1481\">Ar\u00e1ndano Frambuesa<\/li>\n<li data-start=\"1485\" data-end=\"1503\">Fresa Mango<\/li>\n<li data-start=\"1507\" data-end=\"1525\">Hielo del Drag\u00f3n Negro<\/li>\n<li data-start=\"1529\" data-end=\"1542\">Cereza Cola<\/li>\n<li data-start=\"1546\" data-end=\"1563\">Ar\u00e1ndano Uva<\/li>\n<li data-start=\"1567\" data-end=\"1581\">Triple baya<\/li>\n<li data-start=\"1586\" data-end=\"1603\">Fresa Kiwi<\/li>\n<li data-start=\"1608\" data-end=\"1619\">Melocot\u00f3n helado<\/li>\n<li data-start=\"1624\" data-end=\"1647\">Chicle de sand\u00eda<\/li>\n<\/ol>\n<hr data-start=\"1649\" data-end=\"1652\" \/>\n<h2 data-start=\"1654\" data-end=\"1690\">\u2b50 <strong data-start=\"1659\" data-end=\"1690\">\u00bfPor qu\u00e9 elegir Bang King 12000?<\/strong><\/h2>\n<ul>\n<li data-start=\"1693\" data-end=\"1743\"><strong data-start=\"1693\" data-end=\"1715\">Hasta 12.000 caladas<\/strong> en un cuerpo ligero de 90 g<\/li>\n<li data-start=\"1746\" data-end=\"1799\"><strong data-start=\"1746\" data-end=\"1759\">Bobina de malla<\/strong> para un sabor uniforme y una extracci\u00f3n suave<\/li>\n<li data-start=\"1802\" data-end=\"1841\"><strong data-start=\"1802\" data-end=\"1839\">Carga r\u00e1pida Type-C (30 minutos)<\/strong><\/li>\n<li data-start=\"1844\" data-end=\"1889\"><strong data-start=\"1844\" data-end=\"1870\">Capacidad de 18 ml de e-l\u00edquido<\/strong> para un uso prolongado<\/li>\n<li data-start=\"1892\" data-end=\"1933\"><strong data-start=\"1892\" data-end=\"1931\">Tama\u00f1o de bolsillo de 60 \u00d7 29 \u00d7 72 mm<\/strong><\/li>\n<li data-start=\"1936\" data-end=\"1977\"><strong data-start=\"1936\" data-end=\"1975\">L\u00ednea de sabores afrutados de gran \u00e9xito de ventas<\/strong><\/li>\n<li data-start=\"1980\" data-end=\"2048\">Ideal para estanter\u00edas de minoristas, pedidos B2B y distribuidores de gran volumen<\/li>\n<\/ul>\n<p data-start=\"2050\" data-end=\"2123\">Un dispositivo fiable, compacto y sabroso dise\u00f1ado para el uso diario.<\/p>","protected":false},"excerpt":{"rendered":"<p data-start=\"2172\" data-end=\"2376\">Bang King 12000 ofrece hasta <strong data-start=\"2234\" data-end=\"2247\">12k puffs<\/strong> con un tanque de 18mL, Mesh Coil, y carga r\u00e1pida Type-C en un cuerpo compacto de 90g. Palabras clave: <strong data-start=\"2336\" data-end=\"2375\">Puff 12k, Bang King 12000, 12k vape<\/strong>.<\/p>","protected":false},"featured_media":21984,"comment_status":"open","ping_status":"closed","template":"","meta":{"_acf_changed":false},"pwb-brand":[166],"product_brand":[],"product_cat":[15,57,91,1380,93],"product_tag":[3184],"class_list":{"0":"post-21975","1":"product","2":"type-product","3":"status-publish","4":"has-post-thumbnail","6":"pwb-brand-bang","7":"product_cat-vape","8":"product_cat-disposable-vape","9":"product_cat-low-nicotine-vape","10":"product_cat-nicotine-free-vape","11":"product_cat-rechargeable-vapes","12":"product_tag-puff-12k","14":"first","15":"instock","16":"shipping-taxable","17":"purchasable","18":"product-type-variable"},"acf":[],"yoast_head":"<!-- This site is optimized with the Yoast SEO Premium plugin v26.3 (Yoast SEO v26.3) - https:\/\/yoast.com\/wordpress\/plugins\/seo\/ -->\n<title>Bang King 12000 Disposable \u2013 Puff 12k | Vape 12000 Puffs - EuVapen<\/title>\n<meta name=\"description\" content=\"Shop Bang King 12000 Disposable Vape with up to 12k puffs, 18mL e-liquid, Mesh Coil, and Type-C fast charging. Lightweight 90g design with 12 fruity flavors.\" \/>\n<meta name=\"robots\" content=\"index, follow, max-snippet:-1, max-image-preview:large, max-video-preview:-1\" \/>\n<link rel=\"canonical\" href=\"https:\/\/euvapen.com\/es\/producto\/puff-12k-bang-king-12000-puffs-disposable-vape\/\" \/>\n<meta property=\"og:locale\" content=\"es_ES\" \/>\n<meta property=\"og:type\" content=\"article\" \/>\n<meta property=\"og:title\" content=\"Puff 12k Bang King 12000 Puffs Disposable Vape\" \/>\n<meta property=\"og:description\" content=\"Shop Bang King 12000 Disposable Vape with up to 12k puffs, 18mL e-liquid, Mesh Coil, and Type-C fast charging. Lightweight 90g design with 12 fruity flavors.\" \/>\n<meta property=\"og:url\" content=\"https:\/\/euvapen.com\/es\/producto\/puff-12k-bang-king-12000-puffs-disposable-vape\/\" \/>\n<meta property=\"og:site_name\" content=\"EuVapen\" \/>\n<meta property=\"article:modified_time\" content=\"2025-11-20T08:36:47+00:00\" \/>\n<meta property=\"og:image\" content=\"https:\/\/euvapen.com\/wp-content\/uploads\/2025\/11\/Puff-12k-Bang-King-12000-Puffs-Disposable-Vape-9.webp\" \/>\n\t<meta property=\"og:image:width\" content=\"800\" \/>\n\t<meta property=\"og:image:height\" content=\"800\" \/>\n\t<meta property=\"og:image:type\" content=\"image\/webp\" \/>\n<meta name=\"twitter:card\" content=\"summary_large_image\" \/>\n<meta name=\"twitter:label1\" content=\"Disponibilidad\" \/>\n\t<meta name=\"twitter:data1\" content=\"Disponible\" \/>\n<script type=\"application\/ld+json\" class=\"yoast-schema-graph\">{\"@context\":\"https:\/\/schema.org\",\"@graph\":[{\"@type\":\"WebPage\",\"@id\":\"https:\/\/euvapen.com\/product\/puff-12k-bang-king-12000-puffs-disposable-vape\/\",\"url\":\"https:\/\/euvapen.com\/product\/puff-12k-bang-king-12000-puffs-disposable-vape\/\",\"name\":\"Bang King 12000 Disposable \u2013 Puff 12k | Vape 12000 Puffs - EuVapen\",\"isPartOf\":{\"@id\":\"https:\/\/euvapen.com\/#website\"},\"primaryImageOfPage\":{\"@id\":\"https:\/\/euvapen.com\/product\/puff-12k-bang-king-12000-puffs-disposable-vape\/#primaryimage\"},\"image\":{\"@id\":\"https:\/\/euvapen.com\/product\/puff-12k-bang-king-12000-puffs-disposable-vape\/#primaryimage\"},\"thumbnailUrl\":\"https:\/\/euvapen.com\/wp-content\/uploads\/2025\/11\/Puff-12k-Bang-King-12000-Puffs-Disposable-Vape-9.webp\",\"datePublished\":\"2025-11-20T08:36:46+00:00\",\"dateModified\":\"2025-11-20T08:36:47+00:00\",\"description\":\"Shop Bang King 12000 Disposable Vape with up to 12k puffs, 18mL e-liquid, Mesh Coil, and Type-C fast charging. Lightweight 90g design with 12 fruity flavors.\",\"breadcrumb\":{\"@id\":\"https:\/\/euvapen.com\/product\/puff-12k-bang-king-12000-puffs-disposable-vape\/#breadcrumb\"},\"inLanguage\":\"es\",\"potentialAction\":[{\"@type\":\"ReadAction\",\"target\":[\"https:\/\/euvapen.com\/product\/puff-12k-bang-king-12000-puffs-disposable-vape\/\"]}]},{\"@type\":\"ImageObject\",\"inLanguage\":\"es\",\"@id\":\"https:\/\/euvapen.com\/product\/puff-12k-bang-king-12000-puffs-disposable-vape\/#primaryimage\",\"url\":\"https:\/\/euvapen.com\/wp-content\/uploads\/2025\/11\/Puff-12k-Bang-King-12000-Puffs-Disposable-Vape-9.webp\",\"contentUrl\":\"https:\/\/euvapen.com\/wp-content\/uploads\/2025\/11\/Puff-12k-Bang-King-12000-Puffs-Disposable-Vape-9.webp\",\"width\":800,\"height\":800,\"caption\":\"Puff 12k Bang King 12000 Puffs Disposable Vape #9\"},{\"@type\":\"BreadcrumbList\",\"@id\":\"https:\/\/euvapen.com\/product\/puff-12k-bang-king-12000-puffs-disposable-vape\/#breadcrumb\",\"itemListElement\":[{\"@type\":\"ListItem\",\"position\":1,\"name\":\"Home\",\"item\":\"https:\/\/euvapen.com\/\"},{\"@type\":\"ListItem\",\"position\":2,\"name\":\"Shop\",\"item\":\"https:\/\/euvapen.com\/shop\/\"},{\"@type\":\"ListItem\",\"position\":3,\"name\":\"Puff 12k Bang King 12000 Puffs Disposable Vape\"}]},{\"@type\":\"WebSite\",\"@id\":\"https:\/\/euvapen.com\/#website\",\"url\":\"https:\/\/euvapen.com\/\",\"name\":\"bestpuffvape\",\"description\":\"\",\"publisher\":{\"@id\":\"https:\/\/euvapen.com\/#organization\"},\"potentialAction\":[{\"@type\":\"SearchAction\",\"target\":{\"@type\":\"EntryPoint\",\"urlTemplate\":\"https:\/\/euvapen.com\/?s={search_term_string}\"},\"query-input\":{\"@type\":\"PropertyValueSpecification\",\"valueRequired\":true,\"valueName\":\"search_term_string\"}}],\"inLanguage\":\"es\"},{\"@type\":[\"Organization\",\"Place\"],\"@id\":\"https:\/\/euvapen.com\/#organization\",\"name\":\"bestpuffvape\",\"alternateName\":\"bestpuffvape\",\"url\":\"https:\/\/euvapen.com\/\",\"logo\":{\"@id\":\"https:\/\/euvapen.com\/product\/puff-12k-bang-king-12000-puffs-disposable-vape\/#local-main-organization-logo\"},\"image\":{\"@id\":\"https:\/\/euvapen.com\/product\/puff-12k-bang-king-12000-puffs-disposable-vape\/#local-main-organization-logo\"},\"telephone\":[],\"openingHoursSpecification\":[{\"@type\":\"OpeningHoursSpecification\",\"dayOfWeek\":[\"Monday\",\"Tuesday\",\"Wednesday\",\"Thursday\",\"Friday\",\"Saturday\",\"Sunday\"],\"opens\":\"00:00\",\"closes\":\"23:59\"}]},{\"@type\":\"ImageObject\",\"inLanguage\":\"es\",\"@id\":\"https:\/\/euvapen.com\/product\/puff-12k-bang-king-12000-puffs-disposable-vape\/#local-main-organization-logo\",\"url\":\"https:\/\/euvapen.com\/wp-content\/uploads\/2025\/10\/cropped-puffvape-logo.png\",\"contentUrl\":\"https:\/\/euvapen.com\/wp-content\/uploads\/2025\/10\/cropped-puffvape-logo.png\",\"width\":512,\"height\":512,\"caption\":\"bestpuffvape\"}]}<\/script>\n<meta property=\"og:availability\" content=\"instock\" \/>\n<meta property=\"product:availability\" content=\"instock\" \/>\n<meta property=\"product:retailer_item_id\" content=\"Bang-King-12k\" \/>\n<meta property=\"product:condition\" content=\"new\" \/>\n<!-- \/ Yoast SEO Premium plugin. -->","yoast_head_json":{"title":"Bang King 12000 Disposable \u2013 Puff 12k | Vape 12000 Puffs - EuVapen","description":"Tienda Bang King 12000 Vapeador desechable con hasta 12k puffs, 18mL de e-l\u00edquido, Mesh Coil y carga r\u00e1pida Tipo-C. Dise\u00f1o ligero de 90g con 12 sabores afrutados.","robots":{"index":"index","follow":"follow","max-snippet":"max-snippet:-1","max-image-preview":"max-image-preview:large","max-video-preview":"max-video-preview:-1"},"canonical":"https:\/\/euvapen.com\/es\/producto\/puff-12k-bang-king-12000-puffs-disposable-vape\/","og_locale":"es_ES","og_type":"article","og_title":"Puff 12k Bang King 12000 Puffs Disposable Vape","og_description":"Shop Bang King 12000 Disposable Vape with up to 12k puffs, 18mL e-liquid, Mesh Coil, and Type-C fast charging. Lightweight 90g design with 12 fruity flavors.","og_url":"https:\/\/euvapen.com\/es\/producto\/puff-12k-bang-king-12000-puffs-disposable-vape\/","og_site_name":"EuVapen","article_modified_time":"2025-11-20T08:36:47+00:00","og_image":[{"width":800,"height":800,"url":"https:\/\/euvapen.com\/wp-content\/uploads\/2025\/11\/Puff-12k-Bang-King-12000-Puffs-Disposable-Vape-9.webp","type":"image\/webp"}],"twitter_card":"summary_large_image","twitter_misc":{"Disponibilidad":"Disponible"},"schema":{"@context":"https:\/\/schema.org","@graph":[{"@type":"WebPage","@id":"https:\/\/euvapen.com\/product\/puff-12k-bang-king-12000-puffs-disposable-vape\/","url":"https:\/\/euvapen.com\/product\/puff-12k-bang-king-12000-puffs-disposable-vape\/","name":"Bang King 12000 Disposable \u2013 Puff 12k | Vape 12000 Puffs - EuVapen","isPartOf":{"@id":"https:\/\/euvapen.com\/#website"},"primaryImageOfPage":{"@id":"https:\/\/euvapen.com\/product\/puff-12k-bang-king-12000-puffs-disposable-vape\/#primaryimage"},"image":{"@id":"https:\/\/euvapen.com\/product\/puff-12k-bang-king-12000-puffs-disposable-vape\/#primaryimage"},"thumbnailUrl":"https:\/\/euvapen.com\/wp-content\/uploads\/2025\/11\/Puff-12k-Bang-King-12000-Puffs-Disposable-Vape-9.webp","datePublished":"2025-11-20T08:36:46+00:00","dateModified":"2025-11-20T08:36:47+00:00","description":"Tienda Bang King 12000 Vapeador desechable con hasta 12k puffs, 18mL de e-l\u00edquido, Mesh Coil y carga r\u00e1pida Tipo-C. Dise\u00f1o ligero de 90g con 12 sabores afrutados.","breadcrumb":{"@id":"https:\/\/euvapen.com\/product\/puff-12k-bang-king-12000-puffs-disposable-vape\/#breadcrumb"},"inLanguage":"es","potentialAction":[{"@type":"ReadAction","target":["https:\/\/euvapen.com\/product\/puff-12k-bang-king-12000-puffs-disposable-vape\/"]}]},{"@type":"ImageObject","inLanguage":"es","@id":"https:\/\/euvapen.com\/product\/puff-12k-bang-king-12000-puffs-disposable-vape\/#primaryimage","url":"https:\/\/euvapen.com\/wp-content\/uploads\/2025\/11\/Puff-12k-Bang-King-12000-Puffs-Disposable-Vape-9.webp","contentUrl":"https:\/\/euvapen.com\/wp-content\/uploads\/2025\/11\/Puff-12k-Bang-King-12000-Puffs-Disposable-Vape-9.webp","width":800,"height":800,"caption":"Puff 12k Bang King 12000 Puffs Disposable Vape #9"},{"@type":"BreadcrumbList","@id":"https:\/\/euvapen.com\/product\/puff-12k-bang-king-12000-puffs-disposable-vape\/#breadcrumb","itemListElement":[{"@type":"ListItem","position":1,"name":"Home","item":"https:\/\/euvapen.com\/"},{"@type":"ListItem","position":2,"name":"Shop","item":"https:\/\/euvapen.com\/shop\/"},{"@type":"ListItem","position":3,"name":"Puff 12k Bang King 12000 Puffs Disposable Vape"}]},{"@type":"WebSite","@id":"https:\/\/euvapen.com\/#website","url":"https:\/\/euvapen.com\/","name":"bestpuffvape","description":"","publisher":{"@id":"https:\/\/euvapen.com\/#organization"},"potentialAction":[{"@type":"SearchAction","target":{"@type":"EntryPoint","urlTemplate":"https:\/\/euvapen.com\/?s={search_term_string}"},"query-input":{"@type":"PropertyValueSpecification","valueRequired":true,"valueName":"search_term_string"}}],"inLanguage":"es"},{"@type":["Organization","Place"],"@id":"https:\/\/euvapen.com\/#organization","name":"bestpuffvape","alternateName":"bestpuffvape","url":"https:\/\/euvapen.com\/","logo":{"@id":"https:\/\/euvapen.com\/product\/puff-12k-bang-king-12000-puffs-disposable-vape\/#local-main-organization-logo"},"image":{"@id":"https:\/\/euvapen.com\/product\/puff-12k-bang-king-12000-puffs-disposable-vape\/#local-main-organization-logo"},"telephone":[],"openingHoursSpecification":[{"@type":"OpeningHoursSpecification","dayOfWeek":["Monday","Tuesday","Wednesday","Thursday","Friday","Saturday","Sunday"],"opens":"00:00","closes":"23:59"}]},{"@type":"ImageObject","inLanguage":"es","@id":"https:\/\/euvapen.com\/product\/puff-12k-bang-king-12000-puffs-disposable-vape\/#local-main-organization-logo","url":"https:\/\/euvapen.com\/wp-content\/uploads\/2025\/10\/cropped-puffvape-logo.png","contentUrl":"https:\/\/euvapen.com\/wp-content\/uploads\/2025\/10\/cropped-puffvape-logo.png","width":512,"height":512,"caption":"bestpuffvape"}]},"og_availability":"instock","product_availability":"instock","product_retailer_item_id":"Bang-King-12k","product_condition":"new"},"brands":[{"id":166,"name":"Bang","slug":"bang"}],"tiered_pricing_type":"fixed","tiered_pricing_fixed_rules":{"30":"10","50":"8","100":"7","200":"6.5"},"tiered_pricing_product_settings":{"layout":"default","base_unit_name":{"singular":null,"plural":null},"default_variation":{}},"tiered_pricing_minimum_quantity":null,"tiered_pricing_roles_data":[],"tiered_pricing_percentage_rules":[],"tiered_pricing_maximum_quantity":null,"tiered_pricing_quantity_step":null,"_links":{"self":[{"href":"https:\/\/euvapen.com\/es\/wp-json\/wp\/v2\/product\/21975","targetHints":{"allow":["GET"]}}],"collection":[{"href":"https:\/\/euvapen.com\/es\/wp-json\/wp\/v2\/product"}],"about":[{"href":"https:\/\/euvapen.com\/es\/wp-json\/wp\/v2\/types\/product"}],"replies":[{"embeddable":true,"href":"https:\/\/euvapen.com\/es\/wp-json\/wp\/v2\/comments?post=21975"}],"wp:featuredmedia":[{"embeddable":true,"href":"https:\/\/euvapen.com\/es\/wp-json\/wp\/v2\/media\/21984"}],"wp:attachment":[{"href":"https:\/\/euvapen.com\/es\/wp-json\/wp\/v2\/media?parent=21975"}],"wp:term":[{"taxonomy":"pwb-brand","embeddable":true,"href":"https:\/\/euvapen.com\/es\/wp-json\/wp\/v2\/pwb-brand?post=21975"},{"taxonomy":"product_brand","embeddable":true,"href":"https:\/\/euvapen.com\/es\/wp-json\/wp\/v2\/product_brand?post=21975"},{"taxonomy":"product_cat","embeddable":true,"href":"https:\/\/euvapen.com\/es\/wp-json\/wp\/v2\/product_cat?post=21975"},{"taxonomy":"product_tag","embeddable":true,"href":"https:\/\/euvapen.com\/es\/wp-json\/wp\/v2\/product_tag?post=21975"}],"curies":[{"name":"wp","href":"https:\/\/api.w.org\/{rel}","templated":true}]}}