{"id":22186,"date":"2025-11-21T08:54:46","date_gmt":"2025-11-21T08:54:46","guid":{"rendered":"https:\/\/euvapen.com\/?post_type=product&#038;p=22186"},"modified":"2025-11-21T08:54:48","modified_gmt":"2025-11-21T08:54:48","slug":"puff-100k-bang-blaze-100000-puffs-disposable-vape-6-in-1-flavors-eu-warehouse","status":"publish","type":"product","link":"https:\/\/euvapen.com\/es\/producto\/puff-100k-bang-blaze-100000-puffs-disposable-vape-6-in-1-flavors-eu-warehouse\/","title":{"rendered":"Puff 100k BANG BLAZE 100000 Puffs Vape Desechable 6 en 1 Sabores EU Warehouse"},"content":{"rendered":"<h1 data-start=\"517\" data-end=\"576\"><strong data-start=\"519\" data-end=\"574\">Bang Blaze 100K Vape Desechable (BANG BLAZE 100000)<\/strong><\/h1>\n<p data-start=\"577\" data-end=\"913\">Experimente una longevidad extrema con el <strong data-start=\"615\" data-end=\"634\">Bang Blaze 100K<\/strong>, de alta capacidad <strong data-start=\"652\" data-end=\"665\">100k vape<\/strong> Dise\u00f1ado con bobinas de triple malla, 3 tanques independientes y 6 modos de sabor para una personalizaci\u00f3n completa. Entrega <strong data-start=\"776\" data-end=\"799\">hasta 100.000 caladas<\/strong>, Este <strong data-start=\"806\" data-end=\"827\">Vape 100000 Puffs<\/strong> est\u00e1 dise\u00f1ado para usuarios intensivos que desean un rendimiento sin interrupciones y una gran claridad de sabor.<\/p>\n<h2 data-start=\"915\" data-end=\"935\"><strong data-start=\"919\" data-end=\"935\">Puff 100k BANG BLAZE 100000 Caracter\u00edsticas principales<\/strong><\/h2>\n<ul>\n<li data-start=\"938\" data-end=\"1008\"><strong data-start=\"938\" data-end=\"953\">Conteo de Puff:<\/strong> Hasta <strong data-start=\"960\" data-end=\"977\">100,000 puffs<\/strong> (Puff 100k \/ 100k puff vape)<\/li>\n<li data-start=\"1011\" data-end=\"1048\"><strong data-start=\"1011\" data-end=\"1033\">Potencia de nicotina:<\/strong> 2% \/ 3% \/ 5%<\/li>\n<li data-start=\"1051\" data-end=\"1098\"><strong data-start=\"1051\" data-end=\"1068\">Modos de sabor:<\/strong> A \/ B \/ C \/ A+B \/ A+C \/ B+C<\/li>\n<li data-start=\"1101\" data-end=\"1133\"><strong data-start=\"1101\" data-end=\"1114\">Dep\u00f3sito de aceite:<\/strong> Dep\u00f3sitos de aceite triples<\/li>\n<li data-start=\"1136\" data-end=\"1164\"><strong data-start=\"1136\" data-end=\"1145\">Bobina:<\/strong> Bobina de malla triple<\/li>\n<li data-start=\"1167\" data-end=\"1201\"><strong data-start=\"1167\" data-end=\"1179\">Bater\u00eda:<\/strong> 850mAh recargable<\/li>\n<li data-start=\"1204\" data-end=\"1226\"><strong data-start=\"1204\" data-end=\"1217\">Cargando:<\/strong> Tipo-C<\/li>\n<li data-start=\"1229\" data-end=\"1254\"><strong data-start=\"1229\" data-end=\"1240\">Pantalla:<\/strong> Pantalla LED<\/li>\n<li data-start=\"1257\" data-end=\"1285\"><strong data-start=\"1257\" data-end=\"1271\">Embalaje:<\/strong> 10 unidades\/paquete<\/li>\n<li data-start=\"1288\" data-end=\"1318\"><strong data-start=\"1288\" data-end=\"1300\">Sabores:<\/strong> 10 combinaciones<\/li>\n<\/ul>\n<hr data-start=\"1320\" data-end=\"1323\" \/>\n<h2 data-start=\"1325\" data-end=\"1357\"><strong data-start=\"1327\" data-end=\"1355\">Opciones de sabores (10 juegos)<\/strong><\/h2>\n<p data-start=\"1358\" data-end=\"1384\">Cada grupo contiene tres sabores que se pueden girar, y se pueden seleccionar individualmente o en combinaci\u00f3n en el patr\u00f3n A\/B\/C.<\/p>\n<p data-start=\"1386\" data-end=\"1456\"><strong data-start=\"1390\" data-end=\"1454\">1. Hielo de sand\u00eda - Mamba de fresa - Sand\u00eda de fresa<\/strong><\/p>\n<p data-start=\"1457\" data-end=\"1553\">Modos:<br data-start=\"1463\" data-end=\"1466\" \/>A - Hielo de sand\u00eda<br data-start=\"1484\" data-end=\"1487\" \/>B - Mamba de fresa<br data-start=\"1507\" data-end=\"1510\" \/>C - Sand\u00eda con fresa<br data-start=\"1535\" data-end=\"1538\" \/>A+B \/ A+C \/ B+C<\/p>\n<p data-start=\"1555\" data-end=\"1611\"><strong data-start=\"1559\" data-end=\"1609\">2. Fuji Ice - Manzana Uva - Cereza Granada<\/strong><\/p>\n<p data-start=\"1612\" data-end=\"1669\">A - Hielo Fuji<br data-start=\"1624\" data-end=\"1627\" \/>B - Manzana Uva<br data-start=\"1642\" data-end=\"1645\" \/>C - Cereza Granada<\/p>\n<p><strong data-start=\"1675\" data-end=\"1736\">3. Blueberry Ice - Frambuesa Lim\u00f3n - Sand\u00eda Bubblegum<\/strong><\/p>\n<p data-start=\"1739\" data-end=\"1807\">A - Hielo de ar\u00e1ndanos<br data-start=\"1756\" data-end=\"1759\" \/>B - Frambuesa Lim\u00f3n<br data-start=\"1778\" data-end=\"1781\" \/>C - Sand\u00eda Chicle<\/p>\n<p data-start=\"1809\" data-end=\"1897\"><strong data-start=\"1813\" data-end=\"1895\">4. Ar\u00e1ndanos Frambuesas - Agrias Pi\u00f1as Naranjas - Frambuesas Sand\u00edas<\/strong><\/p>\n<p data-start=\"1898\" data-end=\"1987\">A - Ar\u00e1ndanos Frambuesas<br data-start=\"1925\" data-end=\"1928\" \/>B - Pi\u00f1as \u00e1cidas Naranjas<br data-start=\"1955\" data-end=\"1958\" \/>C - Frambuesas Sand\u00edas<\/p>\n<p data-start=\"1989\" data-end=\"2048\"><strong data-start=\"1993\" data-end=\"2046\">5. Uva Helada - Mango Melocot\u00f3n - Ar\u00e1ndano Sand\u00eda<\/strong><\/p>\n<p data-start=\"2049\" data-end=\"2109\">A - Hielo de uva<br data-start=\"2062\" data-end=\"2065\" \/>B - Mango Melocot\u00f3n<br data-start=\"2080\" data-end=\"2083\" \/>C - Sand\u00eda con ar\u00e1ndanos<\/p>\n<p data-start=\"2111\" data-end=\"2179\"><strong data-start=\"2115\" data-end=\"2177\">6. Fresa Helada - Melocot\u00f3n Lim\u00f3n - Kiwi Fruta de la Pasi\u00f3n Guayaba<\/strong><\/p>\n<p data-start=\"2180\" data-end=\"2249\">A - Fresa helada<br data-start=\"2198\" data-end=\"2201\" \/>B - Melocot\u00f3n Lim\u00f3n<br data-start=\"2216\" data-end=\"2219\" \/>C - Kiwi Maracuy\u00e1 Guayaba<\/p>\n<p data-start=\"2251\" data-end=\"2319\"><strong data-start=\"2255\" data-end=\"2317\">7. Pi\u00f1a Coco - Ar\u00e1ndano Red Bull - Sand\u00eda Hielo<\/strong><\/p>\n<p data-start=\"2320\" data-end=\"2389\">A - Pi\u00f1a Coco<br data-start=\"2341\" data-end=\"2344\" \/>B - Toro rojo de ar\u00e1ndanos<br data-start=\"2366\" data-end=\"2369\" \/>C - Hielo de sand\u00eda<\/p>\n<p data-start=\"2391\" data-end=\"2453\"><strong data-start=\"2395\" data-end=\"2451\">8. Fresa Kiwi - Ar\u00e1ndano Coco - Frutas del Bosque<\/strong><\/p>\n<p data-start=\"2454\" data-end=\"2517\">A - Fresa Kiwi<br data-start=\"2473\" data-end=\"2476\" \/>B - Coco con ar\u00e1ndanos<br data-start=\"2497\" data-end=\"2500\" \/>C - Mezcla de bayas<\/p>\n<p data-start=\"2519\" data-end=\"2583\"><strong data-start=\"2523\" data-end=\"2581\">9. Romance Lim\u00f3n - Frambuesa Ar\u00e1ndano - Melocot\u00f3n Mentolado<\/strong><\/p>\n<p data-start=\"2584\" data-end=\"2649\">A - Romance de lim\u00f3n<br data-start=\"2601\" data-end=\"2604\" \/>B - Ar\u00e1ndano Frambuesa<br data-start=\"2627\" data-end=\"2630\" \/>C - Melocot\u00f3n mentolado<\/p>\n<p data-start=\"2651\" data-end=\"2722\"><strong data-start=\"2655\" data-end=\"2720\">10. Melocot\u00f3n helado - Grosella negra Pi\u00f1a helada - Manzana verde Kiwi<\/strong><\/p>\n<p data-start=\"2723\" data-end=\"2794\">A - Melocot\u00f3n helado<br data-start=\"2736\" data-end=\"2739\" \/>B - Helado de grosella negra y pi\u00f1a<br data-start=\"2769\" data-end=\"2772\" \/>C - Manzana verde Kiwi<\/p>","protected":false},"excerpt":{"rendered":"<p data-start=\"73\" data-end=\"261\">Hasta <strong data-start=\"117\" data-end=\"134\">100,000 puffs<\/strong> con dise\u00f1o de triple tanque, pantalla LED inteligente, carga Type-C y 6 modos de sabor. Un potente <strong data-start=\"226\" data-end=\"239\">100k vape<\/strong> para un uso ultralargo.<\/p>","protected":false},"featured_media":22234,"comment_status":"open","ping_status":"closed","template":"","meta":{"_acf_changed":false},"pwb-brand":[166],"product_brand":[],"product_cat":[87,89,91,1380,93,95],"product_tag":[73],"class_list":{"0":"post-22186","1":"product","2":"type-product","3":"status-publish","4":"has-post-thumbnail","6":"pwb-brand-bang","7":"product_cat-big-puff-vape","8":"product_cat-double-tank","9":"product_cat-low-nicotine-vape","10":"product_cat-nicotine-free-vape","11":"product_cat-rechargeable-vapes","12":"product_cat-vape-with-screen","13":"product_tag-puff-100k","15":"first","16":"instock","17":"shipping-taxable","18":"purchasable","19":"product-type-variable"},"acf":[],"yoast_head":"<!-- This site is optimized with the Yoast SEO Premium plugin v26.3 (Yoast SEO v26.3) - https:\/\/yoast.com\/wordpress\/plugins\/seo\/ -->\n<title>Bang Blaze 100K \u2013 100k Puff Vape | BANG BLAZE 100000 - EuVapen<\/title>\n<meta name=\"description\" content=\"Discover the Bang Blaze 100K disposable vape with up to 100,000 puffs, triple flavor modes, 3 oil tanks, and a smart LED screen. Shop Puff 100k performance with bold flavors and fast Type-C charging.\" \/>\n<meta name=\"robots\" content=\"index, follow, max-snippet:-1, max-image-preview:large, max-video-preview:-1\" \/>\n<link rel=\"canonical\" href=\"https:\/\/euvapen.com\/es\/producto\/puff-100k-bang-blaze-100000-puffs-disposable-vape-6-in-1-flavors-eu-warehouse\/\" \/>\n<meta property=\"og:locale\" content=\"es_ES\" \/>\n<meta property=\"og:type\" content=\"article\" \/>\n<meta property=\"og:title\" content=\"Puff 100k BANG BLAZE 100000 Puffs Disposable Vape 6 in 1 Flavors EU Warehouse\" \/>\n<meta property=\"og:description\" content=\"Discover the Bang Blaze 100K disposable vape with up to 100,000 puffs, triple flavor modes, 3 oil tanks, and a smart LED screen. Shop Puff 100k performance with bold flavors and fast Type-C charging.\" \/>\n<meta property=\"og:url\" content=\"https:\/\/euvapen.com\/es\/producto\/puff-100k-bang-blaze-100000-puffs-disposable-vape-6-in-1-flavors-eu-warehouse\/\" \/>\n<meta property=\"og:site_name\" content=\"EuVapen\" \/>\n<meta property=\"article:modified_time\" content=\"2025-11-21T08:54:48+00:00\" \/>\n<meta property=\"og:image\" content=\"https:\/\/euvapen.com\/wp-content\/uploads\/2025\/11\/Puff-100k-BANG-BLAZE-100000-Puffs-Disposable-Vape.png-1.webp\" \/>\n\t<meta property=\"og:image:width\" content=\"1000\" \/>\n\t<meta property=\"og:image:height\" content=\"1000\" \/>\n\t<meta property=\"og:image:type\" content=\"image\/webp\" \/>\n<meta name=\"twitter:card\" content=\"summary_large_image\" \/>\n<meta name=\"twitter:label1\" content=\"Disponibilidad\" \/>\n\t<meta name=\"twitter:data1\" content=\"Disponible\" \/>\n<script type=\"application\/ld+json\" class=\"yoast-schema-graph\">{\"@context\":\"https:\/\/schema.org\",\"@graph\":[{\"@type\":\"WebPage\",\"@id\":\"https:\/\/euvapen.com\/product\/puff-100k-bang-blaze-100000-puffs-disposable-vape-6-in-1-flavors-eu-warehouse\/\",\"url\":\"https:\/\/euvapen.com\/product\/puff-100k-bang-blaze-100000-puffs-disposable-vape-6-in-1-flavors-eu-warehouse\/\",\"name\":\"Bang Blaze 100K \u2013 100k Puff Vape | BANG BLAZE 100000 - EuVapen\",\"isPartOf\":{\"@id\":\"https:\/\/euvapen.com\/#website\"},\"primaryImageOfPage\":{\"@id\":\"https:\/\/euvapen.com\/product\/puff-100k-bang-blaze-100000-puffs-disposable-vape-6-in-1-flavors-eu-warehouse\/#primaryimage\"},\"image\":{\"@id\":\"https:\/\/euvapen.com\/product\/puff-100k-bang-blaze-100000-puffs-disposable-vape-6-in-1-flavors-eu-warehouse\/#primaryimage\"},\"thumbnailUrl\":\"https:\/\/euvapen.com\/wp-content\/uploads\/2025\/11\/Puff-100k-BANG-BLAZE-100000-Puffs-Disposable-Vape.png-1.webp\",\"datePublished\":\"2025-11-21T08:54:46+00:00\",\"dateModified\":\"2025-11-21T08:54:48+00:00\",\"description\":\"Discover the Bang Blaze 100K disposable vape with up to 100,000 puffs, triple flavor modes, 3 oil tanks, and a smart LED screen. Shop Puff 100k performance with bold flavors and fast Type-C charging.\",\"breadcrumb\":{\"@id\":\"https:\/\/euvapen.com\/product\/puff-100k-bang-blaze-100000-puffs-disposable-vape-6-in-1-flavors-eu-warehouse\/#breadcrumb\"},\"inLanguage\":\"es\",\"potentialAction\":[{\"@type\":\"ReadAction\",\"target\":[\"https:\/\/euvapen.com\/product\/puff-100k-bang-blaze-100000-puffs-disposable-vape-6-in-1-flavors-eu-warehouse\/\"]}]},{\"@type\":\"ImageObject\",\"inLanguage\":\"es\",\"@id\":\"https:\/\/euvapen.com\/product\/puff-100k-bang-blaze-100000-puffs-disposable-vape-6-in-1-flavors-eu-warehouse\/#primaryimage\",\"url\":\"https:\/\/euvapen.com\/wp-content\/uploads\/2025\/11\/Puff-100k-BANG-BLAZE-100000-Puffs-Disposable-Vape.png-1.webp\",\"contentUrl\":\"https:\/\/euvapen.com\/wp-content\/uploads\/2025\/11\/Puff-100k-BANG-BLAZE-100000-Puffs-Disposable-Vape.png-1.webp\",\"width\":1000,\"height\":1000,\"caption\":\"Puff 100k BANG BLAZE 100000 Puffs Disposable Vape.\"},{\"@type\":\"BreadcrumbList\",\"@id\":\"https:\/\/euvapen.com\/product\/puff-100k-bang-blaze-100000-puffs-disposable-vape-6-in-1-flavors-eu-warehouse\/#breadcrumb\",\"itemListElement\":[{\"@type\":\"ListItem\",\"position\":1,\"name\":\"Home\",\"item\":\"https:\/\/euvapen.com\/\"},{\"@type\":\"ListItem\",\"position\":2,\"name\":\"Shop\",\"item\":\"https:\/\/euvapen.com\/shop\/\"},{\"@type\":\"ListItem\",\"position\":3,\"name\":\"Puff 100k BANG BLAZE 100000 Puffs Disposable Vape 6 in 1 Flavors EU Warehouse\"}]},{\"@type\":\"WebSite\",\"@id\":\"https:\/\/euvapen.com\/#website\",\"url\":\"https:\/\/euvapen.com\/\",\"name\":\"bestpuffvape\",\"description\":\"\",\"publisher\":{\"@id\":\"https:\/\/euvapen.com\/#organization\"},\"potentialAction\":[{\"@type\":\"SearchAction\",\"target\":{\"@type\":\"EntryPoint\",\"urlTemplate\":\"https:\/\/euvapen.com\/?s={search_term_string}\"},\"query-input\":{\"@type\":\"PropertyValueSpecification\",\"valueRequired\":true,\"valueName\":\"search_term_string\"}}],\"inLanguage\":\"es\"},{\"@type\":[\"Organization\",\"Place\"],\"@id\":\"https:\/\/euvapen.com\/#organization\",\"name\":\"bestpuffvape\",\"alternateName\":\"bestpuffvape\",\"url\":\"https:\/\/euvapen.com\/\",\"logo\":{\"@id\":\"https:\/\/euvapen.com\/product\/puff-100k-bang-blaze-100000-puffs-disposable-vape-6-in-1-flavors-eu-warehouse\/#local-main-organization-logo\"},\"image\":{\"@id\":\"https:\/\/euvapen.com\/product\/puff-100k-bang-blaze-100000-puffs-disposable-vape-6-in-1-flavors-eu-warehouse\/#local-main-organization-logo\"},\"telephone\":[],\"openingHoursSpecification\":[{\"@type\":\"OpeningHoursSpecification\",\"dayOfWeek\":[\"Monday\",\"Tuesday\",\"Wednesday\",\"Thursday\",\"Friday\",\"Saturday\",\"Sunday\"],\"opens\":\"00:00\",\"closes\":\"23:59\"}]},{\"@type\":\"ImageObject\",\"inLanguage\":\"es\",\"@id\":\"https:\/\/euvapen.com\/product\/puff-100k-bang-blaze-100000-puffs-disposable-vape-6-in-1-flavors-eu-warehouse\/#local-main-organization-logo\",\"url\":\"https:\/\/euvapen.com\/wp-content\/uploads\/2025\/10\/cropped-puffvape-logo.png\",\"contentUrl\":\"https:\/\/euvapen.com\/wp-content\/uploads\/2025\/10\/cropped-puffvape-logo.png\",\"width\":512,\"height\":512,\"caption\":\"bestpuffvape\"}]}<\/script>\n<meta property=\"og:availability\" content=\"instock\" \/>\n<meta property=\"product:availability\" content=\"instock\" \/>\n<meta property=\"product:retailer_item_id\" content=\"BANG-BLAZE-100k\" \/>\n<meta property=\"product:condition\" content=\"new\" \/>\n<!-- \/ Yoast SEO Premium plugin. -->","yoast_head_json":{"title":"Bang Blaze 100K \u2013 100k Puff Vape | BANG BLAZE 100000 - EuVapen","description":"Descubre el vapeador desechable Bang Blaze 100K con hasta 100,000 puffs, modos de triple sabor, 3 tanques de aceite y una pantalla LED inteligente. Compra el rendimiento Puff 100k con sabores atrevidos y carga r\u00e1pida Type-C.","robots":{"index":"index","follow":"follow","max-snippet":"max-snippet:-1","max-image-preview":"max-image-preview:large","max-video-preview":"max-video-preview:-1"},"canonical":"https:\/\/euvapen.com\/es\/producto\/puff-100k-bang-blaze-100000-puffs-disposable-vape-6-in-1-flavors-eu-warehouse\/","og_locale":"es_ES","og_type":"article","og_title":"Puff 100k BANG BLAZE 100000 Puffs Disposable Vape 6 in 1 Flavors EU Warehouse","og_description":"Discover the Bang Blaze 100K disposable vape with up to 100,000 puffs, triple flavor modes, 3 oil tanks, and a smart LED screen. Shop Puff 100k performance with bold flavors and fast Type-C charging.","og_url":"https:\/\/euvapen.com\/es\/producto\/puff-100k-bang-blaze-100000-puffs-disposable-vape-6-in-1-flavors-eu-warehouse\/","og_site_name":"EuVapen","article_modified_time":"2025-11-21T08:54:48+00:00","og_image":[{"width":1000,"height":1000,"url":"https:\/\/euvapen.com\/wp-content\/uploads\/2025\/11\/Puff-100k-BANG-BLAZE-100000-Puffs-Disposable-Vape.png-1.webp","type":"image\/webp"}],"twitter_card":"summary_large_image","twitter_misc":{"Disponibilidad":"Disponible"},"schema":{"@context":"https:\/\/schema.org","@graph":[{"@type":"WebPage","@id":"https:\/\/euvapen.com\/product\/puff-100k-bang-blaze-100000-puffs-disposable-vape-6-in-1-flavors-eu-warehouse\/","url":"https:\/\/euvapen.com\/product\/puff-100k-bang-blaze-100000-puffs-disposable-vape-6-in-1-flavors-eu-warehouse\/","name":"Bang Blaze 100K \u2013 100k Puff Vape | BANG BLAZE 100000 - EuVapen","isPartOf":{"@id":"https:\/\/euvapen.com\/#website"},"primaryImageOfPage":{"@id":"https:\/\/euvapen.com\/product\/puff-100k-bang-blaze-100000-puffs-disposable-vape-6-in-1-flavors-eu-warehouse\/#primaryimage"},"image":{"@id":"https:\/\/euvapen.com\/product\/puff-100k-bang-blaze-100000-puffs-disposable-vape-6-in-1-flavors-eu-warehouse\/#primaryimage"},"thumbnailUrl":"https:\/\/euvapen.com\/wp-content\/uploads\/2025\/11\/Puff-100k-BANG-BLAZE-100000-Puffs-Disposable-Vape.png-1.webp","datePublished":"2025-11-21T08:54:46+00:00","dateModified":"2025-11-21T08:54:48+00:00","description":"Descubre el vapeador desechable Bang Blaze 100K con hasta 100,000 puffs, modos de triple sabor, 3 tanques de aceite y una pantalla LED inteligente. Compra el rendimiento Puff 100k con sabores atrevidos y carga r\u00e1pida Type-C.","breadcrumb":{"@id":"https:\/\/euvapen.com\/product\/puff-100k-bang-blaze-100000-puffs-disposable-vape-6-in-1-flavors-eu-warehouse\/#breadcrumb"},"inLanguage":"es","potentialAction":[{"@type":"ReadAction","target":["https:\/\/euvapen.com\/product\/puff-100k-bang-blaze-100000-puffs-disposable-vape-6-in-1-flavors-eu-warehouse\/"]}]},{"@type":"ImageObject","inLanguage":"es","@id":"https:\/\/euvapen.com\/product\/puff-100k-bang-blaze-100000-puffs-disposable-vape-6-in-1-flavors-eu-warehouse\/#primaryimage","url":"https:\/\/euvapen.com\/wp-content\/uploads\/2025\/11\/Puff-100k-BANG-BLAZE-100000-Puffs-Disposable-Vape.png-1.webp","contentUrl":"https:\/\/euvapen.com\/wp-content\/uploads\/2025\/11\/Puff-100k-BANG-BLAZE-100000-Puffs-Disposable-Vape.png-1.webp","width":1000,"height":1000,"caption":"Puff 100k BANG BLAZE 100000 Puffs Disposable Vape."},{"@type":"BreadcrumbList","@id":"https:\/\/euvapen.com\/product\/puff-100k-bang-blaze-100000-puffs-disposable-vape-6-in-1-flavors-eu-warehouse\/#breadcrumb","itemListElement":[{"@type":"ListItem","position":1,"name":"Home","item":"https:\/\/euvapen.com\/"},{"@type":"ListItem","position":2,"name":"Shop","item":"https:\/\/euvapen.com\/shop\/"},{"@type":"ListItem","position":3,"name":"Puff 100k BANG BLAZE 100000 Puffs Disposable Vape 6 in 1 Flavors EU Warehouse"}]},{"@type":"WebSite","@id":"https:\/\/euvapen.com\/#website","url":"https:\/\/euvapen.com\/","name":"bestpuffvape","description":"","publisher":{"@id":"https:\/\/euvapen.com\/#organization"},"potentialAction":[{"@type":"SearchAction","target":{"@type":"EntryPoint","urlTemplate":"https:\/\/euvapen.com\/?s={search_term_string}"},"query-input":{"@type":"PropertyValueSpecification","valueRequired":true,"valueName":"search_term_string"}}],"inLanguage":"es"},{"@type":["Organization","Place"],"@id":"https:\/\/euvapen.com\/#organization","name":"bestpuffvape","alternateName":"bestpuffvape","url":"https:\/\/euvapen.com\/","logo":{"@id":"https:\/\/euvapen.com\/product\/puff-100k-bang-blaze-100000-puffs-disposable-vape-6-in-1-flavors-eu-warehouse\/#local-main-organization-logo"},"image":{"@id":"https:\/\/euvapen.com\/product\/puff-100k-bang-blaze-100000-puffs-disposable-vape-6-in-1-flavors-eu-warehouse\/#local-main-organization-logo"},"telephone":[],"openingHoursSpecification":[{"@type":"OpeningHoursSpecification","dayOfWeek":["Monday","Tuesday","Wednesday","Thursday","Friday","Saturday","Sunday"],"opens":"00:00","closes":"23:59"}]},{"@type":"ImageObject","inLanguage":"es","@id":"https:\/\/euvapen.com\/product\/puff-100k-bang-blaze-100000-puffs-disposable-vape-6-in-1-flavors-eu-warehouse\/#local-main-organization-logo","url":"https:\/\/euvapen.com\/wp-content\/uploads\/2025\/10\/cropped-puffvape-logo.png","contentUrl":"https:\/\/euvapen.com\/wp-content\/uploads\/2025\/10\/cropped-puffvape-logo.png","width":512,"height":512,"caption":"bestpuffvape"}]},"og_availability":"instock","product_availability":"instock","product_retailer_item_id":"BANG-BLAZE-100k","product_condition":"new"},"brands":[{"id":166,"name":"Bang","slug":"bang"}],"tiered_pricing_type":"fixed","tiered_pricing_fixed_rules":{"30":"14","50":"12.5","100":"12","200":"10"},"tiered_pricing_product_settings":{"layout":"default","base_unit_name":{"singular":null,"plural":null},"default_variation":{}},"tiered_pricing_minimum_quantity":10,"tiered_pricing_roles_data":[],"tiered_pricing_percentage_rules":[],"tiered_pricing_maximum_quantity":null,"tiered_pricing_quantity_step":"10","_links":{"self":[{"href":"https:\/\/euvapen.com\/es\/wp-json\/wp\/v2\/product\/22186","targetHints":{"allow":["GET"]}}],"collection":[{"href":"https:\/\/euvapen.com\/es\/wp-json\/wp\/v2\/product"}],"about":[{"href":"https:\/\/euvapen.com\/es\/wp-json\/wp\/v2\/types\/product"}],"replies":[{"embeddable":true,"href":"https:\/\/euvapen.com\/es\/wp-json\/wp\/v2\/comments?post=22186"}],"wp:featuredmedia":[{"embeddable":true,"href":"https:\/\/euvapen.com\/es\/wp-json\/wp\/v2\/media\/22234"}],"wp:attachment":[{"href":"https:\/\/euvapen.com\/es\/wp-json\/wp\/v2\/media?parent=22186"}],"wp:term":[{"taxonomy":"pwb-brand","embeddable":true,"href":"https:\/\/euvapen.com\/es\/wp-json\/wp\/v2\/pwb-brand?post=22186"},{"taxonomy":"product_brand","embeddable":true,"href":"https:\/\/euvapen.com\/es\/wp-json\/wp\/v2\/product_brand?post=22186"},{"taxonomy":"product_cat","embeddable":true,"href":"https:\/\/euvapen.com\/es\/wp-json\/wp\/v2\/product_cat?post=22186"},{"taxonomy":"product_tag","embeddable":true,"href":"https:\/\/euvapen.com\/es\/wp-json\/wp\/v2\/product_tag?post=22186"}],"curies":[{"name":"wp","href":"https:\/\/api.w.org\/{rel}","templated":true}]}}