{"id":22513,"date":"2025-11-22T08:58:48","date_gmt":"2025-11-22T08:58:48","guid":{"rendered":"https:\/\/euvapen.com\/?post_type=product&#038;p=22513"},"modified":"2025-11-22T08:58:50","modified_gmt":"2025-11-22T08:58:50","slug":"puff-80k-bang-de-80000-puffs-disposable-vape-3-adjustable-flavors","status":"publish","type":"product","link":"https:\/\/euvapen.com\/es\/producto\/puff-80k-bang-de-80000-puffs-disposable-vape-3-adjustable-flavors\/","title":{"rendered":"Puff 80k Bang DE 80000 Puffs Vape Desechable 3 Sabores Ajustables"},"content":{"rendered":"<h1 data-start=\"212\" data-end=\"273\"><strong data-start=\"215\" data-end=\"273\">Bang DE 80000 - Vapeador Desechable Triple Sabor 80K Puff<\/strong><\/h1>\n<p data-start=\"274\" data-end=\"581\">En <strong data-start=\"278\" data-end=\"295\">Bang DE 80000<\/strong> est\u00e1 dise\u00f1ado para usuarios que desean una longevidad extrema, un sabor m\u00e1s rico y un control multi-sabor en un dispositivo compacto. Con <strong data-start=\"420\" data-end=\"448\">tres sabores ajustables<\/strong>, tecnolog\u00eda de bobina de triple malla y una <strong data-start=\"491\" data-end=\"506\">Pantalla LCD<\/strong>, Este <strong data-start=\"513\" data-end=\"525\">80k vape<\/strong> ofrece una enorme resistencia y un ajuste preciso del sabor.<\/p>\n<p data-start=\"583\" data-end=\"819\">Con <strong data-start=\"588\" data-end=\"619\">20mL \u00d7 3 dep\u00f3sitos (60mL total)<\/strong> y una recargable <strong data-start=\"639\" data-end=\"657\">Bater\u00eda de 650 mAh<\/strong>, garantiza un rendimiento suave y estable desde la primera inhalaci\u00f3n hasta la \u00faltima. <strong data-start=\"731\" data-end=\"751\">Vape 80000 Puffs<\/strong>. Perfecto para uso prolongado, estantes de tiendas y entusiastas del sabor.<\/p>\n<hr data-start=\"821\" data-end=\"824\" \/>\n<h2 data-start=\"826\" data-end=\"845\"><strong data-start=\"829\" data-end=\"845\">Caracter\u00edsticas principales<\/strong><\/h2>\n<ul>\n<li data-start=\"848\" data-end=\"902\"><strong data-start=\"848\" data-end=\"866\">Capacidad de soplado:<\/strong> Hasta <strong data-start=\"873\" data-end=\"889\">80.000 puffs<\/strong> (Puff 80k)<\/li>\n<li data-start=\"905\" data-end=\"941\"><strong data-start=\"905\" data-end=\"926\">Opciones de nicotina:<\/strong> 2% \/ 3% \/ 5%<\/li>\n<li data-start=\"944\" data-end=\"985\"><strong data-start=\"944\" data-end=\"962\">Sistema de sabores:<\/strong> 3 sabores ajustables<\/li>\n<li data-start=\"988\" data-end=\"1025\"><strong data-start=\"988\" data-end=\"1001\">E-l\u00edquido:<\/strong> 20mL \u00d7 3 (Total 60mL)<\/li>\n<li data-start=\"1028\" data-end=\"1062\"><strong data-start=\"1028\" data-end=\"1040\">Bater\u00eda:<\/strong> 650 mAh recargable<\/li>\n<li data-start=\"1065\" data-end=\"1107\"><strong data-start=\"1065\" data-end=\"1084\">Estructura de la bobina:<\/strong> Malla triple 1,0\u03a9 \u00d7 3<\/li>\n<li data-start=\"1110\" data-end=\"1140\"><strong data-start=\"1110\" data-end=\"1122\">Pantalla:<\/strong> Pantalla informativa LCD<\/li>\n<li data-start=\"1143\" data-end=\"1177\"><strong data-start=\"1143\" data-end=\"1156\">Cargando:<\/strong> Carga r\u00e1pida Tipo-C<\/li>\n<li data-start=\"1180\" data-end=\"1208\"><strong data-start=\"1180\" data-end=\"1194\">Embalaje:<\/strong> 10 unidades\/paquete<\/li>\n<li data-start=\"1211\" data-end=\"1260\"><strong data-start=\"1211\" data-end=\"1224\">Categor\u00eda:<\/strong> Alta durabilidad <strong data-start=\"1241\" data-end=\"1258\">80k puff vape<\/strong><\/li>\n<\/ul>\n<hr data-start=\"1262\" data-end=\"1265\" \/>\n<h2 data-start=\"1267\" data-end=\"1298\"><strong data-start=\"1270\" data-end=\"1298\">Por qu\u00e9 elegir Bang DE 80000<\/strong><\/h2>\n<ul>\n<li data-start=\"1301\" data-end=\"1354\">Sistema de triple interruptor de sabor para una vaporizaci\u00f3n personalizable<\/li>\n<li data-start=\"1357\" data-end=\"1388\">Enorme capacidad total del dep\u00f3sito de 60 ml<\/li>\n<li data-start=\"1391\" data-end=\"1439\">Pantalla LCD para el seguimiento del rendimiento en tiempo real<\/li>\n<li data-start=\"1442\" data-end=\"1505\">La eficiente bobina de triple malla proporciona un vapor denso y un sabor intenso<\/li>\n<li data-start=\"1508\" data-end=\"1555\">Ideal para grandes consumidores y minoristas a largo plazo<\/li>\n<li data-start=\"1558\" data-end=\"1625\">Vida \u00fatil ultralarga en comparaci\u00f3n con la mayor\u00eda <strong data-start=\"1595\" data-end=\"1615\">Vape 80000 Puffs<\/strong> dispositivos<\/li>\n<\/ul>\n<hr data-start=\"1627\" data-end=\"1630\" \/>\n<h2 data-start=\"1632\" data-end=\"1676\"><strong data-start=\"1635\" data-end=\"1676\">Bang DE 80000 80K Puffs - Lista de sabores<\/strong><\/h2>\n<ol>\n<li data-start=\"1679\" data-end=\"1724\">Sand\u00eda Helada &amp; Red Bull &amp; Fresa Kiwi<\/li>\n<li data-start=\"1727\" data-end=\"1779\">Hielo de ar\u00e1ndano y fresa Sand\u00eda y lima lim\u00f3n<\/li>\n<li data-start=\"1782\" data-end=\"1855\">Sand\u00eda con ar\u00e1ndanos y kiwi Fruta de la pasi\u00f3n Chicle de guayaba y sand\u00eda<\/li>\n<li data-start=\"1858\" data-end=\"1910\">Black Dragon Ice &amp; Sour Mango Pi\u00f1a &amp; Red Bull<\/li>\n<li data-start=\"1913\" data-end=\"1964\">Sand\u00eda con fresa y bayas mixtas y melocot\u00f3n con lim\u00f3n<\/li>\n<li data-start=\"1967\" data-end=\"2023\">Ar\u00e1ndano Razz &amp; Fresa Pl\u00e1tano &amp; Pi\u00f1a Coco<\/li>\n<li data-start=\"2026\" data-end=\"2070\">Blueberry Ice &amp; Triple Mel\u00f3n &amp; Uva Manzana<\/li>\n<li data-start=\"2073\" data-end=\"2130\">Sand\u00eda Fruta del drag\u00f3n y mango Melocot\u00f3n y fresa Kiwi<\/li>\n<li data-start=\"2133\" data-end=\"2194\">Ar\u00e1ndano Frambuesa &amp; Fresa Vainilla Coca-Cola &amp; Mixed Berry<\/li>\n<li data-start=\"2197\" data-end=\"2263\">Helado de Sand\u00eda &amp; Helado de Fresa &amp; Kiwi Fruta de la Pasi\u00f3n Guayaba<\/li>\n<li data-start=\"2266\" data-end=\"2320\">Blueberry Razz &amp; Black Dragon Ice &amp; Fizzy Cherry Ice<\/li>\n<li data-start=\"2323\" data-end=\"2382\">Cherry Cola Ice &amp; Blueberry Sand\u00eda &amp; Fresa Mango<\/li>\n<\/ol>","protected":false},"excerpt":{"rendered":"<p data-start=\"2428\" data-end=\"2650\">En <strong data-start=\"2432\" data-end=\"2449\">Bang DE 80000<\/strong> suministra hasta <strong data-start=\"2465\" data-end=\"2478\">80.000 bocanadas<\/strong> con triple cambio de sabor, bobinas de triple malla, capacidad de 60 ml, pantalla LCD y carga r\u00e1pida Type-C. Un vapeador premium de larga duraci\u00f3n <strong data-start=\"2605\" data-end=\"2617\">80k vape<\/strong> fabricado para ofrecer potencia y flexibilidad.<\/p>","protected":false},"featured_media":22532,"comment_status":"open","ping_status":"closed","template":"","meta":{"_acf_changed":false},"pwb-brand":[166],"product_brand":[],"product_cat":[15,87,57,91,1380,93,95],"product_tag":[72],"class_list":{"0":"post-22513","1":"product","2":"type-product","3":"status-publish","4":"has-post-thumbnail","6":"pwb-brand-bang","7":"product_cat-vape","8":"product_cat-big-puff-vape","9":"product_cat-disposable-vape","10":"product_cat-low-nicotine-vape","11":"product_cat-nicotine-free-vape","12":"product_cat-rechargeable-vapes","13":"product_cat-vape-with-screen","14":"product_tag-puff-80k","16":"first","17":"instock","18":"shipping-taxable","19":"purchasable","20":"product-type-variable"},"acf":[],"yoast_head":"<!-- This site is optimized with the Yoast SEO Premium plugin v26.3 (Yoast SEO v26.3) - https:\/\/yoast.com\/wordpress\/plugins\/seo\/ -->\n<title>Bang DE 80000 | Puff 80k Triple-Flavor Disposable | 80k Vape - EuVapen<\/title>\n<meta name=\"description\" content=\"Explore the Bang DE 80000, an ultra-long 80k puff vape with 3 adjustable flavors, triple-mesh coil, 60mL capacity, LCD display, and Type-C fast charging. A top-tier Vape 80000 Puffs device for maximum lifespan and flavor control.\" \/>\n<meta name=\"robots\" content=\"index, follow, max-snippet:-1, max-image-preview:large, max-video-preview:-1\" \/>\n<link rel=\"canonical\" href=\"https:\/\/euvapen.com\/es\/producto\/puff-80k-bang-de-80000-puffs-disposable-vape-3-adjustable-flavors\/\" \/>\n<meta property=\"og:locale\" content=\"es_ES\" \/>\n<meta property=\"og:type\" content=\"article\" \/>\n<meta property=\"og:title\" content=\"Puff 80k Bang DE 80000 Puffs Disposable Vape 3 Adjustable Flavors\" \/>\n<meta property=\"og:description\" content=\"Explore the Bang DE 80000, an ultra-long 80k puff vape with 3 adjustable flavors, triple-mesh coil, 60mL capacity, LCD display, and Type-C fast charging. A top-tier Vape 80000 Puffs device for maximum lifespan and flavor control.\" \/>\n<meta property=\"og:url\" content=\"https:\/\/euvapen.com\/es\/producto\/puff-80k-bang-de-80000-puffs-disposable-vape-3-adjustable-flavors\/\" \/>\n<meta property=\"og:site_name\" content=\"EuVapen\" \/>\n<meta property=\"article:modified_time\" content=\"2025-11-22T08:58:50+00:00\" \/>\n<meta property=\"og:image\" content=\"https:\/\/euvapen.com\/wp-content\/uploads\/2025\/11\/Puff-80k-Bang-DE-80000-Puffs-Disposable-Vape-3-Adjustable-Flavors-blueberry-watermelon-kiwi-passion-fruit-guava-watermelon-bubble-gum-1.jpg.webp\" \/>\n\t<meta property=\"og:image:width\" content=\"1000\" \/>\n\t<meta property=\"og:image:height\" content=\"1000\" \/>\n\t<meta property=\"og:image:type\" content=\"image\/webp\" \/>\n<meta name=\"twitter:card\" content=\"summary_large_image\" \/>\n<meta name=\"twitter:label1\" content=\"Disponibilidad\" \/>\n\t<meta name=\"twitter:data1\" content=\"Disponible\" \/>\n<script type=\"application\/ld+json\" class=\"yoast-schema-graph\">{\"@context\":\"https:\/\/schema.org\",\"@graph\":[{\"@type\":\"WebPage\",\"@id\":\"https:\/\/euvapen.com\/product\/puff-80k-bang-de-80000-puffs-disposable-vape-3-adjustable-flavors\/\",\"url\":\"https:\/\/euvapen.com\/product\/puff-80k-bang-de-80000-puffs-disposable-vape-3-adjustable-flavors\/\",\"name\":\"Bang DE 80000 | Puff 80k Triple-Flavor Disposable | 80k Vape - EuVapen\",\"isPartOf\":{\"@id\":\"https:\/\/euvapen.com\/#website\"},\"primaryImageOfPage\":{\"@id\":\"https:\/\/euvapen.com\/product\/puff-80k-bang-de-80000-puffs-disposable-vape-3-adjustable-flavors\/#primaryimage\"},\"image\":{\"@id\":\"https:\/\/euvapen.com\/product\/puff-80k-bang-de-80000-puffs-disposable-vape-3-adjustable-flavors\/#primaryimage\"},\"thumbnailUrl\":\"https:\/\/euvapen.com\/wp-content\/uploads\/2025\/11\/Puff-80k-Bang-DE-80000-Puffs-Disposable-Vape-3-Adjustable-Flavors-blueberry-watermelon-kiwi-passion-fruit-guava-watermelon-bubble-gum-1.jpg.webp\",\"datePublished\":\"2025-11-22T08:58:48+00:00\",\"dateModified\":\"2025-11-22T08:58:50+00:00\",\"description\":\"Explore the Bang DE 80000, an ultra-long 80k puff vape with 3 adjustable flavors, triple-mesh coil, 60mL capacity, LCD display, and Type-C fast charging. A top-tier Vape 80000 Puffs device for maximum lifespan and flavor control.\",\"breadcrumb\":{\"@id\":\"https:\/\/euvapen.com\/product\/puff-80k-bang-de-80000-puffs-disposable-vape-3-adjustable-flavors\/#breadcrumb\"},\"inLanguage\":\"es\",\"potentialAction\":[{\"@type\":\"ReadAction\",\"target\":[\"https:\/\/euvapen.com\/product\/puff-80k-bang-de-80000-puffs-disposable-vape-3-adjustable-flavors\/\"]}]},{\"@type\":\"ImageObject\",\"inLanguage\":\"es\",\"@id\":\"https:\/\/euvapen.com\/product\/puff-80k-bang-de-80000-puffs-disposable-vape-3-adjustable-flavors\/#primaryimage\",\"url\":\"https:\/\/euvapen.com\/wp-content\/uploads\/2025\/11\/Puff-80k-Bang-DE-80000-Puffs-Disposable-Vape-3-Adjustable-Flavors-blueberry-watermelon-kiwi-passion-fruit-guava-watermelon-bubble-gum-1.jpg.webp\",\"contentUrl\":\"https:\/\/euvapen.com\/wp-content\/uploads\/2025\/11\/Puff-80k-Bang-DE-80000-Puffs-Disposable-Vape-3-Adjustable-Flavors-blueberry-watermelon-kiwi-passion-fruit-guava-watermelon-bubble-gum-1.jpg.webp\",\"width\":1000,\"height\":1000,\"caption\":\"Puff 80k Bang DE 80000 Puffs Disposable Vape 3 Adjustable Flavors-blueberry-watermelon-kiwi-passion-fruit-guava-watermelon-bubble-gum-1.jpg\"},{\"@type\":\"BreadcrumbList\",\"@id\":\"https:\/\/euvapen.com\/product\/puff-80k-bang-de-80000-puffs-disposable-vape-3-adjustable-flavors\/#breadcrumb\",\"itemListElement\":[{\"@type\":\"ListItem\",\"position\":1,\"name\":\"Home\",\"item\":\"https:\/\/euvapen.com\/\"},{\"@type\":\"ListItem\",\"position\":2,\"name\":\"Shop\",\"item\":\"https:\/\/euvapen.com\/shop\/\"},{\"@type\":\"ListItem\",\"position\":3,\"name\":\"Puff 80k Bang DE 80000 Puffs Disposable Vape 3 Adjustable Flavors\"}]},{\"@type\":\"WebSite\",\"@id\":\"https:\/\/euvapen.com\/#website\",\"url\":\"https:\/\/euvapen.com\/\",\"name\":\"bestpuffvape\",\"description\":\"\",\"publisher\":{\"@id\":\"https:\/\/euvapen.com\/#organization\"},\"potentialAction\":[{\"@type\":\"SearchAction\",\"target\":{\"@type\":\"EntryPoint\",\"urlTemplate\":\"https:\/\/euvapen.com\/?s={search_term_string}\"},\"query-input\":{\"@type\":\"PropertyValueSpecification\",\"valueRequired\":true,\"valueName\":\"search_term_string\"}}],\"inLanguage\":\"es\"},{\"@type\":[\"Organization\",\"Place\"],\"@id\":\"https:\/\/euvapen.com\/#organization\",\"name\":\"bestpuffvape\",\"alternateName\":\"bestpuffvape\",\"url\":\"https:\/\/euvapen.com\/\",\"logo\":{\"@id\":\"https:\/\/euvapen.com\/product\/puff-80k-bang-de-80000-puffs-disposable-vape-3-adjustable-flavors\/#local-main-organization-logo\"},\"image\":{\"@id\":\"https:\/\/euvapen.com\/product\/puff-80k-bang-de-80000-puffs-disposable-vape-3-adjustable-flavors\/#local-main-organization-logo\"},\"telephone\":[],\"openingHoursSpecification\":[{\"@type\":\"OpeningHoursSpecification\",\"dayOfWeek\":[\"Monday\",\"Tuesday\",\"Wednesday\",\"Thursday\",\"Friday\",\"Saturday\",\"Sunday\"],\"opens\":\"00:00\",\"closes\":\"23:59\"}]},{\"@type\":\"ImageObject\",\"inLanguage\":\"es\",\"@id\":\"https:\/\/euvapen.com\/product\/puff-80k-bang-de-80000-puffs-disposable-vape-3-adjustable-flavors\/#local-main-organization-logo\",\"url\":\"https:\/\/euvapen.com\/wp-content\/uploads\/2025\/10\/cropped-puffvape-logo.png\",\"contentUrl\":\"https:\/\/euvapen.com\/wp-content\/uploads\/2025\/10\/cropped-puffvape-logo.png\",\"width\":512,\"height\":512,\"caption\":\"bestpuffvape\"}]}<\/script>\n<meta property=\"og:availability\" content=\"instock\" \/>\n<meta property=\"product:availability\" content=\"instock\" \/>\n<meta property=\"product:retailer_item_id\" content=\"Bang-DE-80k\" \/>\n<meta property=\"product:condition\" content=\"new\" \/>\n<!-- \/ Yoast SEO Premium plugin. -->","yoast_head_json":{"title":"Bang DE 80000 | Puff 80k Triple-Flavor Disposable | 80k Vape - EuVapen","description":"Explora el Bang DE 80000, un vapeador ultralargo de 80k caladas con 3 sabores ajustables, bobina de triple malla, capacidad de 60mL, pantalla LCD y carga r\u00e1pida Type-C. Un dispositivo Vape 80000 Puffs de primer nivel para una vida \u00fatil y un control del sabor m\u00e1ximos.","robots":{"index":"index","follow":"follow","max-snippet":"max-snippet:-1","max-image-preview":"max-image-preview:large","max-video-preview":"max-video-preview:-1"},"canonical":"https:\/\/euvapen.com\/es\/producto\/puff-80k-bang-de-80000-puffs-disposable-vape-3-adjustable-flavors\/","og_locale":"es_ES","og_type":"article","og_title":"Puff 80k Bang DE 80000 Puffs Disposable Vape 3 Adjustable Flavors","og_description":"Explore the Bang DE 80000, an ultra-long 80k puff vape with 3 adjustable flavors, triple-mesh coil, 60mL capacity, LCD display, and Type-C fast charging. A top-tier Vape 80000 Puffs device for maximum lifespan and flavor control.","og_url":"https:\/\/euvapen.com\/es\/producto\/puff-80k-bang-de-80000-puffs-disposable-vape-3-adjustable-flavors\/","og_site_name":"EuVapen","article_modified_time":"2025-11-22T08:58:50+00:00","og_image":[{"width":1000,"height":1000,"url":"https:\/\/euvapen.com\/wp-content\/uploads\/2025\/11\/Puff-80k-Bang-DE-80000-Puffs-Disposable-Vape-3-Adjustable-Flavors-blueberry-watermelon-kiwi-passion-fruit-guava-watermelon-bubble-gum-1.jpg.webp","type":"image\/webp"}],"twitter_card":"summary_large_image","twitter_misc":{"Disponibilidad":"Disponible"},"schema":{"@context":"https:\/\/schema.org","@graph":[{"@type":"WebPage","@id":"https:\/\/euvapen.com\/product\/puff-80k-bang-de-80000-puffs-disposable-vape-3-adjustable-flavors\/","url":"https:\/\/euvapen.com\/product\/puff-80k-bang-de-80000-puffs-disposable-vape-3-adjustable-flavors\/","name":"Bang DE 80000 | Puff 80k Triple-Flavor Disposable | 80k Vape - EuVapen","isPartOf":{"@id":"https:\/\/euvapen.com\/#website"},"primaryImageOfPage":{"@id":"https:\/\/euvapen.com\/product\/puff-80k-bang-de-80000-puffs-disposable-vape-3-adjustable-flavors\/#primaryimage"},"image":{"@id":"https:\/\/euvapen.com\/product\/puff-80k-bang-de-80000-puffs-disposable-vape-3-adjustable-flavors\/#primaryimage"},"thumbnailUrl":"https:\/\/euvapen.com\/wp-content\/uploads\/2025\/11\/Puff-80k-Bang-DE-80000-Puffs-Disposable-Vape-3-Adjustable-Flavors-blueberry-watermelon-kiwi-passion-fruit-guava-watermelon-bubble-gum-1.jpg.webp","datePublished":"2025-11-22T08:58:48+00:00","dateModified":"2025-11-22T08:58:50+00:00","description":"Explora el Bang DE 80000, un vapeador ultralargo de 80k caladas con 3 sabores ajustables, bobina de triple malla, capacidad de 60mL, pantalla LCD y carga r\u00e1pida Type-C. Un dispositivo Vape 80000 Puffs de primer nivel para una vida \u00fatil y un control del sabor m\u00e1ximos.","breadcrumb":{"@id":"https:\/\/euvapen.com\/product\/puff-80k-bang-de-80000-puffs-disposable-vape-3-adjustable-flavors\/#breadcrumb"},"inLanguage":"es","potentialAction":[{"@type":"ReadAction","target":["https:\/\/euvapen.com\/product\/puff-80k-bang-de-80000-puffs-disposable-vape-3-adjustable-flavors\/"]}]},{"@type":"ImageObject","inLanguage":"es","@id":"https:\/\/euvapen.com\/product\/puff-80k-bang-de-80000-puffs-disposable-vape-3-adjustable-flavors\/#primaryimage","url":"https:\/\/euvapen.com\/wp-content\/uploads\/2025\/11\/Puff-80k-Bang-DE-80000-Puffs-Disposable-Vape-3-Adjustable-Flavors-blueberry-watermelon-kiwi-passion-fruit-guava-watermelon-bubble-gum-1.jpg.webp","contentUrl":"https:\/\/euvapen.com\/wp-content\/uploads\/2025\/11\/Puff-80k-Bang-DE-80000-Puffs-Disposable-Vape-3-Adjustable-Flavors-blueberry-watermelon-kiwi-passion-fruit-guava-watermelon-bubble-gum-1.jpg.webp","width":1000,"height":1000,"caption":"Puff 80k Bang DE 80000 Puffs Disposable Vape 3 Adjustable Flavors-blueberry-watermelon-kiwi-passion-fruit-guava-watermelon-bubble-gum-1.jpg"},{"@type":"BreadcrumbList","@id":"https:\/\/euvapen.com\/product\/puff-80k-bang-de-80000-puffs-disposable-vape-3-adjustable-flavors\/#breadcrumb","itemListElement":[{"@type":"ListItem","position":1,"name":"Home","item":"https:\/\/euvapen.com\/"},{"@type":"ListItem","position":2,"name":"Shop","item":"https:\/\/euvapen.com\/shop\/"},{"@type":"ListItem","position":3,"name":"Puff 80k Bang DE 80000 Puffs Disposable Vape 3 Adjustable Flavors"}]},{"@type":"WebSite","@id":"https:\/\/euvapen.com\/#website","url":"https:\/\/euvapen.com\/","name":"bestpuffvape","description":"","publisher":{"@id":"https:\/\/euvapen.com\/#organization"},"potentialAction":[{"@type":"SearchAction","target":{"@type":"EntryPoint","urlTemplate":"https:\/\/euvapen.com\/?s={search_term_string}"},"query-input":{"@type":"PropertyValueSpecification","valueRequired":true,"valueName":"search_term_string"}}],"inLanguage":"es"},{"@type":["Organization","Place"],"@id":"https:\/\/euvapen.com\/#organization","name":"bestpuffvape","alternateName":"bestpuffvape","url":"https:\/\/euvapen.com\/","logo":{"@id":"https:\/\/euvapen.com\/product\/puff-80k-bang-de-80000-puffs-disposable-vape-3-adjustable-flavors\/#local-main-organization-logo"},"image":{"@id":"https:\/\/euvapen.com\/product\/puff-80k-bang-de-80000-puffs-disposable-vape-3-adjustable-flavors\/#local-main-organization-logo"},"telephone":[],"openingHoursSpecification":[{"@type":"OpeningHoursSpecification","dayOfWeek":["Monday","Tuesday","Wednesday","Thursday","Friday","Saturday","Sunday"],"opens":"00:00","closes":"23:59"}]},{"@type":"ImageObject","inLanguage":"es","@id":"https:\/\/euvapen.com\/product\/puff-80k-bang-de-80000-puffs-disposable-vape-3-adjustable-flavors\/#local-main-organization-logo","url":"https:\/\/euvapen.com\/wp-content\/uploads\/2025\/10\/cropped-puffvape-logo.png","contentUrl":"https:\/\/euvapen.com\/wp-content\/uploads\/2025\/10\/cropped-puffvape-logo.png","width":512,"height":512,"caption":"bestpuffvape"}]},"og_availability":"instock","product_availability":"instock","product_retailer_item_id":"Bang-DE-80k","product_condition":"new"},"brands":[{"id":166,"name":"Bang","slug":"bang"}],"tiered_pricing_type":"fixed","tiered_pricing_fixed_rules":{"30":"13","50":"12","100":"11.5","200":"11"},"tiered_pricing_product_settings":{"layout":"default","base_unit_name":{"singular":null,"plural":null},"default_variation":{}},"tiered_pricing_minimum_quantity":null,"tiered_pricing_roles_data":[],"tiered_pricing_percentage_rules":[],"tiered_pricing_maximum_quantity":null,"tiered_pricing_quantity_step":null,"_links":{"self":[{"href":"https:\/\/euvapen.com\/es\/wp-json\/wp\/v2\/product\/22513","targetHints":{"allow":["GET"]}}],"collection":[{"href":"https:\/\/euvapen.com\/es\/wp-json\/wp\/v2\/product"}],"about":[{"href":"https:\/\/euvapen.com\/es\/wp-json\/wp\/v2\/types\/product"}],"replies":[{"embeddable":true,"href":"https:\/\/euvapen.com\/es\/wp-json\/wp\/v2\/comments?post=22513"}],"wp:featuredmedia":[{"embeddable":true,"href":"https:\/\/euvapen.com\/es\/wp-json\/wp\/v2\/media\/22532"}],"wp:attachment":[{"href":"https:\/\/euvapen.com\/es\/wp-json\/wp\/v2\/media?parent=22513"}],"wp:term":[{"taxonomy":"pwb-brand","embeddable":true,"href":"https:\/\/euvapen.com\/es\/wp-json\/wp\/v2\/pwb-brand?post=22513"},{"taxonomy":"product_brand","embeddable":true,"href":"https:\/\/euvapen.com\/es\/wp-json\/wp\/v2\/product_brand?post=22513"},{"taxonomy":"product_cat","embeddable":true,"href":"https:\/\/euvapen.com\/es\/wp-json\/wp\/v2\/product_cat?post=22513"},{"taxonomy":"product_tag","embeddable":true,"href":"https:\/\/euvapen.com\/es\/wp-json\/wp\/v2\/product_tag?post=22513"}],"curies":[{"name":"wp","href":"https:\/\/api.w.org\/{rel}","templated":true}]}}