{"id":22937,"date":"2025-11-25T08:41:18","date_gmt":"2025-11-25T08:41:18","guid":{"rendered":"https:\/\/euvapen.com\/?post_type=product&#038;p=22937"},"modified":"2025-11-25T08:41:20","modified_gmt":"2025-11-25T08:41:20","slug":"puff-25k-bang-25000-puffs-disposable-vape-led-display","status":"publish","type":"product","link":"https:\/\/euvapen.com\/es\/producto\/puff-25k-bang-25000-puffs-disposable-vape-led-display\/","title":{"rendered":"Puff 25k Bang 25000 Puffs Desechable Vape Pantalla LED"},"content":{"rendered":"<h1 style=\"text-align: center;\">Puff 25k Bang 25000 Puffs Vape Desechable<\/h1>\n<p data-start=\"250\" data-end=\"635\"><strong data-start=\"250\" data-end=\"331\">Experimente un rendimiento fiable y un atrevido sabor afrutado con el Bang King 25K<\/strong>, un sistema compacto y potente <strong data-start=\"356\" data-end=\"373\">25k puff vape<\/strong> dise\u00f1ado para la comodidad diaria. Con un <strong data-start=\"416\" data-end=\"450\">Sistema de e-l\u00edquido de doble tanque de 26mL<\/strong>, a <strong data-start=\"454\" data-end=\"485\">Bater\u00eda recargable de 650 mAh<\/strong>, y un suave <strong data-start=\"500\" data-end=\"513\">bobina de malla<\/strong>, Bang King 25000 proporciona una satisfacci\u00f3n duradera en cada extracci\u00f3n. Ideal para venta al por menor, al por mayor y entrega r\u00e1pida en la UE.<\/p>\n<hr data-start=\"637\" data-end=\"640\" \/>\n<h2 data-start=\"642\" data-end=\"663\">Puff 25k Bang 25000 \u2b50 <strong data-start=\"647\" data-end=\"663\">Caracter\u00edsticas principales<\/strong><\/h2>\n<ul>\n<li data-start=\"666\" data-end=\"738\"><strong data-start=\"666\" data-end=\"681\">Conteo de Puff:<\/strong> Hasta <strong data-start=\"688\" data-end=\"703\">25000 Puffs<\/strong> - aut\u00e9ntico rendimiento de larga duraci\u00f3n<\/li>\n<li data-start=\"741\" data-end=\"782\"><strong data-start=\"741\" data-end=\"762\">Opciones de nicotina:<\/strong> 0% \/ 2% \/ 3% \/ 5%<\/li>\n<li data-start=\"785\" data-end=\"843\"><strong data-start=\"785\" data-end=\"807\">Capacidad de e-l\u00edquido:<\/strong> <strong data-start=\"808\" data-end=\"816\">26 ml<\/strong> (Dise\u00f1o de doble dep\u00f3sito de aceite)<\/li>\n<li data-start=\"846\" data-end=\"908\"><strong data-start=\"846\" data-end=\"860\">Tipo de bobina:<\/strong> <strong data-start=\"861\" data-end=\"874\">Bobina de malla<\/strong> - sabor m\u00e1s intenso, vapor m\u00e1s suave<\/li>\n<li data-start=\"911\" data-end=\"949\"><strong data-start=\"911\" data-end=\"923\">Bater\u00eda:<\/strong> <strong data-start=\"924\" data-end=\"947\">650mAh Recargable<\/strong><\/li>\n<li data-start=\"952\" data-end=\"1004\"><strong data-start=\"952\" data-end=\"965\">Cargando:<\/strong> Tipo-C, carga completa en ~20 minutos<\/li>\n<li data-start=\"1007\" data-end=\"1064\"><strong data-start=\"1007\" data-end=\"1016\">Tama\u00f1o:<\/strong> 6,1 \u00d7 3,0 \u00d7 2,7 cm: compacto y de bolsillo<\/li>\n<li data-start=\"1067\" data-end=\"1093\"><strong data-start=\"1067\" data-end=\"1081\">Embalaje:<\/strong> 10 piezas\/caja<\/li>\n<li data-start=\"1096\" data-end=\"1151\"><strong data-start=\"1096\" data-end=\"1118\">Ubicaci\u00f3n del despacho:<\/strong> Almac\u00e9n de la UE para entregas r\u00e1pidas<\/li>\n<li data-start=\"1154\" data-end=\"1192\"><strong data-start=\"1154\" data-end=\"1164\">Uso:<\/strong> Desechable y listo para usar<\/li>\n<li data-start=\"1195\" data-end=\"1216\"><strong data-start=\"1195\" data-end=\"1212\">Adecuado para:<\/strong> 18+<\/li>\n<\/ul>\n<p data-start=\"1218\" data-end=\"1341\">Perfecto para usuarios que buscan un <strong data-start=\"1257\" data-end=\"1269\">Puff 25k<\/strong> y las empresas que necesitan un <strong data-start=\"1314\" data-end=\"1334\">Vapea 25000 Puffs<\/strong> modelo.<\/p>\n<hr data-start=\"1343\" data-end=\"1346\" \/>\n<h2 data-start=\"1348\" data-end=\"1385\">\ud83c\udf53 <strong data-start=\"1354\" data-end=\"1385\">Lista de sabores (Serie Frutas)<\/strong><\/h2>\n<ol>\n<li data-start=\"1389\" data-end=\"1404\">Hielo Razz Azul<\/li>\n<li data-start=\"1408\" data-end=\"1425\">Helado de melocot\u00f3n jugoso<\/li>\n<li data-start=\"1429\" data-end=\"1452\">Sand\u00eda con fresa<\/li>\n<li data-start=\"1456\" data-end=\"1472\">Hielo de sand\u00eda<\/li>\n<li data-start=\"1476\" data-end=\"1495\">Fresa Pl\u00e1tano<\/li>\n<li data-start=\"1499\" data-end=\"1515\">Hielo de manzana \u00e1cida<\/li>\n<li data-start=\"1519\" data-end=\"1537\">Hielo triple de bayas<\/li>\n<li data-start=\"1541\" data-end=\"1557\">Frutas tropicales<\/li>\n<li data-start=\"1561\" data-end=\"1574\">Bomba de cereza<\/li>\n<li data-start=\"1579\" data-end=\"1590\">Hielo de uva<\/li>\n<li data-start=\"1595\" data-end=\"1608\">Melocot\u00f3n Mango<\/li>\n<li data-start=\"1613\" data-end=\"1631\">Fresa Mango<\/li>\n<li data-start=\"1636\" data-end=\"1666\">Sabores aleatorios (entrega r\u00e1pida)<\/li>\n<\/ol>\n<hr data-start=\"1668\" data-end=\"1671\" \/>\n<h2 data-start=\"1673\" data-end=\"1710\">\ud83d\udca1 <strong data-start=\"1679\" data-end=\"1710\">\u00bfPor qu\u00e9 elegir Bang King 25000?<\/strong><\/h2>\n<ul>\n<li data-start=\"1713\" data-end=\"1754\">Salida estable con tecnolog\u00eda de bobina de malla<\/li>\n<li data-start=\"1757\" data-end=\"1802\">Capacidad extragrande de 26 ml para un uso prolongado<\/li>\n<li data-start=\"1805\" data-end=\"1871\">La fuerte demanda mundial de <strong data-start=\"1830\" data-end=\"1858\">25k vape \/ 25k puff vape<\/strong> categor\u00edas<\/li>\n<li data-start=\"1874\" data-end=\"1905\">Env\u00edo r\u00e1pido y fiable a la UE<\/li>\n<li data-start=\"1908\" data-end=\"1966\">Series de frutas ricas en sabor adaptadas a la gran distribuci\u00f3n<\/li>\n<\/ul>","protected":false},"excerpt":{"rendered":"<p data-start=\"2007\" data-end=\"2240\">Bang King 25K ofrece hasta <strong data-start=\"2036\" data-end=\"2051\">25000 puffs<\/strong> con un <strong data-start=\"2059\" data-end=\"2077\">Dep\u00f3sito doble de 26 ml<\/strong>, <strong data-start=\"2079\" data-end=\"2092\">bobina de malla<\/strong>, y <strong data-start=\"2098\" data-end=\"2136\">Bater\u00eda recargable Type-C de 650 mAh<\/strong>. Elige entre 12 sabores afrutados con 0-5% de nicotina. Compacto, potente y perfecto para la entrega r\u00e1pida de la UE.<\/p>","protected":false},"featured_media":22950,"comment_status":"open","ping_status":"closed","template":"","meta":{"_acf_changed":false},"pwb-brand":[166],"product_brand":[],"product_cat":[15,57,91,1380,93,95],"product_tag":[76],"class_list":{"0":"post-22937","1":"product","2":"type-product","3":"status-publish","4":"has-post-thumbnail","6":"pwb-brand-bang","7":"product_cat-vape","8":"product_cat-disposable-vape","9":"product_cat-low-nicotine-vape","10":"product_cat-nicotine-free-vape","11":"product_cat-rechargeable-vapes","12":"product_cat-vape-with-screen","13":"product_tag-puff-25k","15":"first","16":"instock","17":"shipping-taxable","18":"purchasable","19":"product-type-variable"},"acf":[],"yoast_head":"<!-- This site is optimized with the Yoast SEO Premium plugin v26.3 (Yoast SEO v26.3) - https:\/\/yoast.com\/wordpress\/plugins\/seo\/ -->\n<title>Puff 25k Bang King 25000 Disposable Vape | Up to 25000 Puffs, - EuVapen<\/title>\n<meta name=\"description\" content=\"Shop Bang King 25000, a long-lasting 25k puff vape with 26mL e-liquid, mesh coil, 650mAh rechargeable battery, and 12 fruity flavors. Fast EU warehouse delivery. Perfect for users and wholesale buyers.\" \/>\n<meta name=\"robots\" content=\"index, follow, max-snippet:-1, max-image-preview:large, max-video-preview:-1\" \/>\n<link rel=\"canonical\" href=\"https:\/\/euvapen.com\/es\/producto\/puff-25k-bang-25000-puffs-disposable-vape-led-display\/\" \/>\n<meta property=\"og:locale\" content=\"es_ES\" \/>\n<meta property=\"og:type\" content=\"article\" \/>\n<meta property=\"og:title\" content=\"Puff 25k Bang 25000 Puffs Disposable Vape LED Display\" \/>\n<meta property=\"og:description\" content=\"Shop Bang King 25000, a long-lasting 25k puff vape with 26mL e-liquid, mesh coil, 650mAh rechargeable battery, and 12 fruity flavors. Fast EU warehouse delivery. Perfect for users and wholesale buyers.\" \/>\n<meta property=\"og:url\" content=\"https:\/\/euvapen.com\/es\/producto\/puff-25k-bang-25000-puffs-disposable-vape-led-display\/\" \/>\n<meta property=\"og:site_name\" content=\"EuVapen\" \/>\n<meta property=\"article:modified_time\" content=\"2025-11-25T08:41:20+00:00\" \/>\n<meta property=\"og:image\" content=\"https:\/\/euvapen.com\/wp-content\/uploads\/2025\/11\/Puff-25k-Bang-25000-Puffs-Disposable-Vape-LED-Display-Watermelon-Bubble-Gum.png.webp\" \/>\n\t<meta property=\"og:image:width\" content=\"1000\" \/>\n\t<meta property=\"og:image:height\" content=\"1000\" \/>\n\t<meta property=\"og:image:type\" content=\"image\/webp\" \/>\n<meta name=\"twitter:card\" content=\"summary_large_image\" \/>\n<meta name=\"twitter:label1\" content=\"Disponibilidad\" \/>\n\t<meta name=\"twitter:data1\" content=\"Disponible\" \/>\n<script type=\"application\/ld+json\" class=\"yoast-schema-graph\">{\"@context\":\"https:\/\/schema.org\",\"@graph\":[{\"@type\":\"WebPage\",\"@id\":\"https:\/\/euvapen.com\/product\/puff-25k-bang-25000-puffs-disposable-vape-led-display\/\",\"url\":\"https:\/\/euvapen.com\/product\/puff-25k-bang-25000-puffs-disposable-vape-led-display\/\",\"name\":\"Puff 25k Bang King 25000 Disposable Vape | Up to 25000 Puffs, - EuVapen\",\"isPartOf\":{\"@id\":\"https:\/\/euvapen.com\/#website\"},\"primaryImageOfPage\":{\"@id\":\"https:\/\/euvapen.com\/product\/puff-25k-bang-25000-puffs-disposable-vape-led-display\/#primaryimage\"},\"image\":{\"@id\":\"https:\/\/euvapen.com\/product\/puff-25k-bang-25000-puffs-disposable-vape-led-display\/#primaryimage\"},\"thumbnailUrl\":\"https:\/\/euvapen.com\/wp-content\/uploads\/2025\/11\/Puff-25k-Bang-25000-Puffs-Disposable-Vape-LED-Display-Watermelon-Bubble-Gum.png.webp\",\"datePublished\":\"2025-11-25T08:41:18+00:00\",\"dateModified\":\"2025-11-25T08:41:20+00:00\",\"description\":\"Shop Bang King 25000, a long-lasting 25k puff vape with 26mL e-liquid, mesh coil, 650mAh rechargeable battery, and 12 fruity flavors. Fast EU warehouse delivery. Perfect for users and wholesale buyers.\",\"breadcrumb\":{\"@id\":\"https:\/\/euvapen.com\/product\/puff-25k-bang-25000-puffs-disposable-vape-led-display\/#breadcrumb\"},\"inLanguage\":\"es\",\"potentialAction\":[{\"@type\":\"ReadAction\",\"target\":[\"https:\/\/euvapen.com\/product\/puff-25k-bang-25000-puffs-disposable-vape-led-display\/\"]}]},{\"@type\":\"ImageObject\",\"inLanguage\":\"es\",\"@id\":\"https:\/\/euvapen.com\/product\/puff-25k-bang-25000-puffs-disposable-vape-led-display\/#primaryimage\",\"url\":\"https:\/\/euvapen.com\/wp-content\/uploads\/2025\/11\/Puff-25k-Bang-25000-Puffs-Disposable-Vape-LED-Display-Watermelon-Bubble-Gum.png.webp\",\"contentUrl\":\"https:\/\/euvapen.com\/wp-content\/uploads\/2025\/11\/Puff-25k-Bang-25000-Puffs-Disposable-Vape-LED-Display-Watermelon-Bubble-Gum.png.webp\",\"width\":1000,\"height\":1000,\"caption\":\"Puff 25k Bang 25000 Puffs Disposable Vape LED Display-Watermelon-Bubble-Gum.png\"},{\"@type\":\"BreadcrumbList\",\"@id\":\"https:\/\/euvapen.com\/product\/puff-25k-bang-25000-puffs-disposable-vape-led-display\/#breadcrumb\",\"itemListElement\":[{\"@type\":\"ListItem\",\"position\":1,\"name\":\"Home\",\"item\":\"https:\/\/euvapen.com\/\"},{\"@type\":\"ListItem\",\"position\":2,\"name\":\"Shop\",\"item\":\"https:\/\/euvapen.com\/shop\/\"},{\"@type\":\"ListItem\",\"position\":3,\"name\":\"Puff 25k Bang 25000 Puffs Disposable Vape LED Display\"}]},{\"@type\":\"WebSite\",\"@id\":\"https:\/\/euvapen.com\/#website\",\"url\":\"https:\/\/euvapen.com\/\",\"name\":\"bestpuffvape\",\"description\":\"\",\"publisher\":{\"@id\":\"https:\/\/euvapen.com\/#organization\"},\"potentialAction\":[{\"@type\":\"SearchAction\",\"target\":{\"@type\":\"EntryPoint\",\"urlTemplate\":\"https:\/\/euvapen.com\/?s={search_term_string}\"},\"query-input\":{\"@type\":\"PropertyValueSpecification\",\"valueRequired\":true,\"valueName\":\"search_term_string\"}}],\"inLanguage\":\"es\"},{\"@type\":[\"Organization\",\"Place\"],\"@id\":\"https:\/\/euvapen.com\/#organization\",\"name\":\"bestpuffvape\",\"alternateName\":\"bestpuffvape\",\"url\":\"https:\/\/euvapen.com\/\",\"logo\":{\"@id\":\"https:\/\/euvapen.com\/product\/puff-25k-bang-25000-puffs-disposable-vape-led-display\/#local-main-organization-logo\"},\"image\":{\"@id\":\"https:\/\/euvapen.com\/product\/puff-25k-bang-25000-puffs-disposable-vape-led-display\/#local-main-organization-logo\"},\"telephone\":[],\"openingHoursSpecification\":[{\"@type\":\"OpeningHoursSpecification\",\"dayOfWeek\":[\"Monday\",\"Tuesday\",\"Wednesday\",\"Thursday\",\"Friday\",\"Saturday\",\"Sunday\"],\"opens\":\"00:00\",\"closes\":\"23:59\"}]},{\"@type\":\"ImageObject\",\"inLanguage\":\"es\",\"@id\":\"https:\/\/euvapen.com\/product\/puff-25k-bang-25000-puffs-disposable-vape-led-display\/#local-main-organization-logo\",\"url\":\"https:\/\/euvapen.com\/wp-content\/uploads\/2025\/10\/cropped-puffvape-logo.png\",\"contentUrl\":\"https:\/\/euvapen.com\/wp-content\/uploads\/2025\/10\/cropped-puffvape-logo.png\",\"width\":512,\"height\":512,\"caption\":\"bestpuffvape\"}]}<\/script>\n<meta property=\"og:availability\" content=\"instock\" \/>\n<meta property=\"product:availability\" content=\"instock\" \/>\n<meta property=\"product:retailer_item_id\" content=\"Puff-25k-Bang-25k\" \/>\n<meta property=\"product:condition\" content=\"new\" \/>\n<!-- \/ Yoast SEO Premium plugin. -->","yoast_head_json":{"title":"Puff 25k Bang King 25000 Disposable Vape | Up to 25000 Puffs, - EuVapen","description":"Compre Bang King 25000, un vapeador de 25k puff de larga duraci\u00f3n con 26mL de e-l\u00edquido, bobina de malla, bater\u00eda recargable de 650mAh y 12 sabores afrutados. Entrega r\u00e1pida en almac\u00e9n de la UE. Perfecto para usuarios y compradores al por mayor.","robots":{"index":"index","follow":"follow","max-snippet":"max-snippet:-1","max-image-preview":"max-image-preview:large","max-video-preview":"max-video-preview:-1"},"canonical":"https:\/\/euvapen.com\/es\/producto\/puff-25k-bang-25000-puffs-disposable-vape-led-display\/","og_locale":"es_ES","og_type":"article","og_title":"Puff 25k Bang 25000 Puffs Disposable Vape LED Display","og_description":"Shop Bang King 25000, a long-lasting 25k puff vape with 26mL e-liquid, mesh coil, 650mAh rechargeable battery, and 12 fruity flavors. Fast EU warehouse delivery. Perfect for users and wholesale buyers.","og_url":"https:\/\/euvapen.com\/es\/producto\/puff-25k-bang-25000-puffs-disposable-vape-led-display\/","og_site_name":"EuVapen","article_modified_time":"2025-11-25T08:41:20+00:00","og_image":[{"width":1000,"height":1000,"url":"https:\/\/euvapen.com\/wp-content\/uploads\/2025\/11\/Puff-25k-Bang-25000-Puffs-Disposable-Vape-LED-Display-Watermelon-Bubble-Gum.png.webp","type":"image\/webp"}],"twitter_card":"summary_large_image","twitter_misc":{"Disponibilidad":"Disponible"},"schema":{"@context":"https:\/\/schema.org","@graph":[{"@type":"WebPage","@id":"https:\/\/euvapen.com\/product\/puff-25k-bang-25000-puffs-disposable-vape-led-display\/","url":"https:\/\/euvapen.com\/product\/puff-25k-bang-25000-puffs-disposable-vape-led-display\/","name":"Puff 25k Bang King 25000 Disposable Vape | Up to 25000 Puffs, - EuVapen","isPartOf":{"@id":"https:\/\/euvapen.com\/#website"},"primaryImageOfPage":{"@id":"https:\/\/euvapen.com\/product\/puff-25k-bang-25000-puffs-disposable-vape-led-display\/#primaryimage"},"image":{"@id":"https:\/\/euvapen.com\/product\/puff-25k-bang-25000-puffs-disposable-vape-led-display\/#primaryimage"},"thumbnailUrl":"https:\/\/euvapen.com\/wp-content\/uploads\/2025\/11\/Puff-25k-Bang-25000-Puffs-Disposable-Vape-LED-Display-Watermelon-Bubble-Gum.png.webp","datePublished":"2025-11-25T08:41:18+00:00","dateModified":"2025-11-25T08:41:20+00:00","description":"Compre Bang King 25000, un vapeador de 25k puff de larga duraci\u00f3n con 26mL de e-l\u00edquido, bobina de malla, bater\u00eda recargable de 650mAh y 12 sabores afrutados. Entrega r\u00e1pida en almac\u00e9n de la UE. Perfecto para usuarios y compradores al por mayor.","breadcrumb":{"@id":"https:\/\/euvapen.com\/product\/puff-25k-bang-25000-puffs-disposable-vape-led-display\/#breadcrumb"},"inLanguage":"es","potentialAction":[{"@type":"ReadAction","target":["https:\/\/euvapen.com\/product\/puff-25k-bang-25000-puffs-disposable-vape-led-display\/"]}]},{"@type":"ImageObject","inLanguage":"es","@id":"https:\/\/euvapen.com\/product\/puff-25k-bang-25000-puffs-disposable-vape-led-display\/#primaryimage","url":"https:\/\/euvapen.com\/wp-content\/uploads\/2025\/11\/Puff-25k-Bang-25000-Puffs-Disposable-Vape-LED-Display-Watermelon-Bubble-Gum.png.webp","contentUrl":"https:\/\/euvapen.com\/wp-content\/uploads\/2025\/11\/Puff-25k-Bang-25000-Puffs-Disposable-Vape-LED-Display-Watermelon-Bubble-Gum.png.webp","width":1000,"height":1000,"caption":"Puff 25k Bang 25000 Puffs Disposable Vape LED Display-Watermelon-Bubble-Gum.png"},{"@type":"BreadcrumbList","@id":"https:\/\/euvapen.com\/product\/puff-25k-bang-25000-puffs-disposable-vape-led-display\/#breadcrumb","itemListElement":[{"@type":"ListItem","position":1,"name":"Home","item":"https:\/\/euvapen.com\/"},{"@type":"ListItem","position":2,"name":"Shop","item":"https:\/\/euvapen.com\/shop\/"},{"@type":"ListItem","position":3,"name":"Puff 25k Bang 25000 Puffs Disposable Vape LED Display"}]},{"@type":"WebSite","@id":"https:\/\/euvapen.com\/#website","url":"https:\/\/euvapen.com\/","name":"bestpuffvape","description":"","publisher":{"@id":"https:\/\/euvapen.com\/#organization"},"potentialAction":[{"@type":"SearchAction","target":{"@type":"EntryPoint","urlTemplate":"https:\/\/euvapen.com\/?s={search_term_string}"},"query-input":{"@type":"PropertyValueSpecification","valueRequired":true,"valueName":"search_term_string"}}],"inLanguage":"es"},{"@type":["Organization","Place"],"@id":"https:\/\/euvapen.com\/#organization","name":"bestpuffvape","alternateName":"bestpuffvape","url":"https:\/\/euvapen.com\/","logo":{"@id":"https:\/\/euvapen.com\/product\/puff-25k-bang-25000-puffs-disposable-vape-led-display\/#local-main-organization-logo"},"image":{"@id":"https:\/\/euvapen.com\/product\/puff-25k-bang-25000-puffs-disposable-vape-led-display\/#local-main-organization-logo"},"telephone":[],"openingHoursSpecification":[{"@type":"OpeningHoursSpecification","dayOfWeek":["Monday","Tuesday","Wednesday","Thursday","Friday","Saturday","Sunday"],"opens":"00:00","closes":"23:59"}]},{"@type":"ImageObject","inLanguage":"es","@id":"https:\/\/euvapen.com\/product\/puff-25k-bang-25000-puffs-disposable-vape-led-display\/#local-main-organization-logo","url":"https:\/\/euvapen.com\/wp-content\/uploads\/2025\/10\/cropped-puffvape-logo.png","contentUrl":"https:\/\/euvapen.com\/wp-content\/uploads\/2025\/10\/cropped-puffvape-logo.png","width":512,"height":512,"caption":"bestpuffvape"}]},"og_availability":"instock","product_availability":"instock","product_retailer_item_id":"Puff-25k-Bang-25k","product_condition":"new"},"brands":[{"id":166,"name":"Bang","slug":"bang"}],"tiered_pricing_type":"fixed","tiered_pricing_fixed_rules":{"30":"10","50":"8","100":"7","200":"6.5"},"tiered_pricing_product_settings":{"layout":"default","base_unit_name":{"singular":null,"plural":null},"default_variation":{}},"tiered_pricing_minimum_quantity":10,"tiered_pricing_roles_data":[],"tiered_pricing_percentage_rules":[],"tiered_pricing_maximum_quantity":null,"tiered_pricing_quantity_step":"10","_links":{"self":[{"href":"https:\/\/euvapen.com\/es\/wp-json\/wp\/v2\/product\/22937","targetHints":{"allow":["GET"]}}],"collection":[{"href":"https:\/\/euvapen.com\/es\/wp-json\/wp\/v2\/product"}],"about":[{"href":"https:\/\/euvapen.com\/es\/wp-json\/wp\/v2\/types\/product"}],"replies":[{"embeddable":true,"href":"https:\/\/euvapen.com\/es\/wp-json\/wp\/v2\/comments?post=22937"}],"wp:featuredmedia":[{"embeddable":true,"href":"https:\/\/euvapen.com\/es\/wp-json\/wp\/v2\/media\/22950"}],"wp:attachment":[{"href":"https:\/\/euvapen.com\/es\/wp-json\/wp\/v2\/media?parent=22937"}],"wp:term":[{"taxonomy":"pwb-brand","embeddable":true,"href":"https:\/\/euvapen.com\/es\/wp-json\/wp\/v2\/pwb-brand?post=22937"},{"taxonomy":"product_brand","embeddable":true,"href":"https:\/\/euvapen.com\/es\/wp-json\/wp\/v2\/product_brand?post=22937"},{"taxonomy":"product_cat","embeddable":true,"href":"https:\/\/euvapen.com\/es\/wp-json\/wp\/v2\/product_cat?post=22937"},{"taxonomy":"product_tag","embeddable":true,"href":"https:\/\/euvapen.com\/es\/wp-json\/wp\/v2\/product_tag?post=22937"}],"curies":[{"name":"wp","href":"https:\/\/api.w.org\/{rel}","templated":true}]}}