{"id":23120,"date":"2025-11-27T10:17:36","date_gmt":"2025-11-27T10:17:36","guid":{"rendered":"https:\/\/euvapen.com\/?post_type=product&#038;p=23120"},"modified":"2026-02-04T09:22:11","modified_gmt":"2026-02-04T09:22:11","slug":"fumot-40k-fumot-leopard-40000-puffs-disposable-vape-digital-tube-oil","status":"publish","type":"product","link":"https:\/\/euvapen.com\/es\/producto\/fumot-40k-fumot-leopard-40000-puffs-disposable-vape-digital-tube-oil\/","title":{"rendered":"Fumot 40K Fumot Leopard 40000 Puffs Desechables Vape Digital Tubo Aceite"},"content":{"rendered":"<h1 style=\"text-align: center;\">Fumot 40K Fumot Leopard 40000 Puffs Vape Desechable<\/h1>\n<p data-start=\"228\" data-end=\"583\">En <strong data-start=\"232\" data-end=\"255\">Fumot Leopardo 40000<\/strong> es un sistema de alto rendimiento <strong data-start=\"278\" data-end=\"301\">40K puff desechable<\/strong> Dise\u00f1ado para usuarios que desean una potencia duradera, un sabor suave y efectos visuales modernos. Con <strong data-start=\"406\" data-end=\"435\">tecnolog\u00eda de bobina de doble malla<\/strong>, a <strong data-start=\"439\" data-end=\"470\">bater\u00eda recargable de 750 mAh<\/strong>, y hasta <strong data-start=\"482\" data-end=\"498\">40.000 caladas<\/strong>, Este dispositivo destaca como uno de los productos m\u00e1s avanzados de la l\u00ednea fumot vape.<\/p>\n<p data-start=\"585\" data-end=\"837\">Su firma <strong data-start=\"599\" data-end=\"629\">Luz giratoria din\u00e1mica RGB<\/strong> y <strong data-start=\"634\" data-end=\"670\">indicador digital de potencia y aceite<\/strong> mejorar la visibilidad y el estilo. Con el apoyo de <strong data-start=\"714\" data-end=\"738\">Carga r\u00e1pida Tipo-C<\/strong>, El <strong data-start=\"744\" data-end=\"757\">fumot 40k<\/strong> asegura un vapor estable y una salida de sabor consistente en las 16 mezclas premium.<\/p>\n<p data-start=\"839\" data-end=\"972\">Una opci\u00f3n s\u00f3lida para minoristas y distribuidores, el <strong data-start=\"891\" data-end=\"914\">Fumot Leopardo 40000<\/strong> combina un dise\u00f1o futurista con un rendimiento duradero.<\/p>\n<hr data-start=\"974\" data-end=\"977\" \/>\n<h2 data-start=\"979\" data-end=\"998\"><strong data-start=\"982\" data-end=\"998\">Caracter\u00edsticas principales<\/strong><\/h2>\n<ul>\n<li data-start=\"1001\" data-end=\"1064\"><strong data-start=\"1001\" data-end=\"1019\">Capacidad de soplado:<\/strong> Hasta <strong data-start=\"1026\" data-end=\"1042\">40.000 caladas<\/strong> (fumot 40000 puffs)<\/li>\n<li data-start=\"1067\" data-end=\"1099\"><strong data-start=\"1067\" data-end=\"1089\">Potencia de nicotina:<\/strong> 2% \/ 5%<\/li>\n<li data-start=\"1102\" data-end=\"1136\"><strong data-start=\"1102\" data-end=\"1114\">Bater\u00eda:<\/strong> 750 mAh recargable<\/li>\n<li data-start=\"1139\" data-end=\"1195\"><strong data-start=\"1139\" data-end=\"1148\">Bobina:<\/strong> Bobina de malla doble para mejorar el sabor y el vapor<\/li>\n<li data-start=\"1198\" data-end=\"1234\"><strong data-start=\"1198\" data-end=\"1211\">Cargando:<\/strong> Carga r\u00e1pida Tipo-C<\/li>\n<li data-start=\"1237\" data-end=\"1286\"><strong data-start=\"1237\" data-end=\"1250\">Iluminaci\u00f3n:<\/strong> Iluminaci\u00f3n rotativa din\u00e1mica RGB<\/li>\n<li data-start=\"1289\" data-end=\"1336\"><strong data-start=\"1289\" data-end=\"1301\">Pantalla:<\/strong> Indicador digital de potencia y aceite del tubo<\/li>\n<li data-start=\"1339\" data-end=\"1371\"><strong data-start=\"1339\" data-end=\"1353\">Embalaje:<\/strong> 10 unidades por paquete<\/li>\n<li data-start=\"1374\" data-end=\"1414\"><strong data-start=\"1374\" data-end=\"1386\">Sabores:<\/strong> 16 opciones de sabores populares<\/li>\n<li data-start=\"1417\" data-end=\"1480\"><strong data-start=\"1417\" data-end=\"1430\">Categor\u00eda:<\/strong> Vape fumot de gran capacidad \/ fumot 40k desechable<\/li>\n<\/ul>\n<hr data-start=\"1482\" data-end=\"1485\" \/>\n<h2 data-start=\"1487\" data-end=\"1518\"><strong data-start=\"1490\" data-end=\"1518\">Lista de sabores (16 opciones)<\/strong><\/h2>\n<p data-start=\"1519\" data-end=\"1829\">1.Mezcla de bayas<br data-start=\"1532\" data-end=\"1535\" \/>2.Ar\u00e1ndano Frambuesa<br data-start=\"1554\" data-end=\"1557\" \/>3.Sand\u00eda con fresa<br data-start=\"1578\" data-end=\"1581\" \/>4.Hielo de fresa<br data-start=\"1595\" data-end=\"1598\" \/>5.Hielo de cereza<br data-start=\"1608\" data-end=\"1611\" \/>6.Hielo de sand\u00eda<br data-start=\"1625\" data-end=\"1628\" \/>7.Kiwi Fruta de la pasi\u00f3n Guayaba<br data-start=\"1652\" data-end=\"1655\" \/>8.Dr Azul<br data-start=\"1662\" data-end=\"1665\" \/>9.Ar\u00e1ndanos sobre hielo<br data-start=\"1681\" data-end=\"1684\" \/>10.Bayas de melocot\u00f3n<br data-start=\"1695\" data-end=\"1698\" \/>11.Limonada rosa<br data-start=\"1711\" data-end=\"1714\" \/>12.Fresa Pl\u00e1tano<br data-start=\"1731\" data-end=\"1734\" \/>13.Sand\u00eda Chicle<br data-start=\"1754\" data-end=\"1757\" \/>14.Melocot\u00f3n Mango Pi\u00f1a<br data-start=\"1779\" data-end=\"1782\" \/>15.Hielo del Drag\u00f3n Negro<br data-start=\"1798\" data-end=\"1801\" \/>16.Ar\u00e1ndano Cereza Ar\u00e1ndano<\/p>\n<hr data-start=\"1831\" data-end=\"1834\" \/>\n<h2 data-start=\"1836\" data-end=\"1874\"><strong data-start=\"1839\" data-end=\"1874\">\u00bfPor qu\u00e9 elegir Fumot Leopard 40000?<\/strong><\/h2>\n<ul>\n<li data-start=\"1877\" data-end=\"1927\">Verdadero <strong data-start=\"1882\" data-end=\"1894\">40K puff<\/strong> rendimiento para un uso prolongado<\/li>\n<li data-start=\"1930\" data-end=\"1987\">La pantalla digital inteligente muestra los niveles de e-l\u00edquido y bater\u00eda<\/li>\n<li data-start=\"1990\" data-end=\"2037\">La iluminaci\u00f3n RGB crea un llamativo efecto visual<\/li>\n<li data-start=\"2040\" data-end=\"2098\">La bobina de malla doble produce un sabor m\u00e1s intenso y un vapor m\u00e1s suave<\/li>\n<li data-start=\"2101\" data-end=\"2139\">Compacta, duradera y recargable<\/li>\n<li data-start=\"2142\" data-end=\"2189\">Una fuerte mejora en la <strong data-start=\"2166\" data-end=\"2180\">fumot vape<\/strong> alineaci\u00f3n<\/li>\n<li data-start=\"2192\" data-end=\"2237\">Ideal para mercados mayoristas y de gran demanda<\/li>\n<\/ul>","protected":false},"excerpt":{"rendered":"<p data-start=\"2289\" data-end=\"2523\">El Fumot Leopard 40000 proporciona hasta <strong data-start=\"2332\" data-end=\"2345\">40K bocanadas<\/strong> con bobinas duales de malla, una bater\u00eda recargable de 750mAh, luz giratoria RGB, y una pantalla digital de aceite\/potencia. Disponible en 16 sabores.<\/p>","protected":false},"featured_media":23123,"comment_status":"open","ping_status":"closed","template":"","meta":{"_acf_changed":false},"pwb-brand":[3187],"product_brand":[],"product_cat":[2784,57,89,84,93,95],"product_tag":[70],"class_list":{"0":"post-23120","1":"product","2":"type-product","3":"status-publish","4":"has-post-thumbnail","6":"pwb-brand-fumot","7":"product_cat-tornado-vape","8":"product_cat-disposable-vape","9":"product_cat-double-tank","10":"product_cat-eu-warehouse-in-stock","11":"product_cat-rechargeable-vapes","12":"product_cat-vape-with-screen","13":"product_tag-puff-40k","15":"first","16":"instock","17":"shipping-taxable","18":"purchasable","19":"product-type-variable"},"acf":[],"yoast_head":"<!-- This site is optimized with the Yoast SEO Premium plugin v26.3 (Yoast SEO v26.3) - https:\/\/yoast.com\/wordpress\/plugins\/seo\/ -->\n<title>Fumot Leopard 40000 | 40K Puffs Disposable Vape | Fumot 40K - EuVapen<\/title>\n<meta name=\"description\" content=\"Discover the Fumot Leopard 40000, a premium 40K puff disposable vape with dual mesh coil, 750mAh rechargeable battery, RGB dynamic lighting, and a digital oil &amp; power display. Available in 16 flavors.\" \/>\n<meta name=\"robots\" content=\"index, follow, max-snippet:-1, max-image-preview:large, max-video-preview:-1\" \/>\n<link rel=\"canonical\" href=\"https:\/\/euvapen.com\/es\/producto\/fumot-40k-fumot-leopard-40000-puffs-disposable-vape-digital-tube-oil\/\" \/>\n<meta property=\"og:locale\" content=\"es_ES\" \/>\n<meta property=\"og:type\" content=\"article\" \/>\n<meta property=\"og:title\" content=\"Fumot 40K Fumot Leopard 40000 Puffs Disposable Vape Digital Tube Oil\" \/>\n<meta property=\"og:description\" content=\"Discover the Fumot Leopard 40000, a premium 40K puff disposable vape with dual mesh coil, 750mAh rechargeable battery, RGB dynamic lighting, and a digital oil &amp; power display. Available in 16 flavors.\" \/>\n<meta property=\"og:url\" content=\"https:\/\/euvapen.com\/es\/producto\/fumot-40k-fumot-leopard-40000-puffs-disposable-vape-digital-tube-oil\/\" \/>\n<meta property=\"og:site_name\" content=\"EuVapen\" \/>\n<meta property=\"article:modified_time\" content=\"2026-02-04T09:22:11+00:00\" \/>\n<meta property=\"og:image\" content=\"https:\/\/euvapen.com\/wp-content\/uploads\/2025\/11\/Fumot-40K-Fumot-Leopard-40000-Puffs-Disposable-Vape-Digital-Tube-Oil-black-dragon-lce.jpg.webp\" \/>\n\t<meta property=\"og:image:width\" content=\"1000\" \/>\n\t<meta property=\"og:image:height\" content=\"1000\" \/>\n\t<meta property=\"og:image:type\" content=\"image\/webp\" \/>\n<meta name=\"twitter:card\" content=\"summary_large_image\" \/>\n<meta name=\"twitter:label1\" content=\"Disponibilidad\" \/>\n\t<meta name=\"twitter:data1\" content=\"Disponible\" \/>\n<script type=\"application\/ld+json\" class=\"yoast-schema-graph\">{\"@context\":\"https:\/\/schema.org\",\"@graph\":[{\"@type\":\"WebPage\",\"@id\":\"https:\/\/euvapen.com\/product\/fumot-40k-fumot-leopard-40000-puffs-disposable-vape-digital-tube-oil\/\",\"url\":\"https:\/\/euvapen.com\/product\/fumot-40k-fumot-leopard-40000-puffs-disposable-vape-digital-tube-oil\/\",\"name\":\"Fumot Leopard 40000 | 40K Puffs Disposable Vape | Fumot 40K - EuVapen\",\"isPartOf\":{\"@id\":\"https:\/\/euvapen.com\/#website\"},\"primaryImageOfPage\":{\"@id\":\"https:\/\/euvapen.com\/product\/fumot-40k-fumot-leopard-40000-puffs-disposable-vape-digital-tube-oil\/#primaryimage\"},\"image\":{\"@id\":\"https:\/\/euvapen.com\/product\/fumot-40k-fumot-leopard-40000-puffs-disposable-vape-digital-tube-oil\/#primaryimage\"},\"thumbnailUrl\":\"https:\/\/euvapen.com\/wp-content\/uploads\/2025\/11\/Fumot-40K-Fumot-Leopard-40000-Puffs-Disposable-Vape-Digital-Tube-Oil-black-dragon-lce.jpg.webp\",\"datePublished\":\"2025-11-27T10:17:36+00:00\",\"dateModified\":\"2026-02-04T09:22:11+00:00\",\"description\":\"Discover the Fumot Leopard 40000, a premium 40K puff disposable vape with dual mesh coil, 750mAh rechargeable battery, RGB dynamic lighting, and a digital oil & power display. Available in 16 flavors.\",\"breadcrumb\":{\"@id\":\"https:\/\/euvapen.com\/product\/fumot-40k-fumot-leopard-40000-puffs-disposable-vape-digital-tube-oil\/#breadcrumb\"},\"inLanguage\":\"es\",\"potentialAction\":[{\"@type\":\"ReadAction\",\"target\":[\"https:\/\/euvapen.com\/product\/fumot-40k-fumot-leopard-40000-puffs-disposable-vape-digital-tube-oil\/\"]}]},{\"@type\":\"ImageObject\",\"inLanguage\":\"es\",\"@id\":\"https:\/\/euvapen.com\/product\/fumot-40k-fumot-leopard-40000-puffs-disposable-vape-digital-tube-oil\/#primaryimage\",\"url\":\"https:\/\/euvapen.com\/wp-content\/uploads\/2025\/11\/Fumot-40K-Fumot-Leopard-40000-Puffs-Disposable-Vape-Digital-Tube-Oil-black-dragon-lce.jpg.webp\",\"contentUrl\":\"https:\/\/euvapen.com\/wp-content\/uploads\/2025\/11\/Fumot-40K-Fumot-Leopard-40000-Puffs-Disposable-Vape-Digital-Tube-Oil-black-dragon-lce.jpg.webp\",\"width\":1000,\"height\":1000,\"caption\":\"Fumot 40K Fumot Leopard 40000 Puffs Disposable Vape Digital Tube Oil black-dragon-lce.jpg\"},{\"@type\":\"BreadcrumbList\",\"@id\":\"https:\/\/euvapen.com\/product\/fumot-40k-fumot-leopard-40000-puffs-disposable-vape-digital-tube-oil\/#breadcrumb\",\"itemListElement\":[{\"@type\":\"ListItem\",\"position\":1,\"name\":\"Home\",\"item\":\"https:\/\/euvapen.com\/\"},{\"@type\":\"ListItem\",\"position\":2,\"name\":\"Shop\",\"item\":\"https:\/\/euvapen.com\/shop\/\"},{\"@type\":\"ListItem\",\"position\":3,\"name\":\"Fumot 40K Fumot Leopard 40000 Puffs Disposable Vape Digital Tube Oil\"}]},{\"@type\":\"WebSite\",\"@id\":\"https:\/\/euvapen.com\/#website\",\"url\":\"https:\/\/euvapen.com\/\",\"name\":\"bestpuffvape\",\"description\":\"\",\"publisher\":{\"@id\":\"https:\/\/euvapen.com\/#organization\"},\"potentialAction\":[{\"@type\":\"SearchAction\",\"target\":{\"@type\":\"EntryPoint\",\"urlTemplate\":\"https:\/\/euvapen.com\/?s={search_term_string}\"},\"query-input\":{\"@type\":\"PropertyValueSpecification\",\"valueRequired\":true,\"valueName\":\"search_term_string\"}}],\"inLanguage\":\"es\"},{\"@type\":[\"Organization\",\"Place\"],\"@id\":\"https:\/\/euvapen.com\/#organization\",\"name\":\"bestpuffvape\",\"alternateName\":\"bestpuffvape\",\"url\":\"https:\/\/euvapen.com\/\",\"logo\":{\"@id\":\"https:\/\/euvapen.com\/product\/fumot-40k-fumot-leopard-40000-puffs-disposable-vape-digital-tube-oil\/#local-main-organization-logo\"},\"image\":{\"@id\":\"https:\/\/euvapen.com\/product\/fumot-40k-fumot-leopard-40000-puffs-disposable-vape-digital-tube-oil\/#local-main-organization-logo\"},\"telephone\":[],\"openingHoursSpecification\":[{\"@type\":\"OpeningHoursSpecification\",\"dayOfWeek\":[\"Monday\",\"Tuesday\",\"Wednesday\",\"Thursday\",\"Friday\",\"Saturday\",\"Sunday\"],\"opens\":\"00:00\",\"closes\":\"23:59\"}]},{\"@type\":\"ImageObject\",\"inLanguage\":\"es\",\"@id\":\"https:\/\/euvapen.com\/product\/fumot-40k-fumot-leopard-40000-puffs-disposable-vape-digital-tube-oil\/#local-main-organization-logo\",\"url\":\"https:\/\/euvapen.com\/wp-content\/uploads\/2025\/10\/cropped-puffvape-logo.png\",\"contentUrl\":\"https:\/\/euvapen.com\/wp-content\/uploads\/2025\/10\/cropped-puffvape-logo.png\",\"width\":512,\"height\":512,\"caption\":\"bestpuffvape\"}]}<\/script>\n<meta property=\"og:availability\" content=\"instock\" \/>\n<meta property=\"product:availability\" content=\"instock\" \/>\n<meta property=\"product:retailer_item_id\" content=\"Fumot-40K\" \/>\n<meta property=\"product:condition\" content=\"new\" \/>\n<!-- \/ Yoast SEO Premium plugin. -->","yoast_head_json":{"title":"Fumot Leopard 40000 | 40K Puffs Disposable Vape | Fumot 40K - EuVapen","description":"Descubre el Fumot Leopard 40000, un vapeador desechable premium de 40K caladas con doble bobina de malla, bater\u00eda recargable de 750mAh, iluminaci\u00f3n din\u00e1mica RGB, y un visor digital de aceite y potencia. Disponible en 16 sabores.","robots":{"index":"index","follow":"follow","max-snippet":"max-snippet:-1","max-image-preview":"max-image-preview:large","max-video-preview":"max-video-preview:-1"},"canonical":"https:\/\/euvapen.com\/es\/producto\/fumot-40k-fumot-leopard-40000-puffs-disposable-vape-digital-tube-oil\/","og_locale":"es_ES","og_type":"article","og_title":"Fumot 40K Fumot Leopard 40000 Puffs Disposable Vape Digital Tube Oil","og_description":"Discover the Fumot Leopard 40000, a premium 40K puff disposable vape with dual mesh coil, 750mAh rechargeable battery, RGB dynamic lighting, and a digital oil & power display. Available in 16 flavors.","og_url":"https:\/\/euvapen.com\/es\/producto\/fumot-40k-fumot-leopard-40000-puffs-disposable-vape-digital-tube-oil\/","og_site_name":"EuVapen","article_modified_time":"2026-02-04T09:22:11+00:00","og_image":[{"width":1000,"height":1000,"url":"https:\/\/euvapen.com\/wp-content\/uploads\/2025\/11\/Fumot-40K-Fumot-Leopard-40000-Puffs-Disposable-Vape-Digital-Tube-Oil-black-dragon-lce.jpg.webp","type":"image\/webp"}],"twitter_card":"summary_large_image","twitter_misc":{"Disponibilidad":"Disponible"},"schema":{"@context":"https:\/\/schema.org","@graph":[{"@type":"WebPage","@id":"https:\/\/euvapen.com\/product\/fumot-40k-fumot-leopard-40000-puffs-disposable-vape-digital-tube-oil\/","url":"https:\/\/euvapen.com\/product\/fumot-40k-fumot-leopard-40000-puffs-disposable-vape-digital-tube-oil\/","name":"Fumot Leopard 40000 | 40K Puffs Disposable Vape | Fumot 40K - EuVapen","isPartOf":{"@id":"https:\/\/euvapen.com\/#website"},"primaryImageOfPage":{"@id":"https:\/\/euvapen.com\/product\/fumot-40k-fumot-leopard-40000-puffs-disposable-vape-digital-tube-oil\/#primaryimage"},"image":{"@id":"https:\/\/euvapen.com\/product\/fumot-40k-fumot-leopard-40000-puffs-disposable-vape-digital-tube-oil\/#primaryimage"},"thumbnailUrl":"https:\/\/euvapen.com\/wp-content\/uploads\/2025\/11\/Fumot-40K-Fumot-Leopard-40000-Puffs-Disposable-Vape-Digital-Tube-Oil-black-dragon-lce.jpg.webp","datePublished":"2025-11-27T10:17:36+00:00","dateModified":"2026-02-04T09:22:11+00:00","description":"Descubre el Fumot Leopard 40000, un vapeador desechable premium de 40K caladas con doble bobina de malla, bater\u00eda recargable de 750mAh, iluminaci\u00f3n din\u00e1mica RGB, y un visor digital de aceite y potencia. Disponible en 16 sabores.","breadcrumb":{"@id":"https:\/\/euvapen.com\/product\/fumot-40k-fumot-leopard-40000-puffs-disposable-vape-digital-tube-oil\/#breadcrumb"},"inLanguage":"es","potentialAction":[{"@type":"ReadAction","target":["https:\/\/euvapen.com\/product\/fumot-40k-fumot-leopard-40000-puffs-disposable-vape-digital-tube-oil\/"]}]},{"@type":"ImageObject","inLanguage":"es","@id":"https:\/\/euvapen.com\/product\/fumot-40k-fumot-leopard-40000-puffs-disposable-vape-digital-tube-oil\/#primaryimage","url":"https:\/\/euvapen.com\/wp-content\/uploads\/2025\/11\/Fumot-40K-Fumot-Leopard-40000-Puffs-Disposable-Vape-Digital-Tube-Oil-black-dragon-lce.jpg.webp","contentUrl":"https:\/\/euvapen.com\/wp-content\/uploads\/2025\/11\/Fumot-40K-Fumot-Leopard-40000-Puffs-Disposable-Vape-Digital-Tube-Oil-black-dragon-lce.jpg.webp","width":1000,"height":1000,"caption":"Fumot 40K Fumot Leopard 40000 Puffs Disposable Vape Digital Tube Oil black-dragon-lce.jpg"},{"@type":"BreadcrumbList","@id":"https:\/\/euvapen.com\/product\/fumot-40k-fumot-leopard-40000-puffs-disposable-vape-digital-tube-oil\/#breadcrumb","itemListElement":[{"@type":"ListItem","position":1,"name":"Home","item":"https:\/\/euvapen.com\/"},{"@type":"ListItem","position":2,"name":"Shop","item":"https:\/\/euvapen.com\/shop\/"},{"@type":"ListItem","position":3,"name":"Fumot 40K Fumot Leopard 40000 Puffs Disposable Vape Digital Tube Oil"}]},{"@type":"WebSite","@id":"https:\/\/euvapen.com\/#website","url":"https:\/\/euvapen.com\/","name":"bestpuffvape","description":"","publisher":{"@id":"https:\/\/euvapen.com\/#organization"},"potentialAction":[{"@type":"SearchAction","target":{"@type":"EntryPoint","urlTemplate":"https:\/\/euvapen.com\/?s={search_term_string}"},"query-input":{"@type":"PropertyValueSpecification","valueRequired":true,"valueName":"search_term_string"}}],"inLanguage":"es"},{"@type":["Organization","Place"],"@id":"https:\/\/euvapen.com\/#organization","name":"bestpuffvape","alternateName":"bestpuffvape","url":"https:\/\/euvapen.com\/","logo":{"@id":"https:\/\/euvapen.com\/product\/fumot-40k-fumot-leopard-40000-puffs-disposable-vape-digital-tube-oil\/#local-main-organization-logo"},"image":{"@id":"https:\/\/euvapen.com\/product\/fumot-40k-fumot-leopard-40000-puffs-disposable-vape-digital-tube-oil\/#local-main-organization-logo"},"telephone":[],"openingHoursSpecification":[{"@type":"OpeningHoursSpecification","dayOfWeek":["Monday","Tuesday","Wednesday","Thursday","Friday","Saturday","Sunday"],"opens":"00:00","closes":"23:59"}]},{"@type":"ImageObject","inLanguage":"es","@id":"https:\/\/euvapen.com\/product\/fumot-40k-fumot-leopard-40000-puffs-disposable-vape-digital-tube-oil\/#local-main-organization-logo","url":"https:\/\/euvapen.com\/wp-content\/uploads\/2025\/10\/cropped-puffvape-logo.png","contentUrl":"https:\/\/euvapen.com\/wp-content\/uploads\/2025\/10\/cropped-puffvape-logo.png","width":512,"height":512,"caption":"bestpuffvape"}]},"og_availability":"instock","product_availability":"instock","product_retailer_item_id":"Fumot-40K","product_condition":"new"},"brands":[{"id":3187,"name":"Fumot","slug":"fumot"}],"tiered_pricing_type":"fixed","tiered_pricing_fixed_rules":{"30":"13","50":"12","100":"11","200":"10"},"tiered_pricing_product_settings":{"layout":"default","base_unit_name":{"singular":null,"plural":null},"default_variation":{}},"tiered_pricing_minimum_quantity":10,"tiered_pricing_roles_data":[],"tiered_pricing_percentage_rules":[],"tiered_pricing_maximum_quantity":null,"tiered_pricing_quantity_step":"10","_links":{"self":[{"href":"https:\/\/euvapen.com\/es\/wp-json\/wp\/v2\/product\/23120","targetHints":{"allow":["GET"]}}],"collection":[{"href":"https:\/\/euvapen.com\/es\/wp-json\/wp\/v2\/product"}],"about":[{"href":"https:\/\/euvapen.com\/es\/wp-json\/wp\/v2\/types\/product"}],"replies":[{"embeddable":true,"href":"https:\/\/euvapen.com\/es\/wp-json\/wp\/v2\/comments?post=23120"}],"wp:featuredmedia":[{"embeddable":true,"href":"https:\/\/euvapen.com\/es\/wp-json\/wp\/v2\/media\/23123"}],"wp:attachment":[{"href":"https:\/\/euvapen.com\/es\/wp-json\/wp\/v2\/media?parent=23120"}],"wp:term":[{"taxonomy":"pwb-brand","embeddable":true,"href":"https:\/\/euvapen.com\/es\/wp-json\/wp\/v2\/pwb-brand?post=23120"},{"taxonomy":"product_brand","embeddable":true,"href":"https:\/\/euvapen.com\/es\/wp-json\/wp\/v2\/product_brand?post=23120"},{"taxonomy":"product_cat","embeddable":true,"href":"https:\/\/euvapen.com\/es\/wp-json\/wp\/v2\/product_cat?post=23120"},{"taxonomy":"product_tag","embeddable":true,"href":"https:\/\/euvapen.com\/es\/wp-json\/wp\/v2\/product_tag?post=23120"}],"curies":[{"name":"wp","href":"https:\/\/api.w.org\/{rel}","templated":true}]}}