{"id":23122,"date":"2025-11-27T10:11:19","date_gmt":"2025-11-27T10:11:19","guid":{"rendered":"https:\/\/euvapen.com\/?post_type=product&#038;p=23122"},"modified":"2026-02-01T08:20:35","modified_gmt":"2026-02-01T08:20:35","slug":"fumot-15k-fumot-tornado-15000-puffs-disposable-vape","status":"publish","type":"product","link":"https:\/\/euvapen.com\/es\/producto\/fumot-15k-fumot-tornado-15000-puffs-disposable-vape\/","title":{"rendered":"Fumot 15k Fumot Tornado 15000 Puffs Vape Desechable"},"content":{"rendered":"<h1 style=\"text-align: center;\">Fumot 15k Fumot Tornado 15000 Puffs Vape Desechable<\/h1>\n<p data-start=\"287\" data-end=\"711\">En <strong>Fumot Tornado 15000<\/strong>-tambi\u00e9n conocido como <strong data-start=\"333\" data-end=\"348\">Fumot 15000<\/strong>-es un alto rendimiento <strong data-start=\"371\" data-end=\"400\">fumot 15k vape desechable<\/strong> dise\u00f1ado para usuarios que desean una producci\u00f3n masiva en la nube, una resistencia duradera y una de las bibliotecas de sabores m\u00e1s amplias de la categor\u00eda. Con <strong data-start=\"540\" data-end=\"557\">25 ml de e-l\u00edquido<\/strong>, an <strong data-start=\"562\" data-end=\"593\">Bater\u00eda recargable de 850 mAh<\/strong>, y <strong data-start=\"599\" data-end=\"623\">tecnolog\u00eda de bobinas de malla<\/strong>, Este dispositivo proporciona un sabor estable y un vapor suave a trav\u00e9s de todas las <strong data-start=\"689\" data-end=\"710\">fumot 15000 bocanadas<\/strong>.<\/p>\n<hr data-start=\"713\" data-end=\"716\" \/>\n<h2 data-start=\"718\" data-end=\"739\">\u2b50 <strong data-start=\"723\" data-end=\"739\">Caracter\u00edsticas principales<\/strong><\/h2>\n<ul>\n<li data-start=\"742\" data-end=\"782\"><strong data-start=\"742\" data-end=\"757\">Conteo de Puff:<\/strong> Hasta <strong data-start=\"764\" data-end=\"780\">15.000 bocanadas<\/strong><\/li>\n<li data-start=\"785\" data-end=\"830\"><strong data-start=\"785\" data-end=\"806\">Opciones de nicotina:<\/strong> 2% \/ 5% sal de nicotina<\/li>\n<li data-start=\"833\" data-end=\"866\"><strong data-start=\"833\" data-end=\"855\">Capacidad de e-l\u00edquido:<\/strong> <strong data-start=\"856\" data-end=\"864\">25 ml<\/strong><\/li>\n<li data-start=\"869\" data-end=\"921\"><strong data-start=\"869\" data-end=\"878\">Bobina:<\/strong> Avanzado <strong data-start=\"888\" data-end=\"901\">Bobina de malla<\/strong> para un sabor m\u00e1s intenso<\/li>\n<li data-start=\"924\" data-end=\"962\"><strong data-start=\"924\" data-end=\"936\">Bater\u00eda:<\/strong> <strong data-start=\"937\" data-end=\"960\">850mAh recargable<\/strong><\/li>\n<li data-start=\"965\" data-end=\"1001\"><strong data-start=\"965\" data-end=\"978\">Cargando:<\/strong> Recarga r\u00e1pida Tipo-C<\/li>\n<li data-start=\"1004\" data-end=\"1060\"><strong data-start=\"1004\" data-end=\"1020\">Pantalla LED:<\/strong> Estado de la bater\u00eda y el e-l\u00edquido en tiempo real<\/li>\n<li data-start=\"1063\" data-end=\"1100\"><strong data-start=\"1063\" data-end=\"1075\">Sabores:<\/strong> <strong data-start=\"1076\" data-end=\"1098\">47 sabores premium<\/strong><\/li>\n<li data-start=\"1103\" data-end=\"1137\"><strong data-start=\"1103\" data-end=\"1117\">Embalaje:<\/strong> 10 piezas\/caja expositora<\/li>\n<\/ul>\n<p data-start=\"1265\" data-end=\"1381\">Una opci\u00f3n perfecta para minoristas y usuarios de largas sesiones que buscan un uso prolongado y una consistencia de sabor excepcional.<\/p>\n<hr data-start=\"1383\" data-end=\"1386\" \/>\n<h2 data-start=\"1388\" data-end=\"1424\">fumot 15000 \ud83c\udf53 <strong data-start=\"1394\" data-end=\"1422\">Lista de sabores (59 opciones)<\/strong><\/h2>\n<p>1.Limonada Blue Razz<br \/>\n2.Hielo de melocot\u00f3n<br \/>\n3.Manzana \u00e1cida<br \/>\n4.Hielo de sand\u00eda<br \/>\n5.Ar\u00e1ndanos sobre hielo<br \/>\n6.Ar\u00e1ndano Frambuesa<br \/>\n7.Hielo de pi\u00f1a<br \/>\n8.Cereza<br \/>\n9.Hielo de fresa<br \/>\n10.Vimto<br \/>\n11.Hielo de uva<br \/>\n12.Cola Ice<br \/>\n13.Sand\u00eda con fresa<br \/>\n14.Limonada rosa<br \/>\n15.Mixed Berry<br \/>\n16.Melocot\u00f3n Mango<br \/>\n17.Fruta del drag\u00f3n<br \/>\n18.Fresa Uva<br \/>\n19.Mr Azul<br \/>\n20.Hielo exuberante<br \/>\n21.Ice Pop<br \/>\n22.Kiwi fresa<br \/>\n23.Kiwi Fruta de la pasi\u00f3n Guayaba<br \/>\n24.Triple Berry<br \/>\n25.Banana Ice<br \/>\n26.Caramelo de ar\u00e1ndano y melocot\u00f3n<br \/>\n27.Manzana Melocot\u00f3n Pera<br \/>\n28.Limonada de bayas<br \/>\n29.Azul Razz Cereza<br \/>\n30.Ar\u00e1ndano Bubblegum<br \/>\n31.Ar\u00e1ndano Cereza Ar\u00e1ndano<br \/>\n32.Ar\u00e1ndano Granada<br \/>\n33.Frambuesa agria azul<br \/>\n34.Cereza Cola<br \/>\n35.Osito de goma<br \/>\n36.Lim\u00f3n y lima<br \/>\n37.Mango sobre hielo<br \/>\n38.Red Energy Ice<br \/>\n39.Fresa Pl\u00e1tano<br \/>\n40.Fresa Red Bull<br \/>\n41.Limonada de fresa y sand\u00eda<br \/>\n42.T\u00e9 helado Lemon Ice<br \/>\n43.T\u00e9 helado Melocot\u00f3n helado<br \/>\n44.Cereza efervescente<br \/>\n45. Bolos<br \/>\n46.Menta fresca<br \/>\n47.Pi\u00f1a Colada<br \/>\n48.Huckleberry<br \/>\n49.Hielo de melocot\u00f3n y ar\u00e1ndanos<br \/>\n50Uva Lim\u00f3n<br \/>\n51.Fanta<br \/>\n52.Mojito mentolado fresco<br \/>\n53.Aloe Bayas de lim\u00f3n<br \/>\n54.Mentol C\u00edtrico Manzana Verde<br \/>\n55.Mel\u00f3n uva verde<br \/>\n56.Kiwi cactus<br \/>\n57.Cola Lim\u00f3n<br \/>\n58.Hielo de cactus<br \/>\n59.Osito de gominola Razz azul<\/p>\n<hr data-start=\"2440\" data-end=\"2443\" \/>\n<h2 data-start=\"2445\" data-end=\"2494\">\ud83d\udca1 <strong data-start=\"2451\" data-end=\"2494\">\u00bfPor qu\u00e9 elegir Fumot Tornado \/ Fumot 15000?<\/strong><\/h2>\n<ul>\n<li data-start=\"2497\" data-end=\"2552\">Extremadamente duradero <strong data-start=\"2520\" data-end=\"2541\">fumot 15000 bocanadas<\/strong> vida \u00fatil<\/li>\n<li data-start=\"2555\" data-end=\"2592\">Vapor suave y estable de la bobina de malla<\/li>\n<li data-start=\"2595\" data-end=\"2655\">Gran colecci\u00f3n de sabores: una de las mayores del mercado<\/li>\n<li data-start=\"2658\" data-end=\"2704\">Pantalla LED brillante para una supervisi\u00f3n c\u00f3moda<\/li>\n<li data-start=\"2707\" data-end=\"2770\">Buenos resultados tanto para uso personal como para la demanda mayorista<\/li>\n<\/ul>","protected":false},"excerpt":{"rendered":"<p data-start=\"2811\" data-end=\"3029\">Fumot Tornado 15000 suministra hasta <strong data-start=\"2846\" data-end=\"2862\">15.000 bocanadas<\/strong> con un tanque de 25mL, bobina de malla, bater\u00eda recargable de 850mAh, pantalla LED y 47 sabores. Un potente y fiable <strong data-start=\"2974\" data-end=\"2989\">fumot 15000<\/strong> desechable para nubes ricas y consistentes.<\/p>","protected":false},"featured_media":23148,"comment_status":"open","ping_status":"closed","template":"","meta":{"_acf_changed":false},"pwb-brand":[3187],"product_brand":[],"product_cat":[2784,15,57,84,95],"product_tag":[78],"class_list":{"0":"post-23122","1":"product","2":"type-product","3":"status-publish","4":"has-post-thumbnail","6":"pwb-brand-fumot","7":"product_cat-tornado-vape","8":"product_cat-vape","9":"product_cat-disposable-vape","10":"product_cat-eu-warehouse-in-stock","11":"product_cat-vape-with-screen","12":"product_tag-puff-15k","14":"first","15":"instock","16":"shipping-taxable","17":"purchasable","18":"product-type-variable"},"acf":[],"yoast_head":"<!-- This site is optimized with the Yoast SEO Premium plugin v26.3 (Yoast SEO v26.3) - https:\/\/yoast.com\/wordpress\/plugins\/seo\/ -->\n<title>Fumot Tornado 15k (Fumot 15000) \u2013 15K Puff Disposable Vape - EuVapen<\/title>\n<meta name=\"description\" content=\"Discover the Fumot Tornado 15k, a fumot 15000 puffs disposable with 25mL e-liquid, mesh coil, 850mAh battery, LED screen, and 47 flavor choices. A top performer in the fumot vape 15000 category.\" \/>\n<meta name=\"robots\" content=\"index, follow, max-snippet:-1, max-image-preview:large, max-video-preview:-1\" \/>\n<link rel=\"canonical\" href=\"https:\/\/euvapen.com\/es\/producto\/fumot-15k-fumot-tornado-15000-puffs-disposable-vape\/\" \/>\n<meta property=\"og:locale\" content=\"es_ES\" \/>\n<meta property=\"og:type\" content=\"article\" \/>\n<meta property=\"og:title\" content=\"Fumot 15k Fumot Tornado 15000 Puffs Disposable Vape\" \/>\n<meta property=\"og:description\" content=\"Discover the Fumot Tornado 15k, a fumot 15000 puffs disposable with 25mL e-liquid, mesh coil, 850mAh battery, LED screen, and 47 flavor choices. A top performer in the fumot vape 15000 category.\" \/>\n<meta property=\"og:url\" content=\"https:\/\/euvapen.com\/es\/producto\/fumot-15k-fumot-tornado-15000-puffs-disposable-vape\/\" \/>\n<meta property=\"og:site_name\" content=\"EuVapen\" \/>\n<meta property=\"article:modified_time\" content=\"2026-02-01T08:20:35+00:00\" \/>\n<meta property=\"og:image\" content=\"https:\/\/euvapen.com\/wp-content\/uploads\/2025\/11\/Fumot-15k-Fumot-Tornado-15000-Puffs-Disposable-Vape-1-1.webp\" \/>\n\t<meta property=\"og:image:width\" content=\"1000\" \/>\n\t<meta property=\"og:image:height\" content=\"1000\" \/>\n\t<meta property=\"og:image:type\" content=\"image\/webp\" \/>\n<meta name=\"twitter:card\" content=\"summary_large_image\" \/>\n<meta name=\"twitter:label1\" content=\"Disponibilidad\" \/>\n\t<meta name=\"twitter:data1\" content=\"Disponible\" \/>\n<script type=\"application\/ld+json\" class=\"yoast-schema-graph\">{\"@context\":\"https:\/\/schema.org\",\"@graph\":[{\"@type\":\"WebPage\",\"@id\":\"https:\/\/euvapen.com\/product\/fumot-15k-fumot-tornado-15000-puffs-disposable-vape\/\",\"url\":\"https:\/\/euvapen.com\/product\/fumot-15k-fumot-tornado-15000-puffs-disposable-vape\/\",\"name\":\"Fumot Tornado 15k (Fumot 15000) \u2013 15K Puff Disposable Vape - EuVapen\",\"isPartOf\":{\"@id\":\"https:\/\/euvapen.com\/#website\"},\"primaryImageOfPage\":{\"@id\":\"https:\/\/euvapen.com\/product\/fumot-15k-fumot-tornado-15000-puffs-disposable-vape\/#primaryimage\"},\"image\":{\"@id\":\"https:\/\/euvapen.com\/product\/fumot-15k-fumot-tornado-15000-puffs-disposable-vape\/#primaryimage\"},\"thumbnailUrl\":\"https:\/\/euvapen.com\/wp-content\/uploads\/2025\/11\/Fumot-15k-Fumot-Tornado-15000-Puffs-Disposable-Vape-1-1.webp\",\"datePublished\":\"2025-11-27T10:11:19+00:00\",\"dateModified\":\"2026-02-01T08:20:35+00:00\",\"description\":\"Discover the Fumot Tornado 15k, a fumot 15000 puffs disposable with 25mL e-liquid, mesh coil, 850mAh battery, LED screen, and 47 flavor choices. A top performer in the fumot vape 15000 category.\",\"breadcrumb\":{\"@id\":\"https:\/\/euvapen.com\/product\/fumot-15k-fumot-tornado-15000-puffs-disposable-vape\/#breadcrumb\"},\"inLanguage\":\"es\",\"potentialAction\":[{\"@type\":\"ReadAction\",\"target\":[\"https:\/\/euvapen.com\/product\/fumot-15k-fumot-tornado-15000-puffs-disposable-vape\/\"]}]},{\"@type\":\"ImageObject\",\"inLanguage\":\"es\",\"@id\":\"https:\/\/euvapen.com\/product\/fumot-15k-fumot-tornado-15000-puffs-disposable-vape\/#primaryimage\",\"url\":\"https:\/\/euvapen.com\/wp-content\/uploads\/2025\/11\/Fumot-15k-Fumot-Tornado-15000-Puffs-Disposable-Vape-1-1.webp\",\"contentUrl\":\"https:\/\/euvapen.com\/wp-content\/uploads\/2025\/11\/Fumot-15k-Fumot-Tornado-15000-Puffs-Disposable-Vape-1-1.webp\",\"width\":1000,\"height\":1000,\"caption\":\"Fumot 15k Fumot Tornado 15000 Puffs Disposable Vape (1)\"},{\"@type\":\"BreadcrumbList\",\"@id\":\"https:\/\/euvapen.com\/product\/fumot-15k-fumot-tornado-15000-puffs-disposable-vape\/#breadcrumb\",\"itemListElement\":[{\"@type\":\"ListItem\",\"position\":1,\"name\":\"Home\",\"item\":\"https:\/\/euvapen.com\/\"},{\"@type\":\"ListItem\",\"position\":2,\"name\":\"Shop\",\"item\":\"https:\/\/euvapen.com\/shop\/\"},{\"@type\":\"ListItem\",\"position\":3,\"name\":\"Fumot 15k Fumot Tornado 15000 Puffs Disposable Vape\"}]},{\"@type\":\"WebSite\",\"@id\":\"https:\/\/euvapen.com\/#website\",\"url\":\"https:\/\/euvapen.com\/\",\"name\":\"bestpuffvape\",\"description\":\"\",\"publisher\":{\"@id\":\"https:\/\/euvapen.com\/#organization\"},\"potentialAction\":[{\"@type\":\"SearchAction\",\"target\":{\"@type\":\"EntryPoint\",\"urlTemplate\":\"https:\/\/euvapen.com\/?s={search_term_string}\"},\"query-input\":{\"@type\":\"PropertyValueSpecification\",\"valueRequired\":true,\"valueName\":\"search_term_string\"}}],\"inLanguage\":\"es\"},{\"@type\":[\"Organization\",\"Place\"],\"@id\":\"https:\/\/euvapen.com\/#organization\",\"name\":\"bestpuffvape\",\"alternateName\":\"bestpuffvape\",\"url\":\"https:\/\/euvapen.com\/\",\"logo\":{\"@id\":\"https:\/\/euvapen.com\/product\/fumot-15k-fumot-tornado-15000-puffs-disposable-vape\/#local-main-organization-logo\"},\"image\":{\"@id\":\"https:\/\/euvapen.com\/product\/fumot-15k-fumot-tornado-15000-puffs-disposable-vape\/#local-main-organization-logo\"},\"telephone\":[],\"openingHoursSpecification\":[{\"@type\":\"OpeningHoursSpecification\",\"dayOfWeek\":[\"Monday\",\"Tuesday\",\"Wednesday\",\"Thursday\",\"Friday\",\"Saturday\",\"Sunday\"],\"opens\":\"00:00\",\"closes\":\"23:59\"}]},{\"@type\":\"ImageObject\",\"inLanguage\":\"es\",\"@id\":\"https:\/\/euvapen.com\/product\/fumot-15k-fumot-tornado-15000-puffs-disposable-vape\/#local-main-organization-logo\",\"url\":\"https:\/\/euvapen.com\/wp-content\/uploads\/2025\/10\/cropped-puffvape-logo.png\",\"contentUrl\":\"https:\/\/euvapen.com\/wp-content\/uploads\/2025\/10\/cropped-puffvape-logo.png\",\"width\":512,\"height\":512,\"caption\":\"bestpuffvape\"}]}<\/script>\n<meta property=\"og:availability\" content=\"instock\" \/>\n<meta property=\"product:availability\" content=\"instock\" \/>\n<meta property=\"product:retailer_item_id\" content=\"Fumot-Tornado-15k\" \/>\n<meta property=\"product:condition\" content=\"new\" \/>\n<!-- \/ Yoast SEO Premium plugin. -->","yoast_head_json":{"title":"Fumot Tornado 15k (Fumot 15000) \u2013 15K Puff Disposable Vape - EuVapen","description":"Descubre el Fumot Tornado 15k, un fumot 15000 puffs desechable con 25mL de e-l\u00edquido, bobina de malla, bater\u00eda de 850mAh, pantalla LED, y 47 opciones de sabor. Un rendimiento superior en la categor\u00eda fumot vape 15000.","robots":{"index":"index","follow":"follow","max-snippet":"max-snippet:-1","max-image-preview":"max-image-preview:large","max-video-preview":"max-video-preview:-1"},"canonical":"https:\/\/euvapen.com\/es\/producto\/fumot-15k-fumot-tornado-15000-puffs-disposable-vape\/","og_locale":"es_ES","og_type":"article","og_title":"Fumot 15k Fumot Tornado 15000 Puffs Disposable Vape","og_description":"Discover the Fumot Tornado 15k, a fumot 15000 puffs disposable with 25mL e-liquid, mesh coil, 850mAh battery, LED screen, and 47 flavor choices. A top performer in the fumot vape 15000 category.","og_url":"https:\/\/euvapen.com\/es\/producto\/fumot-15k-fumot-tornado-15000-puffs-disposable-vape\/","og_site_name":"EuVapen","article_modified_time":"2026-02-01T08:20:35+00:00","og_image":[{"width":1000,"height":1000,"url":"https:\/\/euvapen.com\/wp-content\/uploads\/2025\/11\/Fumot-15k-Fumot-Tornado-15000-Puffs-Disposable-Vape-1-1.webp","type":"image\/webp"}],"twitter_card":"summary_large_image","twitter_misc":{"Disponibilidad":"Disponible"},"schema":{"@context":"https:\/\/schema.org","@graph":[{"@type":"WebPage","@id":"https:\/\/euvapen.com\/product\/fumot-15k-fumot-tornado-15000-puffs-disposable-vape\/","url":"https:\/\/euvapen.com\/product\/fumot-15k-fumot-tornado-15000-puffs-disposable-vape\/","name":"Fumot Tornado 15k (Fumot 15000) \u2013 15K Puff Disposable Vape - EuVapen","isPartOf":{"@id":"https:\/\/euvapen.com\/#website"},"primaryImageOfPage":{"@id":"https:\/\/euvapen.com\/product\/fumot-15k-fumot-tornado-15000-puffs-disposable-vape\/#primaryimage"},"image":{"@id":"https:\/\/euvapen.com\/product\/fumot-15k-fumot-tornado-15000-puffs-disposable-vape\/#primaryimage"},"thumbnailUrl":"https:\/\/euvapen.com\/wp-content\/uploads\/2025\/11\/Fumot-15k-Fumot-Tornado-15000-Puffs-Disposable-Vape-1-1.webp","datePublished":"2025-11-27T10:11:19+00:00","dateModified":"2026-02-01T08:20:35+00:00","description":"Descubre el Fumot Tornado 15k, un fumot 15000 puffs desechable con 25mL de e-l\u00edquido, bobina de malla, bater\u00eda de 850mAh, pantalla LED, y 47 opciones de sabor. Un rendimiento superior en la categor\u00eda fumot vape 15000.","breadcrumb":{"@id":"https:\/\/euvapen.com\/product\/fumot-15k-fumot-tornado-15000-puffs-disposable-vape\/#breadcrumb"},"inLanguage":"es","potentialAction":[{"@type":"ReadAction","target":["https:\/\/euvapen.com\/product\/fumot-15k-fumot-tornado-15000-puffs-disposable-vape\/"]}]},{"@type":"ImageObject","inLanguage":"es","@id":"https:\/\/euvapen.com\/product\/fumot-15k-fumot-tornado-15000-puffs-disposable-vape\/#primaryimage","url":"https:\/\/euvapen.com\/wp-content\/uploads\/2025\/11\/Fumot-15k-Fumot-Tornado-15000-Puffs-Disposable-Vape-1-1.webp","contentUrl":"https:\/\/euvapen.com\/wp-content\/uploads\/2025\/11\/Fumot-15k-Fumot-Tornado-15000-Puffs-Disposable-Vape-1-1.webp","width":1000,"height":1000,"caption":"Fumot 15k Fumot Tornado 15000 Puffs Disposable Vape (1)"},{"@type":"BreadcrumbList","@id":"https:\/\/euvapen.com\/product\/fumot-15k-fumot-tornado-15000-puffs-disposable-vape\/#breadcrumb","itemListElement":[{"@type":"ListItem","position":1,"name":"Home","item":"https:\/\/euvapen.com\/"},{"@type":"ListItem","position":2,"name":"Shop","item":"https:\/\/euvapen.com\/shop\/"},{"@type":"ListItem","position":3,"name":"Fumot 15k Fumot Tornado 15000 Puffs Disposable Vape"}]},{"@type":"WebSite","@id":"https:\/\/euvapen.com\/#website","url":"https:\/\/euvapen.com\/","name":"bestpuffvape","description":"","publisher":{"@id":"https:\/\/euvapen.com\/#organization"},"potentialAction":[{"@type":"SearchAction","target":{"@type":"EntryPoint","urlTemplate":"https:\/\/euvapen.com\/?s={search_term_string}"},"query-input":{"@type":"PropertyValueSpecification","valueRequired":true,"valueName":"search_term_string"}}],"inLanguage":"es"},{"@type":["Organization","Place"],"@id":"https:\/\/euvapen.com\/#organization","name":"bestpuffvape","alternateName":"bestpuffvape","url":"https:\/\/euvapen.com\/","logo":{"@id":"https:\/\/euvapen.com\/product\/fumot-15k-fumot-tornado-15000-puffs-disposable-vape\/#local-main-organization-logo"},"image":{"@id":"https:\/\/euvapen.com\/product\/fumot-15k-fumot-tornado-15000-puffs-disposable-vape\/#local-main-organization-logo"},"telephone":[],"openingHoursSpecification":[{"@type":"OpeningHoursSpecification","dayOfWeek":["Monday","Tuesday","Wednesday","Thursday","Friday","Saturday","Sunday"],"opens":"00:00","closes":"23:59"}]},{"@type":"ImageObject","inLanguage":"es","@id":"https:\/\/euvapen.com\/product\/fumot-15k-fumot-tornado-15000-puffs-disposable-vape\/#local-main-organization-logo","url":"https:\/\/euvapen.com\/wp-content\/uploads\/2025\/10\/cropped-puffvape-logo.png","contentUrl":"https:\/\/euvapen.com\/wp-content\/uploads\/2025\/10\/cropped-puffvape-logo.png","width":512,"height":512,"caption":"bestpuffvape"}]},"og_availability":"instock","product_availability":"instock","product_retailer_item_id":"Fumot-Tornado-15k","product_condition":"new"},"brands":[{"id":3187,"name":"Fumot","slug":"fumot"}],"tiered_pricing_type":"fixed","tiered_pricing_fixed_rules":{"30":"11.5","50":"9.5","100":"9.2","200":"8.8"},"tiered_pricing_product_settings":{"layout":"default","base_unit_name":{"singular":null,"plural":null},"default_variation":{}},"tiered_pricing_minimum_quantity":10,"tiered_pricing_roles_data":[],"tiered_pricing_percentage_rules":[],"tiered_pricing_maximum_quantity":null,"tiered_pricing_quantity_step":"10","_links":{"self":[{"href":"https:\/\/euvapen.com\/es\/wp-json\/wp\/v2\/product\/23122","targetHints":{"allow":["GET"]}}],"collection":[{"href":"https:\/\/euvapen.com\/es\/wp-json\/wp\/v2\/product"}],"about":[{"href":"https:\/\/euvapen.com\/es\/wp-json\/wp\/v2\/types\/product"}],"replies":[{"embeddable":true,"href":"https:\/\/euvapen.com\/es\/wp-json\/wp\/v2\/comments?post=23122"}],"wp:featuredmedia":[{"embeddable":true,"href":"https:\/\/euvapen.com\/es\/wp-json\/wp\/v2\/media\/23148"}],"wp:attachment":[{"href":"https:\/\/euvapen.com\/es\/wp-json\/wp\/v2\/media?parent=23122"}],"wp:term":[{"taxonomy":"pwb-brand","embeddable":true,"href":"https:\/\/euvapen.com\/es\/wp-json\/wp\/v2\/pwb-brand?post=23122"},{"taxonomy":"product_brand","embeddable":true,"href":"https:\/\/euvapen.com\/es\/wp-json\/wp\/v2\/product_brand?post=23122"},{"taxonomy":"product_cat","embeddable":true,"href":"https:\/\/euvapen.com\/es\/wp-json\/wp\/v2\/product_cat?post=23122"},{"taxonomy":"product_tag","embeddable":true,"href":"https:\/\/euvapen.com\/es\/wp-json\/wp\/v2\/product_tag?post=23122"}],"curies":[{"name":"wp","href":"https:\/\/api.w.org\/{rel}","templated":true}]}}