{"id":23997,"date":"2026-02-03T07:10:32","date_gmt":"2026-02-03T07:10:32","guid":{"rendered":"https:\/\/euvapen.com\/?post_type=product&#038;p=23997"},"modified":"2026-02-03T07:10:34","modified_gmt":"2026-02-03T07:10:34","slug":"vozol-rave-40k-40000-puffs-disposable-vape-party-mode-270-vibrant-glow-design-eu-warehouse","status":"publish","type":"product","link":"https:\/\/euvapen.com\/es\/producto\/vozol-rave-40k-40000-puffs-disposable-vape-party-mode-270-vibrant-glow-design-eu-warehouse\/","title":{"rendered":"Vozol Rave 40k 40000 Puffs Vapeador Desechable - Modo Fiesta, 270\u00b0 Vibrant Glow Design, EU Warehouse"},"content":{"rendered":"<h1 style=\"text-align: center;\">Vapeador Desechable Vozol Rave 40k 40000 Puffs<\/h1>\n<p data-path-to-node=\"3\">Imagine un dispositivo que no s\u00f3lo emita un golpe, sino que cree ambiente. El <b data-path-to-node=\"3\" data-index-in-node=\"71\">Vozol Rave 40000<\/b> es una explosi\u00f3n sensorial, convirtiendo cada calada en un espect\u00e1culo de luces con su vibrante resplandor de 270\u00b0. Es m\u00e1s que un vapeador; es tu compa\u00f1ero para las altas horas de la noche y la alta energ\u00eda, dise\u00f1ado para sentirse tan din\u00e1mico como la m\u00fasica que te gusta.<\/p>\n<h2 data-path-to-node=\"4\">La experiencia del sabor: Atrevida, brillante y equilibrada<\/h2>\n<p data-path-to-node=\"5\">El perfil de sabor del <b data-path-to-node=\"5\" data-index-in-node=\"26\">Vozol Rave 40k<\/b> est\u00e1 dise\u00f1ado para ofrecer una alta fidelidad. A diferencia de los desechables est\u00e1ndar que pueden sentirse demasiado azucarados, la serie Rave se centra en una \u201cDulzura Limpia\u201d.\u201d<\/p>\n<ul>\n<li data-path-to-node=\"6,0,0\"><b data-path-to-node=\"6,0,0\" data-index-in-node=\"0\">El ambiente:<\/b> Un golpe fresco y refrescante con un final refrescante que perdura lo suficiente.<\/li>\n<li data-path-to-node=\"6,1,0\"><b data-path-to-node=\"6,1,0\" data-index-in-node=\"0\">Potencial para todo el d\u00eda:<\/b> Los sabores est\u00e1n meticulosamente equilibrados para evitar la \u201clengua del vaper\u201d, lo que los hace perfectos para un uso prolongado a lo largo de su enorme vida \u00fatil.<\/li>\n<li data-path-to-node=\"6,2,0\"><b data-path-to-node=\"6,2,0\" data-index-in-node=\"0\">Capas:<\/b> La complejidad es la clave. Mezclas como <i data-path-to-node=\"6,2,0\" data-index-in-node=\"46\">Limonada de frambuesa y melocot\u00f3n<\/i> ofrecen un perfil cambiante: empiezan con fruta dulce y terminan con un toque \u00e1cido y picante.<\/li>\n<\/ul>\n<h2>VOZOL RAVE 40000 Lista de Sabores\uff1a<\/h2>\n<p>1. Hielo Razz Azul<br \/>\n2. Hielo de ar\u00e1ndanos<br \/>\n3. Sand\u00eda con ar\u00e1ndanos<br \/>\n4. Fresa cereza<br \/>\n5. Menta fresca<br \/>\n6. Manzana doble<br \/>\n7. Hielo de uva<br \/>\n8. Amor 777<br \/>\n9. Mango Ice<br \/>\n10. Mango Melocot\u00f3n<br \/>\n11. Hielo de melocot\u00f3n<br \/>\n12. Limonada de frambuesa y melocot\u00f3n<br \/>\n13. Hielo de fresa<br \/>\n14. Fresa Kiwi<br \/>\n15. Fresa Mango<br \/>\n16. Sand\u00eda con fresas<br \/>\n17. Melocot\u00f3n fresa<br \/>\n18. Sand\u00eda Chicle<br \/>\n19. Hielo de sand\u00eda<br \/>\n20. Sand\u00eda Razz Rancher<\/p>\n<h2 data-path-to-node=\"8\">Especificaciones del producto Vozol Rave 40k<\/h2>\n<table data-path-to-node=\"9\">\n<thead>\n<tr>\n<td><strong>Art\u00edculo<\/strong><\/td>\n<td><strong>Detalles<\/strong><\/td>\n<\/tr>\n<\/thead>\n<tbody>\n<tr>\n<td><span data-path-to-node=\"9,1,0,0\"><b data-path-to-node=\"9,1,0,0\" data-index-in-node=\"0\">Capacidad de soplado<\/b><\/span><\/td>\n<td><span data-path-to-node=\"9,1,1,0\">Hasta 40.000 bocanadas<\/span><\/td>\n<\/tr>\n<tr>\n<td><span data-path-to-node=\"9,2,0,0\"><b data-path-to-node=\"9,2,0,0\" data-index-in-node=\"0\">Volumen de e-l\u00edquido<\/b><\/span><\/td>\n<td><span data-path-to-node=\"9,2,1,0\">20 ml precargado<\/span><\/td>\n<\/tr>\n<tr>\n<td><span data-path-to-node=\"9,3,0,0\"><b data-path-to-node=\"9,3,0,0\" data-index-in-node=\"0\">Capacidad de la bater\u00eda<\/b><\/span><\/td>\n<td><span data-path-to-node=\"9,3,1,0\">1000mAh (80% Carga en 20 Mins)<\/span><\/td>\n<\/tr>\n<tr>\n<td><span data-path-to-node=\"9,4,0,0\"><b data-path-to-node=\"9,4,0,0\" data-index-in-node=\"0\">Resistencia de la bobina<\/b><\/span><\/td>\n<td><span data-path-to-node=\"9,4,1,0\">Bobina de alta precisi\u00f3n de 1,2\u03a9<\/span><\/td>\n<\/tr>\n<tr>\n<td><span data-path-to-node=\"9,5,0,0\"><b data-path-to-node=\"9,5,0,0\" data-index-in-node=\"0\">Caracter\u00edsticas \u00fanicas<\/b><\/span><\/td>\n<td><span data-path-to-node=\"9,5,1,0\">270\u00b0 Glow &amp; Beat-Synced Party Mode<\/span><\/td>\n<\/tr>\n<tr>\n<td><span data-path-to-node=\"9,6,0,0\"><b data-path-to-node=\"9,6,0,0\" data-index-in-node=\"0\">Nivel de nicotina<\/b><\/span><\/td>\n<td><span data-path-to-node=\"9,6,1,0\">5% (50mg\/mL)<\/span><\/td>\n<\/tr>\n<tr>\n<td><span data-path-to-node=\"9,7,0,0\"><b data-path-to-node=\"9,7,0,0\" data-index-in-node=\"0\">Mostrar<\/b><\/span><\/td>\n<td><span data-path-to-node=\"9,7,1,0\">Pantalla de animaci\u00f3n Eclipse Vaping<\/span><\/td>\n<\/tr>\n<tr>\n<td><span data-path-to-node=\"9,8,0,0\"><b data-path-to-node=\"9,8,0,0\" data-index-in-node=\"0\">Almac\u00e9n<\/b><\/span><\/td>\n<td><span data-path-to-node=\"9,8,1,0\"><b data-path-to-node=\"9,8,1,0\" data-index-in-node=\"0\">Almac\u00e9n UE (1-3 d\u00edas de entrega)<\/b><\/span><\/td>\n<\/tr>\n<\/tbody>\n<\/table>\n<hr data-path-to-node=\"10\" \/>\n<h2 data-path-to-node=\"11\">Por qu\u00e9 sabe diferente<\/h2>\n<p data-path-to-node=\"12\">El secreto de la <b data-path-to-node=\"12\" data-index-in-node=\"22\">Vozol 40000<\/b> es su estabilidad t\u00e9rmica. Utilizando un <b data-path-to-node=\"12\" data-index-in-node=\"75\">Bobina de alta precisi\u00f3n de 1,2\u03a9<\/b>, El dispositivo mantiene una temperatura m\u00e1s baja y constante que las alternativas sub-ohm. Esto evita que el e-l\u00edquido se \u201ccaramelice\u201d o sepa a quemado cerca del final de la vaina, garantizando que tu calada n\u00famero 40.000 sepa exactamente igual que la primera.<\/p>\n<hr data-path-to-node=\"13\" \/>\n<h2 data-path-to-node=\"14\">Para qui\u00e9n es este Vape<\/h2>\n<ul>\n<li data-path-to-node=\"15,0,0\"><b data-path-to-node=\"15,0,0\" data-index-in-node=\"0\">El B\u00faho Nocturno:<\/b> Si vas a menudo a discotecas o fiestas, el <b data-path-to-node=\"15,0,0\" data-index-in-node=\"56\">Modo fiesta sincronizada<\/b> y un brillo de 270\u00b0 lo convierten en el accesorio definitivo.<\/li>\n<li data-path-to-node=\"15,1,0\"><b data-path-to-node=\"15,1,0\" data-index-in-node=\"0\">El vapeador \u201csin esperas\u201d:<\/b> Con la carga 80% en s\u00f3lo 20 minutos, es para la persona que siempre est\u00e1 en movimiento y odia estar atada a la pared.<\/li>\n<li data-path-to-node=\"15,2,0\"><b data-path-to-node=\"15,2,0\" data-index-in-node=\"0\">El purista del sabor:<\/b> Para los que quieren un <b data-path-to-node=\"15,2,0\" data-index-in-node=\"40\">vozol vape<\/b> que se mantiene fiel a sus notas de sabor sin desvanecerse con el paso de las semanas.<\/li>\n<li data-path-to-node=\"15,3,0\"><b data-path-to-node=\"15,3,0\" data-index-in-node=\"0\">El experto en eficiencia:<\/b> \u00bfPor qu\u00e9 comprar cinco vaporizadores <b data-path-to-node=\"15,3,0\" data-index-in-node=\"51\">Vozol Rave 40000<\/b> te cubre a largo plazo?<\/li>\n<\/ul>\n<hr data-path-to-node=\"16\" \/>\n<h2 data-path-to-node=\"17\">Vozol Rave 40000 Sabor FAQ<\/h2>\n<h3 data-path-to-node=\"18\"><b data-path-to-node=\"18\" data-index-in-node=\"0\">P: \u00bfLa intensidad del sabor es constante a medida que baja la pila?<\/b><\/h3>\n<p data-path-to-node=\"18\"><b data-path-to-node=\"18\" data-index-in-node=\"60\">A:<\/b> S\u00ed. La bater\u00eda de 1000mAh est\u00e1 emparejada con una salida de potencia regulada, lo que significa que el sabor no se \u201cdebilita\u201d incluso cuando est\u00e1s a 10% de bater\u00eda.<\/p>\n<h3 data-path-to-node=\"19\"><b data-path-to-node=\"19\" data-index-in-node=\"0\">P: \u00bfEl \u201cModo Fiesta\u201d agota la bater\u00eda demasiado r\u00e1pido?<\/b><\/h3>\n<p data-path-to-node=\"19\"><b data-path-to-node=\"19\" data-index-in-node=\"53\">A:<\/b> Aunque los LED consumen algo de energ\u00eda, la enorme capacidad de 1.000 mAh est\u00e1 dise\u00f1ada para gestionar f\u00e1cilmente tanto las luces como el vapeo. Adem\u00e1s, la rapid\u00edsima recarga de 20 minutos cubre cualquier consumo adicional.<\/p>\n<h3 data-path-to-node=\"20\"><b data-path-to-node=\"20\" data-index-in-node=\"0\">P: \u00bfSon abrumadores los sabores \u201cIce\u201d?<\/b><\/h3>\n<p data-path-to-node=\"20\"><b data-path-to-node=\"20\" data-index-in-node=\"39\">A:<\/b> En <b data-path-to-node=\"20\" data-index-in-node=\"46\">Vozol Rave<\/b> utiliza un agente refrigerante medio-alto. Proporciona un marcado \u201cchasquido\u201d de fr\u00edo sin enmascarar el perfil frutal real.<\/p>","protected":false},"excerpt":{"rendered":"<p data-path-to-node=\"1\">El vape definitivo de alta energ\u00eda con un <b data-path-to-node=\"1\" data-index-in-node=\"42\">270\u00b0 de brillo vibrante<\/b> e iluminaci\u00f3n sincronizada. Consigue una gran longevidad con <b data-path-to-node=\"1\" data-index-in-node=\"113\">40.000 caladas<\/b> y carga ultrarr\u00e1pida (<b data-path-to-node=\"1\" data-index-in-node=\"151\">80% en 20 minutos<\/b>).<\/p>\n<ul>\n<li data-path-to-node=\"2,0,0\"><b data-path-to-node=\"2,0,0\" data-index-in-node=\"0\">40.000 caladas | 20 ml de capacidad<\/b><\/li>\n<li data-path-to-node=\"2,1,0\"><b data-path-to-node=\"2,1,0\" data-index-in-node=\"0\">80% Carga en 20 minutos<\/b><\/li>\n<li data-path-to-node=\"2,2,0\"><b data-path-to-node=\"2,2,0\" data-index-in-node=\"0\">Animaci\u00f3n 270\u00b0 Glow &amp; Eclipse<\/b><\/li>\n<li data-path-to-node=\"2,3,0\"><b data-path-to-node=\"2,3,0\" data-index-in-node=\"0\">Almac\u00e9n UE: Entrega en 1-3 d\u00edas<\/b><\/li>\n<\/ul>","protected":false},"featured_media":23998,"comment_status":"open","ping_status":"closed","template":"","meta":{"_acf_changed":false},"pwb-brand":[1259],"product_brand":[],"product_cat":[15,88,84,93,95],"product_tag":[70],"class_list":{"0":"post-23997","1":"product","2":"type-product","3":"status-publish","4":"has-post-thumbnail","6":"pwb-brand-vozol","7":"product_cat-vape","8":"product_cat-crystal-vape","9":"product_cat-eu-warehouse-in-stock","10":"product_cat-rechargeable-vapes","11":"product_cat-vape-with-screen","12":"product_tag-puff-40k","14":"first","15":"instock","16":"shipping-taxable","17":"purchasable","18":"product-type-variable"},"acf":[],"yoast_head":"<!-- This site is optimized with the Yoast SEO Premium plugin v26.3 (Yoast SEO v26.3) - https:\/\/yoast.com\/wordpress\/plugins\/seo\/ -->\n<title>VOZOL RAVE 40000 Puffs | 270\u00b0 Glow Party Mode | EU Warehouse - EuVapen<\/title>\n<meta name=\"description\" content=\"Experience the VOZOL RAVE 40000: The ultimate party vape with a 270\u00b0 vibrant glow and 40k puffs. 80% charge in just 20 mins. Fast 1-3 day delivery from our EU warehouse!\" \/>\n<meta name=\"robots\" content=\"index, follow, max-snippet:-1, max-image-preview:large, max-video-preview:-1\" \/>\n<link rel=\"canonical\" href=\"https:\/\/euvapen.com\/es\/producto\/vozol-rave-40k-40000-puffs-disposable-vape-party-mode-270-vibrant-glow-design-eu-warehouse\/\" \/>\n<meta property=\"og:locale\" content=\"es_ES\" \/>\n<meta property=\"og:type\" content=\"article\" \/>\n<meta property=\"og:title\" content=\"Vozol Rave 40k 40000 Puffs Disposable Vape - Party Mode, 270\u00b0 Vibrant Glow Design, EU Warehouse\" \/>\n<meta property=\"og:description\" content=\"Experience the VOZOL RAVE 40000: The ultimate party vape with a 270\u00b0 vibrant glow and 40k puffs. 80% charge in just 20 mins. Fast 1-3 day delivery from our EU warehouse!\" \/>\n<meta property=\"og:url\" content=\"https:\/\/euvapen.com\/es\/producto\/vozol-rave-40k-40000-puffs-disposable-vape-party-mode-270-vibrant-glow-design-eu-warehouse\/\" \/>\n<meta property=\"og:site_name\" content=\"EuVapen\" \/>\n<meta property=\"article:modified_time\" content=\"2026-02-03T07:10:34+00:00\" \/>\n<meta property=\"og:image\" content=\"https:\/\/euvapen.com\/wp-content\/uploads\/2026\/02\/Vozol-Rave-40k-40000-Puffs-Disposable-Vape-Watermelon-Razz-Rancher-2.webp\" \/>\n\t<meta property=\"og:image:width\" content=\"1000\" \/>\n\t<meta property=\"og:image:height\" content=\"1000\" \/>\n\t<meta property=\"og:image:type\" content=\"image\/webp\" \/>\n<meta name=\"twitter:card\" content=\"summary_large_image\" \/>\n<meta name=\"twitter:label1\" content=\"Disponibilidad\" \/>\n\t<meta name=\"twitter:data1\" content=\"Disponible\" \/>\n<script type=\"application\/ld+json\" class=\"yoast-schema-graph\">{\"@context\":\"https:\/\/schema.org\",\"@graph\":[{\"@type\":\"WebPage\",\"@id\":\"https:\/\/euvapen.com\/product\/vozol-rave-40k-40000-puffs-disposable-vape-party-mode-270-vibrant-glow-design-eu-warehouse\/\",\"url\":\"https:\/\/euvapen.com\/product\/vozol-rave-40k-40000-puffs-disposable-vape-party-mode-270-vibrant-glow-design-eu-warehouse\/\",\"name\":\"VOZOL RAVE 40000 Puffs | 270\u00b0 Glow Party Mode | EU Warehouse - EuVapen\",\"isPartOf\":{\"@id\":\"https:\/\/euvapen.com\/#website\"},\"primaryImageOfPage\":{\"@id\":\"https:\/\/euvapen.com\/product\/vozol-rave-40k-40000-puffs-disposable-vape-party-mode-270-vibrant-glow-design-eu-warehouse\/#primaryimage\"},\"image\":{\"@id\":\"https:\/\/euvapen.com\/product\/vozol-rave-40k-40000-puffs-disposable-vape-party-mode-270-vibrant-glow-design-eu-warehouse\/#primaryimage\"},\"thumbnailUrl\":\"https:\/\/euvapen.com\/wp-content\/uploads\/2026\/02\/Vozol-Rave-40k-40000-Puffs-Disposable-Vape-Watermelon-Razz-Rancher-2.webp\",\"datePublished\":\"2026-02-03T07:10:32+00:00\",\"dateModified\":\"2026-02-03T07:10:34+00:00\",\"description\":\"Experience the VOZOL RAVE 40000: The ultimate party vape with a 270\u00b0 vibrant glow and 40k puffs. 80% charge in just 20 mins. Fast 1-3 day delivery from our EU warehouse!\",\"breadcrumb\":{\"@id\":\"https:\/\/euvapen.com\/product\/vozol-rave-40k-40000-puffs-disposable-vape-party-mode-270-vibrant-glow-design-eu-warehouse\/#breadcrumb\"},\"inLanguage\":\"es\",\"potentialAction\":[{\"@type\":\"ReadAction\",\"target\":[\"https:\/\/euvapen.com\/product\/vozol-rave-40k-40000-puffs-disposable-vape-party-mode-270-vibrant-glow-design-eu-warehouse\/\"]}]},{\"@type\":\"ImageObject\",\"inLanguage\":\"es\",\"@id\":\"https:\/\/euvapen.com\/product\/vozol-rave-40k-40000-puffs-disposable-vape-party-mode-270-vibrant-glow-design-eu-warehouse\/#primaryimage\",\"url\":\"https:\/\/euvapen.com\/wp-content\/uploads\/2026\/02\/Vozol-Rave-40k-40000-Puffs-Disposable-Vape-Watermelon-Razz-Rancher-2.webp\",\"contentUrl\":\"https:\/\/euvapen.com\/wp-content\/uploads\/2026\/02\/Vozol-Rave-40k-40000-Puffs-Disposable-Vape-Watermelon-Razz-Rancher-2.webp\",\"width\":1000,\"height\":1000,\"caption\":\"Vozol Rave 40k 40000 Puffs Disposable Vape - Watermelon Razz Rancher #2\"},{\"@type\":\"BreadcrumbList\",\"@id\":\"https:\/\/euvapen.com\/product\/vozol-rave-40k-40000-puffs-disposable-vape-party-mode-270-vibrant-glow-design-eu-warehouse\/#breadcrumb\",\"itemListElement\":[{\"@type\":\"ListItem\",\"position\":1,\"name\":\"Home\",\"item\":\"https:\/\/euvapen.com\/\"},{\"@type\":\"ListItem\",\"position\":2,\"name\":\"Shop\",\"item\":\"https:\/\/euvapen.com\/shop\/\"},{\"@type\":\"ListItem\",\"position\":3,\"name\":\"Vozol Rave 40k 40000 Puffs Disposable Vape &#8211; Party Mode, 270\u00b0 Vibrant Glow Design, EU Warehouse\"}]},{\"@type\":\"WebSite\",\"@id\":\"https:\/\/euvapen.com\/#website\",\"url\":\"https:\/\/euvapen.com\/\",\"name\":\"bestpuffvape\",\"description\":\"\",\"publisher\":{\"@id\":\"https:\/\/euvapen.com\/#organization\"},\"potentialAction\":[{\"@type\":\"SearchAction\",\"target\":{\"@type\":\"EntryPoint\",\"urlTemplate\":\"https:\/\/euvapen.com\/?s={search_term_string}\"},\"query-input\":{\"@type\":\"PropertyValueSpecification\",\"valueRequired\":true,\"valueName\":\"search_term_string\"}}],\"inLanguage\":\"es\"},{\"@type\":[\"Organization\",\"Place\"],\"@id\":\"https:\/\/euvapen.com\/#organization\",\"name\":\"bestpuffvape\",\"alternateName\":\"bestpuffvape\",\"url\":\"https:\/\/euvapen.com\/\",\"logo\":{\"@id\":\"https:\/\/euvapen.com\/product\/vozol-rave-40k-40000-puffs-disposable-vape-party-mode-270-vibrant-glow-design-eu-warehouse\/#local-main-organization-logo\"},\"image\":{\"@id\":\"https:\/\/euvapen.com\/product\/vozol-rave-40k-40000-puffs-disposable-vape-party-mode-270-vibrant-glow-design-eu-warehouse\/#local-main-organization-logo\"},\"telephone\":[],\"openingHoursSpecification\":[{\"@type\":\"OpeningHoursSpecification\",\"dayOfWeek\":[\"Monday\",\"Tuesday\",\"Wednesday\",\"Thursday\",\"Friday\",\"Saturday\",\"Sunday\"],\"opens\":\"00:00\",\"closes\":\"23:59\"}]},{\"@type\":\"ImageObject\",\"inLanguage\":\"es\",\"@id\":\"https:\/\/euvapen.com\/product\/vozol-rave-40k-40000-puffs-disposable-vape-party-mode-270-vibrant-glow-design-eu-warehouse\/#local-main-organization-logo\",\"url\":\"https:\/\/euvapen.com\/wp-content\/uploads\/2025\/10\/cropped-puffvape-logo.png\",\"contentUrl\":\"https:\/\/euvapen.com\/wp-content\/uploads\/2025\/10\/cropped-puffvape-logo.png\",\"width\":512,\"height\":512,\"caption\":\"bestpuffvape\"}]}<\/script>\n<meta property=\"og:availability\" content=\"instock\" \/>\n<meta property=\"product:availability\" content=\"instock\" \/>\n<meta property=\"product:retailer_item_id\" content=\"Vozol-Rave-40k-Puffs-EU\" \/>\n<meta property=\"product:condition\" content=\"new\" \/>\n<!-- \/ Yoast SEO Premium plugin. -->","yoast_head_json":{"title":"VOZOL RAVE 40000 Puffs | 270\u00b0 Glow Party Mode | EU Warehouse - EuVapen","description":"Experimenta el VOZOL RAVE 40000: El vapeador de fiesta definitivo con un brillo vibrante de 270\u00b0 y 40k caladas. Carga 80% en s\u00f3lo 20 minutos. Entrega r\u00e1pida en 1-3 d\u00edas desde nuestro almac\u00e9n en la UE.","robots":{"index":"index","follow":"follow","max-snippet":"max-snippet:-1","max-image-preview":"max-image-preview:large","max-video-preview":"max-video-preview:-1"},"canonical":"https:\/\/euvapen.com\/es\/producto\/vozol-rave-40k-40000-puffs-disposable-vape-party-mode-270-vibrant-glow-design-eu-warehouse\/","og_locale":"es_ES","og_type":"article","og_title":"Vozol Rave 40k 40000 Puffs Disposable Vape - Party Mode, 270\u00b0 Vibrant Glow Design, EU Warehouse","og_description":"Experience the VOZOL RAVE 40000: The ultimate party vape with a 270\u00b0 vibrant glow and 40k puffs. 80% charge in just 20 mins. Fast 1-3 day delivery from our EU warehouse!","og_url":"https:\/\/euvapen.com\/es\/producto\/vozol-rave-40k-40000-puffs-disposable-vape-party-mode-270-vibrant-glow-design-eu-warehouse\/","og_site_name":"EuVapen","article_modified_time":"2026-02-03T07:10:34+00:00","og_image":[{"width":1000,"height":1000,"url":"https:\/\/euvapen.com\/wp-content\/uploads\/2026\/02\/Vozol-Rave-40k-40000-Puffs-Disposable-Vape-Watermelon-Razz-Rancher-2.webp","type":"image\/webp"}],"twitter_card":"summary_large_image","twitter_misc":{"Disponibilidad":"Disponible"},"schema":{"@context":"https:\/\/schema.org","@graph":[{"@type":"WebPage","@id":"https:\/\/euvapen.com\/product\/vozol-rave-40k-40000-puffs-disposable-vape-party-mode-270-vibrant-glow-design-eu-warehouse\/","url":"https:\/\/euvapen.com\/product\/vozol-rave-40k-40000-puffs-disposable-vape-party-mode-270-vibrant-glow-design-eu-warehouse\/","name":"VOZOL RAVE 40000 Puffs | 270\u00b0 Glow Party Mode | EU Warehouse - EuVapen","isPartOf":{"@id":"https:\/\/euvapen.com\/#website"},"primaryImageOfPage":{"@id":"https:\/\/euvapen.com\/product\/vozol-rave-40k-40000-puffs-disposable-vape-party-mode-270-vibrant-glow-design-eu-warehouse\/#primaryimage"},"image":{"@id":"https:\/\/euvapen.com\/product\/vozol-rave-40k-40000-puffs-disposable-vape-party-mode-270-vibrant-glow-design-eu-warehouse\/#primaryimage"},"thumbnailUrl":"https:\/\/euvapen.com\/wp-content\/uploads\/2026\/02\/Vozol-Rave-40k-40000-Puffs-Disposable-Vape-Watermelon-Razz-Rancher-2.webp","datePublished":"2026-02-03T07:10:32+00:00","dateModified":"2026-02-03T07:10:34+00:00","description":"Experimenta el VOZOL RAVE 40000: El vapeador de fiesta definitivo con un brillo vibrante de 270\u00b0 y 40k caladas. Carga 80% en s\u00f3lo 20 minutos. Entrega r\u00e1pida en 1-3 d\u00edas desde nuestro almac\u00e9n en la UE.","breadcrumb":{"@id":"https:\/\/euvapen.com\/product\/vozol-rave-40k-40000-puffs-disposable-vape-party-mode-270-vibrant-glow-design-eu-warehouse\/#breadcrumb"},"inLanguage":"es","potentialAction":[{"@type":"ReadAction","target":["https:\/\/euvapen.com\/product\/vozol-rave-40k-40000-puffs-disposable-vape-party-mode-270-vibrant-glow-design-eu-warehouse\/"]}]},{"@type":"ImageObject","inLanguage":"es","@id":"https:\/\/euvapen.com\/product\/vozol-rave-40k-40000-puffs-disposable-vape-party-mode-270-vibrant-glow-design-eu-warehouse\/#primaryimage","url":"https:\/\/euvapen.com\/wp-content\/uploads\/2026\/02\/Vozol-Rave-40k-40000-Puffs-Disposable-Vape-Watermelon-Razz-Rancher-2.webp","contentUrl":"https:\/\/euvapen.com\/wp-content\/uploads\/2026\/02\/Vozol-Rave-40k-40000-Puffs-Disposable-Vape-Watermelon-Razz-Rancher-2.webp","width":1000,"height":1000,"caption":"Vozol Rave 40k 40000 Puffs Disposable Vape - Watermelon Razz Rancher #2"},{"@type":"BreadcrumbList","@id":"https:\/\/euvapen.com\/product\/vozol-rave-40k-40000-puffs-disposable-vape-party-mode-270-vibrant-glow-design-eu-warehouse\/#breadcrumb","itemListElement":[{"@type":"ListItem","position":1,"name":"Home","item":"https:\/\/euvapen.com\/"},{"@type":"ListItem","position":2,"name":"Shop","item":"https:\/\/euvapen.com\/shop\/"},{"@type":"ListItem","position":3,"name":"Vozol Rave 40k 40000 Puffs Disposable Vape &#8211; Party Mode, 270\u00b0 Vibrant Glow Design, EU Warehouse"}]},{"@type":"WebSite","@id":"https:\/\/euvapen.com\/#website","url":"https:\/\/euvapen.com\/","name":"bestpuffvape","description":"","publisher":{"@id":"https:\/\/euvapen.com\/#organization"},"potentialAction":[{"@type":"SearchAction","target":{"@type":"EntryPoint","urlTemplate":"https:\/\/euvapen.com\/?s={search_term_string}"},"query-input":{"@type":"PropertyValueSpecification","valueRequired":true,"valueName":"search_term_string"}}],"inLanguage":"es"},{"@type":["Organization","Place"],"@id":"https:\/\/euvapen.com\/#organization","name":"bestpuffvape","alternateName":"bestpuffvape","url":"https:\/\/euvapen.com\/","logo":{"@id":"https:\/\/euvapen.com\/product\/vozol-rave-40k-40000-puffs-disposable-vape-party-mode-270-vibrant-glow-design-eu-warehouse\/#local-main-organization-logo"},"image":{"@id":"https:\/\/euvapen.com\/product\/vozol-rave-40k-40000-puffs-disposable-vape-party-mode-270-vibrant-glow-design-eu-warehouse\/#local-main-organization-logo"},"telephone":[],"openingHoursSpecification":[{"@type":"OpeningHoursSpecification","dayOfWeek":["Monday","Tuesday","Wednesday","Thursday","Friday","Saturday","Sunday"],"opens":"00:00","closes":"23:59"}]},{"@type":"ImageObject","inLanguage":"es","@id":"https:\/\/euvapen.com\/product\/vozol-rave-40k-40000-puffs-disposable-vape-party-mode-270-vibrant-glow-design-eu-warehouse\/#local-main-organization-logo","url":"https:\/\/euvapen.com\/wp-content\/uploads\/2025\/10\/cropped-puffvape-logo.png","contentUrl":"https:\/\/euvapen.com\/wp-content\/uploads\/2025\/10\/cropped-puffvape-logo.png","width":512,"height":512,"caption":"bestpuffvape"}]},"og_availability":"instock","product_availability":"instock","product_retailer_item_id":"Vozol-Rave-40k-Puffs-EU","product_condition":"new"},"brands":[{"id":1259,"name":"Vozol","slug":"vozol"}],"tiered_pricing_type":"fixed","tiered_pricing_fixed_rules":{"30":"14.04","50":"11.54","100":"11.04","200":"10.04"},"tiered_pricing_product_settings":{"layout":"default","base_unit_name":{"singular":null,"plural":null},"default_variation":{}},"tiered_pricing_minimum_quantity":10,"tiered_pricing_roles_data":[],"tiered_pricing_percentage_rules":[],"tiered_pricing_maximum_quantity":null,"tiered_pricing_quantity_step":"10","_links":{"self":[{"href":"https:\/\/euvapen.com\/es\/wp-json\/wp\/v2\/product\/23997","targetHints":{"allow":["GET"]}}],"collection":[{"href":"https:\/\/euvapen.com\/es\/wp-json\/wp\/v2\/product"}],"about":[{"href":"https:\/\/euvapen.com\/es\/wp-json\/wp\/v2\/types\/product"}],"replies":[{"embeddable":true,"href":"https:\/\/euvapen.com\/es\/wp-json\/wp\/v2\/comments?post=23997"}],"wp:featuredmedia":[{"embeddable":true,"href":"https:\/\/euvapen.com\/es\/wp-json\/wp\/v2\/media\/23998"}],"wp:attachment":[{"href":"https:\/\/euvapen.com\/es\/wp-json\/wp\/v2\/media?parent=23997"}],"wp:term":[{"taxonomy":"pwb-brand","embeddable":true,"href":"https:\/\/euvapen.com\/es\/wp-json\/wp\/v2\/pwb-brand?post=23997"},{"taxonomy":"product_brand","embeddable":true,"href":"https:\/\/euvapen.com\/es\/wp-json\/wp\/v2\/product_brand?post=23997"},{"taxonomy":"product_cat","embeddable":true,"href":"https:\/\/euvapen.com\/es\/wp-json\/wp\/v2\/product_cat?post=23997"},{"taxonomy":"product_tag","embeddable":true,"href":"https:\/\/euvapen.com\/es\/wp-json\/wp\/v2\/product_tag?post=23997"}],"curies":[{"name":"wp","href":"https:\/\/api.w.org\/{rel}","templated":true}]}}