{"id":1004,"date":"2020-10-09T13:39:05","date_gmt":"2020-10-09T13:39:05","guid":{"rendered":"http:\/\/shoptimizer.local\/?page_id=848"},"modified":"2025-10-10T10:24:10","modified_gmt":"2025-10-10T10:24:10","slug":"about","status":"publish","type":"page","link":"https:\/\/euvapen.com\/fr\/about\/","title":{"rendered":"A propos de"},"content":{"rendered":"<div data-elementor-type=\"wp-post\" data-elementor-id=\"1004\" class=\"elementor elementor-1004\">\n\t\t\t\t\t\t<section class=\"elementor-section elementor-top-section elementor-element elementor-element-28d7a9a8 elementor-section-stretched elementor-section-boxed elementor-section-height-default elementor-section-height-default\" data-id=\"28d7a9a8\" data-element_type=\"section\" data-settings=\"{&quot;stretch_section&quot;:&quot;section-stretched&quot;,&quot;background_background&quot;:&quot;classic&quot;}\">\n\t\t\t\t\t\t<div class=\"elementor-container elementor-column-gap-no\">\n\t\t\t\t\t<div class=\"elementor-column elementor-col-100 elementor-top-column elementor-element elementor-element-585bfc6d\" data-id=\"585bfc6d\" data-element_type=\"column\">\n\t\t\t<div class=\"elementor-widget-wrap elementor-element-populated\">\n\t\t\t\t\t\t<section class=\"elementor-section elementor-inner-section elementor-element elementor-element-35cbf0ea elementor-section-boxed elementor-section-height-default elementor-section-height-default\" data-id=\"35cbf0ea\" data-element_type=\"section\">\n\t\t\t\t\t\t<div class=\"elementor-container elementor-column-gap-default\">\n\t\t\t\t\t<div class=\"elementor-column elementor-col-50 elementor-inner-column elementor-element elementor-element-26a1609a\" data-id=\"26a1609a\" data-element_type=\"column\">\n\t\t\t<div class=\"elementor-widget-wrap elementor-element-populated\">\n\t\t\t\t\t\t<div class=\"elementor-element elementor-element-64a60170 elementor-invisible elementor-widget elementor-widget-heading\" data-id=\"64a60170\" data-element_type=\"widget\" data-settings=\"{&quot;_animation&quot;:&quot;fadeInUp&quot;}\" data-widget_type=\"heading.default\">\n\t\t\t\t\t<h1 class=\"elementor-heading-title elementor-size-default\">A propos de nous<\/h1>\t\t\t\t<\/div>\n\t\t\t\t<div class=\"elementor-element elementor-element-3a6d1332 elementor-invisible elementor-widget elementor-widget-heading\" data-id=\"3a6d1332\" data-element_type=\"widget\" data-settings=\"{&quot;_animation&quot;:&quot;fadeInDown&quot;}\" data-widget_type=\"heading.default\">\n\t\t\t\t\t<h2 class=\"elementor-heading-title elementor-size-default\"><p data-start=\"123\" data-end=\"385\">Bienvenue \u00e0 <strong data-start=\"134\" data-end=\"150\">BestPuffVape<\/strong>, votre source de confiance pour des vapes et e-cigarettes jetables de haute qualit\u00e9. Avec plus de <strong data-start=\"234\" data-end=\"260\">10 ans d'exp\u00e9rience<\/strong> dans l'industrie du vapotage, nous sommes sp\u00e9cialis\u00e9s dans la conception, la fabrication et la distribution mondiale de produits de vapotage innovants.<\/p><\/h2>\t\t\t\t<\/div>\n\t\t\t\t\t<\/div>\n\t\t<\/div>\n\t\t\t\t<div class=\"elementor-column elementor-col-50 elementor-inner-column elementor-element elementor-element-bf6295e\" data-id=\"bf6295e\" data-element_type=\"column\">\n\t\t\t<div class=\"elementor-widget-wrap\">\n\t\t\t\t\t\t\t<\/div>\n\t\t<\/div>\n\t\t\t\t\t<\/div>\n\t\t<\/section>\n\t\t\t\t\t<\/div>\n\t\t<\/div>\n\t\t\t\t\t<\/div>\n\t\t<\/section>\n\t\t\t\t<section class=\"elementor-section elementor-top-section elementor-element elementor-element-983905d elementor-section-boxed elementor-section-height-default elementor-section-height-default\" data-id=\"983905d\" data-element_type=\"section\">\n\t\t\t\t\t\t<div class=\"elementor-container elementor-column-gap-wider\">\n\t\t\t\t\t<div class=\"elementor-column elementor-col-50 elementor-top-column elementor-element elementor-element-7310116 elementor-invisible\" data-id=\"7310116\" data-element_type=\"column\" data-settings=\"{&quot;animation&quot;:&quot;fadeIn&quot;}\">\n\t\t\t<div class=\"elementor-widget-wrap elementor-element-populated\">\n\t\t\t\t\t\t<div class=\"elementor-element elementor-element-3d3af9e7 title-left elementor-widget elementor-widget-heading\" data-id=\"3d3af9e7\" data-element_type=\"widget\" data-widget_type=\"heading.default\">\n\t\t\t\t\t<h2 class=\"elementor-heading-title elementor-size-default\">Notre mission<\/h2>\t\t\t\t<\/div>\n\t\t\t\t<div class=\"elementor-element elementor-element-e710402 elementor-widget elementor-widget-text-editor\" data-id=\"e710402\" data-element_type=\"widget\" data-widget_type=\"text-editor.default\">\n\t\t\t\t\t\t\t\t\t<p>Notre mission est de <strong data-start=\"405\" data-end=\"463\">offrir des exp\u00e9riences de vapotage de qualit\u00e9 sup\u00e9rieure, fiables et s\u00fbres<\/strong> \u00e0 des clients du monde entier. Nous combinons une technologie de pointe, un contr\u00f4le de qualit\u00e9 strict et une approche ax\u00e9e sur le client afin de garantir que chaque produit r\u00e9ponde aux normes les plus \u00e9lev\u00e9es.<\/p>\t\t\t\t\t\t\t\t<\/div>\n\t\t\t\t\t<\/div>\n\t\t<\/div>\n\t\t\t\t<div class=\"elementor-column elementor-col-50 elementor-top-column elementor-element elementor-element-34c609e elementor-invisible\" data-id=\"34c609e\" data-element_type=\"column\" data-settings=\"{&quot;animation&quot;:&quot;fadeIn&quot;,&quot;animation_delay&quot;:200}\">\n\t\t\t<div class=\"elementor-widget-wrap elementor-element-populated\">\n\t\t\t\t\t\t<div class=\"elementor-element elementor-element-c04a566 animated-fast elementor-invisible elementor-widget elementor-widget-image\" data-id=\"c04a566\" data-element_type=\"widget\" data-settings=\"{&quot;_animation&quot;:&quot;fadeIn&quot;}\" data-widget_type=\"image.default\">\n\t\t\t\t\t\t\t\t\t\t\t\t\t\t\t<img fetchpriority=\"high\" decoding=\"async\" width=\"1024\" height=\"683\" src=\"https:\/\/euvapen.com\/wp-content\/uploads\/2025\/10\/man-vaping-electronic-cigarette-1024x683.webp\" class=\"attachment-large size-large wp-image-7454\" alt=\"\" srcset=\"https:\/\/euvapen.com\/wp-content\/uploads\/2025\/10\/man-vaping-electronic-cigarette-1024x683.webp 1024w, https:\/\/euvapen.com\/wp-content\/uploads\/2025\/10\/man-vaping-electronic-cigarette-300x200.webp 300w, https:\/\/euvapen.com\/wp-content\/uploads\/2025\/10\/man-vaping-electronic-cigarette-768x512.webp 768w, https:\/\/euvapen.com\/wp-content\/uploads\/2025\/10\/man-vaping-electronic-cigarette-1536x1024.webp 1536w, https:\/\/euvapen.com\/wp-content\/uploads\/2025\/10\/man-vaping-electronic-cigarette-990x660.webp 990w, https:\/\/euvapen.com\/wp-content\/uploads\/2025\/10\/man-vaping-electronic-cigarette-441x294.webp 441w, https:\/\/euvapen.com\/wp-content\/uploads\/2025\/10\/man-vaping-electronic-cigarette-800x533.webp 800w, https:\/\/euvapen.com\/wp-content\/uploads\/2025\/10\/man-vaping-electronic-cigarette-150x100.webp 150w, https:\/\/euvapen.com\/wp-content\/uploads\/2025\/10\/man-vaping-electronic-cigarette.webp 1920w\" sizes=\"(max-width: 1024px) 100vw, 1024px\" \/>\t\t\t\t\t\t\t\t\t\t\t\t\t\t\t<\/div>\n\t\t\t\t\t<\/div>\n\t\t<\/div>\n\t\t\t\t\t<\/div>\n\t\t<\/section>\n\t\t\t\t<section class=\"elementor-section elementor-top-section elementor-element elementor-element-bb36c6f elementor-section-boxed elementor-section-height-default elementor-section-height-default\" data-id=\"bb36c6f\" data-element_type=\"section\">\n\t\t\t\t\t\t<div class=\"elementor-container elementor-column-gap-wider\">\n\t\t\t\t\t<div class=\"elementor-column elementor-col-50 elementor-top-column elementor-element elementor-element-2880450 elementor-invisible\" data-id=\"2880450\" data-element_type=\"column\" data-settings=\"{&quot;animation&quot;:&quot;fadeIn&quot;}\">\n\t\t\t<div class=\"elementor-widget-wrap elementor-element-populated\">\n\t\t\t\t\t\t<div class=\"elementor-element elementor-element-db9c3d4 animated-fast elementor-invisible elementor-widget elementor-widget-image\" data-id=\"db9c3d4\" data-element_type=\"widget\" data-settings=\"{&quot;_animation&quot;:&quot;fadeIn&quot;}\" data-widget_type=\"image.default\">\n\t\t\t\t\t\t\t\t\t\t\t\t\t\t\t<img decoding=\"async\" width=\"1024\" height=\"676\" src=\"https:\/\/euvapen.com\/wp-content\/uploads\/2025\/10\/beautiful-young-woman-inhaling-smoke-young-girl-vaping-1024x676.webp\" class=\"attachment-large size-large wp-image-7455\" alt=\"\" srcset=\"https:\/\/euvapen.com\/wp-content\/uploads\/2025\/10\/beautiful-young-woman-inhaling-smoke-young-girl-vaping-1024x676.webp 1024w, https:\/\/euvapen.com\/wp-content\/uploads\/2025\/10\/beautiful-young-woman-inhaling-smoke-young-girl-vaping-300x198.webp 300w, https:\/\/euvapen.com\/wp-content\/uploads\/2025\/10\/beautiful-young-woman-inhaling-smoke-young-girl-vaping-768x507.webp 768w, https:\/\/euvapen.com\/wp-content\/uploads\/2025\/10\/beautiful-young-woman-inhaling-smoke-young-girl-vaping-1536x1014.webp 1536w, https:\/\/euvapen.com\/wp-content\/uploads\/2025\/10\/beautiful-young-woman-inhaling-smoke-young-girl-vaping-990x653.webp 990w, https:\/\/euvapen.com\/wp-content\/uploads\/2025\/10\/beautiful-young-woman-inhaling-smoke-young-girl-vaping-441x291.webp 441w, https:\/\/euvapen.com\/wp-content\/uploads\/2025\/10\/beautiful-young-woman-inhaling-smoke-young-girl-vaping-800x528.webp 800w, https:\/\/euvapen.com\/wp-content\/uploads\/2025\/10\/beautiful-young-woman-inhaling-smoke-young-girl-vaping-150x99.webp 150w, https:\/\/euvapen.com\/wp-content\/uploads\/2025\/10\/beautiful-young-woman-inhaling-smoke-young-girl-vaping.webp 1920w\" sizes=\"(max-width: 1024px) 100vw, 1024px\" \/>\t\t\t\t\t\t\t\t\t\t\t\t\t\t\t<\/div>\n\t\t\t\t\t<\/div>\n\t\t<\/div>\n\t\t\t\t<div class=\"elementor-column elementor-col-50 elementor-top-column elementor-element elementor-element-7899afa elementor-invisible\" data-id=\"7899afa\" data-element_type=\"column\" data-settings=\"{&quot;animation&quot;:&quot;fadeIn&quot;,&quot;animation_delay&quot;:200}\">\n\t\t\t<div class=\"elementor-widget-wrap elementor-element-populated\">\n\t\t\t\t\t\t<div class=\"elementor-element elementor-element-af7dfd6 title-right elementor-widget elementor-widget-heading\" data-id=\"af7dfd6\" data-element_type=\"widget\" data-widget_type=\"heading.default\">\n\t\t\t\t\t<h2 class=\"elementor-heading-title elementor-size-default\">Ce que nous offrons<\/h2>\t\t\t\t<\/div>\n\t\t\t\t<div class=\"elementor-element elementor-element-04da751 elementor-widget elementor-widget-text-editor\" data-id=\"04da751\" data-element_type=\"widget\" data-widget_type=\"text-editor.default\">\n\t\t\t\t\t\t\t\t\t<ul><li data-start=\"648\" data-end=\"731\"><p data-start=\"650\" data-end=\"731\"><strong data-start=\"650\" data-end=\"679\">Vapes jetables de qualit\u00e9 sup\u00e9rieure :<\/strong> Des produits les plus populaires aux derni\u00e8res innovations.<\/p><\/li><li data-start=\"732\" data-end=\"813\"><p data-start=\"734\" data-end=\"813\"><strong data-start=\"734\" data-end=\"749\">Marques sup\u00e9rieures :<\/strong> Notamment Bang Vape, Waspe, RandM Tornado, ELF Box, et bien d'autres.<\/p><\/li><li data-start=\"814\" data-end=\"910\"><p data-start=\"816\" data-end=\"910\"><strong data-start=\"816\" data-end=\"837\">Solutions personnalis\u00e9es :<\/strong> Services ODM et OEM, y compris le marquage, l'emballage et les ar\u00f4mes uniques.<\/p><\/li><\/ul>\t\t\t\t\t\t\t\t<\/div>\n\t\t\t\t\t<\/div>\n\t\t<\/div>\n\t\t\t\t\t<\/div>\n\t\t<\/section>\n\t\t\t\t<section class=\"elementor-section elementor-top-section elementor-element elementor-element-338b57d elementor-section-boxed elementor-section-height-default elementor-section-height-default\" data-id=\"338b57d\" data-element_type=\"section\">\n\t\t\t\t\t\t<div class=\"elementor-container elementor-column-gap-wider\">\n\t\t\t\t\t<div class=\"elementor-column elementor-col-50 elementor-top-column elementor-element elementor-element-e30bac7 elementor-invisible\" data-id=\"e30bac7\" data-element_type=\"column\" data-settings=\"{&quot;animation&quot;:&quot;fadeIn&quot;}\">\n\t\t\t<div class=\"elementor-widget-wrap elementor-element-populated\">\n\t\t\t\t\t\t<div class=\"elementor-element elementor-element-f97861c title-left elementor-widget elementor-widget-heading\" data-id=\"f97861c\" data-element_type=\"widget\" data-widget_type=\"heading.default\">\n\t\t\t\t\t<h2 class=\"elementor-heading-title elementor-size-default\"><h3 data-start=\"912\" data-end=\"930\">Notre engagement<span style=\"font-size: 30px;letter-spacing: -0.5px\"><\/span><\/h3><\/h2>\t\t\t\t<\/div>\n\t\t\t\t<div class=\"elementor-element elementor-element-740daea elementor-widget elementor-widget-text-editor\" data-id=\"740daea\" data-element_type=\"widget\" data-widget_type=\"text-editor.default\">\n\t\t\t\t\t\t\t\t\t<ul><li data-start=\"931\" data-end=\"1037\"><p data-start=\"933\" data-end=\"1037\"><strong data-start=\"933\" data-end=\"951\">La qualit\u00e9 d'abord :<\/strong> Chaque produit est soumis \u00e0 des tests rigoureux pour garantir la s\u00e9curit\u00e9, la saveur et la fiabilit\u00e9.<\/p><\/li><li data-start=\"1038\" data-end=\"1149\"><p data-start=\"1040\" data-end=\"1149\"><strong data-start=\"1040\" data-end=\"1065\">Livraison rapide dans le monde entier :<\/strong> Entrep\u00f4ts europ\u00e9ens et internationaux avec exp\u00e9dition DDP pour une livraison sans probl\u00e8me.<\/p><\/li><li data-start=\"1150\" data-end=\"1250\"><p data-start=\"1152\" data-end=\"1250\"><strong data-start=\"1152\" data-end=\"1178\">Satisfaction des clients :<\/strong> Notre \u00e9quipe d'assistance d\u00e9di\u00e9e est toujours disponible par e-mail ou par WhatsApp.<\/p><\/li><li data-start=\"1251\" data-end=\"1350\"><p data-start=\"1253\" data-end=\"1350\"><strong data-start=\"1253\" data-end=\"1268\">L'innovation :<\/strong> D\u00e9veloppement constant de nouvelles technologies et de nouveaux ar\u00f4mes pour \u00eatre \u00e0 la pointe de l'industrie du vapotage.<\/p><\/li><\/ul>\t\t\t\t\t\t\t\t<\/div>\n\t\t\t\t\t<\/div>\n\t\t<\/div>\n\t\t\t\t<div class=\"elementor-column elementor-col-50 elementor-top-column elementor-element elementor-element-4938926 elementor-invisible\" data-id=\"4938926\" data-element_type=\"column\" data-settings=\"{&quot;animation&quot;:&quot;fadeIn&quot;,&quot;animation_delay&quot;:200}\">\n\t\t\t<div class=\"elementor-widget-wrap elementor-element-populated\">\n\t\t\t\t\t\t<div class=\"elementor-element elementor-element-af85d13 animated-fast elementor-invisible elementor-widget elementor-widget-image\" data-id=\"af85d13\" data-element_type=\"widget\" data-settings=\"{&quot;_animation&quot;:&quot;fadeIn&quot;}\" data-widget_type=\"image.default\">\n\t\t\t\t\t\t\t\t\t\t\t\t\t\t\t<img decoding=\"async\" width=\"1024\" height=\"683\" src=\"https:\/\/euvapen.com\/wp-content\/uploads\/2025\/10\/dripper-one-hand-making-cloud-fume-1024x683.webp\" class=\"attachment-large size-large wp-image-7456\" alt=\"\" srcset=\"https:\/\/euvapen.com\/wp-content\/uploads\/2025\/10\/dripper-one-hand-making-cloud-fume-1024x683.webp 1024w, https:\/\/euvapen.com\/wp-content\/uploads\/2025\/10\/dripper-one-hand-making-cloud-fume-300x200.webp 300w, https:\/\/euvapen.com\/wp-content\/uploads\/2025\/10\/dripper-one-hand-making-cloud-fume-768x512.webp 768w, https:\/\/euvapen.com\/wp-content\/uploads\/2025\/10\/dripper-one-hand-making-cloud-fume-1536x1024.webp 1536w, https:\/\/euvapen.com\/wp-content\/uploads\/2025\/10\/dripper-one-hand-making-cloud-fume-990x660.webp 990w, https:\/\/euvapen.com\/wp-content\/uploads\/2025\/10\/dripper-one-hand-making-cloud-fume-441x294.webp 441w, https:\/\/euvapen.com\/wp-content\/uploads\/2025\/10\/dripper-one-hand-making-cloud-fume-800x533.webp 800w, https:\/\/euvapen.com\/wp-content\/uploads\/2025\/10\/dripper-one-hand-making-cloud-fume-150x100.webp 150w, https:\/\/euvapen.com\/wp-content\/uploads\/2025\/10\/dripper-one-hand-making-cloud-fume.webp 1920w\" sizes=\"(max-width: 1024px) 100vw, 1024px\" \/>\t\t\t\t\t\t\t\t\t\t\t\t\t\t\t<\/div>\n\t\t\t\t\t<\/div>\n\t\t<\/div>\n\t\t\t\t\t<\/div>\n\t\t<\/section>\n\t\t\t\t<section class=\"elementor-section elementor-top-section elementor-element elementor-element-487b9a9 elementor-section-boxed elementor-section-height-default elementor-section-height-default\" data-id=\"487b9a9\" data-element_type=\"section\">\n\t\t\t\t\t\t<div class=\"elementor-container elementor-column-gap-wider\">\n\t\t\t\t\t<div class=\"elementor-column elementor-col-100 elementor-top-column elementor-element elementor-element-67c6a38 elementor-invisible\" data-id=\"67c6a38\" data-element_type=\"column\" data-settings=\"{&quot;animation&quot;:&quot;fadeIn&quot;,&quot;animation_delay&quot;:200}\">\n\t\t\t<div class=\"elementor-widget-wrap elementor-element-populated\">\n\t\t\t\t\t\t<div class=\"elementor-element elementor-element-60bfd1d elementor-widget elementor-widget-text-editor\" data-id=\"60bfd1d\" data-element_type=\"widget\" data-widget_type=\"text-editor.default\">\n\t\t\t\t\t\t\t\t\t<p data-start=\"650\" data-end=\"731\">Chez BestPuffVape, nous visons \u00e0 <strong data-start=\"1379\" data-end=\"1433\">rendre le vapotage agr\u00e9able, accessible et digne de confiance<\/strong>. Que vous soyez un d\u00e9taillant, un grossiste ou un client individuel, nous nous engageons \u00e0 vous fournir les meilleurs produits et services du march\u00e9.<\/p>\t\t\t\t\t\t\t\t<\/div>\n\t\t\t\t\t<\/div>\n\t\t<\/div>\n\t\t\t\t\t<\/div>\n\t\t<\/section>\n\t\t\t\t<\/div>","protected":false},"excerpt":{"rendered":"<p>About us Welcome to BestPuffVape, your trusted source for high-quality disposable vapes and e-cigarettes. With over 10 years of experience in the vaping industry, we specialize in the design, manufacturing, and global distribution of innovative vaping products. Our Mission Our mission is to deliver premium, reliable, and safe vaping experiences to customers worldwide. We combine [&hellip;]<\/p>","protected":false},"author":1,"featured_media":0,"parent":0,"menu_order":0,"comment_status":"closed","ping_status":"closed","template":"template-fullwidth-no-heading.php","meta":{"_acf_changed":false,"footnotes":""},"class_list":["post-1004","page","type-page","status-publish","hentry"],"acf":[],"yoast_head":"<!-- This site is optimized with the Yoast SEO Premium plugin v26.3 (Yoast SEO v26.3) - https:\/\/yoast.com\/wordpress\/plugins\/seo\/ -->\n<title>About<\/title>\n<meta name=\"robots\" content=\"index, follow, max-snippet:-1, max-image-preview:large, max-video-preview:-1\" \/>\n<link rel=\"canonical\" href=\"https:\/\/euvapen.com\/fr\/about\/\" \/>\n<meta property=\"og:locale\" content=\"fr_FR\" \/>\n<meta property=\"og:type\" content=\"article\" \/>\n<meta property=\"og:title\" content=\"About\" \/>\n<meta property=\"og:description\" content=\"About us Welcome to BestPuffVape, your trusted source for high-quality disposable vapes and e-cigarettes. With over 10 years of experience in the vaping industry, we specialize in the design, manufacturing, and global distribution of innovative vaping products. Our Mission Our mission is to deliver premium, reliable, and safe vaping experiences to customers worldwide. We combine [&hellip;]\" \/>\n<meta property=\"og:url\" content=\"https:\/\/euvapen.com\/fr\/about\/\" \/>\n<meta property=\"og:site_name\" content=\"EuVapen\" \/>\n<meta property=\"article:modified_time\" content=\"2025-10-10T10:24:10+00:00\" \/>\n<meta property=\"og:image\" content=\"https:\/\/euvapen.com\/wp-content\/uploads\/2025\/10\/man-vaping-electronic-cigarette-1024x683.webp\" \/>\n<meta name=\"twitter:card\" content=\"summary_large_image\" \/>\n<meta name=\"twitter:label1\" content=\"Dur\u00e9e de lecture estim\u00e9e\" \/>\n\t<meta name=\"twitter:data1\" content=\"1 minute\" \/>\n<script type=\"application\/ld+json\" class=\"yoast-schema-graph\">{\"@context\":\"https:\/\/schema.org\",\"@graph\":[{\"@type\":\"WebPage\",\"@id\":\"https:\/\/euvapen.com\/about\/\",\"url\":\"https:\/\/euvapen.com\/about\/\",\"name\":\"About\",\"isPartOf\":{\"@id\":\"https:\/\/euvapen.com\/#website\"},\"primaryImageOfPage\":{\"@id\":\"https:\/\/euvapen.com\/about\/#primaryimage\"},\"image\":{\"@id\":\"https:\/\/euvapen.com\/about\/#primaryimage\"},\"thumbnailUrl\":\"https:\/\/euvapen.com\/wp-content\/uploads\/2025\/10\/man-vaping-electronic-cigarette-1024x683.webp\",\"datePublished\":\"2020-10-09T13:39:05+00:00\",\"dateModified\":\"2025-10-10T10:24:10+00:00\",\"breadcrumb\":{\"@id\":\"https:\/\/euvapen.com\/about\/#breadcrumb\"},\"inLanguage\":\"fr-FR\",\"potentialAction\":[{\"@type\":\"ReadAction\",\"target\":[\"https:\/\/euvapen.com\/about\/\"]}]},{\"@type\":\"ImageObject\",\"inLanguage\":\"fr-FR\",\"@id\":\"https:\/\/euvapen.com\/about\/#primaryimage\",\"url\":\"https:\/\/euvapen.com\/wp-content\/uploads\/2025\/10\/man-vaping-electronic-cigarette-1024x683.webp\",\"contentUrl\":\"https:\/\/euvapen.com\/wp-content\/uploads\/2025\/10\/man-vaping-electronic-cigarette-1024x683.webp\"},{\"@type\":\"BreadcrumbList\",\"@id\":\"https:\/\/euvapen.com\/about\/#breadcrumb\",\"itemListElement\":[{\"@type\":\"ListItem\",\"position\":1,\"name\":\"Home\",\"item\":\"https:\/\/euvapen.com\/\"},{\"@type\":\"ListItem\",\"position\":2,\"name\":\"About\"}]},{\"@type\":\"WebSite\",\"@id\":\"https:\/\/euvapen.com\/#website\",\"url\":\"https:\/\/euvapen.com\/\",\"name\":\"bestpuffvape\",\"description\":\"\",\"publisher\":{\"@id\":\"https:\/\/euvapen.com\/#organization\"},\"potentialAction\":[{\"@type\":\"SearchAction\",\"target\":{\"@type\":\"EntryPoint\",\"urlTemplate\":\"https:\/\/euvapen.com\/?s={search_term_string}\"},\"query-input\":{\"@type\":\"PropertyValueSpecification\",\"valueRequired\":true,\"valueName\":\"search_term_string\"}}],\"inLanguage\":\"fr-FR\"},{\"@type\":[\"Organization\",\"Place\"],\"@id\":\"https:\/\/euvapen.com\/#organization\",\"name\":\"bestpuffvape\",\"alternateName\":\"bestpuffvape\",\"url\":\"https:\/\/euvapen.com\/\",\"logo\":{\"@id\":\"https:\/\/euvapen.com\/about\/#local-main-organization-logo\"},\"image\":{\"@id\":\"https:\/\/euvapen.com\/about\/#local-main-organization-logo\"},\"telephone\":[],\"openingHoursSpecification\":[{\"@type\":\"OpeningHoursSpecification\",\"dayOfWeek\":[\"Monday\",\"Tuesday\",\"Wednesday\",\"Thursday\",\"Friday\",\"Saturday\",\"Sunday\"],\"opens\":\"00:00\",\"closes\":\"23:59\"}]},{\"@type\":\"ImageObject\",\"inLanguage\":\"fr-FR\",\"@id\":\"https:\/\/euvapen.com\/about\/#local-main-organization-logo\",\"url\":\"https:\/\/euvapen.com\/wp-content\/uploads\/2025\/10\/cropped-puffvape-logo.png\",\"contentUrl\":\"https:\/\/euvapen.com\/wp-content\/uploads\/2025\/10\/cropped-puffvape-logo.png\",\"width\":512,\"height\":512,\"caption\":\"bestpuffvape\"}]}<\/script>\n<!-- \/ Yoast SEO Premium plugin. -->","yoast_head_json":{"title":"A propos de","robots":{"index":"index","follow":"follow","max-snippet":"max-snippet:-1","max-image-preview":"max-image-preview:large","max-video-preview":"max-video-preview:-1"},"canonical":"https:\/\/euvapen.com\/fr\/about\/","og_locale":"fr_FR","og_type":"article","og_title":"About","og_description":"About us Welcome to BestPuffVape, your trusted source for high-quality disposable vapes and e-cigarettes. With over 10 years of experience in the vaping industry, we specialize in the design, manufacturing, and global distribution of innovative vaping products. Our Mission Our mission is to deliver premium, reliable, and safe vaping experiences to customers worldwide. We combine [&hellip;]","og_url":"https:\/\/euvapen.com\/fr\/about\/","og_site_name":"EuVapen","article_modified_time":"2025-10-10T10:24:10+00:00","og_image":[{"url":"https:\/\/euvapen.com\/wp-content\/uploads\/2025\/10\/man-vaping-electronic-cigarette-1024x683.webp","type":"","width":"","height":""}],"twitter_card":"summary_large_image","twitter_misc":{"Dur\u00e9e de lecture estim\u00e9e":"1 minute"},"schema":{"@context":"https:\/\/schema.org","@graph":[{"@type":"WebPage","@id":"https:\/\/euvapen.com\/about\/","url":"https:\/\/euvapen.com\/about\/","name":"A propos de","isPartOf":{"@id":"https:\/\/euvapen.com\/#website"},"primaryImageOfPage":{"@id":"https:\/\/euvapen.com\/about\/#primaryimage"},"image":{"@id":"https:\/\/euvapen.com\/about\/#primaryimage"},"thumbnailUrl":"https:\/\/euvapen.com\/wp-content\/uploads\/2025\/10\/man-vaping-electronic-cigarette-1024x683.webp","datePublished":"2020-10-09T13:39:05+00:00","dateModified":"2025-10-10T10:24:10+00:00","breadcrumb":{"@id":"https:\/\/euvapen.com\/about\/#breadcrumb"},"inLanguage":"fr-FR","potentialAction":[{"@type":"ReadAction","target":["https:\/\/euvapen.com\/about\/"]}]},{"@type":"ImageObject","inLanguage":"fr-FR","@id":"https:\/\/euvapen.com\/about\/#primaryimage","url":"https:\/\/euvapen.com\/wp-content\/uploads\/2025\/10\/man-vaping-electronic-cigarette-1024x683.webp","contentUrl":"https:\/\/euvapen.com\/wp-content\/uploads\/2025\/10\/man-vaping-electronic-cigarette-1024x683.webp"},{"@type":"BreadcrumbList","@id":"https:\/\/euvapen.com\/about\/#breadcrumb","itemListElement":[{"@type":"ListItem","position":1,"name":"Home","item":"https:\/\/euvapen.com\/"},{"@type":"ListItem","position":2,"name":"About"}]},{"@type":"WebSite","@id":"https:\/\/euvapen.com\/#website","url":"https:\/\/euvapen.com\/","name":"bestpuffvape","description":"","publisher":{"@id":"https:\/\/euvapen.com\/#organization"},"potentialAction":[{"@type":"SearchAction","target":{"@type":"EntryPoint","urlTemplate":"https:\/\/euvapen.com\/?s={search_term_string}"},"query-input":{"@type":"PropertyValueSpecification","valueRequired":true,"valueName":"search_term_string"}}],"inLanguage":"fr-FR"},{"@type":["Organization","Place"],"@id":"https:\/\/euvapen.com\/#organization","name":"bestpuffvape","alternateName":"bestpuffvape","url":"https:\/\/euvapen.com\/","logo":{"@id":"https:\/\/euvapen.com\/about\/#local-main-organization-logo"},"image":{"@id":"https:\/\/euvapen.com\/about\/#local-main-organization-logo"},"telephone":[],"openingHoursSpecification":[{"@type":"OpeningHoursSpecification","dayOfWeek":["Monday","Tuesday","Wednesday","Thursday","Friday","Saturday","Sunday"],"opens":"00:00","closes":"23:59"}]},{"@type":"ImageObject","inLanguage":"fr-FR","@id":"https:\/\/euvapen.com\/about\/#local-main-organization-logo","url":"https:\/\/euvapen.com\/wp-content\/uploads\/2025\/10\/cropped-puffvape-logo.png","contentUrl":"https:\/\/euvapen.com\/wp-content\/uploads\/2025\/10\/cropped-puffvape-logo.png","width":512,"height":512,"caption":"bestpuffvape"}]}},"_links":{"self":[{"href":"https:\/\/euvapen.com\/fr\/wp-json\/wp\/v2\/pages\/1004","targetHints":{"allow":["GET"]}}],"collection":[{"href":"https:\/\/euvapen.com\/fr\/wp-json\/wp\/v2\/pages"}],"about":[{"href":"https:\/\/euvapen.com\/fr\/wp-json\/wp\/v2\/types\/page"}],"author":[{"embeddable":true,"href":"https:\/\/euvapen.com\/fr\/wp-json\/wp\/v2\/users\/1"}],"replies":[{"embeddable":true,"href":"https:\/\/euvapen.com\/fr\/wp-json\/wp\/v2\/comments?post=1004"}],"version-history":[{"count":0,"href":"https:\/\/euvapen.com\/fr\/wp-json\/wp\/v2\/pages\/1004\/revisions"}],"wp:attachment":[{"href":"https:\/\/euvapen.com\/fr\/wp-json\/wp\/v2\/media?parent=1004"}],"curies":[{"name":"wp","href":"https:\/\/api.w.org\/{rel}","templated":true}]}}