{"id":7462,"date":"2025-10-10T10:30:16","date_gmt":"2025-10-10T10:30:16","guid":{"rendered":"https:\/\/euvapen.com\/?page_id=7462"},"modified":"2026-04-08T10:50:22","modified_gmt":"2026-04-08T10:50:22","slug":"shipping-and-tracking","status":"publish","type":"page","link":"https:\/\/euvapen.com\/fr\/shipping-and-tracking\/","title":{"rendered":"Exp\u00e9dition et suivi"},"content":{"rendered":"<p><\/p>\n\n\n\n<p>Au <strong>EuvaPenVape<\/strong>, Nous veillons \u00e0 ce que vos commandes soient exp\u00e9di\u00e9es rapidement et de mani\u00e8re fiable.<\/p>\n\n\n\n<p><strong>Options d'exp\u00e9dition :<\/strong><\/p>\n\n\n\n<ul class=\"wp-block-list\">\n<li><strong>Entrep\u00f4t europ\u00e9en :<\/strong> 1-3 jours ouvrables<\/li>\n\n\n\n<li><strong>Entrep\u00f4t de Chine :<\/strong> 10-15 jours ouvrables<\/li>\n\n\n\n<li><strong>Livraison mondiale :<\/strong> Nous exp\u00e9dions dans le monde entier sans frais de port et sans droits de douane pour les pays soutenus, y compris les \u00c9tats-Unis, le Royaume-Uni, l'Allemagne, la France, l'Italie, l'Espagne, les Pays-Bas, la Suisse, la Su\u00e8de, la Pologne, la Belgique, l'Autriche, l'Irlande, la Finlande, le Portugal et la Hongrie.<\/li>\n<\/ul>\n\n\n\n<p><strong>DDP (Delivered Duty Paid) Exp\u00e9dition :<\/strong><br>Avec l'exp\u00e9dition DDP, nous nous chargeons de tous les d\u00e9douanements, droits et taxes. Vous recevez votre colis en toute tranquillit\u00e9, sans frais cach\u00e9s.<\/p>\n\n\n\n<p><strong>Suivi de la commande :<\/strong><br>Une fois votre commande exp\u00e9di\u00e9e, vous recevrez un num\u00e9ro de suivi par courrier \u00e9lectronique ou sur la page de votre compte. Utilisez ce num\u00e9ro pour suivre votre colis en temps r\u00e9el jusqu'\u00e0 ce qu'il arrive \u00e0 votre porte.<\/p>\n\n\n\n<p><strong>Remarques importantes :<\/strong><\/p>\n\n\n\n<ul class=\"wp-block-list\">\n<li>Les commandes provenant de l'ext\u00e9rieur de l'Europe seront exp\u00e9di\u00e9es \u00e0 partir de notre entrep\u00f4t de Shenzhen, en Chine.<\/li>\n\n\n\n<li>Les d\u00e9lais d'exp\u00e9dition peuvent varier l\u00e9g\u00e8rement en fonction des conditions douani\u00e8res et logistiques locales.<\/li>\n<\/ul>","protected":false},"excerpt":{"rendered":"<p>At EuvaPenVape, we ensure your orders are shipped quickly and reliably. Shipping Options: DDP (Delivered Duty Paid) Shipping:With DDP shipping, all customs clearance, duties, and taxes are handled by us. You receive your package hassle-free, with no hidden costs. Order Tracking:Once your order is shipped, you will receive a tracking number via email or your [&hellip;]<\/p>","protected":false},"author":1,"featured_media":0,"parent":0,"menu_order":0,"comment_status":"closed","ping_status":"closed","template":"","meta":{"_acf_changed":false,"footnotes":""},"class_list":["post-7462","page","type-page","status-publish","hentry"],"acf":[],"yoast_head":"<!-- This site is optimized with the Yoast SEO Premium plugin v26.3 (Yoast SEO v26.3) - https:\/\/yoast.com\/wordpress\/plugins\/seo\/ -->\n<title>Shipping and Tracking - EuVapen<\/title>\n<meta name=\"robots\" content=\"index, follow, max-snippet:-1, max-image-preview:large, max-video-preview:-1\" \/>\n<link rel=\"canonical\" href=\"https:\/\/euvapen.com\/fr\/shipping-and-tracking\/\" \/>\n<meta property=\"og:locale\" content=\"fr_FR\" \/>\n<meta property=\"og:type\" content=\"article\" \/>\n<meta property=\"og:title\" content=\"Shipping and Tracking\" \/>\n<meta property=\"og:description\" content=\"At EuvaPenVape, we ensure your orders are shipped quickly and reliably. Shipping Options: DDP (Delivered Duty Paid) Shipping:With DDP shipping, all customs clearance, duties, and taxes are handled by us. You receive your package hassle-free, with no hidden costs. Order Tracking:Once your order is shipped, you will receive a tracking number via email or your [&hellip;]\" \/>\n<meta property=\"og:url\" content=\"https:\/\/euvapen.com\/fr\/shipping-and-tracking\/\" \/>\n<meta property=\"og:site_name\" content=\"EuVapen\" \/>\n<meta property=\"article:modified_time\" content=\"2026-04-08T10:50:22+00:00\" \/>\n<meta name=\"twitter:card\" content=\"summary_large_image\" \/>\n<meta name=\"twitter:label1\" content=\"Dur\u00e9e de lecture estim\u00e9e\" \/>\n\t<meta name=\"twitter:data1\" content=\"1 minute\" \/>\n<script type=\"application\/ld+json\" class=\"yoast-schema-graph\">{\"@context\":\"https:\/\/schema.org\",\"@graph\":[{\"@type\":\"WebPage\",\"@id\":\"https:\/\/euvapen.com\/shipping-and-tracking\/\",\"url\":\"https:\/\/euvapen.com\/shipping-and-tracking\/\",\"name\":\"Shipping and Tracking - EuVapen\",\"isPartOf\":{\"@id\":\"https:\/\/euvapen.com\/#website\"},\"datePublished\":\"2025-10-10T10:30:16+00:00\",\"dateModified\":\"2026-04-08T10:50:22+00:00\",\"breadcrumb\":{\"@id\":\"https:\/\/euvapen.com\/shipping-and-tracking\/#breadcrumb\"},\"inLanguage\":\"fr-FR\",\"potentialAction\":[{\"@type\":\"ReadAction\",\"target\":[\"https:\/\/euvapen.com\/shipping-and-tracking\/\"]}]},{\"@type\":\"BreadcrumbList\",\"@id\":\"https:\/\/euvapen.com\/shipping-and-tracking\/#breadcrumb\",\"itemListElement\":[{\"@type\":\"ListItem\",\"position\":1,\"name\":\"Home\",\"item\":\"https:\/\/euvapen.com\/\"},{\"@type\":\"ListItem\",\"position\":2,\"name\":\"Shipping and Tracking\"}]},{\"@type\":\"WebSite\",\"@id\":\"https:\/\/euvapen.com\/#website\",\"url\":\"https:\/\/euvapen.com\/\",\"name\":\"bestpuffvape\",\"description\":\"\",\"publisher\":{\"@id\":\"https:\/\/euvapen.com\/#organization\"},\"potentialAction\":[{\"@type\":\"SearchAction\",\"target\":{\"@type\":\"EntryPoint\",\"urlTemplate\":\"https:\/\/euvapen.com\/?s={search_term_string}\"},\"query-input\":{\"@type\":\"PropertyValueSpecification\",\"valueRequired\":true,\"valueName\":\"search_term_string\"}}],\"inLanguage\":\"fr-FR\"},{\"@type\":[\"Organization\",\"Place\"],\"@id\":\"https:\/\/euvapen.com\/#organization\",\"name\":\"bestpuffvape\",\"alternateName\":\"bestpuffvape\",\"url\":\"https:\/\/euvapen.com\/\",\"logo\":{\"@id\":\"https:\/\/euvapen.com\/shipping-and-tracking\/#local-main-organization-logo\"},\"image\":{\"@id\":\"https:\/\/euvapen.com\/shipping-and-tracking\/#local-main-organization-logo\"},\"telephone\":[],\"openingHoursSpecification\":[{\"@type\":\"OpeningHoursSpecification\",\"dayOfWeek\":[\"Monday\",\"Tuesday\",\"Wednesday\",\"Thursday\",\"Friday\",\"Saturday\",\"Sunday\"],\"opens\":\"00:00\",\"closes\":\"23:59\"}]},{\"@type\":\"ImageObject\",\"inLanguage\":\"fr-FR\",\"@id\":\"https:\/\/euvapen.com\/shipping-and-tracking\/#local-main-organization-logo\",\"url\":\"https:\/\/euvapen.com\/wp-content\/uploads\/2025\/10\/cropped-puffvape-logo.png\",\"contentUrl\":\"https:\/\/euvapen.com\/wp-content\/uploads\/2025\/10\/cropped-puffvape-logo.png\",\"width\":512,\"height\":512,\"caption\":\"bestpuffvape\"}]}<\/script>\n<!-- \/ Yoast SEO Premium plugin. -->","yoast_head_json":{"title":"Shipping and Tracking - EuVapen","robots":{"index":"index","follow":"follow","max-snippet":"max-snippet:-1","max-image-preview":"max-image-preview:large","max-video-preview":"max-video-preview:-1"},"canonical":"https:\/\/euvapen.com\/fr\/shipping-and-tracking\/","og_locale":"fr_FR","og_type":"article","og_title":"Shipping and Tracking","og_description":"At EuvaPenVape, we ensure your orders are shipped quickly and reliably. Shipping Options: DDP (Delivered Duty Paid) Shipping:With DDP shipping, all customs clearance, duties, and taxes are handled by us. You receive your package hassle-free, with no hidden costs. Order Tracking:Once your order is shipped, you will receive a tracking number via email or your [&hellip;]","og_url":"https:\/\/euvapen.com\/fr\/shipping-and-tracking\/","og_site_name":"EuVapen","article_modified_time":"2026-04-08T10:50:22+00:00","twitter_card":"summary_large_image","twitter_misc":{"Dur\u00e9e de lecture estim\u00e9e":"1 minute"},"schema":{"@context":"https:\/\/schema.org","@graph":[{"@type":"WebPage","@id":"https:\/\/euvapen.com\/shipping-and-tracking\/","url":"https:\/\/euvapen.com\/shipping-and-tracking\/","name":"Shipping and Tracking - EuVapen","isPartOf":{"@id":"https:\/\/euvapen.com\/#website"},"datePublished":"2025-10-10T10:30:16+00:00","dateModified":"2026-04-08T10:50:22+00:00","breadcrumb":{"@id":"https:\/\/euvapen.com\/shipping-and-tracking\/#breadcrumb"},"inLanguage":"fr-FR","potentialAction":[{"@type":"ReadAction","target":["https:\/\/euvapen.com\/shipping-and-tracking\/"]}]},{"@type":"BreadcrumbList","@id":"https:\/\/euvapen.com\/shipping-and-tracking\/#breadcrumb","itemListElement":[{"@type":"ListItem","position":1,"name":"Home","item":"https:\/\/euvapen.com\/"},{"@type":"ListItem","position":2,"name":"Shipping and Tracking"}]},{"@type":"WebSite","@id":"https:\/\/euvapen.com\/#website","url":"https:\/\/euvapen.com\/","name":"bestpuffvape","description":"","publisher":{"@id":"https:\/\/euvapen.com\/#organization"},"potentialAction":[{"@type":"SearchAction","target":{"@type":"EntryPoint","urlTemplate":"https:\/\/euvapen.com\/?s={search_term_string}"},"query-input":{"@type":"PropertyValueSpecification","valueRequired":true,"valueName":"search_term_string"}}],"inLanguage":"fr-FR"},{"@type":["Organization","Place"],"@id":"https:\/\/euvapen.com\/#organization","name":"bestpuffvape","alternateName":"bestpuffvape","url":"https:\/\/euvapen.com\/","logo":{"@id":"https:\/\/euvapen.com\/shipping-and-tracking\/#local-main-organization-logo"},"image":{"@id":"https:\/\/euvapen.com\/shipping-and-tracking\/#local-main-organization-logo"},"telephone":[],"openingHoursSpecification":[{"@type":"OpeningHoursSpecification","dayOfWeek":["Monday","Tuesday","Wednesday","Thursday","Friday","Saturday","Sunday"],"opens":"00:00","closes":"23:59"}]},{"@type":"ImageObject","inLanguage":"fr-FR","@id":"https:\/\/euvapen.com\/shipping-and-tracking\/#local-main-organization-logo","url":"https:\/\/euvapen.com\/wp-content\/uploads\/2025\/10\/cropped-puffvape-logo.png","contentUrl":"https:\/\/euvapen.com\/wp-content\/uploads\/2025\/10\/cropped-puffvape-logo.png","width":512,"height":512,"caption":"bestpuffvape"}]}},"_links":{"self":[{"href":"https:\/\/euvapen.com\/fr\/wp-json\/wp\/v2\/pages\/7462","targetHints":{"allow":["GET"]}}],"collection":[{"href":"https:\/\/euvapen.com\/fr\/wp-json\/wp\/v2\/pages"}],"about":[{"href":"https:\/\/euvapen.com\/fr\/wp-json\/wp\/v2\/types\/page"}],"author":[{"embeddable":true,"href":"https:\/\/euvapen.com\/fr\/wp-json\/wp\/v2\/users\/1"}],"replies":[{"embeddable":true,"href":"https:\/\/euvapen.com\/fr\/wp-json\/wp\/v2\/comments?post=7462"}],"version-history":[{"count":1,"href":"https:\/\/euvapen.com\/fr\/wp-json\/wp\/v2\/pages\/7462\/revisions"}],"predecessor-version":[{"id":25141,"href":"https:\/\/euvapen.com\/fr\/wp-json\/wp\/v2\/pages\/7462\/revisions\/25141"}],"wp:attachment":[{"href":"https:\/\/euvapen.com\/fr\/wp-json\/wp\/v2\/media?parent=7462"}],"curies":[{"name":"wp","href":"https:\/\/api.w.org\/{rel}","templated":true}]}}