{"id":15351,"date":"2025-11-07T08:45:36","date_gmt":"2025-11-07T08:45:36","guid":{"rendered":"https:\/\/euvapen.com\/?post_type=product&#038;p=15351"},"modified":"2025-11-19T06:45:33","modified_gmt":"2025-11-19T06:45:33","slug":"hifancy-dream-45000-puffs-jetable-vape","status":"publish","type":"product","link":"https:\/\/euvapen.com\/fr\/produit\/hifancy-dream-45000-puffs-jetable-vape\/","title":{"rendered":"Hifancy Dream 45000 Puffs - Vape jetable"},"content":{"rendered":"<h1 data-start=\"248\" data-end=\"318\">Hifancy Dream 45000 - Vapeur \u00e0 long cycle 45k avec recharge rapide Type-C<\/h1>\n<p data-start=\"320\" data-end=\"673\">Les <strong data-start=\"324\" data-end=\"347\">Hifancy Dream 45000<\/strong> La solution de gestion de l'alimentation \u00e9lectrique Type-C permet d'obtenir des performances soutenues dans les environnements de travail les plus exigeants, gr\u00e2ce \u00e0 un r\u00e9servoir de grande capacit\u00e9, une plateforme de bobines maill\u00e9es et une gestion de l'alimentation \u00e9lectrique Type-C rapide. <strong data-start=\"483\" data-end=\"501\">45k puffs vape<\/strong> classe. En tant que fleuron <strong data-start=\"523\" data-end=\"535\">45k vape<\/strong> \u00e0 l'int\u00e9rieur de la ligne, <strong data-start=\"553\" data-end=\"570\">hifancy 45000<\/strong> cible la stabilit\u00e9 des ar\u00f4mes et un fonctionnement quotidien pr\u00e9visible pour les utilisateurs qui ont besoin d'une dur\u00e9e de fonctionnement prolong\u00e9e.<\/p>\n<h2 data-start=\"675\" data-end=\"696\">Principales sp\u00e9cifications du Hifancy Dream 45000<\/h2>\n<ul data-start=\"697\" data-end=\"1154\">\n<li data-start=\"697\" data-end=\"804\">\n<p data-start=\"699\" data-end=\"804\"><strong data-start=\"699\" data-end=\"715\">Taux de bouff\u00e9e :<\/strong> jusqu'\u00e0 <strong data-start=\"722\" data-end=\"732\">45,000<\/strong> (en fonction de l'utilisation) - cr\u00e9dible <strong data-start=\"762\" data-end=\"792\">45000 puff disposable vape<\/strong> rep\u00e8re<\/p>\n<\/li>\n<li data-start=\"805\" data-end=\"859\">\n<p data-start=\"807\" data-end=\"859\"><strong data-start=\"807\" data-end=\"820\">E-liquide :<\/strong> <strong data-start=\"821\" data-end=\"830\">35 ml<\/strong> pr\u00e9-rempli (non rechargeable)<\/p>\n<\/li>\n<li data-start=\"860\" data-end=\"933\">\n<p data-start=\"862\" data-end=\"933\"><strong data-start=\"862\" data-end=\"874\">Batterie :<\/strong> <strong data-start=\"875\" data-end=\"886\">650 mAh<\/strong>; recharge rapide Type-C (~20 minutes, typique)<\/p>\n<\/li>\n<li data-start=\"934\" data-end=\"1016\">\n<p data-start=\"936\" data-end=\"1016\"><strong data-start=\"936\" data-end=\"948\">Le chauffage :<\/strong> bobine \u00e0 mailles pour une atomisation uniforme et une diffusion constante des ar\u00f4mes<\/p>\n<\/li>\n<li data-start=\"1017\" data-end=\"1096\">\n<p data-start=\"1019\" data-end=\"1096\"><strong data-start=\"1019\" data-end=\"1042\">Teneur en nicotine :<\/strong> <strong data-start=\"1043\" data-end=\"1059\">2% \/ 3% \/ 5%<\/strong> (disponibilit\u00e9 par r\u00e9gion et par lot)<\/p>\n<\/li>\n<li data-start=\"1097\" data-end=\"1154\">\n<p data-start=\"1099\" data-end=\"1154\"><strong data-start=\"1099\" data-end=\"1110\">Format :<\/strong> scell\u00e9e, activ\u00e9e par tirage au sort, sortie non variable<\/p>\n<\/li>\n<\/ul>\n<h2 data-start=\"1156\" data-end=\"1182\">Performance et endurance<\/h2>\n<ul data-start=\"1183\" data-end=\"1515\">\n<li data-start=\"1183\" data-end=\"1297\">\n<p data-start=\"1185\" data-end=\"1297\"><strong data-start=\"1185\" data-end=\"1206\">Coh\u00e9rence des mailles :<\/strong> La r\u00e9partition uniforme de la chaleur r\u00e9duit les coups secs et pr\u00e9serve l'intensit\u00e9 du premier au dernier tirage.<\/p>\n<\/li>\n<li data-start=\"1298\" data-end=\"1412\">\n<p data-start=\"1300\" data-end=\"1412\"><strong data-start=\"1300\" data-end=\"1322\">Utilisation de l'\u00e9nergie :<\/strong> La rapidit\u00e9 d'ex\u00e9cution du Type-C permet d'utiliser pleinement le r\u00e9servoir de 35 ml avec un temps d'arr\u00eat minimal.<\/p>\n<\/li>\n<li data-start=\"1413\" data-end=\"1515\">\n<p data-start=\"1415\" data-end=\"1515\"><strong data-start=\"1415\" data-end=\"1443\">Fiabilit\u00e9 op\u00e9rationnelle :<\/strong> ch\u00e2ssis compact con\u00e7u pour une production stable tout au long du cycle de vie.<\/p>\n<\/li>\n<\/ul>\n<h2 data-start=\"1517\" data-end=\"1548\">Catalogue d'ar\u00f4mes Hifancy Dream 45000 (s\u00e9lection)<\/h2>\n<ul data-start=\"1549\" data-end=\"2107\">\n<li data-start=\"1549\" data-end=\"1594\">\n<p data-start=\"1551\" data-end=\"1594\"><strong data-start=\"1551\" data-end=\"1569\">Glace \u00e0 la past\u00e8que<\/strong> - finition propre et rafra\u00eechie<\/p>\n<\/li>\n<li data-start=\"1595\" data-end=\"1666\">\n<p data-start=\"1597\" data-end=\"1666\"><strong data-start=\"1597\" data-end=\"1613\">R\u00eave d'\u00e9t\u00e9<\/strong> - raisin, orange, citron avec un accent \u00e9nerg\u00e9tique<\/p>\n<\/li>\n<li data-start=\"1667\" data-end=\"1716\">\n<p data-start=\"1669\" data-end=\"1716\"><strong data-start=\"1669\" data-end=\"1681\">Cola Ice<\/strong> - cola classique avec menthol<\/p>\n<\/li>\n<li data-start=\"1717\" data-end=\"1770\">\n<p data-start=\"1719\" data-end=\"1770\"><strong data-start=\"1719\" data-end=\"1736\">Glace Blue Razz<\/strong> - framboise bleue acidul\u00e9e, r\u00e9frig\u00e9r\u00e9e<\/p>\n<\/li>\n<li data-start=\"1771\" data-end=\"1833\">\n<p data-start=\"1773\" data-end=\"1833\"><strong data-start=\"1773\" data-end=\"1794\">Fraise et banane<\/strong> - fraise m\u00fbre et banane cr\u00e9meuse<\/p>\n<\/li>\n<li data-start=\"1834\" data-end=\"1892\">\n<p data-start=\"1836\" data-end=\"1892\"><strong data-start=\"1836\" data-end=\"1854\">Glace \u00e0 la fraise<\/strong> - fraise brillante, exhalaison givr\u00e9e<\/p>\n<\/li>\n<li data-start=\"1893\" data-end=\"1946\">\n<p data-start=\"1895\" data-end=\"1946\"><strong data-start=\"1895\" data-end=\"1921\">P\u00eache Mangue Past\u00e8que<\/strong> - triade tropicale juteuse<\/p>\n<\/li>\n<li data-start=\"1947\" data-end=\"2001\">\n<p data-start=\"1949\" data-end=\"2001\"><strong data-start=\"1949\" data-end=\"1968\">Glace \u00e0 la p\u00eache juteuse<\/strong> - p\u00eache succulente, finale fra\u00eeche<\/p>\n<\/li>\n<li data-start=\"2002\" data-end=\"2042\">\n<p data-start=\"2004\" data-end=\"2042\"><strong data-start=\"2004\" data-end=\"2018\">Citron vert<\/strong> - fusion d'agrumes piquante<\/p>\n<\/li>\n<li data-start=\"2043\" data-end=\"2107\">\n<p data-start=\"2045\" data-end=\"2107\"><strong data-start=\"2045\" data-end=\"2056\">Amour 66<\/strong> - past\u00e8que, melon de miel, fruit de la passion, nuance de menthe<\/p>\n<\/li>\n<\/ul>\n<h2 data-start=\"2109\" data-end=\"2124\">\u00c0 qui cela convient-il ?<\/h2>\n<p data-start=\"2125\" data-end=\"2245\">Les adultes (18+) privil\u00e9gient un nombre \u00e9lev\u00e9 de bouff\u00e9es, des familles d'ar\u00f4mes fruits\/glace et une recharge rapide dans un format scell\u00e9 jetable.<\/p>\n<p data-start=\"2247\" data-end=\"2568\" data-is-last-node=\"\" data-is-only-node=\"\"><strong data-start=\"2247\" data-end=\"2258\">R\u00e9sum\u00e9<\/strong><br data-start=\"2258\" data-end=\"2261\" \/><strong data-start=\"2261\" data-end=\"2284\">Hifancy Dream 45000<\/strong> int\u00e8gre la capacit\u00e9, l'efficacit\u00e9 de la charge et la clart\u00e9 de l'enroulement en un seul appareil. En tant qu'appareil <strong data-start=\"2380\" data-end=\"2397\">hifancy 45000<\/strong> et une option cr\u00e9dible. <strong data-start=\"2420\" data-end=\"2450\">45000 puff disposable vape<\/strong>-Il constitue une r\u00e9f\u00e9rence solide en mati\u00e8re de long\u00e9vit\u00e9, de commodit\u00e9 et d'int\u00e9grit\u00e9 de la saveur dans le secteur de l'alimentation humaine. <strong data-start=\"2541\" data-end=\"2559\">45k puffs vape<\/strong> segment.<\/p>","protected":false},"excerpt":{"rendered":"<p data-start=\"54\" data-end=\"232\">Hifancy Dream 45000 :  45k puffs, 35 mL, mesh coil, 650 mAh Type-C (~20 min). 2%\/3%\/5% nic. Une vape fiable de 45k avec une diffusion stable des saveurs.<\/p>","protected":false},"featured_media":21531,"comment_status":"open","ping_status":"closed","template":"","meta":{"_acf_changed":false},"pwb-brand":[170],"product_brand":[],"product_cat":[57,84,91,93,95],"product_tag":[77],"class_list":{"0":"post-15351","1":"product","2":"type-product","3":"status-publish","4":"has-post-thumbnail","6":"pwb-brand-hifancy","7":"product_cat-disposable-vape","8":"product_cat-eu-warehouse-in-stock","9":"product_cat-low-nicotine-vape","10":"product_cat-rechargeable-vapes","11":"product_cat-vape-with-screen","12":"product_tag-puff-45k","14":"first","15":"instock","16":"shipping-taxable","17":"purchasable","18":"product-type-variable"},"acf":[],"yoast_head":"<!-- This site is optimized with the Yoast SEO Premium plugin v26.3 (Yoast SEO v26.3) - https:\/\/yoast.com\/wordpress\/plugins\/seo\/ -->\n<title>Hifancy Dream 45000 \u2014 45k Puffs Vape, Mesh, 35 mL, Type-C - EuVapen<\/title>\n<meta name=\"description\" content=\"Hifancy Dream 45000 is a 45000 puff disposable vape with 35 mL prefill, mesh coil and 650 mAh Type-C (~20 min). 2%\/3%\/5% nicotine strengths\u2014reliable 45k puffs vape.\" \/>\n<meta name=\"robots\" content=\"index, follow, max-snippet:-1, max-image-preview:large, max-video-preview:-1\" \/>\n<link rel=\"canonical\" href=\"https:\/\/euvapen.com\/fr\/produit\/hifancy-dream-45000-puffs-jetable-vape\/\" \/>\n<meta property=\"og:locale\" content=\"fr_FR\" \/>\n<meta property=\"og:type\" content=\"article\" \/>\n<meta property=\"og:title\" content=\"Hifancy Dream 45000 Puffs\u00a0\u2013 Disposable Vape\" \/>\n<meta property=\"og:description\" content=\"Hifancy Dream 45000 is a 45000 puff disposable vape with 35 mL prefill, mesh coil and 650 mAh Type-C (~20 min). 2%\/3%\/5% nicotine strengths\u2014reliable 45k puffs vape.\" \/>\n<meta property=\"og:url\" content=\"https:\/\/euvapen.com\/fr\/produit\/hifancy-dream-45000-puffs-jetable-vape\/\" \/>\n<meta property=\"og:site_name\" content=\"EuVapen\" \/>\n<meta property=\"article:modified_time\" content=\"2025-11-19T06:45:33+00:00\" \/>\n<meta property=\"og:image\" content=\"https:\/\/euvapen.com\/wp-content\/uploads\/2025\/11\/Hifancy-Dream-45000-Puffs-Disposable-Vape-4.webp\" \/>\n\t<meta property=\"og:image:width\" content=\"1000\" \/>\n\t<meta property=\"og:image:height\" content=\"1000\" \/>\n\t<meta property=\"og:image:type\" content=\"image\/webp\" \/>\n<meta name=\"twitter:card\" content=\"summary_large_image\" \/>\n<meta name=\"twitter:label1\" content=\"Disponibilit\u00e9\" \/>\n\t<meta name=\"twitter:data1\" content=\"En stock\" \/>\n<script type=\"application\/ld+json\" class=\"yoast-schema-graph\">{\"@context\":\"https:\/\/schema.org\",\"@graph\":[{\"@type\":\"WebPage\",\"@id\":\"https:\/\/euvapen.com\/product\/hifancy-dream-45000-puffs-disposable-vape\/\",\"url\":\"https:\/\/euvapen.com\/product\/hifancy-dream-45000-puffs-disposable-vape\/\",\"name\":\"Hifancy Dream 45000 \u2014 45k Puffs Vape, Mesh, 35 mL, Type-C - EuVapen\",\"isPartOf\":{\"@id\":\"https:\/\/euvapen.com\/#website\"},\"primaryImageOfPage\":{\"@id\":\"https:\/\/euvapen.com\/product\/hifancy-dream-45000-puffs-disposable-vape\/#primaryimage\"},\"image\":{\"@id\":\"https:\/\/euvapen.com\/product\/hifancy-dream-45000-puffs-disposable-vape\/#primaryimage\"},\"thumbnailUrl\":\"https:\/\/euvapen.com\/wp-content\/uploads\/2025\/11\/Hifancy-Dream-45000-Puffs-Disposable-Vape-4.webp\",\"datePublished\":\"2025-11-07T08:45:36+00:00\",\"dateModified\":\"2025-11-19T06:45:33+00:00\",\"description\":\"Hifancy Dream 45000 is a 45000 puff disposable vape with 35 mL prefill, mesh coil and 650 mAh Type-C (~20 min). 2%\/3%\/5% nicotine strengths\u2014reliable 45k puffs vape.\",\"breadcrumb\":{\"@id\":\"https:\/\/euvapen.com\/product\/hifancy-dream-45000-puffs-disposable-vape\/#breadcrumb\"},\"inLanguage\":\"fr-FR\",\"potentialAction\":[{\"@type\":\"ReadAction\",\"target\":[\"https:\/\/euvapen.com\/product\/hifancy-dream-45000-puffs-disposable-vape\/\"]}]},{\"@type\":\"ImageObject\",\"inLanguage\":\"fr-FR\",\"@id\":\"https:\/\/euvapen.com\/product\/hifancy-dream-45000-puffs-disposable-vape\/#primaryimage\",\"url\":\"https:\/\/euvapen.com\/wp-content\/uploads\/2025\/11\/Hifancy-Dream-45000-Puffs-Disposable-Vape-4.webp\",\"contentUrl\":\"https:\/\/euvapen.com\/wp-content\/uploads\/2025\/11\/Hifancy-Dream-45000-Puffs-Disposable-Vape-4.webp\",\"width\":1000,\"height\":1000,\"caption\":\"Hifancy Dream 45000 Puffs\u00a0Disposable Vape #4\"},{\"@type\":\"BreadcrumbList\",\"@id\":\"https:\/\/euvapen.com\/product\/hifancy-dream-45000-puffs-disposable-vape\/#breadcrumb\",\"itemListElement\":[{\"@type\":\"ListItem\",\"position\":1,\"name\":\"Home\",\"item\":\"https:\/\/euvapen.com\/\"},{\"@type\":\"ListItem\",\"position\":2,\"name\":\"Shop\",\"item\":\"https:\/\/euvapen.com\/shop\/\"},{\"@type\":\"ListItem\",\"position\":3,\"name\":\"Hifancy Dream 45000 Puffs\u00a0\u2013 Disposable Vape\"}]},{\"@type\":\"WebSite\",\"@id\":\"https:\/\/euvapen.com\/#website\",\"url\":\"https:\/\/euvapen.com\/\",\"name\":\"bestpuffvape\",\"description\":\"\",\"publisher\":{\"@id\":\"https:\/\/euvapen.com\/#organization\"},\"potentialAction\":[{\"@type\":\"SearchAction\",\"target\":{\"@type\":\"EntryPoint\",\"urlTemplate\":\"https:\/\/euvapen.com\/?s={search_term_string}\"},\"query-input\":{\"@type\":\"PropertyValueSpecification\",\"valueRequired\":true,\"valueName\":\"search_term_string\"}}],\"inLanguage\":\"fr-FR\"},{\"@type\":[\"Organization\",\"Place\"],\"@id\":\"https:\/\/euvapen.com\/#organization\",\"name\":\"bestpuffvape\",\"alternateName\":\"bestpuffvape\",\"url\":\"https:\/\/euvapen.com\/\",\"logo\":{\"@id\":\"https:\/\/euvapen.com\/product\/hifancy-dream-45000-puffs-disposable-vape\/#local-main-organization-logo\"},\"image\":{\"@id\":\"https:\/\/euvapen.com\/product\/hifancy-dream-45000-puffs-disposable-vape\/#local-main-organization-logo\"},\"telephone\":[],\"openingHoursSpecification\":[{\"@type\":\"OpeningHoursSpecification\",\"dayOfWeek\":[\"Monday\",\"Tuesday\",\"Wednesday\",\"Thursday\",\"Friday\",\"Saturday\",\"Sunday\"],\"opens\":\"00:00\",\"closes\":\"23:59\"}]},{\"@type\":\"ImageObject\",\"inLanguage\":\"fr-FR\",\"@id\":\"https:\/\/euvapen.com\/product\/hifancy-dream-45000-puffs-disposable-vape\/#local-main-organization-logo\",\"url\":\"https:\/\/euvapen.com\/wp-content\/uploads\/2025\/10\/cropped-puffvape-logo.png\",\"contentUrl\":\"https:\/\/euvapen.com\/wp-content\/uploads\/2025\/10\/cropped-puffvape-logo.png\",\"width\":512,\"height\":512,\"caption\":\"bestpuffvape\"}]}<\/script>\n<meta property=\"og:availability\" content=\"instock\" \/>\n<meta property=\"product:availability\" content=\"instock\" \/>\n<meta property=\"product:retailer_item_id\" content=\"Hifancy-Dream-45k\" \/>\n<meta property=\"product:condition\" content=\"new\" \/>\n<!-- \/ Yoast SEO Premium plugin. -->","yoast_head_json":{"title":"Hifancy Dream 45000 \u2014 45k Puffs Vape, Mesh, 35 mL, Type-C - EuVapen","description":"Hifancy Dream 45000 est une vape jetable de 45000 bouff\u00e9es avec 35 mL de pr\u00e9-remplissage, mesh coil et 650 mAh Type-C (~20 min). 2%\/3%\/5% nicotine strengths-fiable 45k puffs vape.","robots":{"index":"index","follow":"follow","max-snippet":"max-snippet:-1","max-image-preview":"max-image-preview:large","max-video-preview":"max-video-preview:-1"},"canonical":"https:\/\/euvapen.com\/fr\/produit\/hifancy-dream-45000-puffs-jetable-vape\/","og_locale":"fr_FR","og_type":"article","og_title":"Hifancy Dream 45000 Puffs\u00a0\u2013 Disposable Vape","og_description":"Hifancy Dream 45000 is a 45000 puff disposable vape with 35 mL prefill, mesh coil and 650 mAh Type-C (~20 min). 2%\/3%\/5% nicotine strengths\u2014reliable 45k puffs vape.","og_url":"https:\/\/euvapen.com\/fr\/produit\/hifancy-dream-45000-puffs-jetable-vape\/","og_site_name":"EuVapen","article_modified_time":"2025-11-19T06:45:33+00:00","og_image":[{"width":1000,"height":1000,"url":"https:\/\/euvapen.com\/wp-content\/uploads\/2025\/11\/Hifancy-Dream-45000-Puffs-Disposable-Vape-4.webp","type":"image\/webp"}],"twitter_card":"summary_large_image","twitter_misc":{"Disponibilit\u00e9":"En stock"},"schema":{"@context":"https:\/\/schema.org","@graph":[{"@type":"WebPage","@id":"https:\/\/euvapen.com\/product\/hifancy-dream-45000-puffs-disposable-vape\/","url":"https:\/\/euvapen.com\/product\/hifancy-dream-45000-puffs-disposable-vape\/","name":"Hifancy Dream 45000 \u2014 45k Puffs Vape, Mesh, 35 mL, Type-C - EuVapen","isPartOf":{"@id":"https:\/\/euvapen.com\/#website"},"primaryImageOfPage":{"@id":"https:\/\/euvapen.com\/product\/hifancy-dream-45000-puffs-disposable-vape\/#primaryimage"},"image":{"@id":"https:\/\/euvapen.com\/product\/hifancy-dream-45000-puffs-disposable-vape\/#primaryimage"},"thumbnailUrl":"https:\/\/euvapen.com\/wp-content\/uploads\/2025\/11\/Hifancy-Dream-45000-Puffs-Disposable-Vape-4.webp","datePublished":"2025-11-07T08:45:36+00:00","dateModified":"2025-11-19T06:45:33+00:00","description":"Hifancy Dream 45000 est une vape jetable de 45000 bouff\u00e9es avec 35 mL de pr\u00e9-remplissage, mesh coil et 650 mAh Type-C (~20 min). 2%\/3%\/5% nicotine strengths-fiable 45k puffs vape.","breadcrumb":{"@id":"https:\/\/euvapen.com\/product\/hifancy-dream-45000-puffs-disposable-vape\/#breadcrumb"},"inLanguage":"fr-FR","potentialAction":[{"@type":"ReadAction","target":["https:\/\/euvapen.com\/product\/hifancy-dream-45000-puffs-disposable-vape\/"]}]},{"@type":"ImageObject","inLanguage":"fr-FR","@id":"https:\/\/euvapen.com\/product\/hifancy-dream-45000-puffs-disposable-vape\/#primaryimage","url":"https:\/\/euvapen.com\/wp-content\/uploads\/2025\/11\/Hifancy-Dream-45000-Puffs-Disposable-Vape-4.webp","contentUrl":"https:\/\/euvapen.com\/wp-content\/uploads\/2025\/11\/Hifancy-Dream-45000-Puffs-Disposable-Vape-4.webp","width":1000,"height":1000,"caption":"Hifancy Dream 45000 Puffs\u00a0Disposable Vape #4"},{"@type":"BreadcrumbList","@id":"https:\/\/euvapen.com\/product\/hifancy-dream-45000-puffs-disposable-vape\/#breadcrumb","itemListElement":[{"@type":"ListItem","position":1,"name":"Home","item":"https:\/\/euvapen.com\/"},{"@type":"ListItem","position":2,"name":"Shop","item":"https:\/\/euvapen.com\/shop\/"},{"@type":"ListItem","position":3,"name":"Hifancy Dream 45000 Puffs\u00a0\u2013 Disposable Vape"}]},{"@type":"WebSite","@id":"https:\/\/euvapen.com\/#website","url":"https:\/\/euvapen.com\/","name":"bestpuffvape","description":"","publisher":{"@id":"https:\/\/euvapen.com\/#organization"},"potentialAction":[{"@type":"SearchAction","target":{"@type":"EntryPoint","urlTemplate":"https:\/\/euvapen.com\/?s={search_term_string}"},"query-input":{"@type":"PropertyValueSpecification","valueRequired":true,"valueName":"search_term_string"}}],"inLanguage":"fr-FR"},{"@type":["Organization","Place"],"@id":"https:\/\/euvapen.com\/#organization","name":"bestpuffvape","alternateName":"bestpuffvape","url":"https:\/\/euvapen.com\/","logo":{"@id":"https:\/\/euvapen.com\/product\/hifancy-dream-45000-puffs-disposable-vape\/#local-main-organization-logo"},"image":{"@id":"https:\/\/euvapen.com\/product\/hifancy-dream-45000-puffs-disposable-vape\/#local-main-organization-logo"},"telephone":[],"openingHoursSpecification":[{"@type":"OpeningHoursSpecification","dayOfWeek":["Monday","Tuesday","Wednesday","Thursday","Friday","Saturday","Sunday"],"opens":"00:00","closes":"23:59"}]},{"@type":"ImageObject","inLanguage":"fr-FR","@id":"https:\/\/euvapen.com\/product\/hifancy-dream-45000-puffs-disposable-vape\/#local-main-organization-logo","url":"https:\/\/euvapen.com\/wp-content\/uploads\/2025\/10\/cropped-puffvape-logo.png","contentUrl":"https:\/\/euvapen.com\/wp-content\/uploads\/2025\/10\/cropped-puffvape-logo.png","width":512,"height":512,"caption":"bestpuffvape"}]},"og_availability":"instock","product_availability":"instock","product_retailer_item_id":"Hifancy-Dream-45k","product_condition":"new"},"brands":[{"id":170,"name":"Hifancy","slug":"hifancy"}],"tiered_pricing_type":"fixed","tiered_pricing_fixed_rules":{"30":"11.88","50":"10.23","100":"9.4","200":"8.9"},"tiered_pricing_product_settings":{"layout":"default","base_unit_name":{"singular":null,"plural":null},"default_variation":{}},"tiered_pricing_minimum_quantity":10,"tiered_pricing_roles_data":[],"tiered_pricing_percentage_rules":[],"tiered_pricing_maximum_quantity":null,"tiered_pricing_quantity_step":null,"_links":{"self":[{"href":"https:\/\/euvapen.com\/fr\/wp-json\/wp\/v2\/product\/15351","targetHints":{"allow":["GET"]}}],"collection":[{"href":"https:\/\/euvapen.com\/fr\/wp-json\/wp\/v2\/product"}],"about":[{"href":"https:\/\/euvapen.com\/fr\/wp-json\/wp\/v2\/types\/product"}],"replies":[{"embeddable":true,"href":"https:\/\/euvapen.com\/fr\/wp-json\/wp\/v2\/comments?post=15351"}],"wp:featuredmedia":[{"embeddable":true,"href":"https:\/\/euvapen.com\/fr\/wp-json\/wp\/v2\/media\/21531"}],"wp:attachment":[{"href":"https:\/\/euvapen.com\/fr\/wp-json\/wp\/v2\/media?parent=15351"}],"wp:term":[{"taxonomy":"pwb-brand","embeddable":true,"href":"https:\/\/euvapen.com\/fr\/wp-json\/wp\/v2\/pwb-brand?post=15351"},{"taxonomy":"product_brand","embeddable":true,"href":"https:\/\/euvapen.com\/fr\/wp-json\/wp\/v2\/product_brand?post=15351"},{"taxonomy":"product_cat","embeddable":true,"href":"https:\/\/euvapen.com\/fr\/wp-json\/wp\/v2\/product_cat?post=15351"},{"taxonomy":"product_tag","embeddable":true,"href":"https:\/\/euvapen.com\/fr\/wp-json\/wp\/v2\/product_tag?post=15351"}],"curies":[{"name":"wp","href":"https:\/\/api.w.org\/{rel}","templated":true}]}}