{"id":15352,"date":"2025-11-06T10:13:50","date_gmt":"2025-11-06T10:13:50","guid":{"rendered":"https:\/\/euvapen.com\/?post_type=product&#038;p=15352"},"modified":"2025-11-19T06:43:12","modified_gmt":"2025-11-19T06:43:12","slug":"hifancy-rainbow-25000-puffs-jetable-vape","status":"publish","type":"product","link":"https:\/\/euvapen.com\/fr\/produit\/hifancy-rainbow-25000-puffs-jetable-vape\/","title":{"rendered":"Hifancy Rainbow 25000 bouff\u00e9es - Vape jetable"},"content":{"rendered":"<h1 data-start=\"150\" data-end=\"222\">HIFANCY RAINBOW 25000 - Vape haute capacit\u00e9 25k avec double mode de chauffe<\/h1>\n<p data-start=\"224\" data-end=\"575\">Les <strong data-start=\"228\" data-end=\"253\">HIFANCY RAINBOW 25000<\/strong> Un r\u00e9servoir de 32 ml, une unit\u00e9 d'alimentation Type-C de 800 mAh et une atomisation \u00e0 spirale pour offrir un cycle prolong\u00e9 au sein du <strong data-start=\"382\" data-end=\"400\">25k puffs vape<\/strong> classe. Positionn\u00e9 comme un <strong data-start=\"433\" data-end=\"445\">25k vape<\/strong> pour les utilisateurs qui privil\u00e9gient la coh\u00e9rence et le contr\u00f4le, <strong data-start=\"491\" data-end=\"508\">HIFANCY 25000<\/strong> se concentre sur la stabilit\u00e9 de la production et l'int\u00e9grit\u00e9 de l'ar\u00f4me lors d'une utilisation prolong\u00e9e.<\/p>\n<h2 data-start=\"577\" data-end=\"598\">Principales sp\u00e9cifications<\/h2>\n<ul data-start=\"599\" data-end=\"1095\">\n<li data-start=\"599\" data-end=\"687\">\n<p data-start=\"601\" data-end=\"687\"><strong data-start=\"601\" data-end=\"617\">Taux de bouff\u00e9e :<\/strong> jusqu'\u00e0 <strong data-start=\"624\" data-end=\"634\">25,000<\/strong> (en fonction de l'utilisation) - <strong data-start=\"655\" data-end=\"685\">25000 puff disposable vape<\/strong><\/p>\n<\/li>\n<li data-start=\"688\" data-end=\"725\">\n<p data-start=\"690\" data-end=\"725\"><strong data-start=\"690\" data-end=\"703\">E-liquide :<\/strong> <strong data-start=\"704\" data-end=\"713\">32 mL<\/strong> pr\u00e9-rempli<\/p>\n<\/li>\n<li data-start=\"726\" data-end=\"802\">\n<p data-start=\"728\" data-end=\"802\"><strong data-start=\"728\" data-end=\"740\">Batterie :<\/strong> <strong data-start=\"741\" data-end=\"752\">800 mAh<\/strong>; recharge rapide Type-C (~20-30 minutes, typique)<\/p>\n<\/li>\n<li data-start=\"803\" data-end=\"872\">\n<p data-start=\"805\" data-end=\"872\"><strong data-start=\"805\" data-end=\"814\">Bobine :<\/strong> plate-forme en maille pour une r\u00e9tention uniforme des a\u00e9rosols et des ar\u00f4mes<\/p>\n<\/li>\n<li data-start=\"873\" data-end=\"944\">\n<p data-start=\"875\" data-end=\"944\"><strong data-start=\"875\" data-end=\"885\">Modes :<\/strong> <strong data-start=\"886\" data-end=\"907\">deux modes de chauffage<\/strong> (ax\u00e9 sur la saveur \/ ax\u00e9 sur la vapeur)<\/p>\n<\/li>\n<li data-start=\"945\" data-end=\"1017\">\n<p data-start=\"947\" data-end=\"1017\"><strong data-start=\"947\" data-end=\"961\">Interface :<\/strong> affichage en plein \u00e9cran de l'\u00e9tat de la batterie, du mode et de la bouff\u00e9e<\/p>\n<\/li>\n<li data-start=\"1018\" data-end=\"1095\">\n<p data-start=\"1020\" data-end=\"1095\"><strong data-start=\"1020\" data-end=\"1043\">Teneur en nicotine :<\/strong> <strong data-start=\"1044\" data-end=\"1060\">2% \/ 3% \/ 5%<\/strong> (disponibilit\u00e9 par r\u00e9gion et par lot)<\/p>\n<\/li>\n<\/ul>\n<h2 data-start=\"1097\" data-end=\"1121\">Performance et contr\u00f4le<\/h2>\n<ul data-start=\"1122\" data-end=\"1441\">\n<li data-start=\"1122\" data-end=\"1226\">\n<p data-start=\"1124\" data-end=\"1226\"><strong data-start=\"1124\" data-end=\"1147\">Fonctionnement bimode<\/strong> permet de choisir rapidement entre une vapeur plus dense et une clart\u00e9 de go\u00fbt accrue.<\/p>\n<\/li>\n<li data-start=\"1227\" data-end=\"1337\">\n<p data-start=\"1229\" data-end=\"1337\"><strong data-start=\"1229\" data-end=\"1242\">Bobine de maille<\/strong> distribue la chaleur de fa\u00e7on homog\u00e8ne pour limiter les coups secs et pr\u00e9server le go\u00fbt pendant toute la dur\u00e9e de vie de l'appareil.<\/p>\n<\/li>\n<li data-start=\"1338\" data-end=\"1441\">\n<p data-start=\"1340\" data-end=\"1441\"><strong data-start=\"1340\" data-end=\"1360\">Gestion de l'\u00e9nergie<\/strong> avec une cellule de 800 mAh et une rotation rapide de type C r\u00e9duit les temps d'arr\u00eat entre les sessions.<\/p>\n<\/li>\n<\/ul>\n<h2 data-start=\"1443\" data-end=\"1475\">Catalogue des ar\u00f4mes (10 options)<\/h2>\n<ul data-start=\"1476\" data-end=\"1706\">\n<li data-start=\"1476\" data-end=\"1500\">\n<p data-start=\"1478\" data-end=\"1500\">Glace \u00e0 la m\u00fbre et au raisin<\/p>\n<\/li>\n<li data-start=\"1501\" data-end=\"1533\">\n<p data-start=\"1503\" data-end=\"1533\">Limonade \u00e0 la myrtille et \u00e0 la framboise<\/p>\n<\/li>\n<li data-start=\"1534\" data-end=\"1551\">\n<p data-start=\"1536\" data-end=\"1551\">Glace aux myrtilles<\/p>\n<\/li>\n<li data-start=\"1552\" data-end=\"1570\">\n<p data-start=\"1554\" data-end=\"1570\">\u00c9nergie Redbull<\/p>\n<\/li>\n<li data-start=\"1571\" data-end=\"1589\">\n<p data-start=\"1573\" data-end=\"1589\">Glace \u00e0 la past\u00e8que<\/p>\n<\/li>\n<li data-start=\"1590\" data-end=\"1615\">\n<p data-start=\"1592\" data-end=\"1615\">Past\u00e8que \u00e0 la fraise<\/p>\n<\/li>\n<li data-start=\"1616\" data-end=\"1636\">\n<p data-start=\"1618\" data-end=\"1636\">M\u00e9lange de baies et de menthe<\/p>\n<\/li>\n<li data-start=\"1637\" data-end=\"1663\">\n<p data-start=\"1639\" data-end=\"1663\">P\u00eache Ananas Orange<\/p>\n<\/li>\n<li data-start=\"1664\" data-end=\"1691\">\n<p data-start=\"1666\" data-end=\"1691\">Fraise Mangue Banane<\/p>\n<\/li>\n<li data-start=\"1692\" data-end=\"1706\">\n<p data-start=\"1694\" data-end=\"1706\">Citron cerise<\/p>\n<\/li>\n<\/ul>\n<h2 data-start=\"1708\" data-end=\"1723\">\u00c0 qui cela convient-il ?<\/h2>\n<p data-start=\"1724\" data-end=\"1862\">Adultes (18+) \u00e0 la recherche d'un <strong data-start=\"1747\" data-end=\"1759\">25k vape<\/strong> avec une endurance mesurable, une t\u00e9l\u00e9m\u00e9trie claire sur l'appareil, une recharge rapide et un ensemble de saveurs fruit\u00e9es.<\/p>\n<p data-start=\"1864\" data-end=\"2136\" data-is-last-node=\"\" data-is-only-node=\"\"><strong data-start=\"1864\" data-end=\"1876\">R\u00e9sum\u00e9 :<\/strong><br data-start=\"1876\" data-end=\"1879\" \/><strong data-start=\"1879\" data-end=\"1904\">HIFANCY RAINBOW 25000<\/strong> int\u00e8gre la capacit\u00e9, la clart\u00e9 de l'interface et une sortie r\u00e9glable dans un format compact et jetable. En tant que <strong data-start=\"2002\" data-end=\"2019\">HIFANCY 25000<\/strong> dans l'option <strong data-start=\"2038\" data-end=\"2056\">25k puffs vape<\/strong> il offre une approche \u00e9quilibr\u00e9e de la long\u00e9vit\u00e9, de la commodit\u00e9 et de la saveur.<\/p>","protected":false},"excerpt":{"rendered":"<p data-start=\"56\" data-end=\"221\">HIFANCY RAINBOW 25000 : 25k puffs, 32 mL, mesh coil, 800 mAh Type-C, double mode de chauffe, affichage plein \u00e9cran. Une vape fiable de 25 000 bouff\u00e9es.<\/p>","protected":false},"featured_media":21506,"comment_status":"open","ping_status":"closed","template":"","meta":{"_acf_changed":false},"pwb-brand":[170],"product_brand":[],"product_cat":[57,84,93],"product_tag":[76],"class_list":{"0":"post-15352","1":"product","2":"type-product","3":"status-publish","4":"has-post-thumbnail","6":"pwb-brand-hifancy","7":"product_cat-disposable-vape","8":"product_cat-eu-warehouse-in-stock","9":"product_cat-rechargeable-vapes","10":"product_tag-puff-25k","12":"first","13":"instock","14":"shipping-taxable","15":"purchasable","16":"product-type-variable"},"acf":[],"yoast_head":"<!-- This site is optimized with the Yoast SEO Premium plugin v26.3 (Yoast SEO v26.3) - https:\/\/yoast.com\/wordpress\/plugins\/seo\/ -->\n<title>HIFANCY RAINBOW 25000 \u2014 25k Puffs Vape, Mesh, 32 mL, - EuVapen<\/title>\n<meta name=\"description\" content=\"HIFANCY RAINBOW 25000: up to 25,000 puffs, 32 mL prefill, mesh coil and 800 mAh Type-C. Dual heating modes and full-screen display; 2%\/3%\/5% nicotine. A dependable 25000 puff disposable vape.\" \/>\n<meta name=\"robots\" content=\"index, follow, max-snippet:-1, max-image-preview:large, max-video-preview:-1\" \/>\n<link rel=\"canonical\" href=\"https:\/\/euvapen.com\/fr\/produit\/hifancy-rainbow-25000-puffs-jetable-vape\/\" \/>\n<meta property=\"og:locale\" content=\"fr_FR\" \/>\n<meta property=\"og:type\" content=\"article\" \/>\n<meta property=\"og:title\" content=\"Hifancy Rainbow 25000 Puffs\u00a0\u2013 Disposable Vape\" \/>\n<meta property=\"og:description\" content=\"HIFANCY RAINBOW 25000: up to 25,000 puffs, 32 mL prefill, mesh coil and 800 mAh Type-C. Dual heating modes and full-screen display; 2%\/3%\/5% nicotine. A dependable 25000 puff disposable vape.\" \/>\n<meta property=\"og:url\" content=\"https:\/\/euvapen.com\/fr\/produit\/hifancy-rainbow-25000-puffs-jetable-vape\/\" \/>\n<meta property=\"og:site_name\" content=\"EuVapen\" \/>\n<meta property=\"article:modified_time\" content=\"2025-11-19T06:43:12+00:00\" \/>\n<meta property=\"og:image\" content=\"https:\/\/euvapen.com\/wp-content\/uploads\/2025\/11\/Hifancy-Rainbow-25000-Disposable-Vape-25K-Puffs-32ML-EU-Warehouse-2.webp\" \/>\n\t<meta property=\"og:image:width\" content=\"800\" \/>\n\t<meta property=\"og:image:height\" content=\"800\" \/>\n\t<meta property=\"og:image:type\" content=\"image\/webp\" \/>\n<meta name=\"twitter:card\" content=\"summary_large_image\" \/>\n<meta name=\"twitter:label1\" content=\"Disponibilit\u00e9\" \/>\n\t<meta name=\"twitter:data1\" content=\"En stock\" \/>\n<script type=\"application\/ld+json\" class=\"yoast-schema-graph\">{\"@context\":\"https:\/\/schema.org\",\"@graph\":[{\"@type\":\"WebPage\",\"@id\":\"https:\/\/euvapen.com\/product\/hifancy-rainbow-25000-puffs-disposable-vape\/\",\"url\":\"https:\/\/euvapen.com\/product\/hifancy-rainbow-25000-puffs-disposable-vape\/\",\"name\":\"HIFANCY RAINBOW 25000 \u2014 25k Puffs Vape, Mesh, 32 mL, - EuVapen\",\"isPartOf\":{\"@id\":\"https:\/\/euvapen.com\/#website\"},\"primaryImageOfPage\":{\"@id\":\"https:\/\/euvapen.com\/product\/hifancy-rainbow-25000-puffs-disposable-vape\/#primaryimage\"},\"image\":{\"@id\":\"https:\/\/euvapen.com\/product\/hifancy-rainbow-25000-puffs-disposable-vape\/#primaryimage\"},\"thumbnailUrl\":\"https:\/\/euvapen.com\/wp-content\/uploads\/2025\/11\/Hifancy-Rainbow-25000-Disposable-Vape-25K-Puffs-32ML-EU-Warehouse-2.webp\",\"datePublished\":\"2025-11-06T10:13:50+00:00\",\"dateModified\":\"2025-11-19T06:43:12+00:00\",\"description\":\"HIFANCY RAINBOW 25000: up to 25,000 puffs, 32 mL prefill, mesh coil and 800 mAh Type-C. Dual heating modes and full-screen display; 2%\/3%\/5% nicotine. A dependable 25000 puff disposable vape.\",\"breadcrumb\":{\"@id\":\"https:\/\/euvapen.com\/product\/hifancy-rainbow-25000-puffs-disposable-vape\/#breadcrumb\"},\"inLanguage\":\"fr-FR\",\"potentialAction\":[{\"@type\":\"ReadAction\",\"target\":[\"https:\/\/euvapen.com\/product\/hifancy-rainbow-25000-puffs-disposable-vape\/\"]}]},{\"@type\":\"ImageObject\",\"inLanguage\":\"fr-FR\",\"@id\":\"https:\/\/euvapen.com\/product\/hifancy-rainbow-25000-puffs-disposable-vape\/#primaryimage\",\"url\":\"https:\/\/euvapen.com\/wp-content\/uploads\/2025\/11\/Hifancy-Rainbow-25000-Disposable-Vape-25K-Puffs-32ML-EU-Warehouse-2.webp\",\"contentUrl\":\"https:\/\/euvapen.com\/wp-content\/uploads\/2025\/11\/Hifancy-Rainbow-25000-Disposable-Vape-25K-Puffs-32ML-EU-Warehouse-2.webp\",\"width\":800,\"height\":800,\"caption\":\"Hifancy Rainbow 25000 Disposable Vape 25K Puffs 32ML EU Warehouse #2\"},{\"@type\":\"BreadcrumbList\",\"@id\":\"https:\/\/euvapen.com\/product\/hifancy-rainbow-25000-puffs-disposable-vape\/#breadcrumb\",\"itemListElement\":[{\"@type\":\"ListItem\",\"position\":1,\"name\":\"Home\",\"item\":\"https:\/\/euvapen.com\/\"},{\"@type\":\"ListItem\",\"position\":2,\"name\":\"Shop\",\"item\":\"https:\/\/euvapen.com\/shop\/\"},{\"@type\":\"ListItem\",\"position\":3,\"name\":\"Hifancy Rainbow 25000 Puffs\u00a0\u2013 Disposable Vape\"}]},{\"@type\":\"WebSite\",\"@id\":\"https:\/\/euvapen.com\/#website\",\"url\":\"https:\/\/euvapen.com\/\",\"name\":\"bestpuffvape\",\"description\":\"\",\"publisher\":{\"@id\":\"https:\/\/euvapen.com\/#organization\"},\"potentialAction\":[{\"@type\":\"SearchAction\",\"target\":{\"@type\":\"EntryPoint\",\"urlTemplate\":\"https:\/\/euvapen.com\/?s={search_term_string}\"},\"query-input\":{\"@type\":\"PropertyValueSpecification\",\"valueRequired\":true,\"valueName\":\"search_term_string\"}}],\"inLanguage\":\"fr-FR\"},{\"@type\":[\"Organization\",\"Place\"],\"@id\":\"https:\/\/euvapen.com\/#organization\",\"name\":\"bestpuffvape\",\"alternateName\":\"bestpuffvape\",\"url\":\"https:\/\/euvapen.com\/\",\"logo\":{\"@id\":\"https:\/\/euvapen.com\/product\/hifancy-rainbow-25000-puffs-disposable-vape\/#local-main-organization-logo\"},\"image\":{\"@id\":\"https:\/\/euvapen.com\/product\/hifancy-rainbow-25000-puffs-disposable-vape\/#local-main-organization-logo\"},\"telephone\":[],\"openingHoursSpecification\":[{\"@type\":\"OpeningHoursSpecification\",\"dayOfWeek\":[\"Monday\",\"Tuesday\",\"Wednesday\",\"Thursday\",\"Friday\",\"Saturday\",\"Sunday\"],\"opens\":\"00:00\",\"closes\":\"23:59\"}]},{\"@type\":\"ImageObject\",\"inLanguage\":\"fr-FR\",\"@id\":\"https:\/\/euvapen.com\/product\/hifancy-rainbow-25000-puffs-disposable-vape\/#local-main-organization-logo\",\"url\":\"https:\/\/euvapen.com\/wp-content\/uploads\/2025\/10\/cropped-puffvape-logo.png\",\"contentUrl\":\"https:\/\/euvapen.com\/wp-content\/uploads\/2025\/10\/cropped-puffvape-logo.png\",\"width\":512,\"height\":512,\"caption\":\"bestpuffvape\"}]}<\/script>\n<meta property=\"og:availability\" content=\"instock\" \/>\n<meta property=\"product:availability\" content=\"instock\" \/>\n<meta property=\"product:retailer_item_id\" content=\"Hifancy-Rainbow-25k\" \/>\n<meta property=\"product:condition\" content=\"new\" \/>\n<!-- \/ Yoast SEO Premium plugin. -->","yoast_head_json":{"title":"HIFANCY RAINBOW 25000 \u2014 25k Puffs Vape, Mesh, 32 mL, - EuVapen","description":"HIFANCY RAINBOW 25000 : jusqu'\u00e0 25,000 puffs, pr\u00e9-remplissage de 32 ml, mesh coil et 800 mAh Type-C. Deux modes de chauffe et affichage plein \u00e9cran ; 2%\/3%\/5% nicotine. Une vape jetable fiable de 25000 bouff\u00e9es.","robots":{"index":"index","follow":"follow","max-snippet":"max-snippet:-1","max-image-preview":"max-image-preview:large","max-video-preview":"max-video-preview:-1"},"canonical":"https:\/\/euvapen.com\/fr\/produit\/hifancy-rainbow-25000-puffs-jetable-vape\/","og_locale":"fr_FR","og_type":"article","og_title":"Hifancy Rainbow 25000 Puffs\u00a0\u2013 Disposable Vape","og_description":"HIFANCY RAINBOW 25000: up to 25,000 puffs, 32 mL prefill, mesh coil and 800 mAh Type-C. Dual heating modes and full-screen display; 2%\/3%\/5% nicotine. A dependable 25000 puff disposable vape.","og_url":"https:\/\/euvapen.com\/fr\/produit\/hifancy-rainbow-25000-puffs-jetable-vape\/","og_site_name":"EuVapen","article_modified_time":"2025-11-19T06:43:12+00:00","og_image":[{"width":800,"height":800,"url":"https:\/\/euvapen.com\/wp-content\/uploads\/2025\/11\/Hifancy-Rainbow-25000-Disposable-Vape-25K-Puffs-32ML-EU-Warehouse-2.webp","type":"image\/webp"}],"twitter_card":"summary_large_image","twitter_misc":{"Disponibilit\u00e9":"En stock"},"schema":{"@context":"https:\/\/schema.org","@graph":[{"@type":"WebPage","@id":"https:\/\/euvapen.com\/product\/hifancy-rainbow-25000-puffs-disposable-vape\/","url":"https:\/\/euvapen.com\/product\/hifancy-rainbow-25000-puffs-disposable-vape\/","name":"HIFANCY RAINBOW 25000 \u2014 25k Puffs Vape, Mesh, 32 mL, - EuVapen","isPartOf":{"@id":"https:\/\/euvapen.com\/#website"},"primaryImageOfPage":{"@id":"https:\/\/euvapen.com\/product\/hifancy-rainbow-25000-puffs-disposable-vape\/#primaryimage"},"image":{"@id":"https:\/\/euvapen.com\/product\/hifancy-rainbow-25000-puffs-disposable-vape\/#primaryimage"},"thumbnailUrl":"https:\/\/euvapen.com\/wp-content\/uploads\/2025\/11\/Hifancy-Rainbow-25000-Disposable-Vape-25K-Puffs-32ML-EU-Warehouse-2.webp","datePublished":"2025-11-06T10:13:50+00:00","dateModified":"2025-11-19T06:43:12+00:00","description":"HIFANCY RAINBOW 25000 : jusqu'\u00e0 25,000 puffs, pr\u00e9-remplissage de 32 ml, mesh coil et 800 mAh Type-C. Deux modes de chauffe et affichage plein \u00e9cran ; 2%\/3%\/5% nicotine. Une vape jetable fiable de 25000 bouff\u00e9es.","breadcrumb":{"@id":"https:\/\/euvapen.com\/product\/hifancy-rainbow-25000-puffs-disposable-vape\/#breadcrumb"},"inLanguage":"fr-FR","potentialAction":[{"@type":"ReadAction","target":["https:\/\/euvapen.com\/product\/hifancy-rainbow-25000-puffs-disposable-vape\/"]}]},{"@type":"ImageObject","inLanguage":"fr-FR","@id":"https:\/\/euvapen.com\/product\/hifancy-rainbow-25000-puffs-disposable-vape\/#primaryimage","url":"https:\/\/euvapen.com\/wp-content\/uploads\/2025\/11\/Hifancy-Rainbow-25000-Disposable-Vape-25K-Puffs-32ML-EU-Warehouse-2.webp","contentUrl":"https:\/\/euvapen.com\/wp-content\/uploads\/2025\/11\/Hifancy-Rainbow-25000-Disposable-Vape-25K-Puffs-32ML-EU-Warehouse-2.webp","width":800,"height":800,"caption":"Hifancy Rainbow 25000 Disposable Vape 25K Puffs 32ML EU Warehouse #2"},{"@type":"BreadcrumbList","@id":"https:\/\/euvapen.com\/product\/hifancy-rainbow-25000-puffs-disposable-vape\/#breadcrumb","itemListElement":[{"@type":"ListItem","position":1,"name":"Home","item":"https:\/\/euvapen.com\/"},{"@type":"ListItem","position":2,"name":"Shop","item":"https:\/\/euvapen.com\/shop\/"},{"@type":"ListItem","position":3,"name":"Hifancy Rainbow 25000 Puffs\u00a0\u2013 Disposable Vape"}]},{"@type":"WebSite","@id":"https:\/\/euvapen.com\/#website","url":"https:\/\/euvapen.com\/","name":"bestpuffvape","description":"","publisher":{"@id":"https:\/\/euvapen.com\/#organization"},"potentialAction":[{"@type":"SearchAction","target":{"@type":"EntryPoint","urlTemplate":"https:\/\/euvapen.com\/?s={search_term_string}"},"query-input":{"@type":"PropertyValueSpecification","valueRequired":true,"valueName":"search_term_string"}}],"inLanguage":"fr-FR"},{"@type":["Organization","Place"],"@id":"https:\/\/euvapen.com\/#organization","name":"bestpuffvape","alternateName":"bestpuffvape","url":"https:\/\/euvapen.com\/","logo":{"@id":"https:\/\/euvapen.com\/product\/hifancy-rainbow-25000-puffs-disposable-vape\/#local-main-organization-logo"},"image":{"@id":"https:\/\/euvapen.com\/product\/hifancy-rainbow-25000-puffs-disposable-vape\/#local-main-organization-logo"},"telephone":[],"openingHoursSpecification":[{"@type":"OpeningHoursSpecification","dayOfWeek":["Monday","Tuesday","Wednesday","Thursday","Friday","Saturday","Sunday"],"opens":"00:00","closes":"23:59"}]},{"@type":"ImageObject","inLanguage":"fr-FR","@id":"https:\/\/euvapen.com\/product\/hifancy-rainbow-25000-puffs-disposable-vape\/#local-main-organization-logo","url":"https:\/\/euvapen.com\/wp-content\/uploads\/2025\/10\/cropped-puffvape-logo.png","contentUrl":"https:\/\/euvapen.com\/wp-content\/uploads\/2025\/10\/cropped-puffvape-logo.png","width":512,"height":512,"caption":"bestpuffvape"}]},"og_availability":"instock","product_availability":"instock","product_retailer_item_id":"Hifancy-Rainbow-25k","product_condition":"new"},"brands":[{"id":170,"name":"Hifancy","slug":"hifancy"}],"tiered_pricing_type":"fixed","tiered_pricing_fixed_rules":{"30":"11.5","50":"10.5","100":"9.2","200":"8.9"},"tiered_pricing_product_settings":{"layout":"default","base_unit_name":{"singular":null,"plural":null},"default_variation":{}},"tiered_pricing_minimum_quantity":null,"tiered_pricing_roles_data":[],"tiered_pricing_percentage_rules":[],"tiered_pricing_maximum_quantity":null,"tiered_pricing_quantity_step":null,"_links":{"self":[{"href":"https:\/\/euvapen.com\/fr\/wp-json\/wp\/v2\/product\/15352","targetHints":{"allow":["GET"]}}],"collection":[{"href":"https:\/\/euvapen.com\/fr\/wp-json\/wp\/v2\/product"}],"about":[{"href":"https:\/\/euvapen.com\/fr\/wp-json\/wp\/v2\/types\/product"}],"replies":[{"embeddable":true,"href":"https:\/\/euvapen.com\/fr\/wp-json\/wp\/v2\/comments?post=15352"}],"wp:featuredmedia":[{"embeddable":true,"href":"https:\/\/euvapen.com\/fr\/wp-json\/wp\/v2\/media\/21506"}],"wp:attachment":[{"href":"https:\/\/euvapen.com\/fr\/wp-json\/wp\/v2\/media?parent=15352"}],"wp:term":[{"taxonomy":"pwb-brand","embeddable":true,"href":"https:\/\/euvapen.com\/fr\/wp-json\/wp\/v2\/pwb-brand?post=15352"},{"taxonomy":"product_brand","embeddable":true,"href":"https:\/\/euvapen.com\/fr\/wp-json\/wp\/v2\/product_brand?post=15352"},{"taxonomy":"product_cat","embeddable":true,"href":"https:\/\/euvapen.com\/fr\/wp-json\/wp\/v2\/product_cat?post=15352"},{"taxonomy":"product_tag","embeddable":true,"href":"https:\/\/euvapen.com\/fr\/wp-json\/wp\/v2\/product_tag?post=15352"}],"curies":[{"name":"wp","href":"https:\/\/api.w.org\/{rel}","templated":true}]}}