{"id":15355,"date":"2025-11-07T08:36:36","date_gmt":"2025-11-07T08:36:36","guid":{"rendered":"https:\/\/euvapen.com\/?post_type=product&#038;p=15355"},"modified":"2025-11-19T06:46:21","modified_gmt":"2025-11-19T06:46:21","slug":"hifancy-twins-35000-puffs-disposable-vape","status":"publish","type":"product","link":"https:\/\/euvapen.com\/fr\/produit\/hifancy-twins-35000-puffs-disposable-vape\/","title":{"rendered":"Hifancy Twins 35000 bouff\u00e9es - Vape jetable"},"content":{"rendered":"<article class=\"text-token-text-primary w-full focus:outline-none [--shadow-height:45px] has-data-writing-block:pointer-events-none has-data-writing-block:-mt-(--shadow-height) has-data-writing-block:pt-(--shadow-height) [&amp;:has([data-writing-block])&gt;*]:pointer-events-auto [content-visibility:auto] supports-[content-visibility:auto]:[contain-intrinsic-size:auto_100lvh] scroll-mt-[calc(var(--header-height)+min(200px,max(70px,20svh)))]\" dir=\"auto\" tabindex=\"-1\" data-turn-id=\"request-68ef3f6a-b124-8321-95c0-2e44d1a5ddd8-3\" data-testid=\"conversation-turn-152\" data-scroll-anchor=\"true\" data-turn=\"assistant\">\n<div class=\"text-base my-auto mx-auto pb-10 [--thread-content-margin:--spacing(4)] thread-sm:[--thread-content-margin:--spacing(6)] thread-lg:[--thread-content-margin:--spacing(16)] px-(--thread-content-margin)\">\n<div class=\"[--thread-content-max-width:40rem] thread-lg:[--thread-content-max-width:48rem] mx-auto max-w-(--thread-content-max-width) flex-1 group\/turn-messages focus-visible:outline-hidden relative flex w-full min-w-0 flex-col agent-turn\" tabindex=\"-1\">\n<div class=\"flex max-w-full flex-col grow\">\n<div class=\"min-h-8 text-message relative flex w-full flex-col items-end gap-2 text-start break-words whitespace-normal [.text-message+&amp;]:mt-1\" dir=\"auto\" data-message-author-role=\"assistant\" data-message-id=\"83b5179f-c14c-415b-a27a-013b5271c0cb\" data-message-model-slug=\"gpt-5-thinking\">\n<div class=\"flex w-full flex-col gap-1 empty:hidden first:pt-[1px]\">\n<div class=\"markdown prose dark:prose-invert w-full break-words light markdown-new-styling\">\n<h1 data-start=\"245\" data-end=\"307\">HIFANCY TWINS 35000 - Vapeur \u00e0 double r\u00e9servoir 35k avec pr\u00e9cision Mesh<\/h1>\n<p data-start=\"309\" data-end=\"647\">Les <strong data-start=\"313\" data-end=\"336\">JUMEAUX HIFANCY 35000<\/strong> fait progresser les produits jetables \u00e0 long cycle avec une disposition \u00e0 deux r\u00e9servoirs et une atomisation \u00e0 maille con\u00e7ue pour la s\u00e9paration des ar\u00f4mes et un rendement stable. Positionn\u00e9 dans la gamme des <strong data-start=\"487\" data-end=\"502\">HIFANCY 35k<\/strong> cette classe <strong data-start=\"515\" data-end=\"532\">35k puff vape<\/strong> a une dur\u00e9e de vie de 35 000 bouff\u00e9es et maintient la clart\u00e9 dans deux r\u00e9servoirs d'ar\u00f4mes ind\u00e9pendants avant l'activation.<\/p>\n<h2 data-start=\"649\" data-end=\"665\">Plate-forme Hifancy Twins 35000<\/h2>\n<ul data-start=\"666\" data-end=\"1259\">\n<li data-start=\"666\" data-end=\"811\">\n<p data-start=\"668\" data-end=\"811\"><strong data-start=\"668\" data-end=\"702\">Double r\u00e9servoir, s\u00e9paration des noyaux d'huile<\/strong>Les deux ar\u00f4mes pr\u00e9d\u00e9finis restent distincts jusqu'\u00e0 ce qu'ils soient s\u00e9lectionn\u00e9s, ce qui r\u00e9duit les croisements et pr\u00e9serve l'int\u00e9grit\u00e9 du profil.<\/p>\n<\/li>\n<li data-start=\"812\" data-end=\"930\">\n<p data-start=\"814\" data-end=\"930\"><strong data-start=\"814\" data-end=\"827\">Bobine de maille<\/strong>Le syst\u00e8me d'a\u00e9rosols est un syst\u00e8me de distribution uniforme de la chaleur qui permet d'obtenir une densit\u00e9 d'a\u00e9rosols constante et un go\u00fbt reproductible du premier au dernier tirage.<\/p>\n<\/li>\n<li data-start=\"931\" data-end=\"1030\">\n<p data-start=\"933\" data-end=\"1030\"><strong data-start=\"933\" data-end=\"949\">Syst\u00e8me d'alimentation<\/strong>La batterie est compos\u00e9e d'une cellule de 650 mAh avec recharge Type-C (~30 minutes typiques) afin de minimiser les temps d'arr\u00eat.<\/p>\n<\/li>\n<li data-start=\"1031\" data-end=\"1143\">\n<p data-start=\"1033\" data-end=\"1143\"><strong data-start=\"1033\" data-end=\"1057\">Capacit\u00e9s et atouts<\/strong>: environ 35 mL pr\u00e9-remplis ; nicotine 2% \/ 3% \/ 5% (disponibilit\u00e9 selon la r\u00e9gion et le lot).<\/p>\n<\/li>\n<li data-start=\"1144\" data-end=\"1259\">\n<p data-start=\"1146\" data-end=\"1259\"><strong data-start=\"1146\" data-end=\"1156\">Format<\/strong>La sortie est scell\u00e9e, activ\u00e9e par tirage au sort et non variable - une sortie fiable pour l'utilisateur. <strong data-start=\"1215\" data-end=\"1245\">35000 puff disposable vape<\/strong> l'architecture.<\/p>\n<\/li>\n<\/ul>\n<h2 data-start=\"1261\" data-end=\"1283\">Commutation et contr\u00f4le<\/h2>\n<p data-start=\"1284\" data-end=\"1502\">Un simple interrupteur m\u00e9canique permet de s\u00e9lectionner l'un ou l'autre r\u00e9servoir \u00e0 la demande, ce qui permet de changer imm\u00e9diatement d'ar\u00f4me sans avoir \u00e0 manipuler plusieurs appareils. Cette conception permet une utilisation quotidienne, o\u00f9 la vari\u00e9t\u00e9 et la continuit\u00e9 sont toutes deux n\u00e9cessaires.<\/p>\n<h2 data-start=\"1504\" data-end=\"1548\">Hifancy Twins 35000 associations de deux saveurs (s\u00e9lection)<\/h2>\n<ul data-start=\"1549\" data-end=\"1903\">\n<li data-start=\"1549\" data-end=\"1582\">\n<p data-start=\"1551\" data-end=\"1582\">Citron vert et m\u00fbre de raisin<\/p>\n<\/li>\n<li data-start=\"1583\" data-end=\"1632\">\n<p data-start=\"1585\" data-end=\"1632\">Framboise Cerise Glace &amp; P\u00eache Mangue Past\u00e8que<\/p>\n<\/li>\n<li data-start=\"1633\" data-end=\"1663\">\n<p data-start=\"1635\" data-end=\"1663\">Glace fraise, kiwi et cola<\/p>\n<\/li>\n<li data-start=\"1664\" data-end=\"1704\">\n<p data-start=\"1666\" data-end=\"1704\">Glace aux myrtilles et fruit de la passion \u00e0 l'orange<\/p>\n<\/li>\n<li data-start=\"1705\" data-end=\"1743\">\n<p data-start=\"1707\" data-end=\"1743\">Fraise, past\u00e8que et pomme acide<\/p>\n<\/li>\n<li data-start=\"1744\" data-end=\"1783\">\n<p data-start=\"1746\" data-end=\"1783\">Glace \u00e0 la past\u00e8que et limonade Blue Razz<\/p>\n<\/li>\n<li data-start=\"1784\" data-end=\"1815\">\n<p data-start=\"1786\" data-end=\"1815\">Banana Ice &amp; Energy Redbull<\/p>\n<\/li>\n<li data-start=\"1816\" data-end=\"1844\">\n<p data-start=\"1818\" data-end=\"1844\">Skittles et baies m\u00e9lang\u00e9es<\/p>\n<\/li>\n<li data-start=\"1845\" data-end=\"1869\">\n<p data-start=\"1847\" data-end=\"1869\">Mamba et Triple Melon<\/p>\n<\/li>\n<li data-start=\"1870\" data-end=\"1903\">\n<p data-start=\"1872\" data-end=\"1903\">Cr\u00e8me glac\u00e9e \u00e0 la vanille et cerise Fizz<\/p>\n<\/li>\n<\/ul>\n<h2 data-start=\"1905\" data-end=\"1920\">\u00c0 qui cela convient-il ?<\/h2>\n<p data-start=\"1921\" data-end=\"2087\">Les adultes (18+) qui souhaitent un <strong data-start=\"1945\" data-end=\"1957\">35k vape<\/strong> avec une longue dur\u00e9e d'utilisation, un choix d'ar\u00f4mes sur l'appareil et une distribution r\u00e9guli\u00e8re de mesh-coils, sans le fardeau de l'entretien des syst\u00e8mes rechargeables.<\/p>\n<h2 data-start=\"2089\" data-end=\"2099\">R\u00e9sum\u00e9<\/h2>\n<p data-start=\"2100\" data-end=\"2446\" data-is-last-node=\"\" data-is-only-node=\"\">En combinant l'int\u00e9grit\u00e9 de la saveur, la rapidit\u00e9 d'ex\u00e9cution du Type-C et un r\u00e9servoir de grande capacit\u00e9, <strong data-start=\"2188\" data-end=\"2211\">JUMEAUX HIFANCY 35000<\/strong> \u00e9tablit une r\u00e9f\u00e9rence claire pour les produits jetables \u00e0 double ar\u00f4me. En tant que produit phare de la gamme <strong data-start=\"2292\" data-end=\"2307\">HIFANCY 35k<\/strong> et d'un segment cr\u00e9dible de la <strong data-start=\"2331\" data-end=\"2348\">35k puff vape<\/strong>-Il offre la durabilit\u00e9 et la polyvalence que l'on attend d'un produit moderne. <strong data-start=\"2415\" data-end=\"2445\">35000 puff disposable vape<\/strong>.<\/p>\n<\/div>\n<\/div>\n<\/div>\n<\/div>\n<\/div>\n<\/div>\n<\/article>","protected":false},"excerpt":{"rendered":"<p data-start=\"54\" data-end=\"233\">HIFANCY TWINS 35000 : vape \u00e0 double r\u00e9servoir 35k avec mesh coil, 35 ml, 650 mAh Type-C (~30 min). Saveurs commutables ; performance fiable \u00e0 long cycle.<\/p>","protected":false},"featured_media":21538,"comment_status":"open","ping_status":"closed","template":"","meta":{"_acf_changed":false},"pwb-brand":[170],"product_brand":[],"product_cat":[88,89,84,93],"product_tag":[70],"class_list":{"0":"post-15355","1":"product","2":"type-product","3":"status-publish","4":"has-post-thumbnail","6":"pwb-brand-hifancy","7":"product_cat-crystal-vape","8":"product_cat-double-tank","9":"product_cat-eu-warehouse-in-stock","10":"product_cat-rechargeable-vapes","11":"product_tag-puff-40k","13":"first","14":"instock","15":"shipping-taxable","16":"purchasable","17":"product-type-variable"},"acf":[],"yoast_head":"<!-- This site is optimized with the Yoast SEO Premium plugin v26.3 (Yoast SEO v26.3) - https:\/\/yoast.com\/wordpress\/plugins\/seo\/ -->\n<title>HIFANCY TWINS 35000 \u2014 Dual-Tank 35k Puff Vape, Mesh, - EuVapen<\/title>\n<meta name=\"description\" content=\"Explore HIFANCY TWINS 35000: a dual-tank 35k puff vape with mesh coil, 35 mL prefill, and 650 mAh Type-C (~30 min). Switch flavors instantly and enjoy stable output\u2014 a standout 35000 puff disposable vape in the HIFANCY 35k class.\" \/>\n<meta name=\"robots\" content=\"index, follow, max-snippet:-1, max-image-preview:large, max-video-preview:-1\" \/>\n<link rel=\"canonical\" href=\"https:\/\/euvapen.com\/fr\/produit\/hifancy-twins-35000-puffs-disposable-vape\/\" \/>\n<meta property=\"og:locale\" content=\"fr_FR\" \/>\n<meta property=\"og:type\" content=\"article\" \/>\n<meta property=\"og:title\" content=\"Hifancy Twins 35000 Puffs\u00a0\u2013 Disposable Vape\" \/>\n<meta property=\"og:description\" content=\"Explore HIFANCY TWINS 35000: a dual-tank 35k puff vape with mesh coil, 35 mL prefill, and 650 mAh Type-C (~30 min). Switch flavors instantly and enjoy stable output\u2014 a standout 35000 puff disposable vape in the HIFANCY 35k class.\" \/>\n<meta property=\"og:url\" content=\"https:\/\/euvapen.com\/fr\/produit\/hifancy-twins-35000-puffs-disposable-vape\/\" \/>\n<meta property=\"og:site_name\" content=\"EuVapen\" \/>\n<meta property=\"article:modified_time\" content=\"2025-11-19T06:46:21+00:00\" \/>\n<meta property=\"og:image\" content=\"https:\/\/euvapen.com\/wp-content\/uploads\/2025\/11\/Hifancy-Twins-35000-Disposable-Vape-35K-Puffs-Double-Tank-EU-Warehouse.webp\" \/>\n\t<meta property=\"og:image:width\" content=\"1000\" \/>\n\t<meta property=\"og:image:height\" content=\"1000\" \/>\n\t<meta property=\"og:image:type\" content=\"image\/webp\" \/>\n<meta name=\"twitter:card\" content=\"summary_large_image\" \/>\n<meta name=\"twitter:label1\" content=\"Disponibilit\u00e9\" \/>\n\t<meta name=\"twitter:data1\" content=\"En stock\" \/>\n<script type=\"application\/ld+json\" class=\"yoast-schema-graph\">{\"@context\":\"https:\/\/schema.org\",\"@graph\":[{\"@type\":\"WebPage\",\"@id\":\"https:\/\/euvapen.com\/product\/hifancy-twins-35000-puffs-disposable-vape\/\",\"url\":\"https:\/\/euvapen.com\/product\/hifancy-twins-35000-puffs-disposable-vape\/\",\"name\":\"HIFANCY TWINS 35000 \u2014 Dual-Tank 35k Puff Vape, Mesh, - EuVapen\",\"isPartOf\":{\"@id\":\"https:\/\/euvapen.com\/#website\"},\"primaryImageOfPage\":{\"@id\":\"https:\/\/euvapen.com\/product\/hifancy-twins-35000-puffs-disposable-vape\/#primaryimage\"},\"image\":{\"@id\":\"https:\/\/euvapen.com\/product\/hifancy-twins-35000-puffs-disposable-vape\/#primaryimage\"},\"thumbnailUrl\":\"https:\/\/euvapen.com\/wp-content\/uploads\/2025\/11\/Hifancy-Twins-35000-Disposable-Vape-35K-Puffs-Double-Tank-EU-Warehouse.webp\",\"datePublished\":\"2025-11-07T08:36:36+00:00\",\"dateModified\":\"2025-11-19T06:46:21+00:00\",\"description\":\"Explore HIFANCY TWINS 35000: a dual-tank 35k puff vape with mesh coil, 35 mL prefill, and 650 mAh Type-C (~30 min). Switch flavors instantly and enjoy stable output\u2014 a standout 35000 puff disposable vape in the HIFANCY 35k class.\",\"breadcrumb\":{\"@id\":\"https:\/\/euvapen.com\/product\/hifancy-twins-35000-puffs-disposable-vape\/#breadcrumb\"},\"inLanguage\":\"fr-FR\",\"potentialAction\":[{\"@type\":\"ReadAction\",\"target\":[\"https:\/\/euvapen.com\/product\/hifancy-twins-35000-puffs-disposable-vape\/\"]}]},{\"@type\":\"ImageObject\",\"inLanguage\":\"fr-FR\",\"@id\":\"https:\/\/euvapen.com\/product\/hifancy-twins-35000-puffs-disposable-vape\/#primaryimage\",\"url\":\"https:\/\/euvapen.com\/wp-content\/uploads\/2025\/11\/Hifancy-Twins-35000-Disposable-Vape-35K-Puffs-Double-Tank-EU-Warehouse.webp\",\"contentUrl\":\"https:\/\/euvapen.com\/wp-content\/uploads\/2025\/11\/Hifancy-Twins-35000-Disposable-Vape-35K-Puffs-Double-Tank-EU-Warehouse.webp\",\"width\":1000,\"height\":1000,\"caption\":\"Hifancy Twins 35000 Disposable Vape 35K Puffs Double Tank EU Warehouse\"},{\"@type\":\"BreadcrumbList\",\"@id\":\"https:\/\/euvapen.com\/product\/hifancy-twins-35000-puffs-disposable-vape\/#breadcrumb\",\"itemListElement\":[{\"@type\":\"ListItem\",\"position\":1,\"name\":\"Home\",\"item\":\"https:\/\/euvapen.com\/\"},{\"@type\":\"ListItem\",\"position\":2,\"name\":\"Shop\",\"item\":\"https:\/\/euvapen.com\/shop\/\"},{\"@type\":\"ListItem\",\"position\":3,\"name\":\"Hifancy Twins 35000 Puffs\u00a0\u2013 Disposable Vape\"}]},{\"@type\":\"WebSite\",\"@id\":\"https:\/\/euvapen.com\/#website\",\"url\":\"https:\/\/euvapen.com\/\",\"name\":\"bestpuffvape\",\"description\":\"\",\"publisher\":{\"@id\":\"https:\/\/euvapen.com\/#organization\"},\"potentialAction\":[{\"@type\":\"SearchAction\",\"target\":{\"@type\":\"EntryPoint\",\"urlTemplate\":\"https:\/\/euvapen.com\/?s={search_term_string}\"},\"query-input\":{\"@type\":\"PropertyValueSpecification\",\"valueRequired\":true,\"valueName\":\"search_term_string\"}}],\"inLanguage\":\"fr-FR\"},{\"@type\":[\"Organization\",\"Place\"],\"@id\":\"https:\/\/euvapen.com\/#organization\",\"name\":\"bestpuffvape\",\"alternateName\":\"bestpuffvape\",\"url\":\"https:\/\/euvapen.com\/\",\"logo\":{\"@id\":\"https:\/\/euvapen.com\/product\/hifancy-twins-35000-puffs-disposable-vape\/#local-main-organization-logo\"},\"image\":{\"@id\":\"https:\/\/euvapen.com\/product\/hifancy-twins-35000-puffs-disposable-vape\/#local-main-organization-logo\"},\"telephone\":[],\"openingHoursSpecification\":[{\"@type\":\"OpeningHoursSpecification\",\"dayOfWeek\":[\"Monday\",\"Tuesday\",\"Wednesday\",\"Thursday\",\"Friday\",\"Saturday\",\"Sunday\"],\"opens\":\"00:00\",\"closes\":\"23:59\"}]},{\"@type\":\"ImageObject\",\"inLanguage\":\"fr-FR\",\"@id\":\"https:\/\/euvapen.com\/product\/hifancy-twins-35000-puffs-disposable-vape\/#local-main-organization-logo\",\"url\":\"https:\/\/euvapen.com\/wp-content\/uploads\/2025\/10\/cropped-puffvape-logo.png\",\"contentUrl\":\"https:\/\/euvapen.com\/wp-content\/uploads\/2025\/10\/cropped-puffvape-logo.png\",\"width\":512,\"height\":512,\"caption\":\"bestpuffvape\"}]}<\/script>\n<meta property=\"og:availability\" content=\"instock\" \/>\n<meta property=\"product:availability\" content=\"instock\" \/>\n<meta property=\"product:retailer_item_id\" content=\"Hifancy-Twins-35k\" \/>\n<meta property=\"product:condition\" content=\"new\" \/>\n<!-- \/ Yoast SEO Premium plugin. -->","yoast_head_json":{"title":"HIFANCY TWINS 35000 \u2014 Dual-Tank 35k Puff Vape, Mesh, - EuVapen","description":"D\u00e9couvrez HIFANCY TWINS 35000 : une vape \u00e0 deux r\u00e9servoirs de 35k puff avec mesh coil, 35 ml de pr\u00e9-remplissage et 650 mAh Type-C (~30 min). Changez de saveurs instantan\u00e9ment et profitez d'un rendement stable - une vape jetable de 35000 bouff\u00e9es qui se d\u00e9marque dans la cat\u00e9gorie HIFANCY 35k.","robots":{"index":"index","follow":"follow","max-snippet":"max-snippet:-1","max-image-preview":"max-image-preview:large","max-video-preview":"max-video-preview:-1"},"canonical":"https:\/\/euvapen.com\/fr\/produit\/hifancy-twins-35000-puffs-disposable-vape\/","og_locale":"fr_FR","og_type":"article","og_title":"Hifancy Twins 35000 Puffs\u00a0\u2013 Disposable Vape","og_description":"Explore HIFANCY TWINS 35000: a dual-tank 35k puff vape with mesh coil, 35 mL prefill, and 650 mAh Type-C (~30 min). Switch flavors instantly and enjoy stable output\u2014 a standout 35000 puff disposable vape in the HIFANCY 35k class.","og_url":"https:\/\/euvapen.com\/fr\/produit\/hifancy-twins-35000-puffs-disposable-vape\/","og_site_name":"EuVapen","article_modified_time":"2025-11-19T06:46:21+00:00","og_image":[{"width":1000,"height":1000,"url":"https:\/\/euvapen.com\/wp-content\/uploads\/2025\/11\/Hifancy-Twins-35000-Disposable-Vape-35K-Puffs-Double-Tank-EU-Warehouse.webp","type":"image\/webp"}],"twitter_card":"summary_large_image","twitter_misc":{"Disponibilit\u00e9":"En stock"},"schema":{"@context":"https:\/\/schema.org","@graph":[{"@type":"WebPage","@id":"https:\/\/euvapen.com\/product\/hifancy-twins-35000-puffs-disposable-vape\/","url":"https:\/\/euvapen.com\/product\/hifancy-twins-35000-puffs-disposable-vape\/","name":"HIFANCY TWINS 35000 \u2014 Dual-Tank 35k Puff Vape, Mesh, - EuVapen","isPartOf":{"@id":"https:\/\/euvapen.com\/#website"},"primaryImageOfPage":{"@id":"https:\/\/euvapen.com\/product\/hifancy-twins-35000-puffs-disposable-vape\/#primaryimage"},"image":{"@id":"https:\/\/euvapen.com\/product\/hifancy-twins-35000-puffs-disposable-vape\/#primaryimage"},"thumbnailUrl":"https:\/\/euvapen.com\/wp-content\/uploads\/2025\/11\/Hifancy-Twins-35000-Disposable-Vape-35K-Puffs-Double-Tank-EU-Warehouse.webp","datePublished":"2025-11-07T08:36:36+00:00","dateModified":"2025-11-19T06:46:21+00:00","description":"D\u00e9couvrez HIFANCY TWINS 35000 : une vape \u00e0 deux r\u00e9servoirs de 35k puff avec mesh coil, 35 ml de pr\u00e9-remplissage et 650 mAh Type-C (~30 min). Changez de saveurs instantan\u00e9ment et profitez d'un rendement stable - une vape jetable de 35000 bouff\u00e9es qui se d\u00e9marque dans la cat\u00e9gorie HIFANCY 35k.","breadcrumb":{"@id":"https:\/\/euvapen.com\/product\/hifancy-twins-35000-puffs-disposable-vape\/#breadcrumb"},"inLanguage":"fr-FR","potentialAction":[{"@type":"ReadAction","target":["https:\/\/euvapen.com\/product\/hifancy-twins-35000-puffs-disposable-vape\/"]}]},{"@type":"ImageObject","inLanguage":"fr-FR","@id":"https:\/\/euvapen.com\/product\/hifancy-twins-35000-puffs-disposable-vape\/#primaryimage","url":"https:\/\/euvapen.com\/wp-content\/uploads\/2025\/11\/Hifancy-Twins-35000-Disposable-Vape-35K-Puffs-Double-Tank-EU-Warehouse.webp","contentUrl":"https:\/\/euvapen.com\/wp-content\/uploads\/2025\/11\/Hifancy-Twins-35000-Disposable-Vape-35K-Puffs-Double-Tank-EU-Warehouse.webp","width":1000,"height":1000,"caption":"Hifancy Twins 35000 Disposable Vape 35K Puffs Double Tank EU Warehouse"},{"@type":"BreadcrumbList","@id":"https:\/\/euvapen.com\/product\/hifancy-twins-35000-puffs-disposable-vape\/#breadcrumb","itemListElement":[{"@type":"ListItem","position":1,"name":"Home","item":"https:\/\/euvapen.com\/"},{"@type":"ListItem","position":2,"name":"Shop","item":"https:\/\/euvapen.com\/shop\/"},{"@type":"ListItem","position":3,"name":"Hifancy Twins 35000 Puffs\u00a0\u2013 Disposable Vape"}]},{"@type":"WebSite","@id":"https:\/\/euvapen.com\/#website","url":"https:\/\/euvapen.com\/","name":"bestpuffvape","description":"","publisher":{"@id":"https:\/\/euvapen.com\/#organization"},"potentialAction":[{"@type":"SearchAction","target":{"@type":"EntryPoint","urlTemplate":"https:\/\/euvapen.com\/?s={search_term_string}"},"query-input":{"@type":"PropertyValueSpecification","valueRequired":true,"valueName":"search_term_string"}}],"inLanguage":"fr-FR"},{"@type":["Organization","Place"],"@id":"https:\/\/euvapen.com\/#organization","name":"bestpuffvape","alternateName":"bestpuffvape","url":"https:\/\/euvapen.com\/","logo":{"@id":"https:\/\/euvapen.com\/product\/hifancy-twins-35000-puffs-disposable-vape\/#local-main-organization-logo"},"image":{"@id":"https:\/\/euvapen.com\/product\/hifancy-twins-35000-puffs-disposable-vape\/#local-main-organization-logo"},"telephone":[],"openingHoursSpecification":[{"@type":"OpeningHoursSpecification","dayOfWeek":["Monday","Tuesday","Wednesday","Thursday","Friday","Saturday","Sunday"],"opens":"00:00","closes":"23:59"}]},{"@type":"ImageObject","inLanguage":"fr-FR","@id":"https:\/\/euvapen.com\/product\/hifancy-twins-35000-puffs-disposable-vape\/#local-main-organization-logo","url":"https:\/\/euvapen.com\/wp-content\/uploads\/2025\/10\/cropped-puffvape-logo.png","contentUrl":"https:\/\/euvapen.com\/wp-content\/uploads\/2025\/10\/cropped-puffvape-logo.png","width":512,"height":512,"caption":"bestpuffvape"}]},"og_availability":"instock","product_availability":"instock","product_retailer_item_id":"Hifancy-Twins-35k","product_condition":"new"},"brands":[{"id":170,"name":"Hifancy","slug":"hifancy"}],"tiered_pricing_type":"fixed","tiered_pricing_fixed_rules":{"30":"11.5","50":"10.5","100":"9.8","200":"9.5"},"tiered_pricing_product_settings":{"layout":"default","base_unit_name":{"singular":null,"plural":null},"default_variation":{}},"tiered_pricing_minimum_quantity":10,"tiered_pricing_roles_data":[],"tiered_pricing_percentage_rules":[],"tiered_pricing_maximum_quantity":null,"tiered_pricing_quantity_step":null,"_links":{"self":[{"href":"https:\/\/euvapen.com\/fr\/wp-json\/wp\/v2\/product\/15355","targetHints":{"allow":["GET"]}}],"collection":[{"href":"https:\/\/euvapen.com\/fr\/wp-json\/wp\/v2\/product"}],"about":[{"href":"https:\/\/euvapen.com\/fr\/wp-json\/wp\/v2\/types\/product"}],"replies":[{"embeddable":true,"href":"https:\/\/euvapen.com\/fr\/wp-json\/wp\/v2\/comments?post=15355"}],"wp:featuredmedia":[{"embeddable":true,"href":"https:\/\/euvapen.com\/fr\/wp-json\/wp\/v2\/media\/21538"}],"wp:attachment":[{"href":"https:\/\/euvapen.com\/fr\/wp-json\/wp\/v2\/media?parent=15355"}],"wp:term":[{"taxonomy":"pwb-brand","embeddable":true,"href":"https:\/\/euvapen.com\/fr\/wp-json\/wp\/v2\/pwb-brand?post=15355"},{"taxonomy":"product_brand","embeddable":true,"href":"https:\/\/euvapen.com\/fr\/wp-json\/wp\/v2\/product_brand?post=15355"},{"taxonomy":"product_cat","embeddable":true,"href":"https:\/\/euvapen.com\/fr\/wp-json\/wp\/v2\/product_cat?post=15355"},{"taxonomy":"product_tag","embeddable":true,"href":"https:\/\/euvapen.com\/fr\/wp-json\/wp\/v2\/product_tag?post=15355"}],"curies":[{"name":"wp","href":"https:\/\/api.w.org\/{rel}","templated":true}]}}