{"id":15357,"date":"2025-11-07T08:23:36","date_gmt":"2025-11-07T08:23:36","guid":{"rendered":"https:\/\/euvapen.com\/?post_type=product&#038;p=15357"},"modified":"2025-11-19T06:44:22","modified_gmt":"2025-11-19T06:44:22","slug":"hifancy-space-50000-puffs-disposable-vape","status":"publish","type":"product","link":"https:\/\/euvapen.com\/fr\/produit\/hifancy-space-50000-puffs-disposable-vape\/","title":{"rendered":"Hifancy Space 50000 Puffs - Vape jetable"},"content":{"rendered":"<h1 data-start=\"244\" data-end=\"310\">Hifancy Space 50000 - Vape de haute capacit\u00e9 50k avec pr\u00e9cision de maillage<\/h1>\n<p data-start=\"312\" data-end=\"710\">Les <strong data-start=\"316\" data-end=\"339\">Espace Hifancy 50000<\/strong> regroupe un r\u00e9servoir de 30 ml, une unit\u00e9 d'alimentation Type-C de 750 mAh et une plateforme mesh-coil pour soutenir la production sur des cycles prolong\u00e9s. Positionn\u00e9 comme un produit phare <strong data-start=\"492\" data-end=\"510\">50k puffs vape<\/strong>, ce mod\u00e8le dans le <strong data-start=\"530\" data-end=\"547\">hifancy 50000<\/strong> se concentre sur la stabilit\u00e9 des ar\u00f4mes, la rapidit\u00e9 de recharge et la pr\u00e9visibilit\u00e9 des performances au quotidien, ce qui en fait un produit cr\u00e9dible. <strong data-start=\"660\" data-end=\"690\">50000 puff disposable vape<\/strong> pour une utilisation \u00e0 long terme.<\/p>\n<h2 data-start=\"712\" data-end=\"733\">Principales sp\u00e9cifications de Hifancy Space 50000<\/h2>\n<ul data-start=\"734\" data-end=\"1162\">\n<li data-start=\"734\" data-end=\"810\">\n<p data-start=\"736\" data-end=\"810\"><strong data-start=\"736\" data-end=\"752\">Taux de bouff\u00e9e :<\/strong> jusqu'\u00e0 <strong data-start=\"759\" data-end=\"769\">50,000<\/strong> (en fonction de l'utilisation) - <strong data-start=\"790\" data-end=\"802\">50k vape<\/strong> classe<\/p>\n<\/li>\n<li data-start=\"811\" data-end=\"865\">\n<p data-start=\"813\" data-end=\"865\"><strong data-start=\"813\" data-end=\"826\">E-liquide :<\/strong> <strong data-start=\"827\" data-end=\"836\">30 ml<\/strong> pr\u00e9-rempli (non rechargeable)<\/p>\n<\/li>\n<li data-start=\"866\" data-end=\"939\">\n<p data-start=\"868\" data-end=\"939\"><strong data-start=\"868\" data-end=\"880\">Batterie :<\/strong> <strong data-start=\"881\" data-end=\"892\">750 mAh<\/strong>; recharge rapide Type-C (~30 minutes, typique)<\/p>\n<\/li>\n<li data-start=\"940\" data-end=\"1013\">\n<p data-start=\"942\" data-end=\"1013\"><strong data-start=\"942\" data-end=\"951\">Bobine :<\/strong> atomisation en maille pour un a\u00e9rosol uniforme et un ar\u00f4me reproductible<\/p>\n<\/li>\n<li data-start=\"1014\" data-end=\"1093\">\n<p data-start=\"1016\" data-end=\"1093\"><strong data-start=\"1016\" data-end=\"1039\">Teneur en nicotine :<\/strong> <strong data-start=\"1040\" data-end=\"1056\">2% \/ 3% \/ 5%<\/strong> (disponibilit\u00e9 par r\u00e9gion et par lot)<\/p>\n<\/li>\n<li data-start=\"1094\" data-end=\"1162\">\n<p data-start=\"1096\" data-end=\"1162\"><strong data-start=\"1096\" data-end=\"1110\">Emballage :<\/strong> <strong data-start=\"1111\" data-end=\"1127\">10 pi\u00e8ces \/ bo\u00eete<\/strong>; Possibilit\u00e9 de livraison dans les entrep\u00f4ts de l'UE<\/p>\n<\/li>\n<\/ul>\n<h2 data-start=\"1164\" data-end=\"1190\">Performance et endurance<\/h2>\n<ul data-start=\"1191\" data-end=\"1550\">\n<li data-start=\"1191\" data-end=\"1323\">\n<p data-start=\"1193\" data-end=\"1323\"><strong data-start=\"1193\" data-end=\"1217\">Livraison coh\u00e9rente :<\/strong> La plateforme en maille r\u00e9partit la chaleur de fa\u00e7on homog\u00e8ne pour limiter les coups secs et pr\u00e9server l'intensit\u00e9 de la premi\u00e8re \u00e0 la derni\u00e8re bouff\u00e9e.<\/p>\n<\/li>\n<li data-start=\"1324\" data-end=\"1448\">\n<p data-start=\"1326\" data-end=\"1448\"><strong data-start=\"1326\" data-end=\"1347\">Gestion de l'\u00e9nergie :<\/strong> une cellule efficace de 750 mAh associ\u00e9e \u00e0 une rotation rapide de type C maximise l'utilisation du r\u00e9servoir de 30 ml.<\/p>\n<\/li>\n<li data-start=\"1449\" data-end=\"1550\">\n<p data-start=\"1451\" data-end=\"1550\"><strong data-start=\"1451\" data-end=\"1479\">Fiabilit\u00e9 op\u00e9rationnelle :<\/strong> sortie scell\u00e9e, activ\u00e9e par tirage au sort, non variable, pour une utilisation quotidienne stable.<\/p>\n<\/li>\n<\/ul>\n<h2 data-start=\"1552\" data-end=\"1583\">Catalogue d'ar\u00f4mes Hifancy Space 50000 (s\u00e9lection)<\/h2>\n<p>1.Lady Killa (Myrtille+Mangue+Cranberry Mint)<\/p>\n<p>2. baies m\u00e9lang\u00e9es<\/p>\n<p>3. framboise past\u00e8que<\/p>\n<p>4. fraise kiwi<\/p>\n<p>5.Amour 66<\/p>\n<p>6. p\u00eache mangue ananas<\/p>\n<p>7. sexe sur la plage\uff08Orange+p\u00eache+rhum de baie\uff09<\/p>\n<p>8. kiwi fruit de la passion goyave<\/p>\n<p>9. l'\u00e9clat de raisin<\/p>\n<p>10. glace aux myrtilles<\/p>\n<p data-start=\"1584\" data-end=\"1822\">Un ensemble de produits s\u00e9lectionn\u00e9s et fruit\u00e9s, con\u00e7us pour la clart\u00e9 et l'\u00e9quilibre, comprenant des m\u00e9langes complexes (par exemple, les vins de l'Union europ\u00e9enne) et des vins de l'Union europ\u00e9enne, <strong data-start=\"1679\" data-end=\"1730\">Lady Killa - Myrtille \/ Mangue \/ Canneberge Menthe<\/strong>) et les profils unidirectionnels tels que <strong data-start=\"1770\" data-end=\"1785\">\u00c9clat de raisin<\/strong>. Catalogue complet disponible par lot.<\/p>\n<h2 data-start=\"1824\" data-end=\"1839\">\u00c0 qui cela convient-il ?<\/h2>\n<p data-start=\"1840\" data-end=\"1996\">Utilisateurs adultes (18+) \u00e0 la recherche d'un <strong data-start=\"1868\" data-end=\"1886\">50k puffs vape<\/strong> avec une long\u00e9vit\u00e9 mesurable, une recharge rapide et des familles de saveurs centr\u00e9es sur les fruits dans un format compact jetable.<\/p>\n<h2 data-start=\"1998\" data-end=\"2024\">Exp\u00e9dition et authenticit\u00e9<\/h2>\n<p data-start=\"2025\" data-end=\"2208\">Les commandes de l'UE sont exp\u00e9di\u00e9es \u00e0 partir d'entrep\u00f4ts de l'UE avec contr\u00f4le des lots et suivi ; l'emballage en carton est <strong data-start=\"2112\" data-end=\"2128\">10 pi\u00e8ces \/ bo\u00eete<\/strong>. Documentation (\u00e9tiquettes\/COA) disponible sur demande pour soutenir les op\u00e9rations de la cha\u00eene.<\/p>\n<p data-start=\"2210\" data-end=\"2535\" data-is-last-node=\"\" data-is-only-node=\"\"><strong data-start=\"2210\" data-end=\"2221\">R\u00e9sum\u00e9<\/strong><br data-start=\"2221\" data-end=\"2224\" \/><strong data-start=\"2224\" data-end=\"2247\">Espace Hifancy 50000<\/strong> allie la capacit\u00e9, la simplicit\u00e9 de l'interface et l'homog\u00e9n\u00e9it\u00e9 de l'enroulement des mailles dans un appareil jetable \u00e0 long cycle. En tant que <strong data-start=\"2355\" data-end=\"2378\">Espace Hifancy 50000<\/strong> et d'un dispositif fiable de <strong data-start=\"2401\" data-end=\"2431\">50000 puff disposable vape<\/strong> choix au sein de l <strong data-start=\"2450\" data-end=\"2467\">hifancy 50000<\/strong> il \u00e9tablit une r\u00e9f\u00e9rence claire en mati\u00e8re d'endurance et d'int\u00e9grit\u00e9 de la saveur.<\/p>","protected":false},"excerpt":{"rendered":"<p data-start=\"54\" data-end=\"222\">Hifancy Space 50000 : 50k puffs, 30 mL, mesh coil, 750 mAh Type-C. Une vape fiable de 50k avec une recharge rapide et une saveur constante.<\/p>","protected":false},"featured_media":21512,"comment_status":"open","ping_status":"closed","template":"","meta":{"_acf_changed":false},"pwb-brand":[170],"product_brand":[],"product_cat":[87,88,57,84,93,95],"product_tag":[59],"class_list":{"0":"post-15357","1":"product","2":"type-product","3":"status-publish","4":"has-post-thumbnail","6":"pwb-brand-hifancy","7":"product_cat-big-puff-vape","8":"product_cat-crystal-vape","9":"product_cat-disposable-vape","10":"product_cat-eu-warehouse-in-stock","11":"product_cat-rechargeable-vapes","12":"product_cat-vape-with-screen","13":"product_tag-puff-50k","15":"first","16":"instock","17":"shipping-taxable","18":"purchasable","19":"product-type-variable"},"acf":[],"yoast_head":"<!-- This site is optimized with the Yoast SEO Premium plugin v26.3 (Yoast SEO v26.3) - https:\/\/yoast.com\/wordpress\/plugins\/seo\/ -->\n<title>Hifancy Space 50000 \u2014 50k Puffs Vape, Mesh, 30 mL, Type-C - EuVapen<\/title>\n<meta name=\"description\" content=\"Explore Hifancy Space 50000: a 50000 puff disposable vape with 30 mL prefill, mesh coil, and 750 mAh Type-C (\u224830 min). A reliable 50k puffs vape in the hifancy 50000 line; EU fulfilment available.\" \/>\n<meta name=\"robots\" content=\"index, follow, max-snippet:-1, max-image-preview:large, max-video-preview:-1\" \/>\n<link rel=\"canonical\" href=\"https:\/\/euvapen.com\/fr\/produit\/hifancy-space-50000-puffs-disposable-vape\/\" \/>\n<meta property=\"og:locale\" content=\"fr_FR\" \/>\n<meta property=\"og:type\" content=\"article\" \/>\n<meta property=\"og:title\" content=\"Hifancy Space 50000 Puffs\u00a0\u2013 Disposable Vape\" \/>\n<meta property=\"og:description\" content=\"Explore Hifancy Space 50000: a 50000 puff disposable vape with 30 mL prefill, mesh coil, and 750 mAh Type-C (\u224830 min). A reliable 50k puffs vape in the hifancy 50000 line; EU fulfilment available.\" \/>\n<meta property=\"og:url\" content=\"https:\/\/euvapen.com\/fr\/produit\/hifancy-space-50000-puffs-disposable-vape\/\" \/>\n<meta property=\"og:site_name\" content=\"EuVapen\" \/>\n<meta property=\"article:modified_time\" content=\"2025-11-19T06:44:22+00:00\" \/>\n<meta property=\"og:image\" content=\"https:\/\/euvapen.com\/wp-content\/uploads\/2025\/11\/Hifancy-Space-50000-Puffs-Disposable-Vape-3.webp\" \/>\n\t<meta property=\"og:image:width\" content=\"1000\" \/>\n\t<meta property=\"og:image:height\" content=\"1000\" \/>\n\t<meta property=\"og:image:type\" content=\"image\/webp\" \/>\n<meta name=\"twitter:card\" content=\"summary_large_image\" \/>\n<meta name=\"twitter:label1\" content=\"Disponibilit\u00e9\" \/>\n\t<meta name=\"twitter:data1\" content=\"En stock\" \/>\n<script type=\"application\/ld+json\" class=\"yoast-schema-graph\">{\"@context\":\"https:\/\/schema.org\",\"@graph\":[{\"@type\":\"WebPage\",\"@id\":\"https:\/\/euvapen.com\/product\/hifancy-space-50000-puffs-disposable-vape\/\",\"url\":\"https:\/\/euvapen.com\/product\/hifancy-space-50000-puffs-disposable-vape\/\",\"name\":\"Hifancy Space 50000 \u2014 50k Puffs Vape, Mesh, 30 mL, Type-C - EuVapen\",\"isPartOf\":{\"@id\":\"https:\/\/euvapen.com\/#website\"},\"primaryImageOfPage\":{\"@id\":\"https:\/\/euvapen.com\/product\/hifancy-space-50000-puffs-disposable-vape\/#primaryimage\"},\"image\":{\"@id\":\"https:\/\/euvapen.com\/product\/hifancy-space-50000-puffs-disposable-vape\/#primaryimage\"},\"thumbnailUrl\":\"https:\/\/euvapen.com\/wp-content\/uploads\/2025\/11\/Hifancy-Space-50000-Puffs-Disposable-Vape-3.webp\",\"datePublished\":\"2025-11-07T08:23:36+00:00\",\"dateModified\":\"2025-11-19T06:44:22+00:00\",\"description\":\"Explore Hifancy Space 50000: a 50000 puff disposable vape with 30 mL prefill, mesh coil, and 750 mAh Type-C (\u224830 min). A reliable 50k puffs vape in the hifancy 50000 line; EU fulfilment available.\",\"breadcrumb\":{\"@id\":\"https:\/\/euvapen.com\/product\/hifancy-space-50000-puffs-disposable-vape\/#breadcrumb\"},\"inLanguage\":\"fr-FR\",\"potentialAction\":[{\"@type\":\"ReadAction\",\"target\":[\"https:\/\/euvapen.com\/product\/hifancy-space-50000-puffs-disposable-vape\/\"]}]},{\"@type\":\"ImageObject\",\"inLanguage\":\"fr-FR\",\"@id\":\"https:\/\/euvapen.com\/product\/hifancy-space-50000-puffs-disposable-vape\/#primaryimage\",\"url\":\"https:\/\/euvapen.com\/wp-content\/uploads\/2025\/11\/Hifancy-Space-50000-Puffs-Disposable-Vape-3.webp\",\"contentUrl\":\"https:\/\/euvapen.com\/wp-content\/uploads\/2025\/11\/Hifancy-Space-50000-Puffs-Disposable-Vape-3.webp\",\"width\":1000,\"height\":1000,\"caption\":\"Hifancy Space 50000 Puffs Disposable Vape #3\"},{\"@type\":\"BreadcrumbList\",\"@id\":\"https:\/\/euvapen.com\/product\/hifancy-space-50000-puffs-disposable-vape\/#breadcrumb\",\"itemListElement\":[{\"@type\":\"ListItem\",\"position\":1,\"name\":\"Home\",\"item\":\"https:\/\/euvapen.com\/\"},{\"@type\":\"ListItem\",\"position\":2,\"name\":\"Shop\",\"item\":\"https:\/\/euvapen.com\/shop\/\"},{\"@type\":\"ListItem\",\"position\":3,\"name\":\"Hifancy Space 50000 Puffs\u00a0\u2013 Disposable Vape\"}]},{\"@type\":\"WebSite\",\"@id\":\"https:\/\/euvapen.com\/#website\",\"url\":\"https:\/\/euvapen.com\/\",\"name\":\"bestpuffvape\",\"description\":\"\",\"publisher\":{\"@id\":\"https:\/\/euvapen.com\/#organization\"},\"potentialAction\":[{\"@type\":\"SearchAction\",\"target\":{\"@type\":\"EntryPoint\",\"urlTemplate\":\"https:\/\/euvapen.com\/?s={search_term_string}\"},\"query-input\":{\"@type\":\"PropertyValueSpecification\",\"valueRequired\":true,\"valueName\":\"search_term_string\"}}],\"inLanguage\":\"fr-FR\"},{\"@type\":[\"Organization\",\"Place\"],\"@id\":\"https:\/\/euvapen.com\/#organization\",\"name\":\"bestpuffvape\",\"alternateName\":\"bestpuffvape\",\"url\":\"https:\/\/euvapen.com\/\",\"logo\":{\"@id\":\"https:\/\/euvapen.com\/product\/hifancy-space-50000-puffs-disposable-vape\/#local-main-organization-logo\"},\"image\":{\"@id\":\"https:\/\/euvapen.com\/product\/hifancy-space-50000-puffs-disposable-vape\/#local-main-organization-logo\"},\"telephone\":[],\"openingHoursSpecification\":[{\"@type\":\"OpeningHoursSpecification\",\"dayOfWeek\":[\"Monday\",\"Tuesday\",\"Wednesday\",\"Thursday\",\"Friday\",\"Saturday\",\"Sunday\"],\"opens\":\"00:00\",\"closes\":\"23:59\"}]},{\"@type\":\"ImageObject\",\"inLanguage\":\"fr-FR\",\"@id\":\"https:\/\/euvapen.com\/product\/hifancy-space-50000-puffs-disposable-vape\/#local-main-organization-logo\",\"url\":\"https:\/\/euvapen.com\/wp-content\/uploads\/2025\/10\/cropped-puffvape-logo.png\",\"contentUrl\":\"https:\/\/euvapen.com\/wp-content\/uploads\/2025\/10\/cropped-puffvape-logo.png\",\"width\":512,\"height\":512,\"caption\":\"bestpuffvape\"}]}<\/script>\n<meta property=\"og:availability\" content=\"instock\" \/>\n<meta property=\"product:availability\" content=\"instock\" \/>\n<meta property=\"product:retailer_item_id\" content=\"Hifancy-Space-50k\" \/>\n<meta property=\"product:condition\" content=\"new\" \/>\n<!-- \/ Yoast SEO Premium plugin. -->","yoast_head_json":{"title":"Hifancy Space 50000 \u2014 50k Puffs Vape, Mesh, 30 mL, Type-C - EuVapen","description":"D\u00e9couvrez le Hifancy Space 50000 : une vape jetable de 50000 puff avec 30 ml de pr\u00e9-remplissage, mesh coil, et 750 mAh Type-C (\u224830 min). Une vape fiable de 50 000 bouff\u00e9es dans la gamme 50000 de Hifancy ; livraison dans l'UE disponible.","robots":{"index":"index","follow":"follow","max-snippet":"max-snippet:-1","max-image-preview":"max-image-preview:large","max-video-preview":"max-video-preview:-1"},"canonical":"https:\/\/euvapen.com\/fr\/produit\/hifancy-space-50000-puffs-disposable-vape\/","og_locale":"fr_FR","og_type":"article","og_title":"Hifancy Space 50000 Puffs\u00a0\u2013 Disposable Vape","og_description":"Explore Hifancy Space 50000: a 50000 puff disposable vape with 30 mL prefill, mesh coil, and 750 mAh Type-C (\u224830 min). A reliable 50k puffs vape in the hifancy 50000 line; EU fulfilment available.","og_url":"https:\/\/euvapen.com\/fr\/produit\/hifancy-space-50000-puffs-disposable-vape\/","og_site_name":"EuVapen","article_modified_time":"2025-11-19T06:44:22+00:00","og_image":[{"width":1000,"height":1000,"url":"https:\/\/euvapen.com\/wp-content\/uploads\/2025\/11\/Hifancy-Space-50000-Puffs-Disposable-Vape-3.webp","type":"image\/webp"}],"twitter_card":"summary_large_image","twitter_misc":{"Disponibilit\u00e9":"En stock"},"schema":{"@context":"https:\/\/schema.org","@graph":[{"@type":"WebPage","@id":"https:\/\/euvapen.com\/product\/hifancy-space-50000-puffs-disposable-vape\/","url":"https:\/\/euvapen.com\/product\/hifancy-space-50000-puffs-disposable-vape\/","name":"Hifancy Space 50000 \u2014 50k Puffs Vape, Mesh, 30 mL, Type-C - EuVapen","isPartOf":{"@id":"https:\/\/euvapen.com\/#website"},"primaryImageOfPage":{"@id":"https:\/\/euvapen.com\/product\/hifancy-space-50000-puffs-disposable-vape\/#primaryimage"},"image":{"@id":"https:\/\/euvapen.com\/product\/hifancy-space-50000-puffs-disposable-vape\/#primaryimage"},"thumbnailUrl":"https:\/\/euvapen.com\/wp-content\/uploads\/2025\/11\/Hifancy-Space-50000-Puffs-Disposable-Vape-3.webp","datePublished":"2025-11-07T08:23:36+00:00","dateModified":"2025-11-19T06:44:22+00:00","description":"D\u00e9couvrez le Hifancy Space 50000 : une vape jetable de 50000 puff avec 30 ml de pr\u00e9-remplissage, mesh coil, et 750 mAh Type-C (\u224830 min). Une vape fiable de 50 000 bouff\u00e9es dans la gamme 50000 de Hifancy ; livraison dans l'UE disponible.","breadcrumb":{"@id":"https:\/\/euvapen.com\/product\/hifancy-space-50000-puffs-disposable-vape\/#breadcrumb"},"inLanguage":"fr-FR","potentialAction":[{"@type":"ReadAction","target":["https:\/\/euvapen.com\/product\/hifancy-space-50000-puffs-disposable-vape\/"]}]},{"@type":"ImageObject","inLanguage":"fr-FR","@id":"https:\/\/euvapen.com\/product\/hifancy-space-50000-puffs-disposable-vape\/#primaryimage","url":"https:\/\/euvapen.com\/wp-content\/uploads\/2025\/11\/Hifancy-Space-50000-Puffs-Disposable-Vape-3.webp","contentUrl":"https:\/\/euvapen.com\/wp-content\/uploads\/2025\/11\/Hifancy-Space-50000-Puffs-Disposable-Vape-3.webp","width":1000,"height":1000,"caption":"Hifancy Space 50000 Puffs Disposable Vape #3"},{"@type":"BreadcrumbList","@id":"https:\/\/euvapen.com\/product\/hifancy-space-50000-puffs-disposable-vape\/#breadcrumb","itemListElement":[{"@type":"ListItem","position":1,"name":"Home","item":"https:\/\/euvapen.com\/"},{"@type":"ListItem","position":2,"name":"Shop","item":"https:\/\/euvapen.com\/shop\/"},{"@type":"ListItem","position":3,"name":"Hifancy Space 50000 Puffs\u00a0\u2013 Disposable Vape"}]},{"@type":"WebSite","@id":"https:\/\/euvapen.com\/#website","url":"https:\/\/euvapen.com\/","name":"bestpuffvape","description":"","publisher":{"@id":"https:\/\/euvapen.com\/#organization"},"potentialAction":[{"@type":"SearchAction","target":{"@type":"EntryPoint","urlTemplate":"https:\/\/euvapen.com\/?s={search_term_string}"},"query-input":{"@type":"PropertyValueSpecification","valueRequired":true,"valueName":"search_term_string"}}],"inLanguage":"fr-FR"},{"@type":["Organization","Place"],"@id":"https:\/\/euvapen.com\/#organization","name":"bestpuffvape","alternateName":"bestpuffvape","url":"https:\/\/euvapen.com\/","logo":{"@id":"https:\/\/euvapen.com\/product\/hifancy-space-50000-puffs-disposable-vape\/#local-main-organization-logo"},"image":{"@id":"https:\/\/euvapen.com\/product\/hifancy-space-50000-puffs-disposable-vape\/#local-main-organization-logo"},"telephone":[],"openingHoursSpecification":[{"@type":"OpeningHoursSpecification","dayOfWeek":["Monday","Tuesday","Wednesday","Thursday","Friday","Saturday","Sunday"],"opens":"00:00","closes":"23:59"}]},{"@type":"ImageObject","inLanguage":"fr-FR","@id":"https:\/\/euvapen.com\/product\/hifancy-space-50000-puffs-disposable-vape\/#local-main-organization-logo","url":"https:\/\/euvapen.com\/wp-content\/uploads\/2025\/10\/cropped-puffvape-logo.png","contentUrl":"https:\/\/euvapen.com\/wp-content\/uploads\/2025\/10\/cropped-puffvape-logo.png","width":512,"height":512,"caption":"bestpuffvape"}]},"og_availability":"instock","product_availability":"instock","product_retailer_item_id":"Hifancy-Space-50k","product_condition":"new"},"brands":[{"id":170,"name":"Hifancy","slug":"hifancy"}],"tiered_pricing_type":"fixed","tiered_pricing_fixed_rules":{"30":"11","50":"9.8","100":"9.5","200":"9"},"tiered_pricing_product_settings":{"layout":"default","base_unit_name":{"singular":null,"plural":null},"default_variation":{}},"tiered_pricing_minimum_quantity":10,"tiered_pricing_roles_data":[],"tiered_pricing_percentage_rules":[],"tiered_pricing_maximum_quantity":null,"tiered_pricing_quantity_step":null,"_links":{"self":[{"href":"https:\/\/euvapen.com\/fr\/wp-json\/wp\/v2\/product\/15357","targetHints":{"allow":["GET"]}}],"collection":[{"href":"https:\/\/euvapen.com\/fr\/wp-json\/wp\/v2\/product"}],"about":[{"href":"https:\/\/euvapen.com\/fr\/wp-json\/wp\/v2\/types\/product"}],"replies":[{"embeddable":true,"href":"https:\/\/euvapen.com\/fr\/wp-json\/wp\/v2\/comments?post=15357"}],"wp:featuredmedia":[{"embeddable":true,"href":"https:\/\/euvapen.com\/fr\/wp-json\/wp\/v2\/media\/21512"}],"wp:attachment":[{"href":"https:\/\/euvapen.com\/fr\/wp-json\/wp\/v2\/media?parent=15357"}],"wp:term":[{"taxonomy":"pwb-brand","embeddable":true,"href":"https:\/\/euvapen.com\/fr\/wp-json\/wp\/v2\/pwb-brand?post=15357"},{"taxonomy":"product_brand","embeddable":true,"href":"https:\/\/euvapen.com\/fr\/wp-json\/wp\/v2\/product_brand?post=15357"},{"taxonomy":"product_cat","embeddable":true,"href":"https:\/\/euvapen.com\/fr\/wp-json\/wp\/v2\/product_cat?post=15357"},{"taxonomy":"product_tag","embeddable":true,"href":"https:\/\/euvapen.com\/fr\/wp-json\/wp\/v2\/product_tag?post=15357"}],"curies":[{"name":"wp","href":"https:\/\/api.w.org\/{rel}","templated":true}]}}