{"id":16182,"date":"2025-11-10T10:31:30","date_gmt":"2025-11-10T10:31:30","guid":{"rendered":"https:\/\/euvapen.com\/?post_type=product&#038;p=16182"},"modified":"2025-11-19T06:27:01","modified_gmt":"2025-11-19T06:27:01","slug":"jnr-joker-24000-puffs-jetable-vape","status":"publish","type":"product","link":"https:\/\/euvapen.com\/fr\/produit\/jnr-joker-24000-puffs-jetable-vape\/","title":{"rendered":"JNR Joker 24000 Puffs - Vape jetable"},"content":{"rendered":"<h2 data-start=\"245\" data-end=\"317\">JNR Joker 24000 - Compact jnr 24k avec Mesh Coil et Breathing Light<\/h2>\n<p data-start=\"319\" data-end=\"648\">Les <strong data-start=\"323\" data-end=\"342\">JNR Joker 24000<\/strong> est un jetable compact et de grande capacit\u00e9 con\u00e7u pour les utilisateurs qui recherchent un \u00e9quilibre entre la portabilit\u00e9, l'autonomie et la conception visuelle. La dur\u00e9e d'utilisation peut aller jusqu'\u00e0 <strong data-start=\"479\" data-end=\"504\">JNR Joker 24000 Puffs<\/strong> dans des conditions normales, cette <strong data-start=\"536\" data-end=\"547\">jnr 24k<\/strong> est dot\u00e9 d'un r\u00e9servoir de 20 ml, d'un syst\u00e8me d'atomisation mesh-coil et d'une batterie rechargeable Type-C de 650 mAh.<\/p>\n<p data-start=\"650\" data-end=\"853\">Dans la gamme de la marque, il occupe le segment moyen-haut de gamme et est fr\u00e9quemment r\u00e9f\u00e9renc\u00e9 dans les cha\u00eenes comme <strong data-start=\"758\" data-end=\"777\">JNR Joker 24000<\/strong> ou <strong data-start=\"781\" data-end=\"800\">JNR 24000 Puffs<\/strong> pour son format \u00e9tendu, mais toujours aussi convivial.<\/p>\n<p data-start=\"650\" data-end=\"853\"><img fetchpriority=\"high\" decoding=\"async\" class=\"alignnone size-medium wp-image-17757\" src=\"https:\/\/euvapen.com\/wp-content\/uploads\/2025\/11\/jnr-joker-refillable-disposable-vape-300x169.webp\" alt=\"jnr-joker-refillable-disposable-vape\" width=\"300\" height=\"169\" \/> <img decoding=\"async\" class=\"alignnone size-medium wp-image-17755\" src=\"https:\/\/euvapen.com\/wp-content\/uploads\/2025\/11\/JNR-CATALOG-JOKER-300x169.webp\" alt=\"JNR CATALOG-JOKER\" width=\"300\" height=\"169\" \/> <img decoding=\"async\" class=\"alignnone size-medium wp-image-17756\" src=\"https:\/\/euvapen.com\/wp-content\/uploads\/2025\/11\/jnr-joker-refillable-disposable-vape-3-300x169.webp\" alt=\"jnr-joker-refillable-disposable-vape (3)\" width=\"300\" height=\"169\" \/><\/p>\n<h3 data-start=\"855\" data-end=\"877\">JNR Joker 24000 Caract\u00e9ristiques de la cl\u00e9<\/h3>\n<ul data-start=\"879\" data-end=\"1749\">\n<li data-start=\"879\" data-end=\"914\">\n<p data-start=\"881\" data-end=\"914\"><strong data-start=\"881\" data-end=\"896\">Nom du mod\u00e8le :<\/strong> JNR Joker 24000<\/p>\n<\/li>\n<li data-start=\"915\" data-end=\"933\">\n<p data-start=\"917\" data-end=\"933\"><strong data-start=\"917\" data-end=\"927\">Marque :<\/strong> JNR<\/p>\n<\/li>\n<li data-start=\"934\" data-end=\"1025\">\n<p data-start=\"936\" data-end=\"1025\"><strong data-start=\"936\" data-end=\"952\">Taux de bouff\u00e9e :<\/strong> jusqu'\u00e0 24 000 bouff\u00e9es (en fonction de l'utilisation) - cr\u00e9dible <strong data-start=\"1001\" data-end=\"1017\">puff jnr 24k<\/strong> classe<\/p>\n<\/li>\n<li data-start=\"1026\" data-end=\"1085\">\n<p data-start=\"1028\" data-end=\"1085\"><strong data-start=\"1028\" data-end=\"1050\">Capacit\u00e9 en e-liquide :<\/strong> 20 ml pr\u00e9-rempli (non rechargeable)<\/p>\n<\/li>\n<li data-start=\"1086\" data-end=\"1145\">\n<p data-start=\"1088\" data-end=\"1145\"><strong data-start=\"1088\" data-end=\"1111\">Teneur en nicotine :<\/strong> 2% (20 mg\/mL) et 5% (50 mg\/mL)<\/p>\n<\/li>\n<li data-start=\"1146\" data-end=\"1191\">\n<p data-start=\"1148\" data-end=\"1191\"><strong data-start=\"1148\" data-end=\"1160\">Batterie :<\/strong> 650 mAh, Type-C rechargeable<\/p>\n<\/li>\n<li data-start=\"1192\" data-end=\"1258\">\n<p data-start=\"1194\" data-end=\"1258\"><strong data-start=\"1194\" data-end=\"1212\">Temps de charge :<\/strong> environ 40 minutes pour une charge compl\u00e8te (typique)<\/p>\n<\/li>\n<li data-start=\"1259\" data-end=\"1287\">\n<p data-start=\"1261\" data-end=\"1287\"><strong data-start=\"1261\" data-end=\"1275\">Type de bobine :<\/strong> bobine de maille<\/p>\n<\/li>\n<li data-start=\"1288\" data-end=\"1365\">\n<p data-start=\"1290\" data-end=\"1365\"><strong data-start=\"1290\" data-end=\"1314\">Activation \/ sortie :<\/strong> activ\u00e9e par tirage au sort ; tension et puissance non variables<\/p>\n<\/li>\n<li data-start=\"1366\" data-end=\"1458\">\n<p data-start=\"1368\" data-end=\"1391\"><strong data-start=\"1368\" data-end=\"1389\">Caract\u00e9ristiques sp\u00e9ciales :<\/strong><\/p>\n<ul data-start=\"1394\" data-end=\"1458\">\n<li data-start=\"1394\" data-end=\"1422\">\n<p data-start=\"1396\" data-end=\"1422\">Lumi\u00e8re respiratoire color\u00e9e<\/p>\n<\/li>\n<li data-start=\"1425\" data-end=\"1458\">\n<p data-start=\"1427\" data-end=\"1458\">Fen\u00eatre de niveau d'e-liquide visible<\/p>\n<\/li>\n<\/ul>\n<\/li>\n<li data-start=\"1459\" data-end=\"1495\">\n<p data-start=\"1461\" data-end=\"1495\"><strong data-start=\"1461\" data-end=\"1476\">Dimensions :<\/strong> 34 \u00d7 33 \u00d7 153 mm<\/p>\n<\/li>\n<li data-start=\"1496\" data-end=\"1517\">\n<p data-start=\"1498\" data-end=\"1517\"><strong data-start=\"1498\" data-end=\"1509\">Poids :<\/strong> ~83 g<\/p>\n<\/li>\n<li data-start=\"1518\" data-end=\"1578\">\n<p data-start=\"1520\" data-end=\"1578\"><strong data-start=\"1520\" data-end=\"1534\">Emballage :<\/strong> 10 pi\u00e8ces \/ bo\u00eete (emballage cadeau pour le transport)<\/p>\n<\/li>\n<li data-start=\"1579\" data-end=\"1679\">\n<p data-start=\"1581\" data-end=\"1679\"><strong data-start=\"1581\" data-end=\"1603\">Lieu de dispatching :<\/strong> EU warehouse\uff08Les commandes pass\u00e9es en Europe sont exp\u00e9di\u00e9es \u00e0 partir de notre entrep\u00f4t allemand, tandis que les commandes destin\u00e9es \u00e0 d'autres r\u00e9gions sont g\u00e9n\u00e9ralement exp\u00e9di\u00e9es \u00e0 partir de Shenzhen, en Chine. Les commandes pass\u00e9es avant 14 heures en semaine peuvent \u00eatre exp\u00e9di\u00e9es le jour m\u00eame. Nous prenons en charge le DDP (Delivered Duty Paid) en fonction des politiques du pays de destination.\uff09<\/p>\n<\/li>\n<li data-start=\"1680\" data-end=\"1749\">\n<p data-start=\"1682\" data-end=\"1749\"><strong data-start=\"1682\" data-end=\"1699\">Convient pour :<\/strong> adultes 18+ conform\u00e9ment \u00e0 la r\u00e9glementation locale<\/p>\n<\/li>\n<\/ul>\n<p data-start=\"1751\" data-end=\"1901\">La sp\u00e9cification est ajust\u00e9e pour donner <strong data-start=\"1786\" data-end=\"1811\">JNR Joker 24000 Puffs<\/strong> de service dans un ch\u00e2ssis relativement fin et l\u00e9ger, tout en conservant un aspect visuel attrayant.<\/p>\n<h3 data-start=\"1903\" data-end=\"1943\">Conception, respiration de la lumi\u00e8re et visibilit\u00e9<\/h3>\n<p data-start=\"1945\" data-end=\"2164\">Les <strong data-start=\"1949\" data-end=\"1977\">lumi\u00e8re respiratoire color\u00e9e<\/strong> donne un retour visuel pendant l'utilisation et la charge, ajoutant un \u00e9l\u00e9ment de design qui distingue l'appareil du reste de la gamme. <strong data-start=\"2072\" data-end=\"2091\">JNR Joker 24000<\/strong> \u00e0 partir d'articles jetables standard non \u00e9clair\u00e9s. Cet effet visuel soutient :<\/p>\n<ul data-start=\"2166\" data-end=\"2316\">\n<li data-start=\"2166\" data-end=\"2207\">\n<p data-start=\"2168\" data-end=\"2207\">reconnaissance rapide de l'activit\u00e9 de l'appareil,<\/p>\n<\/li>\n<li data-start=\"2208\" data-end=\"2253\">\n<p data-start=\"2210\" data-end=\"2253\">un signal d'\u00e9tat clair dans des conditions de faible luminosit\u00e9,<\/p>\n<\/li>\n<li data-start=\"2254\" data-end=\"2316\">\n<p data-start=\"2256\" data-end=\"2316\">une identit\u00e9 esth\u00e9tique distincte au sein de la <strong data-start=\"2297\" data-end=\"2310\">JNR Joker<\/strong> ligne.<\/p>\n<\/li>\n<\/ul>\n<p data-start=\"2318\" data-end=\"2466\">A <strong data-start=\"2320\" data-end=\"2353\">fen\u00eatre de niveau d'e-liquide visible<\/strong> permet des v\u00e9rifications rapides avant de quitter la maison ou de commencer une session, ce qui permet d'\u00e9viter un \u00e9puisement inattendu en cours d'utilisation.<\/p>\n<h3 data-start=\"2468\" data-end=\"2500\">Bobine de maille et plate-forme d'alimentation<\/h3>\n<p data-start=\"2502\" data-end=\"2581\">La bobine de maille est au c\u0153ur du profil de performance de cette <strong data-start=\"2562\" data-end=\"2573\">jnr 24k<\/strong> dispositif :<\/p>\n<ul data-start=\"2583\" data-end=\"2831\">\n<li data-start=\"2583\" data-end=\"2656\">\n<p data-start=\"2585\" data-end=\"2656\">diffuse la chaleur de mani\u00e8re plus homog\u00e8ne sur la m\u00e8che que les bobines traditionnelles en fil de fer,<\/p>\n<\/li>\n<li data-start=\"2657\" data-end=\"2739\">\n<p data-start=\"2659\" data-end=\"2739\">permet d'obtenir un d\u00e9bit de vapeur constant sur une grande partie du volume de liquide,<\/p>\n<\/li>\n<li data-start=\"2740\" data-end=\"2831\">\n<p data-start=\"2742\" data-end=\"2831\">aide \u00e0 maintenir la clart\u00e9 de l'ar\u00f4me du premier au dernier tirage lorsqu'il est utilis\u00e9 dans des conditions normales.<\/p>\n<\/li>\n<\/ul>\n<p data-start=\"2833\" data-end=\"3124\">Les <strong data-start=\"2837\" data-end=\"2848\">650 mAh<\/strong> est associ\u00e9e \u00e0 une batterie <strong data-start=\"2874\" data-end=\"2884\">Type-C<\/strong> avec une charge compl\u00e8te en 40 minutes environ. Cette disposition est con\u00e7ue pour faire correspondre la capacit\u00e9 de 20 ml et la puissance nominale de l'appareil. <strong data-start=\"3033\" data-end=\"3052\">JNR 24000 Puffs<\/strong> La dur\u00e9e de vie de l'appareil est donc plus longue, ce qui limite les temps d'arr\u00eat et permet une utilisation quotidienne en tant qu'appareil principal.<\/p>\n<h3 data-start=\"3126\" data-end=\"3151\">JNR Joker 24k Flavors<\/h3>\n<p data-start=\"3153\" data-end=\"3236\">Le catalogue des saveurs de <strong data-start=\"3178\" data-end=\"3197\">JNR Joker 24000<\/strong> se concentre sur les combinaisons de fruits et de glace :<\/p>\n<ol data-start=\"3238\" data-end=\"3470\">\n<li data-start=\"3238\" data-end=\"3266\">\n<p data-start=\"3241\" data-end=\"3266\">Myrtille Framboise rouge<\/p>\n<\/li>\n<li data-start=\"3267\" data-end=\"3290\">\n<p data-start=\"3270\" data-end=\"3290\">Fruit de la passion Kiwi<\/p>\n<\/li>\n<li data-start=\"3291\" data-end=\"3321\">\n<p data-start=\"3294\" data-end=\"3321\">Glace \u00e0 la fraise et \u00e0 la past\u00e8que<\/p>\n<\/li>\n<li data-start=\"3322\" data-end=\"3341\">\n<p data-start=\"3325\" data-end=\"3341\">Glace \u00e0 la past\u00e8que<\/p>\n<\/li>\n<li data-start=\"3342\" data-end=\"3360\">\n<p data-start=\"3345\" data-end=\"3360\">Baies m\u00e9lang\u00e9es<\/p>\n<\/li>\n<li data-start=\"3361\" data-end=\"3382\">\n<p data-start=\"3364\" data-end=\"3382\">Bleu Razz Cherry<\/p>\n<\/li>\n<li data-start=\"3383\" data-end=\"3404\">\n<p data-start=\"3386\" data-end=\"3404\">Glace \u00e0 la p\u00eache d'\u00e9t\u00e9<\/p>\n<\/li>\n<li data-start=\"3405\" data-end=\"3426\">\n<p data-start=\"3408\" data-end=\"3426\">Glace du dragon noir<\/p>\n<\/li>\n<li data-start=\"3427\" data-end=\"3446\">\n<p data-start=\"3430\" data-end=\"3446\">Glace \u00e0 la fraise<\/p>\n<\/li>\n<li data-start=\"3447\" data-end=\"3470\">\n<p data-start=\"3451\" data-end=\"3470\">Cola cerise p\u00e9tillant<\/p>\n<\/li>\n<\/ol>\n<p data-start=\"3472\" data-end=\"3638\">A <strong data-start=\"3474\" data-end=\"3510\">\u201cSaveurs al\u00e9atoires (livraison rapide)\u201d<\/strong> est disponible, fournissant des saveurs assorties de la liste ci-dessus afin de raccourcir le temps de manipulation et de r\u00e9duire la r\u00e9p\u00e9tition par carton.<\/p>\n<h3 data-start=\"3640\" data-end=\"3665\">Profil de l'utilisateur pr\u00e9vu<\/h3>\n<p data-start=\"3667\" data-end=\"3727\">Les <strong data-start=\"3671\" data-end=\"3690\">JNR Joker 24000<\/strong> convient aux vapoteurs adultes (18+) qui :<\/p>\n<ul data-start=\"3729\" data-end=\"4054\">\n<li data-start=\"3729\" data-end=\"3811\">\n<p data-start=\"3731\" data-end=\"3811\">veulent un <strong data-start=\"3738\" data-end=\"3754\">puff jnr 24k<\/strong> avec jusqu'\u00e0 24 000 bouff\u00e9es et moins de remplacements,<\/p>\n<\/li>\n<li data-start=\"3812\" data-end=\"3860\">\n<p data-start=\"3814\" data-end=\"3860\">favorisent les familles d'ar\u00f4mes de fruits et de glaces aux fruits,<\/p>\n<\/li>\n<li data-start=\"3861\" data-end=\"3944\">\n<p data-start=\"3863\" data-end=\"3944\">La valeur des niveaux d'e-liquide est visible et le retour d'information visuel est clair gr\u00e2ce \u00e0 une lumi\u00e8re de respiration,<\/p>\n<\/li>\n<li data-start=\"3945\" data-end=\"4054\">\n<p data-start=\"3947\" data-end=\"4054\">exigent un format compact et l\u00e9ger, tout en offrant l'autonomie d'un ordinateur de bureau ou d'un ordinateur portable. <strong data-start=\"4025\" data-end=\"4044\">JNR 24000 Puffs<\/strong> plate-forme.<\/p>\n<\/li>\n<\/ul>\n<h3 data-start=\"4056\" data-end=\"4067\">R\u00e9sum\u00e9<\/h3>\n<p data-start=\"4069\" data-end=\"4460\">En combinant un r\u00e9servoir de 20 ml, un syst\u00e8me de chauffage \u00e0 maille, une unit\u00e9 d'alimentation Type-C de 650 mAh, une fen\u00eatre d'e-liquide visible et une lumi\u00e8re de respiration color\u00e9e, le <strong data-start=\"4200\" data-end=\"4219\">JNR Joker 24000<\/strong> offre une exp\u00e9rience distinctive et de longue dur\u00e9e. En tant que produit cl\u00e9 de l <strong data-start=\"4291\" data-end=\"4304\">JNR Joker<\/strong> et un repr\u00e9sentant fiable de l'Union europ\u00e9enne. <strong data-start=\"4347\" data-end=\"4373\">jnr 24k \/ puff jnr 24k<\/strong> Il offre un m\u00e9lange \u00e9quilibr\u00e9 d'endurance, de design et de performances ax\u00e9es sur la saveur.<\/p>","protected":false},"excerpt":{"rendered":"<p>JNR Joker 24000 : jnr 24k avec jusqu'\u00e0 24,000 puffs, 20 mL, mesh coil, 650 mAh Type-C, fen\u00eatre e-liquide visible et lumi\u00e8re de respiration color\u00e9e.<\/p>","protected":false},"featured_media":21403,"comment_status":"open","ping_status":"closed","template":"","meta":{"_acf_changed":false},"pwb-brand":[167],"product_brand":[],"product_cat":[88,57,84,93],"product_tag":[76],"class_list":{"0":"post-16182","1":"product","2":"type-product","3":"status-publish","4":"has-post-thumbnail","6":"pwb-brand-jnr","7":"product_cat-crystal-vape","8":"product_cat-disposable-vape","9":"product_cat-eu-warehouse-in-stock","10":"product_cat-rechargeable-vapes","11":"product_tag-puff-25k","13":"first","14":"instock","15":"shipping-taxable","16":"purchasable","17":"product-type-variable"},"acf":[],"yoast_head":"<!-- This site is optimized with the Yoast SEO Premium plugin v26.3 (Yoast SEO v26.3) - https:\/\/yoast.com\/wordpress\/plugins\/seo\/ -->\n<title>JNR Joker 24000 \u2014 jnr 24k, 24,000 Puffs, Mesh, Type-C - EuVapen<\/title>\n<meta name=\"description\" content=\"JNR Joker 24000 is a jnr 24k device with up to 24,000 puffs, 20 mL prefill, mesh coil, 650 mAh Type-C, visible e-liquid and colorful breathing light\u2014 a compact JNR Joker 24000 Puffs solution from EU warehouse.\" \/>\n<meta name=\"robots\" content=\"index, follow, max-snippet:-1, max-image-preview:large, max-video-preview:-1\" \/>\n<link rel=\"canonical\" href=\"https:\/\/euvapen.com\/fr\/produit\/jnr-joker-24000-puffs-jetable-vape\/\" \/>\n<meta property=\"og:locale\" content=\"fr_FR\" \/>\n<meta property=\"og:type\" content=\"article\" \/>\n<meta property=\"og:title\" content=\"JNR Joker 24000 Puffs\u00a0\u2013 Disposable Vape\" \/>\n<meta property=\"og:description\" content=\"JNR Joker 24000 is a jnr 24k device with up to 24,000 puffs, 20 mL prefill, mesh coil, 650 mAh Type-C, visible e-liquid and colorful breathing light\u2014 a compact JNR Joker 24000 Puffs solution from EU warehouse.\" \/>\n<meta property=\"og:url\" content=\"https:\/\/euvapen.com\/fr\/produit\/jnr-joker-24000-puffs-jetable-vape\/\" \/>\n<meta property=\"og:site_name\" content=\"EuVapen\" \/>\n<meta property=\"article:modified_time\" content=\"2025-11-19T06:27:01+00:00\" \/>\n<meta property=\"og:image\" content=\"https:\/\/euvapen.com\/wp-content\/uploads\/2025\/11\/JNR-Joker-24000-Puffs-Disposable-Vape.webp\" \/>\n\t<meta property=\"og:image:width\" content=\"1000\" \/>\n\t<meta property=\"og:image:height\" content=\"1000\" \/>\n\t<meta property=\"og:image:type\" content=\"image\/webp\" \/>\n<meta name=\"twitter:card\" content=\"summary_large_image\" \/>\n<meta name=\"twitter:label1\" content=\"Disponibilit\u00e9\" \/>\n\t<meta name=\"twitter:data1\" content=\"En stock\" \/>\n<script type=\"application\/ld+json\" class=\"yoast-schema-graph\">{\"@context\":\"https:\/\/schema.org\",\"@graph\":[{\"@type\":\"WebPage\",\"@id\":\"https:\/\/euvapen.com\/product\/jnr-joker-24000-puffs-disposable-vape\/\",\"url\":\"https:\/\/euvapen.com\/product\/jnr-joker-24000-puffs-disposable-vape\/\",\"name\":\"JNR Joker 24000 \u2014 jnr 24k, 24,000 Puffs, Mesh, Type-C - EuVapen\",\"isPartOf\":{\"@id\":\"https:\/\/euvapen.com\/#website\"},\"primaryImageOfPage\":{\"@id\":\"https:\/\/euvapen.com\/product\/jnr-joker-24000-puffs-disposable-vape\/#primaryimage\"},\"image\":{\"@id\":\"https:\/\/euvapen.com\/product\/jnr-joker-24000-puffs-disposable-vape\/#primaryimage\"},\"thumbnailUrl\":\"https:\/\/euvapen.com\/wp-content\/uploads\/2025\/11\/JNR-Joker-24000-Puffs-Disposable-Vape.webp\",\"datePublished\":\"2025-11-10T10:31:30+00:00\",\"dateModified\":\"2025-11-19T06:27:01+00:00\",\"description\":\"JNR Joker 24000 is a jnr 24k device with up to 24,000 puffs, 20 mL prefill, mesh coil, 650 mAh Type-C, visible e-liquid and colorful breathing light\u2014 a compact JNR Joker 24000 Puffs solution from EU warehouse.\",\"breadcrumb\":{\"@id\":\"https:\/\/euvapen.com\/product\/jnr-joker-24000-puffs-disposable-vape\/#breadcrumb\"},\"inLanguage\":\"fr-FR\",\"potentialAction\":[{\"@type\":\"ReadAction\",\"target\":[\"https:\/\/euvapen.com\/product\/jnr-joker-24000-puffs-disposable-vape\/\"]}]},{\"@type\":\"ImageObject\",\"inLanguage\":\"fr-FR\",\"@id\":\"https:\/\/euvapen.com\/product\/jnr-joker-24000-puffs-disposable-vape\/#primaryimage\",\"url\":\"https:\/\/euvapen.com\/wp-content\/uploads\/2025\/11\/JNR-Joker-24000-Puffs-Disposable-Vape.webp\",\"contentUrl\":\"https:\/\/euvapen.com\/wp-content\/uploads\/2025\/11\/JNR-Joker-24000-Puffs-Disposable-Vape.webp\",\"width\":1000,\"height\":1000,\"caption\":\"JNR Joker 24000 Puffs Disposable Vape\"},{\"@type\":\"BreadcrumbList\",\"@id\":\"https:\/\/euvapen.com\/product\/jnr-joker-24000-puffs-disposable-vape\/#breadcrumb\",\"itemListElement\":[{\"@type\":\"ListItem\",\"position\":1,\"name\":\"Home\",\"item\":\"https:\/\/euvapen.com\/\"},{\"@type\":\"ListItem\",\"position\":2,\"name\":\"Shop\",\"item\":\"https:\/\/euvapen.com\/shop\/\"},{\"@type\":\"ListItem\",\"position\":3,\"name\":\"JNR Joker 24000 Puffs\u00a0\u2013 Disposable Vape\"}]},{\"@type\":\"WebSite\",\"@id\":\"https:\/\/euvapen.com\/#website\",\"url\":\"https:\/\/euvapen.com\/\",\"name\":\"bestpuffvape\",\"description\":\"\",\"publisher\":{\"@id\":\"https:\/\/euvapen.com\/#organization\"},\"potentialAction\":[{\"@type\":\"SearchAction\",\"target\":{\"@type\":\"EntryPoint\",\"urlTemplate\":\"https:\/\/euvapen.com\/?s={search_term_string}\"},\"query-input\":{\"@type\":\"PropertyValueSpecification\",\"valueRequired\":true,\"valueName\":\"search_term_string\"}}],\"inLanguage\":\"fr-FR\"},{\"@type\":[\"Organization\",\"Place\"],\"@id\":\"https:\/\/euvapen.com\/#organization\",\"name\":\"bestpuffvape\",\"alternateName\":\"bestpuffvape\",\"url\":\"https:\/\/euvapen.com\/\",\"logo\":{\"@id\":\"https:\/\/euvapen.com\/product\/jnr-joker-24000-puffs-disposable-vape\/#local-main-organization-logo\"},\"image\":{\"@id\":\"https:\/\/euvapen.com\/product\/jnr-joker-24000-puffs-disposable-vape\/#local-main-organization-logo\"},\"telephone\":[],\"openingHoursSpecification\":[{\"@type\":\"OpeningHoursSpecification\",\"dayOfWeek\":[\"Monday\",\"Tuesday\",\"Wednesday\",\"Thursday\",\"Friday\",\"Saturday\",\"Sunday\"],\"opens\":\"00:00\",\"closes\":\"23:59\"}]},{\"@type\":\"ImageObject\",\"inLanguage\":\"fr-FR\",\"@id\":\"https:\/\/euvapen.com\/product\/jnr-joker-24000-puffs-disposable-vape\/#local-main-organization-logo\",\"url\":\"https:\/\/euvapen.com\/wp-content\/uploads\/2025\/10\/cropped-puffvape-logo.png\",\"contentUrl\":\"https:\/\/euvapen.com\/wp-content\/uploads\/2025\/10\/cropped-puffvape-logo.png\",\"width\":512,\"height\":512,\"caption\":\"bestpuffvape\"}]}<\/script>\n<meta property=\"og:availability\" content=\"instock\" \/>\n<meta property=\"product:availability\" content=\"instock\" \/>\n<meta property=\"product:retailer_item_id\" content=\"JNR-Joker-24k\" \/>\n<meta property=\"product:condition\" content=\"new\" \/>\n<!-- \/ Yoast SEO Premium plugin. -->","yoast_head_json":{"title":"JNR Joker 24000 \u2014 jnr 24k, 24,000 Puffs, Mesh, Type-C - EuVapen","description":"JNR Joker 24000 est un dispositif jnr 24k avec jusqu'\u00e0 24,000 puffs, 20 mL prefill, mesh coil, 650 mAh Type-C, e-liquide visible et lumi\u00e8re de respiration color\u00e9e - une solution compacte JNR Joker 24000 bouff\u00e9es de l'entrep\u00f4t de l'UE.","robots":{"index":"index","follow":"follow","max-snippet":"max-snippet:-1","max-image-preview":"max-image-preview:large","max-video-preview":"max-video-preview:-1"},"canonical":"https:\/\/euvapen.com\/fr\/produit\/jnr-joker-24000-puffs-jetable-vape\/","og_locale":"fr_FR","og_type":"article","og_title":"JNR Joker 24000 Puffs\u00a0\u2013 Disposable Vape","og_description":"JNR Joker 24000 is a jnr 24k device with up to 24,000 puffs, 20 mL prefill, mesh coil, 650 mAh Type-C, visible e-liquid and colorful breathing light\u2014 a compact JNR Joker 24000 Puffs solution from EU warehouse.","og_url":"https:\/\/euvapen.com\/fr\/produit\/jnr-joker-24000-puffs-jetable-vape\/","og_site_name":"EuVapen","article_modified_time":"2025-11-19T06:27:01+00:00","og_image":[{"width":1000,"height":1000,"url":"https:\/\/euvapen.com\/wp-content\/uploads\/2025\/11\/JNR-Joker-24000-Puffs-Disposable-Vape.webp","type":"image\/webp"}],"twitter_card":"summary_large_image","twitter_misc":{"Disponibilit\u00e9":"En stock"},"schema":{"@context":"https:\/\/schema.org","@graph":[{"@type":"WebPage","@id":"https:\/\/euvapen.com\/product\/jnr-joker-24000-puffs-disposable-vape\/","url":"https:\/\/euvapen.com\/product\/jnr-joker-24000-puffs-disposable-vape\/","name":"JNR Joker 24000 \u2014 jnr 24k, 24,000 Puffs, Mesh, Type-C - EuVapen","isPartOf":{"@id":"https:\/\/euvapen.com\/#website"},"primaryImageOfPage":{"@id":"https:\/\/euvapen.com\/product\/jnr-joker-24000-puffs-disposable-vape\/#primaryimage"},"image":{"@id":"https:\/\/euvapen.com\/product\/jnr-joker-24000-puffs-disposable-vape\/#primaryimage"},"thumbnailUrl":"https:\/\/euvapen.com\/wp-content\/uploads\/2025\/11\/JNR-Joker-24000-Puffs-Disposable-Vape.webp","datePublished":"2025-11-10T10:31:30+00:00","dateModified":"2025-11-19T06:27:01+00:00","description":"JNR Joker 24000 est un dispositif jnr 24k avec jusqu'\u00e0 24,000 puffs, 20 mL prefill, mesh coil, 650 mAh Type-C, e-liquide visible et lumi\u00e8re de respiration color\u00e9e - une solution compacte JNR Joker 24000 bouff\u00e9es de l'entrep\u00f4t de l'UE.","breadcrumb":{"@id":"https:\/\/euvapen.com\/product\/jnr-joker-24000-puffs-disposable-vape\/#breadcrumb"},"inLanguage":"fr-FR","potentialAction":[{"@type":"ReadAction","target":["https:\/\/euvapen.com\/product\/jnr-joker-24000-puffs-disposable-vape\/"]}]},{"@type":"ImageObject","inLanguage":"fr-FR","@id":"https:\/\/euvapen.com\/product\/jnr-joker-24000-puffs-disposable-vape\/#primaryimage","url":"https:\/\/euvapen.com\/wp-content\/uploads\/2025\/11\/JNR-Joker-24000-Puffs-Disposable-Vape.webp","contentUrl":"https:\/\/euvapen.com\/wp-content\/uploads\/2025\/11\/JNR-Joker-24000-Puffs-Disposable-Vape.webp","width":1000,"height":1000,"caption":"JNR Joker 24000 Puffs Disposable Vape"},{"@type":"BreadcrumbList","@id":"https:\/\/euvapen.com\/product\/jnr-joker-24000-puffs-disposable-vape\/#breadcrumb","itemListElement":[{"@type":"ListItem","position":1,"name":"Home","item":"https:\/\/euvapen.com\/"},{"@type":"ListItem","position":2,"name":"Shop","item":"https:\/\/euvapen.com\/shop\/"},{"@type":"ListItem","position":3,"name":"JNR Joker 24000 Puffs\u00a0\u2013 Disposable Vape"}]},{"@type":"WebSite","@id":"https:\/\/euvapen.com\/#website","url":"https:\/\/euvapen.com\/","name":"bestpuffvape","description":"","publisher":{"@id":"https:\/\/euvapen.com\/#organization"},"potentialAction":[{"@type":"SearchAction","target":{"@type":"EntryPoint","urlTemplate":"https:\/\/euvapen.com\/?s={search_term_string}"},"query-input":{"@type":"PropertyValueSpecification","valueRequired":true,"valueName":"search_term_string"}}],"inLanguage":"fr-FR"},{"@type":["Organization","Place"],"@id":"https:\/\/euvapen.com\/#organization","name":"bestpuffvape","alternateName":"bestpuffvape","url":"https:\/\/euvapen.com\/","logo":{"@id":"https:\/\/euvapen.com\/product\/jnr-joker-24000-puffs-disposable-vape\/#local-main-organization-logo"},"image":{"@id":"https:\/\/euvapen.com\/product\/jnr-joker-24000-puffs-disposable-vape\/#local-main-organization-logo"},"telephone":[],"openingHoursSpecification":[{"@type":"OpeningHoursSpecification","dayOfWeek":["Monday","Tuesday","Wednesday","Thursday","Friday","Saturday","Sunday"],"opens":"00:00","closes":"23:59"}]},{"@type":"ImageObject","inLanguage":"fr-FR","@id":"https:\/\/euvapen.com\/product\/jnr-joker-24000-puffs-disposable-vape\/#local-main-organization-logo","url":"https:\/\/euvapen.com\/wp-content\/uploads\/2025\/10\/cropped-puffvape-logo.png","contentUrl":"https:\/\/euvapen.com\/wp-content\/uploads\/2025\/10\/cropped-puffvape-logo.png","width":512,"height":512,"caption":"bestpuffvape"}]},"og_availability":"instock","product_availability":"instock","product_retailer_item_id":"JNR-Joker-24k","product_condition":"new"},"brands":[{"id":167,"name":"Jnr","slug":"jnr"}],"tiered_pricing_type":"fixed","tiered_pricing_fixed_rules":{"30":"13","50":"12","100":"11","200":"10.5"},"tiered_pricing_product_settings":{"layout":"default","base_unit_name":{"singular":null,"plural":null},"default_variation":{}},"tiered_pricing_minimum_quantity":10,"tiered_pricing_roles_data":[],"tiered_pricing_percentage_rules":[],"tiered_pricing_maximum_quantity":null,"tiered_pricing_quantity_step":null,"_links":{"self":[{"href":"https:\/\/euvapen.com\/fr\/wp-json\/wp\/v2\/product\/16182","targetHints":{"allow":["GET"]}}],"collection":[{"href":"https:\/\/euvapen.com\/fr\/wp-json\/wp\/v2\/product"}],"about":[{"href":"https:\/\/euvapen.com\/fr\/wp-json\/wp\/v2\/types\/product"}],"replies":[{"embeddable":true,"href":"https:\/\/euvapen.com\/fr\/wp-json\/wp\/v2\/comments?post=16182"}],"wp:featuredmedia":[{"embeddable":true,"href":"https:\/\/euvapen.com\/fr\/wp-json\/wp\/v2\/media\/21403"}],"wp:attachment":[{"href":"https:\/\/euvapen.com\/fr\/wp-json\/wp\/v2\/media?parent=16182"}],"wp:term":[{"taxonomy":"pwb-brand","embeddable":true,"href":"https:\/\/euvapen.com\/fr\/wp-json\/wp\/v2\/pwb-brand?post=16182"},{"taxonomy":"product_brand","embeddable":true,"href":"https:\/\/euvapen.com\/fr\/wp-json\/wp\/v2\/product_brand?post=16182"},{"taxonomy":"product_cat","embeddable":true,"href":"https:\/\/euvapen.com\/fr\/wp-json\/wp\/v2\/product_cat?post=16182"},{"taxonomy":"product_tag","embeddable":true,"href":"https:\/\/euvapen.com\/fr\/wp-json\/wp\/v2\/product_tag?post=16182"}],"curies":[{"name":"wp","href":"https:\/\/api.w.org\/{rel}","templated":true}]}}