{"id":16186,"date":"2025-11-08T10:14:25","date_gmt":"2025-11-08T10:14:25","guid":{"rendered":"https:\/\/euvapen.com\/?post_type=product&#038;p=16186"},"modified":"2026-02-05T10:02:58","modified_gmt":"2026-02-05T10:02:58","slug":"jnr-shisha-hookah-max-22000-puffs-disposable-vape","status":"publish","type":"product","link":"https:\/\/euvapen.com\/fr\/produit\/jnr-shisha-hookah-max-22000-puffs-disposable-vape\/","title":{"rendered":"JNR Shisha Hookah Max 22000 bouff\u00e9es - Vape jetable"},"content":{"rendered":"<h2 data-start=\"186\" data-end=\"238\">Page de d\u00e9tail du produit - JNR Shisha Hookah Max 22000<\/h2>\n<h3 data-start=\"240\" data-end=\"328\">JNR Shisha Hookah Max 22000 - Haute capacit\u00e9 jnr 22k avec Mesh Coil &amp; Airflow Control<\/h3>\n<p data-start=\"330\" data-end=\"657\">Les <strong data-start=\"334\" data-end=\"365\">JNR Shisha Hookah Max 22000<\/strong> est un mod\u00e8le jetable de grande capacit\u00e9 dans le segment des chichas, con\u00e7u pour une utilisation prolong\u00e9e et des performances stables. Avec jusqu'\u00e0 22 000 bouff\u00e9es et un r\u00e9servoir pr\u00e9-rempli de 29 ml, cette <strong data-start=\"537\" data-end=\"555\">jnr puff 22000<\/strong> s'adresse aux utilisateurs qui souhaitent une longue autonomie et un profil de chicha familier dans un bo\u00eetier compact et portable.<\/p>\n<p data-start=\"659\" data-end=\"860\">Au sein de la gamme de la marque, il se positionne comme un produit haut de gamme. <strong data-start=\"705\" data-end=\"716\">jnr 22k<\/strong> qui combine une grande batterie, une fen\u00eatre visible pour l'e-liquide et un flux d'air ajustable sous l'e-liquide. <strong data-start=\"809\" data-end=\"830\">jnr shisha hookah<\/strong> \/ <strong data-start=\"833\" data-end=\"847\">jnr shisha<\/strong> positionnement.<\/p>\n<p data-start=\"659\" data-end=\"860\"><img fetchpriority=\"high\" decoding=\"async\" class=\"alignnone size-medium wp-image-16529\" src=\"https:\/\/euvapen.com\/wp-content\/uploads\/2025\/11\/SHISHA-MAX-POSTER-1-300x169.webp\" alt=\"SHISHA MAX POSTER 1\" width=\"300\" height=\"169\" \/> <img decoding=\"async\" class=\"alignnone size-medium wp-image-16530\" src=\"https:\/\/euvapen.com\/wp-content\/uploads\/2025\/11\/SHISHA\u00b7MAX-SPEC-300x169.webp\" alt=\"SHISHA-MAX SPEC\" width=\"300\" height=\"169\" \/> <img decoding=\"async\" class=\"alignnone size-medium wp-image-16531\" src=\"https:\/\/euvapen.com\/wp-content\/uploads\/2025\/11\/SHISHA\u00b7MAX_DM--300x169.webp\" alt=\"SHISHA-MAX_DM\" width=\"300\" height=\"169\" \/><\/p>\n<h3 data-start=\"862\" data-end=\"884\">Caract\u00e9ristiques principales du narguil\u00e9 JNR Shisha Max 22000<\/h3>\n<ul data-start=\"886\" data-end=\"1750\">\n<li data-start=\"886\" data-end=\"946\">\n<p data-start=\"888\" data-end=\"946\"><strong data-start=\"888\" data-end=\"906\">Marque \/ Mod\u00e8le :<\/strong> JNR - <strong data-start=\"913\" data-end=\"944\">JNR Shisha Hookah Max 22000<\/strong><\/p>\n<\/li>\n<li data-start=\"947\" data-end=\"1046\">\n<p data-start=\"949\" data-end=\"1046\"><strong data-start=\"949\" data-end=\"965\">Type d'appareil :<\/strong> haute capacit\u00e9 <strong data-start=\"980\" data-end=\"1010\">35000 puff disposable vape<\/strong>-Chicha de style (jusqu'\u00e0 22 000 bouff\u00e9es)<\/p>\n<\/li>\n<li data-start=\"1047\" data-end=\"1104\">\n<p data-start=\"1049\" data-end=\"1104\"><strong data-start=\"1049\" data-end=\"1065\">Taux de bouff\u00e9e :<\/strong> jusqu'\u00e0 22 000 puffs (en fonction de l'utilisation)<\/p>\n<\/li>\n<li data-start=\"1105\" data-end=\"1152\">\n<p data-start=\"1107\" data-end=\"1152\"><strong data-start=\"1107\" data-end=\"1119\">Batterie :<\/strong> 1 100 mAh, rechargeable de type C<\/p>\n<\/li>\n<li data-start=\"1153\" data-end=\"1219\">\n<p data-start=\"1155\" data-end=\"1219\"><strong data-start=\"1155\" data-end=\"1173\">Temps de charge :<\/strong> environ 20 minutes pour une charge compl\u00e8te (typique)<\/p>\n<\/li>\n<li data-start=\"1220\" data-end=\"1279\">\n<p data-start=\"1222\" data-end=\"1279\"><strong data-start=\"1222\" data-end=\"1244\">Capacit\u00e9 en e-liquide :<\/strong> 29 ml pr\u00e9-rempli (non rechargeable)<\/p>\n<\/li>\n<li data-start=\"1280\" data-end=\"1329\">\n<p data-start=\"1282\" data-end=\"1329\"><strong data-start=\"1282\" data-end=\"1296\">Type de bobine :<\/strong> bobine \u00e0 mailles pour une atomisation homog\u00e8ne<\/p>\n<\/li>\n<li data-start=\"1330\" data-end=\"1386\">\n<p data-start=\"1332\" data-end=\"1386\"><strong data-start=\"1332\" data-end=\"1355\">Teneur en nicotine :<\/strong> 2% (20 mg\/mL), 5% (50 mg\/mL)<\/p>\n<\/li>\n<li data-start=\"1387\" data-end=\"1464\">\n<p data-start=\"1389\" data-end=\"1464\"><strong data-start=\"1389\" data-end=\"1413\">Activation \/ sortie :<\/strong> activ\u00e9e par tirage au sort ; tension et puissance non variables<\/p>\n<\/li>\n<li data-start=\"1465\" data-end=\"1537\">\n<p data-start=\"1467\" data-end=\"1537\"><strong data-start=\"1467\" data-end=\"1480\">Caract\u00e9ristiques :<\/strong> fen\u00eatre de niveau d'e-liquide visible ; anneau d'\u00e9coulement d'air r\u00e9glable<\/p>\n<\/li>\n<li data-start=\"1538\" data-end=\"1574\">\n<p data-start=\"1540\" data-end=\"1574\"><strong data-start=\"1540\" data-end=\"1555\">Dimensions :<\/strong> 40 \u00d7 40 \u00d7 128 mm<\/p>\n<\/li>\n<li data-start=\"1575\" data-end=\"1597\">\n<p data-start=\"1577\" data-end=\"1597\"><strong data-start=\"1577\" data-end=\"1588\">Poids :<\/strong> ~130 g<\/p>\n<\/li>\n<li data-start=\"1598\" data-end=\"1652\">\n<p data-start=\"1600\" data-end=\"1652\"><strong data-start=\"1600\" data-end=\"1614\">Emballage :<\/strong> 5 pi\u00e8ces \/ bo\u00eete (pr\u00e9sentation en bo\u00eete cadeau)<\/p>\n<\/li>\n<li data-start=\"1653\" data-end=\"1750\">\n<p data-start=\"1655\" data-end=\"1750\"><strong data-start=\"1655\" data-end=\"1677\">Lieu de dispatching :<\/strong> Entrep\u00f4t de l'UE (ex\u00e9cution ax\u00e9e sur l'Europe ; options DDP en fonction de l'itin\u00e9raire)<\/p>\n<\/li>\n<\/ul>\n<p data-start=\"1752\" data-end=\"1932\">La combinaison d'un r\u00e9servoir de 29 ml, d'une batterie de 1 100 mAh et d'un syst\u00e8me de chauffage \u00e0 mailles fait du <strong data-start=\"1830\" data-end=\"1855\">JNR Shisha hookah max<\/strong> convient aux utilisateurs qui pr\u00e9f\u00e8rent un nombre r\u00e9duit de changements de dispositifs et une d\u00e9livrance pr\u00e9visible.<\/p>\n<h3 data-start=\"1934\" data-end=\"1958\">Performance et conception<\/h3>\n<p data-start=\"1960\" data-end=\"2053\">La bobine de maille au c\u0153ur de cette <strong data-start=\"1994\" data-end=\"2008\">jnr shisha<\/strong> distribue la chaleur \u00e0 travers la m\u00e8che :<\/p>\n<ul data-start=\"2055\" data-end=\"2166\">\n<li data-start=\"2055\" data-end=\"2085\">\n<p data-start=\"2057\" data-end=\"2085\">une densit\u00e9 de vapeur constante,<\/p>\n<\/li>\n<li data-start=\"2086\" data-end=\"2115\">\n<p data-start=\"2088\" data-end=\"2115\">r\u00e9duction du risque de coups secs,<\/p>\n<\/li>\n<li data-start=\"2116\" data-end=\"2166\">\n<p data-start=\"2118\" data-end=\"2166\">une expression aromatique plus stable sur des cycles longs.<\/p>\n<\/li>\n<\/ul>\n<p data-start=\"2168\" data-end=\"2369\">Les <strong data-start=\"2172\" data-end=\"2198\">niveau d'e-liquide visible<\/strong> permet d'effectuer des v\u00e9rifications rapides avant de quitter la maison ou de commencer une session, tandis que <strong data-start=\"2268\" data-end=\"2290\">d\u00e9bit d'air r\u00e9glable<\/strong> permet \u00e0 l'utilisateur de choisir entre un tirage plus serr\u00e9, semblable \u00e0 celui d'une chicha, et un tirage plus ouvert.<\/p>\n<p data-start=\"2371\" data-end=\"2536\">La batterie de 1 100 mAh s'associe \u00e0 une interface Type-C et est sp\u00e9cifi\u00e9e pour une charge compl\u00e8te en environ 20 minutes dans des conditions typiques, prenant en charge une utilisation quotidienne intensive.<\/p>\n<h3 data-start=\"2538\" data-end=\"2577\">Catalogue d'ar\u00f4mes - JNR 22k Ar\u00f4mes<\/h3>\n<p data-start=\"2579\" data-end=\"2664\">Les <strong data-start=\"2583\" data-end=\"2601\">jnr puff 22000<\/strong> L'ensemble d'ar\u00f4mes se concentre sur les fruits de type shisha et les m\u00e9langes rafra\u00eechissants :<\/p>\n<ul>\n<li data-start=\"2668\" data-end=\"2678\">Glace luxuriante<\/li>\n<li data-start=\"2681\" data-end=\"2692\">Glace \u00e0 la p\u00eache<\/li>\n<li data-start=\"2695\" data-end=\"2704\">Amour 66<\/li>\n<li data-start=\"2707\" data-end=\"2718\">Deux pommes<\/li>\n<li data-start=\"2721\" data-end=\"2733\">Raisin Menthe<\/li>\n<li data-start=\"2736\" data-end=\"2747\">Glace \u00e0 la mangue<\/li>\n<li data-start=\"2750\" data-end=\"2763\">Simplement de la menthe<\/li>\n<li data-start=\"2766\" data-end=\"2777\">Glace aux baies<\/li>\n<li data-start=\"2780\" data-end=\"2795\">Glace aux myrtilles<\/li>\n<li data-start=\"2798\" data-end=\"2816\">Bleu Razz Cherry<\/li>\n<li data-start=\"2819\" data-end=\"2831\">Lady Killa<\/li>\n<li data-start=\"2834\" data-end=\"2860\">Gel \u00e0 la cerise et \u00e0 la past\u00e8que<\/li>\n<li data-start=\"2863\" data-end=\"2896\">Past\u00e8que Fraise Bubblegum<\/li>\n<li data-start=\"2899\" data-end=\"2916\">Fraise Kiwi<\/li>\n<li data-start=\"2919\" data-end=\"2937\">Punch aux fraises<\/li>\n<\/ul>\n<p data-start=\"2939\" data-end=\"3107\">A <strong data-start=\"2941\" data-end=\"2977\">\u201cSaveurs al\u00e9atoires (livraison rapide)\u201d<\/strong> est \u00e9galement disponible, en s\u00e9lectionnant un assortiment mixte de la gamme pour raccourcir le d\u00e9lai d'exp\u00e9dition et r\u00e9duire le nombre de doublons par carton.<\/p>\n<h3 data-start=\"3109\" data-end=\"3126\">Utilisateur pr\u00e9vu<\/h3>\n<p data-start=\"3128\" data-end=\"3199\">Les <strong data-start=\"3132\" data-end=\"3163\">JNR Shisha Hookah Max 22000<\/strong> est adapt\u00e9 aux utilisateurs adultes (18+) qui :<\/p>\n<ul data-start=\"3201\" data-end=\"3526\">\n<li data-start=\"3201\" data-end=\"3259\">\n<p data-start=\"3203\" data-end=\"3259\">pr\u00e9f\u00e8rent les profils de type shisha et les m\u00e9langes fruits-menthol,<\/p>\n<\/li>\n<li data-start=\"3260\" data-end=\"3328\">\n<p data-start=\"3262\" data-end=\"3328\">veulent un appareil de grande capacit\u00e9 <strong data-start=\"3283\" data-end=\"3294\">jnr 22k<\/strong> avec moins de remplacements,<\/p>\n<\/li>\n<li data-start=\"3329\" data-end=\"3428\">\n<p data-start=\"3331\" data-end=\"3428\">Les niveaux d'e-liquide et le contr\u00f4le de l'\u00e9coulement de l'air sont visibles sans qu'il soit n\u00e9cessaire de proc\u00e9der \u00e0 des recharges ou \u00e0 des changements de bobines,<\/p>\n<\/li>\n<li data-start=\"3429\" data-end=\"3526\">\n<p data-start=\"3431\" data-end=\"3526\">recherchent un v\u00e9hicule compact <strong data-start=\"3457\" data-end=\"3478\">jnr shisha hookah<\/strong> qui offre encore un potentiel de 22 000 bouff\u00e9es.<\/p>\n<\/li>\n<\/ul>\n<h3 data-start=\"3528\" data-end=\"3539\">R\u00e9sum\u00e9<\/h3>\n<p data-start=\"3541\" data-end=\"3905\">Avec sa capacit\u00e9 de 22 000 bouff\u00e9es, son r\u00e9servoir de 29 ml, son syst\u00e8me d'alimentation Type-C de 1 100 mAh et son c\u0153ur en maille, le <strong data-start=\"3636\" data-end=\"3661\">JNR Shisha hookah max<\/strong> offre une exp\u00e9rience de longue dur\u00e9e et de faible entretien. En tant que produit cl\u00e9 de la gamme <strong data-start=\"3737\" data-end=\"3751\">jnr shisha<\/strong> famille - et d'une cr\u00e9dibilit\u00e9 <strong data-start=\"3774\" data-end=\"3802\">jnr puff 22000 \/ jnr 22k<\/strong> option-it offre un m\u00e9lange \u00e9quilibr\u00e9 d'endurance, de saveur et de contr\u00f4le pour les utilisateurs de shisha \u00e0 usage unique.<\/p>","protected":false},"excerpt":{"rendered":"<p>JNR Shisha Hookah Max 22000 : jnr 22k avec 22,000 puffs,29 mL, mesh coil, 1 100 mAh Type-C, e-liquide visible et airflow r\u00e9glable.<\/p>","protected":false},"featured_media":21472,"comment_status":"open","ping_status":"closed","template":"","meta":{"_acf_changed":false},"pwb-brand":[167],"product_brand":[],"product_cat":[57,84,90,93,95],"product_tag":[76],"class_list":{"0":"post-16186","1":"product","2":"type-product","3":"status-publish","4":"has-post-thumbnail","6":"pwb-brand-jnr","7":"product_cat-disposable-vape","8":"product_cat-eu-warehouse-in-stock","9":"product_cat-hookah-shisha","10":"product_cat-rechargeable-vapes","11":"product_cat-vape-with-screen","12":"product_tag-puff-25k","14":"first","15":"instock","16":"shipping-taxable","17":"purchasable","18":"product-type-variable"},"acf":[],"yoast_head":"<!-- This site is optimized with the Yoast SEO Premium plugin v26.3 (Yoast SEO v26.3) - https:\/\/yoast.com\/wordpress\/plugins\/seo\/ -->\n<title>JNR Shisha Hookah Max 22000 \u2014 jnr 22k, 22,000 Puffs, Mesh, - EuVapen<\/title>\n<meta name=\"description\" content=\"JNR Shisha Hookah Max 22000 is a jnr shisha hookah device with up to 22,000 puffs, 29 mL prefill, mesh coil, 1,100 mAh Type-C and airflow control. A reliable jnr puff 22000 in the jnr 22k range.\" \/>\n<meta name=\"robots\" content=\"index, follow, max-snippet:-1, max-image-preview:large, max-video-preview:-1\" \/>\n<link rel=\"canonical\" href=\"https:\/\/euvapen.com\/fr\/produit\/jnr-shisha-hookah-max-22000-puffs-disposable-vape\/\" \/>\n<meta property=\"og:locale\" content=\"fr_FR\" \/>\n<meta property=\"og:type\" content=\"article\" \/>\n<meta property=\"og:title\" content=\"JNR Shisha Hookah Max 22000 Puffs\u00a0\u2013 Disposable Vape\" \/>\n<meta property=\"og:description\" content=\"JNR Shisha Hookah Max 22000 is a jnr shisha hookah device with up to 22,000 puffs, 29 mL prefill, mesh coil, 1,100 mAh Type-C and airflow control. A reliable jnr puff 22000 in the jnr 22k range.\" \/>\n<meta property=\"og:url\" content=\"https:\/\/euvapen.com\/fr\/produit\/jnr-shisha-hookah-max-22000-puffs-disposable-vape\/\" \/>\n<meta property=\"og:site_name\" content=\"EuVapen\" \/>\n<meta property=\"article:modified_time\" content=\"2026-02-05T10:02:58+00:00\" \/>\n<meta property=\"og:image\" content=\"https:\/\/euvapen.com\/wp-content\/uploads\/2025\/11\/SM14-Simply-Mint-JNR-Shisha-Hookah-Max-22000-Puffs-Disposable-Vape.webp\" \/>\n\t<meta property=\"og:image:width\" content=\"1000\" \/>\n\t<meta property=\"og:image:height\" content=\"1000\" \/>\n\t<meta property=\"og:image:type\" content=\"image\/webp\" \/>\n<meta name=\"twitter:card\" content=\"summary_large_image\" \/>\n<meta name=\"twitter:label1\" content=\"Disponibilit\u00e9\" \/>\n\t<meta name=\"twitter:data1\" content=\"En stock\" \/>\n<script type=\"application\/ld+json\" class=\"yoast-schema-graph\">{\"@context\":\"https:\/\/schema.org\",\"@graph\":[{\"@type\":\"WebPage\",\"@id\":\"https:\/\/euvapen.com\/product\/jnr-shisha-hookah-max-22000-puffs-disposable-vape\/\",\"url\":\"https:\/\/euvapen.com\/product\/jnr-shisha-hookah-max-22000-puffs-disposable-vape\/\",\"name\":\"JNR Shisha Hookah Max 22000 \u2014 jnr 22k, 22,000 Puffs, Mesh, - EuVapen\",\"isPartOf\":{\"@id\":\"https:\/\/euvapen.com\/#website\"},\"primaryImageOfPage\":{\"@id\":\"https:\/\/euvapen.com\/product\/jnr-shisha-hookah-max-22000-puffs-disposable-vape\/#primaryimage\"},\"image\":{\"@id\":\"https:\/\/euvapen.com\/product\/jnr-shisha-hookah-max-22000-puffs-disposable-vape\/#primaryimage\"},\"thumbnailUrl\":\"https:\/\/euvapen.com\/wp-content\/uploads\/2025\/11\/SM14-Simply-Mint-JNR-Shisha-Hookah-Max-22000-Puffs-Disposable-Vape.webp\",\"datePublished\":\"2025-11-08T10:14:25+00:00\",\"dateModified\":\"2026-02-05T10:02:58+00:00\",\"description\":\"JNR Shisha Hookah Max 22000 is a jnr shisha hookah device with up to 22,000 puffs, 29 mL prefill, mesh coil, 1,100 mAh Type-C and airflow control. A reliable jnr puff 22000 in the jnr 22k range.\",\"breadcrumb\":{\"@id\":\"https:\/\/euvapen.com\/product\/jnr-shisha-hookah-max-22000-puffs-disposable-vape\/#breadcrumb\"},\"inLanguage\":\"fr-FR\",\"potentialAction\":[{\"@type\":\"ReadAction\",\"target\":[\"https:\/\/euvapen.com\/product\/jnr-shisha-hookah-max-22000-puffs-disposable-vape\/\"]}]},{\"@type\":\"ImageObject\",\"inLanguage\":\"fr-FR\",\"@id\":\"https:\/\/euvapen.com\/product\/jnr-shisha-hookah-max-22000-puffs-disposable-vape\/#primaryimage\",\"url\":\"https:\/\/euvapen.com\/wp-content\/uploads\/2025\/11\/SM14-Simply-Mint-JNR-Shisha-Hookah-Max-22000-Puffs-Disposable-Vape.webp\",\"contentUrl\":\"https:\/\/euvapen.com\/wp-content\/uploads\/2025\/11\/SM14-Simply-Mint-JNR-Shisha-Hookah-Max-22000-Puffs-Disposable-Vape.webp\",\"width\":1000,\"height\":1000,\"caption\":\"SM14 Simply Mint JNR Shisha Hookah Max 22000 Puffs Disposable Vape\"},{\"@type\":\"BreadcrumbList\",\"@id\":\"https:\/\/euvapen.com\/product\/jnr-shisha-hookah-max-22000-puffs-disposable-vape\/#breadcrumb\",\"itemListElement\":[{\"@type\":\"ListItem\",\"position\":1,\"name\":\"Home\",\"item\":\"https:\/\/euvapen.com\/\"},{\"@type\":\"ListItem\",\"position\":2,\"name\":\"Shop\",\"item\":\"https:\/\/euvapen.com\/shop\/\"},{\"@type\":\"ListItem\",\"position\":3,\"name\":\"JNR Shisha Hookah Max 22000 Puffs\u00a0\u2013 Disposable Vape\"}]},{\"@type\":\"WebSite\",\"@id\":\"https:\/\/euvapen.com\/#website\",\"url\":\"https:\/\/euvapen.com\/\",\"name\":\"bestpuffvape\",\"description\":\"\",\"publisher\":{\"@id\":\"https:\/\/euvapen.com\/#organization\"},\"potentialAction\":[{\"@type\":\"SearchAction\",\"target\":{\"@type\":\"EntryPoint\",\"urlTemplate\":\"https:\/\/euvapen.com\/?s={search_term_string}\"},\"query-input\":{\"@type\":\"PropertyValueSpecification\",\"valueRequired\":true,\"valueName\":\"search_term_string\"}}],\"inLanguage\":\"fr-FR\"},{\"@type\":[\"Organization\",\"Place\"],\"@id\":\"https:\/\/euvapen.com\/#organization\",\"name\":\"bestpuffvape\",\"alternateName\":\"bestpuffvape\",\"url\":\"https:\/\/euvapen.com\/\",\"logo\":{\"@id\":\"https:\/\/euvapen.com\/product\/jnr-shisha-hookah-max-22000-puffs-disposable-vape\/#local-main-organization-logo\"},\"image\":{\"@id\":\"https:\/\/euvapen.com\/product\/jnr-shisha-hookah-max-22000-puffs-disposable-vape\/#local-main-organization-logo\"},\"telephone\":[],\"openingHoursSpecification\":[{\"@type\":\"OpeningHoursSpecification\",\"dayOfWeek\":[\"Monday\",\"Tuesday\",\"Wednesday\",\"Thursday\",\"Friday\",\"Saturday\",\"Sunday\"],\"opens\":\"00:00\",\"closes\":\"23:59\"}]},{\"@type\":\"ImageObject\",\"inLanguage\":\"fr-FR\",\"@id\":\"https:\/\/euvapen.com\/product\/jnr-shisha-hookah-max-22000-puffs-disposable-vape\/#local-main-organization-logo\",\"url\":\"https:\/\/euvapen.com\/wp-content\/uploads\/2025\/10\/cropped-puffvape-logo.png\",\"contentUrl\":\"https:\/\/euvapen.com\/wp-content\/uploads\/2025\/10\/cropped-puffvape-logo.png\",\"width\":512,\"height\":512,\"caption\":\"bestpuffvape\"}]}<\/script>\n<meta property=\"og:availability\" content=\"instock\" \/>\n<meta property=\"product:availability\" content=\"instock\" \/>\n<meta property=\"product:retailer_item_id\" content=\"JNR-Shisha-Hookah-Max-22k\" \/>\n<meta property=\"product:condition\" content=\"new\" \/>\n<!-- \/ Yoast SEO Premium plugin. -->","yoast_head_json":{"title":"JNR Shisha Hookah Max 22000 \u2014 jnr 22k, 22,000 Puffs, Mesh, - EuVapen","description":"JNR Shisha Hookah Max 22000 est un appareil \u00e0 narguil\u00e9 jnr shisha avec jusqu'\u00e0 22 000 bouff\u00e9es, 29 ml de pr\u00e9-remplissage, mesh coil, 1 100 mAh Type-C et contr\u00f4le du flux d'air. Un jnr puff 22000 fiable dans la gamme jnr 22k.","robots":{"index":"index","follow":"follow","max-snippet":"max-snippet:-1","max-image-preview":"max-image-preview:large","max-video-preview":"max-video-preview:-1"},"canonical":"https:\/\/euvapen.com\/fr\/produit\/jnr-shisha-hookah-max-22000-puffs-disposable-vape\/","og_locale":"fr_FR","og_type":"article","og_title":"JNR Shisha Hookah Max 22000 Puffs\u00a0\u2013 Disposable Vape","og_description":"JNR Shisha Hookah Max 22000 is a jnr shisha hookah device with up to 22,000 puffs, 29 mL prefill, mesh coil, 1,100 mAh Type-C and airflow control. A reliable jnr puff 22000 in the jnr 22k range.","og_url":"https:\/\/euvapen.com\/fr\/produit\/jnr-shisha-hookah-max-22000-puffs-disposable-vape\/","og_site_name":"EuVapen","article_modified_time":"2026-02-05T10:02:58+00:00","og_image":[{"width":1000,"height":1000,"url":"https:\/\/euvapen.com\/wp-content\/uploads\/2025\/11\/SM14-Simply-Mint-JNR-Shisha-Hookah-Max-22000-Puffs-Disposable-Vape.webp","type":"image\/webp"}],"twitter_card":"summary_large_image","twitter_misc":{"Disponibilit\u00e9":"En stock"},"schema":{"@context":"https:\/\/schema.org","@graph":[{"@type":"WebPage","@id":"https:\/\/euvapen.com\/product\/jnr-shisha-hookah-max-22000-puffs-disposable-vape\/","url":"https:\/\/euvapen.com\/product\/jnr-shisha-hookah-max-22000-puffs-disposable-vape\/","name":"JNR Shisha Hookah Max 22000 \u2014 jnr 22k, 22,000 Puffs, Mesh, - EuVapen","isPartOf":{"@id":"https:\/\/euvapen.com\/#website"},"primaryImageOfPage":{"@id":"https:\/\/euvapen.com\/product\/jnr-shisha-hookah-max-22000-puffs-disposable-vape\/#primaryimage"},"image":{"@id":"https:\/\/euvapen.com\/product\/jnr-shisha-hookah-max-22000-puffs-disposable-vape\/#primaryimage"},"thumbnailUrl":"https:\/\/euvapen.com\/wp-content\/uploads\/2025\/11\/SM14-Simply-Mint-JNR-Shisha-Hookah-Max-22000-Puffs-Disposable-Vape.webp","datePublished":"2025-11-08T10:14:25+00:00","dateModified":"2026-02-05T10:02:58+00:00","description":"JNR Shisha Hookah Max 22000 est un appareil \u00e0 narguil\u00e9 jnr shisha avec jusqu'\u00e0 22 000 bouff\u00e9es, 29 ml de pr\u00e9-remplissage, mesh coil, 1 100 mAh Type-C et contr\u00f4le du flux d'air. Un jnr puff 22000 fiable dans la gamme jnr 22k.","breadcrumb":{"@id":"https:\/\/euvapen.com\/product\/jnr-shisha-hookah-max-22000-puffs-disposable-vape\/#breadcrumb"},"inLanguage":"fr-FR","potentialAction":[{"@type":"ReadAction","target":["https:\/\/euvapen.com\/product\/jnr-shisha-hookah-max-22000-puffs-disposable-vape\/"]}]},{"@type":"ImageObject","inLanguage":"fr-FR","@id":"https:\/\/euvapen.com\/product\/jnr-shisha-hookah-max-22000-puffs-disposable-vape\/#primaryimage","url":"https:\/\/euvapen.com\/wp-content\/uploads\/2025\/11\/SM14-Simply-Mint-JNR-Shisha-Hookah-Max-22000-Puffs-Disposable-Vape.webp","contentUrl":"https:\/\/euvapen.com\/wp-content\/uploads\/2025\/11\/SM14-Simply-Mint-JNR-Shisha-Hookah-Max-22000-Puffs-Disposable-Vape.webp","width":1000,"height":1000,"caption":"SM14 Simply Mint JNR Shisha Hookah Max 22000 Puffs Disposable Vape"},{"@type":"BreadcrumbList","@id":"https:\/\/euvapen.com\/product\/jnr-shisha-hookah-max-22000-puffs-disposable-vape\/#breadcrumb","itemListElement":[{"@type":"ListItem","position":1,"name":"Home","item":"https:\/\/euvapen.com\/"},{"@type":"ListItem","position":2,"name":"Shop","item":"https:\/\/euvapen.com\/shop\/"},{"@type":"ListItem","position":3,"name":"JNR Shisha Hookah Max 22000 Puffs\u00a0\u2013 Disposable Vape"}]},{"@type":"WebSite","@id":"https:\/\/euvapen.com\/#website","url":"https:\/\/euvapen.com\/","name":"bestpuffvape","description":"","publisher":{"@id":"https:\/\/euvapen.com\/#organization"},"potentialAction":[{"@type":"SearchAction","target":{"@type":"EntryPoint","urlTemplate":"https:\/\/euvapen.com\/?s={search_term_string}"},"query-input":{"@type":"PropertyValueSpecification","valueRequired":true,"valueName":"search_term_string"}}],"inLanguage":"fr-FR"},{"@type":["Organization","Place"],"@id":"https:\/\/euvapen.com\/#organization","name":"bestpuffvape","alternateName":"bestpuffvape","url":"https:\/\/euvapen.com\/","logo":{"@id":"https:\/\/euvapen.com\/product\/jnr-shisha-hookah-max-22000-puffs-disposable-vape\/#local-main-organization-logo"},"image":{"@id":"https:\/\/euvapen.com\/product\/jnr-shisha-hookah-max-22000-puffs-disposable-vape\/#local-main-organization-logo"},"telephone":[],"openingHoursSpecification":[{"@type":"OpeningHoursSpecification","dayOfWeek":["Monday","Tuesday","Wednesday","Thursday","Friday","Saturday","Sunday"],"opens":"00:00","closes":"23:59"}]},{"@type":"ImageObject","inLanguage":"fr-FR","@id":"https:\/\/euvapen.com\/product\/jnr-shisha-hookah-max-22000-puffs-disposable-vape\/#local-main-organization-logo","url":"https:\/\/euvapen.com\/wp-content\/uploads\/2025\/10\/cropped-puffvape-logo.png","contentUrl":"https:\/\/euvapen.com\/wp-content\/uploads\/2025\/10\/cropped-puffvape-logo.png","width":512,"height":512,"caption":"bestpuffvape"}]},"og_availability":"instock","product_availability":"instock","product_retailer_item_id":"JNR-Shisha-Hookah-Max-22k","product_condition":"new"},"brands":[{"id":167,"name":"Jnr","slug":"jnr"}],"tiered_pricing_type":"fixed","tiered_pricing_fixed_rules":{"30":"12.6","50":"10.6","100":"9.8","200":"9.6"},"tiered_pricing_product_settings":{"layout":"default","base_unit_name":{"singular":null,"plural":null},"default_variation":{}},"tiered_pricing_minimum_quantity":10,"tiered_pricing_roles_data":[],"tiered_pricing_percentage_rules":[],"tiered_pricing_maximum_quantity":null,"tiered_pricing_quantity_step":null,"_links":{"self":[{"href":"https:\/\/euvapen.com\/fr\/wp-json\/wp\/v2\/product\/16186","targetHints":{"allow":["GET"]}}],"collection":[{"href":"https:\/\/euvapen.com\/fr\/wp-json\/wp\/v2\/product"}],"about":[{"href":"https:\/\/euvapen.com\/fr\/wp-json\/wp\/v2\/types\/product"}],"replies":[{"embeddable":true,"href":"https:\/\/euvapen.com\/fr\/wp-json\/wp\/v2\/comments?post=16186"}],"wp:featuredmedia":[{"embeddable":true,"href":"https:\/\/euvapen.com\/fr\/wp-json\/wp\/v2\/media\/21472"}],"wp:attachment":[{"href":"https:\/\/euvapen.com\/fr\/wp-json\/wp\/v2\/media?parent=16186"}],"wp:term":[{"taxonomy":"pwb-brand","embeddable":true,"href":"https:\/\/euvapen.com\/fr\/wp-json\/wp\/v2\/pwb-brand?post=16186"},{"taxonomy":"product_brand","embeddable":true,"href":"https:\/\/euvapen.com\/fr\/wp-json\/wp\/v2\/product_brand?post=16186"},{"taxonomy":"product_cat","embeddable":true,"href":"https:\/\/euvapen.com\/fr\/wp-json\/wp\/v2\/product_cat?post=16186"},{"taxonomy":"product_tag","embeddable":true,"href":"https:\/\/euvapen.com\/fr\/wp-json\/wp\/v2\/product_tag?post=16186"}],"curies":[{"name":"wp","href":"https:\/\/api.w.org\/{rel}","templated":true}]}}