{"id":16187,"date":"2025-11-10T10:38:35","date_gmt":"2025-11-10T10:38:35","guid":{"rendered":"https:\/\/euvapen.com\/?post_type=product&#038;p=16187"},"modified":"2025-11-19T06:26:11","modified_gmt":"2025-11-19T06:26:11","slug":"jnr-tank-pro-33000-puffs-disposable-vape","status":"publish","type":"product","link":"https:\/\/euvapen.com\/fr\/produit\/jnr-tank-pro-33000-puffs-disposable-vape\/","title":{"rendered":"JNR Tank Pro 33000 Puffs - Vape jetable"},"content":{"rendered":"<h2 data-start=\"260\" data-end=\"324\">JNR TANK PRO 33000 - Multi-Mesh 33k jnr avec affichage digital<\/h2>\n<p data-start=\"326\" data-end=\"641\">Les <strong data-start=\"330\" data-end=\"352\">JNR TANK PRO 33000<\/strong> est un produit jetable de grande capacit\u00e9 con\u00e7u pour une utilisation prolong\u00e9e, une sortie stable et un retour d'information clair sur l'appareil. En tant que <strong data-start=\"459\" data-end=\"470\">33k jnr<\/strong> La plate-forme est con\u00e7ue pour accueillir jusqu'\u00e0 <strong data-start=\"496\" data-end=\"524\">JNR TANK PRO 33000 puffs<\/strong>, Il combine un r\u00e9servoir de 28 ml, une architecture de serpentin \u00e0 mailles multiples et un affichage num\u00e9rique dans un format compact, adapt\u00e9 \u00e0 la vie de tous les jours.<\/p>\n<p data-start=\"643\" data-end=\"840\">Dans la gamme JNR, ce mod\u00e8le s'adresse aux utilisateurs qui souhaitent b\u00e9n\u00e9ficier de la dur\u00e9e d'ex\u00e9cution d'une <strong data-start=\"715\" data-end=\"731\">puff 33k jnr<\/strong> sans la complexit\u00e9 des syst\u00e8mes rechargeables, tout en b\u00e9n\u00e9ficiant d'informations num\u00e9riques sur l'\u00e9tat de l'appareil.<\/p>\n<h3 data-start=\"842\" data-end=\"864\">Caract\u00e9ristiques principales du JNR Tank Pro 33000<\/h3>\n<ul data-start=\"866\" data-end=\"1850\">\n<li data-start=\"866\" data-end=\"904\">\n<p data-start=\"868\" data-end=\"904\"><strong data-start=\"868\" data-end=\"883\">Nom du mod\u00e8le :<\/strong> JNR TANK PRO 33000<\/p>\n<\/li>\n<li data-start=\"905\" data-end=\"923\">\n<p data-start=\"907\" data-end=\"923\"><strong data-start=\"907\" data-end=\"917\">Marque :<\/strong> JNR<\/p>\n<\/li>\n<li data-start=\"924\" data-end=\"1018\">\n<p data-start=\"926\" data-end=\"1018\"><strong data-start=\"926\" data-end=\"942\">Taux de bouff\u00e9e :<\/strong> jusqu'\u00e0 33 000 bouff\u00e9es (en fonction de l'utilisation) - cr\u00e9dible <strong data-start=\"991\" data-end=\"1010\">jnr 33000 puffs<\/strong> classe<\/p>\n<\/li>\n<li data-start=\"1019\" data-end=\"1078\">\n<p data-start=\"1021\" data-end=\"1078\"><strong data-start=\"1021\" data-end=\"1043\">Capacit\u00e9 en e-liquide :<\/strong> 28 ml pr\u00e9-rempli (non rechargeable)<\/p>\n<\/li>\n<li data-start=\"1079\" data-end=\"1138\">\n<p data-start=\"1081\" data-end=\"1138\"><strong data-start=\"1081\" data-end=\"1104\">Teneur en nicotine :<\/strong> 2% (20 mg\/mL) et 5% (50 mg\/mL)<\/p>\n<\/li>\n<li data-start=\"1139\" data-end=\"1184\">\n<p data-start=\"1141\" data-end=\"1184\"><strong data-start=\"1141\" data-end=\"1153\">Batterie :<\/strong> 850 mAh, rechargeable de type C<\/p>\n<\/li>\n<li data-start=\"1185\" data-end=\"1251\">\n<p data-start=\"1187\" data-end=\"1251\"><strong data-start=\"1187\" data-end=\"1205\">Temps de charge :<\/strong> environ 50 minutes pour une charge compl\u00e8te (typique)<\/p>\n<\/li>\n<li data-start=\"1252\" data-end=\"1351\">\n<p data-start=\"1254\" data-end=\"1351\"><strong data-start=\"1254\" data-end=\"1270\">Syst\u00e8me de bobine :<\/strong> noyau maill\u00e9 avec configuration multi-maille (double\/triple) comme sp\u00e9cifi\u00e9 par lot<\/p>\n<\/li>\n<li data-start=\"1352\" data-end=\"1429\">\n<p data-start=\"1354\" data-end=\"1429\"><strong data-start=\"1354\" data-end=\"1378\">Activation \/ sortie :<\/strong> activ\u00e9e par tirage au sort ; tension et puissance non variables<\/p>\n<\/li>\n<li data-start=\"1430\" data-end=\"1563\">\n<p data-start=\"1432\" data-end=\"1451\"><strong data-start=\"1432\" data-end=\"1449\">Caract\u00e9ristiques principales :<\/strong><\/p>\n<ul data-start=\"1454\" data-end=\"1563\">\n<li data-start=\"1454\" data-end=\"1508\">\n<p data-start=\"1456\" data-end=\"1508\">Architecture de la bobine \u00e0 triple maille (chauffage multi-maille)<\/p>\n<\/li>\n<li data-start=\"1511\" data-end=\"1563\">\n<p data-start=\"1513\" data-end=\"1563\">Affichage num\u00e9rique pour les informations essentielles sur l'\u00e9tat de l'appareil<\/p>\n<\/li>\n<\/ul>\n<\/li>\n<li data-start=\"1564\" data-end=\"1600\">\n<p data-start=\"1566\" data-end=\"1600\"><strong data-start=\"1566\" data-end=\"1581\">Dimensions :<\/strong> 62 \u00d7 31 \u00d7 116 mm<\/p>\n<\/li>\n<li data-start=\"1601\" data-end=\"1623\">\n<p data-start=\"1603\" data-end=\"1623\"><strong data-start=\"1603\" data-end=\"1614\">Poids :<\/strong> ~114 g<\/p>\n<\/li>\n<li data-start=\"1624\" data-end=\"1684\">\n<p data-start=\"1626\" data-end=\"1684\"><strong data-start=\"1626\" data-end=\"1640\">Emballage :<\/strong> 10 pi\u00e8ces \/ bo\u00eete (emballage cadeau pour le transport)<\/p>\n<\/li>\n<li data-start=\"1685\" data-end=\"1786\">\n<p data-start=\"1687\" data-end=\"1786\"><strong data-start=\"1687\" data-end=\"1709\">Lieu de dispatching :<\/strong> Entrep\u00f4t de l'UE<\/p>\n<\/li>\n<li data-start=\"1685\" data-end=\"1786\">Les commandes \u00e0 destination de l'Europe sont exp\u00e9di\u00e9es \u00e0 partir de notre entrep\u00f4t allemand ; les commandes \u00e0 destination d'autres r\u00e9gions sont g\u00e9n\u00e9ralement exp\u00e9di\u00e9es \u00e0 partir de notre entrep\u00f4t de Shenzhen, en Chine. Les commandes pass\u00e9es avant 14 heures en semaine peuvent \u00eatre exp\u00e9di\u00e9es le jour m\u00eame. Nous prenons en charge le DDP (Delivered Duty Paid) en fonction de la politique du pays de destination.<\/li>\n<li data-start=\"1685\" data-end=\"1786\">\n<p data-start=\"1687\" data-end=\"1786\"><strong data-start=\"1789\" data-end=\"1806\">Convient pour :<\/strong> adultes 18+ selon la r\u00e9glementation locale<\/p>\n<\/li>\n<\/ul>\n<p data-start=\"1852\" data-end=\"1957\">La configuration est r\u00e9gl\u00e9e de mani\u00e8re \u00e0 obtenir <strong data-start=\"1887\" data-end=\"1915\">JNR TANK PRO 33000 puffs<\/strong> de service dans un bo\u00eetier robuste mais portable.<\/p>\n<h3 data-start=\"1959\" data-end=\"1996\">Bobine Multi-Mesh et affichage num\u00e9rique<\/h3>\n<p data-start=\"1998\" data-end=\"2089\">Le syst\u00e8me d'enroulement \u00e0 mailles multiples est au c\u0153ur du profil de performance du <strong data-start=\"2066\" data-end=\"2088\">JNR TANK PRO 33000<\/strong>:<\/p>\n<ul data-start=\"2091\" data-end=\"2306\">\n<li data-start=\"2091\" data-end=\"2165\">\n<p data-start=\"2093\" data-end=\"2165\">distribue la chaleur sur une plus grande surface que les installations \u00e0 fil unique,<\/p>\n<\/li>\n<li data-start=\"2166\" data-end=\"2228\">\n<p data-start=\"2168\" data-end=\"2228\">favorise une vapeur dense et une expression plus uniforme des ar\u00f4mes,<\/p>\n<\/li>\n<li data-start=\"2229\" data-end=\"2306\">\n<p data-start=\"2231\" data-end=\"2306\">contribue \u00e0 r\u00e9duire la probabilit\u00e9 de coups secs lorsqu'il est utilis\u00e9 dans les limites des param\u00e8tres normaux.<\/p>\n<\/li>\n<\/ul>\n<p data-start=\"2308\" data-end=\"2378\">Les <strong data-start=\"2312\" data-end=\"2331\">affichage num\u00e9rique<\/strong> fournit d'un seul coup d'\u0153il des indications cl\u00e9s sur l'\u00e9tat de l'appareil, telles que<\/p>\n<ul data-start=\"2380\" data-end=\"2504\">\n<li data-start=\"2380\" data-end=\"2398\">\n<p data-start=\"2382\" data-end=\"2398\">le niveau de la batterie,<\/p>\n<\/li>\n<li data-start=\"2399\" data-end=\"2458\">\n<p data-start=\"2401\" data-end=\"2458\">l'affichage de l'utilisation ou des bouff\u00e9es (selon le micrologiciel),<\/p>\n<\/li>\n<li data-start=\"2459\" data-end=\"2504\">\n<p data-start=\"2461\" data-end=\"2504\">les invites de base pendant le chargement ou l'utilisation de l'appareil.<\/p>\n<\/li>\n<\/ul>\n<p data-start=\"2506\" data-end=\"2627\">Cette combinaison de chauffage \u00e0 mailles multiples et d'affichage sur l'appareil distingue le mod\u00e8le au sein de la cat\u00e9gorie des <strong data-start=\"2602\" data-end=\"2618\">puff 33k jnr<\/strong> segment.<\/p>\n<h3 data-start=\"2629\" data-end=\"2647\">Plate-forme d'\u00e9nergie<\/h3>\n<p data-start=\"2649\" data-end=\"2959\">Les <strong data-start=\"2653\" data-end=\"2664\">850 mAh<\/strong> est associ\u00e9e \u00e0 une batterie <strong data-start=\"2690\" data-end=\"2700\">Type-C<\/strong> et est con\u00e7u pour une charge compl\u00e8te en 50 minutes environ dans des conditions normales. Ce profil de puissance est con\u00e7u pour s'aligner sur la capacit\u00e9 de 28 ml et la puissance nominale de l'appareil. <strong data-start=\"2876\" data-end=\"2895\">jnr 33000 puffs<\/strong> Le cycle de vie de l'appareil, en limitant les temps d'arr\u00eat et en permettant une utilisation quotidienne fr\u00e9quente.<\/p>\n<h3 data-start=\"2961\" data-end=\"2989\">JNR Tank Pro 33k Flavors<\/h3>\n<p data-start=\"2991\" data-end=\"3078\">Le portefeuille d'ar\u00f4mes pour <strong data-start=\"3017\" data-end=\"3039\">JNR TANK PRO 33000<\/strong> se concentre sur les fruits et les m\u00e9langes de fruits et de glace :<\/p>\n<ol data-start=\"3080\" data-end=\"3399\">\n<li data-start=\"3080\" data-end=\"3098\">\n<p data-start=\"3083\" data-end=\"3098\">Glace aux myrtilles<\/p>\n<\/li>\n<li data-start=\"3099\" data-end=\"3111\">\n<p data-start=\"3102\" data-end=\"3111\">M. Bleu<\/p>\n<\/li>\n<li data-start=\"3112\" data-end=\"3131\">\n<p data-start=\"3115\" data-end=\"3131\">Glace \u00e0 la fraise<\/p>\n<\/li>\n<li data-start=\"3132\" data-end=\"3152\">\n<p data-start=\"3135\" data-end=\"3152\">Fraise Kiwi<\/p>\n<\/li>\n<li data-start=\"3153\" data-end=\"3170\">\n<p data-start=\"3156\" data-end=\"3170\">Baie de cerise<\/p>\n<\/li>\n<li data-start=\"3171\" data-end=\"3187\">\n<p data-start=\"3174\" data-end=\"3187\">Cola \u00e0 la cerise<\/p>\n<\/li>\n<li data-start=\"3188\" data-end=\"3205\">\n<p data-start=\"3191\" data-end=\"3205\">Double pomme<\/p>\n<\/li>\n<li data-start=\"3206\" data-end=\"3217\">\n<p data-start=\"3209\" data-end=\"3217\">Hawa\u00ef<\/p>\n<\/li>\n<li data-start=\"3218\" data-end=\"3249\">\n<p data-start=\"3221\" data-end=\"3249\">Myrtille Framboise Cerise<\/p>\n<\/li>\n<li data-start=\"3250\" data-end=\"3280\">\n<p data-start=\"3254\" data-end=\"3280\">Myrtille framboise acidul\u00e9e<\/p>\n<\/li>\n<li data-start=\"3281\" data-end=\"3308\">\n<p data-start=\"3285\" data-end=\"3308\">P\u00eache Mangue Ananas<\/p>\n<\/li>\n<li data-start=\"3309\" data-end=\"3332\">\n<p data-start=\"3313\" data-end=\"3332\">Fraise et banane<\/p>\n<\/li>\n<li data-start=\"3333\" data-end=\"3355\">\n<p data-start=\"3337\" data-end=\"3355\">Glace \u00e0 la p\u00eache d'\u00e9t\u00e9<\/p>\n<\/li>\n<li data-start=\"3356\" data-end=\"3376\">\n<p data-start=\"3360\" data-end=\"3376\">Glace \u00e0 la past\u00e8que<\/p>\n<\/li>\n<li data-start=\"3377\" data-end=\"3399\">\n<p data-start=\"3381\" data-end=\"3399\">Bleu Razz Cherry<\/p>\n<\/li>\n<\/ol>\n<p data-start=\"3401\" data-end=\"3570\">A <strong data-start=\"3403\" data-end=\"3439\">\u201cSaveurs al\u00e9atoires (livraison rapide)\u201d<\/strong> est disponible, fournissant un m\u00e9lange assorti des saveurs ci-dessus afin de raccourcir le temps de traitement et de r\u00e9duire la duplication par carton.<\/p>\n<h3 data-start=\"3572\" data-end=\"3597\">Profil de l'utilisateur pr\u00e9vu<\/h3>\n<p data-start=\"3599\" data-end=\"3662\">Les <strong data-start=\"3603\" data-end=\"3625\">JNR TANK PRO 33000<\/strong> convient aux vapoteurs adultes (18+) qui :<\/p>\n<ul data-start=\"3664\" data-end=\"3925\">\n<li data-start=\"3664\" data-end=\"3731\">\n<p data-start=\"3666\" data-end=\"3731\">pr\u00e9f\u00e8rent un cycle long <strong data-start=\"3686\" data-end=\"3697\">33k jnr<\/strong> avec moins de remplacements,<\/p>\n<\/li>\n<li data-start=\"3732\" data-end=\"3793\">\n<p data-start=\"3734\" data-end=\"3793\">veut une vapeur dense, de type mesh, et des ar\u00f4mes fruit\u00e9s,<\/p>\n<\/li>\n<li data-start=\"3794\" data-end=\"3850\">\n<p data-start=\"3796\" data-end=\"3850\">valorise l'affichage num\u00e9rique pour une meilleure visibilit\u00e9 de l'\u00e9tat de l'appareil,<\/p>\n<\/li>\n<li data-start=\"3851\" data-end=\"3925\">\n<p data-start=\"3853\" data-end=\"3925\">ont besoin d'un format scell\u00e9 et jetable ne n\u00e9cessitant pas de remplissage ou de changement de bobine.<\/p>\n<\/li>\n<\/ul>\n<h3 data-start=\"3927\" data-end=\"3938\">R\u00e9sum\u00e9<\/h3>\n<p data-start=\"3940\" data-end=\"4364\">En combinant un r\u00e9servoir pr\u00e9-rempli de 28 ml, une unit\u00e9 d'alimentation Type-C de 850 mAh, un syst\u00e8me de bobines multi-mailles et un affichage num\u00e9rique, le <strong data-start=\"4054\" data-end=\"4076\">JNR TANK PRO 33000<\/strong> offre une option durable et n\u00e9cessitant peu d'entretien dans le segment des produits jetables de grande capacit\u00e9. En tant que <strong data-start=\"4173\" data-end=\"4195\">JNR TANK PRO 33000<\/strong> et un solide repr\u00e9sentant de l'Union europ\u00e9enne. <strong data-start=\"4237\" data-end=\"4271\">puff 33k jnr \/ jnr 33000 puffs<\/strong> Il offre un m\u00e9lange \u00e9quilibr\u00e9 de dur\u00e9e d'ex\u00e9cution, de clart\u00e9 de l'information et de performances gustatives.<\/p>","protected":false},"excerpt":{"rendered":"<p>JNR TANK PRO 33000 : 33k jnr avec jusqu'\u00e0 33,000 puffs, 28 mL, coil multi-mesh, 850 mAh Type-C et affichage digital. Exp\u00e9dition \u00e0 l'entrep\u00f4t de l'UE.<\/p>","protected":false},"featured_media":21384,"comment_status":"open","ping_status":"closed","template":"","meta":{"_acf_changed":false},"pwb-brand":[167],"product_brand":[],"product_cat":[57,84,93,95],"product_tag":[69],"class_list":{"0":"post-16187","1":"product","2":"type-product","3":"status-publish","4":"has-post-thumbnail","6":"pwb-brand-jnr","7":"product_cat-disposable-vape","8":"product_cat-eu-warehouse-in-stock","9":"product_cat-rechargeable-vapes","10":"product_cat-vape-with-screen","11":"product_tag-puff-30000","13":"first","14":"instock","15":"shipping-taxable","16":"purchasable","17":"product-type-variable"},"acf":[],"yoast_head":"<!-- This site is optimized with the Yoast SEO Premium plugin v26.3 (Yoast SEO v26.3) - https:\/\/yoast.com\/wordpress\/plugins\/seo\/ -->\n<title>JNR TANK PRO 33000 \u2014 33k jnr, 33,000 Puffs, Mesh, Type-C - EuVapen<\/title>\n<meta name=\"description\" content=\"JNR TANK PRO 33000 is a 33k jnr device with up to 33,000 puffs, 28 mL prefill, multi-mesh coil, 850 mAh Type-C and digital display. A reliable JNR TANK PRO 33000 puffs option in the puff 33k jnr range, dispatched from EU warehouse.\" \/>\n<meta name=\"robots\" content=\"index, follow, max-snippet:-1, max-image-preview:large, max-video-preview:-1\" \/>\n<link rel=\"canonical\" href=\"https:\/\/euvapen.com\/fr\/produit\/jnr-tank-pro-33000-puffs-disposable-vape\/\" \/>\n<meta property=\"og:locale\" content=\"fr_FR\" \/>\n<meta property=\"og:type\" content=\"article\" \/>\n<meta property=\"og:title\" content=\"JNR Tank Pro 33000 Puffs\u00a0\u2013 Disposable Vape\" \/>\n<meta property=\"og:description\" content=\"JNR TANK PRO 33000 is a 33k jnr device with up to 33,000 puffs, 28 mL prefill, multi-mesh coil, 850 mAh Type-C and digital display. A reliable JNR TANK PRO 33000 puffs option in the puff 33k jnr range, dispatched from EU warehouse.\" \/>\n<meta property=\"og:url\" content=\"https:\/\/euvapen.com\/fr\/produit\/jnr-tank-pro-33000-puffs-disposable-vape\/\" \/>\n<meta property=\"og:site_name\" content=\"EuVapen\" \/>\n<meta property=\"article:modified_time\" content=\"2025-11-19T06:26:11+00:00\" \/>\n<meta property=\"og:image\" content=\"https:\/\/euvapen.com\/wp-content\/uploads\/2025\/11\/JNR-Tank-Pro-33000-Puffs-Disposable-Vape.webp\" \/>\n\t<meta property=\"og:image:width\" content=\"1000\" \/>\n\t<meta property=\"og:image:height\" content=\"1000\" \/>\n\t<meta property=\"og:image:type\" content=\"image\/webp\" \/>\n<meta name=\"twitter:card\" content=\"summary_large_image\" \/>\n<meta name=\"twitter:label1\" content=\"Disponibilit\u00e9\" \/>\n\t<meta name=\"twitter:data1\" content=\"En stock\" \/>\n<script type=\"application\/ld+json\" class=\"yoast-schema-graph\">{\"@context\":\"https:\/\/schema.org\",\"@graph\":[{\"@type\":\"WebPage\",\"@id\":\"https:\/\/euvapen.com\/product\/jnr-tank-pro-33000-puffs-disposable-vape\/\",\"url\":\"https:\/\/euvapen.com\/product\/jnr-tank-pro-33000-puffs-disposable-vape\/\",\"name\":\"JNR TANK PRO 33000 \u2014 33k jnr, 33,000 Puffs, Mesh, Type-C - EuVapen\",\"isPartOf\":{\"@id\":\"https:\/\/euvapen.com\/#website\"},\"primaryImageOfPage\":{\"@id\":\"https:\/\/euvapen.com\/product\/jnr-tank-pro-33000-puffs-disposable-vape\/#primaryimage\"},\"image\":{\"@id\":\"https:\/\/euvapen.com\/product\/jnr-tank-pro-33000-puffs-disposable-vape\/#primaryimage\"},\"thumbnailUrl\":\"https:\/\/euvapen.com\/wp-content\/uploads\/2025\/11\/JNR-Tank-Pro-33000-Puffs-Disposable-Vape.webp\",\"datePublished\":\"2025-11-10T10:38:35+00:00\",\"dateModified\":\"2025-11-19T06:26:11+00:00\",\"description\":\"JNR TANK PRO 33000 is a 33k jnr device with up to 33,000 puffs, 28 mL prefill, multi-mesh coil, 850 mAh Type-C and digital display. A reliable JNR TANK PRO 33000 puffs option in the puff 33k jnr range, dispatched from EU warehouse.\",\"breadcrumb\":{\"@id\":\"https:\/\/euvapen.com\/product\/jnr-tank-pro-33000-puffs-disposable-vape\/#breadcrumb\"},\"inLanguage\":\"fr-FR\",\"potentialAction\":[{\"@type\":\"ReadAction\",\"target\":[\"https:\/\/euvapen.com\/product\/jnr-tank-pro-33000-puffs-disposable-vape\/\"]}]},{\"@type\":\"ImageObject\",\"inLanguage\":\"fr-FR\",\"@id\":\"https:\/\/euvapen.com\/product\/jnr-tank-pro-33000-puffs-disposable-vape\/#primaryimage\",\"url\":\"https:\/\/euvapen.com\/wp-content\/uploads\/2025\/11\/JNR-Tank-Pro-33000-Puffs-Disposable-Vape.webp\",\"contentUrl\":\"https:\/\/euvapen.com\/wp-content\/uploads\/2025\/11\/JNR-Tank-Pro-33000-Puffs-Disposable-Vape.webp\",\"width\":1000,\"height\":1000,\"caption\":\"JNR Tank Pro 33000 Puffs Disposable Vape\"},{\"@type\":\"BreadcrumbList\",\"@id\":\"https:\/\/euvapen.com\/product\/jnr-tank-pro-33000-puffs-disposable-vape\/#breadcrumb\",\"itemListElement\":[{\"@type\":\"ListItem\",\"position\":1,\"name\":\"Home\",\"item\":\"https:\/\/euvapen.com\/\"},{\"@type\":\"ListItem\",\"position\":2,\"name\":\"Shop\",\"item\":\"https:\/\/euvapen.com\/shop\/\"},{\"@type\":\"ListItem\",\"position\":3,\"name\":\"JNR Tank Pro 33000 Puffs\u00a0\u2013 Disposable Vape\"}]},{\"@type\":\"WebSite\",\"@id\":\"https:\/\/euvapen.com\/#website\",\"url\":\"https:\/\/euvapen.com\/\",\"name\":\"bestpuffvape\",\"description\":\"\",\"publisher\":{\"@id\":\"https:\/\/euvapen.com\/#organization\"},\"potentialAction\":[{\"@type\":\"SearchAction\",\"target\":{\"@type\":\"EntryPoint\",\"urlTemplate\":\"https:\/\/euvapen.com\/?s={search_term_string}\"},\"query-input\":{\"@type\":\"PropertyValueSpecification\",\"valueRequired\":true,\"valueName\":\"search_term_string\"}}],\"inLanguage\":\"fr-FR\"},{\"@type\":[\"Organization\",\"Place\"],\"@id\":\"https:\/\/euvapen.com\/#organization\",\"name\":\"bestpuffvape\",\"alternateName\":\"bestpuffvape\",\"url\":\"https:\/\/euvapen.com\/\",\"logo\":{\"@id\":\"https:\/\/euvapen.com\/product\/jnr-tank-pro-33000-puffs-disposable-vape\/#local-main-organization-logo\"},\"image\":{\"@id\":\"https:\/\/euvapen.com\/product\/jnr-tank-pro-33000-puffs-disposable-vape\/#local-main-organization-logo\"},\"telephone\":[],\"openingHoursSpecification\":[{\"@type\":\"OpeningHoursSpecification\",\"dayOfWeek\":[\"Monday\",\"Tuesday\",\"Wednesday\",\"Thursday\",\"Friday\",\"Saturday\",\"Sunday\"],\"opens\":\"00:00\",\"closes\":\"23:59\"}]},{\"@type\":\"ImageObject\",\"inLanguage\":\"fr-FR\",\"@id\":\"https:\/\/euvapen.com\/product\/jnr-tank-pro-33000-puffs-disposable-vape\/#local-main-organization-logo\",\"url\":\"https:\/\/euvapen.com\/wp-content\/uploads\/2025\/10\/cropped-puffvape-logo.png\",\"contentUrl\":\"https:\/\/euvapen.com\/wp-content\/uploads\/2025\/10\/cropped-puffvape-logo.png\",\"width\":512,\"height\":512,\"caption\":\"bestpuffvape\"}]}<\/script>\n<meta property=\"og:availability\" content=\"instock\" \/>\n<meta property=\"product:availability\" content=\"instock\" \/>\n<meta property=\"product:retailer_item_id\" content=\"JNR-Tank-Pro-33k\" \/>\n<meta property=\"product:condition\" content=\"new\" \/>\n<!-- \/ Yoast SEO Premium plugin. -->","yoast_head_json":{"title":"JNR TANK PRO 33000 \u2014 33k jnr, 33,000 Puffs, Mesh, Type-C - EuVapen","description":"JNR TANK PRO 33000 est un dispositif de 33k jnr avec jusqu'\u00e0 33 000 bouff\u00e9es, 28 mL de pr\u00e9-remplissage, bobine multi-mesh, 850 mAh Type-C et affichage num\u00e9rique. Une option fiable de JNR TANK PRO 33000 bouff\u00e9es dans la gamme de bouff\u00e9es 33k jnr, exp\u00e9di\u00e9e depuis l'entrep\u00f4t de l'UE.","robots":{"index":"index","follow":"follow","max-snippet":"max-snippet:-1","max-image-preview":"max-image-preview:large","max-video-preview":"max-video-preview:-1"},"canonical":"https:\/\/euvapen.com\/fr\/produit\/jnr-tank-pro-33000-puffs-disposable-vape\/","og_locale":"fr_FR","og_type":"article","og_title":"JNR Tank Pro 33000 Puffs\u00a0\u2013 Disposable Vape","og_description":"JNR TANK PRO 33000 is a 33k jnr device with up to 33,000 puffs, 28 mL prefill, multi-mesh coil, 850 mAh Type-C and digital display. A reliable JNR TANK PRO 33000 puffs option in the puff 33k jnr range, dispatched from EU warehouse.","og_url":"https:\/\/euvapen.com\/fr\/produit\/jnr-tank-pro-33000-puffs-disposable-vape\/","og_site_name":"EuVapen","article_modified_time":"2025-11-19T06:26:11+00:00","og_image":[{"width":1000,"height":1000,"url":"https:\/\/euvapen.com\/wp-content\/uploads\/2025\/11\/JNR-Tank-Pro-33000-Puffs-Disposable-Vape.webp","type":"image\/webp"}],"twitter_card":"summary_large_image","twitter_misc":{"Disponibilit\u00e9":"En stock"},"schema":{"@context":"https:\/\/schema.org","@graph":[{"@type":"WebPage","@id":"https:\/\/euvapen.com\/product\/jnr-tank-pro-33000-puffs-disposable-vape\/","url":"https:\/\/euvapen.com\/product\/jnr-tank-pro-33000-puffs-disposable-vape\/","name":"JNR TANK PRO 33000 \u2014 33k jnr, 33,000 Puffs, Mesh, Type-C - EuVapen","isPartOf":{"@id":"https:\/\/euvapen.com\/#website"},"primaryImageOfPage":{"@id":"https:\/\/euvapen.com\/product\/jnr-tank-pro-33000-puffs-disposable-vape\/#primaryimage"},"image":{"@id":"https:\/\/euvapen.com\/product\/jnr-tank-pro-33000-puffs-disposable-vape\/#primaryimage"},"thumbnailUrl":"https:\/\/euvapen.com\/wp-content\/uploads\/2025\/11\/JNR-Tank-Pro-33000-Puffs-Disposable-Vape.webp","datePublished":"2025-11-10T10:38:35+00:00","dateModified":"2025-11-19T06:26:11+00:00","description":"JNR TANK PRO 33000 est un dispositif de 33k jnr avec jusqu'\u00e0 33 000 bouff\u00e9es, 28 mL de pr\u00e9-remplissage, bobine multi-mesh, 850 mAh Type-C et affichage num\u00e9rique. Une option fiable de JNR TANK PRO 33000 bouff\u00e9es dans la gamme de bouff\u00e9es 33k jnr, exp\u00e9di\u00e9e depuis l'entrep\u00f4t de l'UE.","breadcrumb":{"@id":"https:\/\/euvapen.com\/product\/jnr-tank-pro-33000-puffs-disposable-vape\/#breadcrumb"},"inLanguage":"fr-FR","potentialAction":[{"@type":"ReadAction","target":["https:\/\/euvapen.com\/product\/jnr-tank-pro-33000-puffs-disposable-vape\/"]}]},{"@type":"ImageObject","inLanguage":"fr-FR","@id":"https:\/\/euvapen.com\/product\/jnr-tank-pro-33000-puffs-disposable-vape\/#primaryimage","url":"https:\/\/euvapen.com\/wp-content\/uploads\/2025\/11\/JNR-Tank-Pro-33000-Puffs-Disposable-Vape.webp","contentUrl":"https:\/\/euvapen.com\/wp-content\/uploads\/2025\/11\/JNR-Tank-Pro-33000-Puffs-Disposable-Vape.webp","width":1000,"height":1000,"caption":"JNR Tank Pro 33000 Puffs Disposable Vape"},{"@type":"BreadcrumbList","@id":"https:\/\/euvapen.com\/product\/jnr-tank-pro-33000-puffs-disposable-vape\/#breadcrumb","itemListElement":[{"@type":"ListItem","position":1,"name":"Home","item":"https:\/\/euvapen.com\/"},{"@type":"ListItem","position":2,"name":"Shop","item":"https:\/\/euvapen.com\/shop\/"},{"@type":"ListItem","position":3,"name":"JNR Tank Pro 33000 Puffs\u00a0\u2013 Disposable Vape"}]},{"@type":"WebSite","@id":"https:\/\/euvapen.com\/#website","url":"https:\/\/euvapen.com\/","name":"bestpuffvape","description":"","publisher":{"@id":"https:\/\/euvapen.com\/#organization"},"potentialAction":[{"@type":"SearchAction","target":{"@type":"EntryPoint","urlTemplate":"https:\/\/euvapen.com\/?s={search_term_string}"},"query-input":{"@type":"PropertyValueSpecification","valueRequired":true,"valueName":"search_term_string"}}],"inLanguage":"fr-FR"},{"@type":["Organization","Place"],"@id":"https:\/\/euvapen.com\/#organization","name":"bestpuffvape","alternateName":"bestpuffvape","url":"https:\/\/euvapen.com\/","logo":{"@id":"https:\/\/euvapen.com\/product\/jnr-tank-pro-33000-puffs-disposable-vape\/#local-main-organization-logo"},"image":{"@id":"https:\/\/euvapen.com\/product\/jnr-tank-pro-33000-puffs-disposable-vape\/#local-main-organization-logo"},"telephone":[],"openingHoursSpecification":[{"@type":"OpeningHoursSpecification","dayOfWeek":["Monday","Tuesday","Wednesday","Thursday","Friday","Saturday","Sunday"],"opens":"00:00","closes":"23:59"}]},{"@type":"ImageObject","inLanguage":"fr-FR","@id":"https:\/\/euvapen.com\/product\/jnr-tank-pro-33000-puffs-disposable-vape\/#local-main-organization-logo","url":"https:\/\/euvapen.com\/wp-content\/uploads\/2025\/10\/cropped-puffvape-logo.png","contentUrl":"https:\/\/euvapen.com\/wp-content\/uploads\/2025\/10\/cropped-puffvape-logo.png","width":512,"height":512,"caption":"bestpuffvape"}]},"og_availability":"instock","product_availability":"instock","product_retailer_item_id":"JNR-Tank-Pro-33k","product_condition":"new"},"brands":[{"id":167,"name":"Jnr","slug":"jnr"}],"tiered_pricing_type":"fixed","tiered_pricing_fixed_rules":{"30":"12.5","50":"11","100":"10.5","200":"10"},"tiered_pricing_product_settings":{"layout":"default","base_unit_name":{"singular":null,"plural":null},"default_variation":{}},"tiered_pricing_minimum_quantity":10,"tiered_pricing_roles_data":[],"tiered_pricing_percentage_rules":[],"tiered_pricing_maximum_quantity":null,"tiered_pricing_quantity_step":null,"_links":{"self":[{"href":"https:\/\/euvapen.com\/fr\/wp-json\/wp\/v2\/product\/16187","targetHints":{"allow":["GET"]}}],"collection":[{"href":"https:\/\/euvapen.com\/fr\/wp-json\/wp\/v2\/product"}],"about":[{"href":"https:\/\/euvapen.com\/fr\/wp-json\/wp\/v2\/types\/product"}],"replies":[{"embeddable":true,"href":"https:\/\/euvapen.com\/fr\/wp-json\/wp\/v2\/comments?post=16187"}],"wp:featuredmedia":[{"embeddable":true,"href":"https:\/\/euvapen.com\/fr\/wp-json\/wp\/v2\/media\/21384"}],"wp:attachment":[{"href":"https:\/\/euvapen.com\/fr\/wp-json\/wp\/v2\/media?parent=16187"}],"wp:term":[{"taxonomy":"pwb-brand","embeddable":true,"href":"https:\/\/euvapen.com\/fr\/wp-json\/wp\/v2\/pwb-brand?post=16187"},{"taxonomy":"product_brand","embeddable":true,"href":"https:\/\/euvapen.com\/fr\/wp-json\/wp\/v2\/product_brand?post=16187"},{"taxonomy":"product_cat","embeddable":true,"href":"https:\/\/euvapen.com\/fr\/wp-json\/wp\/v2\/product_cat?post=16187"},{"taxonomy":"product_tag","embeddable":true,"href":"https:\/\/euvapen.com\/fr\/wp-json\/wp\/v2\/product_tag?post=16187"}],"curies":[{"name":"wp","href":"https:\/\/api.w.org\/{rel}","templated":true}]}}