{"id":21975,"date":"2025-11-20T08:36:46","date_gmt":"2025-11-20T08:36:46","guid":{"rendered":"https:\/\/euvapen.com\/?post_type=product&#038;p=21975"},"modified":"2025-11-20T08:36:47","modified_gmt":"2025-11-20T08:36:47","slug":"puff-12k-bang-king-12000-puffs-disposable-vape","status":"publish","type":"product","link":"https:\/\/euvapen.com\/fr\/produit\/puff-12k-bang-king-12000-puffs-disposable-vape\/","title":{"rendered":"Puff 12k Bang King 12000 bouff\u00e9es Vape jetable"},"content":{"rendered":"<h1 data-start=\"184\" data-end=\"241\"><strong data-start=\"186\" data-end=\"241\">Bang King 12000 Vape jetable - Compact 12K Power<\/strong><\/h1>\n<p data-start=\"242\" data-end=\"632\">Les <strong data-start=\"246\" data-end=\"265\">Bang King 12000<\/strong> offre une vape jetable compacte, puissante et pleine d'ar\u00f4mes, con\u00e7ue pour les utilisateurs qui veulent <strong data-start=\"359\" data-end=\"381\">jusqu'\u00e0 12,000 puffs<\/strong> avec un d\u00e9bit de vapeur r\u00e9gulier et constant. Avec son <strong data-start=\"432\" data-end=\"458\">Capacit\u00e9 de 18mL d'e-liquide<\/strong>, <strong data-start=\"460\" data-end=\"473\">Bobine de maille<\/strong>, et <strong data-start=\"479\" data-end=\"502\">Chargement rapide de type C<\/strong>, Ce mod\u00e8le est id\u00e9al pour les utilisateurs quotidiens et les acheteurs en gros \u00e0 la recherche d'un chiffre d'affaires \u00e9lev\u00e9, d'un go\u00fbt puissant et d'une livraison rapide.<\/p>\n<p data-start=\"634\" data-end=\"745\">Pes\u00e9e uniquement <strong data-start=\"648\" data-end=\"655\">90g<\/strong>, Il est ultra-portable tout en \u00e9tant durable, ce qui est parfait pour l'exp\u00e9rience de vapotage moderne en d\u00e9placement.<\/p>\n<hr data-start=\"747\" data-end=\"750\" \/>\n<h2 data-start=\"752\" data-end=\"779\">Puff 12k \u2b50 <strong data-start=\"757\" data-end=\"779\">Principales sp\u00e9cifications<\/strong><\/h2>\n<ul>\n<li data-start=\"782\" data-end=\"804\"><strong data-start=\"782\" data-end=\"792\">Marque :<\/strong> Bang Vape<\/li>\n<li data-start=\"807\" data-end=\"839\"><strong data-start=\"807\" data-end=\"817\">Mod\u00e8le :<\/strong> <strong data-start=\"818\" data-end=\"837\">Bang King 12000<\/strong><\/li>\n<li data-start=\"842\" data-end=\"877\"><strong data-start=\"842\" data-end=\"852\">Puffs :<\/strong> Jusqu'\u00e0 <strong data-start=\"859\" data-end=\"875\">12,000 puffs<\/strong><\/li>\n<li data-start=\"880\" data-end=\"918\"><strong data-start=\"880\" data-end=\"901\">Options de nicotine :<\/strong> 0%, 2%, 3%, 5%<\/li>\n<li data-start=\"921\" data-end=\"964\"><strong data-start=\"921\" data-end=\"933\">Batterie :<\/strong> 550mAh Rechargeable (Type-C)<\/li>\n<li data-start=\"967\" data-end=\"996\"><strong data-start=\"967\" data-end=\"989\">Capacit\u00e9 d'e-liquide :<\/strong> 18mL<\/li>\n<li data-start=\"999\" data-end=\"1020\"><strong data-start=\"999\" data-end=\"1008\">C\u0153ur de m\u00e9tier :<\/strong> Bobine de maille<\/li>\n<li data-start=\"1023\" data-end=\"1054\"><strong data-start=\"1023\" data-end=\"1041\">Temps de charge :<\/strong> 30 minutes<\/li>\n<li data-start=\"1057\" data-end=\"1084\"><strong data-start=\"1057\" data-end=\"1075\">S\u00e9rie de saveurs :<\/strong> Fruits<\/li>\n<li data-start=\"1087\" data-end=\"1104\"><strong data-start=\"1087\" data-end=\"1098\">Poids :<\/strong> 90g<\/li>\n<li data-start=\"1107\" data-end=\"1140\"><strong data-start=\"1107\" data-end=\"1122\">Dimensions :<\/strong> 60 \u00d7 29 \u00d7 72 mm<\/li>\n<li data-start=\"1143\" data-end=\"1169\"><strong data-start=\"1143\" data-end=\"1157\">Emballage :<\/strong> 10PCS\/Bo\u00eete<\/li>\n<li data-start=\"1172\" data-end=\"1212\"><strong data-start=\"1172\" data-end=\"1194\">Lieu d'exp\u00e9dition :<\/strong> Shenzhen, Chine<\/li>\n<li data-start=\"1215\" data-end=\"1237\"><strong data-start=\"1215\" data-end=\"1224\">Type :<\/strong> Jetable<\/li>\n<li data-start=\"1240\" data-end=\"1267\"><strong data-start=\"1240\" data-end=\"1257\">Convient \u00e0 :<\/strong> TOUS &gt;18<\/li>\n<\/ul>\n<p data-start=\"1269\" data-end=\"1360\">Mots cl\u00e9s inclus : <strong data-start=\"1288\" data-end=\"1360\">Puff 12k, Vape 12000 Puffs, 12k vape, Bang King 12000, 12k puff vape<\/strong><\/p>\n<hr data-start=\"1362\" data-end=\"1365\" \/>\n<h2 data-start=\"1367\" data-end=\"1394\">\ud83c\udf08 <strong data-start=\"1373\" data-end=\"1394\">Saveurs disponibles<\/strong><\/h2>\n<ol>\n<li data-start=\"1398\" data-end=\"1410\">Past\u00e8que<\/li>\n<li data-start=\"1414\" data-end=\"1437\">Past\u00e8que \u00e0 la fraise<\/li>\n<li data-start=\"1441\" data-end=\"1456\">Glace aux myrtilles<\/li>\n<li data-start=\"1460\" data-end=\"1481\">Myrtille Framboise<\/li>\n<li data-start=\"1485\" data-end=\"1503\">Fraise Mangue<\/li>\n<li data-start=\"1507\" data-end=\"1525\">Glace du dragon noir<\/li>\n<li data-start=\"1529\" data-end=\"1542\">Cola \u00e0 la cerise<\/li>\n<li data-start=\"1546\" data-end=\"1563\">Myrtille Raisin<\/li>\n<li data-start=\"1567\" data-end=\"1581\">Triple baie<\/li>\n<li data-start=\"1586\" data-end=\"1603\">Fraise Kiwi<\/li>\n<li data-start=\"1608\" data-end=\"1619\">Glace \u00e0 la p\u00eache<\/li>\n<li data-start=\"1624\" data-end=\"1647\">Gomme \u00e0 m\u00e2cher \u00e0 la past\u00e8que<\/li>\n<\/ol>\n<hr data-start=\"1649\" data-end=\"1652\" \/>\n<h2 data-start=\"1654\" data-end=\"1690\">\u2b50 <strong data-start=\"1659\" data-end=\"1690\">Pourquoi choisir Bang King 12000 ?<\/strong><\/h2>\n<ul>\n<li data-start=\"1693\" data-end=\"1743\"><strong data-start=\"1693\" data-end=\"1715\">Jusqu'\u00e0 12,000 puffs<\/strong> dans un bo\u00eetier l\u00e9ger de 90g<\/li>\n<li data-start=\"1746\" data-end=\"1799\"><strong data-start=\"1746\" data-end=\"1759\">Bobine de maille<\/strong> pour une saveur constante et un tirage en douceur<\/li>\n<li data-start=\"1802\" data-end=\"1841\"><strong data-start=\"1802\" data-end=\"1839\">Chargement rapide Type-C (30 minutes)<\/strong><\/li>\n<li data-start=\"1844\" data-end=\"1889\"><strong data-start=\"1844\" data-end=\"1870\">Capacit\u00e9 de 18mL d'e-liquide<\/strong> pour une utilisation prolong\u00e9e<\/li>\n<li data-start=\"1892\" data-end=\"1933\"><strong data-start=\"1892\" data-end=\"1931\">Format de poche 60 \u00d7 29 \u00d7 72 mm<\/strong><\/li>\n<li data-start=\"1936\" data-end=\"1977\"><strong data-start=\"1936\" data-end=\"1975\">Gamme d'ar\u00f4mes fruit\u00e9s tr\u00e8s vendue<\/strong><\/li>\n<li data-start=\"1980\" data-end=\"2048\">Id\u00e9al pour les rayons de vente au d\u00e9tail, les commandes B2B et les distributeurs de gros volumes.<\/li>\n<\/ul>\n<p data-start=\"2050\" data-end=\"2123\">Un appareil fiable, compact et savoureux con\u00e7u pour des performances quotidiennes.<\/p>","protected":false},"excerpt":{"rendered":"<p data-start=\"2172\" data-end=\"2376\">Bang King 12000 fournit jusqu'\u00e0 <strong data-start=\"2234\" data-end=\"2247\">12k puffs<\/strong> avec un r\u00e9servoir de 18mL, un Mesh Coil, et une recharge rapide Type-C dans un corps compact de 90g. Mots-cl\u00e9s : <strong data-start=\"2336\" data-end=\"2375\">Puff 12k, Bang King 12000, 12k vape<\/strong>.<\/p>","protected":false},"featured_media":21984,"comment_status":"open","ping_status":"closed","template":"","meta":{"_acf_changed":false},"pwb-brand":[166],"product_brand":[],"product_cat":[15,57,91,1380,93],"product_tag":[3184],"class_list":{"0":"post-21975","1":"product","2":"type-product","3":"status-publish","4":"has-post-thumbnail","6":"pwb-brand-bang","7":"product_cat-vape","8":"product_cat-disposable-vape","9":"product_cat-low-nicotine-vape","10":"product_cat-nicotine-free-vape","11":"product_cat-rechargeable-vapes","12":"product_tag-puff-12k","14":"first","15":"instock","16":"shipping-taxable","17":"purchasable","18":"product-type-variable"},"acf":[],"yoast_head":"<!-- This site is optimized with the Yoast SEO Premium plugin v26.3 (Yoast SEO v26.3) - https:\/\/yoast.com\/wordpress\/plugins\/seo\/ -->\n<title>Bang King 12000 Disposable \u2013 Puff 12k | Vape 12000 Puffs - EuVapen<\/title>\n<meta name=\"description\" content=\"Shop Bang King 12000 Disposable Vape with up to 12k puffs, 18mL e-liquid, Mesh Coil, and Type-C fast charging. Lightweight 90g design with 12 fruity flavors.\" \/>\n<meta name=\"robots\" content=\"index, follow, max-snippet:-1, max-image-preview:large, max-video-preview:-1\" \/>\n<link rel=\"canonical\" href=\"https:\/\/euvapen.com\/fr\/produit\/puff-12k-bang-king-12000-puffs-disposable-vape\/\" \/>\n<meta property=\"og:locale\" content=\"fr_FR\" \/>\n<meta property=\"og:type\" content=\"article\" \/>\n<meta property=\"og:title\" content=\"Puff 12k Bang King 12000 Puffs Disposable Vape\" \/>\n<meta property=\"og:description\" content=\"Shop Bang King 12000 Disposable Vape with up to 12k puffs, 18mL e-liquid, Mesh Coil, and Type-C fast charging. Lightweight 90g design with 12 fruity flavors.\" \/>\n<meta property=\"og:url\" content=\"https:\/\/euvapen.com\/fr\/produit\/puff-12k-bang-king-12000-puffs-disposable-vape\/\" \/>\n<meta property=\"og:site_name\" content=\"EuVapen\" \/>\n<meta property=\"article:modified_time\" content=\"2025-11-20T08:36:47+00:00\" \/>\n<meta property=\"og:image\" content=\"https:\/\/euvapen.com\/wp-content\/uploads\/2025\/11\/Puff-12k-Bang-King-12000-Puffs-Disposable-Vape-9.webp\" \/>\n\t<meta property=\"og:image:width\" content=\"800\" \/>\n\t<meta property=\"og:image:height\" content=\"800\" \/>\n\t<meta property=\"og:image:type\" content=\"image\/webp\" \/>\n<meta name=\"twitter:card\" content=\"summary_large_image\" \/>\n<meta name=\"twitter:label1\" content=\"Disponibilit\u00e9\" \/>\n\t<meta name=\"twitter:data1\" content=\"En stock\" \/>\n<script type=\"application\/ld+json\" class=\"yoast-schema-graph\">{\"@context\":\"https:\/\/schema.org\",\"@graph\":[{\"@type\":\"WebPage\",\"@id\":\"https:\/\/euvapen.com\/product\/puff-12k-bang-king-12000-puffs-disposable-vape\/\",\"url\":\"https:\/\/euvapen.com\/product\/puff-12k-bang-king-12000-puffs-disposable-vape\/\",\"name\":\"Bang King 12000 Disposable \u2013 Puff 12k | Vape 12000 Puffs - EuVapen\",\"isPartOf\":{\"@id\":\"https:\/\/euvapen.com\/#website\"},\"primaryImageOfPage\":{\"@id\":\"https:\/\/euvapen.com\/product\/puff-12k-bang-king-12000-puffs-disposable-vape\/#primaryimage\"},\"image\":{\"@id\":\"https:\/\/euvapen.com\/product\/puff-12k-bang-king-12000-puffs-disposable-vape\/#primaryimage\"},\"thumbnailUrl\":\"https:\/\/euvapen.com\/wp-content\/uploads\/2025\/11\/Puff-12k-Bang-King-12000-Puffs-Disposable-Vape-9.webp\",\"datePublished\":\"2025-11-20T08:36:46+00:00\",\"dateModified\":\"2025-11-20T08:36:47+00:00\",\"description\":\"Shop Bang King 12000 Disposable Vape with up to 12k puffs, 18mL e-liquid, Mesh Coil, and Type-C fast charging. Lightweight 90g design with 12 fruity flavors.\",\"breadcrumb\":{\"@id\":\"https:\/\/euvapen.com\/product\/puff-12k-bang-king-12000-puffs-disposable-vape\/#breadcrumb\"},\"inLanguage\":\"fr-FR\",\"potentialAction\":[{\"@type\":\"ReadAction\",\"target\":[\"https:\/\/euvapen.com\/product\/puff-12k-bang-king-12000-puffs-disposable-vape\/\"]}]},{\"@type\":\"ImageObject\",\"inLanguage\":\"fr-FR\",\"@id\":\"https:\/\/euvapen.com\/product\/puff-12k-bang-king-12000-puffs-disposable-vape\/#primaryimage\",\"url\":\"https:\/\/euvapen.com\/wp-content\/uploads\/2025\/11\/Puff-12k-Bang-King-12000-Puffs-Disposable-Vape-9.webp\",\"contentUrl\":\"https:\/\/euvapen.com\/wp-content\/uploads\/2025\/11\/Puff-12k-Bang-King-12000-Puffs-Disposable-Vape-9.webp\",\"width\":800,\"height\":800,\"caption\":\"Puff 12k Bang King 12000 Puffs Disposable Vape #9\"},{\"@type\":\"BreadcrumbList\",\"@id\":\"https:\/\/euvapen.com\/product\/puff-12k-bang-king-12000-puffs-disposable-vape\/#breadcrumb\",\"itemListElement\":[{\"@type\":\"ListItem\",\"position\":1,\"name\":\"Home\",\"item\":\"https:\/\/euvapen.com\/\"},{\"@type\":\"ListItem\",\"position\":2,\"name\":\"Shop\",\"item\":\"https:\/\/euvapen.com\/shop\/\"},{\"@type\":\"ListItem\",\"position\":3,\"name\":\"Puff 12k Bang King 12000 Puffs Disposable Vape\"}]},{\"@type\":\"WebSite\",\"@id\":\"https:\/\/euvapen.com\/#website\",\"url\":\"https:\/\/euvapen.com\/\",\"name\":\"bestpuffvape\",\"description\":\"\",\"publisher\":{\"@id\":\"https:\/\/euvapen.com\/#organization\"},\"potentialAction\":[{\"@type\":\"SearchAction\",\"target\":{\"@type\":\"EntryPoint\",\"urlTemplate\":\"https:\/\/euvapen.com\/?s={search_term_string}\"},\"query-input\":{\"@type\":\"PropertyValueSpecification\",\"valueRequired\":true,\"valueName\":\"search_term_string\"}}],\"inLanguage\":\"fr-FR\"},{\"@type\":[\"Organization\",\"Place\"],\"@id\":\"https:\/\/euvapen.com\/#organization\",\"name\":\"bestpuffvape\",\"alternateName\":\"bestpuffvape\",\"url\":\"https:\/\/euvapen.com\/\",\"logo\":{\"@id\":\"https:\/\/euvapen.com\/product\/puff-12k-bang-king-12000-puffs-disposable-vape\/#local-main-organization-logo\"},\"image\":{\"@id\":\"https:\/\/euvapen.com\/product\/puff-12k-bang-king-12000-puffs-disposable-vape\/#local-main-organization-logo\"},\"telephone\":[],\"openingHoursSpecification\":[{\"@type\":\"OpeningHoursSpecification\",\"dayOfWeek\":[\"Monday\",\"Tuesday\",\"Wednesday\",\"Thursday\",\"Friday\",\"Saturday\",\"Sunday\"],\"opens\":\"00:00\",\"closes\":\"23:59\"}]},{\"@type\":\"ImageObject\",\"inLanguage\":\"fr-FR\",\"@id\":\"https:\/\/euvapen.com\/product\/puff-12k-bang-king-12000-puffs-disposable-vape\/#local-main-organization-logo\",\"url\":\"https:\/\/euvapen.com\/wp-content\/uploads\/2025\/10\/cropped-puffvape-logo.png\",\"contentUrl\":\"https:\/\/euvapen.com\/wp-content\/uploads\/2025\/10\/cropped-puffvape-logo.png\",\"width\":512,\"height\":512,\"caption\":\"bestpuffvape\"}]}<\/script>\n<meta property=\"og:availability\" content=\"instock\" \/>\n<meta property=\"product:availability\" content=\"instock\" \/>\n<meta property=\"product:retailer_item_id\" content=\"Bang-King-12k\" \/>\n<meta property=\"product:condition\" content=\"new\" \/>\n<!-- \/ Yoast SEO Premium plugin. -->","yoast_head_json":{"title":"Bang King 12000 Disposable \u2013 Puff 12k | Vape 12000 Puffs - EuVapen","description":"Shop Bang King 12000 Vape jetable avec jusqu'\u00e0 12k puffs, 18mL e-liquide, Mesh Coil, et Type-C charge rapide. Design l\u00e9ger de 90g avec 12 saveurs fruit\u00e9es.","robots":{"index":"index","follow":"follow","max-snippet":"max-snippet:-1","max-image-preview":"max-image-preview:large","max-video-preview":"max-video-preview:-1"},"canonical":"https:\/\/euvapen.com\/fr\/produit\/puff-12k-bang-king-12000-puffs-disposable-vape\/","og_locale":"fr_FR","og_type":"article","og_title":"Puff 12k Bang King 12000 Puffs Disposable Vape","og_description":"Shop Bang King 12000 Disposable Vape with up to 12k puffs, 18mL e-liquid, Mesh Coil, and Type-C fast charging. Lightweight 90g design with 12 fruity flavors.","og_url":"https:\/\/euvapen.com\/fr\/produit\/puff-12k-bang-king-12000-puffs-disposable-vape\/","og_site_name":"EuVapen","article_modified_time":"2025-11-20T08:36:47+00:00","og_image":[{"width":800,"height":800,"url":"https:\/\/euvapen.com\/wp-content\/uploads\/2025\/11\/Puff-12k-Bang-King-12000-Puffs-Disposable-Vape-9.webp","type":"image\/webp"}],"twitter_card":"summary_large_image","twitter_misc":{"Disponibilit\u00e9":"En stock"},"schema":{"@context":"https:\/\/schema.org","@graph":[{"@type":"WebPage","@id":"https:\/\/euvapen.com\/product\/puff-12k-bang-king-12000-puffs-disposable-vape\/","url":"https:\/\/euvapen.com\/product\/puff-12k-bang-king-12000-puffs-disposable-vape\/","name":"Bang King 12000 Disposable \u2013 Puff 12k | Vape 12000 Puffs - EuVapen","isPartOf":{"@id":"https:\/\/euvapen.com\/#website"},"primaryImageOfPage":{"@id":"https:\/\/euvapen.com\/product\/puff-12k-bang-king-12000-puffs-disposable-vape\/#primaryimage"},"image":{"@id":"https:\/\/euvapen.com\/product\/puff-12k-bang-king-12000-puffs-disposable-vape\/#primaryimage"},"thumbnailUrl":"https:\/\/euvapen.com\/wp-content\/uploads\/2025\/11\/Puff-12k-Bang-King-12000-Puffs-Disposable-Vape-9.webp","datePublished":"2025-11-20T08:36:46+00:00","dateModified":"2025-11-20T08:36:47+00:00","description":"Shop Bang King 12000 Vape jetable avec jusqu'\u00e0 12k puffs, 18mL e-liquide, Mesh Coil, et Type-C charge rapide. Design l\u00e9ger de 90g avec 12 saveurs fruit\u00e9es.","breadcrumb":{"@id":"https:\/\/euvapen.com\/product\/puff-12k-bang-king-12000-puffs-disposable-vape\/#breadcrumb"},"inLanguage":"fr-FR","potentialAction":[{"@type":"ReadAction","target":["https:\/\/euvapen.com\/product\/puff-12k-bang-king-12000-puffs-disposable-vape\/"]}]},{"@type":"ImageObject","inLanguage":"fr-FR","@id":"https:\/\/euvapen.com\/product\/puff-12k-bang-king-12000-puffs-disposable-vape\/#primaryimage","url":"https:\/\/euvapen.com\/wp-content\/uploads\/2025\/11\/Puff-12k-Bang-King-12000-Puffs-Disposable-Vape-9.webp","contentUrl":"https:\/\/euvapen.com\/wp-content\/uploads\/2025\/11\/Puff-12k-Bang-King-12000-Puffs-Disposable-Vape-9.webp","width":800,"height":800,"caption":"Puff 12k Bang King 12000 Puffs Disposable Vape #9"},{"@type":"BreadcrumbList","@id":"https:\/\/euvapen.com\/product\/puff-12k-bang-king-12000-puffs-disposable-vape\/#breadcrumb","itemListElement":[{"@type":"ListItem","position":1,"name":"Home","item":"https:\/\/euvapen.com\/"},{"@type":"ListItem","position":2,"name":"Shop","item":"https:\/\/euvapen.com\/shop\/"},{"@type":"ListItem","position":3,"name":"Puff 12k Bang King 12000 Puffs Disposable Vape"}]},{"@type":"WebSite","@id":"https:\/\/euvapen.com\/#website","url":"https:\/\/euvapen.com\/","name":"bestpuffvape","description":"","publisher":{"@id":"https:\/\/euvapen.com\/#organization"},"potentialAction":[{"@type":"SearchAction","target":{"@type":"EntryPoint","urlTemplate":"https:\/\/euvapen.com\/?s={search_term_string}"},"query-input":{"@type":"PropertyValueSpecification","valueRequired":true,"valueName":"search_term_string"}}],"inLanguage":"fr-FR"},{"@type":["Organization","Place"],"@id":"https:\/\/euvapen.com\/#organization","name":"bestpuffvape","alternateName":"bestpuffvape","url":"https:\/\/euvapen.com\/","logo":{"@id":"https:\/\/euvapen.com\/product\/puff-12k-bang-king-12000-puffs-disposable-vape\/#local-main-organization-logo"},"image":{"@id":"https:\/\/euvapen.com\/product\/puff-12k-bang-king-12000-puffs-disposable-vape\/#local-main-organization-logo"},"telephone":[],"openingHoursSpecification":[{"@type":"OpeningHoursSpecification","dayOfWeek":["Monday","Tuesday","Wednesday","Thursday","Friday","Saturday","Sunday"],"opens":"00:00","closes":"23:59"}]},{"@type":"ImageObject","inLanguage":"fr-FR","@id":"https:\/\/euvapen.com\/product\/puff-12k-bang-king-12000-puffs-disposable-vape\/#local-main-organization-logo","url":"https:\/\/euvapen.com\/wp-content\/uploads\/2025\/10\/cropped-puffvape-logo.png","contentUrl":"https:\/\/euvapen.com\/wp-content\/uploads\/2025\/10\/cropped-puffvape-logo.png","width":512,"height":512,"caption":"bestpuffvape"}]},"og_availability":"instock","product_availability":"instock","product_retailer_item_id":"Bang-King-12k","product_condition":"new"},"brands":[{"id":166,"name":"Bang","slug":"bang"}],"tiered_pricing_type":"fixed","tiered_pricing_fixed_rules":{"30":"10","50":"8","100":"7","200":"6.5"},"tiered_pricing_product_settings":{"layout":"default","base_unit_name":{"singular":null,"plural":null},"default_variation":{}},"tiered_pricing_minimum_quantity":null,"tiered_pricing_roles_data":[],"tiered_pricing_percentage_rules":[],"tiered_pricing_maximum_quantity":null,"tiered_pricing_quantity_step":null,"_links":{"self":[{"href":"https:\/\/euvapen.com\/fr\/wp-json\/wp\/v2\/product\/21975","targetHints":{"allow":["GET"]}}],"collection":[{"href":"https:\/\/euvapen.com\/fr\/wp-json\/wp\/v2\/product"}],"about":[{"href":"https:\/\/euvapen.com\/fr\/wp-json\/wp\/v2\/types\/product"}],"replies":[{"embeddable":true,"href":"https:\/\/euvapen.com\/fr\/wp-json\/wp\/v2\/comments?post=21975"}],"wp:featuredmedia":[{"embeddable":true,"href":"https:\/\/euvapen.com\/fr\/wp-json\/wp\/v2\/media\/21984"}],"wp:attachment":[{"href":"https:\/\/euvapen.com\/fr\/wp-json\/wp\/v2\/media?parent=21975"}],"wp:term":[{"taxonomy":"pwb-brand","embeddable":true,"href":"https:\/\/euvapen.com\/fr\/wp-json\/wp\/v2\/pwb-brand?post=21975"},{"taxonomy":"product_brand","embeddable":true,"href":"https:\/\/euvapen.com\/fr\/wp-json\/wp\/v2\/product_brand?post=21975"},{"taxonomy":"product_cat","embeddable":true,"href":"https:\/\/euvapen.com\/fr\/wp-json\/wp\/v2\/product_cat?post=21975"},{"taxonomy":"product_tag","embeddable":true,"href":"https:\/\/euvapen.com\/fr\/wp-json\/wp\/v2\/product_tag?post=21975"}],"curies":[{"name":"wp","href":"https:\/\/api.w.org\/{rel}","templated":true}]}}