{"id":22938,"date":"2025-11-25T08:44:06","date_gmt":"2025-11-25T08:44:06","guid":{"rendered":"https:\/\/euvapen.com\/?post_type=product&#038;p=22938"},"modified":"2025-11-25T08:44:08","modified_gmt":"2025-11-25T08:44:08","slug":"vape-60k-bang-de-60000-puffs-disposable-vape-3-in-1-flavors-mini","status":"publish","type":"product","link":"https:\/\/euvapen.com\/fr\/produit\/vape-60k-bang-de-60000-puffs-disposable-vape-3-in-1-flavors-mini\/","title":{"rendered":"Vape 60k Bang DE 60000 Puffs Vape jetable 3 IN 1 Flavors Mini"},"content":{"rendered":"<h1 style=\"text-align: center;\">Vape 60k Bang DE 60000 Puffs Vape jetable<\/h1>\n<p data-start=\"259\" data-end=\"710\">Les <strong data-start=\"263\" data-end=\"280\">Bang DE 60000<\/strong> est un programme avanc\u00e9 <strong data-start=\"296\" data-end=\"313\">60k puff vape<\/strong> qui pr\u00e9sente une <strong data-start=\"333\" data-end=\"364\">Syst\u00e8me 3 en 1 \u00e0 triple saveur<\/strong> qui permet aux utilisateurs de profiter de l'ar\u00f4me A, de l'ar\u00f4me B et d'un m\u00e9lange d'ar\u00f4mes AB dans un seul appareil. Avec un \u00e9norme <strong data-start=\"466\" data-end=\"483\">Capacit\u00e9 de 60 ml<\/strong>, <strong data-start=\"485\" data-end=\"510\">Bobine \u00e0 triple maille de 1,0\u03a9<\/strong>, <strong data-start=\"512\" data-end=\"543\">Batterie rechargeable de 850mAh<\/strong>, et d'une <strong data-start=\"557\" data-end=\"571\">\u00c9cran LCD<\/strong>, Ce mod\u00e8le est con\u00e7u pour offrir des performances durables et un go\u00fbt tr\u00e8s riche. Un choix de premier ordre dans la cat\u00e9gorie des <strong data-start=\"669\" data-end=\"700\">Vape 60k \/ Vape 60000 Puffs<\/strong> cat\u00e9gorie.<\/p>\n<hr data-start=\"712\" data-end=\"715\" \/>\n<h2 data-start=\"717\" data-end=\"738\">\u2b50 <strong data-start=\"722\" data-end=\"738\">Caract\u00e9ristiques principales<\/strong><\/h2>\n<ul>\n<li data-start=\"741\" data-end=\"775\"><strong data-start=\"741\" data-end=\"751\">Puffs :<\/strong> Jusqu'\u00e0 <strong data-start=\"758\" data-end=\"773\">60000 Puffs<\/strong><\/li>\n<li data-start=\"778\" data-end=\"812\"><strong data-start=\"778\" data-end=\"799\">Options de nicotine :<\/strong> 2%, 3%, 5%<\/li>\n<li data-start=\"815\" data-end=\"868\"><strong data-start=\"815\" data-end=\"840\">Syst\u00e8me de triple ar\u00f4me :<\/strong> A + B + AB (saveur mixte)<\/li>\n<li data-start=\"871\" data-end=\"904\"><strong data-start=\"871\" data-end=\"893\">Capacit\u00e9 d'e-liquide :<\/strong> <strong data-start=\"894\" data-end=\"902\">60mL<\/strong><\/li>\n<li data-start=\"907\" data-end=\"981\"><strong data-start=\"907\" data-end=\"916\">Bobine :<\/strong> <strong data-start=\"917\" data-end=\"942\">1.0\u03a9 Triple Mesh Coil<\/strong> - vapeur dense, clart\u00e9 de la saveur<\/li>\n<li data-start=\"984\" data-end=\"1022\"><strong data-start=\"984\" data-end=\"996\">Batterie :<\/strong> <strong data-start=\"997\" data-end=\"1020\">850mAh Rechargeable<\/strong><\/li>\n<li data-start=\"1025\" data-end=\"1047\"><strong data-start=\"1025\" data-end=\"1038\">Chargement :<\/strong> Type-C<\/li>\n<li data-start=\"1050\" data-end=\"1113\"><strong data-start=\"1050\" data-end=\"1062\">Affichage :<\/strong> <strong data-start=\"1063\" data-end=\"1077\">\u00c9cran LCD<\/strong> pour la batterie, le mode d'ar\u00f4me et l'\u00e9tat<\/li>\n<li data-start=\"1116\" data-end=\"1161\"><strong data-start=\"1116\" data-end=\"1128\">Saveurs :<\/strong> 12 combinaisons triples Premium<\/li>\n<\/ul>\n<p data-start=\"1163\" data-end=\"1264\">Un syst\u00e8me puissant et stable <strong data-start=\"1185\" data-end=\"1202\">Bang DE 60000<\/strong> con\u00e7u pour des performances constantes et une forte demande de la part des d\u00e9taillants.<\/p>\n<hr data-start=\"1266\" data-end=\"1269\" \/>\n<h2 data-start=\"1271\" data-end=\"1321\">\ud83c\udf53 <strong data-start=\"1277\" data-end=\"1321\">Liste des saveurs (Combinaisons triples 3 en 1)<\/strong><\/h2>\n<ol>\n<li data-start=\"1325\" data-end=\"1358\">Glace \u00e0 la past\u00e8que et menthe \u00e0 la myrtille<\/li>\n<li data-start=\"1362\" data-end=\"1397\">Glace \u00e0 la past\u00e8que et cerise \u00e0 la myrtille<\/li>\n<li data-start=\"1401\" data-end=\"1441\">Glace aux myrtilles et p\u00eache mangue past\u00e8que<\/li>\n<li data-start=\"1445\" data-end=\"1472\">Glace aux myrtilles et glace \u00e0 la p\u00eache<\/li>\n<li data-start=\"1476\" data-end=\"1511\">Myrtille, framboise et fruits m\u00e9lang\u00e9s<\/li>\n<li data-start=\"1515\" data-end=\"1548\">Glace aux myrtilles, framboises et raisins<\/li>\n<li data-start=\"1552\" data-end=\"1582\">Red Bull &amp; Banane fraise<\/li>\n<li data-start=\"1586\" data-end=\"1619\">Red Bull et past\u00e8que \u00e0 la myrtille<\/li>\n<li data-start=\"1623\" data-end=\"1665\">Chewing-gum \u00e0 la fraise, \u00e0 la mangue et \u00e0 la past\u00e8que<\/li>\n<li data-start=\"1670\" data-end=\"1706\">Fraise Mangue &amp; Fraise Kiwi<\/li>\n<li data-start=\"1711\" data-end=\"1753\">Glace fraise-melon d'eau et dragon noir<\/li>\n<li data-start=\"1758\" data-end=\"1808\">Fraise Past\u00e8que &amp; Kiwi Fruit de la passion Goyave<\/li>\n<\/ol>\n<p data-start=\"1810\" data-end=\"1905\">Chaque ensemble comprend <strong data-start=\"1828\" data-end=\"1840\">Une saveur<\/strong>, <strong data-start=\"1842\" data-end=\"1854\">Go\u00fbt B<\/strong>, et un <strong data-start=\"1863\" data-end=\"1875\">M\u00e9lange AB<\/strong> pour une exp\u00e9rience 3 en 1 compl\u00e8te.<\/p>\n<hr data-start=\"1907\" data-end=\"1910\" \/>\n<h2 data-start=\"1912\" data-end=\"1952\">\ud83d\udca1 <strong data-start=\"1918\" data-end=\"1952\">Pourquoi choisir cette 60k Puff Vape ?<\/strong><\/h2>\n<ul>\n<li data-start=\"1955\" data-end=\"2003\">Massive <strong data-start=\"1963\" data-end=\"1980\">Capacit\u00e9 de 60 ml<\/strong> pour une utilisation ultra-longue<\/li>\n<li data-start=\"2006\" data-end=\"2049\">Vapeur douce \u00e0 travers <strong data-start=\"2027\" data-end=\"2047\">bobine \u00e0 triple maille<\/strong><\/li>\n<li data-start=\"2052\" data-end=\"2095\">Surveillance LCD en temps r\u00e9el pour le contr\u00f4le de l'utilisateur<\/li>\n<li data-start=\"2098\" data-end=\"2149\">Le syst\u00e8me d'ar\u00f4mes 3 en 1 offre une grande vari\u00e9t\u00e9 dans un seul appareil<\/li>\n<li data-start=\"2152\" data-end=\"2211\">Id\u00e9al pour les ventes \u00e0 forte rotation dans les <strong data-start=\"2189\" data-end=\"2201\">Vape 60k<\/strong> segment<\/li>\n<li data-start=\"2214\" data-end=\"2286\">Des performances fiables et une forte reconnaissance de la marque avec <strong data-start=\"2269\" data-end=\"2286\">Bang DE 60000<\/strong><\/li>\n<\/ul>","protected":false},"excerpt":{"rendered":"<p data-start=\"2327\" data-end=\"2568\">Bang DE 60000 offres <strong data-start=\"2348\" data-end=\"2364\">60,000 puffs<\/strong>, a <strong data-start=\"2368\" data-end=\"2381\">R\u00e9servoir de 60 ml<\/strong>, <strong data-start=\"2383\" data-end=\"2403\">bobine \u00e0 triple maille<\/strong>, <strong data-start=\"2405\" data-end=\"2423\">Saveurs 3 en 1<\/strong>, et un <strong data-start=\"2432\" data-end=\"2446\">\u00c9cran LCD<\/strong>. Aliment\u00e9 par un <strong data-start=\"2462\" data-end=\"2500\">Batterie rechargeable Type-C de 850mAh<\/strong>, Il offre un go\u00fbt riche et une performance durable \u00e0 chaque tirage.<\/p>","protected":false},"featured_media":22951,"comment_status":"open","ping_status":"closed","template":"","meta":{"_acf_changed":false},"pwb-brand":[166],"product_brand":[],"product_cat":[15,57,91,1380,93,95],"product_tag":[71],"class_list":{"0":"post-22938","1":"product","2":"type-product","3":"status-publish","4":"has-post-thumbnail","6":"pwb-brand-bang","7":"product_cat-vape","8":"product_cat-disposable-vape","9":"product_cat-low-nicotine-vape","10":"product_cat-nicotine-free-vape","11":"product_cat-rechargeable-vapes","12":"product_cat-vape-with-screen","13":"product_tag-puff-60k","15":"first","16":"instock","17":"shipping-taxable","18":"purchasable","19":"product-type-variable"},"acf":[],"yoast_head":"<!-- This site is optimized with the Yoast SEO Premium plugin v26.3 (Yoast SEO v26.3) - https:\/\/yoast.com\/wordpress\/plugins\/seo\/ -->\n<title>Bang DE 60000 Disposable Vape \u2013 60K Puffs | Triple Flavor - EuVapen<\/title>\n<meta name=\"description\" content=\"Discover the Bang DE 60000, a powerful 60k puff vape featuring a 60mL capacity, triple mesh coil, 3-in-1 flavor system, 850mAh rechargeable battery, and LCD display.\" \/>\n<meta name=\"robots\" content=\"index, follow, max-snippet:-1, max-image-preview:large, max-video-preview:-1\" \/>\n<link rel=\"canonical\" href=\"https:\/\/euvapen.com\/fr\/produit\/vape-60k-bang-de-60000-puffs-disposable-vape-3-in-1-flavors-mini\/\" \/>\n<meta property=\"og:locale\" content=\"fr_FR\" \/>\n<meta property=\"og:type\" content=\"article\" \/>\n<meta property=\"og:title\" content=\"Vape 60k Bang DE 60000 Puffs Disposable Vape 3 IN 1 Flavors Mini\" \/>\n<meta property=\"og:description\" content=\"Discover the Bang DE 60000, a powerful 60k puff vape featuring a 60mL capacity, triple mesh coil, 3-in-1 flavor system, 850mAh rechargeable battery, and LCD display.\" \/>\n<meta property=\"og:url\" content=\"https:\/\/euvapen.com\/fr\/produit\/vape-60k-bang-de-60000-puffs-disposable-vape-3-in-1-flavors-mini\/\" \/>\n<meta property=\"og:site_name\" content=\"EuVapen\" \/>\n<meta property=\"article:modified_time\" content=\"2025-11-25T08:44:08+00:00\" \/>\n<meta property=\"og:image\" content=\"https:\/\/euvapen.com\/wp-content\/uploads\/2025\/11\/Vape-60k-Bang-DE-60000-Puffs-Disposable-Vape-3-IN-1-Flavors-Mini-blueberry-raspberry-mixed-berry.jpg.webp\" \/>\n\t<meta property=\"og:image:width\" content=\"1000\" \/>\n\t<meta property=\"og:image:height\" content=\"1000\" \/>\n\t<meta property=\"og:image:type\" content=\"image\/webp\" \/>\n<meta name=\"twitter:card\" content=\"summary_large_image\" \/>\n<meta name=\"twitter:label1\" content=\"Disponibilit\u00e9\" \/>\n\t<meta name=\"twitter:data1\" content=\"En stock\" \/>\n<script type=\"application\/ld+json\" class=\"yoast-schema-graph\">{\"@context\":\"https:\/\/schema.org\",\"@graph\":[{\"@type\":\"WebPage\",\"@id\":\"https:\/\/euvapen.com\/product\/vape-60k-bang-de-60000-puffs-disposable-vape-3-in-1-flavors-mini\/\",\"url\":\"https:\/\/euvapen.com\/product\/vape-60k-bang-de-60000-puffs-disposable-vape-3-in-1-flavors-mini\/\",\"name\":\"Bang DE 60000 Disposable Vape \u2013 60K Puffs | Triple Flavor - EuVapen\",\"isPartOf\":{\"@id\":\"https:\/\/euvapen.com\/#website\"},\"primaryImageOfPage\":{\"@id\":\"https:\/\/euvapen.com\/product\/vape-60k-bang-de-60000-puffs-disposable-vape-3-in-1-flavors-mini\/#primaryimage\"},\"image\":{\"@id\":\"https:\/\/euvapen.com\/product\/vape-60k-bang-de-60000-puffs-disposable-vape-3-in-1-flavors-mini\/#primaryimage\"},\"thumbnailUrl\":\"https:\/\/euvapen.com\/wp-content\/uploads\/2025\/11\/Vape-60k-Bang-DE-60000-Puffs-Disposable-Vape-3-IN-1-Flavors-Mini-blueberry-raspberry-mixed-berry.jpg.webp\",\"datePublished\":\"2025-11-25T08:44:06+00:00\",\"dateModified\":\"2025-11-25T08:44:08+00:00\",\"description\":\"Discover the Bang DE 60000, a powerful 60k puff vape featuring a 60mL capacity, triple mesh coil, 3-in-1 flavor system, 850mAh rechargeable battery, and LCD display.\",\"breadcrumb\":{\"@id\":\"https:\/\/euvapen.com\/product\/vape-60k-bang-de-60000-puffs-disposable-vape-3-in-1-flavors-mini\/#breadcrumb\"},\"inLanguage\":\"fr-FR\",\"potentialAction\":[{\"@type\":\"ReadAction\",\"target\":[\"https:\/\/euvapen.com\/product\/vape-60k-bang-de-60000-puffs-disposable-vape-3-in-1-flavors-mini\/\"]}]},{\"@type\":\"ImageObject\",\"inLanguage\":\"fr-FR\",\"@id\":\"https:\/\/euvapen.com\/product\/vape-60k-bang-de-60000-puffs-disposable-vape-3-in-1-flavors-mini\/#primaryimage\",\"url\":\"https:\/\/euvapen.com\/wp-content\/uploads\/2025\/11\/Vape-60k-Bang-DE-60000-Puffs-Disposable-Vape-3-IN-1-Flavors-Mini-blueberry-raspberry-mixed-berry.jpg.webp\",\"contentUrl\":\"https:\/\/euvapen.com\/wp-content\/uploads\/2025\/11\/Vape-60k-Bang-DE-60000-Puffs-Disposable-Vape-3-IN-1-Flavors-Mini-blueberry-raspberry-mixed-berry.jpg.webp\",\"width\":1000,\"height\":1000,\"caption\":\"Vape 60k Bang DE 60000 Puffs Disposable Vape 3 IN 1 Flavors Mini-blueberry-raspberry-mixed-berry.jpg\"},{\"@type\":\"BreadcrumbList\",\"@id\":\"https:\/\/euvapen.com\/product\/vape-60k-bang-de-60000-puffs-disposable-vape-3-in-1-flavors-mini\/#breadcrumb\",\"itemListElement\":[{\"@type\":\"ListItem\",\"position\":1,\"name\":\"Home\",\"item\":\"https:\/\/euvapen.com\/\"},{\"@type\":\"ListItem\",\"position\":2,\"name\":\"Shop\",\"item\":\"https:\/\/euvapen.com\/shop\/\"},{\"@type\":\"ListItem\",\"position\":3,\"name\":\"Vape 60k Bang DE 60000 Puffs Disposable Vape 3 IN 1 Flavors Mini\"}]},{\"@type\":\"WebSite\",\"@id\":\"https:\/\/euvapen.com\/#website\",\"url\":\"https:\/\/euvapen.com\/\",\"name\":\"bestpuffvape\",\"description\":\"\",\"publisher\":{\"@id\":\"https:\/\/euvapen.com\/#organization\"},\"potentialAction\":[{\"@type\":\"SearchAction\",\"target\":{\"@type\":\"EntryPoint\",\"urlTemplate\":\"https:\/\/euvapen.com\/?s={search_term_string}\"},\"query-input\":{\"@type\":\"PropertyValueSpecification\",\"valueRequired\":true,\"valueName\":\"search_term_string\"}}],\"inLanguage\":\"fr-FR\"},{\"@type\":[\"Organization\",\"Place\"],\"@id\":\"https:\/\/euvapen.com\/#organization\",\"name\":\"bestpuffvape\",\"alternateName\":\"bestpuffvape\",\"url\":\"https:\/\/euvapen.com\/\",\"logo\":{\"@id\":\"https:\/\/euvapen.com\/product\/vape-60k-bang-de-60000-puffs-disposable-vape-3-in-1-flavors-mini\/#local-main-organization-logo\"},\"image\":{\"@id\":\"https:\/\/euvapen.com\/product\/vape-60k-bang-de-60000-puffs-disposable-vape-3-in-1-flavors-mini\/#local-main-organization-logo\"},\"telephone\":[],\"openingHoursSpecification\":[{\"@type\":\"OpeningHoursSpecification\",\"dayOfWeek\":[\"Monday\",\"Tuesday\",\"Wednesday\",\"Thursday\",\"Friday\",\"Saturday\",\"Sunday\"],\"opens\":\"00:00\",\"closes\":\"23:59\"}]},{\"@type\":\"ImageObject\",\"inLanguage\":\"fr-FR\",\"@id\":\"https:\/\/euvapen.com\/product\/vape-60k-bang-de-60000-puffs-disposable-vape-3-in-1-flavors-mini\/#local-main-organization-logo\",\"url\":\"https:\/\/euvapen.com\/wp-content\/uploads\/2025\/10\/cropped-puffvape-logo.png\",\"contentUrl\":\"https:\/\/euvapen.com\/wp-content\/uploads\/2025\/10\/cropped-puffvape-logo.png\",\"width\":512,\"height\":512,\"caption\":\"bestpuffvape\"}]}<\/script>\n<meta property=\"og:availability\" content=\"instock\" \/>\n<meta property=\"product:availability\" content=\"instock\" \/>\n<meta property=\"product:retailer_item_id\" content=\"Bang-DE-60k\" \/>\n<meta property=\"product:condition\" content=\"new\" \/>\n<!-- \/ Yoast SEO Premium plugin. -->","yoast_head_json":{"title":"Bang DE 60000 Disposable Vape \u2013 60K Puffs | Triple Flavor - EuVapen","description":"D\u00e9couvrez le Bang DE 60000, une vape puissante de 60k puff avec une capacit\u00e9 de 60mL, une bobine triple mesh, un syst\u00e8me de saveur 3-en-1, une batterie rechargeable de 850mAh et un \u00e9cran LCD.","robots":{"index":"index","follow":"follow","max-snippet":"max-snippet:-1","max-image-preview":"max-image-preview:large","max-video-preview":"max-video-preview:-1"},"canonical":"https:\/\/euvapen.com\/fr\/produit\/vape-60k-bang-de-60000-puffs-disposable-vape-3-in-1-flavors-mini\/","og_locale":"fr_FR","og_type":"article","og_title":"Vape 60k Bang DE 60000 Puffs Disposable Vape 3 IN 1 Flavors Mini","og_description":"Discover the Bang DE 60000, a powerful 60k puff vape featuring a 60mL capacity, triple mesh coil, 3-in-1 flavor system, 850mAh rechargeable battery, and LCD display.","og_url":"https:\/\/euvapen.com\/fr\/produit\/vape-60k-bang-de-60000-puffs-disposable-vape-3-in-1-flavors-mini\/","og_site_name":"EuVapen","article_modified_time":"2025-11-25T08:44:08+00:00","og_image":[{"width":1000,"height":1000,"url":"https:\/\/euvapen.com\/wp-content\/uploads\/2025\/11\/Vape-60k-Bang-DE-60000-Puffs-Disposable-Vape-3-IN-1-Flavors-Mini-blueberry-raspberry-mixed-berry.jpg.webp","type":"image\/webp"}],"twitter_card":"summary_large_image","twitter_misc":{"Disponibilit\u00e9":"En stock"},"schema":{"@context":"https:\/\/schema.org","@graph":[{"@type":"WebPage","@id":"https:\/\/euvapen.com\/product\/vape-60k-bang-de-60000-puffs-disposable-vape-3-in-1-flavors-mini\/","url":"https:\/\/euvapen.com\/product\/vape-60k-bang-de-60000-puffs-disposable-vape-3-in-1-flavors-mini\/","name":"Bang DE 60000 Disposable Vape \u2013 60K Puffs | Triple Flavor - EuVapen","isPartOf":{"@id":"https:\/\/euvapen.com\/#website"},"primaryImageOfPage":{"@id":"https:\/\/euvapen.com\/product\/vape-60k-bang-de-60000-puffs-disposable-vape-3-in-1-flavors-mini\/#primaryimage"},"image":{"@id":"https:\/\/euvapen.com\/product\/vape-60k-bang-de-60000-puffs-disposable-vape-3-in-1-flavors-mini\/#primaryimage"},"thumbnailUrl":"https:\/\/euvapen.com\/wp-content\/uploads\/2025\/11\/Vape-60k-Bang-DE-60000-Puffs-Disposable-Vape-3-IN-1-Flavors-Mini-blueberry-raspberry-mixed-berry.jpg.webp","datePublished":"2025-11-25T08:44:06+00:00","dateModified":"2025-11-25T08:44:08+00:00","description":"D\u00e9couvrez le Bang DE 60000, une vape puissante de 60k puff avec une capacit\u00e9 de 60mL, une bobine triple mesh, un syst\u00e8me de saveur 3-en-1, une batterie rechargeable de 850mAh et un \u00e9cran LCD.","breadcrumb":{"@id":"https:\/\/euvapen.com\/product\/vape-60k-bang-de-60000-puffs-disposable-vape-3-in-1-flavors-mini\/#breadcrumb"},"inLanguage":"fr-FR","potentialAction":[{"@type":"ReadAction","target":["https:\/\/euvapen.com\/product\/vape-60k-bang-de-60000-puffs-disposable-vape-3-in-1-flavors-mini\/"]}]},{"@type":"ImageObject","inLanguage":"fr-FR","@id":"https:\/\/euvapen.com\/product\/vape-60k-bang-de-60000-puffs-disposable-vape-3-in-1-flavors-mini\/#primaryimage","url":"https:\/\/euvapen.com\/wp-content\/uploads\/2025\/11\/Vape-60k-Bang-DE-60000-Puffs-Disposable-Vape-3-IN-1-Flavors-Mini-blueberry-raspberry-mixed-berry.jpg.webp","contentUrl":"https:\/\/euvapen.com\/wp-content\/uploads\/2025\/11\/Vape-60k-Bang-DE-60000-Puffs-Disposable-Vape-3-IN-1-Flavors-Mini-blueberry-raspberry-mixed-berry.jpg.webp","width":1000,"height":1000,"caption":"Vape 60k Bang DE 60000 Puffs Disposable Vape 3 IN 1 Flavors Mini-blueberry-raspberry-mixed-berry.jpg"},{"@type":"BreadcrumbList","@id":"https:\/\/euvapen.com\/product\/vape-60k-bang-de-60000-puffs-disposable-vape-3-in-1-flavors-mini\/#breadcrumb","itemListElement":[{"@type":"ListItem","position":1,"name":"Home","item":"https:\/\/euvapen.com\/"},{"@type":"ListItem","position":2,"name":"Shop","item":"https:\/\/euvapen.com\/shop\/"},{"@type":"ListItem","position":3,"name":"Vape 60k Bang DE 60000 Puffs Disposable Vape 3 IN 1 Flavors Mini"}]},{"@type":"WebSite","@id":"https:\/\/euvapen.com\/#website","url":"https:\/\/euvapen.com\/","name":"bestpuffvape","description":"","publisher":{"@id":"https:\/\/euvapen.com\/#organization"},"potentialAction":[{"@type":"SearchAction","target":{"@type":"EntryPoint","urlTemplate":"https:\/\/euvapen.com\/?s={search_term_string}"},"query-input":{"@type":"PropertyValueSpecification","valueRequired":true,"valueName":"search_term_string"}}],"inLanguage":"fr-FR"},{"@type":["Organization","Place"],"@id":"https:\/\/euvapen.com\/#organization","name":"bestpuffvape","alternateName":"bestpuffvape","url":"https:\/\/euvapen.com\/","logo":{"@id":"https:\/\/euvapen.com\/product\/vape-60k-bang-de-60000-puffs-disposable-vape-3-in-1-flavors-mini\/#local-main-organization-logo"},"image":{"@id":"https:\/\/euvapen.com\/product\/vape-60k-bang-de-60000-puffs-disposable-vape-3-in-1-flavors-mini\/#local-main-organization-logo"},"telephone":[],"openingHoursSpecification":[{"@type":"OpeningHoursSpecification","dayOfWeek":["Monday","Tuesday","Wednesday","Thursday","Friday","Saturday","Sunday"],"opens":"00:00","closes":"23:59"}]},{"@type":"ImageObject","inLanguage":"fr-FR","@id":"https:\/\/euvapen.com\/product\/vape-60k-bang-de-60000-puffs-disposable-vape-3-in-1-flavors-mini\/#local-main-organization-logo","url":"https:\/\/euvapen.com\/wp-content\/uploads\/2025\/10\/cropped-puffvape-logo.png","contentUrl":"https:\/\/euvapen.com\/wp-content\/uploads\/2025\/10\/cropped-puffvape-logo.png","width":512,"height":512,"caption":"bestpuffvape"}]},"og_availability":"instock","product_availability":"instock","product_retailer_item_id":"Bang-DE-60k","product_condition":"new"},"brands":[{"id":166,"name":"Bang","slug":"bang"}],"tiered_pricing_type":"fixed","tiered_pricing_fixed_rules":{"30":"10.5","50":"8.5","100":"7.5","200":"7"},"tiered_pricing_product_settings":{"layout":"default","base_unit_name":{"singular":null,"plural":null},"default_variation":{}},"tiered_pricing_minimum_quantity":10,"tiered_pricing_roles_data":[],"tiered_pricing_percentage_rules":[],"tiered_pricing_maximum_quantity":null,"tiered_pricing_quantity_step":"10","_links":{"self":[{"href":"https:\/\/euvapen.com\/fr\/wp-json\/wp\/v2\/product\/22938","targetHints":{"allow":["GET"]}}],"collection":[{"href":"https:\/\/euvapen.com\/fr\/wp-json\/wp\/v2\/product"}],"about":[{"href":"https:\/\/euvapen.com\/fr\/wp-json\/wp\/v2\/types\/product"}],"replies":[{"embeddable":true,"href":"https:\/\/euvapen.com\/fr\/wp-json\/wp\/v2\/comments?post=22938"}],"wp:featuredmedia":[{"embeddable":true,"href":"https:\/\/euvapen.com\/fr\/wp-json\/wp\/v2\/media\/22951"}],"wp:attachment":[{"href":"https:\/\/euvapen.com\/fr\/wp-json\/wp\/v2\/media?parent=22938"}],"wp:term":[{"taxonomy":"pwb-brand","embeddable":true,"href":"https:\/\/euvapen.com\/fr\/wp-json\/wp\/v2\/pwb-brand?post=22938"},{"taxonomy":"product_brand","embeddable":true,"href":"https:\/\/euvapen.com\/fr\/wp-json\/wp\/v2\/product_brand?post=22938"},{"taxonomy":"product_cat","embeddable":true,"href":"https:\/\/euvapen.com\/fr\/wp-json\/wp\/v2\/product_cat?post=22938"},{"taxonomy":"product_tag","embeddable":true,"href":"https:\/\/euvapen.com\/fr\/wp-json\/wp\/v2\/product_tag?post=22938"}],"curies":[{"name":"wp","href":"https:\/\/api.w.org\/{rel}","templated":true}]}}