{"id":23122,"date":"2025-11-27T10:11:19","date_gmt":"2025-11-27T10:11:19","guid":{"rendered":"https:\/\/euvapen.com\/?post_type=product&#038;p=23122"},"modified":"2026-02-01T08:20:35","modified_gmt":"2026-02-01T08:20:35","slug":"fumot-15k-fumot-tornado-15000-puffs-disposable-vape","status":"publish","type":"product","link":"https:\/\/euvapen.com\/fr\/produit\/fumot-15k-fumot-tornado-15000-puffs-disposable-vape\/","title":{"rendered":"Fumot 15k Fumot Tornado 15000 Puffs Vape jetable"},"content":{"rendered":"<h1 style=\"text-align: center;\">Fumot 15k Fumot Tornado 15000 Puffs Vape jetable<\/h1>\n<p data-start=\"287\" data-end=\"711\">Les <strong>Fumot Tornado 15000<\/strong>-\u00e9galement connu sous le nom de <strong data-start=\"333\" data-end=\"348\">Fumot 15000<\/strong>-est un produit de haute performance <strong data-start=\"371\" data-end=\"400\">fumot 15k jetable vape<\/strong> con\u00e7u pour les utilisateurs qui souhaitent une production massive en nuage, une endurance de longue dur\u00e9e et l'une des plus vastes biblioth\u00e8ques de saveurs de la cat\u00e9gorie. Avec <strong data-start=\"540\" data-end=\"557\">25mL d'e-liquide<\/strong>, un <strong data-start=\"562\" data-end=\"593\">Batterie rechargeable de 850mAh<\/strong>, et <strong data-start=\"599\" data-end=\"623\">technologie des bobines de maille<\/strong>, Cet appareil offre une saveur stable et une vapeur douce sur tous les types d'appareils. <strong data-start=\"689\" data-end=\"710\">fumot 15000 bouff\u00e9es<\/strong>.<\/p>\n<hr data-start=\"713\" data-end=\"716\" \/>\n<h2 data-start=\"718\" data-end=\"739\">\u2b50 <strong data-start=\"723\" data-end=\"739\">Caract\u00e9ristiques principales<\/strong><\/h2>\n<ul>\n<li data-start=\"742\" data-end=\"782\"><strong data-start=\"742\" data-end=\"757\">Nombre de bouff\u00e9es :<\/strong> Jusqu'\u00e0 <strong data-start=\"764\" data-end=\"780\">15,000 puffs<\/strong><\/li>\n<li data-start=\"785\" data-end=\"830\"><strong data-start=\"785\" data-end=\"806\">Options de nicotine :<\/strong> 2% \/ 5% sel de nicotine<\/li>\n<li data-start=\"833\" data-end=\"866\"><strong data-start=\"833\" data-end=\"855\">Capacit\u00e9 d'e-liquide :<\/strong> <strong data-start=\"856\" data-end=\"864\">25mL<\/strong><\/li>\n<li data-start=\"869\" data-end=\"921\"><strong data-start=\"869\" data-end=\"878\">Bobine :<\/strong> Avanc\u00e9 <strong data-start=\"888\" data-end=\"901\">Bobine de maille<\/strong> pour une saveur plus riche<\/li>\n<li data-start=\"924\" data-end=\"962\"><strong data-start=\"924\" data-end=\"936\">Batterie :<\/strong> <strong data-start=\"937\" data-end=\"960\">850mAh rechargeable<\/strong><\/li>\n<li data-start=\"965\" data-end=\"1001\"><strong data-start=\"965\" data-end=\"978\">Chargement :<\/strong> Recharge rapide de type C<\/li>\n<li data-start=\"1004\" data-end=\"1060\"><strong data-start=\"1004\" data-end=\"1020\">Affichage LED :<\/strong> \u00c9tat de la batterie et de l'e-liquide en temps r\u00e9el<\/li>\n<li data-start=\"1063\" data-end=\"1100\"><strong data-start=\"1063\" data-end=\"1075\">Saveurs :<\/strong> <strong data-start=\"1076\" data-end=\"1098\">47 ar\u00f4mes de qualit\u00e9 sup\u00e9rieure<\/strong><\/li>\n<li data-start=\"1103\" data-end=\"1137\"><strong data-start=\"1103\" data-end=\"1117\">Emballage :<\/strong> 10pcs\/bo\u00eete de pr\u00e9sentation<\/li>\n<\/ul>\n<p data-start=\"1265\" data-end=\"1381\">Une option parfaite pour les d\u00e9taillants et les utilisateurs de longue dur\u00e9e \u00e0 la recherche d'une utilisation prolong\u00e9e et d'une consistance de go\u00fbt exceptionnelle.<\/p>\n<hr data-start=\"1383\" data-end=\"1386\" \/>\n<h2 data-start=\"1388\" data-end=\"1424\">fumot 15000 \ud83c\udf53 <strong data-start=\"1394\" data-end=\"1422\">Liste des ar\u00f4mes (59 options)<\/strong><\/h2>\n<p>1. limonade Blue Razz<br \/>\n2. glace \u00e0 la p\u00eache<br \/>\n3. pomme acide<br \/>\n4. glace \u00e0 la past\u00e8que<br \/>\n5. myrtille sur glace<br \/>\n6. myrtille framboise<br \/>\n7. glace \u00e0 l'ananas<br \/>\n8.Cherry<br \/>\n9. glace \u00e0 la fraise<br \/>\n10. Vimto<br \/>\n11. glace de raisin<br \/>\n12. glace au cola<br \/>\n13. past\u00e8que \u00e0 la fraise<br \/>\n14. limonade rose<br \/>\n15.Berry m\u00e9lang\u00e9<br \/>\n16. p\u00eache mangue<br \/>\n17. fruit du dragon<br \/>\n18.fraise raisin<br \/>\n19.M. Bleu<br \/>\n20. glace luxuriante<br \/>\n21. glace<br \/>\n22.fraise kiwi<br \/>\n23.kiwi fruit de la passion goyave<br \/>\n24.Triple Berry<br \/>\n25.Banane glac\u00e9e<br \/>\n26 Bonbons p\u00eache et myrtille<br \/>\n27.Pomme P\u00eache Poire<br \/>\n28. limonade aux baies<br \/>\n29.Bleu Razz Cherry<br \/>\n30. bleuet et gomme \u00e0 m\u00e2cher<br \/>\n31.myrtille cerise canneberge<br \/>\n32.myrtille grenade<br \/>\n33.bleu framboise acidul\u00e9e<br \/>\n34. cola \u00e0 la cerise<br \/>\n35. ours en gomme<br \/>\n36. citron et citron vert<br \/>\n37 Mangue sur glace<br \/>\n38.Red Energy Ice<br \/>\n39.Banane fraise<br \/>\n40.Fraise Red Bull<br \/>\n41.limonade \u00e0 la fraise et \u00e0 la past\u00e8que<br \/>\n42.Ice Tea Lemon Ice<br \/>\n43.Ice Tea Peach Ice<br \/>\n44.cerise p\u00e9tillante<br \/>\n45.quilles<br \/>\n46.Cool Mint<br \/>\n47.Pina Colada<br \/>\n48. myrtille<br \/>\n49.glace p\u00eache myrtille<br \/>\n50Citron de raisin<br \/>\n51.Fanta<br \/>\n52.Fresh Menthol Mojito<br \/>\n53.alo\u00e8s baies de citron<br \/>\n54.pomme verte agrumes menthol<br \/>\n55.raisin vert melon<br \/>\n56.cactus kiwi<br \/>\n57.cola citron<br \/>\n58. glace de cactus<br \/>\n59.Blue Razz Gummy Bear<\/p>\n<hr data-start=\"2440\" data-end=\"2443\" \/>\n<h2 data-start=\"2445\" data-end=\"2494\">\ud83d\udca1 <strong data-start=\"2451\" data-end=\"2494\">Pourquoi choisir Fumot Tornado \/ Fumot 15000 ?<\/strong><\/h2>\n<ul>\n<li data-start=\"2497\" data-end=\"2552\">Extr\u00eamement durable <strong data-start=\"2520\" data-end=\"2541\">fumot 15000 bouff\u00e9es<\/strong> dur\u00e9e de vie<\/li>\n<li data-start=\"2555\" data-end=\"2592\">Vapeur douce et stable gr\u00e2ce \u00e0 la bobine en maille<\/li>\n<li data-start=\"2595\" data-end=\"2655\">Collection massive d'ar\u00f4mes - l'une des plus importantes du march\u00e9<\/li>\n<li data-start=\"2658\" data-end=\"2704\">Affichage LED lumineux pour un contr\u00f4le ais\u00e9<\/li>\n<li data-start=\"2707\" data-end=\"2770\">De bonnes performances pour l'usage personnel et la demande en gros<\/li>\n<\/ul>","protected":false},"excerpt":{"rendered":"<p data-start=\"2811\" data-end=\"3029\">Le Fumot Tornado 15000 fournit jusqu'\u00e0 <strong data-start=\"2846\" data-end=\"2862\">15,000 puffs<\/strong> avec un r\u00e9servoir de 25mL, un mesh coil, une batterie rechargeable de 850mAh, un \u00e9cran LED, et 47 saveurs. Un produit puissant et fiable <strong data-start=\"2974\" data-end=\"2989\">fumot 15000<\/strong> jetable pour des nuages riches et consistants.<\/p>","protected":false},"featured_media":23148,"comment_status":"open","ping_status":"closed","template":"","meta":{"_acf_changed":false},"pwb-brand":[3187],"product_brand":[],"product_cat":[2784,15,57,84,95],"product_tag":[78],"class_list":{"0":"post-23122","1":"product","2":"type-product","3":"status-publish","4":"has-post-thumbnail","6":"pwb-brand-fumot","7":"product_cat-tornado-vape","8":"product_cat-vape","9":"product_cat-disposable-vape","10":"product_cat-eu-warehouse-in-stock","11":"product_cat-vape-with-screen","12":"product_tag-puff-15k","14":"first","15":"instock","16":"shipping-taxable","17":"purchasable","18":"product-type-variable"},"acf":[],"yoast_head":"<!-- This site is optimized with the Yoast SEO Premium plugin v26.3 (Yoast SEO v26.3) - https:\/\/yoast.com\/wordpress\/plugins\/seo\/ -->\n<title>Fumot Tornado 15k (Fumot 15000) \u2013 15K Puff Disposable Vape - EuVapen<\/title>\n<meta name=\"description\" content=\"Discover the Fumot Tornado 15k, a fumot 15000 puffs disposable with 25mL e-liquid, mesh coil, 850mAh battery, LED screen, and 47 flavor choices. A top performer in the fumot vape 15000 category.\" \/>\n<meta name=\"robots\" content=\"index, follow, max-snippet:-1, max-image-preview:large, max-video-preview:-1\" \/>\n<link rel=\"canonical\" href=\"https:\/\/euvapen.com\/fr\/produit\/fumot-15k-fumot-tornado-15000-puffs-disposable-vape\/\" \/>\n<meta property=\"og:locale\" content=\"fr_FR\" \/>\n<meta property=\"og:type\" content=\"article\" \/>\n<meta property=\"og:title\" content=\"Fumot 15k Fumot Tornado 15000 Puffs Disposable Vape\" \/>\n<meta property=\"og:description\" content=\"Discover the Fumot Tornado 15k, a fumot 15000 puffs disposable with 25mL e-liquid, mesh coil, 850mAh battery, LED screen, and 47 flavor choices. A top performer in the fumot vape 15000 category.\" \/>\n<meta property=\"og:url\" content=\"https:\/\/euvapen.com\/fr\/produit\/fumot-15k-fumot-tornado-15000-puffs-disposable-vape\/\" \/>\n<meta property=\"og:site_name\" content=\"EuVapen\" \/>\n<meta property=\"article:modified_time\" content=\"2026-02-01T08:20:35+00:00\" \/>\n<meta property=\"og:image\" content=\"https:\/\/euvapen.com\/wp-content\/uploads\/2025\/11\/Fumot-15k-Fumot-Tornado-15000-Puffs-Disposable-Vape-1-1.webp\" \/>\n\t<meta property=\"og:image:width\" content=\"1000\" \/>\n\t<meta property=\"og:image:height\" content=\"1000\" \/>\n\t<meta property=\"og:image:type\" content=\"image\/webp\" \/>\n<meta name=\"twitter:card\" content=\"summary_large_image\" \/>\n<meta name=\"twitter:label1\" content=\"Disponibilit\u00e9\" \/>\n\t<meta name=\"twitter:data1\" content=\"En stock\" \/>\n<script type=\"application\/ld+json\" class=\"yoast-schema-graph\">{\"@context\":\"https:\/\/schema.org\",\"@graph\":[{\"@type\":\"WebPage\",\"@id\":\"https:\/\/euvapen.com\/product\/fumot-15k-fumot-tornado-15000-puffs-disposable-vape\/\",\"url\":\"https:\/\/euvapen.com\/product\/fumot-15k-fumot-tornado-15000-puffs-disposable-vape\/\",\"name\":\"Fumot Tornado 15k (Fumot 15000) \u2013 15K Puff Disposable Vape - EuVapen\",\"isPartOf\":{\"@id\":\"https:\/\/euvapen.com\/#website\"},\"primaryImageOfPage\":{\"@id\":\"https:\/\/euvapen.com\/product\/fumot-15k-fumot-tornado-15000-puffs-disposable-vape\/#primaryimage\"},\"image\":{\"@id\":\"https:\/\/euvapen.com\/product\/fumot-15k-fumot-tornado-15000-puffs-disposable-vape\/#primaryimage\"},\"thumbnailUrl\":\"https:\/\/euvapen.com\/wp-content\/uploads\/2025\/11\/Fumot-15k-Fumot-Tornado-15000-Puffs-Disposable-Vape-1-1.webp\",\"datePublished\":\"2025-11-27T10:11:19+00:00\",\"dateModified\":\"2026-02-01T08:20:35+00:00\",\"description\":\"Discover the Fumot Tornado 15k, a fumot 15000 puffs disposable with 25mL e-liquid, mesh coil, 850mAh battery, LED screen, and 47 flavor choices. A top performer in the fumot vape 15000 category.\",\"breadcrumb\":{\"@id\":\"https:\/\/euvapen.com\/product\/fumot-15k-fumot-tornado-15000-puffs-disposable-vape\/#breadcrumb\"},\"inLanguage\":\"fr-FR\",\"potentialAction\":[{\"@type\":\"ReadAction\",\"target\":[\"https:\/\/euvapen.com\/product\/fumot-15k-fumot-tornado-15000-puffs-disposable-vape\/\"]}]},{\"@type\":\"ImageObject\",\"inLanguage\":\"fr-FR\",\"@id\":\"https:\/\/euvapen.com\/product\/fumot-15k-fumot-tornado-15000-puffs-disposable-vape\/#primaryimage\",\"url\":\"https:\/\/euvapen.com\/wp-content\/uploads\/2025\/11\/Fumot-15k-Fumot-Tornado-15000-Puffs-Disposable-Vape-1-1.webp\",\"contentUrl\":\"https:\/\/euvapen.com\/wp-content\/uploads\/2025\/11\/Fumot-15k-Fumot-Tornado-15000-Puffs-Disposable-Vape-1-1.webp\",\"width\":1000,\"height\":1000,\"caption\":\"Fumot 15k Fumot Tornado 15000 Puffs Disposable Vape (1)\"},{\"@type\":\"BreadcrumbList\",\"@id\":\"https:\/\/euvapen.com\/product\/fumot-15k-fumot-tornado-15000-puffs-disposable-vape\/#breadcrumb\",\"itemListElement\":[{\"@type\":\"ListItem\",\"position\":1,\"name\":\"Home\",\"item\":\"https:\/\/euvapen.com\/\"},{\"@type\":\"ListItem\",\"position\":2,\"name\":\"Shop\",\"item\":\"https:\/\/euvapen.com\/shop\/\"},{\"@type\":\"ListItem\",\"position\":3,\"name\":\"Fumot 15k Fumot Tornado 15000 Puffs Disposable Vape\"}]},{\"@type\":\"WebSite\",\"@id\":\"https:\/\/euvapen.com\/#website\",\"url\":\"https:\/\/euvapen.com\/\",\"name\":\"bestpuffvape\",\"description\":\"\",\"publisher\":{\"@id\":\"https:\/\/euvapen.com\/#organization\"},\"potentialAction\":[{\"@type\":\"SearchAction\",\"target\":{\"@type\":\"EntryPoint\",\"urlTemplate\":\"https:\/\/euvapen.com\/?s={search_term_string}\"},\"query-input\":{\"@type\":\"PropertyValueSpecification\",\"valueRequired\":true,\"valueName\":\"search_term_string\"}}],\"inLanguage\":\"fr-FR\"},{\"@type\":[\"Organization\",\"Place\"],\"@id\":\"https:\/\/euvapen.com\/#organization\",\"name\":\"bestpuffvape\",\"alternateName\":\"bestpuffvape\",\"url\":\"https:\/\/euvapen.com\/\",\"logo\":{\"@id\":\"https:\/\/euvapen.com\/product\/fumot-15k-fumot-tornado-15000-puffs-disposable-vape\/#local-main-organization-logo\"},\"image\":{\"@id\":\"https:\/\/euvapen.com\/product\/fumot-15k-fumot-tornado-15000-puffs-disposable-vape\/#local-main-organization-logo\"},\"telephone\":[],\"openingHoursSpecification\":[{\"@type\":\"OpeningHoursSpecification\",\"dayOfWeek\":[\"Monday\",\"Tuesday\",\"Wednesday\",\"Thursday\",\"Friday\",\"Saturday\",\"Sunday\"],\"opens\":\"00:00\",\"closes\":\"23:59\"}]},{\"@type\":\"ImageObject\",\"inLanguage\":\"fr-FR\",\"@id\":\"https:\/\/euvapen.com\/product\/fumot-15k-fumot-tornado-15000-puffs-disposable-vape\/#local-main-organization-logo\",\"url\":\"https:\/\/euvapen.com\/wp-content\/uploads\/2025\/10\/cropped-puffvape-logo.png\",\"contentUrl\":\"https:\/\/euvapen.com\/wp-content\/uploads\/2025\/10\/cropped-puffvape-logo.png\",\"width\":512,\"height\":512,\"caption\":\"bestpuffvape\"}]}<\/script>\n<meta property=\"og:availability\" content=\"instock\" \/>\n<meta property=\"product:availability\" content=\"instock\" \/>\n<meta property=\"product:retailer_item_id\" content=\"Fumot-Tornado-15k\" \/>\n<meta property=\"product:condition\" content=\"new\" \/>\n<!-- \/ Yoast SEO Premium plugin. -->","yoast_head_json":{"title":"Fumot Tornado 15k (Fumot 15000) \u2013 15K Puff Disposable Vape - EuVapen","description":"D\u00e9couvrez le Fumot Tornado 15k, un fumot 15000 Puffs jetable avec 25mL d'e-liquide, mesh coil, batterie 850mAh, \u00e9cran LED, et 47 choix d'ar\u00f4mes. Un produit tr\u00e8s performant dans la cat\u00e9gorie des fumot vape 15000.","robots":{"index":"index","follow":"follow","max-snippet":"max-snippet:-1","max-image-preview":"max-image-preview:large","max-video-preview":"max-video-preview:-1"},"canonical":"https:\/\/euvapen.com\/fr\/produit\/fumot-15k-fumot-tornado-15000-puffs-disposable-vape\/","og_locale":"fr_FR","og_type":"article","og_title":"Fumot 15k Fumot Tornado 15000 Puffs Disposable Vape","og_description":"Discover the Fumot Tornado 15k, a fumot 15000 puffs disposable with 25mL e-liquid, mesh coil, 850mAh battery, LED screen, and 47 flavor choices. A top performer in the fumot vape 15000 category.","og_url":"https:\/\/euvapen.com\/fr\/produit\/fumot-15k-fumot-tornado-15000-puffs-disposable-vape\/","og_site_name":"EuVapen","article_modified_time":"2026-02-01T08:20:35+00:00","og_image":[{"width":1000,"height":1000,"url":"https:\/\/euvapen.com\/wp-content\/uploads\/2025\/11\/Fumot-15k-Fumot-Tornado-15000-Puffs-Disposable-Vape-1-1.webp","type":"image\/webp"}],"twitter_card":"summary_large_image","twitter_misc":{"Disponibilit\u00e9":"En stock"},"schema":{"@context":"https:\/\/schema.org","@graph":[{"@type":"WebPage","@id":"https:\/\/euvapen.com\/product\/fumot-15k-fumot-tornado-15000-puffs-disposable-vape\/","url":"https:\/\/euvapen.com\/product\/fumot-15k-fumot-tornado-15000-puffs-disposable-vape\/","name":"Fumot Tornado 15k (Fumot 15000) \u2013 15K Puff Disposable Vape - EuVapen","isPartOf":{"@id":"https:\/\/euvapen.com\/#website"},"primaryImageOfPage":{"@id":"https:\/\/euvapen.com\/product\/fumot-15k-fumot-tornado-15000-puffs-disposable-vape\/#primaryimage"},"image":{"@id":"https:\/\/euvapen.com\/product\/fumot-15k-fumot-tornado-15000-puffs-disposable-vape\/#primaryimage"},"thumbnailUrl":"https:\/\/euvapen.com\/wp-content\/uploads\/2025\/11\/Fumot-15k-Fumot-Tornado-15000-Puffs-Disposable-Vape-1-1.webp","datePublished":"2025-11-27T10:11:19+00:00","dateModified":"2026-02-01T08:20:35+00:00","description":"D\u00e9couvrez le Fumot Tornado 15k, un fumot 15000 Puffs jetable avec 25mL d'e-liquide, mesh coil, batterie 850mAh, \u00e9cran LED, et 47 choix d'ar\u00f4mes. Un produit tr\u00e8s performant dans la cat\u00e9gorie des fumot vape 15000.","breadcrumb":{"@id":"https:\/\/euvapen.com\/product\/fumot-15k-fumot-tornado-15000-puffs-disposable-vape\/#breadcrumb"},"inLanguage":"fr-FR","potentialAction":[{"@type":"ReadAction","target":["https:\/\/euvapen.com\/product\/fumot-15k-fumot-tornado-15000-puffs-disposable-vape\/"]}]},{"@type":"ImageObject","inLanguage":"fr-FR","@id":"https:\/\/euvapen.com\/product\/fumot-15k-fumot-tornado-15000-puffs-disposable-vape\/#primaryimage","url":"https:\/\/euvapen.com\/wp-content\/uploads\/2025\/11\/Fumot-15k-Fumot-Tornado-15000-Puffs-Disposable-Vape-1-1.webp","contentUrl":"https:\/\/euvapen.com\/wp-content\/uploads\/2025\/11\/Fumot-15k-Fumot-Tornado-15000-Puffs-Disposable-Vape-1-1.webp","width":1000,"height":1000,"caption":"Fumot 15k Fumot Tornado 15000 Puffs Disposable Vape (1)"},{"@type":"BreadcrumbList","@id":"https:\/\/euvapen.com\/product\/fumot-15k-fumot-tornado-15000-puffs-disposable-vape\/#breadcrumb","itemListElement":[{"@type":"ListItem","position":1,"name":"Home","item":"https:\/\/euvapen.com\/"},{"@type":"ListItem","position":2,"name":"Shop","item":"https:\/\/euvapen.com\/shop\/"},{"@type":"ListItem","position":3,"name":"Fumot 15k Fumot Tornado 15000 Puffs Disposable Vape"}]},{"@type":"WebSite","@id":"https:\/\/euvapen.com\/#website","url":"https:\/\/euvapen.com\/","name":"bestpuffvape","description":"","publisher":{"@id":"https:\/\/euvapen.com\/#organization"},"potentialAction":[{"@type":"SearchAction","target":{"@type":"EntryPoint","urlTemplate":"https:\/\/euvapen.com\/?s={search_term_string}"},"query-input":{"@type":"PropertyValueSpecification","valueRequired":true,"valueName":"search_term_string"}}],"inLanguage":"fr-FR"},{"@type":["Organization","Place"],"@id":"https:\/\/euvapen.com\/#organization","name":"bestpuffvape","alternateName":"bestpuffvape","url":"https:\/\/euvapen.com\/","logo":{"@id":"https:\/\/euvapen.com\/product\/fumot-15k-fumot-tornado-15000-puffs-disposable-vape\/#local-main-organization-logo"},"image":{"@id":"https:\/\/euvapen.com\/product\/fumot-15k-fumot-tornado-15000-puffs-disposable-vape\/#local-main-organization-logo"},"telephone":[],"openingHoursSpecification":[{"@type":"OpeningHoursSpecification","dayOfWeek":["Monday","Tuesday","Wednesday","Thursday","Friday","Saturday","Sunday"],"opens":"00:00","closes":"23:59"}]},{"@type":"ImageObject","inLanguage":"fr-FR","@id":"https:\/\/euvapen.com\/product\/fumot-15k-fumot-tornado-15000-puffs-disposable-vape\/#local-main-organization-logo","url":"https:\/\/euvapen.com\/wp-content\/uploads\/2025\/10\/cropped-puffvape-logo.png","contentUrl":"https:\/\/euvapen.com\/wp-content\/uploads\/2025\/10\/cropped-puffvape-logo.png","width":512,"height":512,"caption":"bestpuffvape"}]},"og_availability":"instock","product_availability":"instock","product_retailer_item_id":"Fumot-Tornado-15k","product_condition":"new"},"brands":[{"id":3187,"name":"Fumot","slug":"fumot"}],"tiered_pricing_type":"fixed","tiered_pricing_fixed_rules":{"30":"11.5","50":"9.5","100":"9.2","200":"8.8"},"tiered_pricing_product_settings":{"layout":"default","base_unit_name":{"singular":null,"plural":null},"default_variation":{}},"tiered_pricing_minimum_quantity":10,"tiered_pricing_roles_data":[],"tiered_pricing_percentage_rules":[],"tiered_pricing_maximum_quantity":null,"tiered_pricing_quantity_step":"10","_links":{"self":[{"href":"https:\/\/euvapen.com\/fr\/wp-json\/wp\/v2\/product\/23122","targetHints":{"allow":["GET"]}}],"collection":[{"href":"https:\/\/euvapen.com\/fr\/wp-json\/wp\/v2\/product"}],"about":[{"href":"https:\/\/euvapen.com\/fr\/wp-json\/wp\/v2\/types\/product"}],"replies":[{"embeddable":true,"href":"https:\/\/euvapen.com\/fr\/wp-json\/wp\/v2\/comments?post=23122"}],"wp:featuredmedia":[{"embeddable":true,"href":"https:\/\/euvapen.com\/fr\/wp-json\/wp\/v2\/media\/23148"}],"wp:attachment":[{"href":"https:\/\/euvapen.com\/fr\/wp-json\/wp\/v2\/media?parent=23122"}],"wp:term":[{"taxonomy":"pwb-brand","embeddable":true,"href":"https:\/\/euvapen.com\/fr\/wp-json\/wp\/v2\/pwb-brand?post=23122"},{"taxonomy":"product_brand","embeddable":true,"href":"https:\/\/euvapen.com\/fr\/wp-json\/wp\/v2\/product_brand?post=23122"},{"taxonomy":"product_cat","embeddable":true,"href":"https:\/\/euvapen.com\/fr\/wp-json\/wp\/v2\/product_cat?post=23122"},{"taxonomy":"product_tag","embeddable":true,"href":"https:\/\/euvapen.com\/fr\/wp-json\/wp\/v2\/product_tag?post=23122"}],"curies":[{"name":"wp","href":"https:\/\/api.w.org\/{rel}","templated":true}]}}