{"id":23997,"date":"2026-02-03T07:10:32","date_gmt":"2026-02-03T07:10:32","guid":{"rendered":"https:\/\/euvapen.com\/?post_type=product&#038;p=23997"},"modified":"2026-02-03T07:10:34","modified_gmt":"2026-02-03T07:10:34","slug":"vozol-rave-40k-40000-puffs-disposable-vape-party-mode-270-vibrant-glow-design-eu-warehouse","status":"publish","type":"product","link":"https:\/\/euvapen.com\/fr\/produit\/vozol-rave-40k-40000-puffs-disposable-vape-party-mode-270-vibrant-glow-design-eu-warehouse\/","title":{"rendered":"Vozol Rave 40k 40000 Puffs Vape jetable - Party Mode, 270\u00b0 Vibrant Glow Design, EU Warehouse"},"content":{"rendered":"<h1 style=\"text-align: center;\">Vozol Rave 40k 40000 Puffs Vape jetable<\/h1>\n<p data-path-to-node=\"3\">Imaginez un appareil qui ne se contente pas de d\u00e9livrer un tube, mais qui cr\u00e9e une ambiance. L'appareil <b data-path-to-node=\"3\" data-index-in-node=\"71\">Vozol Rave 40000<\/b> est une explosion sensorielle, transformant chaque tirage en un spectacle de lumi\u00e8re avec son \u00e9clat vibrant \u00e0 270\u00b0. C'est plus qu'une vape, c'est votre compagnon pour les soir\u00e9es tardives et l'\u00e9nergie, con\u00e7u pour \u00eatre aussi dynamique que la musique que vous aimez.<\/p>\n<h2 data-path-to-node=\"4\">L'exp\u00e9rience de la saveur : Audacieuse, brillante et \u00e9quilibr\u00e9e<\/h2>\n<p data-path-to-node=\"5\">Le profil de saveur du <b data-path-to-node=\"5\" data-index-in-node=\"26\">Vozol Rave 40k<\/b> est con\u00e7u pour une grande fid\u00e9lit\u00e9. Contrairement aux produits jetables standard qui peuvent sembler trop sucr\u00e9s, la s\u00e9rie Rave se concentre sur une \u201cdouceur propre\u201d.\u201d<\/p>\n<ul>\n<li data-path-to-node=\"6,0,0\"><b data-path-to-node=\"6,0,0\" data-index-in-node=\"0\">L'ambiance :<\/b> Attendez-vous \u00e0 un coup de fouet vif et rafra\u00eechissant, avec une finale rafra\u00eechissante qui persiste juste assez longtemps.<\/li>\n<li data-path-to-node=\"6,1,0\"><b data-path-to-node=\"6,1,0\" data-index-in-node=\"0\">Potentiel sur toute la journ\u00e9e :<\/b> Les saveurs sont m\u00e9ticuleusement \u00e9quilibr\u00e9es pour \u00e9viter la \u201clangue du vapoteur\u201d, ce qui les rend parfaites pour une utilisation prolong\u00e9e au cours de leur dur\u00e9e de vie massive.<\/li>\n<li data-path-to-node=\"6,2,0\"><b data-path-to-node=\"6,2,0\" data-index-in-node=\"0\">Superposition :<\/b> La complexit\u00e9 est ici un \u00e9l\u00e9ment cl\u00e9. Des m\u00e9langes comme <i data-path-to-node=\"6,2,0\" data-index-in-node=\"46\">Limonade \u00e0 la p\u00eache et \u00e0 la framboise<\/i> offrent un profil changeant, commen\u00e7ant par des fruits sucr\u00e9s et se terminant par un piquant acidul\u00e9.<\/li>\n<\/ul>\n<h2>VOZOL RAVE 40000 Liste des ar\u00f4mes\uff1a<\/h2>\n<p>1. Blue Razz Ice<br \/>\n2. Glace aux myrtilles<br \/>\n3. Past\u00e8que \u00e0 la myrtille<br \/>\n4. Fraise cerise<br \/>\n5. Menthe fra\u00eeche<br \/>\n6. Double pomme<br \/>\n7. Glace de raisin<br \/>\n8. Amour 777<br \/>\n9. Glace \u00e0 la mangue<br \/>\n10. Mangue P\u00eache<br \/>\n11. Glace de p\u00eache<br \/>\n12. Limonade p\u00eache-framboise<br \/>\n13. Glace \u00e0 la fraise<br \/>\n14. Fraise Kiwi<br \/>\n15. Fraise Mangue<br \/>\n16. Past\u00e8que \u00e0 la fraise<br \/>\n17. P\u00eache \u00e0 la fraise<br \/>\n18. Past\u00e8que Bubblegum<br \/>\n19. Glace \u00e0 la past\u00e8que<br \/>\n20. Razz Rancher \u00e0 la past\u00e8que<\/p>\n<h2 data-path-to-node=\"8\">Sp\u00e9cifications du produit Vozol Rave 40k<\/h2>\n<table data-path-to-node=\"9\">\n<thead>\n<tr>\n<td><strong>Objet<\/strong><\/td>\n<td><strong>D\u00e9tails<\/strong><\/td>\n<\/tr>\n<\/thead>\n<tbody>\n<tr>\n<td><span data-path-to-node=\"9,1,0,0\"><b data-path-to-node=\"9,1,0,0\" data-index-in-node=\"0\">Capacit\u00e9 de bouff\u00e9e<\/b><\/span><\/td>\n<td><span data-path-to-node=\"9,1,1,0\">Jusqu'\u00e0 40 000 bouff\u00e9es<\/span><\/td>\n<\/tr>\n<tr>\n<td><span data-path-to-node=\"9,2,0,0\"><b data-path-to-node=\"9,2,0,0\" data-index-in-node=\"0\">Volume d'e-liquide<\/b><\/span><\/td>\n<td><span data-path-to-node=\"9,2,1,0\">20ml pr\u00e9-rempli<\/span><\/td>\n<\/tr>\n<tr>\n<td><span data-path-to-node=\"9,3,0,0\"><b data-path-to-node=\"9,3,0,0\" data-index-in-node=\"0\">Capacit\u00e9 de la batterie<\/b><\/span><\/td>\n<td><span data-path-to-node=\"9,3,1,0\">1000mAh (80% Charge en 20 minutes)<\/span><\/td>\n<\/tr>\n<tr>\n<td><span data-path-to-node=\"9,4,0,0\"><b data-path-to-node=\"9,4,0,0\" data-index-in-node=\"0\">R\u00e9sistance de la bobine<\/b><\/span><\/td>\n<td><span data-path-to-node=\"9,4,1,0\">1.2\u03a9 Bobine de haute pr\u00e9cision<\/span><\/td>\n<\/tr>\n<tr>\n<td><span data-path-to-node=\"9,5,0,0\"><b data-path-to-node=\"9,5,0,0\" data-index-in-node=\"0\">Caract\u00e9ristiques uniques<\/b><\/span><\/td>\n<td><span data-path-to-node=\"9,5,1,0\">270\u00b0 Glow &amp; Beat-Synced Party Mode<\/span><\/td>\n<\/tr>\n<tr>\n<td><span data-path-to-node=\"9,6,0,0\"><b data-path-to-node=\"9,6,0,0\" data-index-in-node=\"0\">Taux de nicotine<\/b><\/span><\/td>\n<td><span data-path-to-node=\"9,6,1,0\">5% (50mg\/mL)<\/span><\/td>\n<\/tr>\n<tr>\n<td><span data-path-to-node=\"9,7,0,0\"><b data-path-to-node=\"9,7,0,0\" data-index-in-node=\"0\">Affichage<\/b><\/span><\/td>\n<td><span data-path-to-node=\"9,7,1,0\">Eclipse Vaping Animation Screen<\/span><\/td>\n<\/tr>\n<tr>\n<td><span data-path-to-node=\"9,8,0,0\"><b data-path-to-node=\"9,8,0,0\" data-index-in-node=\"0\">Entrep\u00f4t<\/b><\/span><\/td>\n<td><span data-path-to-node=\"9,8,1,0\"><b data-path-to-node=\"9,8,1,0\" data-index-in-node=\"0\">Entrep\u00f4t de l'UE (1-3 jours de livraison)<\/b><\/span><\/td>\n<\/tr>\n<\/tbody>\n<\/table>\n<hr data-path-to-node=\"10\" \/>\n<h2 data-path-to-node=\"11\">Pourquoi le go\u00fbt est-il diff\u00e9rent ?<\/h2>\n<p data-path-to-node=\"12\">Le secret derri\u00e8re la <b data-path-to-node=\"12\" data-index-in-node=\"22\">Vozol 40000<\/b> est sa stabilit\u00e9 thermique. En utilisant un <b data-path-to-node=\"12\" data-index-in-node=\"75\">1.2\u03a9 bobine de haute pr\u00e9cision<\/b>, Gr\u00e2ce \u00e0 la technologie de l'atomiseur sub-ohm, l'appareil maintient une temp\u00e9rature plus basse et plus constante que les autres appareils sub-ohm. Cela emp\u00eache l'e-liquide de \u201ccaram\u00e9liser\u201d ou d'avoir un go\u00fbt de br\u00fbl\u00e9 vers la fin de la dosette, ce qui garantit que votre 40 000\u00e8me bouff\u00e9e aura exactement le m\u00eame go\u00fbt que la premi\u00e8re.<\/p>\n<hr data-path-to-node=\"13\" \/>\n<h2 data-path-to-node=\"14\">A qui s'adresse cette Vape<\/h2>\n<ul>\n<li data-path-to-node=\"15,0,0\"><b data-path-to-node=\"15,0,0\" data-index-in-node=\"0\">Le noctambule :<\/b> Si vous allez souvent dans des clubs ou \u00e0 des f\u00eates, le <b data-path-to-node=\"15,0,0\" data-index-in-node=\"56\">Mode F\u00eate rythm\u00e9e<\/b> et une luminosit\u00e9 de 270\u00b0 en font l'accessoire ultime.<\/li>\n<li data-path-to-node=\"15,1,0\"><b data-path-to-node=\"15,1,0\" data-index-in-node=\"0\">Le vapoteur \u201csans attente\u201d :<\/b> Avec une charge 80% en seulement 20 minutes, il est destin\u00e9 aux personnes qui sont toujours en mouvement et qui d\u00e9testent \u00eatre attach\u00e9es \u00e0 un mur.<\/li>\n<li data-path-to-node=\"15,2,0\"><b data-path-to-node=\"15,2,0\" data-index-in-node=\"0\">Le puriste de la saveur :<\/b> Pour ceux qui souhaitent une <b data-path-to-node=\"15,2,0\" data-index-in-node=\"40\">vozol vape<\/b> qui reste fid\u00e8le \u00e0 ses notes de saveur sans s'estomper au fil des semaines d'utilisation.<\/li>\n<li data-path-to-node=\"15,3,0\"><b data-path-to-node=\"15,3,0\" data-index-in-node=\"0\">L'expert en efficacit\u00e9 :<\/b> Pourquoi acheter cinq vapes quand une seule <b data-path-to-node=\"15,3,0\" data-index-in-node=\"51\">Vozol Rave 40000<\/b> vous couvre \u00e0 long terme ?<\/li>\n<\/ul>\n<hr data-path-to-node=\"16\" \/>\n<h2 data-path-to-node=\"17\">Vozol Rave 40000 Flavor FAQ<\/h2>\n<h3 data-path-to-node=\"18\"><b data-path-to-node=\"18\" data-index-in-node=\"0\">Q : L'intensit\u00e9 de la saveur est-elle constante au fur et \u00e0 mesure que la batterie diminue ?<\/b><\/h3>\n<p data-path-to-node=\"18\"><b data-path-to-node=\"18\" data-index-in-node=\"60\">A :<\/b> Oui. La batterie 1000mAh est associ\u00e9e \u00e0 une sortie de puissance r\u00e9gul\u00e9e, ce qui signifie que la saveur ne s'affaiblit pas, m\u00eame lorsque la batterie est \u00e0 10%.<\/p>\n<h3 data-path-to-node=\"19\"><b data-path-to-node=\"19\" data-index-in-node=\"0\">Q : Le \u201cmode f\u00eate\u201d \u00e9puise-t-il la batterie trop rapidement ?<\/b><\/h3>\n<p data-path-to-node=\"19\"><b data-path-to-node=\"19\" data-index-in-node=\"53\">A :<\/b> Bien que les LED consomment de l'\u00e9nergie, l'\u00e9norme capacit\u00e9 de 1000mAh est con\u00e7ue pour g\u00e9rer facilement les lumi\u00e8res et le vapotage. De plus, la recharge rapide comme l'\u00e9clair de 20 minutes couvre toute consommation suppl\u00e9mentaire.<\/p>\n<h3 data-path-to-node=\"20\"><b data-path-to-node=\"20\" data-index-in-node=\"0\">Q : Les saveurs \u201cIce\u201d sont-elles trop fortes ?<\/b><\/h3>\n<p data-path-to-node=\"20\"><b data-path-to-node=\"20\" data-index-in-node=\"39\">A :<\/b> Les <b data-path-to-node=\"20\" data-index-in-node=\"46\">Vozol Rave<\/b> utilise un agent de refroidissement moyennement \u00e9lev\u00e9. Il apporte un \u201ccoup de froid\u201d distinct sans masquer le profil du fruit.<\/p>","protected":false},"excerpt":{"rendered":"<p data-path-to-node=\"1\">Le nec plus ultra de la vape \u00e0 haute \u00e9nergie, avec un <b data-path-to-node=\"1\" data-index-in-node=\"42\">Eclat vibrant \u00e0 270<\/b> et des \u00e9clairages synchronis\u00e9s avec les rythmes. Obtenez une long\u00e9vit\u00e9 massive avec <b data-path-to-node=\"1\" data-index-in-node=\"113\">40,000 puffs<\/b> et charge ultra-rapide (<b data-path-to-node=\"1\" data-index-in-node=\"151\">80% dans 20 minutes<\/b>).<\/p>\n<ul>\n<li data-path-to-node=\"2,0,0\"><b data-path-to-node=\"2,0,0\" data-index-in-node=\"0\">40 000 bouff\u00e9es | Capacit\u00e9 de 20 ml<\/b><\/li>\n<li data-path-to-node=\"2,1,0\"><b data-path-to-node=\"2,1,0\" data-index-in-node=\"0\">80% Charge en 20 minutes<\/b><\/li>\n<li data-path-to-node=\"2,2,0\"><b data-path-to-node=\"2,2,0\" data-index-in-node=\"0\">Animation 270\u00b0 Glow &amp; Eclipse<\/b><\/li>\n<li data-path-to-node=\"2,3,0\"><b data-path-to-node=\"2,3,0\" data-index-in-node=\"0\">Entrep\u00f4t de l'UE : 1-3 jours de livraison<\/b><\/li>\n<\/ul>","protected":false},"featured_media":23998,"comment_status":"open","ping_status":"closed","template":"","meta":{"_acf_changed":false},"pwb-brand":[1259],"product_brand":[],"product_cat":[15,88,84,93,95],"product_tag":[70],"class_list":{"0":"post-23997","1":"product","2":"type-product","3":"status-publish","4":"has-post-thumbnail","6":"pwb-brand-vozol","7":"product_cat-vape","8":"product_cat-crystal-vape","9":"product_cat-eu-warehouse-in-stock","10":"product_cat-rechargeable-vapes","11":"product_cat-vape-with-screen","12":"product_tag-puff-40k","14":"first","15":"instock","16":"shipping-taxable","17":"purchasable","18":"product-type-variable"},"acf":[],"yoast_head":"<!-- This site is optimized with the Yoast SEO Premium plugin v26.3 (Yoast SEO v26.3) - https:\/\/yoast.com\/wordpress\/plugins\/seo\/ -->\n<title>VOZOL RAVE 40000 Puffs | 270\u00b0 Glow Party Mode | EU Warehouse - EuVapen<\/title>\n<meta name=\"description\" content=\"Experience the VOZOL RAVE 40000: The ultimate party vape with a 270\u00b0 vibrant glow and 40k puffs. 80% charge in just 20 mins. Fast 1-3 day delivery from our EU warehouse!\" \/>\n<meta name=\"robots\" content=\"index, follow, max-snippet:-1, max-image-preview:large, max-video-preview:-1\" \/>\n<link rel=\"canonical\" href=\"https:\/\/euvapen.com\/fr\/produit\/vozol-rave-40k-40000-puffs-disposable-vape-party-mode-270-vibrant-glow-design-eu-warehouse\/\" \/>\n<meta property=\"og:locale\" content=\"fr_FR\" \/>\n<meta property=\"og:type\" content=\"article\" \/>\n<meta property=\"og:title\" content=\"Vozol Rave 40k 40000 Puffs Disposable Vape - Party Mode, 270\u00b0 Vibrant Glow Design, EU Warehouse\" \/>\n<meta property=\"og:description\" content=\"Experience the VOZOL RAVE 40000: The ultimate party vape with a 270\u00b0 vibrant glow and 40k puffs. 80% charge in just 20 mins. Fast 1-3 day delivery from our EU warehouse!\" \/>\n<meta property=\"og:url\" content=\"https:\/\/euvapen.com\/fr\/produit\/vozol-rave-40k-40000-puffs-disposable-vape-party-mode-270-vibrant-glow-design-eu-warehouse\/\" \/>\n<meta property=\"og:site_name\" content=\"EuVapen\" \/>\n<meta property=\"article:modified_time\" content=\"2026-02-03T07:10:34+00:00\" \/>\n<meta property=\"og:image\" content=\"https:\/\/euvapen.com\/wp-content\/uploads\/2026\/02\/Vozol-Rave-40k-40000-Puffs-Disposable-Vape-Watermelon-Razz-Rancher-2.webp\" \/>\n\t<meta property=\"og:image:width\" content=\"1000\" \/>\n\t<meta property=\"og:image:height\" content=\"1000\" \/>\n\t<meta property=\"og:image:type\" content=\"image\/webp\" \/>\n<meta name=\"twitter:card\" content=\"summary_large_image\" \/>\n<meta name=\"twitter:label1\" content=\"Disponibilit\u00e9\" \/>\n\t<meta name=\"twitter:data1\" content=\"En stock\" \/>\n<script type=\"application\/ld+json\" class=\"yoast-schema-graph\">{\"@context\":\"https:\/\/schema.org\",\"@graph\":[{\"@type\":\"WebPage\",\"@id\":\"https:\/\/euvapen.com\/product\/vozol-rave-40k-40000-puffs-disposable-vape-party-mode-270-vibrant-glow-design-eu-warehouse\/\",\"url\":\"https:\/\/euvapen.com\/product\/vozol-rave-40k-40000-puffs-disposable-vape-party-mode-270-vibrant-glow-design-eu-warehouse\/\",\"name\":\"VOZOL RAVE 40000 Puffs | 270\u00b0 Glow Party Mode | EU Warehouse - EuVapen\",\"isPartOf\":{\"@id\":\"https:\/\/euvapen.com\/#website\"},\"primaryImageOfPage\":{\"@id\":\"https:\/\/euvapen.com\/product\/vozol-rave-40k-40000-puffs-disposable-vape-party-mode-270-vibrant-glow-design-eu-warehouse\/#primaryimage\"},\"image\":{\"@id\":\"https:\/\/euvapen.com\/product\/vozol-rave-40k-40000-puffs-disposable-vape-party-mode-270-vibrant-glow-design-eu-warehouse\/#primaryimage\"},\"thumbnailUrl\":\"https:\/\/euvapen.com\/wp-content\/uploads\/2026\/02\/Vozol-Rave-40k-40000-Puffs-Disposable-Vape-Watermelon-Razz-Rancher-2.webp\",\"datePublished\":\"2026-02-03T07:10:32+00:00\",\"dateModified\":\"2026-02-03T07:10:34+00:00\",\"description\":\"Experience the VOZOL RAVE 40000: The ultimate party vape with a 270\u00b0 vibrant glow and 40k puffs. 80% charge in just 20 mins. Fast 1-3 day delivery from our EU warehouse!\",\"breadcrumb\":{\"@id\":\"https:\/\/euvapen.com\/product\/vozol-rave-40k-40000-puffs-disposable-vape-party-mode-270-vibrant-glow-design-eu-warehouse\/#breadcrumb\"},\"inLanguage\":\"fr-FR\",\"potentialAction\":[{\"@type\":\"ReadAction\",\"target\":[\"https:\/\/euvapen.com\/product\/vozol-rave-40k-40000-puffs-disposable-vape-party-mode-270-vibrant-glow-design-eu-warehouse\/\"]}]},{\"@type\":\"ImageObject\",\"inLanguage\":\"fr-FR\",\"@id\":\"https:\/\/euvapen.com\/product\/vozol-rave-40k-40000-puffs-disposable-vape-party-mode-270-vibrant-glow-design-eu-warehouse\/#primaryimage\",\"url\":\"https:\/\/euvapen.com\/wp-content\/uploads\/2026\/02\/Vozol-Rave-40k-40000-Puffs-Disposable-Vape-Watermelon-Razz-Rancher-2.webp\",\"contentUrl\":\"https:\/\/euvapen.com\/wp-content\/uploads\/2026\/02\/Vozol-Rave-40k-40000-Puffs-Disposable-Vape-Watermelon-Razz-Rancher-2.webp\",\"width\":1000,\"height\":1000,\"caption\":\"Vozol Rave 40k 40000 Puffs Disposable Vape - Watermelon Razz Rancher #2\"},{\"@type\":\"BreadcrumbList\",\"@id\":\"https:\/\/euvapen.com\/product\/vozol-rave-40k-40000-puffs-disposable-vape-party-mode-270-vibrant-glow-design-eu-warehouse\/#breadcrumb\",\"itemListElement\":[{\"@type\":\"ListItem\",\"position\":1,\"name\":\"Home\",\"item\":\"https:\/\/euvapen.com\/\"},{\"@type\":\"ListItem\",\"position\":2,\"name\":\"Shop\",\"item\":\"https:\/\/euvapen.com\/shop\/\"},{\"@type\":\"ListItem\",\"position\":3,\"name\":\"Vozol Rave 40k 40000 Puffs Disposable Vape &#8211; Party Mode, 270\u00b0 Vibrant Glow Design, EU Warehouse\"}]},{\"@type\":\"WebSite\",\"@id\":\"https:\/\/euvapen.com\/#website\",\"url\":\"https:\/\/euvapen.com\/\",\"name\":\"bestpuffvape\",\"description\":\"\",\"publisher\":{\"@id\":\"https:\/\/euvapen.com\/#organization\"},\"potentialAction\":[{\"@type\":\"SearchAction\",\"target\":{\"@type\":\"EntryPoint\",\"urlTemplate\":\"https:\/\/euvapen.com\/?s={search_term_string}\"},\"query-input\":{\"@type\":\"PropertyValueSpecification\",\"valueRequired\":true,\"valueName\":\"search_term_string\"}}],\"inLanguage\":\"fr-FR\"},{\"@type\":[\"Organization\",\"Place\"],\"@id\":\"https:\/\/euvapen.com\/#organization\",\"name\":\"bestpuffvape\",\"alternateName\":\"bestpuffvape\",\"url\":\"https:\/\/euvapen.com\/\",\"logo\":{\"@id\":\"https:\/\/euvapen.com\/product\/vozol-rave-40k-40000-puffs-disposable-vape-party-mode-270-vibrant-glow-design-eu-warehouse\/#local-main-organization-logo\"},\"image\":{\"@id\":\"https:\/\/euvapen.com\/product\/vozol-rave-40k-40000-puffs-disposable-vape-party-mode-270-vibrant-glow-design-eu-warehouse\/#local-main-organization-logo\"},\"telephone\":[],\"openingHoursSpecification\":[{\"@type\":\"OpeningHoursSpecification\",\"dayOfWeek\":[\"Monday\",\"Tuesday\",\"Wednesday\",\"Thursday\",\"Friday\",\"Saturday\",\"Sunday\"],\"opens\":\"00:00\",\"closes\":\"23:59\"}]},{\"@type\":\"ImageObject\",\"inLanguage\":\"fr-FR\",\"@id\":\"https:\/\/euvapen.com\/product\/vozol-rave-40k-40000-puffs-disposable-vape-party-mode-270-vibrant-glow-design-eu-warehouse\/#local-main-organization-logo\",\"url\":\"https:\/\/euvapen.com\/wp-content\/uploads\/2025\/10\/cropped-puffvape-logo.png\",\"contentUrl\":\"https:\/\/euvapen.com\/wp-content\/uploads\/2025\/10\/cropped-puffvape-logo.png\",\"width\":512,\"height\":512,\"caption\":\"bestpuffvape\"}]}<\/script>\n<meta property=\"og:availability\" content=\"instock\" \/>\n<meta property=\"product:availability\" content=\"instock\" \/>\n<meta property=\"product:retailer_item_id\" content=\"Vozol-Rave-40k-Puffs-EU\" \/>\n<meta property=\"product:condition\" content=\"new\" \/>\n<!-- \/ Yoast SEO Premium plugin. -->","yoast_head_json":{"title":"VOZOL RAVE 40000 Puffs | 270\u00b0 Glow Party Mode | EU Warehouse - EuVapen","description":"D\u00e9couvrez le VOZOL RAVE 40000 : La vape de f\u00eate ultime avec une lumi\u00e8re vibrante de 270\u00b0 et 40k bouff\u00e9es. Charge 80% en seulement 20 minutes. Livraison rapide en 1 \u00e0 3 jours depuis notre entrep\u00f4t europ\u00e9en !","robots":{"index":"index","follow":"follow","max-snippet":"max-snippet:-1","max-image-preview":"max-image-preview:large","max-video-preview":"max-video-preview:-1"},"canonical":"https:\/\/euvapen.com\/fr\/produit\/vozol-rave-40k-40000-puffs-disposable-vape-party-mode-270-vibrant-glow-design-eu-warehouse\/","og_locale":"fr_FR","og_type":"article","og_title":"Vozol Rave 40k 40000 Puffs Disposable Vape - Party Mode, 270\u00b0 Vibrant Glow Design, EU Warehouse","og_description":"Experience the VOZOL RAVE 40000: The ultimate party vape with a 270\u00b0 vibrant glow and 40k puffs. 80% charge in just 20 mins. Fast 1-3 day delivery from our EU warehouse!","og_url":"https:\/\/euvapen.com\/fr\/produit\/vozol-rave-40k-40000-puffs-disposable-vape-party-mode-270-vibrant-glow-design-eu-warehouse\/","og_site_name":"EuVapen","article_modified_time":"2026-02-03T07:10:34+00:00","og_image":[{"width":1000,"height":1000,"url":"https:\/\/euvapen.com\/wp-content\/uploads\/2026\/02\/Vozol-Rave-40k-40000-Puffs-Disposable-Vape-Watermelon-Razz-Rancher-2.webp","type":"image\/webp"}],"twitter_card":"summary_large_image","twitter_misc":{"Disponibilit\u00e9":"En stock"},"schema":{"@context":"https:\/\/schema.org","@graph":[{"@type":"WebPage","@id":"https:\/\/euvapen.com\/product\/vozol-rave-40k-40000-puffs-disposable-vape-party-mode-270-vibrant-glow-design-eu-warehouse\/","url":"https:\/\/euvapen.com\/product\/vozol-rave-40k-40000-puffs-disposable-vape-party-mode-270-vibrant-glow-design-eu-warehouse\/","name":"VOZOL RAVE 40000 Puffs | 270\u00b0 Glow Party Mode | EU Warehouse - EuVapen","isPartOf":{"@id":"https:\/\/euvapen.com\/#website"},"primaryImageOfPage":{"@id":"https:\/\/euvapen.com\/product\/vozol-rave-40k-40000-puffs-disposable-vape-party-mode-270-vibrant-glow-design-eu-warehouse\/#primaryimage"},"image":{"@id":"https:\/\/euvapen.com\/product\/vozol-rave-40k-40000-puffs-disposable-vape-party-mode-270-vibrant-glow-design-eu-warehouse\/#primaryimage"},"thumbnailUrl":"https:\/\/euvapen.com\/wp-content\/uploads\/2026\/02\/Vozol-Rave-40k-40000-Puffs-Disposable-Vape-Watermelon-Razz-Rancher-2.webp","datePublished":"2026-02-03T07:10:32+00:00","dateModified":"2026-02-03T07:10:34+00:00","description":"D\u00e9couvrez le VOZOL RAVE 40000 : La vape de f\u00eate ultime avec une lumi\u00e8re vibrante de 270\u00b0 et 40k bouff\u00e9es. Charge 80% en seulement 20 minutes. Livraison rapide en 1 \u00e0 3 jours depuis notre entrep\u00f4t europ\u00e9en !","breadcrumb":{"@id":"https:\/\/euvapen.com\/product\/vozol-rave-40k-40000-puffs-disposable-vape-party-mode-270-vibrant-glow-design-eu-warehouse\/#breadcrumb"},"inLanguage":"fr-FR","potentialAction":[{"@type":"ReadAction","target":["https:\/\/euvapen.com\/product\/vozol-rave-40k-40000-puffs-disposable-vape-party-mode-270-vibrant-glow-design-eu-warehouse\/"]}]},{"@type":"ImageObject","inLanguage":"fr-FR","@id":"https:\/\/euvapen.com\/product\/vozol-rave-40k-40000-puffs-disposable-vape-party-mode-270-vibrant-glow-design-eu-warehouse\/#primaryimage","url":"https:\/\/euvapen.com\/wp-content\/uploads\/2026\/02\/Vozol-Rave-40k-40000-Puffs-Disposable-Vape-Watermelon-Razz-Rancher-2.webp","contentUrl":"https:\/\/euvapen.com\/wp-content\/uploads\/2026\/02\/Vozol-Rave-40k-40000-Puffs-Disposable-Vape-Watermelon-Razz-Rancher-2.webp","width":1000,"height":1000,"caption":"Vozol Rave 40k 40000 Puffs Disposable Vape - Watermelon Razz Rancher #2"},{"@type":"BreadcrumbList","@id":"https:\/\/euvapen.com\/product\/vozol-rave-40k-40000-puffs-disposable-vape-party-mode-270-vibrant-glow-design-eu-warehouse\/#breadcrumb","itemListElement":[{"@type":"ListItem","position":1,"name":"Home","item":"https:\/\/euvapen.com\/"},{"@type":"ListItem","position":2,"name":"Shop","item":"https:\/\/euvapen.com\/shop\/"},{"@type":"ListItem","position":3,"name":"Vozol Rave 40k 40000 Puffs Disposable Vape &#8211; Party Mode, 270\u00b0 Vibrant Glow Design, EU Warehouse"}]},{"@type":"WebSite","@id":"https:\/\/euvapen.com\/#website","url":"https:\/\/euvapen.com\/","name":"bestpuffvape","description":"","publisher":{"@id":"https:\/\/euvapen.com\/#organization"},"potentialAction":[{"@type":"SearchAction","target":{"@type":"EntryPoint","urlTemplate":"https:\/\/euvapen.com\/?s={search_term_string}"},"query-input":{"@type":"PropertyValueSpecification","valueRequired":true,"valueName":"search_term_string"}}],"inLanguage":"fr-FR"},{"@type":["Organization","Place"],"@id":"https:\/\/euvapen.com\/#organization","name":"bestpuffvape","alternateName":"bestpuffvape","url":"https:\/\/euvapen.com\/","logo":{"@id":"https:\/\/euvapen.com\/product\/vozol-rave-40k-40000-puffs-disposable-vape-party-mode-270-vibrant-glow-design-eu-warehouse\/#local-main-organization-logo"},"image":{"@id":"https:\/\/euvapen.com\/product\/vozol-rave-40k-40000-puffs-disposable-vape-party-mode-270-vibrant-glow-design-eu-warehouse\/#local-main-organization-logo"},"telephone":[],"openingHoursSpecification":[{"@type":"OpeningHoursSpecification","dayOfWeek":["Monday","Tuesday","Wednesday","Thursday","Friday","Saturday","Sunday"],"opens":"00:00","closes":"23:59"}]},{"@type":"ImageObject","inLanguage":"fr-FR","@id":"https:\/\/euvapen.com\/product\/vozol-rave-40k-40000-puffs-disposable-vape-party-mode-270-vibrant-glow-design-eu-warehouse\/#local-main-organization-logo","url":"https:\/\/euvapen.com\/wp-content\/uploads\/2025\/10\/cropped-puffvape-logo.png","contentUrl":"https:\/\/euvapen.com\/wp-content\/uploads\/2025\/10\/cropped-puffvape-logo.png","width":512,"height":512,"caption":"bestpuffvape"}]},"og_availability":"instock","product_availability":"instock","product_retailer_item_id":"Vozol-Rave-40k-Puffs-EU","product_condition":"new"},"brands":[{"id":1259,"name":"Vozol","slug":"vozol"}],"tiered_pricing_type":"fixed","tiered_pricing_fixed_rules":{"30":"14.04","50":"11.54","100":"11.04","200":"10.04"},"tiered_pricing_product_settings":{"layout":"default","base_unit_name":{"singular":null,"plural":null},"default_variation":{}},"tiered_pricing_minimum_quantity":10,"tiered_pricing_roles_data":[],"tiered_pricing_percentage_rules":[],"tiered_pricing_maximum_quantity":null,"tiered_pricing_quantity_step":"10","_links":{"self":[{"href":"https:\/\/euvapen.com\/fr\/wp-json\/wp\/v2\/product\/23997","targetHints":{"allow":["GET"]}}],"collection":[{"href":"https:\/\/euvapen.com\/fr\/wp-json\/wp\/v2\/product"}],"about":[{"href":"https:\/\/euvapen.com\/fr\/wp-json\/wp\/v2\/types\/product"}],"replies":[{"embeddable":true,"href":"https:\/\/euvapen.com\/fr\/wp-json\/wp\/v2\/comments?post=23997"}],"wp:featuredmedia":[{"embeddable":true,"href":"https:\/\/euvapen.com\/fr\/wp-json\/wp\/v2\/media\/23998"}],"wp:attachment":[{"href":"https:\/\/euvapen.com\/fr\/wp-json\/wp\/v2\/media?parent=23997"}],"wp:term":[{"taxonomy":"pwb-brand","embeddable":true,"href":"https:\/\/euvapen.com\/fr\/wp-json\/wp\/v2\/pwb-brand?post=23997"},{"taxonomy":"product_brand","embeddable":true,"href":"https:\/\/euvapen.com\/fr\/wp-json\/wp\/v2\/product_brand?post=23997"},{"taxonomy":"product_cat","embeddable":true,"href":"https:\/\/euvapen.com\/fr\/wp-json\/wp\/v2\/product_cat?post=23997"},{"taxonomy":"product_tag","embeddable":true,"href":"https:\/\/euvapen.com\/fr\/wp-json\/wp\/v2\/product_tag?post=23997"}],"curies":[{"name":"wp","href":"https:\/\/api.w.org\/{rel}","templated":true}]}}