{"id":13,"date":"2025-10-10T07:54:18","date_gmt":"2025-10-10T07:54:18","guid":{"rendered":"https:\/\/euvapen.com\/?page_id=13"},"modified":"2025-10-10T07:57:52","modified_gmt":"2025-10-10T07:57:52","slug":"refund_returns","status":"publish","type":"page","link":"https:\/\/euvapen.com\/sv\/refund_returns\/","title":{"rendered":"Policy f\u00f6r \u00e5terbetalning och returer"},"content":{"rendered":"<p><\/p>\n\n\n\n<h2 class=\"wp-block-heading\">\u00d6versikt<\/h2>\n\n\n\n<p><strong>Returer &amp; reklamationer<\/strong><\/p>\n\n\n\n<p>Vi f\u00f6rst\u00e5r att ett k\u00f6p ibland inte motsvarar dina f\u00f6rv\u00e4ntningar - s\u00e4rskilt n\u00e4r du handlar p\u00e5 n\u00e4tet. Vi har alla varit d\u00e4r: besvikelsen \u00f6ver att f\u00e5 n\u00e5got som inte riktigt passar dina behov. Det \u00e4r d\u00e4rf\u00f6r vi har skapat en <strong>enkel och kundv\u00e4nlig returpolicy<\/strong> f\u00f6r att s\u00e4kerst\u00e4lla att du \u00e4r helt n\u00f6jd med varje best\u00e4llning.<\/p>\n\n\n\n<p>Din tillfredsst\u00e4llelse \u00e4r v\u00e5r h\u00f6gsta prioritet. BestPuffVape \u00e4r stolt \u00f6ver att vara ett av de f\u00e5 f\u00f6retagen i vape-industrin som erbjuder en <strong>30 dagars returr\u00e4tt<\/strong> p\u00e5 alla <strong>oanv\u00e4nda produkter<\/strong> fr\u00e5n ink\u00f6psdatumet. L\u00e4s igenom informationen nedan noggrant.<\/p>\n\n\n\n<hr class=\"wp-block-separator has-alpha-channel-opacity\"\/>\n\n\n\n<h4 class=\"wp-block-heading\"><strong>100 dagars returr\u00e4tt<\/strong><\/h4>\n\n\n\n<ul class=\"wp-block-list\">\n<li>Du har <strong>30 dagar<\/strong> fr\u00e5n det datum d\u00e5 du mottog din best\u00e4llning f\u00f6r att g\u00f6ra en retur.<\/li>\n\n\n\n<li><strong>Inom 14 dagar:<\/strong> Du kommer att f\u00e5 en <strong>full kontant \u00e5terbetalning<\/strong>.<\/li>\n\n\n\n<li><strong>Fr\u00e5n den 15:e till den 30:e dagen:<\/strong> Du kommer att f\u00e5 en <strong>butikskupong<\/strong> som motsvarar v\u00e4rdet av den returnerade produkten.<\/li>\n\n\n\n<li>Alla returnerade varor m\u00e5ste vara <strong>oanv\u00e4nd<\/strong>, <strong>o\u00f6ppnad<\/strong>, och i deras <strong>originalf\u00f6rpackning<\/strong>.<\/li>\n\n\n\n<li>F\u00f6r produkter som \u00e4r f\u00f6rem\u00e5l f\u00f6r punktskatt, vi <strong>kan inte acceptera returer<\/strong> om skattef\u00f6rseglingarna har brutits.<\/li>\n\n\n\n<li><strong>Begagnade produkter<\/strong> eller de som har en <strong>kort utg\u00e5ngsdatum<\/strong> \u00e4r <strong>inte ber\u00e4ttigad<\/strong> f\u00f6r retur efter 14 dagar.<\/li>\n<\/ul>\n\n\n\n<hr class=\"wp-block-separator has-alpha-channel-opacity\"\/>\n\n\n\n<p>Dessa villkor g\u00e4ller f\u00f6r <strong>endast privatkunder<\/strong>.<br>Om du har n\u00e5gra fr\u00e5gor eller beh\u00f6ver hj\u00e4lp med din retur, v\u00e4nligen kontakta v\u00e5r <strong>kundtj\u00e4nstteam<\/strong>-Vi \u00e4r h\u00e4r f\u00f6r att hj\u00e4lpa till.<\/p>\n\n\n\n<h2 class=\"wp-block-heading\">Beh\u00f6ver du hj\u00e4lp?<\/h2>\n\n\n\n<p>I h\u00e4ndelse av problem med din best\u00e4llning - med undantag f\u00f6r allm\u00e4nna helgdagar eller force majeure-omst\u00e4ndigheter - \u00e4r v\u00e5r <strong>engagerat kundtj\u00e4nstteam<\/strong> \u00e4r alltid redo att hj\u00e4lpa dig. V\u00e4nligen kontakta oss <strong>inom den angivna returperioden<\/strong> f\u00f6r att p\u00e5b\u00f6rja retur- eller \u00e5terbetalningsprocessen. Vi \u00e4r fast beslutna att ta itu med dina problem snabbt och s\u00e4kerst\u00e4lla att din <strong>fullst\u00e4ndig tillfredsst\u00e4llelse<\/strong> vid varje k\u00f6p.<\/p>\n\n\n\n<p>Kontakta oss p\u00e5 WhatsApp \uff08+86 18024174651\uff09 f\u00f6r fr\u00e5gor relaterade till \u00e5terbetalningar och returer.<\/p>","protected":false},"excerpt":{"rendered":"<p>\u00d6versikt Returer och reklamationer Vi f\u00f6rst\u00e5r att ett k\u00f6p ibland kanske inte uppfyller dina f\u00f6rv\u00e4ntningar - s\u00e4rskilt n\u00e4r du handlar online. Vi har alla varit d\u00e4r: besvikelsen \u00f6ver att f\u00e5 n\u00e5got som inte riktigt passar dina behov. Det \u00e4r d\u00e4rf\u00f6r vi har skapat en enkel, kundv\u00e4nlig returpolicy f\u00f6r att s\u00e4kerst\u00e4lla att du \u00e4r helt n\u00f6jd med varje best\u00e4llning. Din tillfredsst\u00e4llelse \u00e4r [...]<\/p>","protected":false},"author":1,"featured_media":0,"parent":0,"menu_order":0,"comment_status":"closed","ping_status":"closed","template":"","meta":{"_acf_changed":false,"footnotes":""},"class_list":["post-13","page","type-page","status-publish","hentry"],"acf":[],"yoast_head":"<!-- This site is optimized with the Yoast SEO Premium plugin v26.3 (Yoast SEO v26.3) - https:\/\/yoast.com\/wordpress\/plugins\/seo\/ -->\n<title>Refund and Returns Policy - EuVapen<\/title>\n<meta name=\"robots\" content=\"index, follow, max-snippet:-1, max-image-preview:large, max-video-preview:-1\" \/>\n<link rel=\"canonical\" href=\"https:\/\/euvapen.com\/sv\/refund_returns\/\" \/>\n<meta property=\"og:locale\" content=\"sv_SE\" \/>\n<meta property=\"og:type\" content=\"article\" \/>\n<meta property=\"og:title\" content=\"Refund and Returns Policy\" \/>\n<meta property=\"og:description\" content=\"Overview Returns &amp; Complaints We understand that sometimes a purchase may not meet your expectations \u2014 especially when shopping online. We\u2019ve all been there: the disappointment of receiving something that doesn\u2019t quite fit your needs. That\u2019s why we\u2019ve created a simple, customer-friendly return policy to ensure your complete satisfaction with every order. Your satisfaction is [&hellip;]\" \/>\n<meta property=\"og:url\" content=\"https:\/\/euvapen.com\/sv\/refund_returns\/\" \/>\n<meta property=\"og:site_name\" content=\"EuVapen\" \/>\n<meta property=\"article:modified_time\" content=\"2025-10-10T07:57:52+00:00\" \/>\n<meta name=\"twitter:card\" content=\"summary_large_image\" \/>\n<meta name=\"twitter:label1\" content=\"Ber\u00e4knad l\u00e4stid\" \/>\n\t<meta name=\"twitter:data1\" content=\"2 minuter\" \/>\n<script type=\"application\/ld+json\" class=\"yoast-schema-graph\">{\"@context\":\"https:\/\/schema.org\",\"@graph\":[{\"@type\":\"WebPage\",\"@id\":\"https:\/\/euvapen.com\/refund_returns\/\",\"url\":\"https:\/\/euvapen.com\/refund_returns\/\",\"name\":\"Refund and Returns Policy - EuVapen\",\"isPartOf\":{\"@id\":\"https:\/\/euvapen.com\/#website\"},\"datePublished\":\"2025-10-10T07:54:18+00:00\",\"dateModified\":\"2025-10-10T07:57:52+00:00\",\"breadcrumb\":{\"@id\":\"https:\/\/euvapen.com\/refund_returns\/#breadcrumb\"},\"inLanguage\":\"sv-SE\",\"potentialAction\":[{\"@type\":\"ReadAction\",\"target\":[\"https:\/\/euvapen.com\/refund_returns\/\"]}]},{\"@type\":\"BreadcrumbList\",\"@id\":\"https:\/\/euvapen.com\/refund_returns\/#breadcrumb\",\"itemListElement\":[{\"@type\":\"ListItem\",\"position\":1,\"name\":\"Home\",\"item\":\"https:\/\/euvapen.com\/\"},{\"@type\":\"ListItem\",\"position\":2,\"name\":\"Refund and Returns Policy\"}]},{\"@type\":\"WebSite\",\"@id\":\"https:\/\/euvapen.com\/#website\",\"url\":\"https:\/\/euvapen.com\/\",\"name\":\"bestpuffvape\",\"description\":\"\",\"publisher\":{\"@id\":\"https:\/\/euvapen.com\/#organization\"},\"potentialAction\":[{\"@type\":\"SearchAction\",\"target\":{\"@type\":\"EntryPoint\",\"urlTemplate\":\"https:\/\/euvapen.com\/?s={search_term_string}\"},\"query-input\":{\"@type\":\"PropertyValueSpecification\",\"valueRequired\":true,\"valueName\":\"search_term_string\"}}],\"inLanguage\":\"sv-SE\"},{\"@type\":[\"Organization\",\"Place\"],\"@id\":\"https:\/\/euvapen.com\/#organization\",\"name\":\"bestpuffvape\",\"alternateName\":\"bestpuffvape\",\"url\":\"https:\/\/euvapen.com\/\",\"logo\":{\"@id\":\"https:\/\/euvapen.com\/refund_returns\/#local-main-organization-logo\"},\"image\":{\"@id\":\"https:\/\/euvapen.com\/refund_returns\/#local-main-organization-logo\"},\"telephone\":[],\"openingHoursSpecification\":[{\"@type\":\"OpeningHoursSpecification\",\"dayOfWeek\":[\"Monday\",\"Tuesday\",\"Wednesday\",\"Thursday\",\"Friday\",\"Saturday\",\"Sunday\"],\"opens\":\"00:00\",\"closes\":\"23:59\"}]},{\"@type\":\"ImageObject\",\"inLanguage\":\"sv-SE\",\"@id\":\"https:\/\/euvapen.com\/refund_returns\/#local-main-organization-logo\",\"url\":\"https:\/\/euvapen.com\/wp-content\/uploads\/2025\/10\/cropped-puffvape-logo.png\",\"contentUrl\":\"https:\/\/euvapen.com\/wp-content\/uploads\/2025\/10\/cropped-puffvape-logo.png\",\"width\":512,\"height\":512,\"caption\":\"bestpuffvape\"}]}<\/script>\n<!-- \/ Yoast SEO Premium plugin. -->","yoast_head_json":{"title":"Refund and Returns Policy - EuVapen","robots":{"index":"index","follow":"follow","max-snippet":"max-snippet:-1","max-image-preview":"max-image-preview:large","max-video-preview":"max-video-preview:-1"},"canonical":"https:\/\/euvapen.com\/sv\/refund_returns\/","og_locale":"sv_SE","og_type":"article","og_title":"Refund and Returns Policy","og_description":"Overview Returns &amp; Complaints We understand that sometimes a purchase may not meet your expectations \u2014 especially when shopping online. We\u2019ve all been there: the disappointment of receiving something that doesn\u2019t quite fit your needs. That\u2019s why we\u2019ve created a simple, customer-friendly return policy to ensure your complete satisfaction with every order. Your satisfaction is [&hellip;]","og_url":"https:\/\/euvapen.com\/sv\/refund_returns\/","og_site_name":"EuVapen","article_modified_time":"2025-10-10T07:57:52+00:00","twitter_card":"summary_large_image","twitter_misc":{"Ber\u00e4knad l\u00e4stid":"2 minuter"},"schema":{"@context":"https:\/\/schema.org","@graph":[{"@type":"WebPage","@id":"https:\/\/euvapen.com\/refund_returns\/","url":"https:\/\/euvapen.com\/refund_returns\/","name":"Refund and Returns Policy - EuVapen","isPartOf":{"@id":"https:\/\/euvapen.com\/#website"},"datePublished":"2025-10-10T07:54:18+00:00","dateModified":"2025-10-10T07:57:52+00:00","breadcrumb":{"@id":"https:\/\/euvapen.com\/refund_returns\/#breadcrumb"},"inLanguage":"sv-SE","potentialAction":[{"@type":"ReadAction","target":["https:\/\/euvapen.com\/refund_returns\/"]}]},{"@type":"BreadcrumbList","@id":"https:\/\/euvapen.com\/refund_returns\/#breadcrumb","itemListElement":[{"@type":"ListItem","position":1,"name":"Home","item":"https:\/\/euvapen.com\/"},{"@type":"ListItem","position":2,"name":"Refund and Returns Policy"}]},{"@type":"WebSite","@id":"https:\/\/euvapen.com\/#website","url":"https:\/\/euvapen.com\/","name":"b\u00e4stapuffvape","description":"","publisher":{"@id":"https:\/\/euvapen.com\/#organization"},"potentialAction":[{"@type":"SearchAction","target":{"@type":"EntryPoint","urlTemplate":"https:\/\/euvapen.com\/?s={search_term_string}"},"query-input":{"@type":"PropertyValueSpecification","valueRequired":true,"valueName":"search_term_string"}}],"inLanguage":"sv-SE"},{"@type":["Organization","Place"],"@id":"https:\/\/euvapen.com\/#organization","name":"b\u00e4stapuffvape","alternateName":"bestpuffvape","url":"https:\/\/euvapen.com\/","logo":{"@id":"https:\/\/euvapen.com\/refund_returns\/#local-main-organization-logo"},"image":{"@id":"https:\/\/euvapen.com\/refund_returns\/#local-main-organization-logo"},"telephone":[],"openingHoursSpecification":[{"@type":"OpeningHoursSpecification","dayOfWeek":["Monday","Tuesday","Wednesday","Thursday","Friday","Saturday","Sunday"],"opens":"00:00","closes":"23:59"}]},{"@type":"ImageObject","inLanguage":"sv-SE","@id":"https:\/\/euvapen.com\/refund_returns\/#local-main-organization-logo","url":"https:\/\/euvapen.com\/wp-content\/uploads\/2025\/10\/cropped-puffvape-logo.png","contentUrl":"https:\/\/euvapen.com\/wp-content\/uploads\/2025\/10\/cropped-puffvape-logo.png","width":512,"height":512,"caption":"bestpuffvape"}]}},"_links":{"self":[{"href":"https:\/\/euvapen.com\/sv\/wp-json\/wp\/v2\/pages\/13","targetHints":{"allow":["GET"]}}],"collection":[{"href":"https:\/\/euvapen.com\/sv\/wp-json\/wp\/v2\/pages"}],"about":[{"href":"https:\/\/euvapen.com\/sv\/wp-json\/wp\/v2\/types\/page"}],"author":[{"embeddable":true,"href":"https:\/\/euvapen.com\/sv\/wp-json\/wp\/v2\/users\/1"}],"replies":[{"embeddable":true,"href":"https:\/\/euvapen.com\/sv\/wp-json\/wp\/v2\/comments?post=13"}],"version-history":[{"count":0,"href":"https:\/\/euvapen.com\/sv\/wp-json\/wp\/v2\/pages\/13\/revisions"}],"wp:attachment":[{"href":"https:\/\/euvapen.com\/sv\/wp-json\/wp\/v2\/media?parent=13"}],"curies":[{"name":"wp","href":"https:\/\/api.w.org\/{rel}","templated":true}]}}