{"id":7462,"date":"2025-10-10T10:30:16","date_gmt":"2025-10-10T10:30:16","guid":{"rendered":"https:\/\/euvapen.com\/?page_id=7462"},"modified":"2026-04-08T10:50:22","modified_gmt":"2026-04-08T10:50:22","slug":"shipping-and-tracking","status":"publish","type":"page","link":"https:\/\/euvapen.com\/sv\/shipping-and-tracking\/","title":{"rendered":"Frakt och sp\u00e5rning"},"content":{"rendered":"<p><\/p>\n\n\n\n<p>Vid <strong>EuvaPenVape<\/strong>, N\u00e4r du har skickat din best\u00e4llning ser vi till att den levereras snabbt och p\u00e5litligt.<\/p>\n\n\n\n<p><strong>Fraktalternativ:<\/strong><\/p>\n\n\n\n<ul class=\"wp-block-list\">\n<li><strong>Europeiskt lager:<\/strong> 1-3 arbetsdagar<\/li>\n\n\n\n<li><strong>Kina Lager:<\/strong> 10-15 arbetsdagar<\/li>\n\n\n\n<li><strong>Global leverans:<\/strong> Vi levererar \u00f6ver hela v\u00e4rlden med fri frakt och inga tullavgifter f\u00f6r l\u00e4nder som st\u00f6ds, inklusive USA, Storbritannien, Tyskland, Frankrike, Italien, Spanien, Nederl\u00e4nderna, Schweiz, Sverige, Polen, Belgien, \u00d6sterrike, Irland, Finland, Portugal och Ungern.<\/li>\n<\/ul>\n\n\n\n<p><strong>DDP (Delivered Duty Paid) Frakt:<\/strong><br>Med DDP-frakt hanteras all tullklarering, tullar och skatter av oss. Du f\u00e5r ditt paket utan kr\u00e5ngel och utan dolda kostnader.<\/p>\n\n\n\n<p><strong>Sp\u00e5rning av order:<\/strong><br>N\u00e4r din best\u00e4llning har skickats f\u00e5r du ett sp\u00e5rningsnummer via e-post eller p\u00e5 din kontosida. Anv\u00e4nd detta nummer f\u00f6r att \u00f6vervaka ditt paket i realtid tills det n\u00e5r din d\u00f6rr.<\/p>\n\n\n\n<p><strong>Viktiga anm\u00e4rkningar:<\/strong><\/p>\n\n\n\n<ul class=\"wp-block-list\">\n<li>Best\u00e4llningar fr\u00e5n l\u00e4nder utanf\u00f6r Europa skickas fr\u00e5n v\u00e5rt lager i Shenzhen, Kina.<\/li>\n\n\n\n<li>Leveranstiderna kan variera n\u00e5got beroende p\u00e5 lokala tull- och logistikf\u00f6rh\u00e5llanden.<\/li>\n<\/ul>","protected":false},"excerpt":{"rendered":"<p>At EuvaPenVape, we ensure your orders are shipped quickly and reliably. Shipping Options: DDP (Delivered Duty Paid) Shipping:With DDP shipping, all customs clearance, duties, and taxes are handled by us. You receive your package hassle-free, with no hidden costs. Order Tracking:Once your order is shipped, you will receive a tracking number via email or your [&hellip;]<\/p>","protected":false},"author":1,"featured_media":0,"parent":0,"menu_order":0,"comment_status":"closed","ping_status":"closed","template":"","meta":{"_acf_changed":false,"footnotes":""},"class_list":["post-7462","page","type-page","status-publish","hentry"],"acf":[],"yoast_head":"<!-- This site is optimized with the Yoast SEO Premium plugin v26.3 (Yoast SEO v26.3) - https:\/\/yoast.com\/wordpress\/plugins\/seo\/ -->\n<title>Shipping and Tracking - EuVapen<\/title>\n<meta name=\"robots\" content=\"index, follow, max-snippet:-1, max-image-preview:large, max-video-preview:-1\" \/>\n<link rel=\"canonical\" href=\"https:\/\/euvapen.com\/sv\/shipping-and-tracking\/\" \/>\n<meta property=\"og:locale\" content=\"sv_SE\" \/>\n<meta property=\"og:type\" content=\"article\" \/>\n<meta property=\"og:title\" content=\"Shipping and Tracking\" \/>\n<meta property=\"og:description\" content=\"At EuvaPenVape, we ensure your orders are shipped quickly and reliably. Shipping Options: DDP (Delivered Duty Paid) Shipping:With DDP shipping, all customs clearance, duties, and taxes are handled by us. You receive your package hassle-free, with no hidden costs. Order Tracking:Once your order is shipped, you will receive a tracking number via email or your [&hellip;]\" \/>\n<meta property=\"og:url\" content=\"https:\/\/euvapen.com\/sv\/shipping-and-tracking\/\" \/>\n<meta property=\"og:site_name\" content=\"EuVapen\" \/>\n<meta property=\"article:modified_time\" content=\"2026-04-08T10:50:22+00:00\" \/>\n<meta name=\"twitter:card\" content=\"summary_large_image\" \/>\n<meta name=\"twitter:label1\" content=\"Ber\u00e4knad l\u00e4stid\" \/>\n\t<meta name=\"twitter:data1\" content=\"1 minut\" \/>\n<script type=\"application\/ld+json\" class=\"yoast-schema-graph\">{\"@context\":\"https:\/\/schema.org\",\"@graph\":[{\"@type\":\"WebPage\",\"@id\":\"https:\/\/euvapen.com\/shipping-and-tracking\/\",\"url\":\"https:\/\/euvapen.com\/shipping-and-tracking\/\",\"name\":\"Shipping and Tracking - EuVapen\",\"isPartOf\":{\"@id\":\"https:\/\/euvapen.com\/#website\"},\"datePublished\":\"2025-10-10T10:30:16+00:00\",\"dateModified\":\"2026-04-08T10:50:22+00:00\",\"breadcrumb\":{\"@id\":\"https:\/\/euvapen.com\/shipping-and-tracking\/#breadcrumb\"},\"inLanguage\":\"sv-SE\",\"potentialAction\":[{\"@type\":\"ReadAction\",\"target\":[\"https:\/\/euvapen.com\/shipping-and-tracking\/\"]}]},{\"@type\":\"BreadcrumbList\",\"@id\":\"https:\/\/euvapen.com\/shipping-and-tracking\/#breadcrumb\",\"itemListElement\":[{\"@type\":\"ListItem\",\"position\":1,\"name\":\"Home\",\"item\":\"https:\/\/euvapen.com\/\"},{\"@type\":\"ListItem\",\"position\":2,\"name\":\"Shipping and Tracking\"}]},{\"@type\":\"WebSite\",\"@id\":\"https:\/\/euvapen.com\/#website\",\"url\":\"https:\/\/euvapen.com\/\",\"name\":\"bestpuffvape\",\"description\":\"\",\"publisher\":{\"@id\":\"https:\/\/euvapen.com\/#organization\"},\"potentialAction\":[{\"@type\":\"SearchAction\",\"target\":{\"@type\":\"EntryPoint\",\"urlTemplate\":\"https:\/\/euvapen.com\/?s={search_term_string}\"},\"query-input\":{\"@type\":\"PropertyValueSpecification\",\"valueRequired\":true,\"valueName\":\"search_term_string\"}}],\"inLanguage\":\"sv-SE\"},{\"@type\":[\"Organization\",\"Place\"],\"@id\":\"https:\/\/euvapen.com\/#organization\",\"name\":\"bestpuffvape\",\"alternateName\":\"bestpuffvape\",\"url\":\"https:\/\/euvapen.com\/\",\"logo\":{\"@id\":\"https:\/\/euvapen.com\/shipping-and-tracking\/#local-main-organization-logo\"},\"image\":{\"@id\":\"https:\/\/euvapen.com\/shipping-and-tracking\/#local-main-organization-logo\"},\"telephone\":[],\"openingHoursSpecification\":[{\"@type\":\"OpeningHoursSpecification\",\"dayOfWeek\":[\"Monday\",\"Tuesday\",\"Wednesday\",\"Thursday\",\"Friday\",\"Saturday\",\"Sunday\"],\"opens\":\"00:00\",\"closes\":\"23:59\"}]},{\"@type\":\"ImageObject\",\"inLanguage\":\"sv-SE\",\"@id\":\"https:\/\/euvapen.com\/shipping-and-tracking\/#local-main-organization-logo\",\"url\":\"https:\/\/euvapen.com\/wp-content\/uploads\/2025\/10\/cropped-puffvape-logo.png\",\"contentUrl\":\"https:\/\/euvapen.com\/wp-content\/uploads\/2025\/10\/cropped-puffvape-logo.png\",\"width\":512,\"height\":512,\"caption\":\"bestpuffvape\"}]}<\/script>\n<!-- \/ Yoast SEO Premium plugin. -->","yoast_head_json":{"title":"Shipping and Tracking - EuVapen","robots":{"index":"index","follow":"follow","max-snippet":"max-snippet:-1","max-image-preview":"max-image-preview:large","max-video-preview":"max-video-preview:-1"},"canonical":"https:\/\/euvapen.com\/sv\/shipping-and-tracking\/","og_locale":"sv_SE","og_type":"article","og_title":"Shipping and Tracking","og_description":"At EuvaPenVape, we ensure your orders are shipped quickly and reliably. Shipping Options: DDP (Delivered Duty Paid) Shipping:With DDP shipping, all customs clearance, duties, and taxes are handled by us. You receive your package hassle-free, with no hidden costs. Order Tracking:Once your order is shipped, you will receive a tracking number via email or your [&hellip;]","og_url":"https:\/\/euvapen.com\/sv\/shipping-and-tracking\/","og_site_name":"EuVapen","article_modified_time":"2026-04-08T10:50:22+00:00","twitter_card":"summary_large_image","twitter_misc":{"Ber\u00e4knad l\u00e4stid":"1 minut"},"schema":{"@context":"https:\/\/schema.org","@graph":[{"@type":"WebPage","@id":"https:\/\/euvapen.com\/shipping-and-tracking\/","url":"https:\/\/euvapen.com\/shipping-and-tracking\/","name":"Shipping and Tracking - EuVapen","isPartOf":{"@id":"https:\/\/euvapen.com\/#website"},"datePublished":"2025-10-10T10:30:16+00:00","dateModified":"2026-04-08T10:50:22+00:00","breadcrumb":{"@id":"https:\/\/euvapen.com\/shipping-and-tracking\/#breadcrumb"},"inLanguage":"sv-SE","potentialAction":[{"@type":"ReadAction","target":["https:\/\/euvapen.com\/shipping-and-tracking\/"]}]},{"@type":"BreadcrumbList","@id":"https:\/\/euvapen.com\/shipping-and-tracking\/#breadcrumb","itemListElement":[{"@type":"ListItem","position":1,"name":"Home","item":"https:\/\/euvapen.com\/"},{"@type":"ListItem","position":2,"name":"Shipping and Tracking"}]},{"@type":"WebSite","@id":"https:\/\/euvapen.com\/#website","url":"https:\/\/euvapen.com\/","name":"b\u00e4stapuffvape","description":"","publisher":{"@id":"https:\/\/euvapen.com\/#organization"},"potentialAction":[{"@type":"SearchAction","target":{"@type":"EntryPoint","urlTemplate":"https:\/\/euvapen.com\/?s={search_term_string}"},"query-input":{"@type":"PropertyValueSpecification","valueRequired":true,"valueName":"search_term_string"}}],"inLanguage":"sv-SE"},{"@type":["Organization","Place"],"@id":"https:\/\/euvapen.com\/#organization","name":"b\u00e4stapuffvape","alternateName":"bestpuffvape","url":"https:\/\/euvapen.com\/","logo":{"@id":"https:\/\/euvapen.com\/shipping-and-tracking\/#local-main-organization-logo"},"image":{"@id":"https:\/\/euvapen.com\/shipping-and-tracking\/#local-main-organization-logo"},"telephone":[],"openingHoursSpecification":[{"@type":"OpeningHoursSpecification","dayOfWeek":["Monday","Tuesday","Wednesday","Thursday","Friday","Saturday","Sunday"],"opens":"00:00","closes":"23:59"}]},{"@type":"ImageObject","inLanguage":"sv-SE","@id":"https:\/\/euvapen.com\/shipping-and-tracking\/#local-main-organization-logo","url":"https:\/\/euvapen.com\/wp-content\/uploads\/2025\/10\/cropped-puffvape-logo.png","contentUrl":"https:\/\/euvapen.com\/wp-content\/uploads\/2025\/10\/cropped-puffvape-logo.png","width":512,"height":512,"caption":"bestpuffvape"}]}},"_links":{"self":[{"href":"https:\/\/euvapen.com\/sv\/wp-json\/wp\/v2\/pages\/7462","targetHints":{"allow":["GET"]}}],"collection":[{"href":"https:\/\/euvapen.com\/sv\/wp-json\/wp\/v2\/pages"}],"about":[{"href":"https:\/\/euvapen.com\/sv\/wp-json\/wp\/v2\/types\/page"}],"author":[{"embeddable":true,"href":"https:\/\/euvapen.com\/sv\/wp-json\/wp\/v2\/users\/1"}],"replies":[{"embeddable":true,"href":"https:\/\/euvapen.com\/sv\/wp-json\/wp\/v2\/comments?post=7462"}],"version-history":[{"count":1,"href":"https:\/\/euvapen.com\/sv\/wp-json\/wp\/v2\/pages\/7462\/revisions"}],"predecessor-version":[{"id":25141,"href":"https:\/\/euvapen.com\/sv\/wp-json\/wp\/v2\/pages\/7462\/revisions\/25141"}],"wp:attachment":[{"href":"https:\/\/euvapen.com\/sv\/wp-json\/wp\/v2\/media?parent=7462"}],"curies":[{"name":"wp","href":"https:\/\/api.w.org\/{rel}","templated":true}]}}