{"id":15352,"date":"2025-11-06T10:13:50","date_gmt":"2025-11-06T10:13:50","guid":{"rendered":"https:\/\/euvapen.com\/?post_type=product&#038;p=15352"},"modified":"2025-11-19T06:43:12","modified_gmt":"2025-11-19T06:43:12","slug":"hifancy-regnbage-25000-puffar-engangs-vape","status":"publish","type":"product","link":"https:\/\/euvapen.com\/sv\/product\/hifancy-regnbage-25000-puffar-engangs-vape\/","title":{"rendered":"Hifancy Rainbow 25000 Puffs\u00a0\u2013 Disposable Vape"},"content":{"rendered":"<h1 data-start=\"150\" data-end=\"222\">HIFANCY RAINBOW 25000 - 25k-vape med h\u00f6g kapacitet och dubbla v\u00e4rmel\u00e4gen<\/h1>\n<p data-start=\"224\" data-end=\"575\">Den <strong data-start=\"228\" data-end=\"253\">HIFANCY REGNB\u00c5GE 25000<\/strong> kombinerar en 32 ml beh\u00e5llare, en 800 mAh Type-C-str\u00f6mf\u00f6rs\u00f6rjningsenhet och mesh-coil-atomisering f\u00f6r att ge en f\u00f6rl\u00e4ngd cykel inom <strong data-start=\"382\" data-end=\"400\">25k puffs vape<\/strong> klass. Positionerad som en p\u00e5litlig <strong data-start=\"433\" data-end=\"445\">25k vape<\/strong> f\u00f6r anv\u00e4ndare som v\u00e4rdes\u00e4tter konsekvens och kontroll, <strong data-start=\"491\" data-end=\"508\">HIFANCY 25000<\/strong> fokuserar p\u00e5 stabil produktion och smakintegritet under l\u00e5ngvarig anv\u00e4ndning.<\/p>\n<h2 data-start=\"577\" data-end=\"598\">Viktiga specifikationer<\/h2>\n<ul data-start=\"599\" data-end=\"1095\">\n<li data-start=\"599\" data-end=\"687\">\n<p data-start=\"601\" data-end=\"687\"><strong data-start=\"601\" data-end=\"617\">Puff-betyg:<\/strong> upp till <strong data-start=\"624\" data-end=\"634\">25,000<\/strong> (beroende p\u00e5 anv\u00e4ndning) - <strong data-start=\"655\" data-end=\"685\">25000 puffar eng\u00e5ngsvape<\/strong><\/p>\n<\/li>\n<li data-start=\"688\" data-end=\"725\">\n<p data-start=\"690\" data-end=\"725\"><strong data-start=\"690\" data-end=\"703\">E-v\u00e4tska:<\/strong> <strong data-start=\"704\" data-end=\"713\">32 ml<\/strong> f\u00f6rfylld<\/p>\n<\/li>\n<li data-start=\"726\" data-end=\"802\">\n<p data-start=\"728\" data-end=\"802\"><strong data-start=\"728\" data-end=\"740\">Batteri:<\/strong> <strong data-start=\"741\" data-end=\"752\">800 mAh<\/strong>; Typ-C snabbladdning (~20-30 minuter, typiskt)<\/p>\n<\/li>\n<li data-start=\"803\" data-end=\"872\">\n<p data-start=\"805\" data-end=\"872\"><strong data-start=\"805\" data-end=\"814\">Spole:<\/strong> n\u00e4tplattform f\u00f6r enhetlig aerosol- och smakretention<\/p>\n<\/li>\n<li data-start=\"873\" data-end=\"944\">\n<p data-start=\"875\" data-end=\"944\"><strong data-start=\"875\" data-end=\"885\">L\u00e4gen:<\/strong> <strong data-start=\"886\" data-end=\"907\">tv\u00e5 uppv\u00e4rmningsl\u00e4gen<\/strong> (fokuserad p\u00e5 smak \/ fokuserad p\u00e5 \u00e5nga)<\/p>\n<\/li>\n<li data-start=\"945\" data-end=\"1017\">\n<p data-start=\"947\" data-end=\"1017\"><strong data-start=\"947\" data-end=\"961\">Gr\u00e4nssnitt:<\/strong> Fullsk\u00e4rmsdisplay f\u00f6r batteri-, l\u00e4ges- och puffstatus<\/p>\n<\/li>\n<li data-start=\"1018\" data-end=\"1095\">\n<p data-start=\"1020\" data-end=\"1095\"><strong data-start=\"1020\" data-end=\"1043\">Nikotinstyrkor:<\/strong> <strong data-start=\"1044\" data-end=\"1060\">2% \/ 3% \/ 5%<\/strong> (tillg\u00e4nglighet per region och batch)<\/p>\n<\/li>\n<\/ul>\n<h2 data-start=\"1097\" data-end=\"1121\">Prestanda och kontroll<\/h2>\n<ul data-start=\"1122\" data-end=\"1441\">\n<li data-start=\"1122\" data-end=\"1226\">\n<p data-start=\"1124\" data-end=\"1226\"><strong data-start=\"1124\" data-end=\"1147\">Dual-mode drift<\/strong> g\u00f6r det m\u00f6jligt att snabbt v\u00e4lja mellan t\u00e4tare \u00e5nga eller klarare smak.<\/p>\n<\/li>\n<li data-start=\"1227\" data-end=\"1337\">\n<p data-start=\"1229\" data-end=\"1337\"><strong data-start=\"1229\" data-end=\"1242\">N\u00e4tspole<\/strong> f\u00f6rdelar v\u00e4rmen j\u00e4mnt f\u00f6r att begr\u00e4nsa torra tr\u00e4ffar och bevara smaken under hela enhetens livsl\u00e4ngd.<\/p>\n<\/li>\n<li data-start=\"1338\" data-end=\"1441\">\n<p data-start=\"1340\" data-end=\"1441\"><strong data-start=\"1340\" data-end=\"1360\">Energihantering<\/strong> med 800 mAh-cell och snabb Type-C-omvandling minskar stillest\u00e5ndstiden mellan sessionerna.<\/p>\n<\/li>\n<\/ul>\n<h2 data-start=\"1443\" data-end=\"1475\">Katalog \u00f6ver smaker (10 alternativ)<\/h2>\n<ul data-start=\"1476\" data-end=\"1706\">\n<li data-start=\"1476\" data-end=\"1500\">\n<p data-start=\"1478\" data-end=\"1500\">Blackberry Grape Ice<\/p>\n<\/li>\n<li data-start=\"1501\" data-end=\"1533\">\n<p data-start=\"1503\" data-end=\"1533\">Bl\u00e5b\u00e4r Hallon Lemonad<\/p>\n<\/li>\n<li data-start=\"1534\" data-end=\"1551\">\n<p data-start=\"1536\" data-end=\"1551\">Bl\u00e5b\u00e4rsis<\/p>\n<\/li>\n<li data-start=\"1552\" data-end=\"1570\">\n<p data-start=\"1554\" data-end=\"1570\">Energi Redbull<\/p>\n<\/li>\n<li data-start=\"1571\" data-end=\"1589\">\n<p data-start=\"1573\" data-end=\"1589\">Vattenmelon-is<\/p>\n<\/li>\n<li data-start=\"1590\" data-end=\"1615\">\n<p data-start=\"1592\" data-end=\"1615\">Jordgubbar Vattenmelon<\/p>\n<\/li>\n<li data-start=\"1616\" data-end=\"1636\">\n<p data-start=\"1618\" data-end=\"1636\">Blandade b\u00e4r och mint<\/p>\n<\/li>\n<li data-start=\"1637\" data-end=\"1663\">\n<p data-start=\"1639\" data-end=\"1663\">Persika Ananas Apelsin<\/p>\n<\/li>\n<li data-start=\"1664\" data-end=\"1691\">\n<p data-start=\"1666\" data-end=\"1691\">Jordgubb Mango Banan<\/p>\n<\/li>\n<li data-start=\"1692\" data-end=\"1706\">\n<p data-start=\"1694\" data-end=\"1706\">Citron K\u00f6rsb\u00e4r<\/p>\n<\/li>\n<\/ul>\n<h2 data-start=\"1708\" data-end=\"1723\">Vem passar den?<\/h2>\n<p data-start=\"1724\" data-end=\"1862\">Vuxna (18+) som s\u00f6ker en <strong data-start=\"1747\" data-end=\"1759\">25k vape<\/strong> med m\u00e4tbar uth\u00e5llighet, tydlig telemetri p\u00e5 enheten, snabb laddning och en fruktbetonad smakupps\u00e4ttning.<\/p>\n<p data-start=\"1864\" data-end=\"2136\" data-is-last-node=\"\" data-is-only-node=\"\"><strong data-start=\"1864\" data-end=\"1876\">Sammanfattning:<\/strong><br data-start=\"1876\" data-end=\"1879\" \/><strong data-start=\"1879\" data-end=\"1904\">HIFANCY REGNB\u00c5GE 25000<\/strong> integrerar kapacitet, gr\u00e4nssnittsklarhet och avst\u00e4mbar effekt i en kompakt eng\u00e5ngsl\u00f6sning. Som en trov\u00e4rdig <strong data-start=\"2002\" data-end=\"2019\">HIFANCY 25000<\/strong> alternativet inom <strong data-start=\"2038\" data-end=\"2056\">25k puffs vape<\/strong> segmentet ger det en balanserad strategi f\u00f6r l\u00e5ng livsl\u00e4ngd, bekv\u00e4mlighet och smak.<\/p>","protected":false},"excerpt":{"rendered":"<p data-start=\"56\" data-end=\"221\">HIFANCY RAINBOW 25000: 25k puffs, 32 mL, mesh-spole, 800 mAh Type-C, dubbla v\u00e4rmel\u00e4gen, fullsk\u00e4rmsdisplay. P\u00e5litlig 25k vape.<\/p>","protected":false},"featured_media":21506,"comment_status":"open","ping_status":"closed","template":"","meta":{"_acf_changed":false},"pwb-brand":[170],"product_brand":[],"product_cat":[57,84,93],"product_tag":[76],"class_list":{"0":"post-15352","1":"product","2":"type-product","3":"status-publish","4":"has-post-thumbnail","6":"pwb-brand-hifancy","7":"product_cat-disposable-vape","8":"product_cat-eu-warehouse-in-stock","9":"product_cat-rechargeable-vapes","10":"product_tag-puff-25k","12":"first","13":"instock","14":"shipping-taxable","15":"purchasable","16":"product-type-variable"},"acf":[],"yoast_head":"<!-- This site is optimized with the Yoast SEO Premium plugin v26.3 (Yoast SEO v26.3) - https:\/\/yoast.com\/wordpress\/plugins\/seo\/ -->\n<title>HIFANCY RAINBOW 25000 \u2014 25k Puffs Vape, Mesh, 32 mL, - EuVapen<\/title>\n<meta name=\"description\" content=\"HIFANCY RAINBOW 25000: up to 25,000 puffs, 32 mL prefill, mesh coil and 800 mAh Type-C. Dual heating modes and full-screen display; 2%\/3%\/5% nicotine. A dependable 25000 puff disposable vape.\" \/>\n<meta name=\"robots\" content=\"index, follow, max-snippet:-1, max-image-preview:large, max-video-preview:-1\" \/>\n<link rel=\"canonical\" href=\"https:\/\/euvapen.com\/sv\/product\/hifancy-regnbage-25000-puffar-engangs-vape\/\" \/>\n<meta property=\"og:locale\" content=\"sv_SE\" \/>\n<meta property=\"og:type\" content=\"article\" \/>\n<meta property=\"og:title\" content=\"Hifancy Rainbow 25000 Puffs\u00a0\u2013 Disposable Vape\" \/>\n<meta property=\"og:description\" content=\"HIFANCY RAINBOW 25000: up to 25,000 puffs, 32 mL prefill, mesh coil and 800 mAh Type-C. Dual heating modes and full-screen display; 2%\/3%\/5% nicotine. A dependable 25000 puff disposable vape.\" \/>\n<meta property=\"og:url\" content=\"https:\/\/euvapen.com\/sv\/product\/hifancy-regnbage-25000-puffar-engangs-vape\/\" \/>\n<meta property=\"og:site_name\" content=\"EuVapen\" \/>\n<meta property=\"article:modified_time\" content=\"2025-11-19T06:43:12+00:00\" \/>\n<meta property=\"og:image\" content=\"https:\/\/euvapen.com\/wp-content\/uploads\/2025\/11\/Hifancy-Rainbow-25000-Disposable-Vape-25K-Puffs-32ML-EU-Warehouse-2.webp\" \/>\n\t<meta property=\"og:image:width\" content=\"800\" \/>\n\t<meta property=\"og:image:height\" content=\"800\" \/>\n\t<meta property=\"og:image:type\" content=\"image\/webp\" \/>\n<meta name=\"twitter:card\" content=\"summary_large_image\" \/>\n<meta name=\"twitter:label1\" content=\"Tillg\u00e4nglig\" \/>\n\t<meta name=\"twitter:data1\" content=\"I lager\" \/>\n<script type=\"application\/ld+json\" class=\"yoast-schema-graph\">{\"@context\":\"https:\/\/schema.org\",\"@graph\":[{\"@type\":\"WebPage\",\"@id\":\"https:\/\/euvapen.com\/product\/hifancy-rainbow-25000-puffs-disposable-vape\/\",\"url\":\"https:\/\/euvapen.com\/product\/hifancy-rainbow-25000-puffs-disposable-vape\/\",\"name\":\"HIFANCY RAINBOW 25000 \u2014 25k Puffs Vape, Mesh, 32 mL, - EuVapen\",\"isPartOf\":{\"@id\":\"https:\/\/euvapen.com\/#website\"},\"primaryImageOfPage\":{\"@id\":\"https:\/\/euvapen.com\/product\/hifancy-rainbow-25000-puffs-disposable-vape\/#primaryimage\"},\"image\":{\"@id\":\"https:\/\/euvapen.com\/product\/hifancy-rainbow-25000-puffs-disposable-vape\/#primaryimage\"},\"thumbnailUrl\":\"https:\/\/euvapen.com\/wp-content\/uploads\/2025\/11\/Hifancy-Rainbow-25000-Disposable-Vape-25K-Puffs-32ML-EU-Warehouse-2.webp\",\"datePublished\":\"2025-11-06T10:13:50+00:00\",\"dateModified\":\"2025-11-19T06:43:12+00:00\",\"description\":\"HIFANCY RAINBOW 25000: up to 25,000 puffs, 32 mL prefill, mesh coil and 800 mAh Type-C. Dual heating modes and full-screen display; 2%\/3%\/5% nicotine. A dependable 25000 puff disposable vape.\",\"breadcrumb\":{\"@id\":\"https:\/\/euvapen.com\/product\/hifancy-rainbow-25000-puffs-disposable-vape\/#breadcrumb\"},\"inLanguage\":\"sv-SE\",\"potentialAction\":[{\"@type\":\"ReadAction\",\"target\":[\"https:\/\/euvapen.com\/product\/hifancy-rainbow-25000-puffs-disposable-vape\/\"]}]},{\"@type\":\"ImageObject\",\"inLanguage\":\"sv-SE\",\"@id\":\"https:\/\/euvapen.com\/product\/hifancy-rainbow-25000-puffs-disposable-vape\/#primaryimage\",\"url\":\"https:\/\/euvapen.com\/wp-content\/uploads\/2025\/11\/Hifancy-Rainbow-25000-Disposable-Vape-25K-Puffs-32ML-EU-Warehouse-2.webp\",\"contentUrl\":\"https:\/\/euvapen.com\/wp-content\/uploads\/2025\/11\/Hifancy-Rainbow-25000-Disposable-Vape-25K-Puffs-32ML-EU-Warehouse-2.webp\",\"width\":800,\"height\":800,\"caption\":\"Hifancy Rainbow 25000 Disposable Vape 25K Puffs 32ML EU Warehouse #2\"},{\"@type\":\"BreadcrumbList\",\"@id\":\"https:\/\/euvapen.com\/product\/hifancy-rainbow-25000-puffs-disposable-vape\/#breadcrumb\",\"itemListElement\":[{\"@type\":\"ListItem\",\"position\":1,\"name\":\"Home\",\"item\":\"https:\/\/euvapen.com\/\"},{\"@type\":\"ListItem\",\"position\":2,\"name\":\"Shop\",\"item\":\"https:\/\/euvapen.com\/shop\/\"},{\"@type\":\"ListItem\",\"position\":3,\"name\":\"Hifancy Rainbow 25000 Puffs\u00a0\u2013 Disposable Vape\"}]},{\"@type\":\"WebSite\",\"@id\":\"https:\/\/euvapen.com\/#website\",\"url\":\"https:\/\/euvapen.com\/\",\"name\":\"bestpuffvape\",\"description\":\"\",\"publisher\":{\"@id\":\"https:\/\/euvapen.com\/#organization\"},\"potentialAction\":[{\"@type\":\"SearchAction\",\"target\":{\"@type\":\"EntryPoint\",\"urlTemplate\":\"https:\/\/euvapen.com\/?s={search_term_string}\"},\"query-input\":{\"@type\":\"PropertyValueSpecification\",\"valueRequired\":true,\"valueName\":\"search_term_string\"}}],\"inLanguage\":\"sv-SE\"},{\"@type\":[\"Organization\",\"Place\"],\"@id\":\"https:\/\/euvapen.com\/#organization\",\"name\":\"bestpuffvape\",\"alternateName\":\"bestpuffvape\",\"url\":\"https:\/\/euvapen.com\/\",\"logo\":{\"@id\":\"https:\/\/euvapen.com\/product\/hifancy-rainbow-25000-puffs-disposable-vape\/#local-main-organization-logo\"},\"image\":{\"@id\":\"https:\/\/euvapen.com\/product\/hifancy-rainbow-25000-puffs-disposable-vape\/#local-main-organization-logo\"},\"telephone\":[],\"openingHoursSpecification\":[{\"@type\":\"OpeningHoursSpecification\",\"dayOfWeek\":[\"Monday\",\"Tuesday\",\"Wednesday\",\"Thursday\",\"Friday\",\"Saturday\",\"Sunday\"],\"opens\":\"00:00\",\"closes\":\"23:59\"}]},{\"@type\":\"ImageObject\",\"inLanguage\":\"sv-SE\",\"@id\":\"https:\/\/euvapen.com\/product\/hifancy-rainbow-25000-puffs-disposable-vape\/#local-main-organization-logo\",\"url\":\"https:\/\/euvapen.com\/wp-content\/uploads\/2025\/10\/cropped-puffvape-logo.png\",\"contentUrl\":\"https:\/\/euvapen.com\/wp-content\/uploads\/2025\/10\/cropped-puffvape-logo.png\",\"width\":512,\"height\":512,\"caption\":\"bestpuffvape\"}]}<\/script>\n<meta property=\"og:availability\" content=\"instock\" \/>\n<meta property=\"product:availability\" content=\"instock\" \/>\n<meta property=\"product:retailer_item_id\" content=\"Hifancy-Rainbow-25k\" \/>\n<meta property=\"product:condition\" content=\"new\" \/>\n<!-- \/ Yoast SEO Premium plugin. -->","yoast_head_json":{"title":"HIFANCY RAINBOW 25000 \u2014 25k Puffs Vape, Mesh, 32 mL, - EuVapen","description":"HIFANCY RAINBOW 25000: upp till 25 000 puffar, 32 ml f\u00f6rfyllning, mesh-spole och 800 mAh Type-C. Dubbla v\u00e4rmel\u00e4gen och fullsk\u00e4rmsdisplay; 2%\/3%\/5% nikotin. En p\u00e5litlig 25000 puffar eng\u00e5ngs vape.","robots":{"index":"index","follow":"follow","max-snippet":"max-snippet:-1","max-image-preview":"max-image-preview:large","max-video-preview":"max-video-preview:-1"},"canonical":"https:\/\/euvapen.com\/sv\/product\/hifancy-regnbage-25000-puffar-engangs-vape\/","og_locale":"sv_SE","og_type":"article","og_title":"Hifancy Rainbow 25000 Puffs\u00a0\u2013 Disposable Vape","og_description":"HIFANCY RAINBOW 25000: up to 25,000 puffs, 32 mL prefill, mesh coil and 800 mAh Type-C. Dual heating modes and full-screen display; 2%\/3%\/5% nicotine. A dependable 25000 puff disposable vape.","og_url":"https:\/\/euvapen.com\/sv\/product\/hifancy-regnbage-25000-puffar-engangs-vape\/","og_site_name":"EuVapen","article_modified_time":"2025-11-19T06:43:12+00:00","og_image":[{"width":800,"height":800,"url":"https:\/\/euvapen.com\/wp-content\/uploads\/2025\/11\/Hifancy-Rainbow-25000-Disposable-Vape-25K-Puffs-32ML-EU-Warehouse-2.webp","type":"image\/webp"}],"twitter_card":"summary_large_image","twitter_misc":{"Tillg\u00e4nglig":"I lager"},"schema":{"@context":"https:\/\/schema.org","@graph":[{"@type":"WebPage","@id":"https:\/\/euvapen.com\/product\/hifancy-rainbow-25000-puffs-disposable-vape\/","url":"https:\/\/euvapen.com\/product\/hifancy-rainbow-25000-puffs-disposable-vape\/","name":"HIFANCY RAINBOW 25000 \u2014 25k Puffs Vape, Mesh, 32 mL, - EuVapen","isPartOf":{"@id":"https:\/\/euvapen.com\/#website"},"primaryImageOfPage":{"@id":"https:\/\/euvapen.com\/product\/hifancy-rainbow-25000-puffs-disposable-vape\/#primaryimage"},"image":{"@id":"https:\/\/euvapen.com\/product\/hifancy-rainbow-25000-puffs-disposable-vape\/#primaryimage"},"thumbnailUrl":"https:\/\/euvapen.com\/wp-content\/uploads\/2025\/11\/Hifancy-Rainbow-25000-Disposable-Vape-25K-Puffs-32ML-EU-Warehouse-2.webp","datePublished":"2025-11-06T10:13:50+00:00","dateModified":"2025-11-19T06:43:12+00:00","description":"HIFANCY RAINBOW 25000: upp till 25 000 puffar, 32 ml f\u00f6rfyllning, mesh-spole och 800 mAh Type-C. Dubbla v\u00e4rmel\u00e4gen och fullsk\u00e4rmsdisplay; 2%\/3%\/5% nikotin. En p\u00e5litlig 25000 puffar eng\u00e5ngs vape.","breadcrumb":{"@id":"https:\/\/euvapen.com\/product\/hifancy-rainbow-25000-puffs-disposable-vape\/#breadcrumb"},"inLanguage":"sv-SE","potentialAction":[{"@type":"ReadAction","target":["https:\/\/euvapen.com\/product\/hifancy-rainbow-25000-puffs-disposable-vape\/"]}]},{"@type":"ImageObject","inLanguage":"sv-SE","@id":"https:\/\/euvapen.com\/product\/hifancy-rainbow-25000-puffs-disposable-vape\/#primaryimage","url":"https:\/\/euvapen.com\/wp-content\/uploads\/2025\/11\/Hifancy-Rainbow-25000-Disposable-Vape-25K-Puffs-32ML-EU-Warehouse-2.webp","contentUrl":"https:\/\/euvapen.com\/wp-content\/uploads\/2025\/11\/Hifancy-Rainbow-25000-Disposable-Vape-25K-Puffs-32ML-EU-Warehouse-2.webp","width":800,"height":800,"caption":"Hifancy Rainbow 25000 Disposable Vape 25K Puffs 32ML EU Warehouse #2"},{"@type":"BreadcrumbList","@id":"https:\/\/euvapen.com\/product\/hifancy-rainbow-25000-puffs-disposable-vape\/#breadcrumb","itemListElement":[{"@type":"ListItem","position":1,"name":"Home","item":"https:\/\/euvapen.com\/"},{"@type":"ListItem","position":2,"name":"Shop","item":"https:\/\/euvapen.com\/shop\/"},{"@type":"ListItem","position":3,"name":"Hifancy Rainbow 25000 Puffs\u00a0\u2013 Disposable Vape"}]},{"@type":"WebSite","@id":"https:\/\/euvapen.com\/#website","url":"https:\/\/euvapen.com\/","name":"b\u00e4stapuffvape","description":"","publisher":{"@id":"https:\/\/euvapen.com\/#organization"},"potentialAction":[{"@type":"SearchAction","target":{"@type":"EntryPoint","urlTemplate":"https:\/\/euvapen.com\/?s={search_term_string}"},"query-input":{"@type":"PropertyValueSpecification","valueRequired":true,"valueName":"search_term_string"}}],"inLanguage":"sv-SE"},{"@type":["Organization","Place"],"@id":"https:\/\/euvapen.com\/#organization","name":"b\u00e4stapuffvape","alternateName":"bestpuffvape","url":"https:\/\/euvapen.com\/","logo":{"@id":"https:\/\/euvapen.com\/product\/hifancy-rainbow-25000-puffs-disposable-vape\/#local-main-organization-logo"},"image":{"@id":"https:\/\/euvapen.com\/product\/hifancy-rainbow-25000-puffs-disposable-vape\/#local-main-organization-logo"},"telephone":[],"openingHoursSpecification":[{"@type":"OpeningHoursSpecification","dayOfWeek":["Monday","Tuesday","Wednesday","Thursday","Friday","Saturday","Sunday"],"opens":"00:00","closes":"23:59"}]},{"@type":"ImageObject","inLanguage":"sv-SE","@id":"https:\/\/euvapen.com\/product\/hifancy-rainbow-25000-puffs-disposable-vape\/#local-main-organization-logo","url":"https:\/\/euvapen.com\/wp-content\/uploads\/2025\/10\/cropped-puffvape-logo.png","contentUrl":"https:\/\/euvapen.com\/wp-content\/uploads\/2025\/10\/cropped-puffvape-logo.png","width":512,"height":512,"caption":"bestpuffvape"}]},"og_availability":"instock","product_availability":"instock","product_retailer_item_id":"Hifancy-Rainbow-25k","product_condition":"new"},"brands":[{"id":170,"name":"Hifancy","slug":"hifancy"}],"tiered_pricing_type":"fixed","tiered_pricing_fixed_rules":{"30":"11.5","50":"10.5","100":"9.2","200":"8.9"},"tiered_pricing_product_settings":{"layout":"default","base_unit_name":{"singular":null,"plural":null},"default_variation":{}},"tiered_pricing_minimum_quantity":null,"tiered_pricing_roles_data":[],"tiered_pricing_percentage_rules":[],"tiered_pricing_maximum_quantity":null,"tiered_pricing_quantity_step":null,"_links":{"self":[{"href":"https:\/\/euvapen.com\/sv\/wp-json\/wp\/v2\/product\/15352","targetHints":{"allow":["GET"]}}],"collection":[{"href":"https:\/\/euvapen.com\/sv\/wp-json\/wp\/v2\/product"}],"about":[{"href":"https:\/\/euvapen.com\/sv\/wp-json\/wp\/v2\/types\/product"}],"replies":[{"embeddable":true,"href":"https:\/\/euvapen.com\/sv\/wp-json\/wp\/v2\/comments?post=15352"}],"wp:featuredmedia":[{"embeddable":true,"href":"https:\/\/euvapen.com\/sv\/wp-json\/wp\/v2\/media\/21506"}],"wp:attachment":[{"href":"https:\/\/euvapen.com\/sv\/wp-json\/wp\/v2\/media?parent=15352"}],"wp:term":[{"taxonomy":"pwb-brand","embeddable":true,"href":"https:\/\/euvapen.com\/sv\/wp-json\/wp\/v2\/pwb-brand?post=15352"},{"taxonomy":"product_brand","embeddable":true,"href":"https:\/\/euvapen.com\/sv\/wp-json\/wp\/v2\/product_brand?post=15352"},{"taxonomy":"product_cat","embeddable":true,"href":"https:\/\/euvapen.com\/sv\/wp-json\/wp\/v2\/product_cat?post=15352"},{"taxonomy":"product_tag","embeddable":true,"href":"https:\/\/euvapen.com\/sv\/wp-json\/wp\/v2\/product_tag?post=15352"}],"curies":[{"name":"wp","href":"https:\/\/api.w.org\/{rel}","templated":true}]}}