{"id":15355,"date":"2025-11-07T08:36:36","date_gmt":"2025-11-07T08:36:36","guid":{"rendered":"https:\/\/euvapen.com\/?post_type=product&#038;p=15355"},"modified":"2025-11-19T06:46:21","modified_gmt":"2025-11-19T06:46:21","slug":"hifancy-tvillingar-35000-puffar-engangs-vape","status":"publish","type":"product","link":"https:\/\/euvapen.com\/sv\/product\/hifancy-tvillingar-35000-puffar-engangs-vape\/","title":{"rendered":"Hifancy Twins 35000 Puffs\u00a0\u2013 Disposable Vape"},"content":{"rendered":"<article class=\"text-token-text-primary w-full focus:outline-none [--shadow-height:45px] has-data-writing-block:pointer-events-none has-data-writing-block:-mt-(--shadow-height) has-data-writing-block:pt-(--shadow-height) [&amp;:has([data-writing-block])&gt;*]:pointer-events-auto [content-visibility:auto] supports-[content-visibility:auto]:[contain-intrinsic-size:auto_100lvh] scroll-mt-[calc(var(--header-height)+min(200px,max(70px,20svh)))]\" dir=\"auto\" tabindex=\"-1\" data-turn-id=\"request-68ef3f6a-b124-8321-95c0-2e44d1a5ddd8-3\" data-testid=\"conversation-turn-152\" data-scroll-anchor=\"true\" data-turn=\"assistant\">\n<div class=\"text-base my-auto mx-auto pb-10 [--thread-content-margin:--spacing(4)] thread-sm:[--thread-content-margin:--spacing(6)] thread-lg:[--thread-content-margin:--spacing(16)] px-(--thread-content-margin)\">\n<div class=\"[--thread-content-max-width:40rem] thread-lg:[--thread-content-max-width:48rem] mx-auto max-w-(--thread-content-max-width) flex-1 group\/turn-messages focus-visible:outline-hidden relative flex w-full min-w-0 flex-col agent-turn\" tabindex=\"-1\">\n<div class=\"flex max-w-full flex-col grow\">\n<div class=\"min-h-8 text-message relative flex w-full flex-col items-end gap-2 text-start break-words whitespace-normal [.text-message+&amp;]:mt-1\" dir=\"auto\" data-message-author-role=\"assistant\" data-message-id=\"83b5179f-c14c-415b-a27a-013b5271c0cb\" data-message-model-slug=\"gpt-5-thinking\">\n<div class=\"flex w-full flex-col gap-1 empty:hidden first:pt-[1px]\">\n<div class=\"markdown prose dark:prose-invert w-full break-words light markdown-new-styling\">\n<h1 data-start=\"245\" data-end=\"307\">HIFANCY TWINS 35000 - Dual-Tank 35k Vape med Mesh Precision<\/h1>\n<p data-start=\"309\" data-end=\"647\">Den <strong data-start=\"313\" data-end=\"336\">HIFANCY TVILLINGAR 35000<\/strong> avancerar eng\u00e5ngsbruk med l\u00e5ng cykel med en dubbeltankslayout och mesh-atomisering utformad f\u00f6r smakseparation och stabil produktion. Placerad inom <strong data-start=\"487\" data-end=\"502\">HIFANCY 35k<\/strong> klass, denna <strong data-start=\"515\" data-end=\"532\">35k puff vape<\/strong> \u00e4r klassad f\u00f6r upp till 35 000 puffar och bibeh\u00e5ller klarheten i tv\u00e5 oberoende smakreservoarer f\u00f6re aktivering.<\/p>\n<h2 data-start=\"649\" data-end=\"665\">Hifancy Twins 35000 k\u00e4rnplattform<\/h2>\n<ul data-start=\"666\" data-end=\"1259\">\n<li data-start=\"666\" data-end=\"811\">\n<p data-start=\"668\" data-end=\"811\"><strong data-start=\"668\" data-end=\"702\">Dubbel tank, oljek\u00e4rnseparation<\/strong>: tv\u00e5 f\u00f6rinst\u00e4llda smaker f\u00f6rblir distinkta tills de v\u00e4ljs, vilket minskar cross-over och bevarar profilintegriteten.<\/p>\n<\/li>\n<li data-start=\"812\" data-end=\"930\">\n<p data-start=\"814\" data-end=\"930\"><strong data-start=\"814\" data-end=\"827\">N\u00e4tspole<\/strong>: j\u00e4mn v\u00e4rmef\u00f6rdelning f\u00f6r konsekvent aerosoldensitet och repeterbar smak fr\u00e5n f\u00f6rsta till sista dragningen.<\/p>\n<\/li>\n<li data-start=\"931\" data-end=\"1030\">\n<p data-start=\"933\" data-end=\"1030\"><strong data-start=\"933\" data-end=\"949\">Kraftsystem<\/strong>: 650 mAh-cell med Typ-C-laddning (~30 minuter typiskt) f\u00f6r att minimera driftstopp.<\/p>\n<\/li>\n<li data-start=\"1031\" data-end=\"1143\">\n<p data-start=\"1033\" data-end=\"1143\"><strong data-start=\"1033\" data-end=\"1057\">Kapacitet &amp; styrkor<\/strong>: ca 35 mL f\u00f6rfylld; nikotin 2% \/ 3% \/ 5% (tillg\u00e4nglighet beroende p\u00e5 region och parti).<\/p>\n<\/li>\n<li data-start=\"1144\" data-end=\"1259\">\n<p data-start=\"1146\" data-end=\"1259\"><strong data-start=\"1146\" data-end=\"1156\">Format<\/strong>: f\u00f6rseglad, dragaktiverad, icke-variabel utg\u00e5ng - en tillf\u00f6rlitlig <strong data-start=\"1215\" data-end=\"1245\">35000 puff eng\u00e5ngs vape<\/strong> arkitektur.<\/p>\n<\/li>\n<\/ul>\n<h2 data-start=\"1261\" data-end=\"1283\">Koppling och styrning<\/h2>\n<p data-start=\"1284\" data-end=\"1502\">En enkel mekanisk omkopplare v\u00e4ljer endera tanken p\u00e5 beg\u00e4ran, vilket m\u00f6jligg\u00f6r omedelbar smakf\u00f6r\u00e4ndring utan att hantera flera enheter. Designen st\u00f6der rutinm\u00e4ssig, daglig anv\u00e4ndning d\u00e4r b\u00e5de variation och kontinuitet kr\u00e4vs.<\/p>\n<h2 data-start=\"1504\" data-end=\"1548\">Hifancy Twins 35000 Curated Dual-Flavour Pairings (urval)<\/h2>\n<ul data-start=\"1549\" data-end=\"1903\">\n<li data-start=\"1549\" data-end=\"1582\">\n<p data-start=\"1551\" data-end=\"1582\">Citron Lime &amp; Bj\u00f6rnb\u00e4r Druva<\/p>\n<\/li>\n<li data-start=\"1583\" data-end=\"1632\">\n<p data-start=\"1585\" data-end=\"1632\">Raspberry Cherry Ice &amp; Peach Mango Watermelon<\/p>\n<\/li>\n<li data-start=\"1633\" data-end=\"1663\">\n<p data-start=\"1635\" data-end=\"1663\">Jordgubb Kiwi &amp; Cola Ice<\/p>\n<\/li>\n<li data-start=\"1664\" data-end=\"1704\">\n<p data-start=\"1666\" data-end=\"1704\">Bl\u00e5b\u00e4rsis &amp; apelsinpassionsfrukt<\/p>\n<\/li>\n<li data-start=\"1705\" data-end=\"1743\">\n<p data-start=\"1707\" data-end=\"1743\">Jordgubb Vattenmelon &amp; Surt \u00e4pple<\/p>\n<\/li>\n<li data-start=\"1744\" data-end=\"1783\">\n<p data-start=\"1746\" data-end=\"1783\">Vattenmelon Ice &amp; Blue Razz Lemonade<\/p>\n<\/li>\n<li data-start=\"1784\" data-end=\"1815\">\n<p data-start=\"1786\" data-end=\"1815\">Bananis &amp; Energi Redbull<\/p>\n<\/li>\n<li data-start=\"1816\" data-end=\"1844\">\n<p data-start=\"1818\" data-end=\"1844\">Skittles &amp; Blandade b\u00e4r<\/p>\n<\/li>\n<li data-start=\"1845\" data-end=\"1869\">\n<p data-start=\"1847\" data-end=\"1869\">Mamba &amp; Triple Melon<\/p>\n<\/li>\n<li data-start=\"1870\" data-end=\"1903\">\n<p data-start=\"1872\" data-end=\"1903\">Vaniljglass &amp; Fizz Cherry<\/p>\n<\/li>\n<\/ul>\n<h2 data-start=\"1905\" data-end=\"1920\">Vem passar den?<\/h2>\n<p data-start=\"1921\" data-end=\"2087\">Vuxna (18+) som vill ha en <strong data-start=\"1945\" data-end=\"1957\">35k vape<\/strong> med l\u00e5ng drifttid, val av smak p\u00e5 enheten och stadig leverans av mesh-coil, utan underh\u00e5llsb\u00f6rdan fr\u00e5n p\u00e5fyllningsbara system.<\/p>\n<h2 data-start=\"2089\" data-end=\"2099\">Sammanfattning<\/h2>\n<p data-start=\"2100\" data-end=\"2446\" data-is-last-node=\"\" data-is-only-node=\"\">Genom att kombinera smakintegritet, snabb Type-C-omvandling och en reservoar med h\u00f6g kapacitet, <strong data-start=\"2188\" data-end=\"2211\">HIFANCY TVILLINGAR 35000<\/strong> s\u00e4tter en tydlig standard f\u00f6r eng\u00e5ngsartiklar med dubbla smaker. Som ett av flaggskeppen i <strong data-start=\"2292\" data-end=\"2307\">HIFANCY 35k<\/strong> segment - och ett trov\u00e4rdigt <strong data-start=\"2331\" data-end=\"2348\">35k puff vape<\/strong>-levererar den h\u00e5llbarhet och m\u00e5ngsidighet som f\u00f6rv\u00e4ntas av en modern <strong data-start=\"2415\" data-end=\"2445\">35000 puff eng\u00e5ngs vape<\/strong>.<\/p>\n<\/div>\n<\/div>\n<\/div>\n<\/div>\n<\/div>\n<\/div>\n<\/article>","protected":false},"excerpt":{"rendered":"<p data-start=\"54\" data-end=\"233\">HIFANCY TWINS 35000: dual-tank 35k vape med mesh coil, 35 mL, 650 mAh Type-C (~30 min). V\u00e4xlingsbara smaker; p\u00e5litlig prestanda under l\u00e5ng tid.<\/p>","protected":false},"featured_media":21538,"comment_status":"open","ping_status":"closed","template":"","meta":{"_acf_changed":false},"pwb-brand":[170],"product_brand":[],"product_cat":[88,89,84,93],"product_tag":[70],"class_list":{"0":"post-15355","1":"product","2":"type-product","3":"status-publish","4":"has-post-thumbnail","6":"pwb-brand-hifancy","7":"product_cat-crystal-vape","8":"product_cat-double-tank","9":"product_cat-eu-warehouse-in-stock","10":"product_cat-rechargeable-vapes","11":"product_tag-puff-40k","13":"first","14":"instock","15":"shipping-taxable","16":"purchasable","17":"product-type-variable"},"acf":[],"yoast_head":"<!-- This site is optimized with the Yoast SEO Premium plugin v26.3 (Yoast SEO v26.3) - https:\/\/yoast.com\/wordpress\/plugins\/seo\/ -->\n<title>HIFANCY TWINS 35000 \u2014 Dual-Tank 35k Puff Vape, Mesh, - EuVapen<\/title>\n<meta name=\"description\" content=\"Explore HIFANCY TWINS 35000: a dual-tank 35k puff vape with mesh coil, 35 mL prefill, and 650 mAh Type-C (~30 min). Switch flavors instantly and enjoy stable output\u2014 a standout 35000 puff disposable vape in the HIFANCY 35k class.\" \/>\n<meta name=\"robots\" content=\"index, follow, max-snippet:-1, max-image-preview:large, max-video-preview:-1\" \/>\n<link rel=\"canonical\" href=\"https:\/\/euvapen.com\/sv\/product\/hifancy-tvillingar-35000-puffar-engangs-vape\/\" \/>\n<meta property=\"og:locale\" content=\"sv_SE\" \/>\n<meta property=\"og:type\" content=\"article\" \/>\n<meta property=\"og:title\" content=\"Hifancy Twins 35000 Puffs\u00a0\u2013 Disposable Vape\" \/>\n<meta property=\"og:description\" content=\"Explore HIFANCY TWINS 35000: a dual-tank 35k puff vape with mesh coil, 35 mL prefill, and 650 mAh Type-C (~30 min). Switch flavors instantly and enjoy stable output\u2014 a standout 35000 puff disposable vape in the HIFANCY 35k class.\" \/>\n<meta property=\"og:url\" content=\"https:\/\/euvapen.com\/sv\/product\/hifancy-tvillingar-35000-puffar-engangs-vape\/\" \/>\n<meta property=\"og:site_name\" content=\"EuVapen\" \/>\n<meta property=\"article:modified_time\" content=\"2025-11-19T06:46:21+00:00\" \/>\n<meta property=\"og:image\" content=\"https:\/\/euvapen.com\/wp-content\/uploads\/2025\/11\/Hifancy-Twins-35000-Disposable-Vape-35K-Puffs-Double-Tank-EU-Warehouse.webp\" \/>\n\t<meta property=\"og:image:width\" content=\"1000\" \/>\n\t<meta property=\"og:image:height\" content=\"1000\" \/>\n\t<meta property=\"og:image:type\" content=\"image\/webp\" \/>\n<meta name=\"twitter:card\" content=\"summary_large_image\" \/>\n<meta name=\"twitter:label1\" content=\"Tillg\u00e4nglig\" \/>\n\t<meta name=\"twitter:data1\" content=\"I lager\" \/>\n<script type=\"application\/ld+json\" class=\"yoast-schema-graph\">{\"@context\":\"https:\/\/schema.org\",\"@graph\":[{\"@type\":\"WebPage\",\"@id\":\"https:\/\/euvapen.com\/product\/hifancy-twins-35000-puffs-disposable-vape\/\",\"url\":\"https:\/\/euvapen.com\/product\/hifancy-twins-35000-puffs-disposable-vape\/\",\"name\":\"HIFANCY TWINS 35000 \u2014 Dual-Tank 35k Puff Vape, Mesh, - EuVapen\",\"isPartOf\":{\"@id\":\"https:\/\/euvapen.com\/#website\"},\"primaryImageOfPage\":{\"@id\":\"https:\/\/euvapen.com\/product\/hifancy-twins-35000-puffs-disposable-vape\/#primaryimage\"},\"image\":{\"@id\":\"https:\/\/euvapen.com\/product\/hifancy-twins-35000-puffs-disposable-vape\/#primaryimage\"},\"thumbnailUrl\":\"https:\/\/euvapen.com\/wp-content\/uploads\/2025\/11\/Hifancy-Twins-35000-Disposable-Vape-35K-Puffs-Double-Tank-EU-Warehouse.webp\",\"datePublished\":\"2025-11-07T08:36:36+00:00\",\"dateModified\":\"2025-11-19T06:46:21+00:00\",\"description\":\"Explore HIFANCY TWINS 35000: a dual-tank 35k puff vape with mesh coil, 35 mL prefill, and 650 mAh Type-C (~30 min). Switch flavors instantly and enjoy stable output\u2014 a standout 35000 puff disposable vape in the HIFANCY 35k class.\",\"breadcrumb\":{\"@id\":\"https:\/\/euvapen.com\/product\/hifancy-twins-35000-puffs-disposable-vape\/#breadcrumb\"},\"inLanguage\":\"sv-SE\",\"potentialAction\":[{\"@type\":\"ReadAction\",\"target\":[\"https:\/\/euvapen.com\/product\/hifancy-twins-35000-puffs-disposable-vape\/\"]}]},{\"@type\":\"ImageObject\",\"inLanguage\":\"sv-SE\",\"@id\":\"https:\/\/euvapen.com\/product\/hifancy-twins-35000-puffs-disposable-vape\/#primaryimage\",\"url\":\"https:\/\/euvapen.com\/wp-content\/uploads\/2025\/11\/Hifancy-Twins-35000-Disposable-Vape-35K-Puffs-Double-Tank-EU-Warehouse.webp\",\"contentUrl\":\"https:\/\/euvapen.com\/wp-content\/uploads\/2025\/11\/Hifancy-Twins-35000-Disposable-Vape-35K-Puffs-Double-Tank-EU-Warehouse.webp\",\"width\":1000,\"height\":1000,\"caption\":\"Hifancy Twins 35000 Disposable Vape 35K Puffs Double Tank EU Warehouse\"},{\"@type\":\"BreadcrumbList\",\"@id\":\"https:\/\/euvapen.com\/product\/hifancy-twins-35000-puffs-disposable-vape\/#breadcrumb\",\"itemListElement\":[{\"@type\":\"ListItem\",\"position\":1,\"name\":\"Home\",\"item\":\"https:\/\/euvapen.com\/\"},{\"@type\":\"ListItem\",\"position\":2,\"name\":\"Shop\",\"item\":\"https:\/\/euvapen.com\/shop\/\"},{\"@type\":\"ListItem\",\"position\":3,\"name\":\"Hifancy Twins 35000 Puffs\u00a0\u2013 Disposable Vape\"}]},{\"@type\":\"WebSite\",\"@id\":\"https:\/\/euvapen.com\/#website\",\"url\":\"https:\/\/euvapen.com\/\",\"name\":\"bestpuffvape\",\"description\":\"\",\"publisher\":{\"@id\":\"https:\/\/euvapen.com\/#organization\"},\"potentialAction\":[{\"@type\":\"SearchAction\",\"target\":{\"@type\":\"EntryPoint\",\"urlTemplate\":\"https:\/\/euvapen.com\/?s={search_term_string}\"},\"query-input\":{\"@type\":\"PropertyValueSpecification\",\"valueRequired\":true,\"valueName\":\"search_term_string\"}}],\"inLanguage\":\"sv-SE\"},{\"@type\":[\"Organization\",\"Place\"],\"@id\":\"https:\/\/euvapen.com\/#organization\",\"name\":\"bestpuffvape\",\"alternateName\":\"bestpuffvape\",\"url\":\"https:\/\/euvapen.com\/\",\"logo\":{\"@id\":\"https:\/\/euvapen.com\/product\/hifancy-twins-35000-puffs-disposable-vape\/#local-main-organization-logo\"},\"image\":{\"@id\":\"https:\/\/euvapen.com\/product\/hifancy-twins-35000-puffs-disposable-vape\/#local-main-organization-logo\"},\"telephone\":[],\"openingHoursSpecification\":[{\"@type\":\"OpeningHoursSpecification\",\"dayOfWeek\":[\"Monday\",\"Tuesday\",\"Wednesday\",\"Thursday\",\"Friday\",\"Saturday\",\"Sunday\"],\"opens\":\"00:00\",\"closes\":\"23:59\"}]},{\"@type\":\"ImageObject\",\"inLanguage\":\"sv-SE\",\"@id\":\"https:\/\/euvapen.com\/product\/hifancy-twins-35000-puffs-disposable-vape\/#local-main-organization-logo\",\"url\":\"https:\/\/euvapen.com\/wp-content\/uploads\/2025\/10\/cropped-puffvape-logo.png\",\"contentUrl\":\"https:\/\/euvapen.com\/wp-content\/uploads\/2025\/10\/cropped-puffvape-logo.png\",\"width\":512,\"height\":512,\"caption\":\"bestpuffvape\"}]}<\/script>\n<meta property=\"og:availability\" content=\"instock\" \/>\n<meta property=\"product:availability\" content=\"instock\" \/>\n<meta property=\"product:retailer_item_id\" content=\"Hifancy-Twins-35k\" \/>\n<meta property=\"product:condition\" content=\"new\" \/>\n<!-- \/ Yoast SEO Premium plugin. -->","yoast_head_json":{"title":"HIFANCY TWINS 35000 \u2014 Dual-Tank 35k Puff Vape, Mesh, - EuVapen","description":"Utforska HIFANCY TWINS 35000: en dubbeltank 35k puff vape med mesh coil, 35 mL prefill och 650 mAh Type-C (~30 min). Byt smak direkt och njut av stabil uteffekt - en enast\u00e5ende 35000 puffar eng\u00e5ngsvape i HIFANCY 35k-klassen.","robots":{"index":"index","follow":"follow","max-snippet":"max-snippet:-1","max-image-preview":"max-image-preview:large","max-video-preview":"max-video-preview:-1"},"canonical":"https:\/\/euvapen.com\/sv\/product\/hifancy-tvillingar-35000-puffar-engangs-vape\/","og_locale":"sv_SE","og_type":"article","og_title":"Hifancy Twins 35000 Puffs\u00a0\u2013 Disposable Vape","og_description":"Explore HIFANCY TWINS 35000: a dual-tank 35k puff vape with mesh coil, 35 mL prefill, and 650 mAh Type-C (~30 min). Switch flavors instantly and enjoy stable output\u2014 a standout 35000 puff disposable vape in the HIFANCY 35k class.","og_url":"https:\/\/euvapen.com\/sv\/product\/hifancy-tvillingar-35000-puffar-engangs-vape\/","og_site_name":"EuVapen","article_modified_time":"2025-11-19T06:46:21+00:00","og_image":[{"width":1000,"height":1000,"url":"https:\/\/euvapen.com\/wp-content\/uploads\/2025\/11\/Hifancy-Twins-35000-Disposable-Vape-35K-Puffs-Double-Tank-EU-Warehouse.webp","type":"image\/webp"}],"twitter_card":"summary_large_image","twitter_misc":{"Tillg\u00e4nglig":"I lager"},"schema":{"@context":"https:\/\/schema.org","@graph":[{"@type":"WebPage","@id":"https:\/\/euvapen.com\/product\/hifancy-twins-35000-puffs-disposable-vape\/","url":"https:\/\/euvapen.com\/product\/hifancy-twins-35000-puffs-disposable-vape\/","name":"HIFANCY TWINS 35000 \u2014 Dual-Tank 35k Puff Vape, Mesh, - EuVapen","isPartOf":{"@id":"https:\/\/euvapen.com\/#website"},"primaryImageOfPage":{"@id":"https:\/\/euvapen.com\/product\/hifancy-twins-35000-puffs-disposable-vape\/#primaryimage"},"image":{"@id":"https:\/\/euvapen.com\/product\/hifancy-twins-35000-puffs-disposable-vape\/#primaryimage"},"thumbnailUrl":"https:\/\/euvapen.com\/wp-content\/uploads\/2025\/11\/Hifancy-Twins-35000-Disposable-Vape-35K-Puffs-Double-Tank-EU-Warehouse.webp","datePublished":"2025-11-07T08:36:36+00:00","dateModified":"2025-11-19T06:46:21+00:00","description":"Utforska HIFANCY TWINS 35000: en dubbeltank 35k puff vape med mesh coil, 35 mL prefill och 650 mAh Type-C (~30 min). Byt smak direkt och njut av stabil uteffekt - en enast\u00e5ende 35000 puffar eng\u00e5ngsvape i HIFANCY 35k-klassen.","breadcrumb":{"@id":"https:\/\/euvapen.com\/product\/hifancy-twins-35000-puffs-disposable-vape\/#breadcrumb"},"inLanguage":"sv-SE","potentialAction":[{"@type":"ReadAction","target":["https:\/\/euvapen.com\/product\/hifancy-twins-35000-puffs-disposable-vape\/"]}]},{"@type":"ImageObject","inLanguage":"sv-SE","@id":"https:\/\/euvapen.com\/product\/hifancy-twins-35000-puffs-disposable-vape\/#primaryimage","url":"https:\/\/euvapen.com\/wp-content\/uploads\/2025\/11\/Hifancy-Twins-35000-Disposable-Vape-35K-Puffs-Double-Tank-EU-Warehouse.webp","contentUrl":"https:\/\/euvapen.com\/wp-content\/uploads\/2025\/11\/Hifancy-Twins-35000-Disposable-Vape-35K-Puffs-Double-Tank-EU-Warehouse.webp","width":1000,"height":1000,"caption":"Hifancy Twins 35000 Disposable Vape 35K Puffs Double Tank EU Warehouse"},{"@type":"BreadcrumbList","@id":"https:\/\/euvapen.com\/product\/hifancy-twins-35000-puffs-disposable-vape\/#breadcrumb","itemListElement":[{"@type":"ListItem","position":1,"name":"Home","item":"https:\/\/euvapen.com\/"},{"@type":"ListItem","position":2,"name":"Shop","item":"https:\/\/euvapen.com\/shop\/"},{"@type":"ListItem","position":3,"name":"Hifancy Twins 35000 Puffs\u00a0\u2013 Disposable Vape"}]},{"@type":"WebSite","@id":"https:\/\/euvapen.com\/#website","url":"https:\/\/euvapen.com\/","name":"b\u00e4stapuffvape","description":"","publisher":{"@id":"https:\/\/euvapen.com\/#organization"},"potentialAction":[{"@type":"SearchAction","target":{"@type":"EntryPoint","urlTemplate":"https:\/\/euvapen.com\/?s={search_term_string}"},"query-input":{"@type":"PropertyValueSpecification","valueRequired":true,"valueName":"search_term_string"}}],"inLanguage":"sv-SE"},{"@type":["Organization","Place"],"@id":"https:\/\/euvapen.com\/#organization","name":"b\u00e4stapuffvape","alternateName":"bestpuffvape","url":"https:\/\/euvapen.com\/","logo":{"@id":"https:\/\/euvapen.com\/product\/hifancy-twins-35000-puffs-disposable-vape\/#local-main-organization-logo"},"image":{"@id":"https:\/\/euvapen.com\/product\/hifancy-twins-35000-puffs-disposable-vape\/#local-main-organization-logo"},"telephone":[],"openingHoursSpecification":[{"@type":"OpeningHoursSpecification","dayOfWeek":["Monday","Tuesday","Wednesday","Thursday","Friday","Saturday","Sunday"],"opens":"00:00","closes":"23:59"}]},{"@type":"ImageObject","inLanguage":"sv-SE","@id":"https:\/\/euvapen.com\/product\/hifancy-twins-35000-puffs-disposable-vape\/#local-main-organization-logo","url":"https:\/\/euvapen.com\/wp-content\/uploads\/2025\/10\/cropped-puffvape-logo.png","contentUrl":"https:\/\/euvapen.com\/wp-content\/uploads\/2025\/10\/cropped-puffvape-logo.png","width":512,"height":512,"caption":"bestpuffvape"}]},"og_availability":"instock","product_availability":"instock","product_retailer_item_id":"Hifancy-Twins-35k","product_condition":"new"},"brands":[{"id":170,"name":"Hifancy","slug":"hifancy"}],"tiered_pricing_type":"fixed","tiered_pricing_fixed_rules":{"30":"11.5","50":"10.5","100":"9.8","200":"9.5"},"tiered_pricing_product_settings":{"layout":"default","base_unit_name":{"singular":null,"plural":null},"default_variation":{}},"tiered_pricing_minimum_quantity":10,"tiered_pricing_roles_data":[],"tiered_pricing_percentage_rules":[],"tiered_pricing_maximum_quantity":null,"tiered_pricing_quantity_step":null,"_links":{"self":[{"href":"https:\/\/euvapen.com\/sv\/wp-json\/wp\/v2\/product\/15355","targetHints":{"allow":["GET"]}}],"collection":[{"href":"https:\/\/euvapen.com\/sv\/wp-json\/wp\/v2\/product"}],"about":[{"href":"https:\/\/euvapen.com\/sv\/wp-json\/wp\/v2\/types\/product"}],"replies":[{"embeddable":true,"href":"https:\/\/euvapen.com\/sv\/wp-json\/wp\/v2\/comments?post=15355"}],"wp:featuredmedia":[{"embeddable":true,"href":"https:\/\/euvapen.com\/sv\/wp-json\/wp\/v2\/media\/21538"}],"wp:attachment":[{"href":"https:\/\/euvapen.com\/sv\/wp-json\/wp\/v2\/media?parent=15355"}],"wp:term":[{"taxonomy":"pwb-brand","embeddable":true,"href":"https:\/\/euvapen.com\/sv\/wp-json\/wp\/v2\/pwb-brand?post=15355"},{"taxonomy":"product_brand","embeddable":true,"href":"https:\/\/euvapen.com\/sv\/wp-json\/wp\/v2\/product_brand?post=15355"},{"taxonomy":"product_cat","embeddable":true,"href":"https:\/\/euvapen.com\/sv\/wp-json\/wp\/v2\/product_cat?post=15355"},{"taxonomy":"product_tag","embeddable":true,"href":"https:\/\/euvapen.com\/sv\/wp-json\/wp\/v2\/product_tag?post=15355"}],"curies":[{"name":"wp","href":"https:\/\/api.w.org\/{rel}","templated":true}]}}