{"id":16180,"date":"2025-11-11T06:47:39","date_gmt":"2025-11-11T06:47:39","guid":{"rendered":"https:\/\/euvapen.com\/?post_type=product&#038;p=16180"},"modified":"2025-11-19T06:24:12","modified_gmt":"2025-11-19T06:24:12","slug":"jnr-falcon-x-plus-28000-puffar-engangsvape","status":"publish","type":"product","link":"https:\/\/euvapen.com\/sv\/product\/jnr-falcon-x-plus-28000-puffar-engangsvape\/","title":{"rendered":"JNR Falcon-X Plus 28000 Puffs\u00a0\u2013 Disposable Vape"},"content":{"rendered":"<h2 data-start=\"189\" data-end=\"259\">JNR Falcon-X Plus 28000 - Dual Mesh 28k jnr med batteriindikator<\/h2>\n<p data-start=\"261\" data-end=\"674\">Den <strong data-start=\"265\" data-end=\"292\">JNR Falcon-X plus 28000<\/strong> \u00e4r en eng\u00e5ngsapparat med h\u00f6g kapacitet som \u00e4r utformad f\u00f6r anv\u00e4ndare som beh\u00f6ver l\u00e5ng drifttid, tydlig statusvisning och en stark fruktsmak. Som en <strong data-start=\"431\" data-end=\"442\">28k jnr<\/strong> som klarar upp till 28.000 puffar under normala f\u00f6rh\u00e5llanden, kombinerar en dubbel mesh-spolplattform, en batteriindikatorsk\u00e4rm och ett kompakt chassi, vilket g\u00f6r den till en viktig <strong data-start=\"618\" data-end=\"639\">puff jnr falk x<\/strong> alternativ inom Falcon X-familjen.<\/p>\n<p data-start=\"676\" data-end=\"838\">Inom det bredare <strong data-start=\"695\" data-end=\"707\">falk x<\/strong> riktar sig den h\u00e4r modellen till vapers som vill ha en l\u00e4ngre livsl\u00e4ngd med enkel anv\u00e4ndning utan p\u00e5fyllning eller byte av spole.<\/p>\n<p data-start=\"676\" data-end=\"838\"><img fetchpriority=\"high\" decoding=\"async\" class=\"alignnone size-medium wp-image-17862\" src=\"https:\/\/euvapen.com\/wp-content\/uploads\/2025\/11\/FALCON-X-\u8be6\u60c5\u9875-PC\u7aef_01-300x169.webp\" alt=\"\" width=\"300\" height=\"169\" \/> <img decoding=\"async\" class=\"alignnone size-medium wp-image-17863\" src=\"https:\/\/euvapen.com\/wp-content\/uploads\/2025\/11\/FALCON-X-\u8be6\u60c5\u9875-PC\u7aef_02-300x169.webp\" alt=\"\" width=\"300\" height=\"169\" \/> <img decoding=\"async\" class=\"alignnone size-medium wp-image-17864\" src=\"https:\/\/euvapen.com\/wp-content\/uploads\/2025\/11\/FALCON-X-\u8be6\u60c5\u9875-PC\u7aef_03-300x169.webp\" alt=\"\" width=\"300\" height=\"169\" \/> <img loading=\"lazy\" decoding=\"async\" class=\"alignnone size-medium wp-image-17865\" src=\"https:\/\/euvapen.com\/wp-content\/uploads\/2025\/11\/FALCON-X-\u8be6\u60c5\u9875-PC\u7aef_04-300x169.webp\" alt=\"\" width=\"300\" height=\"169\" \/><\/p>\n<h3 data-start=\"840\" data-end=\"862\">JNR Falcon-X plus 28000 Viktiga specifikationer<\/h3>\n<ul data-start=\"864\" data-end=\"1935\">\n<li data-start=\"864\" data-end=\"907\">\n<p data-start=\"866\" data-end=\"907\"><strong data-start=\"866\" data-end=\"881\">Modellnamn:<\/strong> JNR Falcon-X Plus 28000<\/p>\n<\/li>\n<li data-start=\"908\" data-end=\"926\">\n<p data-start=\"910\" data-end=\"926\"><strong data-start=\"910\" data-end=\"920\">Varum\u00e4rke:<\/strong> JNR<\/p>\n<\/li>\n<li data-start=\"927\" data-end=\"1013\">\n<p data-start=\"929\" data-end=\"1013\"><strong data-start=\"929\" data-end=\"945\">Puff-betyg:<\/strong> upp till 28.000 puffar (beroende p\u00e5 anv\u00e4ndning) - trov\u00e4rdig <strong data-start=\"994\" data-end=\"1005\">28k jnr<\/strong> klass<\/p>\n<\/li>\n<li data-start=\"1014\" data-end=\"1073\">\n<p data-start=\"1016\" data-end=\"1073\"><strong data-start=\"1016\" data-end=\"1038\">E-v\u00e4tskekapacitet:<\/strong> 20 mL f\u00f6rfylld (ej p\u00e5fyllningsbar)<\/p>\n<\/li>\n<li data-start=\"1074\" data-end=\"1133\">\n<p data-start=\"1076\" data-end=\"1133\"><strong data-start=\"1076\" data-end=\"1099\">Nikotinstyrkor:<\/strong> 2% (20 mg\/mL) och 5% (50 mg\/mL)<\/p>\n<\/li>\n<li data-start=\"1134\" data-end=\"1179\">\n<p data-start=\"1136\" data-end=\"1179\"><strong data-start=\"1136\" data-end=\"1148\">Batteri:<\/strong> 950 mAh, typ C uppladdningsbar<\/p>\n<\/li>\n<li data-start=\"1180\" data-end=\"1242\">\n<p data-start=\"1182\" data-end=\"1242\"><strong data-start=\"1182\" data-end=\"1200\">Laddningstid:<\/strong> ca 1 timme till full laddning (typiskt)<\/p>\n<\/li>\n<li data-start=\"1243\" data-end=\"1290\">\n<p data-start=\"1245\" data-end=\"1290\"><strong data-start=\"1245\" data-end=\"1261\">Spolsystem:<\/strong> dubbel n\u00e4tspole (n\u00e4tk\u00e4rna)<\/p>\n<\/li>\n<li data-start=\"1291\" data-end=\"1368\">\n<p data-start=\"1293\" data-end=\"1368\"><strong data-start=\"1293\" data-end=\"1317\">Aktivering \/ utmatning:<\/strong> dragaktiverad; icke varierbar sp\u00e4nning och effekt<\/p>\n<\/li>\n<li data-start=\"1369\" data-end=\"1484\">\n<p data-start=\"1371\" data-end=\"1390\"><strong data-start=\"1371\" data-end=\"1388\">Viktiga egenskaper:<\/strong><\/p>\n<ul data-start=\"1393\" data-end=\"1484\">\n<li data-start=\"1393\" data-end=\"1421\">\n<p data-start=\"1395\" data-end=\"1421\">Batteriindikatorsk\u00e4rm<\/p>\n<\/li>\n<li data-start=\"1424\" data-end=\"1484\">\n<p data-start=\"1426\" data-end=\"1484\">Spole med dubbla n\u00e4t f\u00f6r f\u00f6rb\u00e4ttrad \u00e5ng- och smakstabilitet<\/p>\n<\/li>\n<\/ul>\n<\/li>\n<li data-start=\"1485\" data-end=\"1523\">\n<p data-start=\"1487\" data-end=\"1523\"><strong data-start=\"1487\" data-end=\"1502\">M\u00e5tt:<\/strong> 22,5 \u00d7 26 \u00d7 115 mm<\/p>\n<\/li>\n<li data-start=\"1524\" data-end=\"1547\">\n<p data-start=\"1526\" data-end=\"1547\"><strong data-start=\"1526\" data-end=\"1537\">Vikt:<\/strong> ~99.6 g<\/p>\n<\/li>\n<li data-start=\"1548\" data-end=\"1608\">\n<p data-start=\"1550\" data-end=\"1608\"><strong data-start=\"1550\" data-end=\"1564\">F\u00f6rpackning:<\/strong> 10 st \/ l\u00e5da (transportf\u00f6rpackning i presentf\u00f6rpackning)<\/p>\n<\/li>\n<li data-start=\"1609\" data-end=\"1865\">\n<p data-start=\"1611\" data-end=\"1635\"><strong data-start=\"1611\" data-end=\"1633\">Avs\u00e4ndarplats:<\/strong><\/p>\n<ul data-start=\"1638\" data-end=\"1865\">\n<li data-start=\"1638\" data-end=\"1689\">\n<p data-start=\"1640\" data-end=\"1689\">EU-order: fr\u00e5n EU-lager (Tyskland \/ Berlin)<\/p>\n<\/li>\n<li data-start=\"1692\" data-end=\"1865\">\n<p data-start=\"1694\" data-end=\"1865\">\u00d6vriga regioner: vanligtvis fr\u00e5n Shenzhen, Kina; best\u00e4llningar som g\u00f6rs p\u00e5 vardagar f\u00f6re kl. 14.00 lokal tid skickas vanligtvis samma dag; DDP tillg\u00e4ngligt beroende p\u00e5 destinationsregler<\/p>\n<\/li>\n<\/ul>\n<\/li>\n<li data-start=\"1866\" data-end=\"1935\">\n<p data-start=\"1868\" data-end=\"1935\"><strong data-start=\"1868\" data-end=\"1885\">L\u00e4mplig f\u00f6r:<\/strong> vuxna 18+ i enlighet med lokala f\u00f6reskrifter<\/p>\n<\/li>\n<\/ul>\n<p data-start=\"1937\" data-end=\"2073\">Konfigurationen \u00e4r anpassad f\u00f6r att ge en praktisk <strong data-start=\"1987\" data-end=\"2004\">pufffalk x<\/strong> l\u00f6sning med l\u00e5ngsiktig prestanda och kortfattad feedback p\u00e5 enheten.<\/p>\n<h3 data-start=\"2075\" data-end=\"2113\">Batteriindikator och kraftplattform<\/h3>\n<p data-start=\"2115\" data-end=\"2206\">Den <strong data-start=\"2119\" data-end=\"2147\">batteriindikatorsk\u00e4rm<\/strong> ger en snabb \u00f6verblick \u00f6ver kvarvarande laddning, st\u00f6d:<\/p>\n<ul data-start=\"2208\" data-end=\"2346\">\n<li data-start=\"2208\" data-end=\"2244\">\n<p data-start=\"2210\" data-end=\"2244\">b\u00e4ttre planering f\u00f6r tunga anv\u00e4ndare,<\/p>\n<\/li>\n<li data-start=\"2245\" data-end=\"2295\">\n<p data-start=\"2247\" data-end=\"2295\">f\u00e4rre ov\u00e4ntade avbrott under dagen,<\/p>\n<\/li>\n<li data-start=\"2296\" data-end=\"2346\">\n<p data-start=\"2298\" data-end=\"2346\">enklare \u00f6vervakning av laddningsbeteende \u00f6ver tid.<\/p>\n<\/li>\n<\/ul>\n<p data-start=\"2348\" data-end=\"2626\">Den <strong data-start=\"2352\" data-end=\"2363\">950 mAh<\/strong> cellen \u00e4r anpassad till 20 mL-kapaciteten och den nominella <strong data-start=\"2418\" data-end=\"2429\">28k jnr<\/strong> Livscykel. Typ-C-gr\u00e4nssnittet \u00e4r specificerat f\u00f6r full laddning p\u00e5 cirka en timme under normala f\u00f6rh\u00e5llanden, vilket bidrar till att h\u00e5lla stillest\u00e5ndstiden hanterbar f\u00f6r frekventa anv\u00e4ndare av <strong data-start=\"2598\" data-end=\"2625\">JNR Falcon-X plus 28000<\/strong>.<\/p>\n<h3 data-start=\"2628\" data-end=\"2658\">Dual Mesh-spolprestanda<\/h3>\n<p data-start=\"2660\" data-end=\"2737\">Den dubbla mesh-spoldesignen i denna <strong data-start=\"2694\" data-end=\"2715\">puff jnr falk x<\/strong> modellen \u00e4r avsedd att:<\/p>\n<ul data-start=\"2739\" data-end=\"2954\">\n<li data-start=\"2739\" data-end=\"2811\">\n<p data-start=\"2741\" data-end=\"2811\">f\u00f6rdelar v\u00e4rmen \u00f6ver en st\u00f6rre yta \u00e4n enkelspoliga spolar,<\/p>\n<\/li>\n<li data-start=\"2812\" data-end=\"2882\">\n<p data-start=\"2814\" data-end=\"2882\">st\u00f6djer t\u00e4tare \u00e5ngproduktion med mer enhetligt smakuttryck,<\/p>\n<\/li>\n<li data-start=\"2883\" data-end=\"2954\">\n<p data-start=\"2885\" data-end=\"2954\">minska sannolikheten f\u00f6r torra tr\u00e4ffar n\u00e4r de anv\u00e4nds inom normala parametrar.<\/p>\n<\/li>\n<\/ul>\n<p data-start=\"2956\" data-end=\"3075\">Denna spolkonfiguration \u00e4r central f\u00f6r den konsekventa, fruktledda profil som f\u00f6rv\u00e4ntas av en modern <strong data-start=\"3051\" data-end=\"3063\">falk x<\/strong> Disponibel.<\/p>\n<h3 data-start=\"3077\" data-end=\"3103\">JNR X Plus 28k smak\u00e4mnen<\/h3>\n<p data-start=\"3105\" data-end=\"3198\">Smakkatalogen f\u00f6r <strong data-start=\"3131\" data-end=\"3158\">JNR Falcon-X Plus 28000<\/strong> fokuserar p\u00e5 frukt och frukt-is-blandningar:<\/p>\n<ol data-start=\"3200\" data-end=\"3456\">\n<li data-start=\"3200\" data-end=\"3218\">\n<p data-start=\"3203\" data-end=\"3218\">Blandade b\u00e4r<\/p>\n<\/li>\n<li data-start=\"3219\" data-end=\"3240\">\n<p data-start=\"3222\" data-end=\"3240\">Svart drake is<\/p>\n<\/li>\n<li data-start=\"3241\" data-end=\"3257\">\n<p data-start=\"3244\" data-end=\"3257\">Persika B\u00e4r<\/p>\n<\/li>\n<li data-start=\"3258\" data-end=\"3282\">\n<p data-start=\"3261\" data-end=\"3282\">Mango Passionsfrukt<\/p>\n<\/li>\n<li data-start=\"3283\" data-end=\"3303\">\n<p data-start=\"3286\" data-end=\"3303\">Jordgubb Kiwi<\/p>\n<\/li>\n<li data-start=\"3304\" data-end=\"3333\">\n<p data-start=\"3307\" data-end=\"3333\">Bj\u00f6rnb\u00e4r R\u00f6d Hallon<\/p>\n<\/li>\n<li data-start=\"3334\" data-end=\"3361\">\n<p data-start=\"3337\" data-end=\"3361\">Vattenmelon Mango Persika<\/p>\n<\/li>\n<li data-start=\"3362\" data-end=\"3393\">\n<p data-start=\"3365\" data-end=\"3393\">Bl\u00e5b\u00e4r Hallon K\u00f6rsb\u00e4r<\/p>\n<\/li>\n<li data-start=\"3394\" data-end=\"3424\">\n<p data-start=\"3397\" data-end=\"3424\">Bl\u00e5b\u00e4r Granat\u00e4pple-is<\/p>\n<\/li>\n<li data-start=\"3425\" data-end=\"3456\">\n<p data-start=\"3429\" data-end=\"3456\">Jordgubbs- och vattenmelonis<\/p>\n<\/li>\n<\/ol>\n<p data-start=\"3458\" data-end=\"3644\">A <strong data-start=\"3460\" data-end=\"3496\">\u201cSlumpm\u00e4ssiga smaker (snabb leverans)\u201d<\/strong> finns ocks\u00e5 som tillval, vilket ger ett urval fr\u00e5n listan ovan f\u00f6r att f\u00f6rkorta hanteringstiden och minska dubblering i samma kartong.<\/p>\n<h3 data-start=\"3646\" data-end=\"3671\">Avsedd anv\u00e4ndarprofil<\/h3>\n<p data-start=\"3673\" data-end=\"3741\">Den <strong data-start=\"3677\" data-end=\"3704\">JNR Falcon-X plus 28000<\/strong> \u00e4r l\u00e4mplig f\u00f6r vuxna vapers (18+) som:<\/p>\n<ul data-start=\"3743\" data-end=\"4104\">\n<li data-start=\"3743\" data-end=\"3826\">\n<p data-start=\"3745\" data-end=\"3826\">vill ha en kompakt <strong data-start=\"3760\" data-end=\"3771\">28k jnr<\/strong> enhet med l\u00e4ngre drifttid och f\u00e4rre byten,<\/p>\n<\/li>\n<li data-start=\"3827\" data-end=\"3897\">\n<p data-start=\"3829\" data-end=\"3897\">f\u00f6redrar frukt och blandade b\u00e4rprofiler med dual mesh coil-struktur,<\/p>\n<\/li>\n<li data-start=\"3898\" data-end=\"3964\">\n<p data-start=\"3900\" data-end=\"3964\">v\u00e4rdes\u00e4tter en batteriindikatorsk\u00e4rm f\u00f6r tydlig status vid en snabb blick,<\/p>\n<\/li>\n<li data-start=\"3965\" data-end=\"4104\">\n<p data-start=\"3967\" data-end=\"4104\">kr\u00e4ver ett f\u00f6rseglat eng\u00e5ngsformat utan p\u00e5fyllning eller spolbyte, samtidigt som Type-C-komfort bibeh\u00e5lls i en <strong data-start=\"4077\" data-end=\"4094\">pufffalk x<\/strong> plattform.<\/p>\n<\/li>\n<\/ul>\n<h3 data-start=\"4106\" data-end=\"4117\">Sammanfattning<\/h3>\n<p data-start=\"4119\" data-end=\"4551\">Genom att kombinera en 20 ml tank, 950 mAh Type-C kraftaggregat, dual mesh coil-system och en batteriindikatorsk\u00e4rm, \u00e4r <strong data-start=\"4231\" data-end=\"4258\">JNR Falcon-X plus 28000<\/strong> ger en upplevelse med l\u00e5ng livsl\u00e4ngd och l\u00e5gt underh\u00e5llsbehov i en tunn formfaktor. Som en viktig <strong data-start=\"4341\" data-end=\"4353\">falk x<\/strong> produkt - och en stark representant f\u00f6r <strong data-start=\"4397\" data-end=\"4444\">puff jnr falcon x \/ puff falcon x \/ 28k jnr<\/strong> kategori - den ger en balanserad blandning av k\u00f6rtid, informationsklarhet och smakupplevelse.<\/p>","protected":false},"excerpt":{"rendered":"<p>JNR Falcon-X Plus 28000: 28k jnr med upp till 28.000 puffar, 20 mL, dual mesh coil, 950 mAh Type-C och batteriindikatorsk\u00e4rm.<\/p>","protected":false},"featured_media":21367,"comment_status":"open","ping_status":"closed","template":"","meta":{"_acf_changed":false},"pwb-brand":[167],"product_brand":[],"product_cat":[88,57,84,93,95],"product_tag":[69],"class_list":{"0":"post-16180","1":"product","2":"type-product","3":"status-publish","4":"has-post-thumbnail","6":"pwb-brand-jnr","7":"product_cat-crystal-vape","8":"product_cat-disposable-vape","9":"product_cat-eu-warehouse-in-stock","10":"product_cat-rechargeable-vapes","11":"product_cat-vape-with-screen","12":"product_tag-puff-30000","14":"first","15":"instock","16":"shipping-taxable","17":"purchasable","18":"product-type-variable"},"acf":[],"yoast_head":"<!-- This site is optimized with the Yoast SEO Premium plugin v26.3 (Yoast SEO v26.3) - https:\/\/yoast.com\/wordpress\/plugins\/seo\/ -->\n<title>JNR Falcon-X Plus 28000 \u2014 28k jnr, Dual Mesh, 20 mL, Type-C - EuVapen<\/title>\n<meta name=\"description\" content=\"JNR Falcon-X plus 28000 is a falcon x device with up to 28,000 puffs, 20 mL prefill, dual mesh coil, 950 mAh Type-C and battery indicator screen\u2014a reliable puff jnr falcon x \/ puff falcon x option from EU warehouse.\" \/>\n<meta name=\"robots\" content=\"index, follow, max-snippet:-1, max-image-preview:large, max-video-preview:-1\" \/>\n<link rel=\"canonical\" href=\"https:\/\/euvapen.com\/sv\/product\/jnr-falcon-x-plus-28000-puffar-engangsvape\/\" \/>\n<meta property=\"og:locale\" content=\"sv_SE\" \/>\n<meta property=\"og:type\" content=\"article\" \/>\n<meta property=\"og:title\" content=\"JNR Falcon-X Plus 28000 Puffs\u00a0\u2013 Disposable Vape\" \/>\n<meta property=\"og:description\" content=\"JNR Falcon-X plus 28000 is a falcon x device with up to 28,000 puffs, 20 mL prefill, dual mesh coil, 950 mAh Type-C and battery indicator screen\u2014a reliable puff jnr falcon x \/ puff falcon x option from EU warehouse.\" \/>\n<meta property=\"og:url\" content=\"https:\/\/euvapen.com\/sv\/product\/jnr-falcon-x-plus-28000-puffar-engangsvape\/\" \/>\n<meta property=\"og:site_name\" content=\"EuVapen\" \/>\n<meta property=\"article:modified_time\" content=\"2025-11-19T06:24:12+00:00\" \/>\n<meta property=\"og:image\" content=\"https:\/\/euvapen.com\/wp-content\/uploads\/2025\/11\/JNR-Falcon-X-Plus-28000-Puffs-Disposable-Vape.webp\" \/>\n\t<meta property=\"og:image:width\" content=\"1000\" \/>\n\t<meta property=\"og:image:height\" content=\"1000\" \/>\n\t<meta property=\"og:image:type\" content=\"image\/webp\" \/>\n<meta name=\"twitter:card\" content=\"summary_large_image\" \/>\n<meta name=\"twitter:label1\" content=\"Tillg\u00e4nglig\" \/>\n\t<meta name=\"twitter:data1\" content=\"I lager\" \/>\n<script type=\"application\/ld+json\" class=\"yoast-schema-graph\">{\"@context\":\"https:\/\/schema.org\",\"@graph\":[{\"@type\":\"WebPage\",\"@id\":\"https:\/\/euvapen.com\/product\/jnr-falcon-x-plus-28000-puffs-disposable-vape\/\",\"url\":\"https:\/\/euvapen.com\/product\/jnr-falcon-x-plus-28000-puffs-disposable-vape\/\",\"name\":\"JNR Falcon-X Plus 28000 \u2014 28k jnr, Dual Mesh, 20 mL, Type-C - EuVapen\",\"isPartOf\":{\"@id\":\"https:\/\/euvapen.com\/#website\"},\"primaryImageOfPage\":{\"@id\":\"https:\/\/euvapen.com\/product\/jnr-falcon-x-plus-28000-puffs-disposable-vape\/#primaryimage\"},\"image\":{\"@id\":\"https:\/\/euvapen.com\/product\/jnr-falcon-x-plus-28000-puffs-disposable-vape\/#primaryimage\"},\"thumbnailUrl\":\"https:\/\/euvapen.com\/wp-content\/uploads\/2025\/11\/JNR-Falcon-X-Plus-28000-Puffs-Disposable-Vape.webp\",\"datePublished\":\"2025-11-11T06:47:39+00:00\",\"dateModified\":\"2025-11-19T06:24:12+00:00\",\"description\":\"JNR Falcon-X plus 28000 is a falcon x device with up to 28,000 puffs, 20 mL prefill, dual mesh coil, 950 mAh Type-C and battery indicator screen\u2014a reliable puff jnr falcon x \/ puff falcon x option from EU warehouse.\",\"breadcrumb\":{\"@id\":\"https:\/\/euvapen.com\/product\/jnr-falcon-x-plus-28000-puffs-disposable-vape\/#breadcrumb\"},\"inLanguage\":\"sv-SE\",\"potentialAction\":[{\"@type\":\"ReadAction\",\"target\":[\"https:\/\/euvapen.com\/product\/jnr-falcon-x-plus-28000-puffs-disposable-vape\/\"]}]},{\"@type\":\"ImageObject\",\"inLanguage\":\"sv-SE\",\"@id\":\"https:\/\/euvapen.com\/product\/jnr-falcon-x-plus-28000-puffs-disposable-vape\/#primaryimage\",\"url\":\"https:\/\/euvapen.com\/wp-content\/uploads\/2025\/11\/JNR-Falcon-X-Plus-28000-Puffs-Disposable-Vape.webp\",\"contentUrl\":\"https:\/\/euvapen.com\/wp-content\/uploads\/2025\/11\/JNR-Falcon-X-Plus-28000-Puffs-Disposable-Vape.webp\",\"width\":1000,\"height\":1000,\"caption\":\"JNR Falcon-X Plus 28000 Puffs Disposable Vape\"},{\"@type\":\"BreadcrumbList\",\"@id\":\"https:\/\/euvapen.com\/product\/jnr-falcon-x-plus-28000-puffs-disposable-vape\/#breadcrumb\",\"itemListElement\":[{\"@type\":\"ListItem\",\"position\":1,\"name\":\"Home\",\"item\":\"https:\/\/euvapen.com\/\"},{\"@type\":\"ListItem\",\"position\":2,\"name\":\"Shop\",\"item\":\"https:\/\/euvapen.com\/shop\/\"},{\"@type\":\"ListItem\",\"position\":3,\"name\":\"JNR Falcon-X Plus 28000 Puffs\u00a0\u2013 Disposable Vape\"}]},{\"@type\":\"WebSite\",\"@id\":\"https:\/\/euvapen.com\/#website\",\"url\":\"https:\/\/euvapen.com\/\",\"name\":\"bestpuffvape\",\"description\":\"\",\"publisher\":{\"@id\":\"https:\/\/euvapen.com\/#organization\"},\"potentialAction\":[{\"@type\":\"SearchAction\",\"target\":{\"@type\":\"EntryPoint\",\"urlTemplate\":\"https:\/\/euvapen.com\/?s={search_term_string}\"},\"query-input\":{\"@type\":\"PropertyValueSpecification\",\"valueRequired\":true,\"valueName\":\"search_term_string\"}}],\"inLanguage\":\"sv-SE\"},{\"@type\":[\"Organization\",\"Place\"],\"@id\":\"https:\/\/euvapen.com\/#organization\",\"name\":\"bestpuffvape\",\"alternateName\":\"bestpuffvape\",\"url\":\"https:\/\/euvapen.com\/\",\"logo\":{\"@id\":\"https:\/\/euvapen.com\/product\/jnr-falcon-x-plus-28000-puffs-disposable-vape\/#local-main-organization-logo\"},\"image\":{\"@id\":\"https:\/\/euvapen.com\/product\/jnr-falcon-x-plus-28000-puffs-disposable-vape\/#local-main-organization-logo\"},\"telephone\":[],\"openingHoursSpecification\":[{\"@type\":\"OpeningHoursSpecification\",\"dayOfWeek\":[\"Monday\",\"Tuesday\",\"Wednesday\",\"Thursday\",\"Friday\",\"Saturday\",\"Sunday\"],\"opens\":\"00:00\",\"closes\":\"23:59\"}]},{\"@type\":\"ImageObject\",\"inLanguage\":\"sv-SE\",\"@id\":\"https:\/\/euvapen.com\/product\/jnr-falcon-x-plus-28000-puffs-disposable-vape\/#local-main-organization-logo\",\"url\":\"https:\/\/euvapen.com\/wp-content\/uploads\/2025\/10\/cropped-puffvape-logo.png\",\"contentUrl\":\"https:\/\/euvapen.com\/wp-content\/uploads\/2025\/10\/cropped-puffvape-logo.png\",\"width\":512,\"height\":512,\"caption\":\"bestpuffvape\"}]}<\/script>\n<meta property=\"og:availability\" content=\"instock\" \/>\n<meta property=\"product:availability\" content=\"instock\" \/>\n<meta property=\"product:retailer_item_id\" content=\"JNR-Falcon-X-Plus-28k\" \/>\n<meta property=\"product:condition\" content=\"new\" \/>\n<!-- \/ Yoast SEO Premium plugin. -->","yoast_head_json":{"title":"JNR Falcon-X Plus 28000 \u2014 28k jnr, Dual Mesh, 20 mL, Type-C - EuVapen","description":"JNR Falcon-X plus 28000 \u00e4r en falcon x-enhet med upp till 28 000 puffar, 20 mL f\u00f6rfyllning, dubbel mesh-spole, 950 mAh Type-C och batteriindikatorsk\u00e4rm - en p\u00e5litlig puff jnr falcon x \/ puff falcon x alternativ fr\u00e5n EU-lager.","robots":{"index":"index","follow":"follow","max-snippet":"max-snippet:-1","max-image-preview":"max-image-preview:large","max-video-preview":"max-video-preview:-1"},"canonical":"https:\/\/euvapen.com\/sv\/product\/jnr-falcon-x-plus-28000-puffar-engangsvape\/","og_locale":"sv_SE","og_type":"article","og_title":"JNR Falcon-X Plus 28000 Puffs\u00a0\u2013 Disposable Vape","og_description":"JNR Falcon-X plus 28000 is a falcon x device with up to 28,000 puffs, 20 mL prefill, dual mesh coil, 950 mAh Type-C and battery indicator screen\u2014a reliable puff jnr falcon x \/ puff falcon x option from EU warehouse.","og_url":"https:\/\/euvapen.com\/sv\/product\/jnr-falcon-x-plus-28000-puffar-engangsvape\/","og_site_name":"EuVapen","article_modified_time":"2025-11-19T06:24:12+00:00","og_image":[{"width":1000,"height":1000,"url":"https:\/\/euvapen.com\/wp-content\/uploads\/2025\/11\/JNR-Falcon-X-Plus-28000-Puffs-Disposable-Vape.webp","type":"image\/webp"}],"twitter_card":"summary_large_image","twitter_misc":{"Tillg\u00e4nglig":"I lager"},"schema":{"@context":"https:\/\/schema.org","@graph":[{"@type":"WebPage","@id":"https:\/\/euvapen.com\/product\/jnr-falcon-x-plus-28000-puffs-disposable-vape\/","url":"https:\/\/euvapen.com\/product\/jnr-falcon-x-plus-28000-puffs-disposable-vape\/","name":"JNR Falcon-X Plus 28000 \u2014 28k jnr, Dual Mesh, 20 mL, Type-C - EuVapen","isPartOf":{"@id":"https:\/\/euvapen.com\/#website"},"primaryImageOfPage":{"@id":"https:\/\/euvapen.com\/product\/jnr-falcon-x-plus-28000-puffs-disposable-vape\/#primaryimage"},"image":{"@id":"https:\/\/euvapen.com\/product\/jnr-falcon-x-plus-28000-puffs-disposable-vape\/#primaryimage"},"thumbnailUrl":"https:\/\/euvapen.com\/wp-content\/uploads\/2025\/11\/JNR-Falcon-X-Plus-28000-Puffs-Disposable-Vape.webp","datePublished":"2025-11-11T06:47:39+00:00","dateModified":"2025-11-19T06:24:12+00:00","description":"JNR Falcon-X plus 28000 \u00e4r en falcon x-enhet med upp till 28 000 puffar, 20 mL f\u00f6rfyllning, dubbel mesh-spole, 950 mAh Type-C och batteriindikatorsk\u00e4rm - en p\u00e5litlig puff jnr falcon x \/ puff falcon x alternativ fr\u00e5n EU-lager.","breadcrumb":{"@id":"https:\/\/euvapen.com\/product\/jnr-falcon-x-plus-28000-puffs-disposable-vape\/#breadcrumb"},"inLanguage":"sv-SE","potentialAction":[{"@type":"ReadAction","target":["https:\/\/euvapen.com\/product\/jnr-falcon-x-plus-28000-puffs-disposable-vape\/"]}]},{"@type":"ImageObject","inLanguage":"sv-SE","@id":"https:\/\/euvapen.com\/product\/jnr-falcon-x-plus-28000-puffs-disposable-vape\/#primaryimage","url":"https:\/\/euvapen.com\/wp-content\/uploads\/2025\/11\/JNR-Falcon-X-Plus-28000-Puffs-Disposable-Vape.webp","contentUrl":"https:\/\/euvapen.com\/wp-content\/uploads\/2025\/11\/JNR-Falcon-X-Plus-28000-Puffs-Disposable-Vape.webp","width":1000,"height":1000,"caption":"JNR Falcon-X Plus 28000 Puffs Disposable Vape"},{"@type":"BreadcrumbList","@id":"https:\/\/euvapen.com\/product\/jnr-falcon-x-plus-28000-puffs-disposable-vape\/#breadcrumb","itemListElement":[{"@type":"ListItem","position":1,"name":"Home","item":"https:\/\/euvapen.com\/"},{"@type":"ListItem","position":2,"name":"Shop","item":"https:\/\/euvapen.com\/shop\/"},{"@type":"ListItem","position":3,"name":"JNR Falcon-X Plus 28000 Puffs\u00a0\u2013 Disposable Vape"}]},{"@type":"WebSite","@id":"https:\/\/euvapen.com\/#website","url":"https:\/\/euvapen.com\/","name":"b\u00e4stapuffvape","description":"","publisher":{"@id":"https:\/\/euvapen.com\/#organization"},"potentialAction":[{"@type":"SearchAction","target":{"@type":"EntryPoint","urlTemplate":"https:\/\/euvapen.com\/?s={search_term_string}"},"query-input":{"@type":"PropertyValueSpecification","valueRequired":true,"valueName":"search_term_string"}}],"inLanguage":"sv-SE"},{"@type":["Organization","Place"],"@id":"https:\/\/euvapen.com\/#organization","name":"b\u00e4stapuffvape","alternateName":"bestpuffvape","url":"https:\/\/euvapen.com\/","logo":{"@id":"https:\/\/euvapen.com\/product\/jnr-falcon-x-plus-28000-puffs-disposable-vape\/#local-main-organization-logo"},"image":{"@id":"https:\/\/euvapen.com\/product\/jnr-falcon-x-plus-28000-puffs-disposable-vape\/#local-main-organization-logo"},"telephone":[],"openingHoursSpecification":[{"@type":"OpeningHoursSpecification","dayOfWeek":["Monday","Tuesday","Wednesday","Thursday","Friday","Saturday","Sunday"],"opens":"00:00","closes":"23:59"}]},{"@type":"ImageObject","inLanguage":"sv-SE","@id":"https:\/\/euvapen.com\/product\/jnr-falcon-x-plus-28000-puffs-disposable-vape\/#local-main-organization-logo","url":"https:\/\/euvapen.com\/wp-content\/uploads\/2025\/10\/cropped-puffvape-logo.png","contentUrl":"https:\/\/euvapen.com\/wp-content\/uploads\/2025\/10\/cropped-puffvape-logo.png","width":512,"height":512,"caption":"bestpuffvape"}]},"og_availability":"instock","product_availability":"instock","product_retailer_item_id":"JNR-Falcon-X-Plus-28k","product_condition":"new"},"brands":[{"id":167,"name":"Jnr","slug":"jnr"}],"tiered_pricing_type":"fixed","tiered_pricing_fixed_rules":{"30":"12","50":"11.5","100":"11","200":"10.5"},"tiered_pricing_product_settings":{"layout":"default","base_unit_name":{"singular":null,"plural":null},"default_variation":{}},"tiered_pricing_minimum_quantity":10,"tiered_pricing_roles_data":[],"tiered_pricing_percentage_rules":[],"tiered_pricing_maximum_quantity":null,"tiered_pricing_quantity_step":null,"_links":{"self":[{"href":"https:\/\/euvapen.com\/sv\/wp-json\/wp\/v2\/product\/16180","targetHints":{"allow":["GET"]}}],"collection":[{"href":"https:\/\/euvapen.com\/sv\/wp-json\/wp\/v2\/product"}],"about":[{"href":"https:\/\/euvapen.com\/sv\/wp-json\/wp\/v2\/types\/product"}],"replies":[{"embeddable":true,"href":"https:\/\/euvapen.com\/sv\/wp-json\/wp\/v2\/comments?post=16180"}],"wp:featuredmedia":[{"embeddable":true,"href":"https:\/\/euvapen.com\/sv\/wp-json\/wp\/v2\/media\/21367"}],"wp:attachment":[{"href":"https:\/\/euvapen.com\/sv\/wp-json\/wp\/v2\/media?parent=16180"}],"wp:term":[{"taxonomy":"pwb-brand","embeddable":true,"href":"https:\/\/euvapen.com\/sv\/wp-json\/wp\/v2\/pwb-brand?post=16180"},{"taxonomy":"product_brand","embeddable":true,"href":"https:\/\/euvapen.com\/sv\/wp-json\/wp\/v2\/product_brand?post=16180"},{"taxonomy":"product_cat","embeddable":true,"href":"https:\/\/euvapen.com\/sv\/wp-json\/wp\/v2\/product_cat?post=16180"},{"taxonomy":"product_tag","embeddable":true,"href":"https:\/\/euvapen.com\/sv\/wp-json\/wp\/v2\/product_tag?post=16180"}],"curies":[{"name":"wp","href":"https:\/\/api.w.org\/{rel}","templated":true}]}}