{"id":16181,"date":"2025-11-10T10:17:26","date_gmt":"2025-11-10T10:17:26","guid":{"rendered":"https:\/\/euvapen.com\/?post_type=product&#038;p=16181"},"modified":"2025-11-19T06:28:11","modified_gmt":"2025-11-19T06:28:11","slug":"jnr-flex-ice-21000-puffar-engangsvape","status":"publish","type":"product","link":"https:\/\/euvapen.com\/sv\/product\/jnr-flex-ice-21000-puffar-engangsvape\/","title":{"rendered":"JNR FLEX ICE 21000 Puffs\u00a0\u2013 Disposable Vape"},"content":{"rendered":"<h2 data-start=\"250\" data-end=\"315\">JNR FLEX ICE 21000 - Touch-Screen jnr 21k med justerbar is<\/h2>\n<p data-start=\"317\" data-end=\"666\">Den <strong data-start=\"321\" data-end=\"343\">JNR FLEX IS 21000<\/strong> \u00e4r en eng\u00e5ngsapparat med h\u00f6g kapacitet som \u00e4r utformad f\u00f6r anv\u00e4ndare som vill ha l\u00e4ngre drifttid och kontroll \u00f6ver kylningsintensiteten. Som en <strong data-start=\"460\" data-end=\"471\">jnr 21k<\/strong> enhet som \u00e4r klassad f\u00f6r upp till <strong data-start=\"495\" data-end=\"523\">JNR FLEX ICE 21000 puffar<\/strong>, Den kombinerar en beh\u00e5llare p\u00e5 26 ml, ett batteri p\u00e5 1.000 mAh, meshv\u00e4rme och ett peksk\u00e4rmsgr\u00e4nssnitt f\u00f6r att ge en anpassningsbar upplevelse med l\u00e5ng cykeltid.<\/p>\n<p data-start=\"668\" data-end=\"858\">Denna modell \u00e4r placerad i FLEX ICE-serien och utm\u00e4rker sig i <strong data-start=\"730\" data-end=\"746\">puff jnr 21k<\/strong> segmentet genom att erbjuda luftfl\u00f6deskontroll, justerbar isniv\u00e5 och information om enheten p\u00e5 sk\u00e4rmen i ett kompakt h\u00f6lje.<\/p>\n<p data-start=\"668\" data-end=\"858\"><img fetchpriority=\"high\" decoding=\"async\" class=\"alignnone size-medium wp-image-17754\" src=\"https:\/\/euvapen.com\/wp-content\/uploads\/2025\/11\/\u6d77\u62a52-300x169.webp\" alt=\"JNR KATALOG-FLEX ICE1\" width=\"300\" height=\"169\" \/> <img decoding=\"async\" class=\"alignnone size-medium wp-image-17753\" src=\"https:\/\/euvapen.com\/wp-content\/uploads\/2025\/11\/\u6d77\u62a51-300x169.webp\" alt=\"JNR KATALOG-FLEX IS\" width=\"300\" height=\"169\" \/> <img decoding=\"async\" class=\"alignnone size-medium wp-image-17752\" src=\"https:\/\/euvapen.com\/wp-content\/uploads\/2025\/11\/JNR-CATALOG-FLEX-ICE-300x169.webp\" alt=\"JNR KATALOG-FLEX IS\" width=\"300\" height=\"169\" \/><\/p>\n<h3 data-start=\"860\" data-end=\"882\">JNR FLEX ICE 21000 Viktiga specifikationer<\/h3>\n<ul data-start=\"884\" data-end=\"1783\">\n<li data-start=\"884\" data-end=\"922\">\n<p data-start=\"886\" data-end=\"922\"><strong data-start=\"886\" data-end=\"901\">Modellnamn:<\/strong> JNR FLEX IS 21000<\/p>\n<\/li>\n<li data-start=\"923\" data-end=\"941\">\n<p data-start=\"925\" data-end=\"941\"><strong data-start=\"925\" data-end=\"935\">Varum\u00e4rke:<\/strong> JNR<\/p>\n<\/li>\n<li data-start=\"942\" data-end=\"1036\">\n<p data-start=\"944\" data-end=\"1036\"><strong data-start=\"944\" data-end=\"960\">Puff-betyg:<\/strong> upp till 21.000 puffar (beroende p\u00e5 anv\u00e4ndning) - trov\u00e4rdig <strong data-start=\"1009\" data-end=\"1028\">jnr 21000 puffar<\/strong> klass<\/p>\n<\/li>\n<li data-start=\"1037\" data-end=\"1096\">\n<p data-start=\"1039\" data-end=\"1096\"><strong data-start=\"1039\" data-end=\"1061\">E-v\u00e4tskekapacitet:<\/strong> 26 mL f\u00f6rfylld (ej \u00e5terfyllningsbar)<\/p>\n<\/li>\n<li data-start=\"1097\" data-end=\"1156\">\n<p data-start=\"1099\" data-end=\"1156\"><strong data-start=\"1099\" data-end=\"1122\">Nikotinstyrkor:<\/strong> 2% (20 mg\/mL) och 5% (50 mg\/mL)<\/p>\n<\/li>\n<li data-start=\"1157\" data-end=\"1204\">\n<p data-start=\"1159\" data-end=\"1204\"><strong data-start=\"1159\" data-end=\"1171\">Batteri:<\/strong> 1.000 mAh, typ C uppladdningsbar<\/p>\n<\/li>\n<li data-start=\"1205\" data-end=\"1267\">\n<p data-start=\"1207\" data-end=\"1267\"><strong data-start=\"1207\" data-end=\"1225\">Laddningstid:<\/strong> ca 1 timme till full laddning (typiskt)<\/p>\n<\/li>\n<li data-start=\"1268\" data-end=\"1296\">\n<p data-start=\"1270\" data-end=\"1296\"><strong data-start=\"1270\" data-end=\"1284\">Typ av spole:<\/strong> n\u00e4tspole<\/p>\n<\/li>\n<li data-start=\"1297\" data-end=\"1374\">\n<p data-start=\"1299\" data-end=\"1374\"><strong data-start=\"1299\" data-end=\"1323\">Aktivering \/ utmatning:<\/strong> dragaktiverad; icke varierbar sp\u00e4nning och effekt<\/p>\n<\/li>\n<li data-start=\"1375\" data-end=\"1485\">\n<p data-start=\"1377\" data-end=\"1392\"><strong data-start=\"1377\" data-end=\"1390\">Funktioner:<\/strong><\/p>\n<ul data-start=\"1395\" data-end=\"1485\">\n<li data-start=\"1395\" data-end=\"1419\">\n<p data-start=\"1397\" data-end=\"1419\">Anpassningsbart luftfl\u00f6de<\/p>\n<\/li>\n<li data-start=\"1422\" data-end=\"1438\">\n<p data-start=\"1424\" data-end=\"1438\">Peksk\u00e4rm<\/p>\n<\/li>\n<li data-start=\"1441\" data-end=\"1485\">\n<p data-start=\"1443\" data-end=\"1485\">Justerbar isniv\u00e5 (kylningsintensitet)<\/p>\n<\/li>\n<\/ul>\n<\/li>\n<li data-start=\"1486\" data-end=\"1524\">\n<p data-start=\"1488\" data-end=\"1524\"><strong data-start=\"1488\" data-end=\"1503\">M\u00e5tt:<\/strong> 63 \u00d7 33,5 \u00d7 119 mm<\/p>\n<\/li>\n<li data-start=\"1525\" data-end=\"1547\">\n<p data-start=\"1527\" data-end=\"1547\"><strong data-start=\"1527\" data-end=\"1538\">Vikt:<\/strong> ~111 g<\/p>\n<\/li>\n<li data-start=\"1548\" data-end=\"1608\">\n<p data-start=\"1550\" data-end=\"1608\"><strong data-start=\"1550\" data-end=\"1564\">F\u00f6rpackning:<\/strong> 10 st \/ l\u00e5da (transportf\u00f6rpackning i presentf\u00f6rpackning)<\/p>\n<\/li>\n<li data-start=\"1609\" data-end=\"1713\">\n<p data-start=\"1611\" data-end=\"1713\"><strong data-start=\"1611\" data-end=\"1633\">Avs\u00e4ndarplats:<\/strong> EU-lager f\u00f6r EU-best\u00e4llningar \uff1b Best\u00e4llningar fr\u00e5n andra regioner skickas vanligtvis fr\u00e5n v\u00e5rt Shenzhen-lager i Kina. Best\u00e4llningar som g\u00f6rs f\u00f6re kl. 14.00 p\u00e5 vardagar skickas ut samma dag. DDP (Done by the destination country) st\u00f6ds.<\/p>\n<\/li>\n<li data-start=\"1714\" data-end=\"1783\">\n<p data-start=\"1716\" data-end=\"1783\"><strong data-start=\"1716\" data-end=\"1733\">L\u00e4mplig f\u00f6r:<\/strong> vuxna 18+ i enlighet med lokala f\u00f6reskrifter<\/p>\n<\/li>\n<\/ul>\n<p data-start=\"1785\" data-end=\"1958\">Kombinationen av en stor tank, ett starkt batteri och en n\u00e4tk\u00e4rna g\u00f6r <strong data-start=\"1853\" data-end=\"1875\">JNR FLEX IS 21000<\/strong> en praktisk vardag <strong data-start=\"1894\" data-end=\"1905\">jnr 21k<\/strong> f\u00f6r l\u00e5ng drifttid med minimala enhetsbyten.<\/p>\n<h3 data-start=\"1960\" data-end=\"2004\">Peksk\u00e4rm, justering av luftfl\u00f6de och is<\/h3>\n<p data-start=\"2006\" data-end=\"2066\">FLEX ICE-plattformen integrerar tre viktiga kontrollelement:<\/p>\n<ul data-start=\"2068\" data-end=\"2478\">\n<li data-start=\"2068\" data-end=\"2200\">\n<p data-start=\"2070\" data-end=\"2200\"><strong data-start=\"2070\" data-end=\"2086\">Peksk\u00e4rm<\/strong> - ger viktig statusinformation, t.ex. batteriniv\u00e5 och anv\u00e4ndningsdata, och st\u00f6der enkla l\u00e4ges\u00e4ndringar.<\/p>\n<\/li>\n<li data-start=\"2201\" data-end=\"2323\">\n<p data-start=\"2203\" data-end=\"2323\"><strong data-start=\"2203\" data-end=\"2227\">Anpassningsbart luftfl\u00f6de<\/strong> - g\u00f6r det m\u00f6jligt f\u00f6r anv\u00e4ndare att v\u00e4xla mellan ett mer begr\u00e4nsat, shishaliknande drag och ett l\u00f6sare, luftigare drag.<\/p>\n<\/li>\n<li data-start=\"2324\" data-end=\"2478\">\n<p data-start=\"2326\" data-end=\"2478\"><strong data-start=\"2326\" data-end=\"2344\">Is justerbar<\/strong> - g\u00f6r det m\u00f6jligt att justera kyleffekten, fr\u00e5n en l\u00e4tt nedkylning till en mer uttalad isprofil, beroende p\u00e5 smak och preferens.<\/p>\n<\/li>\n<\/ul>\n<p data-start=\"2480\" data-end=\"2685\">Dessa funktioner \u00e4r utformade f\u00f6r att vara enkla s\u00e5 att enheten fortfarande beter sig som en typisk eng\u00e5ngsapparat, men med mer flexibilitet \u00e4n standardmodeller med fasta utg\u00e5ngar i <strong data-start=\"2662\" data-end=\"2678\">puff jnr 21k<\/strong> r\u00e4ckvidd.<\/p>\n<h3 data-start=\"2687\" data-end=\"2717\">N\u00e4tspole och kraftplattform<\/h3>\n<p data-start=\"2719\" data-end=\"2764\">En n\u00e4tspole fungerar som v\u00e4rmeelement f\u00f6r att:<\/p>\n<ul data-start=\"2766\" data-end=\"2920\">\n<li data-start=\"2766\" data-end=\"2809\">\n<p data-start=\"2768\" data-end=\"2809\">f\u00f6rdela v\u00e4rmen j\u00e4mnt \u00f6ver veken,<\/p>\n<\/li>\n<li data-start=\"2810\" data-end=\"2863\">\n<p data-start=\"2812\" data-end=\"2863\">st\u00f6dja stabil \u00e5ngdensitet under l\u00e5nga sessioner,<\/p>\n<\/li>\n<li data-start=\"2864\" data-end=\"2920\">\n<p data-start=\"2866\" data-end=\"2920\">hj\u00e4lper till att bibeh\u00e5lla smakens klarhet fr\u00e5n f\u00f6rsta till sista blosset.<\/p>\n<\/li>\n<\/ul>\n<p data-start=\"2922\" data-end=\"3230\">Den <strong data-start=\"2926\" data-end=\"2939\">1.000 mAh<\/strong> batteri fungerar med en <strong data-start=\"2961\" data-end=\"2971\">Typ C<\/strong> och \u00e4r specificerad f\u00f6r en full laddning p\u00e5 cirka en timme under normala f\u00f6rh\u00e5llanden. Detta par \u00e4r utformat f\u00f6r att matcha kapaciteten p\u00e5 26 mL och den nominella <strong data-start=\"3127\" data-end=\"3155\">JNR FLEX ICE 21000 puffar<\/strong> livscykel, begr\u00e4nsar driftstopp och m\u00f6jligg\u00f6r regelbunden anv\u00e4ndning som en prim\u00e4r enhet.<\/p>\n<h3 data-start=\"3232\" data-end=\"3260\">JNR FLEX ICE 21k Smaker<\/h3>\n<p data-start=\"3262\" data-end=\"3349\">Smakkatalogen fokuserar p\u00e5 frukt- och fruktis-stilar, med FLEX ICE-positionering:<\/p>\n<ol data-start=\"3351\" data-end=\"3709\">\n<li data-start=\"3351\" data-end=\"3377\">\n<p data-start=\"3354\" data-end=\"3377\">Bl\u00e5 k\u00f6rsb\u00e4rsexplosion<\/p>\n<\/li>\n<li data-start=\"3378\" data-end=\"3396\">\n<p data-start=\"3381\" data-end=\"3396\">Bl\u00e5b\u00e4rsis<\/p>\n<\/li>\n<li data-start=\"3397\" data-end=\"3426\">\n<p data-start=\"3400\" data-end=\"3426\">Bl\u00e5b\u00e4r Sura Hallon<\/p>\n<\/li>\n<li data-start=\"3427\" data-end=\"3443\">\n<p data-start=\"3430\" data-end=\"3443\">Cherry Cola<\/p>\n<\/li>\n<li data-start=\"3444\" data-end=\"3476\">\n<p data-start=\"3447\" data-end=\"3476\">K\u00f6rsb\u00e4r Jordgubbe Hallon<\/p>\n<\/li>\n<li data-start=\"3477\" data-end=\"3494\">\n<p data-start=\"3480\" data-end=\"3494\">Dubbla \u00e4pplen<\/p>\n<\/li>\n<li data-start=\"3495\" data-end=\"3519\">\n<p data-start=\"3498\" data-end=\"3519\">Kiki Vattenmelon Is<\/p>\n<\/li>\n<li data-start=\"3520\" data-end=\"3549\">\n<p data-start=\"3523\" data-end=\"3549\">Kiki Passionsfrukt Guava<\/p>\n<\/li>\n<li data-start=\"3550\" data-end=\"3566\">\n<p data-start=\"3553\" data-end=\"3566\">Blandade b\u00e4r<\/p>\n<\/li>\n<li data-start=\"3567\" data-end=\"3594\">\n<p data-start=\"3571\" data-end=\"3594\">Persika Mango Ananas<\/p>\n<\/li>\n<li data-start=\"3595\" data-end=\"3617\">\n<p data-start=\"3599\" data-end=\"3617\">F\u00e4rsk jordgubbe<\/p>\n<\/li>\n<li data-start=\"3618\" data-end=\"3643\">\n<p data-start=\"3622\" data-end=\"3643\">Surk\u00f6rsb\u00e4rsgodis<\/p>\n<\/li>\n<li data-start=\"3644\" data-end=\"3665\">\n<p data-start=\"3648\" data-end=\"3665\">Jordgubbe Kiki<\/p>\n<\/li>\n<li data-start=\"3666\" data-end=\"3686\">\n<p data-start=\"3670\" data-end=\"3686\">Vattenmelon-is<\/p>\n<\/li>\n<li data-start=\"3687\" data-end=\"3709\">\n<p data-start=\"3691\" data-end=\"3709\">Vit persika Razz<\/p>\n<\/li>\n<\/ol>\n<p data-start=\"3711\" data-end=\"3870\">A <strong data-start=\"3713\" data-end=\"3749\">\u201cSlumpm\u00e4ssiga smaker (snabb leverans)\u201d<\/strong> finns tillg\u00e4ngligt, v\u00e4lj en blandad mix fr\u00e5n ovanst\u00e5ende f\u00f6r att f\u00f6rkorta hanteringstiden och minska antalet upprepningar per kartong.<\/p>\n<h3 data-start=\"3872\" data-end=\"3897\">Avsedd anv\u00e4ndarprofil<\/h3>\n<p data-start=\"3899\" data-end=\"3961\">Den <strong data-start=\"3903\" data-end=\"3925\">JNR FLEX IS 21000<\/strong> l\u00e4mpar sig f\u00f6r vuxna anv\u00e4ndare (18+) som:<\/p>\n<ul data-start=\"3963\" data-end=\"4269\">\n<li data-start=\"3963\" data-end=\"4054\">\n<p data-start=\"3965\" data-end=\"4054\">vill ha en h\u00f6gkapacitets <strong data-start=\"3986\" data-end=\"3997\">jnr 21k<\/strong> med upp till 21.000 puffar och f\u00e4rre byten,<\/p>\n<\/li>\n<li data-start=\"4055\" data-end=\"4125\">\n<p data-start=\"4057\" data-end=\"4125\">f\u00f6redrar frukt- och frukt-isprofiler med inst\u00e4llbar kylstyrka,<\/p>\n<\/li>\n<li data-start=\"4126\" data-end=\"4186\">\n<p data-start=\"4128\" data-end=\"4186\">v\u00e4rdefull peksk\u00e4rmssynlighet och snabb, enkel kontroll,<\/p>\n<\/li>\n<li data-start=\"4187\" data-end=\"4269\">\n<p data-start=\"4189\" data-end=\"4269\">kr\u00e4ver justering av luftfl\u00f6de och is utan komplexiteten hos p\u00e5fyllningsbara system.<\/p>\n<\/li>\n<\/ul>\n<h3 data-start=\"4271\" data-end=\"4282\">Sammanfattning<\/h3>\n<p data-start=\"4284\" data-end=\"4718\">Genom att kombinera en 26 mL tank, 1.000 mAh Type-C kraftaggregat, n\u00e4tv\u00e4rme, luftfl\u00f6deskontroll, isjustering och ett peksk\u00e4rmsgr\u00e4nssnitt, \u00e4r <strong data-start=\"4420\" data-end=\"4442\">JNR FLEX IS 21000<\/strong> erbjuder en flexibel l\u00f6sning med l\u00e5ng livscykel inom eng\u00e5ngskategorin. Som en viktig <strong data-start=\"4519\" data-end=\"4535\">puff jnr 21k<\/strong> produkt - och en robust representant f\u00f6r <strong data-start=\"4579\" data-end=\"4598\">jnr 21000 puffar<\/strong> segmentet - det ger ett tydligt alternativ f\u00f6r anv\u00e4ndare som vill ha b\u00e5de drifttid och finjusterad kylning i en enda f\u00f6rseglad enhet.<\/p>","protected":false},"excerpt":{"rendered":"<p>JNR FLEX ICE 21000: jnr 21k med upp till 21.000 puffar, 26 mL, mesh coil, 1.000 mAh Type-C, peksk\u00e4rm, justerbart luftfl\u00f6de och isniv\u00e5.<\/p>","protected":false},"featured_media":21419,"comment_status":"open","ping_status":"closed","template":"","meta":{"_acf_changed":false},"pwb-brand":[167],"product_brand":[],"product_cat":[57,84,93,95],"product_tag":[67],"class_list":{"0":"post-16181","1":"product","2":"type-product","3":"status-publish","4":"has-post-thumbnail","6":"pwb-brand-jnr","7":"product_cat-disposable-vape","8":"product_cat-eu-warehouse-in-stock","9":"product_cat-rechargeable-vapes","10":"product_cat-vape-with-screen","11":"product_tag-puff-20k","13":"first","14":"instock","15":"shipping-taxable","16":"purchasable","17":"product-type-variable"},"acf":[],"yoast_head":"<!-- This site is optimized with the Yoast SEO Premium plugin v26.3 (Yoast SEO v26.3) - https:\/\/yoast.com\/wordpress\/plugins\/seo\/ -->\n<title>JNR FLEX ICE 21000 \u2014 jnr 21k, 21,000 Puffs, Touch Screen - EuVapen<\/title>\n<meta name=\"description\" content=\"JNR FLEX ICE 21000 is a jnr 21k device with up to 21,000 puffs, 26 mL prefill, mesh coil, 1,000 mAh Type-C, customizable airflow, touch screen and ice adjustment\u2014 a complete JNR FLEX ICE 21000 puffs solution from EU warehouse.\" \/>\n<meta name=\"robots\" content=\"index, follow, max-snippet:-1, max-image-preview:large, max-video-preview:-1\" \/>\n<link rel=\"canonical\" href=\"https:\/\/euvapen.com\/sv\/product\/jnr-flex-ice-21000-puffar-engangsvape\/\" \/>\n<meta property=\"og:locale\" content=\"sv_SE\" \/>\n<meta property=\"og:type\" content=\"article\" \/>\n<meta property=\"og:title\" content=\"JNR FLEX ICE 21000 Puffs\u00a0\u2013 Disposable Vape\" \/>\n<meta property=\"og:description\" content=\"JNR FLEX ICE 21000 is a jnr 21k device with up to 21,000 puffs, 26 mL prefill, mesh coil, 1,000 mAh Type-C, customizable airflow, touch screen and ice adjustment\u2014 a complete JNR FLEX ICE 21000 puffs solution from EU warehouse.\" \/>\n<meta property=\"og:url\" content=\"https:\/\/euvapen.com\/sv\/product\/jnr-flex-ice-21000-puffar-engangsvape\/\" \/>\n<meta property=\"og:site_name\" content=\"EuVapen\" \/>\n<meta property=\"article:modified_time\" content=\"2025-11-19T06:28:11+00:00\" \/>\n<meta property=\"og:image\" content=\"https:\/\/euvapen.com\/wp-content\/uploads\/2025\/11\/JNR-FLEX-ICE-21000-Puffs-Disposable-Vape.webp\" \/>\n\t<meta property=\"og:image:width\" content=\"1000\" \/>\n\t<meta property=\"og:image:height\" content=\"1000\" \/>\n\t<meta property=\"og:image:type\" content=\"image\/webp\" \/>\n<meta name=\"twitter:card\" content=\"summary_large_image\" \/>\n<meta name=\"twitter:label1\" content=\"Tillg\u00e4nglig\" \/>\n\t<meta name=\"twitter:data1\" content=\"I lager\" \/>\n<script type=\"application\/ld+json\" class=\"yoast-schema-graph\">{\"@context\":\"https:\/\/schema.org\",\"@graph\":[{\"@type\":\"WebPage\",\"@id\":\"https:\/\/euvapen.com\/product\/jnr-flex-ice-21000-puffs-disposable-vape\/\",\"url\":\"https:\/\/euvapen.com\/product\/jnr-flex-ice-21000-puffs-disposable-vape\/\",\"name\":\"JNR FLEX ICE 21000 \u2014 jnr 21k, 21,000 Puffs, Touch Screen - EuVapen\",\"isPartOf\":{\"@id\":\"https:\/\/euvapen.com\/#website\"},\"primaryImageOfPage\":{\"@id\":\"https:\/\/euvapen.com\/product\/jnr-flex-ice-21000-puffs-disposable-vape\/#primaryimage\"},\"image\":{\"@id\":\"https:\/\/euvapen.com\/product\/jnr-flex-ice-21000-puffs-disposable-vape\/#primaryimage\"},\"thumbnailUrl\":\"https:\/\/euvapen.com\/wp-content\/uploads\/2025\/11\/JNR-FLEX-ICE-21000-Puffs-Disposable-Vape.webp\",\"datePublished\":\"2025-11-10T10:17:26+00:00\",\"dateModified\":\"2025-11-19T06:28:11+00:00\",\"description\":\"JNR FLEX ICE 21000 is a jnr 21k device with up to 21,000 puffs, 26 mL prefill, mesh coil, 1,000 mAh Type-C, customizable airflow, touch screen and ice adjustment\u2014 a complete JNR FLEX ICE 21000 puffs solution from EU warehouse.\",\"breadcrumb\":{\"@id\":\"https:\/\/euvapen.com\/product\/jnr-flex-ice-21000-puffs-disposable-vape\/#breadcrumb\"},\"inLanguage\":\"sv-SE\",\"potentialAction\":[{\"@type\":\"ReadAction\",\"target\":[\"https:\/\/euvapen.com\/product\/jnr-flex-ice-21000-puffs-disposable-vape\/\"]}]},{\"@type\":\"ImageObject\",\"inLanguage\":\"sv-SE\",\"@id\":\"https:\/\/euvapen.com\/product\/jnr-flex-ice-21000-puffs-disposable-vape\/#primaryimage\",\"url\":\"https:\/\/euvapen.com\/wp-content\/uploads\/2025\/11\/JNR-FLEX-ICE-21000-Puffs-Disposable-Vape.webp\",\"contentUrl\":\"https:\/\/euvapen.com\/wp-content\/uploads\/2025\/11\/JNR-FLEX-ICE-21000-Puffs-Disposable-Vape.webp\",\"width\":1000,\"height\":1000,\"caption\":\"JNR FLEX ICE 21000 Puffs Disposable Vape\"},{\"@type\":\"BreadcrumbList\",\"@id\":\"https:\/\/euvapen.com\/product\/jnr-flex-ice-21000-puffs-disposable-vape\/#breadcrumb\",\"itemListElement\":[{\"@type\":\"ListItem\",\"position\":1,\"name\":\"Home\",\"item\":\"https:\/\/euvapen.com\/\"},{\"@type\":\"ListItem\",\"position\":2,\"name\":\"Shop\",\"item\":\"https:\/\/euvapen.com\/shop\/\"},{\"@type\":\"ListItem\",\"position\":3,\"name\":\"JNR FLEX ICE 21000 Puffs\u00a0\u2013 Disposable Vape\"}]},{\"@type\":\"WebSite\",\"@id\":\"https:\/\/euvapen.com\/#website\",\"url\":\"https:\/\/euvapen.com\/\",\"name\":\"bestpuffvape\",\"description\":\"\",\"publisher\":{\"@id\":\"https:\/\/euvapen.com\/#organization\"},\"potentialAction\":[{\"@type\":\"SearchAction\",\"target\":{\"@type\":\"EntryPoint\",\"urlTemplate\":\"https:\/\/euvapen.com\/?s={search_term_string}\"},\"query-input\":{\"@type\":\"PropertyValueSpecification\",\"valueRequired\":true,\"valueName\":\"search_term_string\"}}],\"inLanguage\":\"sv-SE\"},{\"@type\":[\"Organization\",\"Place\"],\"@id\":\"https:\/\/euvapen.com\/#organization\",\"name\":\"bestpuffvape\",\"alternateName\":\"bestpuffvape\",\"url\":\"https:\/\/euvapen.com\/\",\"logo\":{\"@id\":\"https:\/\/euvapen.com\/product\/jnr-flex-ice-21000-puffs-disposable-vape\/#local-main-organization-logo\"},\"image\":{\"@id\":\"https:\/\/euvapen.com\/product\/jnr-flex-ice-21000-puffs-disposable-vape\/#local-main-organization-logo\"},\"telephone\":[],\"openingHoursSpecification\":[{\"@type\":\"OpeningHoursSpecification\",\"dayOfWeek\":[\"Monday\",\"Tuesday\",\"Wednesday\",\"Thursday\",\"Friday\",\"Saturday\",\"Sunday\"],\"opens\":\"00:00\",\"closes\":\"23:59\"}]},{\"@type\":\"ImageObject\",\"inLanguage\":\"sv-SE\",\"@id\":\"https:\/\/euvapen.com\/product\/jnr-flex-ice-21000-puffs-disposable-vape\/#local-main-organization-logo\",\"url\":\"https:\/\/euvapen.com\/wp-content\/uploads\/2025\/10\/cropped-puffvape-logo.png\",\"contentUrl\":\"https:\/\/euvapen.com\/wp-content\/uploads\/2025\/10\/cropped-puffvape-logo.png\",\"width\":512,\"height\":512,\"caption\":\"bestpuffvape\"}]}<\/script>\n<meta property=\"og:availability\" content=\"instock\" \/>\n<meta property=\"product:availability\" content=\"instock\" \/>\n<meta property=\"product:retailer_item_id\" content=\"JNR-FLEX-ICE-21k\" \/>\n<meta property=\"product:condition\" content=\"new\" \/>\n<!-- \/ Yoast SEO Premium plugin. -->","yoast_head_json":{"title":"JNR FLEX ICE 21000 \u2014 jnr 21k, 21,000 Puffs, Touch Screen - EuVapen","description":"JNR FLEX ICE 21000 \u00e4r en jnr 21k-enhet med upp till 21 000 puffar, 26 mL prefill, mesh coil, 1 000 mAh Type-C, anpassningsbart luftfl\u00f6de, peksk\u00e4rm och isjustering - en komplett JNR FLEX ICE 21000 puffl\u00f6sning fr\u00e5n EU-lager.","robots":{"index":"index","follow":"follow","max-snippet":"max-snippet:-1","max-image-preview":"max-image-preview:large","max-video-preview":"max-video-preview:-1"},"canonical":"https:\/\/euvapen.com\/sv\/product\/jnr-flex-ice-21000-puffar-engangsvape\/","og_locale":"sv_SE","og_type":"article","og_title":"JNR FLEX ICE 21000 Puffs\u00a0\u2013 Disposable Vape","og_description":"JNR FLEX ICE 21000 is a jnr 21k device with up to 21,000 puffs, 26 mL prefill, mesh coil, 1,000 mAh Type-C, customizable airflow, touch screen and ice adjustment\u2014 a complete JNR FLEX ICE 21000 puffs solution from EU warehouse.","og_url":"https:\/\/euvapen.com\/sv\/product\/jnr-flex-ice-21000-puffar-engangsvape\/","og_site_name":"EuVapen","article_modified_time":"2025-11-19T06:28:11+00:00","og_image":[{"width":1000,"height":1000,"url":"https:\/\/euvapen.com\/wp-content\/uploads\/2025\/11\/JNR-FLEX-ICE-21000-Puffs-Disposable-Vape.webp","type":"image\/webp"}],"twitter_card":"summary_large_image","twitter_misc":{"Tillg\u00e4nglig":"I lager"},"schema":{"@context":"https:\/\/schema.org","@graph":[{"@type":"WebPage","@id":"https:\/\/euvapen.com\/product\/jnr-flex-ice-21000-puffs-disposable-vape\/","url":"https:\/\/euvapen.com\/product\/jnr-flex-ice-21000-puffs-disposable-vape\/","name":"JNR FLEX ICE 21000 \u2014 jnr 21k, 21,000 Puffs, Touch Screen - EuVapen","isPartOf":{"@id":"https:\/\/euvapen.com\/#website"},"primaryImageOfPage":{"@id":"https:\/\/euvapen.com\/product\/jnr-flex-ice-21000-puffs-disposable-vape\/#primaryimage"},"image":{"@id":"https:\/\/euvapen.com\/product\/jnr-flex-ice-21000-puffs-disposable-vape\/#primaryimage"},"thumbnailUrl":"https:\/\/euvapen.com\/wp-content\/uploads\/2025\/11\/JNR-FLEX-ICE-21000-Puffs-Disposable-Vape.webp","datePublished":"2025-11-10T10:17:26+00:00","dateModified":"2025-11-19T06:28:11+00:00","description":"JNR FLEX ICE 21000 \u00e4r en jnr 21k-enhet med upp till 21 000 puffar, 26 mL prefill, mesh coil, 1 000 mAh Type-C, anpassningsbart luftfl\u00f6de, peksk\u00e4rm och isjustering - en komplett JNR FLEX ICE 21000 puffl\u00f6sning fr\u00e5n EU-lager.","breadcrumb":{"@id":"https:\/\/euvapen.com\/product\/jnr-flex-ice-21000-puffs-disposable-vape\/#breadcrumb"},"inLanguage":"sv-SE","potentialAction":[{"@type":"ReadAction","target":["https:\/\/euvapen.com\/product\/jnr-flex-ice-21000-puffs-disposable-vape\/"]}]},{"@type":"ImageObject","inLanguage":"sv-SE","@id":"https:\/\/euvapen.com\/product\/jnr-flex-ice-21000-puffs-disposable-vape\/#primaryimage","url":"https:\/\/euvapen.com\/wp-content\/uploads\/2025\/11\/JNR-FLEX-ICE-21000-Puffs-Disposable-Vape.webp","contentUrl":"https:\/\/euvapen.com\/wp-content\/uploads\/2025\/11\/JNR-FLEX-ICE-21000-Puffs-Disposable-Vape.webp","width":1000,"height":1000,"caption":"JNR FLEX ICE 21000 Puffs Disposable Vape"},{"@type":"BreadcrumbList","@id":"https:\/\/euvapen.com\/product\/jnr-flex-ice-21000-puffs-disposable-vape\/#breadcrumb","itemListElement":[{"@type":"ListItem","position":1,"name":"Home","item":"https:\/\/euvapen.com\/"},{"@type":"ListItem","position":2,"name":"Shop","item":"https:\/\/euvapen.com\/shop\/"},{"@type":"ListItem","position":3,"name":"JNR FLEX ICE 21000 Puffs\u00a0\u2013 Disposable Vape"}]},{"@type":"WebSite","@id":"https:\/\/euvapen.com\/#website","url":"https:\/\/euvapen.com\/","name":"b\u00e4stapuffvape","description":"","publisher":{"@id":"https:\/\/euvapen.com\/#organization"},"potentialAction":[{"@type":"SearchAction","target":{"@type":"EntryPoint","urlTemplate":"https:\/\/euvapen.com\/?s={search_term_string}"},"query-input":{"@type":"PropertyValueSpecification","valueRequired":true,"valueName":"search_term_string"}}],"inLanguage":"sv-SE"},{"@type":["Organization","Place"],"@id":"https:\/\/euvapen.com\/#organization","name":"b\u00e4stapuffvape","alternateName":"bestpuffvape","url":"https:\/\/euvapen.com\/","logo":{"@id":"https:\/\/euvapen.com\/product\/jnr-flex-ice-21000-puffs-disposable-vape\/#local-main-organization-logo"},"image":{"@id":"https:\/\/euvapen.com\/product\/jnr-flex-ice-21000-puffs-disposable-vape\/#local-main-organization-logo"},"telephone":[],"openingHoursSpecification":[{"@type":"OpeningHoursSpecification","dayOfWeek":["Monday","Tuesday","Wednesday","Thursday","Friday","Saturday","Sunday"],"opens":"00:00","closes":"23:59"}]},{"@type":"ImageObject","inLanguage":"sv-SE","@id":"https:\/\/euvapen.com\/product\/jnr-flex-ice-21000-puffs-disposable-vape\/#local-main-organization-logo","url":"https:\/\/euvapen.com\/wp-content\/uploads\/2025\/10\/cropped-puffvape-logo.png","contentUrl":"https:\/\/euvapen.com\/wp-content\/uploads\/2025\/10\/cropped-puffvape-logo.png","width":512,"height":512,"caption":"bestpuffvape"}]},"og_availability":"instock","product_availability":"instock","product_retailer_item_id":"JNR-FLEX-ICE-21k","product_condition":"new"},"brands":[{"id":167,"name":"Jnr","slug":"jnr"}],"tiered_pricing_type":"fixed","tiered_pricing_fixed_rules":{"30":"12","50":"11.5","100":"11","200":"10.5"},"tiered_pricing_product_settings":{"layout":"default","base_unit_name":{"singular":null,"plural":null},"default_variation":{}},"tiered_pricing_minimum_quantity":10,"tiered_pricing_roles_data":[],"tiered_pricing_percentage_rules":[],"tiered_pricing_maximum_quantity":null,"tiered_pricing_quantity_step":null,"_links":{"self":[{"href":"https:\/\/euvapen.com\/sv\/wp-json\/wp\/v2\/product\/16181","targetHints":{"allow":["GET"]}}],"collection":[{"href":"https:\/\/euvapen.com\/sv\/wp-json\/wp\/v2\/product"}],"about":[{"href":"https:\/\/euvapen.com\/sv\/wp-json\/wp\/v2\/types\/product"}],"replies":[{"embeddable":true,"href":"https:\/\/euvapen.com\/sv\/wp-json\/wp\/v2\/comments?post=16181"}],"wp:featuredmedia":[{"embeddable":true,"href":"https:\/\/euvapen.com\/sv\/wp-json\/wp\/v2\/media\/21419"}],"wp:attachment":[{"href":"https:\/\/euvapen.com\/sv\/wp-json\/wp\/v2\/media?parent=16181"}],"wp:term":[{"taxonomy":"pwb-brand","embeddable":true,"href":"https:\/\/euvapen.com\/sv\/wp-json\/wp\/v2\/pwb-brand?post=16181"},{"taxonomy":"product_brand","embeddable":true,"href":"https:\/\/euvapen.com\/sv\/wp-json\/wp\/v2\/product_brand?post=16181"},{"taxonomy":"product_cat","embeddable":true,"href":"https:\/\/euvapen.com\/sv\/wp-json\/wp\/v2\/product_cat?post=16181"},{"taxonomy":"product_tag","embeddable":true,"href":"https:\/\/euvapen.com\/sv\/wp-json\/wp\/v2\/product_tag?post=16181"}],"curies":[{"name":"wp","href":"https:\/\/api.w.org\/{rel}","templated":true}]}}