{"id":16182,"date":"2025-11-10T10:31:30","date_gmt":"2025-11-10T10:31:30","guid":{"rendered":"https:\/\/euvapen.com\/?post_type=product&#038;p=16182"},"modified":"2025-11-19T06:27:01","modified_gmt":"2025-11-19T06:27:01","slug":"jnr-joker-24000-puffar-engangsvape","status":"publish","type":"product","link":"https:\/\/euvapen.com\/sv\/product\/jnr-joker-24000-puffar-engangsvape\/","title":{"rendered":"JNR Joker 24000 Puffs\u00a0\u2013 Disposable Vape"},"content":{"rendered":"<h2 data-start=\"245\" data-end=\"317\">JNR Joker 24000 - Kompakt jnr 24k med n\u00e4tspole och andningslampa<\/h2>\n<p data-start=\"319\" data-end=\"648\">Den <strong data-start=\"323\" data-end=\"342\">JNR Joker 24000<\/strong> \u00e4r en kompakt eng\u00e5ngslampa med h\u00f6g kapacitet som \u00e4r utformad f\u00f6r anv\u00e4ndare som vill ha en balans mellan b\u00e4rbarhet, drifttid och visuell design. Klassad f\u00f6r upp till <strong data-start=\"479\" data-end=\"504\">JNR Joker 24000 puffar<\/strong> under typiska f\u00f6rh\u00e5llanden, detta <strong data-start=\"536\" data-end=\"547\">jnr 24k<\/strong> enheten kombinerar en 20 ml beh\u00e5llare med mesh-coil-atomisering och ett 650 mAh uppladdningsbart Type-C-batteri.<\/p>\n<p data-start=\"650\" data-end=\"853\">Inom varum\u00e4rkets sortiment upptar det mellanh\u00f6ga puffsegmentet och refereras ofta till i kanaler som <strong data-start=\"758\" data-end=\"777\">JNR Joker 24000<\/strong> eller <strong data-start=\"781\" data-end=\"800\">JNR 24000 Puffar<\/strong> f\u00f6r sitt ut\u00f6kade, men \u00e4nd\u00e5 prisv\u00e4rda format.<\/p>\n<p data-start=\"650\" data-end=\"853\"><img fetchpriority=\"high\" decoding=\"async\" class=\"alignnone size-medium wp-image-17757\" src=\"https:\/\/euvapen.com\/wp-content\/uploads\/2025\/11\/jnr-joker-refillable-disposable-vape-300x169.webp\" alt=\"jnr-joker-p\u00e5fyllningsbar-eng\u00e5ngs-vape\" width=\"300\" height=\"169\" \/> <img decoding=\"async\" class=\"alignnone size-medium wp-image-17755\" src=\"https:\/\/euvapen.com\/wp-content\/uploads\/2025\/11\/JNR-CATALOG-JOKER-300x169.webp\" alt=\"JNR KATALOG-JOKER\" width=\"300\" height=\"169\" \/> <img decoding=\"async\" class=\"alignnone size-medium wp-image-17756\" src=\"https:\/\/euvapen.com\/wp-content\/uploads\/2025\/11\/jnr-joker-refillable-disposable-vape-3-300x169.webp\" alt=\"jnr-joker-p\u00e5fyllningsbar-eng\u00e5ngs-vape (3)\" width=\"300\" height=\"169\" \/><\/p>\n<h3 data-start=\"855\" data-end=\"877\">JNR Joker 24000 Nyckel Specifikationer<\/h3>\n<ul data-start=\"879\" data-end=\"1749\">\n<li data-start=\"879\" data-end=\"914\">\n<p data-start=\"881\" data-end=\"914\"><strong data-start=\"881\" data-end=\"896\">Modellnamn:<\/strong> JNR Joker 24000<\/p>\n<\/li>\n<li data-start=\"915\" data-end=\"933\">\n<p data-start=\"917\" data-end=\"933\"><strong data-start=\"917\" data-end=\"927\">Varum\u00e4rke:<\/strong> JNR<\/p>\n<\/li>\n<li data-start=\"934\" data-end=\"1025\">\n<p data-start=\"936\" data-end=\"1025\"><strong data-start=\"936\" data-end=\"952\">Puff-betyg:<\/strong> upp till 24.000 puffar (beroende p\u00e5 anv\u00e4ndning) - trov\u00e4rdig <strong data-start=\"1001\" data-end=\"1017\">puff jnr 24k<\/strong> klass<\/p>\n<\/li>\n<li data-start=\"1026\" data-end=\"1085\">\n<p data-start=\"1028\" data-end=\"1085\"><strong data-start=\"1028\" data-end=\"1050\">E-v\u00e4tskekapacitet:<\/strong> 20 mL f\u00f6rfylld (ej p\u00e5fyllningsbar)<\/p>\n<\/li>\n<li data-start=\"1086\" data-end=\"1145\">\n<p data-start=\"1088\" data-end=\"1145\"><strong data-start=\"1088\" data-end=\"1111\">Nikotinstyrkor:<\/strong> 2% (20 mg\/mL) och 5% (50 mg\/mL)<\/p>\n<\/li>\n<li data-start=\"1146\" data-end=\"1191\">\n<p data-start=\"1148\" data-end=\"1191\"><strong data-start=\"1148\" data-end=\"1160\">Batteri:<\/strong> 650 mAh, typ C uppladdningsbar<\/p>\n<\/li>\n<li data-start=\"1192\" data-end=\"1258\">\n<p data-start=\"1194\" data-end=\"1258\"><strong data-start=\"1194\" data-end=\"1212\">Laddningstid:<\/strong> ca 40 minuter till full laddning (typiskt)<\/p>\n<\/li>\n<li data-start=\"1259\" data-end=\"1287\">\n<p data-start=\"1261\" data-end=\"1287\"><strong data-start=\"1261\" data-end=\"1275\">Typ av spole:<\/strong> n\u00e4tspole<\/p>\n<\/li>\n<li data-start=\"1288\" data-end=\"1365\">\n<p data-start=\"1290\" data-end=\"1365\"><strong data-start=\"1290\" data-end=\"1314\">Aktivering \/ utmatning:<\/strong> dragaktiverad; icke varierbar sp\u00e4nning och effekt<\/p>\n<\/li>\n<li data-start=\"1366\" data-end=\"1458\">\n<p data-start=\"1368\" data-end=\"1391\"><strong data-start=\"1368\" data-end=\"1389\">Specialfunktioner:<\/strong><\/p>\n<ul data-start=\"1394\" data-end=\"1458\">\n<li data-start=\"1394\" data-end=\"1422\">\n<p data-start=\"1396\" data-end=\"1422\">F\u00e4rgstarkt andningsljus<\/p>\n<\/li>\n<li data-start=\"1425\" data-end=\"1458\">\n<p data-start=\"1427\" data-end=\"1458\">Synligt f\u00f6nster f\u00f6r niv\u00e5 av e-v\u00e4tska<\/p>\n<\/li>\n<\/ul>\n<\/li>\n<li data-start=\"1459\" data-end=\"1495\">\n<p data-start=\"1461\" data-end=\"1495\"><strong data-start=\"1461\" data-end=\"1476\">M\u00e5tt:<\/strong> 34 \u00d7 33 \u00d7 153 mm<\/p>\n<\/li>\n<li data-start=\"1496\" data-end=\"1517\">\n<p data-start=\"1498\" data-end=\"1517\"><strong data-start=\"1498\" data-end=\"1509\">Vikt:<\/strong> ~83 g<\/p>\n<\/li>\n<li data-start=\"1518\" data-end=\"1578\">\n<p data-start=\"1520\" data-end=\"1578\"><strong data-start=\"1520\" data-end=\"1534\">F\u00f6rpackning:<\/strong> 10 st \/ l\u00e5da (transportf\u00f6rpackning i presentf\u00f6rpackning)<\/p>\n<\/li>\n<li data-start=\"1579\" data-end=\"1679\">\n<p data-start=\"1581\" data-end=\"1679\"><strong data-start=\"1581\" data-end=\"1603\">Avs\u00e4ndarplats:<\/strong> EU-lager(Best\u00e4llningar inom Europa skickas fr\u00e5n v\u00e5rt tyska lager, medan best\u00e4llningar till andra regioner vanligtvis skickas fr\u00e5n Shenzhen, Kina. Best\u00e4llningar som g\u00f6rs f\u00f6re kl. 14.00 p\u00e5 vardagar kan skickas ut samma dag. Vi st\u00f6der DDP (Delivered Duty Paid) beroende p\u00e5 destinationslandets policy.)<\/p>\n<\/li>\n<li data-start=\"1680\" data-end=\"1749\">\n<p data-start=\"1682\" data-end=\"1749\"><strong data-start=\"1682\" data-end=\"1699\">L\u00e4mplig f\u00f6r:<\/strong> vuxna 18+ i enlighet med lokala f\u00f6reskrifter<\/p>\n<\/li>\n<\/ul>\n<p data-start=\"1751\" data-end=\"1901\">Specifikationen \u00e4r avst\u00e4md f\u00f6r att ge <strong data-start=\"1786\" data-end=\"1811\">JNR Joker 24000 puffar<\/strong> i ett relativt tunt och l\u00e4tt chassi, samtidigt som det \u00e4r visuellt tilltalande.<\/p>\n<h3 data-start=\"1903\" data-end=\"1943\">Design, andning, ljus och synlighet<\/h3>\n<p data-start=\"1945\" data-end=\"2164\">Den <strong data-start=\"1949\" data-end=\"1977\">f\u00e4rgstarkt andningsljus<\/strong> ger visuell feedback under anv\u00e4ndning och laddning, vilket ger ett designelement som s\u00e4rskiljer <strong data-start=\"2072\" data-end=\"2091\">JNR Joker 24000<\/strong> fr\u00e5n vanliga, icke upplysta eng\u00e5ngsartiklar. Denna visuella effekt st\u00f6der:<\/p>\n<ul data-start=\"2166\" data-end=\"2316\">\n<li data-start=\"2166\" data-end=\"2207\">\n<p data-start=\"2168\" data-end=\"2207\">snabb identifiering av enhetsaktivitet,<\/p>\n<\/li>\n<li data-start=\"2208\" data-end=\"2253\">\n<p data-start=\"2210\" data-end=\"2253\">en tydlig statusmarkering i svagt ljus,<\/p>\n<\/li>\n<li data-start=\"2254\" data-end=\"2316\">\n<p data-start=\"2256\" data-end=\"2316\">en tydlig estetisk identitet inom omr\u00e5det <strong data-start=\"2297\" data-end=\"2310\">JNR Joker<\/strong> linje.<\/p>\n<\/li>\n<\/ul>\n<p data-start=\"2318\" data-end=\"2466\">A <strong data-start=\"2320\" data-end=\"2353\">synligt f\u00f6nster f\u00f6r niv\u00e5 av e-v\u00e4tska<\/strong> m\u00f6jligg\u00f6r snabba kontroller innan du l\u00e4mnar hemmet eller p\u00e5b\u00f6rjar en session, vilket bidrar till att undvika ov\u00e4ntad utarmning under anv\u00e4ndning.<\/p>\n<h3 data-start=\"2468\" data-end=\"2500\">N\u00e4tspole och kraftplattform<\/h3>\n<p data-start=\"2502\" data-end=\"2581\">N\u00e4tspolen \u00e4r central f\u00f6r prestandaprofilen hos denna <strong data-start=\"2562\" data-end=\"2573\">jnr 24k<\/strong> enhet:<\/p>\n<ul data-start=\"2583\" data-end=\"2831\">\n<li data-start=\"2583\" data-end=\"2656\">\n<p data-start=\"2585\" data-end=\"2656\">sprider v\u00e4rmen j\u00e4mnare \u00f6ver veken \u00e4n traditionella tr\u00e5dspolar,<\/p>\n<\/li>\n<li data-start=\"2657\" data-end=\"2739\">\n<p data-start=\"2659\" data-end=\"2739\">st\u00f6der konsekvent \u00e5ngproduktion \u00f6ver en stor del av v\u00e4tskevolymen,<\/p>\n<\/li>\n<li data-start=\"2740\" data-end=\"2831\">\n<p data-start=\"2742\" data-end=\"2831\">hj\u00e4lper till att bibeh\u00e5lla smakens klarhet fr\u00e5n f\u00f6rsta till sista dragningen n\u00e4r den anv\u00e4nds under normala f\u00f6rh\u00e5llanden.<\/p>\n<\/li>\n<\/ul>\n<p data-start=\"2833\" data-end=\"3124\">Den <strong data-start=\"2837\" data-end=\"2848\">650 mAh<\/strong> batteri \u00e4r parat med ett <strong data-start=\"2874\" data-end=\"2884\">Typ C<\/strong> laddningsgr\u00e4nssnitt, med en typisk full laddning som uppn\u00e5s p\u00e5 cirka 40 minuter. Detta arrangemang \u00e4r utformat f\u00f6r att matcha kapaciteten p\u00e5 20 mL och den nominella <strong data-start=\"3033\" data-end=\"3052\">JNR 24000 Puffar<\/strong> livsl\u00e4ngd, vilket begr\u00e4nsar driftstopp och m\u00f6jligg\u00f6r daglig anv\u00e4ndning som en prim\u00e4r enhet.<\/p>\n<h3 data-start=\"3126\" data-end=\"3151\">JNR Joker 24k Smaker<\/h3>\n<p data-start=\"3153\" data-end=\"3236\">Den smakfulla katalogen av <strong data-start=\"3178\" data-end=\"3197\">JNR Joker 24000<\/strong> fokuserar p\u00e5 kombinationer av frukt och is:<\/p>\n<ol data-start=\"3238\" data-end=\"3470\">\n<li data-start=\"3238\" data-end=\"3266\">\n<p data-start=\"3241\" data-end=\"3266\">Bl\u00e5b\u00e4r R\u00f6d Hallon<\/p>\n<\/li>\n<li data-start=\"3267\" data-end=\"3290\">\n<p data-start=\"3270\" data-end=\"3290\">Passionsfrukt Kiwi<\/p>\n<\/li>\n<li data-start=\"3291\" data-end=\"3321\">\n<p data-start=\"3294\" data-end=\"3321\">Jordgubbs- och vattenmelonis<\/p>\n<\/li>\n<li data-start=\"3322\" data-end=\"3341\">\n<p data-start=\"3325\" data-end=\"3341\">Vattenmelon-is<\/p>\n<\/li>\n<li data-start=\"3342\" data-end=\"3360\">\n<p data-start=\"3345\" data-end=\"3360\">Blandade b\u00e4r<\/p>\n<\/li>\n<li data-start=\"3361\" data-end=\"3382\">\n<p data-start=\"3364\" data-end=\"3382\">Bl\u00e5 Razz K\u00f6rsb\u00e4r<\/p>\n<\/li>\n<li data-start=\"3383\" data-end=\"3404\">\n<p data-start=\"3386\" data-end=\"3404\">Sommarpersika-is<\/p>\n<\/li>\n<li data-start=\"3405\" data-end=\"3426\">\n<p data-start=\"3408\" data-end=\"3426\">Svart drake is<\/p>\n<\/li>\n<li data-start=\"3427\" data-end=\"3446\">\n<p data-start=\"3430\" data-end=\"3446\">Jordgubbsis<\/p>\n<\/li>\n<li data-start=\"3447\" data-end=\"3470\">\n<p data-start=\"3451\" data-end=\"3470\">Fizzy Cherry Cola<\/p>\n<\/li>\n<\/ol>\n<p data-start=\"3472\" data-end=\"3638\">A <strong data-start=\"3474\" data-end=\"3510\">\u201cSlumpm\u00e4ssiga smaker (snabb leverans)\u201d<\/strong> finns m\u00f6jlighet att leverera olika smaker fr\u00e5n listan ovan f\u00f6r att f\u00f6rkorta hanteringstiden och minska antalet upprepningar per kartong.<\/p>\n<h3 data-start=\"3640\" data-end=\"3665\">Avsedd anv\u00e4ndarprofil<\/h3>\n<p data-start=\"3667\" data-end=\"3727\">Den <strong data-start=\"3671\" data-end=\"3690\">JNR Joker 24000<\/strong> \u00e4r l\u00e4mplig f\u00f6r vuxna vapers (18+) som:<\/p>\n<ul data-start=\"3729\" data-end=\"4054\">\n<li data-start=\"3729\" data-end=\"3811\">\n<p data-start=\"3731\" data-end=\"3811\">vill ha en <strong data-start=\"3738\" data-end=\"3754\">puff jnr 24k<\/strong> med upp till 24.000 puffar och f\u00e4rre byten,<\/p>\n<\/li>\n<li data-start=\"3812\" data-end=\"3860\">\n<p data-start=\"3814\" data-end=\"3860\">gynna frukt- och frukt-is-smakfamiljer,<\/p>\n<\/li>\n<li data-start=\"3861\" data-end=\"3944\">\n<p data-start=\"3863\" data-end=\"3944\">v\u00e4rde synliga e-liquid-niv\u00e5er och tydlig visuell feedback fr\u00e5n en andningslampa,<\/p>\n<\/li>\n<li data-start=\"3945\" data-end=\"4054\">\n<p data-start=\"3947\" data-end=\"4054\">kr\u00e4ver en kompakt, l\u00e4tt formfaktor som fortfarande erbjuder drifttiden hos en <strong data-start=\"4025\" data-end=\"4044\">JNR 24000 Puffar<\/strong> plattform.<\/p>\n<\/li>\n<\/ul>\n<h3 data-start=\"4056\" data-end=\"4067\">Sammanfattning<\/h3>\n<p data-start=\"4069\" data-end=\"4460\">Genom att kombinera en 20 ml tank, meshv\u00e4rme, en 650 mAh Type-C-str\u00f6mf\u00f6rs\u00f6rjningsenhet, ett synligt e-v\u00e4tskef\u00f6nster och ett f\u00e4rgglatt andningsljus <strong data-start=\"4200\" data-end=\"4219\">JNR Joker 24000<\/strong> ger en distinkt upplevelse med l\u00e5ng cykeltid. Som en nyckelprodukt i <strong data-start=\"4291\" data-end=\"4304\">JNR Joker<\/strong> och en p\u00e5litlig representant f\u00f6r <strong data-start=\"4347\" data-end=\"4373\">jnr 24k \/ puff jnr 24k<\/strong> segmentet - det erbjuder en balanserad blandning av uth\u00e5llighet, design och smakfokuserad prestanda.<\/p>","protected":false},"excerpt":{"rendered":"<p>JNR Joker 24000: jnr 24k med upp till 24 000 puffs, 20 mL, mesh-spole, 650 mAh Type-C, synligt e-liquid-f\u00f6nster och f\u00e4rgglad andningslampa.<\/p>","protected":false},"featured_media":21403,"comment_status":"open","ping_status":"closed","template":"","meta":{"_acf_changed":false},"pwb-brand":[167],"product_brand":[],"product_cat":[88,57,84,93],"product_tag":[76],"class_list":{"0":"post-16182","1":"product","2":"type-product","3":"status-publish","4":"has-post-thumbnail","6":"pwb-brand-jnr","7":"product_cat-crystal-vape","8":"product_cat-disposable-vape","9":"product_cat-eu-warehouse-in-stock","10":"product_cat-rechargeable-vapes","11":"product_tag-puff-25k","13":"first","14":"instock","15":"shipping-taxable","16":"purchasable","17":"product-type-variable"},"acf":[],"yoast_head":"<!-- This site is optimized with the Yoast SEO Premium plugin v26.3 (Yoast SEO v26.3) - https:\/\/yoast.com\/wordpress\/plugins\/seo\/ -->\n<title>JNR Joker 24000 \u2014 jnr 24k, 24,000 Puffs, Mesh, Type-C - EuVapen<\/title>\n<meta name=\"description\" content=\"JNR Joker 24000 is a jnr 24k device with up to 24,000 puffs, 20 mL prefill, mesh coil, 650 mAh Type-C, visible e-liquid and colorful breathing light\u2014 a compact JNR Joker 24000 Puffs solution from EU warehouse.\" \/>\n<meta name=\"robots\" content=\"index, follow, max-snippet:-1, max-image-preview:large, max-video-preview:-1\" \/>\n<link rel=\"canonical\" href=\"https:\/\/euvapen.com\/sv\/product\/jnr-joker-24000-puffar-engangsvape\/\" \/>\n<meta property=\"og:locale\" content=\"sv_SE\" \/>\n<meta property=\"og:type\" content=\"article\" \/>\n<meta property=\"og:title\" content=\"JNR Joker 24000 Puffs\u00a0\u2013 Disposable Vape\" \/>\n<meta property=\"og:description\" content=\"JNR Joker 24000 is a jnr 24k device with up to 24,000 puffs, 20 mL prefill, mesh coil, 650 mAh Type-C, visible e-liquid and colorful breathing light\u2014 a compact JNR Joker 24000 Puffs solution from EU warehouse.\" \/>\n<meta property=\"og:url\" content=\"https:\/\/euvapen.com\/sv\/product\/jnr-joker-24000-puffar-engangsvape\/\" \/>\n<meta property=\"og:site_name\" content=\"EuVapen\" \/>\n<meta property=\"article:modified_time\" content=\"2025-11-19T06:27:01+00:00\" \/>\n<meta property=\"og:image\" content=\"https:\/\/euvapen.com\/wp-content\/uploads\/2025\/11\/JNR-Joker-24000-Puffs-Disposable-Vape.webp\" \/>\n\t<meta property=\"og:image:width\" content=\"1000\" \/>\n\t<meta property=\"og:image:height\" content=\"1000\" \/>\n\t<meta property=\"og:image:type\" content=\"image\/webp\" \/>\n<meta name=\"twitter:card\" content=\"summary_large_image\" \/>\n<meta name=\"twitter:label1\" content=\"Tillg\u00e4nglig\" \/>\n\t<meta name=\"twitter:data1\" content=\"I lager\" \/>\n<script type=\"application\/ld+json\" class=\"yoast-schema-graph\">{\"@context\":\"https:\/\/schema.org\",\"@graph\":[{\"@type\":\"WebPage\",\"@id\":\"https:\/\/euvapen.com\/product\/jnr-joker-24000-puffs-disposable-vape\/\",\"url\":\"https:\/\/euvapen.com\/product\/jnr-joker-24000-puffs-disposable-vape\/\",\"name\":\"JNR Joker 24000 \u2014 jnr 24k, 24,000 Puffs, Mesh, Type-C - EuVapen\",\"isPartOf\":{\"@id\":\"https:\/\/euvapen.com\/#website\"},\"primaryImageOfPage\":{\"@id\":\"https:\/\/euvapen.com\/product\/jnr-joker-24000-puffs-disposable-vape\/#primaryimage\"},\"image\":{\"@id\":\"https:\/\/euvapen.com\/product\/jnr-joker-24000-puffs-disposable-vape\/#primaryimage\"},\"thumbnailUrl\":\"https:\/\/euvapen.com\/wp-content\/uploads\/2025\/11\/JNR-Joker-24000-Puffs-Disposable-Vape.webp\",\"datePublished\":\"2025-11-10T10:31:30+00:00\",\"dateModified\":\"2025-11-19T06:27:01+00:00\",\"description\":\"JNR Joker 24000 is a jnr 24k device with up to 24,000 puffs, 20 mL prefill, mesh coil, 650 mAh Type-C, visible e-liquid and colorful breathing light\u2014 a compact JNR Joker 24000 Puffs solution from EU warehouse.\",\"breadcrumb\":{\"@id\":\"https:\/\/euvapen.com\/product\/jnr-joker-24000-puffs-disposable-vape\/#breadcrumb\"},\"inLanguage\":\"sv-SE\",\"potentialAction\":[{\"@type\":\"ReadAction\",\"target\":[\"https:\/\/euvapen.com\/product\/jnr-joker-24000-puffs-disposable-vape\/\"]}]},{\"@type\":\"ImageObject\",\"inLanguage\":\"sv-SE\",\"@id\":\"https:\/\/euvapen.com\/product\/jnr-joker-24000-puffs-disposable-vape\/#primaryimage\",\"url\":\"https:\/\/euvapen.com\/wp-content\/uploads\/2025\/11\/JNR-Joker-24000-Puffs-Disposable-Vape.webp\",\"contentUrl\":\"https:\/\/euvapen.com\/wp-content\/uploads\/2025\/11\/JNR-Joker-24000-Puffs-Disposable-Vape.webp\",\"width\":1000,\"height\":1000,\"caption\":\"JNR Joker 24000 Puffs Disposable Vape\"},{\"@type\":\"BreadcrumbList\",\"@id\":\"https:\/\/euvapen.com\/product\/jnr-joker-24000-puffs-disposable-vape\/#breadcrumb\",\"itemListElement\":[{\"@type\":\"ListItem\",\"position\":1,\"name\":\"Home\",\"item\":\"https:\/\/euvapen.com\/\"},{\"@type\":\"ListItem\",\"position\":2,\"name\":\"Shop\",\"item\":\"https:\/\/euvapen.com\/shop\/\"},{\"@type\":\"ListItem\",\"position\":3,\"name\":\"JNR Joker 24000 Puffs\u00a0\u2013 Disposable Vape\"}]},{\"@type\":\"WebSite\",\"@id\":\"https:\/\/euvapen.com\/#website\",\"url\":\"https:\/\/euvapen.com\/\",\"name\":\"bestpuffvape\",\"description\":\"\",\"publisher\":{\"@id\":\"https:\/\/euvapen.com\/#organization\"},\"potentialAction\":[{\"@type\":\"SearchAction\",\"target\":{\"@type\":\"EntryPoint\",\"urlTemplate\":\"https:\/\/euvapen.com\/?s={search_term_string}\"},\"query-input\":{\"@type\":\"PropertyValueSpecification\",\"valueRequired\":true,\"valueName\":\"search_term_string\"}}],\"inLanguage\":\"sv-SE\"},{\"@type\":[\"Organization\",\"Place\"],\"@id\":\"https:\/\/euvapen.com\/#organization\",\"name\":\"bestpuffvape\",\"alternateName\":\"bestpuffvape\",\"url\":\"https:\/\/euvapen.com\/\",\"logo\":{\"@id\":\"https:\/\/euvapen.com\/product\/jnr-joker-24000-puffs-disposable-vape\/#local-main-organization-logo\"},\"image\":{\"@id\":\"https:\/\/euvapen.com\/product\/jnr-joker-24000-puffs-disposable-vape\/#local-main-organization-logo\"},\"telephone\":[],\"openingHoursSpecification\":[{\"@type\":\"OpeningHoursSpecification\",\"dayOfWeek\":[\"Monday\",\"Tuesday\",\"Wednesday\",\"Thursday\",\"Friday\",\"Saturday\",\"Sunday\"],\"opens\":\"00:00\",\"closes\":\"23:59\"}]},{\"@type\":\"ImageObject\",\"inLanguage\":\"sv-SE\",\"@id\":\"https:\/\/euvapen.com\/product\/jnr-joker-24000-puffs-disposable-vape\/#local-main-organization-logo\",\"url\":\"https:\/\/euvapen.com\/wp-content\/uploads\/2025\/10\/cropped-puffvape-logo.png\",\"contentUrl\":\"https:\/\/euvapen.com\/wp-content\/uploads\/2025\/10\/cropped-puffvape-logo.png\",\"width\":512,\"height\":512,\"caption\":\"bestpuffvape\"}]}<\/script>\n<meta property=\"og:availability\" content=\"instock\" \/>\n<meta property=\"product:availability\" content=\"instock\" \/>\n<meta property=\"product:retailer_item_id\" content=\"JNR-Joker-24k\" \/>\n<meta property=\"product:condition\" content=\"new\" \/>\n<!-- \/ Yoast SEO Premium plugin. -->","yoast_head_json":{"title":"JNR Joker 24000 \u2014 jnr 24k, 24,000 Puffs, Mesh, Type-C - EuVapen","description":"JNR Joker 24000 \u00e4r en jnr 24k-enhet med upp till 24,000 puffs, 20 mL prefill, mesh coil, 650 mAh Type-C, synlig e-juice och f\u00e4rgglatt andningsljus - en kompakt JNR Joker 24000 Puffs-l\u00f6sning fr\u00e5n EU-lager.","robots":{"index":"index","follow":"follow","max-snippet":"max-snippet:-1","max-image-preview":"max-image-preview:large","max-video-preview":"max-video-preview:-1"},"canonical":"https:\/\/euvapen.com\/sv\/product\/jnr-joker-24000-puffar-engangsvape\/","og_locale":"sv_SE","og_type":"article","og_title":"JNR Joker 24000 Puffs\u00a0\u2013 Disposable Vape","og_description":"JNR Joker 24000 is a jnr 24k device with up to 24,000 puffs, 20 mL prefill, mesh coil, 650 mAh Type-C, visible e-liquid and colorful breathing light\u2014 a compact JNR Joker 24000 Puffs solution from EU warehouse.","og_url":"https:\/\/euvapen.com\/sv\/product\/jnr-joker-24000-puffar-engangsvape\/","og_site_name":"EuVapen","article_modified_time":"2025-11-19T06:27:01+00:00","og_image":[{"width":1000,"height":1000,"url":"https:\/\/euvapen.com\/wp-content\/uploads\/2025\/11\/JNR-Joker-24000-Puffs-Disposable-Vape.webp","type":"image\/webp"}],"twitter_card":"summary_large_image","twitter_misc":{"Tillg\u00e4nglig":"I lager"},"schema":{"@context":"https:\/\/schema.org","@graph":[{"@type":"WebPage","@id":"https:\/\/euvapen.com\/product\/jnr-joker-24000-puffs-disposable-vape\/","url":"https:\/\/euvapen.com\/product\/jnr-joker-24000-puffs-disposable-vape\/","name":"JNR Joker 24000 \u2014 jnr 24k, 24,000 Puffs, Mesh, Type-C - EuVapen","isPartOf":{"@id":"https:\/\/euvapen.com\/#website"},"primaryImageOfPage":{"@id":"https:\/\/euvapen.com\/product\/jnr-joker-24000-puffs-disposable-vape\/#primaryimage"},"image":{"@id":"https:\/\/euvapen.com\/product\/jnr-joker-24000-puffs-disposable-vape\/#primaryimage"},"thumbnailUrl":"https:\/\/euvapen.com\/wp-content\/uploads\/2025\/11\/JNR-Joker-24000-Puffs-Disposable-Vape.webp","datePublished":"2025-11-10T10:31:30+00:00","dateModified":"2025-11-19T06:27:01+00:00","description":"JNR Joker 24000 \u00e4r en jnr 24k-enhet med upp till 24,000 puffs, 20 mL prefill, mesh coil, 650 mAh Type-C, synlig e-juice och f\u00e4rgglatt andningsljus - en kompakt JNR Joker 24000 Puffs-l\u00f6sning fr\u00e5n EU-lager.","breadcrumb":{"@id":"https:\/\/euvapen.com\/product\/jnr-joker-24000-puffs-disposable-vape\/#breadcrumb"},"inLanguage":"sv-SE","potentialAction":[{"@type":"ReadAction","target":["https:\/\/euvapen.com\/product\/jnr-joker-24000-puffs-disposable-vape\/"]}]},{"@type":"ImageObject","inLanguage":"sv-SE","@id":"https:\/\/euvapen.com\/product\/jnr-joker-24000-puffs-disposable-vape\/#primaryimage","url":"https:\/\/euvapen.com\/wp-content\/uploads\/2025\/11\/JNR-Joker-24000-Puffs-Disposable-Vape.webp","contentUrl":"https:\/\/euvapen.com\/wp-content\/uploads\/2025\/11\/JNR-Joker-24000-Puffs-Disposable-Vape.webp","width":1000,"height":1000,"caption":"JNR Joker 24000 Puffs Disposable Vape"},{"@type":"BreadcrumbList","@id":"https:\/\/euvapen.com\/product\/jnr-joker-24000-puffs-disposable-vape\/#breadcrumb","itemListElement":[{"@type":"ListItem","position":1,"name":"Home","item":"https:\/\/euvapen.com\/"},{"@type":"ListItem","position":2,"name":"Shop","item":"https:\/\/euvapen.com\/shop\/"},{"@type":"ListItem","position":3,"name":"JNR Joker 24000 Puffs\u00a0\u2013 Disposable Vape"}]},{"@type":"WebSite","@id":"https:\/\/euvapen.com\/#website","url":"https:\/\/euvapen.com\/","name":"b\u00e4stapuffvape","description":"","publisher":{"@id":"https:\/\/euvapen.com\/#organization"},"potentialAction":[{"@type":"SearchAction","target":{"@type":"EntryPoint","urlTemplate":"https:\/\/euvapen.com\/?s={search_term_string}"},"query-input":{"@type":"PropertyValueSpecification","valueRequired":true,"valueName":"search_term_string"}}],"inLanguage":"sv-SE"},{"@type":["Organization","Place"],"@id":"https:\/\/euvapen.com\/#organization","name":"b\u00e4stapuffvape","alternateName":"bestpuffvape","url":"https:\/\/euvapen.com\/","logo":{"@id":"https:\/\/euvapen.com\/product\/jnr-joker-24000-puffs-disposable-vape\/#local-main-organization-logo"},"image":{"@id":"https:\/\/euvapen.com\/product\/jnr-joker-24000-puffs-disposable-vape\/#local-main-organization-logo"},"telephone":[],"openingHoursSpecification":[{"@type":"OpeningHoursSpecification","dayOfWeek":["Monday","Tuesday","Wednesday","Thursday","Friday","Saturday","Sunday"],"opens":"00:00","closes":"23:59"}]},{"@type":"ImageObject","inLanguage":"sv-SE","@id":"https:\/\/euvapen.com\/product\/jnr-joker-24000-puffs-disposable-vape\/#local-main-organization-logo","url":"https:\/\/euvapen.com\/wp-content\/uploads\/2025\/10\/cropped-puffvape-logo.png","contentUrl":"https:\/\/euvapen.com\/wp-content\/uploads\/2025\/10\/cropped-puffvape-logo.png","width":512,"height":512,"caption":"bestpuffvape"}]},"og_availability":"instock","product_availability":"instock","product_retailer_item_id":"JNR-Joker-24k","product_condition":"new"},"brands":[{"id":167,"name":"Jnr","slug":"jnr"}],"tiered_pricing_type":"fixed","tiered_pricing_fixed_rules":{"30":"13","50":"12","100":"11","200":"10.5"},"tiered_pricing_product_settings":{"layout":"default","base_unit_name":{"singular":null,"plural":null},"default_variation":{}},"tiered_pricing_minimum_quantity":10,"tiered_pricing_roles_data":[],"tiered_pricing_percentage_rules":[],"tiered_pricing_maximum_quantity":null,"tiered_pricing_quantity_step":null,"_links":{"self":[{"href":"https:\/\/euvapen.com\/sv\/wp-json\/wp\/v2\/product\/16182","targetHints":{"allow":["GET"]}}],"collection":[{"href":"https:\/\/euvapen.com\/sv\/wp-json\/wp\/v2\/product"}],"about":[{"href":"https:\/\/euvapen.com\/sv\/wp-json\/wp\/v2\/types\/product"}],"replies":[{"embeddable":true,"href":"https:\/\/euvapen.com\/sv\/wp-json\/wp\/v2\/comments?post=16182"}],"wp:featuredmedia":[{"embeddable":true,"href":"https:\/\/euvapen.com\/sv\/wp-json\/wp\/v2\/media\/21403"}],"wp:attachment":[{"href":"https:\/\/euvapen.com\/sv\/wp-json\/wp\/v2\/media?parent=16182"}],"wp:term":[{"taxonomy":"pwb-brand","embeddable":true,"href":"https:\/\/euvapen.com\/sv\/wp-json\/wp\/v2\/pwb-brand?post=16182"},{"taxonomy":"product_brand","embeddable":true,"href":"https:\/\/euvapen.com\/sv\/wp-json\/wp\/v2\/product_brand?post=16182"},{"taxonomy":"product_cat","embeddable":true,"href":"https:\/\/euvapen.com\/sv\/wp-json\/wp\/v2\/product_cat?post=16182"},{"taxonomy":"product_tag","embeddable":true,"href":"https:\/\/euvapen.com\/sv\/wp-json\/wp\/v2\/product_tag?post=16182"}],"curies":[{"name":"wp","href":"https:\/\/api.w.org\/{rel}","templated":true}]}}