{"id":16187,"date":"2025-11-10T10:38:35","date_gmt":"2025-11-10T10:38:35","guid":{"rendered":"https:\/\/euvapen.com\/?post_type=product&#038;p=16187"},"modified":"2025-11-19T06:26:11","modified_gmt":"2025-11-19T06:26:11","slug":"jnr-tank-pro-33000-puffs-disposable-vape","status":"publish","type":"product","link":"https:\/\/euvapen.com\/sv\/product\/jnr-tank-pro-33000-puffs-disposable-vape\/","title":{"rendered":"JNR Tank Pro 33000 Puffs\u00a0\u2013 Disposable Vape"},"content":{"rendered":"<h2 data-start=\"260\" data-end=\"324\">JNR TANK PRO 33000 - Multi-Mesh 33k jnr med digital display<\/h2>\n<p data-start=\"326\" data-end=\"641\">Den <strong data-start=\"330\" data-end=\"352\">JNR TANK PRO 33000<\/strong> \u00e4r en eng\u00e5ngsapparat med h\u00f6g kapacitet som \u00e4r utformad f\u00f6r l\u00e5ngvarig anv\u00e4ndning, stabil utmatning och tydlig \u00e5terkoppling till enheten. Som en <strong data-start=\"459\" data-end=\"470\">33k jnr<\/strong> plattform dimensionerad f\u00f6r upp till <strong data-start=\"496\" data-end=\"524\">JNR TANK PRO 33000 puffar<\/strong>, Den kombinerar en reservoar p\u00e5 28 ml, en spolarkitektur med flera n\u00e4t och en digital display i en kompakt, vardaglig formfaktor.<\/p>\n<p data-start=\"643\" data-end=\"840\">Inom JNR-serien riktar sig denna modell till anv\u00e4ndare som vill ha k\u00f6rtiden hos en <strong data-start=\"715\" data-end=\"731\">puff 33k jnr<\/strong> utan komplexiteten hos p\u00e5fyllningsbara system, samtidigt som man drar nytta av digital statusinformation.<\/p>\n<h3 data-start=\"842\" data-end=\"864\">JNR Tank Pro 33000 Viktiga specifikationer<\/h3>\n<ul data-start=\"866\" data-end=\"1850\">\n<li data-start=\"866\" data-end=\"904\">\n<p data-start=\"868\" data-end=\"904\"><strong data-start=\"868\" data-end=\"883\">Modellnamn:<\/strong> JNR TANK PRO 33000<\/p>\n<\/li>\n<li data-start=\"905\" data-end=\"923\">\n<p data-start=\"907\" data-end=\"923\"><strong data-start=\"907\" data-end=\"917\">Varum\u00e4rke:<\/strong> JNR<\/p>\n<\/li>\n<li data-start=\"924\" data-end=\"1018\">\n<p data-start=\"926\" data-end=\"1018\"><strong data-start=\"926\" data-end=\"942\">Puff-betyg:<\/strong> upp till 33.000 puffar (beroende p\u00e5 anv\u00e4ndning) - trov\u00e4rdig <strong data-start=\"991\" data-end=\"1010\">jnr 33000 puffar<\/strong> klass<\/p>\n<\/li>\n<li data-start=\"1019\" data-end=\"1078\">\n<p data-start=\"1021\" data-end=\"1078\"><strong data-start=\"1021\" data-end=\"1043\">E-v\u00e4tskekapacitet:<\/strong> 28 mL f\u00f6rfylld (ej p\u00e5fyllningsbar)<\/p>\n<\/li>\n<li data-start=\"1079\" data-end=\"1138\">\n<p data-start=\"1081\" data-end=\"1138\"><strong data-start=\"1081\" data-end=\"1104\">Nikotinstyrkor:<\/strong> 2% (20 mg\/mL) och 5% (50 mg\/mL)<\/p>\n<\/li>\n<li data-start=\"1139\" data-end=\"1184\">\n<p data-start=\"1141\" data-end=\"1184\"><strong data-start=\"1141\" data-end=\"1153\">Batteri:<\/strong> 850 mAh, typ C uppladdningsbar<\/p>\n<\/li>\n<li data-start=\"1185\" data-end=\"1251\">\n<p data-start=\"1187\" data-end=\"1251\"><strong data-start=\"1187\" data-end=\"1205\">Laddningstid:<\/strong> ca 50 minuter till full laddning (typiskt)<\/p>\n<\/li>\n<li data-start=\"1252\" data-end=\"1351\">\n<p data-start=\"1254\" data-end=\"1351\"><strong data-start=\"1254\" data-end=\"1270\">Spolsystem:<\/strong> n\u00e4tk\u00e4rna med konfiguration med flera n\u00e4t (dubbla\/tredubbla) enligt specifikation per batch<\/p>\n<\/li>\n<li data-start=\"1352\" data-end=\"1429\">\n<p data-start=\"1354\" data-end=\"1429\"><strong data-start=\"1354\" data-end=\"1378\">Aktivering \/ utmatning:<\/strong> dragaktiverad; icke varierbar sp\u00e4nning och effekt<\/p>\n<\/li>\n<li data-start=\"1430\" data-end=\"1563\">\n<p data-start=\"1432\" data-end=\"1451\"><strong data-start=\"1432\" data-end=\"1449\">Viktiga egenskaper:<\/strong><\/p>\n<ul data-start=\"1454\" data-end=\"1563\">\n<li data-start=\"1454\" data-end=\"1508\">\n<p data-start=\"1456\" data-end=\"1508\">Spolarkitektur med tre n\u00e4t (uppv\u00e4rmning med flera n\u00e4t)<\/p>\n<\/li>\n<li data-start=\"1511\" data-end=\"1563\">\n<p data-start=\"1513\" data-end=\"1563\">Digital display f\u00f6r viktig statusinformation<\/p>\n<\/li>\n<\/ul>\n<\/li>\n<li data-start=\"1564\" data-end=\"1600\">\n<p data-start=\"1566\" data-end=\"1600\"><strong data-start=\"1566\" data-end=\"1581\">M\u00e5tt:<\/strong> 62 \u00d7 31 \u00d7 116 mm<\/p>\n<\/li>\n<li data-start=\"1601\" data-end=\"1623\">\n<p data-start=\"1603\" data-end=\"1623\"><strong data-start=\"1603\" data-end=\"1614\">Vikt:<\/strong> ~114 g<\/p>\n<\/li>\n<li data-start=\"1624\" data-end=\"1684\">\n<p data-start=\"1626\" data-end=\"1684\"><strong data-start=\"1626\" data-end=\"1640\">F\u00f6rpackning:<\/strong> 10 st \/ l\u00e5da (transportf\u00f6rpackning i presentf\u00f6rpackning)<\/p>\n<\/li>\n<li data-start=\"1685\" data-end=\"1786\">\n<p data-start=\"1687\" data-end=\"1786\"><strong data-start=\"1687\" data-end=\"1709\">Avs\u00e4ndarplats:<\/strong> EU-lager<\/p>\n<\/li>\n<li data-start=\"1685\" data-end=\"1786\">Best\u00e4llningar till Europa skickas fr\u00e5n v\u00e5rt lager i Tyskland; best\u00e4llningar till andra regioner skickas vanligtvis fr\u00e5n v\u00e5rt lager i Shenzhen, Kina. Best\u00e4llningar som g\u00f6rs f\u00f6re kl. 14.00 p\u00e5 vardagar kan skickas ut samma dag. Vi st\u00f6der DDP (Delivered Duty Paid) beroende p\u00e5 destinationslandets policy.<\/li>\n<li data-start=\"1685\" data-end=\"1786\">\n<p data-start=\"1687\" data-end=\"1786\"><strong data-start=\"1789\" data-end=\"1806\">L\u00e4mplig f\u00f6r:<\/strong> vuxna 18+ enligt lokala best\u00e4mmelser<\/p>\n<\/li>\n<\/ul>\n<p data-start=\"1852\" data-end=\"1957\">Konfigurationen \u00e4r inst\u00e4lld f\u00f6r att ge <strong data-start=\"1887\" data-end=\"1915\">JNR TANK PRO 33000 puffar<\/strong> i en robust men \u00e4nd\u00e5 portabel konstruktion.<\/p>\n<h3 data-start=\"1959\" data-end=\"1996\">Multi-Mesh-spole och digital display<\/h3>\n<p data-start=\"1998\" data-end=\"2089\">Spolsystemet med flera n\u00e4t \u00e4r centralt f\u00f6r prestandaprofilen hos <strong data-start=\"2066\" data-end=\"2088\">JNR TANK PRO 33000<\/strong>:<\/p>\n<ul data-start=\"2091\" data-end=\"2306\">\n<li data-start=\"2091\" data-end=\"2165\">\n<p data-start=\"2093\" data-end=\"2165\">f\u00f6rdelar v\u00e4rmen \u00f6ver en st\u00f6rre yta \u00e4n enkelsp\u00e5riga upps\u00e4ttningar,<\/p>\n<\/li>\n<li data-start=\"2166\" data-end=\"2228\">\n<p data-start=\"2168\" data-end=\"2228\">st\u00f6der t\u00e4t \u00e5nga och mer enhetligt smakuttryck,<\/p>\n<\/li>\n<li data-start=\"2229\" data-end=\"2306\">\n<p data-start=\"2231\" data-end=\"2306\">bidrar till att minska sannolikheten f\u00f6r torra tr\u00e4ffar n\u00e4r den anv\u00e4nds inom normala parametrar.<\/p>\n<\/li>\n<\/ul>\n<p data-start=\"2308\" data-end=\"2378\">Den <strong data-start=\"2312\" data-end=\"2331\">digital display<\/strong> ger viktiga statusindikationer med en snabb \u00f6verblick, t.ex:<\/p>\n<ul data-start=\"2380\" data-end=\"2504\">\n<li data-start=\"2380\" data-end=\"2398\">\n<p data-start=\"2382\" data-end=\"2398\">batteriniv\u00e5,<\/p>\n<\/li>\n<li data-start=\"2399\" data-end=\"2458\">\n<p data-start=\"2401\" data-end=\"2458\">anv\u00e4ndning eller puff-relaterade avl\u00e4sningar (beroende p\u00e5 firmware),<\/p>\n<\/li>\n<li data-start=\"2459\" data-end=\"2504\">\n<p data-start=\"2461\" data-end=\"2504\">grundl\u00e4ggande anvisningar under laddning eller drift.<\/p>\n<\/li>\n<\/ul>\n<p data-start=\"2506\" data-end=\"2627\">Denna kombination av uppv\u00e4rmning med flera n\u00e4t och visning p\u00e5 enheten g\u00f6r att modellen skiljer sig fr\u00e5n <strong data-start=\"2602\" data-end=\"2618\">puff 33k jnr<\/strong> segment.<\/p>\n<h3 data-start=\"2629\" data-end=\"2647\">Kraftplattform<\/h3>\n<p data-start=\"2649\" data-end=\"2959\">Den <strong data-start=\"2653\" data-end=\"2664\">850 mAh<\/strong> batteri \u00e4r parat med ett <strong data-start=\"2690\" data-end=\"2700\">Typ C<\/strong> laddningsgr\u00e4nssnitt och \u00e4r konstruerad f\u00f6r full laddning p\u00e5 cirka 50 minuter under normala f\u00f6rh\u00e5llanden. Denna effektprofil \u00e4r utformad f\u00f6r att passa till kapaciteten p\u00e5 28 mL och den nominella <strong data-start=\"2876\" data-end=\"2895\">jnr 33000 puffar<\/strong> livscykeln, begr\u00e4nsar stillest\u00e5ndstiden och st\u00f6der frekvent daglig anv\u00e4ndning.<\/p>\n<h3 data-start=\"2961\" data-end=\"2989\">JNR Tank Pro 33k Smaker<\/h3>\n<p data-start=\"2991\" data-end=\"3078\">Smakportf\u00f6ljen f\u00f6r <strong data-start=\"3017\" data-end=\"3039\">JNR TANK PRO 33000<\/strong> fokuserar p\u00e5 frukt- och frukt-isblandningar:<\/p>\n<ol data-start=\"3080\" data-end=\"3399\">\n<li data-start=\"3080\" data-end=\"3098\">\n<p data-start=\"3083\" data-end=\"3098\">Bl\u00e5b\u00e4rsis<\/p>\n<\/li>\n<li data-start=\"3099\" data-end=\"3111\">\n<p data-start=\"3102\" data-end=\"3111\">Herr Bl\u00e5<\/p>\n<\/li>\n<li data-start=\"3112\" data-end=\"3131\">\n<p data-start=\"3115\" data-end=\"3131\">Jordgubbsis<\/p>\n<\/li>\n<li data-start=\"3132\" data-end=\"3152\">\n<p data-start=\"3135\" data-end=\"3152\">Jordgubb Kiwi<\/p>\n<\/li>\n<li data-start=\"3153\" data-end=\"3170\">\n<p data-start=\"3156\" data-end=\"3170\">K\u00f6rsb\u00e4rsb\u00e4r<\/p>\n<\/li>\n<li data-start=\"3171\" data-end=\"3187\">\n<p data-start=\"3174\" data-end=\"3187\">Cherry Cola<\/p>\n<\/li>\n<li data-start=\"3188\" data-end=\"3205\">\n<p data-start=\"3191\" data-end=\"3205\">Dubbla \u00e4pplen<\/p>\n<\/li>\n<li data-start=\"3206\" data-end=\"3217\">\n<p data-start=\"3209\" data-end=\"3217\">Hawaii<\/p>\n<\/li>\n<li data-start=\"3218\" data-end=\"3249\">\n<p data-start=\"3221\" data-end=\"3249\">Bl\u00e5b\u00e4r Hallon K\u00f6rsb\u00e4r<\/p>\n<\/li>\n<li data-start=\"3250\" data-end=\"3280\">\n<p data-start=\"3254\" data-end=\"3280\">Bl\u00e5b\u00e4r Sura Hallon<\/p>\n<\/li>\n<li data-start=\"3281\" data-end=\"3308\">\n<p data-start=\"3285\" data-end=\"3308\">Persika Mango Ananas<\/p>\n<\/li>\n<li data-start=\"3309\" data-end=\"3332\">\n<p data-start=\"3313\" data-end=\"3332\">Jordgubbar Bananer<\/p>\n<\/li>\n<li data-start=\"3333\" data-end=\"3355\">\n<p data-start=\"3337\" data-end=\"3355\">Sommarpersika-is<\/p>\n<\/li>\n<li data-start=\"3356\" data-end=\"3376\">\n<p data-start=\"3360\" data-end=\"3376\">Vattenmelon-is<\/p>\n<\/li>\n<li data-start=\"3377\" data-end=\"3399\">\n<p data-start=\"3381\" data-end=\"3399\">Bl\u00e5 Razz K\u00f6rsb\u00e4r<\/p>\n<\/li>\n<\/ol>\n<p data-start=\"3401\" data-end=\"3570\">A <strong data-start=\"3403\" data-end=\"3439\">\u201cSlumpm\u00e4ssiga smaker (snabb leverans)\u201d<\/strong> Det finns ett alternativ som inneb\u00e4r att man levererar en blandad mix av smakerna ovan f\u00f6r att f\u00f6rkorta hanteringstiden och minska antalet dubbletter per kartong.<\/p>\n<h3 data-start=\"3572\" data-end=\"3597\">Avsedd anv\u00e4ndarprofil<\/h3>\n<p data-start=\"3599\" data-end=\"3662\">Den <strong data-start=\"3603\" data-end=\"3625\">JNR TANK PRO 33000<\/strong> \u00e4r l\u00e4mplig f\u00f6r vuxna vapers (18+) som:<\/p>\n<ul data-start=\"3664\" data-end=\"3925\">\n<li data-start=\"3664\" data-end=\"3731\">\n<p data-start=\"3666\" data-end=\"3731\">f\u00f6redrar en l\u00e5ngcykel <strong data-start=\"3686\" data-end=\"3697\">33k jnr<\/strong> enhet med f\u00e4rre utbyten,<\/p>\n<\/li>\n<li data-start=\"3732\" data-end=\"3793\">\n<p data-start=\"3734\" data-end=\"3793\">vill ha t\u00e4t, mesh-liknande \u00e5nga och fruktframkallande smaker,<\/p>\n<\/li>\n<li data-start=\"3794\" data-end=\"3850\">\n<p data-start=\"3796\" data-end=\"3850\">har en digital display f\u00f6r tydlig statusvisning,<\/p>\n<\/li>\n<li data-start=\"3851\" data-end=\"3925\">\n<p data-start=\"3853\" data-end=\"3925\">beh\u00f6ver ett f\u00f6rseglat eng\u00e5ngsformat som inte kr\u00e4ver n\u00e5gon p\u00e5fyllning eller spolbyte.<\/p>\n<\/li>\n<\/ul>\n<h3 data-start=\"3927\" data-end=\"3938\">Sammanfattning<\/h3>\n<p data-start=\"3940\" data-end=\"4364\">Genom att kombinera en 28 ml f\u00f6rfylld tank, 850 mAh Type-C-str\u00f6mf\u00f6rs\u00f6rjningsenhet, multi-mesh coil-system och en digital display, \u00e4r <strong data-start=\"4054\" data-end=\"4076\">JNR TANK PRO 33000<\/strong> erbjuder ett l\u00e5ngvarigt alternativ med l\u00e5gt underh\u00e5llsbehov inom eng\u00e5ngssegmentet med h\u00f6g kapacitet. Som en viktig <strong data-start=\"4173\" data-end=\"4195\">JNR TANK PRO 33000<\/strong> modell - och en stark representant f\u00f6r <strong data-start=\"4237\" data-end=\"4271\">puff 33k jnr \/ jnr 33000 puffs<\/strong> kategori - den ger en balanserad blandning av k\u00f6rtid, informationsklarhet och smakprestanda.<\/p>","protected":false},"excerpt":{"rendered":"<p>JNR TANK PRO 33000: 33k jnr med upp till 33.000 puffs, 28 mL, multi-mesh coil, 850 mAh Type-C och digital display. Leverans fr\u00e5n EU-lager.<\/p>","protected":false},"featured_media":21384,"comment_status":"open","ping_status":"closed","template":"","meta":{"_acf_changed":false},"pwb-brand":[167],"product_brand":[],"product_cat":[57,84,93,95],"product_tag":[69],"class_list":{"0":"post-16187","1":"product","2":"type-product","3":"status-publish","4":"has-post-thumbnail","6":"pwb-brand-jnr","7":"product_cat-disposable-vape","8":"product_cat-eu-warehouse-in-stock","9":"product_cat-rechargeable-vapes","10":"product_cat-vape-with-screen","11":"product_tag-puff-30000","13":"first","14":"instock","15":"shipping-taxable","16":"purchasable","17":"product-type-variable"},"acf":[],"yoast_head":"<!-- This site is optimized with the Yoast SEO Premium plugin v26.3 (Yoast SEO v26.3) - https:\/\/yoast.com\/wordpress\/plugins\/seo\/ -->\n<title>JNR TANK PRO 33000 \u2014 33k jnr, 33,000 Puffs, Mesh, Type-C - EuVapen<\/title>\n<meta name=\"description\" content=\"JNR TANK PRO 33000 is a 33k jnr device with up to 33,000 puffs, 28 mL prefill, multi-mesh coil, 850 mAh Type-C and digital display. A reliable JNR TANK PRO 33000 puffs option in the puff 33k jnr range, dispatched from EU warehouse.\" \/>\n<meta name=\"robots\" content=\"index, follow, max-snippet:-1, max-image-preview:large, max-video-preview:-1\" \/>\n<link rel=\"canonical\" href=\"https:\/\/euvapen.com\/sv\/product\/jnr-tank-pro-33000-puffs-disposable-vape\/\" \/>\n<meta property=\"og:locale\" content=\"sv_SE\" \/>\n<meta property=\"og:type\" content=\"article\" \/>\n<meta property=\"og:title\" content=\"JNR Tank Pro 33000 Puffs\u00a0\u2013 Disposable Vape\" \/>\n<meta property=\"og:description\" content=\"JNR TANK PRO 33000 is a 33k jnr device with up to 33,000 puffs, 28 mL prefill, multi-mesh coil, 850 mAh Type-C and digital display. A reliable JNR TANK PRO 33000 puffs option in the puff 33k jnr range, dispatched from EU warehouse.\" \/>\n<meta property=\"og:url\" content=\"https:\/\/euvapen.com\/sv\/product\/jnr-tank-pro-33000-puffs-disposable-vape\/\" \/>\n<meta property=\"og:site_name\" content=\"EuVapen\" \/>\n<meta property=\"article:modified_time\" content=\"2025-11-19T06:26:11+00:00\" \/>\n<meta property=\"og:image\" content=\"https:\/\/euvapen.com\/wp-content\/uploads\/2025\/11\/JNR-Tank-Pro-33000-Puffs-Disposable-Vape.webp\" \/>\n\t<meta property=\"og:image:width\" content=\"1000\" \/>\n\t<meta property=\"og:image:height\" content=\"1000\" \/>\n\t<meta property=\"og:image:type\" content=\"image\/webp\" \/>\n<meta name=\"twitter:card\" content=\"summary_large_image\" \/>\n<meta name=\"twitter:label1\" content=\"Tillg\u00e4nglig\" \/>\n\t<meta name=\"twitter:data1\" content=\"I lager\" \/>\n<script type=\"application\/ld+json\" class=\"yoast-schema-graph\">{\"@context\":\"https:\/\/schema.org\",\"@graph\":[{\"@type\":\"WebPage\",\"@id\":\"https:\/\/euvapen.com\/product\/jnr-tank-pro-33000-puffs-disposable-vape\/\",\"url\":\"https:\/\/euvapen.com\/product\/jnr-tank-pro-33000-puffs-disposable-vape\/\",\"name\":\"JNR TANK PRO 33000 \u2014 33k jnr, 33,000 Puffs, Mesh, Type-C - EuVapen\",\"isPartOf\":{\"@id\":\"https:\/\/euvapen.com\/#website\"},\"primaryImageOfPage\":{\"@id\":\"https:\/\/euvapen.com\/product\/jnr-tank-pro-33000-puffs-disposable-vape\/#primaryimage\"},\"image\":{\"@id\":\"https:\/\/euvapen.com\/product\/jnr-tank-pro-33000-puffs-disposable-vape\/#primaryimage\"},\"thumbnailUrl\":\"https:\/\/euvapen.com\/wp-content\/uploads\/2025\/11\/JNR-Tank-Pro-33000-Puffs-Disposable-Vape.webp\",\"datePublished\":\"2025-11-10T10:38:35+00:00\",\"dateModified\":\"2025-11-19T06:26:11+00:00\",\"description\":\"JNR TANK PRO 33000 is a 33k jnr device with up to 33,000 puffs, 28 mL prefill, multi-mesh coil, 850 mAh Type-C and digital display. A reliable JNR TANK PRO 33000 puffs option in the puff 33k jnr range, dispatched from EU warehouse.\",\"breadcrumb\":{\"@id\":\"https:\/\/euvapen.com\/product\/jnr-tank-pro-33000-puffs-disposable-vape\/#breadcrumb\"},\"inLanguage\":\"sv-SE\",\"potentialAction\":[{\"@type\":\"ReadAction\",\"target\":[\"https:\/\/euvapen.com\/product\/jnr-tank-pro-33000-puffs-disposable-vape\/\"]}]},{\"@type\":\"ImageObject\",\"inLanguage\":\"sv-SE\",\"@id\":\"https:\/\/euvapen.com\/product\/jnr-tank-pro-33000-puffs-disposable-vape\/#primaryimage\",\"url\":\"https:\/\/euvapen.com\/wp-content\/uploads\/2025\/11\/JNR-Tank-Pro-33000-Puffs-Disposable-Vape.webp\",\"contentUrl\":\"https:\/\/euvapen.com\/wp-content\/uploads\/2025\/11\/JNR-Tank-Pro-33000-Puffs-Disposable-Vape.webp\",\"width\":1000,\"height\":1000,\"caption\":\"JNR Tank Pro 33000 Puffs Disposable Vape\"},{\"@type\":\"BreadcrumbList\",\"@id\":\"https:\/\/euvapen.com\/product\/jnr-tank-pro-33000-puffs-disposable-vape\/#breadcrumb\",\"itemListElement\":[{\"@type\":\"ListItem\",\"position\":1,\"name\":\"Home\",\"item\":\"https:\/\/euvapen.com\/\"},{\"@type\":\"ListItem\",\"position\":2,\"name\":\"Shop\",\"item\":\"https:\/\/euvapen.com\/shop\/\"},{\"@type\":\"ListItem\",\"position\":3,\"name\":\"JNR Tank Pro 33000 Puffs\u00a0\u2013 Disposable Vape\"}]},{\"@type\":\"WebSite\",\"@id\":\"https:\/\/euvapen.com\/#website\",\"url\":\"https:\/\/euvapen.com\/\",\"name\":\"bestpuffvape\",\"description\":\"\",\"publisher\":{\"@id\":\"https:\/\/euvapen.com\/#organization\"},\"potentialAction\":[{\"@type\":\"SearchAction\",\"target\":{\"@type\":\"EntryPoint\",\"urlTemplate\":\"https:\/\/euvapen.com\/?s={search_term_string}\"},\"query-input\":{\"@type\":\"PropertyValueSpecification\",\"valueRequired\":true,\"valueName\":\"search_term_string\"}}],\"inLanguage\":\"sv-SE\"},{\"@type\":[\"Organization\",\"Place\"],\"@id\":\"https:\/\/euvapen.com\/#organization\",\"name\":\"bestpuffvape\",\"alternateName\":\"bestpuffvape\",\"url\":\"https:\/\/euvapen.com\/\",\"logo\":{\"@id\":\"https:\/\/euvapen.com\/product\/jnr-tank-pro-33000-puffs-disposable-vape\/#local-main-organization-logo\"},\"image\":{\"@id\":\"https:\/\/euvapen.com\/product\/jnr-tank-pro-33000-puffs-disposable-vape\/#local-main-organization-logo\"},\"telephone\":[],\"openingHoursSpecification\":[{\"@type\":\"OpeningHoursSpecification\",\"dayOfWeek\":[\"Monday\",\"Tuesday\",\"Wednesday\",\"Thursday\",\"Friday\",\"Saturday\",\"Sunday\"],\"opens\":\"00:00\",\"closes\":\"23:59\"}]},{\"@type\":\"ImageObject\",\"inLanguage\":\"sv-SE\",\"@id\":\"https:\/\/euvapen.com\/product\/jnr-tank-pro-33000-puffs-disposable-vape\/#local-main-organization-logo\",\"url\":\"https:\/\/euvapen.com\/wp-content\/uploads\/2025\/10\/cropped-puffvape-logo.png\",\"contentUrl\":\"https:\/\/euvapen.com\/wp-content\/uploads\/2025\/10\/cropped-puffvape-logo.png\",\"width\":512,\"height\":512,\"caption\":\"bestpuffvape\"}]}<\/script>\n<meta property=\"og:availability\" content=\"instock\" \/>\n<meta property=\"product:availability\" content=\"instock\" \/>\n<meta property=\"product:retailer_item_id\" content=\"JNR-Tank-Pro-33k\" \/>\n<meta property=\"product:condition\" content=\"new\" \/>\n<!-- \/ Yoast SEO Premium plugin. -->","yoast_head_json":{"title":"JNR TANK PRO 33000 \u2014 33k jnr, 33,000 Puffs, Mesh, Type-C - EuVapen","description":"JNR TANK PRO 33000 \u00e4r en 33k jnr-enhet med upp till 33 000 puffar, 28 mL prefill, multi-mesh coil, 850 mAh Type-C och digital display. Ett p\u00e5litligt JNR TANK PRO 33000 puffs-alternativ i puff 33k jnr-sortimentet, skickas fr\u00e5n EU-lager.","robots":{"index":"index","follow":"follow","max-snippet":"max-snippet:-1","max-image-preview":"max-image-preview:large","max-video-preview":"max-video-preview:-1"},"canonical":"https:\/\/euvapen.com\/sv\/product\/jnr-tank-pro-33000-puffs-disposable-vape\/","og_locale":"sv_SE","og_type":"article","og_title":"JNR Tank Pro 33000 Puffs\u00a0\u2013 Disposable Vape","og_description":"JNR TANK PRO 33000 is a 33k jnr device with up to 33,000 puffs, 28 mL prefill, multi-mesh coil, 850 mAh Type-C and digital display. A reliable JNR TANK PRO 33000 puffs option in the puff 33k jnr range, dispatched from EU warehouse.","og_url":"https:\/\/euvapen.com\/sv\/product\/jnr-tank-pro-33000-puffs-disposable-vape\/","og_site_name":"EuVapen","article_modified_time":"2025-11-19T06:26:11+00:00","og_image":[{"width":1000,"height":1000,"url":"https:\/\/euvapen.com\/wp-content\/uploads\/2025\/11\/JNR-Tank-Pro-33000-Puffs-Disposable-Vape.webp","type":"image\/webp"}],"twitter_card":"summary_large_image","twitter_misc":{"Tillg\u00e4nglig":"I lager"},"schema":{"@context":"https:\/\/schema.org","@graph":[{"@type":"WebPage","@id":"https:\/\/euvapen.com\/product\/jnr-tank-pro-33000-puffs-disposable-vape\/","url":"https:\/\/euvapen.com\/product\/jnr-tank-pro-33000-puffs-disposable-vape\/","name":"JNR TANK PRO 33000 \u2014 33k jnr, 33,000 Puffs, Mesh, Type-C - EuVapen","isPartOf":{"@id":"https:\/\/euvapen.com\/#website"},"primaryImageOfPage":{"@id":"https:\/\/euvapen.com\/product\/jnr-tank-pro-33000-puffs-disposable-vape\/#primaryimage"},"image":{"@id":"https:\/\/euvapen.com\/product\/jnr-tank-pro-33000-puffs-disposable-vape\/#primaryimage"},"thumbnailUrl":"https:\/\/euvapen.com\/wp-content\/uploads\/2025\/11\/JNR-Tank-Pro-33000-Puffs-Disposable-Vape.webp","datePublished":"2025-11-10T10:38:35+00:00","dateModified":"2025-11-19T06:26:11+00:00","description":"JNR TANK PRO 33000 \u00e4r en 33k jnr-enhet med upp till 33 000 puffar, 28 mL prefill, multi-mesh coil, 850 mAh Type-C och digital display. Ett p\u00e5litligt JNR TANK PRO 33000 puffs-alternativ i puff 33k jnr-sortimentet, skickas fr\u00e5n EU-lager.","breadcrumb":{"@id":"https:\/\/euvapen.com\/product\/jnr-tank-pro-33000-puffs-disposable-vape\/#breadcrumb"},"inLanguage":"sv-SE","potentialAction":[{"@type":"ReadAction","target":["https:\/\/euvapen.com\/product\/jnr-tank-pro-33000-puffs-disposable-vape\/"]}]},{"@type":"ImageObject","inLanguage":"sv-SE","@id":"https:\/\/euvapen.com\/product\/jnr-tank-pro-33000-puffs-disposable-vape\/#primaryimage","url":"https:\/\/euvapen.com\/wp-content\/uploads\/2025\/11\/JNR-Tank-Pro-33000-Puffs-Disposable-Vape.webp","contentUrl":"https:\/\/euvapen.com\/wp-content\/uploads\/2025\/11\/JNR-Tank-Pro-33000-Puffs-Disposable-Vape.webp","width":1000,"height":1000,"caption":"JNR Tank Pro 33000 Puffs Disposable Vape"},{"@type":"BreadcrumbList","@id":"https:\/\/euvapen.com\/product\/jnr-tank-pro-33000-puffs-disposable-vape\/#breadcrumb","itemListElement":[{"@type":"ListItem","position":1,"name":"Home","item":"https:\/\/euvapen.com\/"},{"@type":"ListItem","position":2,"name":"Shop","item":"https:\/\/euvapen.com\/shop\/"},{"@type":"ListItem","position":3,"name":"JNR Tank Pro 33000 Puffs\u00a0\u2013 Disposable Vape"}]},{"@type":"WebSite","@id":"https:\/\/euvapen.com\/#website","url":"https:\/\/euvapen.com\/","name":"b\u00e4stapuffvape","description":"","publisher":{"@id":"https:\/\/euvapen.com\/#organization"},"potentialAction":[{"@type":"SearchAction","target":{"@type":"EntryPoint","urlTemplate":"https:\/\/euvapen.com\/?s={search_term_string}"},"query-input":{"@type":"PropertyValueSpecification","valueRequired":true,"valueName":"search_term_string"}}],"inLanguage":"sv-SE"},{"@type":["Organization","Place"],"@id":"https:\/\/euvapen.com\/#organization","name":"b\u00e4stapuffvape","alternateName":"bestpuffvape","url":"https:\/\/euvapen.com\/","logo":{"@id":"https:\/\/euvapen.com\/product\/jnr-tank-pro-33000-puffs-disposable-vape\/#local-main-organization-logo"},"image":{"@id":"https:\/\/euvapen.com\/product\/jnr-tank-pro-33000-puffs-disposable-vape\/#local-main-organization-logo"},"telephone":[],"openingHoursSpecification":[{"@type":"OpeningHoursSpecification","dayOfWeek":["Monday","Tuesday","Wednesday","Thursday","Friday","Saturday","Sunday"],"opens":"00:00","closes":"23:59"}]},{"@type":"ImageObject","inLanguage":"sv-SE","@id":"https:\/\/euvapen.com\/product\/jnr-tank-pro-33000-puffs-disposable-vape\/#local-main-organization-logo","url":"https:\/\/euvapen.com\/wp-content\/uploads\/2025\/10\/cropped-puffvape-logo.png","contentUrl":"https:\/\/euvapen.com\/wp-content\/uploads\/2025\/10\/cropped-puffvape-logo.png","width":512,"height":512,"caption":"bestpuffvape"}]},"og_availability":"instock","product_availability":"instock","product_retailer_item_id":"JNR-Tank-Pro-33k","product_condition":"new"},"brands":[{"id":167,"name":"Jnr","slug":"jnr"}],"tiered_pricing_type":"fixed","tiered_pricing_fixed_rules":{"30":"12.5","50":"11","100":"10.5","200":"10"},"tiered_pricing_product_settings":{"layout":"default","base_unit_name":{"singular":null,"plural":null},"default_variation":{}},"tiered_pricing_minimum_quantity":10,"tiered_pricing_roles_data":[],"tiered_pricing_percentage_rules":[],"tiered_pricing_maximum_quantity":null,"tiered_pricing_quantity_step":null,"_links":{"self":[{"href":"https:\/\/euvapen.com\/sv\/wp-json\/wp\/v2\/product\/16187","targetHints":{"allow":["GET"]}}],"collection":[{"href":"https:\/\/euvapen.com\/sv\/wp-json\/wp\/v2\/product"}],"about":[{"href":"https:\/\/euvapen.com\/sv\/wp-json\/wp\/v2\/types\/product"}],"replies":[{"embeddable":true,"href":"https:\/\/euvapen.com\/sv\/wp-json\/wp\/v2\/comments?post=16187"}],"wp:featuredmedia":[{"embeddable":true,"href":"https:\/\/euvapen.com\/sv\/wp-json\/wp\/v2\/media\/21384"}],"wp:attachment":[{"href":"https:\/\/euvapen.com\/sv\/wp-json\/wp\/v2\/media?parent=16187"}],"wp:term":[{"taxonomy":"pwb-brand","embeddable":true,"href":"https:\/\/euvapen.com\/sv\/wp-json\/wp\/v2\/pwb-brand?post=16187"},{"taxonomy":"product_brand","embeddable":true,"href":"https:\/\/euvapen.com\/sv\/wp-json\/wp\/v2\/product_brand?post=16187"},{"taxonomy":"product_cat","embeddable":true,"href":"https:\/\/euvapen.com\/sv\/wp-json\/wp\/v2\/product_cat?post=16187"},{"taxonomy":"product_tag","embeddable":true,"href":"https:\/\/euvapen.com\/sv\/wp-json\/wp\/v2\/product_tag?post=16187"}],"curies":[{"name":"wp","href":"https:\/\/api.w.org\/{rel}","templated":true}]}}